{"id":50212,"date":"2026-04-14T12:29:46","date_gmt":"2026-04-14T10:29:46","guid":{"rendered":"https:\/\/maderoterapiaonline.org\/?post_type=product&#038;p=50212"},"modified":"2026-04-14T12:30:59","modified_gmt":"2026-04-14T10:30:59","slug":"sinergia-2-maderoterapia-grasa-localizada-15ml","status":"publish","type":"product","link":"https:\/\/maderoterapiaonline.org\/it\/producto\/sinergia-2-maderoterapia-grasa-localizada-15ml\/","title":{"rendered":"Sinergia 2 Maderoterapia Grasa Localizada 15ml"},"content":{"rendered":"<p data-start=\"1235\" data-end=\"1687\">La<strong> Sinergia 2 Maderoterapia Grasa Localizada Natural Esential<\/strong> es la herramienta imprescindible para profesionales que desean ofrecer resultados visibles en zonas rebeldes como abdomen, caderas, muslos y brazos. Elaborada con aceites esenciales 100% puros y cl\u00ednicamente testados, esta f\u00f3rmula ha sido creada para acelerar la lip\u00f3lisis, activar la circulaci\u00f3n y potenciar cada maniobra del tratamiento, llevando tu Maderoterapia a un nivel superior.<\/p>\n<p data-start=\"1235\" data-end=\"1687\">[button link=&#8221;https:\/\/naturalesential.com\/wp-content\/uploads\/2025\/01\/Ficha-Tecnica-de-Sinergia-2-Maderoterapia-Grasa-Localizada.pdf&#8221; newwindow=&#8221;yes&#8221;] Descargar Ficha T\u00e9cnica 2[\/button]<\/p>\n<h2 data-start=\"1856\" data-end=\"1890\"><strong>Que contiene la <span style=\"text-decoration: underline;\">Sinergia 2 Maderoterapia Grasa Localizada<\/span><\/strong><\/h2>\n<p>Su composici\u00f3n combina cuatro aceites esenciales altamente activos que act\u00faan directamente sobre la grasa localizada, la retenci\u00f3n de l\u00edquidos y la falta de firmeza:<\/p>\n<h3 data-start=\"1856\" data-end=\"1890\">\ud83c\udf4a Aceite Esencial de Pomelo<\/h3>\n<p data-start=\"1891\" data-end=\"2046\">Estimula la circulaci\u00f3n, favorece la eliminaci\u00f3n de toxinas y activa la <strong data-start=\"1963\" data-end=\"1976\">lip\u00f3lisis<\/strong> (descomposici\u00f3n de la grasa).<button class=\"ms-1 flex h-[25px] text-[10px] leading-[13px] rounded-xl items-center justify-center gap-1 px-2 relative text-token-text-secondary! hover:text-token-text-primary! hover:bg-token-bg-secondary dark:bg-token-main-surface-secondary dark:hover:bg-token-bg-secondary bg-[#f4f4f4] \"><\/button><\/p>\n<h3 data-start=\"2048\" data-end=\"2090\">\ud83c\udf32 Aceite Esencial de Pino Siberiano<\/h3>\n<p data-start=\"2091\" data-end=\"2262\">Poderoso <strong data-start=\"2100\" data-end=\"2120\">antiinflamatorio<\/strong>, revitalizante y circulatorio. Mejora el drenaje y reduce la inflamaci\u00f3n en zonas con c\u00famulos grasos.<button class=\"ms-1 flex h-[25px] text-[10px] leading-[13px] rounded-xl items-center justify-center gap-1 px-2 relative text-token-text-secondary! hover:text-token-text-primary! hover:bg-token-bg-secondary dark:bg-token-main-surface-secondary dark:hover:bg-token-bg-secondary bg-[#f4f4f4] \"><\/button><\/p>\n<h3 data-start=\"2264\" data-end=\"2297\">\ud83c\udf4b Aceite Esencial de Lim\u00f3n<\/h3>\n<p data-start=\"2298\" data-end=\"2462\">Desintoxicante y tonificante. Embellece la textura de la piel y mejora el aspecto de la celulitis, aportando luz y suavidad.<button class=\"ms-1 flex h-[25px] text-[10px] leading-[13px] rounded-xl items-center justify-center gap-1 px-2 relative text-token-text-secondary! hover:text-token-text-primary! hover:bg-token-bg-secondary dark:bg-token-main-surface-secondary dark:hover:bg-token-bg-secondary bg-[#f4f4f4] \"><\/button><\/p>\n<h3 data-start=\"2464\" data-end=\"2498\">\ud83c\udf3f Aceite Esencial de Cipr\u00e9s<\/h3>\n<p data-start=\"2499\" data-end=\"2633\">Estimula la circulaci\u00f3n sangu\u00ednea y linf\u00e1tica, ayuda a eliminar l\u00edquidos y reafirma el tejido.<button class=\"ms-1 flex h-[25px] text-[10px] leading-[13px] rounded-xl items-center justify-center gap-1 px-2 relative text-token-text-secondary! hover:text-token-text-primary! hover:bg-token-bg-secondary dark:bg-token-main-surface-secondary dark:hover:bg-token-bg-secondary bg-[#f4f4f4] \"><\/button><\/p>\n<hr data-start=\"2635\" data-end=\"2638\" \/>\n<h2>\ud83d\udc8e <strong data-start=\"2646\" data-end=\"2681\">Beneficios profesionales reales Sinergia 2 Maderoterapia Grasa Localizada<\/strong><\/h2>\n<p data-start=\"2682\" data-end=\"2737\">Basados en la ficha t\u00e9cnica oficial y su composici\u00f3n:<\/p>\n<ul data-start=\"2738\" data-end=\"3222\">\n<li data-start=\"2738\" data-end=\"2809\">\n<p data-start=\"2740\" data-end=\"2809\"><strong data-start=\"2740\" data-end=\"2767\">Reduce grasa localizada<\/strong> gracias a su efecto lipol\u00edtico potente.<\/p>\n<\/li>\n<li data-start=\"2810\" data-end=\"2895\">\n<p data-start=\"2812\" data-end=\"2895\"><strong data-start=\"2812\" data-end=\"2837\">Activa la circulaci\u00f3n<\/strong> sangu\u00ednea y linf\u00e1tica, permitiendo un drenaje profundo.<\/p>\n<\/li>\n<li data-start=\"2896\" data-end=\"2963\">\n<p data-start=\"2898\" data-end=\"2963\"><strong data-start=\"2898\" data-end=\"2921\">Tonifica y reafirma<\/strong> zonas con flacidez y volumen acumulado.<\/p>\n<\/li>\n<li data-start=\"2964\" data-end=\"3032\">\n<p data-start=\"2966\" data-end=\"3032\"><strong data-start=\"2966\" data-end=\"2987\">Mejora la textura<\/strong> de la piel, dej\u00e1ndola m\u00e1s lisa y uniforme.<\/p>\n<\/li>\n<li data-start=\"3033\" data-end=\"3106\">\n<p data-start=\"3035\" data-end=\"3106\"><strong data-start=\"3035\" data-end=\"3064\">Multiplica los resultados<\/strong> de la Maderoterapia en zonas dif\u00edciles.<\/p>\n<\/li>\n<li data-start=\"3107\" data-end=\"3222\">\n<p data-start=\"3109\" data-end=\"3222\"><strong data-start=\"3109\" data-end=\"3147\">Promueve la eliminaci\u00f3n de toxinas<\/strong>, clave para combatir la celulitis.<br data-start=\"3182\" data-end=\"3185\" \/><button class=\"ms-1 flex h-[25px] text-[10px] leading-[13px] rounded-xl items-center justify-center gap-1 px-2 relative text-token-text-secondary! hover:text-token-text-primary! hover:bg-token-bg-secondary dark:bg-token-main-surface-secondary dark:hover:bg-token-bg-secondary bg-[#f4f4f4] \"><\/button><\/p>\n<\/li>\n<\/ul>\n<hr data-start=\"3224\" data-end=\"3227\" \/>\n<h2>\ud83d\udca0 \u00bfPor qu\u00e9 funciona tan bien la sinergia 2 en Maderoterapia?<\/h2>\n<p data-start=\"3280\" data-end=\"3525\">Porque combina la eficacia de la aromaterapia con la acci\u00f3n mec\u00e1nica de la madera.<br data-start=\"3362\" data-end=\"3365\" \/>Mientras t\u00fa movilizas, drenas y moldeas\u2026<br data-start=\"3405\" data-end=\"3408\" \/>la sinergia <strong data-start=\"3420\" data-end=\"3445\">act\u00faa a nivel qu\u00edmico<\/strong>, ayudando a descomponer grasa, reducir retenci\u00f3n y activar la microcirculaci\u00f3n.<\/p>\n<p data-start=\"3527\" data-end=\"3597\">El resultado es un tratamiento m\u00e1s r\u00e1pido, m\u00e1s profundo y m\u00e1s visible.<\/p>\n<hr data-start=\"3599\" data-end=\"3602\" \/>\n<h2 data-start=\"3604\" data-end=\"3637\">\ud83e\uddf4 <strong data-start=\"3610\" data-end=\"3637\">Modo de uso profesional<\/strong><\/h2>\n<ul data-start=\"3638\" data-end=\"3971\">\n<li data-start=\"3638\" data-end=\"3721\">\n<p data-start=\"3640\" data-end=\"3721\">A\u00f1ade unas gotas a tu <strong data-start=\"3662\" data-end=\"3681\">aceite portador<\/strong> (Pepita de Uva, Arg\u00e1n, C\u00e1\u00f1amo, etc.).<\/p>\n<\/li>\n<li data-start=\"3722\" data-end=\"3805\">\n<p data-start=\"3724\" data-end=\"3805\">O mezcla con crema, gel o incluso arcillas y sales en sesiones de metalterapia.<\/p>\n<\/li>\n<li data-start=\"3806\" data-end=\"3865\">\n<p data-start=\"3808\" data-end=\"3865\">Aplica en zonas como abdomen, muslos, caderas y brazos.<\/p>\n<\/li>\n<li data-start=\"3866\" data-end=\"3971\">\n<p data-start=\"3868\" data-end=\"3971\">Masajea hasta su absorci\u00f3n para potenciar el efecto lipol\u00edtico.<br data-start=\"3931\" data-end=\"3934\" \/><button class=\"ms-1 flex h-[25px] text-[10px] leading-[13px] rounded-xl items-center justify-center gap-1 px-2 relative text-token-text-secondary! hover:text-token-text-primary! hover:bg-token-bg-secondary dark:bg-token-main-surface-secondary dark:hover:bg-token-bg-secondary bg-[#f4f4f4] \"><\/button><\/p>\n<\/li>\n<\/ul>\n<p data-start=\"3973\" data-end=\"4040\"><em data-start=\"3973\" data-end=\"3987\">Advertencia:<\/em> nunca aplicar directamente sobre la piel sin diluir.<\/p>\n<hr data-start=\"4042\" data-end=\"4045\" \/>\n<h2 data-start=\"4047\" data-end=\"4067\">\ud83d\udce6 Presentaci\u00f3n<\/h2>\n<p data-start=\"4068\" data-end=\"4188\">Botella profesional de aluminio con gotero de precisi\u00f3n.<br data-start=\"4124\" data-end=\"4127\" \/>Contenido: <strong data-start=\"4138\" data-end=\"4147\">15 ml<\/strong>.<button class=\"ms-1 flex h-[25px] text-[10px] leading-[13px] rounded-xl items-center justify-center gap-1 px-2 relative text-token-text-secondary! hover:text-token-text-primary! hover:bg-token-bg-secondary dark:bg-token-main-surface-secondary dark:hover:bg-token-bg-secondary bg-[#f4f4f4] \"><\/button><\/p>\n<hr data-start=\"4190\" data-end=\"4193\" \/>\n<p data-start=\"4195\" data-end=\"4433\">Esta sinergia no es \u201cun aceite m\u00e1s\u201d:<br data-start=\"4231\" data-end=\"4234\" \/>es un acelerador de resultados dise\u00f1ado exclusivamente para maderoterapeutas que quieren <strong data-start=\"4323\" data-end=\"4362\">marcar la diferencia en su consulta<\/strong> y ofrecer tratamientos reductores que realmente transformen el tejido.<\/p>\n","protected":false},"excerpt":{"rendered":"<p>La <strong data-start=\"467\" data-end=\"515\">Sinergia 2 Grasa Localizada Natural Esential<\/strong> es la f\u00f3rmula profesional dise\u00f1ada para Maderoterapeutas que buscan reducir grasa localizada de manera natural, r\u00e1pida y eficaz. Su mezcla de aceites esenciales puros \u2014pomelo, lim\u00f3n, cipr\u00e9s y pino siberiano\u2014 activa la lip\u00f3lisis, estimula la circulaci\u00f3n y potencia cada sesi\u00f3n, logrando una piel m\u00e1s firme, tonificada y con menos volumen desde las primeras aplicaciones.<\/p>\n<p><strong>\u00a1Potencia tus sesiones de Maderoterapia reductora y moldeadora con la sinergia 2 Grasa Localizada!<\/strong><\/p>\n<p><strong>Cantidad: 15 ml.<\/strong><\/p>\n","protected":false},"featured_media":50286,"comment_status":"closed","ping_status":"closed","template":"","meta":{"content-type":""},"product_brand":[],"product_cat":[587,591,592],"product_tag":[],"class_list":{"0":"post-50212","1":"product","2":"type-product","3":"status-publish","4":"has-post-thumbnail","6":"product_cat-aceites-esenciales-vegetal","7":"product_cat-reductor-moldeador","8":"product_cat-sinergias","10":"first","11":"instock","12":"taxable","13":"shipping-taxable","14":"purchasable","15":"product-type-simple"},"yoast_head":"<!-- This site is optimized with the Yoast SEO plugin v27.2 - https:\/\/yoast.com\/product\/yoast-seo-wordpress\/ -->\n<title>Sinergia 2 Maderoterapia Grasa Localizada 15ml - Maderoterapia Online<\/title>\n<meta name=\"description\" content=\"Sinergia 2 Maderoterapia Grasa Localizada 15ml ideal para tus sesiones de Maderoterapia moldeadora reductora. Potencia tus sesiones con un aceite \u00fanico en el mercado profesional de Maderoterapeutas\" \/>\n<meta name=\"robots\" content=\"index, follow, max-snippet:-1, max-image-preview:large, max-video-preview:-1\" \/>\n<link rel=\"canonical\" href=\"https:\/\/maderoterapiaonline.org\/it\/producto\/sinergia-2-maderoterapia-grasa-localizada-15ml\/\" \/>\n<meta property=\"og:locale\" content=\"it_IT\" \/>\n<meta property=\"og:type\" content=\"article\" \/>\n<meta property=\"og:title\" content=\"Sinergia 2 Maderoterapia Grasa Localizada 15ml - Maderoterapia Online\" \/>\n<meta property=\"og:description\" content=\"Sinergia 2 Maderoterapia Grasa Localizada 15ml ideal para tus sesiones de Maderoterapia moldeadora reductora. Potencia tus sesiones con un aceite \u00fanico en el mercado profesional de Maderoterapeutas\" \/>\n<meta property=\"og:url\" content=\"https:\/\/maderoterapiaonline.org\/it\/producto\/sinergia-2-maderoterapia-grasa-localizada-15ml\/\" \/>\n<meta property=\"og:site_name\" content=\"Maderoterapia Online\" \/>\n<meta property=\"article:modified_time\" content=\"2026-04-14T10:30:59+00:00\" \/>\n<meta property=\"og:image\" content=\"https:\/\/maderoterapiaonline.org\/wp-content\/uploads\/2026\/04\/sinergia-2-grasa-localizada-natural-esential.jpg\" \/>\n\t<meta property=\"og:image:width\" content=\"1000\" \/>\n\t<meta property=\"og:image:height\" content=\"1000\" \/>\n\t<meta property=\"og:image:type\" content=\"image\/jpeg\" \/>\n<meta name=\"twitter:card\" content=\"summary_large_image\" \/>\n<meta name=\"twitter:label1\" content=\"Tempo di lettura stimato\" \/>\n\t<meta name=\"twitter:data1\" content=\"3 minuti\" \/>\n<script type=\"application\/ld+json\" class=\"yoast-schema-graph\">{\"@context\":\"https:\/\/schema.org\",\"@graph\":[{\"@type\":\"WebPage\",\"@id\":\"https:\/\/maderoterapiaonline.org\/it\/producto\/sinergia-2-maderoterapia-grasa-localizada-15ml\/\",\"url\":\"https:\/\/maderoterapiaonline.org\/it\/producto\/sinergia-2-maderoterapia-grasa-localizada-15ml\/\",\"name\":\"Sinergia 2 Maderoterapia Grasa Localizada 15ml - Maderoterapia Online\",\"isPartOf\":{\"@id\":\"https:\/\/maderoterapiaonline.org\/it\/#website\"},\"primaryImageOfPage\":{\"@id\":\"https:\/\/maderoterapiaonline.org\/it\/producto\/sinergia-2-maderoterapia-grasa-localizada-15ml\/#primaryimage\"},\"image\":{\"@id\":\"https:\/\/maderoterapiaonline.org\/it\/producto\/sinergia-2-maderoterapia-grasa-localizada-15ml\/#primaryimage\"},\"thumbnailUrl\":\"https:\/\/maderoterapiaonline.org\/wp-content\/uploads\/2026\/04\/sinergia-2-grasa-localizada-natural-esential.jpg\",\"datePublished\":\"2026-04-14T10:29:46+00:00\",\"dateModified\":\"2026-04-14T10:30:59+00:00\",\"description\":\"Sinergia 2 Maderoterapia Grasa Localizada 15ml ideal para tus sesiones de Maderoterapia moldeadora reductora. Potencia tus sesiones con un aceite \u00fanico en el mercado profesional de Maderoterapeutas\",\"breadcrumb\":{\"@id\":\"https:\/\/maderoterapiaonline.org\/it\/producto\/sinergia-2-maderoterapia-grasa-localizada-15ml\/#breadcrumb\"},\"inLanguage\":\"it-IT\",\"potentialAction\":[{\"@type\":\"ReadAction\",\"target\":[\"https:\/\/maderoterapiaonline.org\/it\/producto\/sinergia-2-maderoterapia-grasa-localizada-15ml\/\"]}]},{\"@type\":\"ImageObject\",\"inLanguage\":\"it-IT\",\"@id\":\"https:\/\/maderoterapiaonline.org\/it\/producto\/sinergia-2-maderoterapia-grasa-localizada-15ml\/#primaryimage\",\"url\":\"https:\/\/maderoterapiaonline.org\/wp-content\/uploads\/2026\/04\/sinergia-2-grasa-localizada-natural-esential.jpg\",\"contentUrl\":\"https:\/\/maderoterapiaonline.org\/wp-content\/uploads\/2026\/04\/sinergia-2-grasa-localizada-natural-esential.jpg\",\"width\":1000,\"height\":1000},{\"@type\":\"BreadcrumbList\",\"@id\":\"https:\/\/maderoterapiaonline.org\/it\/producto\/sinergia-2-maderoterapia-grasa-localizada-15ml\/#breadcrumb\",\"itemListElement\":[{\"@type\":\"ListItem\",\"position\":1,\"name\":\"Portada\",\"item\":\"https:\/\/maderoterapiaonline.org\/it\/\"},{\"@type\":\"ListItem\",\"position\":2,\"name\":\"Negozio\",\"item\":\"https:\/\/maderoterapiaonline.org\/it\/kit-legni\/\"},{\"@type\":\"ListItem\",\"position\":3,\"name\":\"Sinergia 2 Maderoterapia Grasa Localizada 15ml\"}]},{\"@type\":\"WebSite\",\"@id\":\"https:\/\/maderoterapiaonline.org\/it\/#website\",\"url\":\"https:\/\/maderoterapiaonline.org\/it\/\",\"name\":\"Maderoterapia Online\",\"description\":\"Compra tu kit de Maderoterapia Profesional. Env\u00edos 24\/48h. Atenci\u00f3n al cliente por profesionales Maderoterapeutas\",\"publisher\":{\"@id\":\"https:\/\/maderoterapiaonline.org\/it\/#organization\"},\"alternateName\":\"Maderoterapiaonline.org\",\"potentialAction\":[{\"@type\":\"SearchAction\",\"target\":{\"@type\":\"EntryPoint\",\"urlTemplate\":\"https:\/\/maderoterapiaonline.org\/it\/?s={search_term_string}\"},\"query-input\":{\"@type\":\"PropertyValueSpecification\",\"valueRequired\":true,\"valueName\":\"search_term_string\"}}],\"inLanguage\":\"it-IT\"},{\"@type\":\"Organization\",\"@id\":\"https:\/\/maderoterapiaonline.org\/it\/#organization\",\"name\":\"Maderoterapia Est\u00e9tica Espa\u00f1a \u2013 Dori L\u00f3pez\u00ae y Escuela Profesional Maderoterapia Online\u00ae.\",\"url\":\"https:\/\/maderoterapiaonline.org\/it\/\",\"logo\":{\"@type\":\"ImageObject\",\"inLanguage\":\"it-IT\",\"@id\":\"https:\/\/maderoterapiaonline.org\/it\/#\/schema\/logo\/image\/\",\"url\":\"https:\/\/maderoterapiaonline.org\/wp-content\/uploads\/2025\/03\/Logo-M-1.png\",\"contentUrl\":\"https:\/\/maderoterapiaonline.org\/wp-content\/uploads\/2025\/03\/Logo-M-1.png\",\"width\":1464,\"height\":1051,\"caption\":\"Maderoterapia Est\u00e9tica Espa\u00f1a \u2013 Dori L\u00f3pez\u00ae y Escuela Profesional Maderoterapia Online\u00ae.\"},\"image\":{\"@id\":\"https:\/\/maderoterapiaonline.org\/it\/#\/schema\/logo\/image\/\"}}]}<\/script>\n<!-- \/ Yoast SEO plugin. -->","yoast_head_json":{"title":"Sinergia 2 Maderoterapia Grasa Localizada 15ml - Maderoterapia Online","description":"Sinergia 2 Maderoterapia Grasa Localizada 15ml ideal para tus sesiones de Maderoterapia moldeadora reductora. Potencia tus sesiones con un aceite \u00fanico en el mercado profesional de Maderoterapeutas","robots":{"index":"index","follow":"follow","max-snippet":"max-snippet:-1","max-image-preview":"max-image-preview:large","max-video-preview":"max-video-preview:-1"},"canonical":"https:\/\/maderoterapiaonline.org\/it\/producto\/sinergia-2-maderoterapia-grasa-localizada-15ml\/","og_locale":"it_IT","og_type":"article","og_title":"Sinergia 2 Maderoterapia Grasa Localizada 15ml - Maderoterapia Online","og_description":"Sinergia 2 Maderoterapia Grasa Localizada 15ml ideal para tus sesiones de Maderoterapia moldeadora reductora. Potencia tus sesiones con un aceite \u00fanico en el mercado profesional de Maderoterapeutas","og_url":"https:\/\/maderoterapiaonline.org\/it\/producto\/sinergia-2-maderoterapia-grasa-localizada-15ml\/","og_site_name":"Maderoterapia Online","article_modified_time":"2026-04-14T10:30:59+00:00","og_image":[{"width":1000,"height":1000,"url":"https:\/\/maderoterapiaonline.org\/wp-content\/uploads\/2026\/04\/sinergia-2-grasa-localizada-natural-esential.jpg","type":"image\/jpeg"}],"twitter_card":"summary_large_image","twitter_misc":{"Tempo di lettura stimato":"3 minuti"},"schema":{"@context":"https:\/\/schema.org","@graph":[{"@type":"WebPage","@id":"https:\/\/maderoterapiaonline.org\/it\/producto\/sinergia-2-maderoterapia-grasa-localizada-15ml\/","url":"https:\/\/maderoterapiaonline.org\/it\/producto\/sinergia-2-maderoterapia-grasa-localizada-15ml\/","name":"Sinergia 2 Maderoterapia Grasa Localizada 15ml - Maderoterapia Online","isPartOf":{"@id":"https:\/\/maderoterapiaonline.org\/it\/#website"},"primaryImageOfPage":{"@id":"https:\/\/maderoterapiaonline.org\/it\/producto\/sinergia-2-maderoterapia-grasa-localizada-15ml\/#primaryimage"},"image":{"@id":"https:\/\/maderoterapiaonline.org\/it\/producto\/sinergia-2-maderoterapia-grasa-localizada-15ml\/#primaryimage"},"thumbnailUrl":"https:\/\/maderoterapiaonline.org\/wp-content\/uploads\/2026\/04\/sinergia-2-grasa-localizada-natural-esential.jpg","datePublished":"2026-04-14T10:29:46+00:00","dateModified":"2026-04-14T10:30:59+00:00","description":"Sinergia 2 Maderoterapia Grasa Localizada 15ml ideal para tus sesiones de Maderoterapia moldeadora reductora. Potencia tus sesiones con un aceite \u00fanico en el mercado profesional de Maderoterapeutas","breadcrumb":{"@id":"https:\/\/maderoterapiaonline.org\/it\/producto\/sinergia-2-maderoterapia-grasa-localizada-15ml\/#breadcrumb"},"inLanguage":"it-IT","potentialAction":[{"@type":"ReadAction","target":["https:\/\/maderoterapiaonline.org\/it\/producto\/sinergia-2-maderoterapia-grasa-localizada-15ml\/"]}]},{"@type":"ImageObject","inLanguage":"it-IT","@id":"https:\/\/maderoterapiaonline.org\/it\/producto\/sinergia-2-maderoterapia-grasa-localizada-15ml\/#primaryimage","url":"https:\/\/maderoterapiaonline.org\/wp-content\/uploads\/2026\/04\/sinergia-2-grasa-localizada-natural-esential.jpg","contentUrl":"https:\/\/maderoterapiaonline.org\/wp-content\/uploads\/2026\/04\/sinergia-2-grasa-localizada-natural-esential.jpg","width":1000,"height":1000},{"@type":"BreadcrumbList","@id":"https:\/\/maderoterapiaonline.org\/it\/producto\/sinergia-2-maderoterapia-grasa-localizada-15ml\/#breadcrumb","itemListElement":[{"@type":"ListItem","position":1,"name":"Portada","item":"https:\/\/maderoterapiaonline.org\/it\/"},{"@type":"ListItem","position":2,"name":"Negozio","item":"https:\/\/maderoterapiaonline.org\/it\/kit-legni\/"},{"@type":"ListItem","position":3,"name":"Sinergia 2 Maderoterapia Grasa Localizada 15ml"}]},{"@type":"WebSite","@id":"https:\/\/maderoterapiaonline.org\/it\/#website","url":"https:\/\/maderoterapiaonline.org\/it\/","name":"Maderoterapia Online","description":"Compra tu kit de Maderoterapia Profesional. Env\u00edos 24\/48h. Atenci\u00f3n al cliente por profesionales Maderoterapeutas","publisher":{"@id":"https:\/\/maderoterapiaonline.org\/it\/#organization"},"alternateName":"Maderoterapiaonline.org","potentialAction":[{"@type":"SearchAction","target":{"@type":"EntryPoint","urlTemplate":"https:\/\/maderoterapiaonline.org\/it\/?s={search_term_string}"},"query-input":{"@type":"PropertyValueSpecification","valueRequired":true,"valueName":"search_term_string"}}],"inLanguage":"it-IT"},{"@type":"Organization","@id":"https:\/\/maderoterapiaonline.org\/it\/#organization","name":"Maderoterapia Est\u00e9tica Espa\u00f1a \u2013 Dori L\u00f3pez\u00ae y Escuela Profesional Maderoterapia Online\u00ae.","url":"https:\/\/maderoterapiaonline.org\/it\/","logo":{"@type":"ImageObject","inLanguage":"it-IT","@id":"https:\/\/maderoterapiaonline.org\/it\/#\/schema\/logo\/image\/","url":"https:\/\/maderoterapiaonline.org\/wp-content\/uploads\/2025\/03\/Logo-M-1.png","contentUrl":"https:\/\/maderoterapiaonline.org\/wp-content\/uploads\/2025\/03\/Logo-M-1.png","width":1464,"height":1051,"caption":"Maderoterapia Est\u00e9tica Espa\u00f1a \u2013 Dori L\u00f3pez\u00ae y Escuela Profesional Maderoterapia Online\u00ae."},"image":{"@id":"https:\/\/maderoterapiaonline.org\/it\/#\/schema\/logo\/image\/"}}]}},"_links":{"self":[{"href":"https:\/\/maderoterapiaonline.org\/it\/wp-json\/wp\/v2\/product\/50212","targetHints":{"allow":["GET"]}}],"collection":[{"href":"https:\/\/maderoterapiaonline.org\/it\/wp-json\/wp\/v2\/product"}],"about":[{"href":"https:\/\/maderoterapiaonline.org\/it\/wp-json\/wp\/v2\/types\/product"}],"replies":[{"embeddable":true,"href":"https:\/\/maderoterapiaonline.org\/it\/wp-json\/wp\/v2\/comments?post=50212"}],"wp:featuredmedia":[{"embeddable":true,"href":"https:\/\/maderoterapiaonline.org\/it\/wp-json\/wp\/v2\/media\/50286"}],"wp:attachment":[{"href":"https:\/\/maderoterapiaonline.org\/it\/wp-json\/wp\/v2\/media?parent=50212"}],"wp:term":[{"taxonomy":"product_brand","embeddable":true,"href":"https:\/\/maderoterapiaonline.org\/it\/wp-json\/wp\/v2\/product_brand?post=50212"},{"taxonomy":"product_cat","embeddable":true,"href":"https:\/\/maderoterapiaonline.org\/it\/wp-json\/wp\/v2\/product_cat?post=50212"},{"taxonomy":"product_tag","embeddable":true,"href":"https:\/\/maderoterapiaonline.org\/it\/wp-json\/wp\/v2\/product_tag?post=50212"}],"curies":[{"name":"wp","href":"https:\/\/api.w.org\/{rel}","templated":true}]}}