{"id":50211,"date":"2026-04-14T12:29:46","date_gmt":"2026-04-14T10:29:46","guid":{"rendered":"https:\/\/maderoterapiaonline.org\/?post_type=product&#038;p=50211"},"modified":"2026-04-14T12:30:49","modified_gmt":"2026-04-14T10:30:49","slug":"sinergia-1-maderoterapia-reafirmante-15ml","status":"publish","type":"product","link":"https:\/\/maderoterapiaonline.org\/it\/producto\/sinergia-1-maderoterapia-reafirmante-15ml\/","title":{"rendered":"Sinergia 1 Maderoterapia Reafirmante 15ml"},"content":{"rendered":"<p data-start=\"1298\" data-end=\"1770\">La <strong data-start=\"1301\" data-end=\"1358\">Sinergia 1 Maderoterapia Reafirmante Natural Esential<\/strong> es el producto imprescindible para maderoterapeutas que desean elevar la calidad y la eficacia de sus tratamientos reafirmantes. Formulada con aceites esenciales 100% puros y testados cl\u00ednicamente, esta sinergia est\u00e1 dise\u00f1ada para actuar directamente sobre la <strong data-start=\"1619\" data-end=\"1677\">flacidez, la falta de elasticidad y la p\u00e9rdida de tono<\/strong>, tres de las preocupaciones m\u00e1s comunes en consulta.<br data-start=\"1730\" data-end=\"1733\" \/><button class=\"ms-1 flex h-[25px] text-[10px] leading-[13px] rounded-xl items-center justify-center gap-1 px-2 relative text-token-text-secondary! hover:text-token-text-primary! hover:bg-token-bg-secondary dark:bg-token-main-surface-secondary dark:hover:bg-token-bg-secondary bg-[#f4f4f4] \"><\/button><\/p>\n<p class=\"not-prose mt-0! mb-0! flex-auto truncate\">[button link=&#8221;https:\/\/naturalesential.com\/wp-content\/uploads\/2025\/01\/Ficha-Tecnica-de-Sinergia-1-Maderoterapia-Reafirmante.pdf&#8221; newwindow=&#8221;yes&#8221;] Descargar Ficha T\u00e9cnica 1[\/button]<\/p>\n<h2>Que contiene la <strong>Sinergia 1 Maderoterapia Reafirmante 15ml<\/strong><\/h2>\n<p data-start=\"1772\" data-end=\"1942\">Esta mezcla profesional combina tres aceites esenciales conocidos por su capacidad para tonificar, equilibrar y regenerar la piel, potenciando cada maniobra de tu sesi\u00f3n:<\/p>\n<h3 data-start=\"1944\" data-end=\"2012\">\ud83c\udf38 <strong data-start=\"1951\" data-end=\"1981\">Aceite Esencial de Geranio<\/strong> \u2014 Reafirmante y equilibrante<\/h3>\n<p data-start=\"2013\" data-end=\"2241\">Favorece la elasticidad, estimula la regeneraci\u00f3n celular y mejora la apariencia de cicatrices y estr\u00edas. Su acci\u00f3n tonificante ayuda a combatir la flacidez y a devolver firmeza al tejido.<button class=\"ms-1 flex h-[25px] text-[10px] leading-[13px] rounded-xl items-center justify-center gap-1 px-2 relative text-token-text-secondary! hover:text-token-text-primary! hover:bg-token-bg-secondary dark:bg-token-main-surface-secondary dark:hover:bg-token-bg-secondary bg-[#f4f4f4] \"><\/button><\/p>\n<h3 data-start=\"2243\" data-end=\"2319\">\ud83c\udf3f <strong data-start=\"2250\" data-end=\"2280\">Aceite Esencial de Lavanda<\/strong> \u2014 Calmante, antioxidante y reparador<\/h3>\n<p data-start=\"2320\" data-end=\"2490\">Relaja la piel, reduce tensiones y aporta bienestar. Su poder antioxidante protege el tejido, mejorando la luminosidad y suavidad.<button class=\"ms-1 flex h-[25px] text-[10px] leading-[13px] rounded-xl items-center justify-center gap-1 px-2 relative text-token-text-secondary! hover:text-token-text-primary! hover:bg-token-bg-secondary dark:bg-token-main-surface-secondary dark:hover:bg-token-bg-secondary bg-[#f4f4f4] \"><\/button><\/p>\n<h3 data-start=\"2492\" data-end=\"2562\">\ud83d\udc9b <strong data-start=\"2499\" data-end=\"2527\">Aceite Esencial de \u00c1mbar<\/strong> \u2014 Regenerador y antiinflamatorio<\/h3>\n<p data-start=\"2563\" data-end=\"2741\">Mejora la circulaci\u00f3n, estimula la renovaci\u00f3n celular y ayuda a reducir la inflamaci\u00f3n, dejando la piel m\u00e1s firme, nutrida y revitalizada.<button class=\"ms-1 flex h-[25px] text-[10px] leading-[13px] rounded-xl items-center justify-center gap-1 px-2 relative text-token-text-secondary! hover:text-token-text-primary! hover:bg-token-bg-secondary dark:bg-token-main-surface-secondary dark:hover:bg-token-bg-secondary bg-[#f4f4f4] \"><\/button><\/p>\n<hr data-start=\"2743\" data-end=\"2746\" \/>\n<h2 data-start=\"2748\" data-end=\"2782\">\ud83d\udc8e <strong data-start=\"2754\" data-end=\"2782\">Beneficios profesionales Sinergia 1 Maderoterapia Reafirmante<\/strong><\/h2>\n<p data-start=\"2783\" data-end=\"2825\">Basados en su ficha t\u00e9cnica y formulaci\u00f3n:<\/p>\n<ul data-start=\"2827\" data-end=\"3143\">\n<li data-start=\"2827\" data-end=\"2872\">\n<p data-start=\"2829\" data-end=\"2872\">Reafirma la piel y mejora su elasticidad.<\/p>\n<\/li>\n<li data-start=\"2873\" data-end=\"2918\">\n<p data-start=\"2875\" data-end=\"2918\">Tonifica y revitaliza zonas con flacidez.<\/p>\n<\/li>\n<li data-start=\"2919\" data-end=\"2984\">\n<p data-start=\"2921\" data-end=\"2984\">Aporta bienestar general gracias a sus propiedades calmantes.<\/p>\n<\/li>\n<li data-start=\"2985\" data-end=\"3032\">\n<p data-start=\"2987\" data-end=\"3032\">Reduce inflamaci\u00f3n y mejora la circulaci\u00f3n.<\/p>\n<\/li>\n<li data-start=\"3033\" data-end=\"3143\">\n<p data-start=\"3035\" data-end=\"3143\">Multiplica la eficacia de tus sesiones de maderoterapia reafirmante.<br data-start=\"3103\" data-end=\"3106\" \/><button class=\"ms-1 flex h-[25px] text-[10px] leading-[13px] rounded-xl items-center justify-center gap-1 px-2 relative text-token-text-secondary! hover:text-token-text-primary! hover:bg-token-bg-secondary dark:bg-token-main-surface-secondary dark:hover:bg-token-bg-secondary bg-[#f4f4f4] \"><\/button><\/p>\n<\/li>\n<\/ul>\n<hr data-start=\"3145\" data-end=\"3148\" \/>\n<h2 data-start=\"3150\" data-end=\"3185\">\ud83e\uddf4 <strong data-start=\"3156\" data-end=\"3183\">Modo de uso profesional<\/strong><\/h2>\n<ul data-start=\"3186\" data-end=\"3555\">\n<li data-start=\"3186\" data-end=\"3265\">\n<p data-start=\"3188\" data-end=\"3265\">A\u00f1adir de 3 a 6 gotas a tu aceite portador (pepita de uva, c\u00e1\u00f1amo, arg\u00e1n\u2026).<\/p>\n<\/li>\n<li data-start=\"3266\" data-end=\"3331\">\n<p data-start=\"3268\" data-end=\"3331\">Puedes mezclarla tambi\u00e9n con cremas, geles, arcillas o sales.<\/p>\n<\/li>\n<li data-start=\"3332\" data-end=\"3392\">\n<p data-start=\"3334\" data-end=\"3392\">Aplicar en zonas como abdomen, muslos, gl\u00fateos y brazos.<\/p>\n<\/li>\n<li data-start=\"3393\" data-end=\"3462\">\n<p data-start=\"3395\" data-end=\"3462\">Masajear hasta su absorci\u00f3n para potenciar su efecto reafirmante.<\/p>\n<\/li>\n<li data-start=\"3463\" data-end=\"3555\">\n<p data-start=\"3465\" data-end=\"3555\"><em data-start=\"3465\" data-end=\"3479\">Advertencia:<\/em> no aplicar directamente sin diluir.<button class=\"ms-1 flex h-[25px] text-[10px] leading-[13px] rounded-xl items-center justify-center gap-1 px-2 relative text-token-text-secondary! hover:text-token-text-primary! hover:bg-token-bg-secondary dark:bg-token-main-surface-secondary dark:hover:bg-token-bg-secondary bg-[#f4f4f4] \"><\/button><\/p>\n<\/li>\n<\/ul>\n<hr data-start=\"3557\" data-end=\"3560\" \/>\n<h2 data-start=\"3562\" data-end=\"3582\">\ud83d\udce6 Presentaci\u00f3n<\/h2>\n<p data-start=\"3583\" data-end=\"3703\">Botella profesional de aluminio con dosificador preciso.<br data-start=\"3639\" data-end=\"3642\" \/>Contenido: <strong data-start=\"3653\" data-end=\"3662\">15 ml<\/strong>.<button class=\"ms-1 flex h-[25px] text-[10px] leading-[13px] rounded-xl items-center justify-center gap-1 px-2 relative text-token-text-secondary! hover:text-token-text-primary! hover:bg-token-bg-secondary dark:bg-token-main-surface-secondary dark:hover:bg-token-bg-secondary bg-[#f4f4f4] \"><\/button><\/p>\n","protected":false},"excerpt":{"rendered":"<div class=\"flex-shrink-0 flex flex-col relative items-end\">\n<div class=\"pt-0.5 juice:pt-0\">\n<div class=\"gizmo-bot-avatar flex h-6 w-6 items-center justify-center overflow-hidden rounded-full juice:h-8 juice:w-8\">\n<div class=\"relative p-1 rounded-sm flex items-center justify-center bg-token-main-surface-primary text-token-text-primary h-8 w-8\">\n<p><strong data-start=\"582\" data-end=\"692\">Multiplica los resultados de tus sesiones de maderoterapia reafirmante con la Sinergia 1 Natural Esential.<\/strong><br data-start=\"692\" data-end=\"695\" \/>Esta f\u00f3rmula profesional combina aceites esenciales puros de geranio, lavanda y \u00e1mbar para mejorar la firmeza, elasticidad y tono de la piel. Act\u00faa directamente sobre la flacidez, potencia la regeneraci\u00f3n celular y eleva el bienestar de tus clientas, logrando una piel m\u00e1s firme, suave y tonificada desde las primeras sesiones.<\/p>\n<p><strong>Cantidad: 15 ml.<\/strong><\/p>\n<\/div>\n<\/div>\n<\/div>\n<\/div>\n","protected":false},"featured_media":50280,"comment_status":"closed","ping_status":"closed","template":"","meta":{"content-type":""},"product_brand":[],"product_cat":[590,592],"product_tag":[],"class_list":{"0":"post-50211","1":"product","2":"type-product","3":"status-publish","4":"has-post-thumbnail","6":"product_cat-reafirmante","7":"product_cat-sinergias","9":"first","10":"instock","11":"taxable","12":"shipping-taxable","13":"purchasable","14":"product-type-simple"},"yoast_head":"<!-- This site is optimized with the Yoast SEO plugin v27.2 - https:\/\/yoast.com\/product\/yoast-seo-wordpress\/ -->\n<title>Sinergia 1 Maderoterapia Reafirmante 15ml - Maderoterapia Online<\/title>\n<meta name=\"description\" content=\"Sinergia 1 Reafirmante para Maderoterapia: mezcla profesional de geranio, lavanda y \u00e1mbar que mejora la firmeza, elasticidad y tono de la piel.\" \/>\n<meta name=\"robots\" content=\"index, follow, max-snippet:-1, max-image-preview:large, max-video-preview:-1\" \/>\n<link rel=\"canonical\" href=\"https:\/\/maderoterapiaonline.org\/it\/producto\/sinergia-1-maderoterapia-reafirmante-15ml\/\" \/>\n<meta property=\"og:locale\" content=\"it_IT\" \/>\n<meta property=\"og:type\" content=\"article\" \/>\n<meta property=\"og:title\" content=\"Sinergia 1 Maderoterapia Reafirmante 15ml - Maderoterapia Online\" \/>\n<meta property=\"og:description\" content=\"Sinergia 1 Reafirmante para Maderoterapia: mezcla profesional de geranio, lavanda y \u00e1mbar que mejora la firmeza, elasticidad y tono de la piel.\" \/>\n<meta property=\"og:url\" content=\"https:\/\/maderoterapiaonline.org\/it\/producto\/sinergia-1-maderoterapia-reafirmante-15ml\/\" \/>\n<meta property=\"og:site_name\" content=\"Maderoterapia Online\" \/>\n<meta property=\"article:modified_time\" content=\"2026-04-14T10:30:49+00:00\" \/>\n<meta property=\"og:image\" content=\"https:\/\/maderoterapiaonline.org\/wp-content\/uploads\/2026\/04\/sinergia-1-reafirmante-natural-esential-maderoterapia.jpg\" \/>\n\t<meta property=\"og:image:width\" content=\"1000\" \/>\n\t<meta property=\"og:image:height\" content=\"1000\" \/>\n\t<meta property=\"og:image:type\" content=\"image\/jpeg\" \/>\n<meta name=\"twitter:card\" content=\"summary_large_image\" \/>\n<meta name=\"twitter:label1\" content=\"Tempo di lettura stimato\" \/>\n\t<meta name=\"twitter:data1\" content=\"2 minuti\" \/>\n<script type=\"application\/ld+json\" class=\"yoast-schema-graph\">{\"@context\":\"https:\/\/schema.org\",\"@graph\":[{\"@type\":\"WebPage\",\"@id\":\"https:\/\/maderoterapiaonline.org\/it\/producto\/sinergia-1-maderoterapia-reafirmante-15ml\/\",\"url\":\"https:\/\/maderoterapiaonline.org\/it\/producto\/sinergia-1-maderoterapia-reafirmante-15ml\/\",\"name\":\"Sinergia 1 Maderoterapia Reafirmante 15ml - Maderoterapia Online\",\"isPartOf\":{\"@id\":\"https:\/\/maderoterapiaonline.org\/it\/#website\"},\"primaryImageOfPage\":{\"@id\":\"https:\/\/maderoterapiaonline.org\/it\/producto\/sinergia-1-maderoterapia-reafirmante-15ml\/#primaryimage\"},\"image\":{\"@id\":\"https:\/\/maderoterapiaonline.org\/it\/producto\/sinergia-1-maderoterapia-reafirmante-15ml\/#primaryimage\"},\"thumbnailUrl\":\"https:\/\/maderoterapiaonline.org\/wp-content\/uploads\/2026\/04\/sinergia-1-reafirmante-natural-esential-maderoterapia.jpg\",\"datePublished\":\"2026-04-14T10:29:46+00:00\",\"dateModified\":\"2026-04-14T10:30:49+00:00\",\"description\":\"Sinergia 1 Reafirmante para Maderoterapia: mezcla profesional de geranio, lavanda y \u00e1mbar que mejora la firmeza, elasticidad y tono de la piel.\",\"breadcrumb\":{\"@id\":\"https:\/\/maderoterapiaonline.org\/it\/producto\/sinergia-1-maderoterapia-reafirmante-15ml\/#breadcrumb\"},\"inLanguage\":\"it-IT\",\"potentialAction\":[{\"@type\":\"ReadAction\",\"target\":[\"https:\/\/maderoterapiaonline.org\/it\/producto\/sinergia-1-maderoterapia-reafirmante-15ml\/\"]}]},{\"@type\":\"ImageObject\",\"inLanguage\":\"it-IT\",\"@id\":\"https:\/\/maderoterapiaonline.org\/it\/producto\/sinergia-1-maderoterapia-reafirmante-15ml\/#primaryimage\",\"url\":\"https:\/\/maderoterapiaonline.org\/wp-content\/uploads\/2026\/04\/sinergia-1-reafirmante-natural-esential-maderoterapia.jpg\",\"contentUrl\":\"https:\/\/maderoterapiaonline.org\/wp-content\/uploads\/2026\/04\/sinergia-1-reafirmante-natural-esential-maderoterapia.jpg\",\"width\":1000,\"height\":1000},{\"@type\":\"BreadcrumbList\",\"@id\":\"https:\/\/maderoterapiaonline.org\/it\/producto\/sinergia-1-maderoterapia-reafirmante-15ml\/#breadcrumb\",\"itemListElement\":[{\"@type\":\"ListItem\",\"position\":1,\"name\":\"Portada\",\"item\":\"https:\/\/maderoterapiaonline.org\/it\/\"},{\"@type\":\"ListItem\",\"position\":2,\"name\":\"Negozio\",\"item\":\"https:\/\/maderoterapiaonline.org\/it\/kit-legni\/\"},{\"@type\":\"ListItem\",\"position\":3,\"name\":\"Sinergia 1 Maderoterapia Reafirmante 15ml\"}]},{\"@type\":\"WebSite\",\"@id\":\"https:\/\/maderoterapiaonline.org\/it\/#website\",\"url\":\"https:\/\/maderoterapiaonline.org\/it\/\",\"name\":\"Maderoterapia Online\",\"description\":\"Compra tu kit de Maderoterapia Profesional. Env\u00edos 24\/48h. Atenci\u00f3n al cliente por profesionales Maderoterapeutas\",\"publisher\":{\"@id\":\"https:\/\/maderoterapiaonline.org\/it\/#organization\"},\"alternateName\":\"Maderoterapiaonline.org\",\"potentialAction\":[{\"@type\":\"SearchAction\",\"target\":{\"@type\":\"EntryPoint\",\"urlTemplate\":\"https:\/\/maderoterapiaonline.org\/it\/?s={search_term_string}\"},\"query-input\":{\"@type\":\"PropertyValueSpecification\",\"valueRequired\":true,\"valueName\":\"search_term_string\"}}],\"inLanguage\":\"it-IT\"},{\"@type\":\"Organization\",\"@id\":\"https:\/\/maderoterapiaonline.org\/it\/#organization\",\"name\":\"Maderoterapia Est\u00e9tica Espa\u00f1a \u2013 Dori L\u00f3pez\u00ae y Escuela Profesional Maderoterapia Online\u00ae.\",\"url\":\"https:\/\/maderoterapiaonline.org\/it\/\",\"logo\":{\"@type\":\"ImageObject\",\"inLanguage\":\"it-IT\",\"@id\":\"https:\/\/maderoterapiaonline.org\/it\/#\/schema\/logo\/image\/\",\"url\":\"https:\/\/maderoterapiaonline.org\/wp-content\/uploads\/2025\/03\/Logo-M-1.png\",\"contentUrl\":\"https:\/\/maderoterapiaonline.org\/wp-content\/uploads\/2025\/03\/Logo-M-1.png\",\"width\":1464,\"height\":1051,\"caption\":\"Maderoterapia Est\u00e9tica Espa\u00f1a \u2013 Dori L\u00f3pez\u00ae y Escuela Profesional Maderoterapia Online\u00ae.\"},\"image\":{\"@id\":\"https:\/\/maderoterapiaonline.org\/it\/#\/schema\/logo\/image\/\"}}]}<\/script>\n<!-- \/ Yoast SEO plugin. -->","yoast_head_json":{"title":"Sinergia 1 Maderoterapia Reafirmante 15ml - Maderoterapia Online","description":"Sinergia 1 Reafirmante para Maderoterapia: mezcla profesional de geranio, lavanda y \u00e1mbar que mejora la firmeza, elasticidad y tono de la piel.","robots":{"index":"index","follow":"follow","max-snippet":"max-snippet:-1","max-image-preview":"max-image-preview:large","max-video-preview":"max-video-preview:-1"},"canonical":"https:\/\/maderoterapiaonline.org\/it\/producto\/sinergia-1-maderoterapia-reafirmante-15ml\/","og_locale":"it_IT","og_type":"article","og_title":"Sinergia 1 Maderoterapia Reafirmante 15ml - Maderoterapia Online","og_description":"Sinergia 1 Reafirmante para Maderoterapia: mezcla profesional de geranio, lavanda y \u00e1mbar que mejora la firmeza, elasticidad y tono de la piel.","og_url":"https:\/\/maderoterapiaonline.org\/it\/producto\/sinergia-1-maderoterapia-reafirmante-15ml\/","og_site_name":"Maderoterapia Online","article_modified_time":"2026-04-14T10:30:49+00:00","og_image":[{"width":1000,"height":1000,"url":"https:\/\/maderoterapiaonline.org\/wp-content\/uploads\/2026\/04\/sinergia-1-reafirmante-natural-esential-maderoterapia.jpg","type":"image\/jpeg"}],"twitter_card":"summary_large_image","twitter_misc":{"Tempo di lettura stimato":"2 minuti"},"schema":{"@context":"https:\/\/schema.org","@graph":[{"@type":"WebPage","@id":"https:\/\/maderoterapiaonline.org\/it\/producto\/sinergia-1-maderoterapia-reafirmante-15ml\/","url":"https:\/\/maderoterapiaonline.org\/it\/producto\/sinergia-1-maderoterapia-reafirmante-15ml\/","name":"Sinergia 1 Maderoterapia Reafirmante 15ml - Maderoterapia Online","isPartOf":{"@id":"https:\/\/maderoterapiaonline.org\/it\/#website"},"primaryImageOfPage":{"@id":"https:\/\/maderoterapiaonline.org\/it\/producto\/sinergia-1-maderoterapia-reafirmante-15ml\/#primaryimage"},"image":{"@id":"https:\/\/maderoterapiaonline.org\/it\/producto\/sinergia-1-maderoterapia-reafirmante-15ml\/#primaryimage"},"thumbnailUrl":"https:\/\/maderoterapiaonline.org\/wp-content\/uploads\/2026\/04\/sinergia-1-reafirmante-natural-esential-maderoterapia.jpg","datePublished":"2026-04-14T10:29:46+00:00","dateModified":"2026-04-14T10:30:49+00:00","description":"Sinergia 1 Reafirmante para Maderoterapia: mezcla profesional de geranio, lavanda y \u00e1mbar que mejora la firmeza, elasticidad y tono de la piel.","breadcrumb":{"@id":"https:\/\/maderoterapiaonline.org\/it\/producto\/sinergia-1-maderoterapia-reafirmante-15ml\/#breadcrumb"},"inLanguage":"it-IT","potentialAction":[{"@type":"ReadAction","target":["https:\/\/maderoterapiaonline.org\/it\/producto\/sinergia-1-maderoterapia-reafirmante-15ml\/"]}]},{"@type":"ImageObject","inLanguage":"it-IT","@id":"https:\/\/maderoterapiaonline.org\/it\/producto\/sinergia-1-maderoterapia-reafirmante-15ml\/#primaryimage","url":"https:\/\/maderoterapiaonline.org\/wp-content\/uploads\/2026\/04\/sinergia-1-reafirmante-natural-esential-maderoterapia.jpg","contentUrl":"https:\/\/maderoterapiaonline.org\/wp-content\/uploads\/2026\/04\/sinergia-1-reafirmante-natural-esential-maderoterapia.jpg","width":1000,"height":1000},{"@type":"BreadcrumbList","@id":"https:\/\/maderoterapiaonline.org\/it\/producto\/sinergia-1-maderoterapia-reafirmante-15ml\/#breadcrumb","itemListElement":[{"@type":"ListItem","position":1,"name":"Portada","item":"https:\/\/maderoterapiaonline.org\/it\/"},{"@type":"ListItem","position":2,"name":"Negozio","item":"https:\/\/maderoterapiaonline.org\/it\/kit-legni\/"},{"@type":"ListItem","position":3,"name":"Sinergia 1 Maderoterapia Reafirmante 15ml"}]},{"@type":"WebSite","@id":"https:\/\/maderoterapiaonline.org\/it\/#website","url":"https:\/\/maderoterapiaonline.org\/it\/","name":"Maderoterapia Online","description":"Compra tu kit de Maderoterapia Profesional. Env\u00edos 24\/48h. Atenci\u00f3n al cliente por profesionales Maderoterapeutas","publisher":{"@id":"https:\/\/maderoterapiaonline.org\/it\/#organization"},"alternateName":"Maderoterapiaonline.org","potentialAction":[{"@type":"SearchAction","target":{"@type":"EntryPoint","urlTemplate":"https:\/\/maderoterapiaonline.org\/it\/?s={search_term_string}"},"query-input":{"@type":"PropertyValueSpecification","valueRequired":true,"valueName":"search_term_string"}}],"inLanguage":"it-IT"},{"@type":"Organization","@id":"https:\/\/maderoterapiaonline.org\/it\/#organization","name":"Maderoterapia Est\u00e9tica Espa\u00f1a \u2013 Dori L\u00f3pez\u00ae y Escuela Profesional Maderoterapia Online\u00ae.","url":"https:\/\/maderoterapiaonline.org\/it\/","logo":{"@type":"ImageObject","inLanguage":"it-IT","@id":"https:\/\/maderoterapiaonline.org\/it\/#\/schema\/logo\/image\/","url":"https:\/\/maderoterapiaonline.org\/wp-content\/uploads\/2025\/03\/Logo-M-1.png","contentUrl":"https:\/\/maderoterapiaonline.org\/wp-content\/uploads\/2025\/03\/Logo-M-1.png","width":1464,"height":1051,"caption":"Maderoterapia Est\u00e9tica Espa\u00f1a \u2013 Dori L\u00f3pez\u00ae y Escuela Profesional Maderoterapia Online\u00ae."},"image":{"@id":"https:\/\/maderoterapiaonline.org\/it\/#\/schema\/logo\/image\/"}}]}},"_links":{"self":[{"href":"https:\/\/maderoterapiaonline.org\/it\/wp-json\/wp\/v2\/product\/50211","targetHints":{"allow":["GET"]}}],"collection":[{"href":"https:\/\/maderoterapiaonline.org\/it\/wp-json\/wp\/v2\/product"}],"about":[{"href":"https:\/\/maderoterapiaonline.org\/it\/wp-json\/wp\/v2\/types\/product"}],"replies":[{"embeddable":true,"href":"https:\/\/maderoterapiaonline.org\/it\/wp-json\/wp\/v2\/comments?post=50211"}],"wp:featuredmedia":[{"embeddable":true,"href":"https:\/\/maderoterapiaonline.org\/it\/wp-json\/wp\/v2\/media\/50280"}],"wp:attachment":[{"href":"https:\/\/maderoterapiaonline.org\/it\/wp-json\/wp\/v2\/media?parent=50211"}],"wp:term":[{"taxonomy":"product_brand","embeddable":true,"href":"https:\/\/maderoterapiaonline.org\/it\/wp-json\/wp\/v2\/product_brand?post=50211"},{"taxonomy":"product_cat","embeddable":true,"href":"https:\/\/maderoterapiaonline.org\/it\/wp-json\/wp\/v2\/product_cat?post=50211"},{"taxonomy":"product_tag","embeddable":true,"href":"https:\/\/maderoterapiaonline.org\/it\/wp-json\/wp\/v2\/product_tag?post=50211"}],"curies":[{"name":"wp","href":"https:\/\/api.w.org\/{rel}","templated":true}]}}