{"id":50210,"date":"2026-04-14T12:29:46","date_gmt":"2026-04-14T10:29:46","guid":{"rendered":"https:\/\/maderoterapiaonline.org\/?post_type=product&#038;p=50210"},"modified":"2026-04-14T12:30:40","modified_gmt":"2026-04-14T10:30:40","slug":"hidrolato-de-lavanda-250ml","status":"publish","type":"product","link":"https:\/\/maderoterapiaonline.org\/it\/producto\/hidrolato-de-lavanda-250ml\/","title":{"rendered":"Hidrolato de Lavanda 250ml"},"content":{"rendered":"<p data-start=\"1078\" data-end=\"1488\">El <strong data-start=\"1081\" data-end=\"1122\">Hidrolato de Lavanda Natural Esential<\/strong> es uno de los productos m\u00e1s vers\u00e1tiles y transformadores para tus sesiones de Maderoterapia. Conocido como agua floral de lavanda, este hidrolato se obtiene mediante la destilaci\u00f3n al vapor de <em data-start=\"1316\" data-end=\"1340\">Lavandula angustifolia<\/em>, un proceso que conserva todas las propiedades calmantes, antiinflamatorias y equilibrantes de la planta.<button class=\"ms-1 flex h-[25px] text-[10px] leading-[13px] rounded-xl items-center justify-center gap-1 px-2 relative text-token-text-secondary! hover:text-token-text-primary! hover:bg-token-bg-secondary dark:bg-token-main-surface-secondary dark:hover:bg-token-bg-secondary bg-[#f4f4f4] \"><\/button><\/p>\n<p data-start=\"1490\" data-end=\"1939\">En tratamientos reductores y anticelul\u00edticos, la piel puede irritarse o inflamarse debido a la intensidad de las maniobras. Por eso este producto se ha convertido en un imprescindible para m\u00e1s de 2.000 clientas durante sesiones reales de Maderoterapia. Su acci\u00f3n <strong data-start=\"1753\" data-end=\"1776\">antiedema inmediata<\/strong> ayuda a bajar la inflamaci\u00f3n, restaurar el equilibrio hidrolip\u00eddico y mejorar la textura del tejido desde el primer uso.<button class=\"ms-1 flex h-[25px] text-[10px] leading-[13px] rounded-xl items-center justify-center gap-1 px-2 relative text-token-text-secondary! hover:text-token-text-primary! hover:bg-token-bg-secondary dark:bg-token-main-surface-secondary dark:hover:bg-token-bg-secondary bg-[#f4f4f4] \"><\/button><\/p>\n<p data-start=\"1941\" data-end=\"2198\">Su aroma suave y floral crea una experiencia relajante que tranquiliza el sistema nervioso, aportando bienestar f\u00edsico y emocional. Ideal para finalizar sesiones reductoras, tratamientos anticelul\u00edticos o para preparar la piel despu\u00e9s del guante exfoliante.<\/p>\n<p data-start=\"1941\" data-end=\"2198\">[button link=&#8221;https:\/\/naturalesential.com\/wp-content\/uploads\/2025\/01\/Hidrolato-lavanda.pdf&#8221; newwindow=&#8221;yes&#8221;] Descargar Ficha T\u00e9cnica[\/button]<\/p>\n<hr data-start=\"2200\" data-end=\"2203\" \/>\n<h2 data-start=\"2205\" data-end=\"2237\">\ud83c\udf3f <strong data-start=\"2211\" data-end=\"2237\">Principio activo clave Hidrolato de Lavanda<\/strong><\/h2>\n<h3 data-start=\"2238\" data-end=\"2293\"><strong data-start=\"2242\" data-end=\"2291\">Lavandula angustifolia (Hidrolato de Lavanda)<\/strong><\/h3>\n<ul data-start=\"2294\" data-end=\"2709\">\n<li data-start=\"2294\" data-end=\"2373\">\n<p data-start=\"2296\" data-end=\"2373\"><strong data-start=\"2296\" data-end=\"2309\">Calmante:<\/strong> reduce el estr\u00e9s de la piel y las molestias post-tratamiento.<\/p>\n<\/li>\n<li data-start=\"2374\" data-end=\"2455\">\n<p data-start=\"2376\" data-end=\"2455\"><strong data-start=\"2376\" data-end=\"2397\">Antiinflamatorio:<\/strong> disminuye enrojecimiento y edema tras la Maderoterapia.<\/p>\n<\/li>\n<li data-start=\"2456\" data-end=\"2521\">\n<p data-start=\"2458\" data-end=\"2521\"><strong data-start=\"2458\" data-end=\"2474\">Antis\u00e9ptico:<\/strong> ayuda a mantener la piel limpia y protegida.<\/p>\n<\/li>\n<li data-start=\"2522\" data-end=\"2590\">\n<p data-start=\"2524\" data-end=\"2590\"><strong data-start=\"2524\" data-end=\"2540\">Astringente:<\/strong> tonifica, equilibra y controla exceso de grasa.<\/p>\n<\/li>\n<li data-start=\"2591\" data-end=\"2709\">\n<p data-start=\"2593\" data-end=\"2709\"><strong data-start=\"2593\" data-end=\"2608\">Hidratante:<\/strong> humecta sin engrasar, dejando la piel fresca y revitalizada.<br data-start=\"2669\" data-end=\"2672\" \/><button class=\"ms-1 flex h-[25px] text-[10px] leading-[13px] rounded-xl items-center justify-center gap-1 px-2 relative text-token-text-secondary! hover:text-token-text-primary! hover:bg-token-bg-secondary dark:bg-token-main-surface-secondary dark:hover:bg-token-bg-secondary bg-[#f4f4f4] \"><\/button><\/p>\n<p class=\"not-prose mt-0! mb-0! flex-auto truncate\">Hidrolato-lavanda<\/p>\n<\/li>\n<\/ul>\n<hr data-start=\"2711\" data-end=\"2714\" \/>\n<h2 data-start=\"2716\" data-end=\"2747\">\u2728 Beneficios profesionales Hidrolato de Lavanda<\/h2>\n<ul data-start=\"2748\" data-end=\"3159\">\n<li data-start=\"2748\" data-end=\"2790\">\n<p data-start=\"2750\" data-end=\"2790\">Calma la piel irritada inmediatamente.<\/p>\n<\/li>\n<li data-start=\"2791\" data-end=\"2849\">\n<p data-start=\"2793\" data-end=\"2849\">Reduce inflamaci\u00f3n y baja el edema post-maderoterapia.<\/p>\n<\/li>\n<li data-start=\"2850\" data-end=\"2904\">\n<p data-start=\"2852\" data-end=\"2904\">Mejora la textura, dejando la piel suave y fresca.<\/p>\n<\/li>\n<li data-start=\"2905\" data-end=\"2957\">\n<p data-start=\"2907\" data-end=\"2957\">Favorece una recuperaci\u00f3n m\u00e1s r\u00e1pida del tejido.<\/p>\n<\/li>\n<li data-start=\"2958\" data-end=\"3014\">\n<p data-start=\"2960\" data-end=\"3014\">Ideal para piel sensible, inflamada o congestionada.<\/p>\n<\/li>\n<li data-start=\"3015\" data-end=\"3075\">\n<p data-start=\"3017\" data-end=\"3075\">Aporta bienestar emocional gracias a su aroma relajante.<\/p>\n<\/li>\n<li data-start=\"3076\" data-end=\"3159\">\n<p data-start=\"3078\" data-end=\"3159\">Humecta profundamente sin dejar residuos.<br data-start=\"3119\" data-end=\"3122\" \/><button class=\"ms-1 flex h-[25px] text-[10px] leading-[13px] rounded-xl items-center justify-center gap-1 px-2 relative text-token-text-secondary! hover:text-token-text-primary! hover:bg-token-bg-secondary dark:bg-token-main-surface-secondary dark:hover:bg-token-bg-secondary bg-[#f4f4f4] \"><\/button><\/p>\n<p class=\"not-prose mt-0! mb-0! flex-auto truncate\">Hidrolato-lavanda<\/p>\n<\/li>\n<\/ul>\n<hr data-start=\"3161\" data-end=\"3164\" \/>\n<h2 data-start=\"3166\" data-end=\"3203\">\ud83e\uddf4 <strong data-start=\"3172\" data-end=\"3203\">Usos recomendados en cabina<\/strong><\/h2>\n<ul data-start=\"3204\" data-end=\"3503\">\n<li data-start=\"3204\" data-end=\"3246\">\n<p data-start=\"3206\" data-end=\"3246\">Despu\u00e9s de pasar el guante exfoliante.<\/p>\n<\/li>\n<li data-start=\"3247\" data-end=\"3301\">\n<p data-start=\"3249\" data-end=\"3301\">Para bajar la inflamaci\u00f3n tras maniobras intensas.<\/p>\n<\/li>\n<li data-start=\"3302\" data-end=\"3355\">\n<p data-start=\"3304\" data-end=\"3355\">Como t\u00f3nico previo a cremas, aceites o sinergias.<\/p>\n<\/li>\n<li data-start=\"3356\" data-end=\"3411\">\n<p data-start=\"3358\" data-end=\"3411\">Para refrescar la piel entre fases del tratamiento.<\/p>\n<\/li>\n<li data-start=\"3412\" data-end=\"3503\">\n<p data-start=\"3414\" data-end=\"3503\">Ideal para sesiones anticelul\u00edticas y reductoras.<br data-start=\"3463\" data-end=\"3466\" \/><button class=\"ms-1 flex h-[25px] text-[10px] leading-[13px] rounded-xl items-center justify-center gap-1 px-2 relative text-token-text-secondary! hover:text-token-text-primary! hover:bg-token-bg-secondary dark:bg-token-main-surface-secondary dark:hover:bg-token-bg-secondary bg-[#f4f4f4] \"><\/button><\/p>\n<p class=\"not-prose mt-0! mb-0! flex-auto truncate\">Hidrolato-lavanda<\/p>\n<\/li>\n<\/ul>\n<hr data-start=\"3505\" data-end=\"3508\" \/>\n<h2 data-start=\"3510\" data-end=\"3541\">\ud83d\udca0 Modo de uso profesional<\/h2>\n<ul data-start=\"3542\" data-end=\"3768\">\n<li data-start=\"3542\" data-end=\"3599\">\n<p data-start=\"3544\" data-end=\"3599\">Pulverizar directamente sobre la piel tras la sesi\u00f3n.<\/p>\n<\/li>\n<li data-start=\"3600\" data-end=\"3645\">\n<p data-start=\"3602\" data-end=\"3645\">O aplicar con algod\u00f3n en zonas sensibles.<\/p>\n<\/li>\n<li data-start=\"3646\" data-end=\"3768\">\n<p data-start=\"3648\" data-end=\"3768\">Puede usarse tambi\u00e9n como spray refrescante durante el d\u00eda o compresa relajante.<br data-start=\"3728\" data-end=\"3731\" \/><button class=\"ms-1 flex h-[25px] text-[10px] leading-[13px] rounded-xl items-center justify-center gap-1 px-2 relative text-token-text-secondary! hover:text-token-text-primary! hover:bg-token-bg-secondary dark:bg-token-main-surface-secondary dark:hover:bg-token-bg-secondary bg-[#f4f4f4] \"><\/button><\/p>\n<p class=\"not-prose mt-0! mb-0! flex-auto truncate\">Hidrolato-lavanda<\/p>\n<\/li>\n<\/ul>\n<hr data-start=\"3770\" data-end=\"3773\" \/>\n<h2 data-start=\"3775\" data-end=\"3795\">\ud83d\udce6 Presentaci\u00f3n<\/h2>\n<p data-start=\"3796\" data-end=\"3932\">Envase profesional de <strong data-start=\"3818\" data-end=\"3828\">250 ml<\/strong> con pulverizador.<br data-start=\"3846\" data-end=\"3849\" \/>L\u00edquido transparente, aroma suave y floral.<button class=\"ms-1 flex h-[25px] text-[10px] leading-[13px] rounded-xl items-center justify-center gap-1 px-2 relative text-token-text-secondary! hover:text-token-text-primary! hover:bg-token-bg-secondary dark:bg-token-main-surface-secondary dark:hover:bg-token-bg-secondary bg-[#f4f4f4] \"><\/button><\/p>\n<hr data-start=\"3934\" data-end=\"3937\" \/>\n<p data-start=\"3939\" data-end=\"4100\">Este hidrolato no es un simple t\u00f3nico:<br data-start=\"3977\" data-end=\"3980\" \/>es un <strong data-start=\"3986\" data-end=\"4004\">imprescindible<\/strong> para Maderoterapeutas que quieren ofrecer piel calmada, luminosa y revitalizada en cada sesi\u00f3n.<\/p>\n","protected":false},"excerpt":{"rendered":"<p>Potencia tus sesiones de maderoterapia reductora y anticelul\u00edtica con el <strong data-start=\"513\" data-end=\"554\">Hidrolato de Lavanda Natural Esential<\/strong>. Su acci\u00f3n calmante, antiinflamatoria y antiedema reduce la inflamaci\u00f3n al instante, revitaliza la piel y mejora la textura en cada tratamiento. Perfecto para pieles sensibles, irritadas o congestionadas, deja la piel hidratada, suave y equilibrada despu\u00e9s de la sesi\u00f3n.<br \/>\nTambi\u00e9n para sesiones de Maderoterapia facial por sus efectos calmantes.<\/p>\n<p><strong>Cantidad: 250 ml.<\/strong><\/p>\n","protected":false},"featured_media":50270,"comment_status":"closed","ping_status":"closed","template":"","meta":{"content-type":""},"product_brand":[],"product_cat":[588,589,591],"product_tag":[],"class_list":{"0":"post-50210","1":"product","2":"type-product","3":"status-publish","4":"has-post-thumbnail","6":"product_cat-anticelulitico","7":"product_cat-facial","8":"product_cat-reductor-moldeador","10":"first","11":"instock","12":"taxable","13":"shipping-taxable","14":"purchasable","15":"product-type-simple"},"yoast_head":"<!-- This site is optimized with the Yoast SEO plugin v27.2 - https:\/\/yoast.com\/product\/yoast-seo-wordpress\/ -->\n<title>Hidrolato de Lavanda 250ml - Maderoterapia Online<\/title>\n<meta name=\"description\" content=\"Hidrolato de Lavanda 250ml para Maderoterapia: calma, desinflama y tonifica la piel. Perfecto para piel sensible y post-tratamiento. 250 ml.\" \/>\n<meta name=\"robots\" content=\"index, follow, max-snippet:-1, max-image-preview:large, max-video-preview:-1\" \/>\n<link rel=\"canonical\" href=\"https:\/\/maderoterapiaonline.org\/it\/producto\/hidrolato-de-lavanda-250ml\/\" \/>\n<meta property=\"og:locale\" content=\"it_IT\" \/>\n<meta property=\"og:type\" content=\"article\" \/>\n<meta property=\"og:title\" content=\"Hidrolato de Lavanda 250ml - Maderoterapia Online\" \/>\n<meta property=\"og:description\" content=\"Hidrolato de Lavanda 250ml para Maderoterapia: calma, desinflama y tonifica la piel. Perfecto para piel sensible y post-tratamiento. 250 ml.\" \/>\n<meta property=\"og:url\" content=\"https:\/\/maderoterapiaonline.org\/it\/producto\/hidrolato-de-lavanda-250ml\/\" \/>\n<meta property=\"og:site_name\" content=\"Maderoterapia Online\" \/>\n<meta property=\"article:modified_time\" content=\"2026-04-14T10:30:40+00:00\" \/>\n<meta property=\"og:image\" content=\"https:\/\/maderoterapiaonline.org\/wp-content\/uploads\/2026\/04\/hidrolato-de-lavanda-250-ml-natural-esential-maderoterapia.jpg\" \/>\n\t<meta property=\"og:image:width\" content=\"1000\" \/>\n\t<meta property=\"og:image:height\" content=\"1000\" \/>\n\t<meta property=\"og:image:type\" content=\"image\/jpeg\" \/>\n<meta name=\"twitter:card\" content=\"summary_large_image\" \/>\n<meta name=\"twitter:label1\" content=\"Tempo di lettura stimato\" \/>\n\t<meta name=\"twitter:data1\" content=\"2 minuti\" \/>\n<script type=\"application\/ld+json\" class=\"yoast-schema-graph\">{\"@context\":\"https:\/\/schema.org\",\"@graph\":[{\"@type\":\"WebPage\",\"@id\":\"https:\/\/maderoterapiaonline.org\/it\/producto\/hidrolato-de-lavanda-250ml\/\",\"url\":\"https:\/\/maderoterapiaonline.org\/it\/producto\/hidrolato-de-lavanda-250ml\/\",\"name\":\"Hidrolato de Lavanda 250ml - Maderoterapia Online\",\"isPartOf\":{\"@id\":\"https:\/\/maderoterapiaonline.org\/it\/#website\"},\"primaryImageOfPage\":{\"@id\":\"https:\/\/maderoterapiaonline.org\/it\/producto\/hidrolato-de-lavanda-250ml\/#primaryimage\"},\"image\":{\"@id\":\"https:\/\/maderoterapiaonline.org\/it\/producto\/hidrolato-de-lavanda-250ml\/#primaryimage\"},\"thumbnailUrl\":\"https:\/\/maderoterapiaonline.org\/wp-content\/uploads\/2026\/04\/hidrolato-de-lavanda-250-ml-natural-esential-maderoterapia.jpg\",\"datePublished\":\"2026-04-14T10:29:46+00:00\",\"dateModified\":\"2026-04-14T10:30:40+00:00\",\"description\":\"Hidrolato de Lavanda 250ml para Maderoterapia: calma, desinflama y tonifica la piel. Perfecto para piel sensible y post-tratamiento. 250 ml.\",\"breadcrumb\":{\"@id\":\"https:\/\/maderoterapiaonline.org\/it\/producto\/hidrolato-de-lavanda-250ml\/#breadcrumb\"},\"inLanguage\":\"it-IT\",\"potentialAction\":[{\"@type\":\"ReadAction\",\"target\":[\"https:\/\/maderoterapiaonline.org\/it\/producto\/hidrolato-de-lavanda-250ml\/\"]}]},{\"@type\":\"ImageObject\",\"inLanguage\":\"it-IT\",\"@id\":\"https:\/\/maderoterapiaonline.org\/it\/producto\/hidrolato-de-lavanda-250ml\/#primaryimage\",\"url\":\"https:\/\/maderoterapiaonline.org\/wp-content\/uploads\/2026\/04\/hidrolato-de-lavanda-250-ml-natural-esential-maderoterapia.jpg\",\"contentUrl\":\"https:\/\/maderoterapiaonline.org\/wp-content\/uploads\/2026\/04\/hidrolato-de-lavanda-250-ml-natural-esential-maderoterapia.jpg\",\"width\":1000,\"height\":1000},{\"@type\":\"BreadcrumbList\",\"@id\":\"https:\/\/maderoterapiaonline.org\/it\/producto\/hidrolato-de-lavanda-250ml\/#breadcrumb\",\"itemListElement\":[{\"@type\":\"ListItem\",\"position\":1,\"name\":\"Portada\",\"item\":\"https:\/\/maderoterapiaonline.org\/it\/\"},{\"@type\":\"ListItem\",\"position\":2,\"name\":\"Negozio\",\"item\":\"https:\/\/maderoterapiaonline.org\/it\/kit-legni\/\"},{\"@type\":\"ListItem\",\"position\":3,\"name\":\"Hidrolato de Lavanda 250ml\"}]},{\"@type\":\"WebSite\",\"@id\":\"https:\/\/maderoterapiaonline.org\/it\/#website\",\"url\":\"https:\/\/maderoterapiaonline.org\/it\/\",\"name\":\"Maderoterapia Online\",\"description\":\"Compra tu kit de Maderoterapia Profesional. Env\u00edos 24\/48h. Atenci\u00f3n al cliente por profesionales Maderoterapeutas\",\"publisher\":{\"@id\":\"https:\/\/maderoterapiaonline.org\/it\/#organization\"},\"alternateName\":\"Maderoterapiaonline.org\",\"potentialAction\":[{\"@type\":\"SearchAction\",\"target\":{\"@type\":\"EntryPoint\",\"urlTemplate\":\"https:\/\/maderoterapiaonline.org\/it\/?s={search_term_string}\"},\"query-input\":{\"@type\":\"PropertyValueSpecification\",\"valueRequired\":true,\"valueName\":\"search_term_string\"}}],\"inLanguage\":\"it-IT\"},{\"@type\":\"Organization\",\"@id\":\"https:\/\/maderoterapiaonline.org\/it\/#organization\",\"name\":\"Maderoterapia Est\u00e9tica Espa\u00f1a \u2013 Dori L\u00f3pez\u00ae y Escuela Profesional Maderoterapia Online\u00ae.\",\"url\":\"https:\/\/maderoterapiaonline.org\/it\/\",\"logo\":{\"@type\":\"ImageObject\",\"inLanguage\":\"it-IT\",\"@id\":\"https:\/\/maderoterapiaonline.org\/it\/#\/schema\/logo\/image\/\",\"url\":\"https:\/\/maderoterapiaonline.org\/wp-content\/uploads\/2025\/03\/Logo-M-1.png\",\"contentUrl\":\"https:\/\/maderoterapiaonline.org\/wp-content\/uploads\/2025\/03\/Logo-M-1.png\",\"width\":1464,\"height\":1051,\"caption\":\"Maderoterapia Est\u00e9tica Espa\u00f1a \u2013 Dori L\u00f3pez\u00ae y Escuela Profesional Maderoterapia Online\u00ae.\"},\"image\":{\"@id\":\"https:\/\/maderoterapiaonline.org\/it\/#\/schema\/logo\/image\/\"}}]}<\/script>\n<!-- \/ Yoast SEO plugin. -->","yoast_head_json":{"title":"Hidrolato de Lavanda 250ml - Maderoterapia Online","description":"Hidrolato de Lavanda 250ml para Maderoterapia: calma, desinflama y tonifica la piel. Perfecto para piel sensible y post-tratamiento. 250 ml.","robots":{"index":"index","follow":"follow","max-snippet":"max-snippet:-1","max-image-preview":"max-image-preview:large","max-video-preview":"max-video-preview:-1"},"canonical":"https:\/\/maderoterapiaonline.org\/it\/producto\/hidrolato-de-lavanda-250ml\/","og_locale":"it_IT","og_type":"article","og_title":"Hidrolato de Lavanda 250ml - Maderoterapia Online","og_description":"Hidrolato de Lavanda 250ml para Maderoterapia: calma, desinflama y tonifica la piel. Perfecto para piel sensible y post-tratamiento. 250 ml.","og_url":"https:\/\/maderoterapiaonline.org\/it\/producto\/hidrolato-de-lavanda-250ml\/","og_site_name":"Maderoterapia Online","article_modified_time":"2026-04-14T10:30:40+00:00","og_image":[{"width":1000,"height":1000,"url":"https:\/\/maderoterapiaonline.org\/wp-content\/uploads\/2026\/04\/hidrolato-de-lavanda-250-ml-natural-esential-maderoterapia.jpg","type":"image\/jpeg"}],"twitter_card":"summary_large_image","twitter_misc":{"Tempo di lettura stimato":"2 minuti"},"schema":{"@context":"https:\/\/schema.org","@graph":[{"@type":"WebPage","@id":"https:\/\/maderoterapiaonline.org\/it\/producto\/hidrolato-de-lavanda-250ml\/","url":"https:\/\/maderoterapiaonline.org\/it\/producto\/hidrolato-de-lavanda-250ml\/","name":"Hidrolato de Lavanda 250ml - Maderoterapia Online","isPartOf":{"@id":"https:\/\/maderoterapiaonline.org\/it\/#website"},"primaryImageOfPage":{"@id":"https:\/\/maderoterapiaonline.org\/it\/producto\/hidrolato-de-lavanda-250ml\/#primaryimage"},"image":{"@id":"https:\/\/maderoterapiaonline.org\/it\/producto\/hidrolato-de-lavanda-250ml\/#primaryimage"},"thumbnailUrl":"https:\/\/maderoterapiaonline.org\/wp-content\/uploads\/2026\/04\/hidrolato-de-lavanda-250-ml-natural-esential-maderoterapia.jpg","datePublished":"2026-04-14T10:29:46+00:00","dateModified":"2026-04-14T10:30:40+00:00","description":"Hidrolato de Lavanda 250ml para Maderoterapia: calma, desinflama y tonifica la piel. Perfecto para piel sensible y post-tratamiento. 250 ml.","breadcrumb":{"@id":"https:\/\/maderoterapiaonline.org\/it\/producto\/hidrolato-de-lavanda-250ml\/#breadcrumb"},"inLanguage":"it-IT","potentialAction":[{"@type":"ReadAction","target":["https:\/\/maderoterapiaonline.org\/it\/producto\/hidrolato-de-lavanda-250ml\/"]}]},{"@type":"ImageObject","inLanguage":"it-IT","@id":"https:\/\/maderoterapiaonline.org\/it\/producto\/hidrolato-de-lavanda-250ml\/#primaryimage","url":"https:\/\/maderoterapiaonline.org\/wp-content\/uploads\/2026\/04\/hidrolato-de-lavanda-250-ml-natural-esential-maderoterapia.jpg","contentUrl":"https:\/\/maderoterapiaonline.org\/wp-content\/uploads\/2026\/04\/hidrolato-de-lavanda-250-ml-natural-esential-maderoterapia.jpg","width":1000,"height":1000},{"@type":"BreadcrumbList","@id":"https:\/\/maderoterapiaonline.org\/it\/producto\/hidrolato-de-lavanda-250ml\/#breadcrumb","itemListElement":[{"@type":"ListItem","position":1,"name":"Portada","item":"https:\/\/maderoterapiaonline.org\/it\/"},{"@type":"ListItem","position":2,"name":"Negozio","item":"https:\/\/maderoterapiaonline.org\/it\/kit-legni\/"},{"@type":"ListItem","position":3,"name":"Hidrolato de Lavanda 250ml"}]},{"@type":"WebSite","@id":"https:\/\/maderoterapiaonline.org\/it\/#website","url":"https:\/\/maderoterapiaonline.org\/it\/","name":"Maderoterapia Online","description":"Compra tu kit de Maderoterapia Profesional. Env\u00edos 24\/48h. Atenci\u00f3n al cliente por profesionales Maderoterapeutas","publisher":{"@id":"https:\/\/maderoterapiaonline.org\/it\/#organization"},"alternateName":"Maderoterapiaonline.org","potentialAction":[{"@type":"SearchAction","target":{"@type":"EntryPoint","urlTemplate":"https:\/\/maderoterapiaonline.org\/it\/?s={search_term_string}"},"query-input":{"@type":"PropertyValueSpecification","valueRequired":true,"valueName":"search_term_string"}}],"inLanguage":"it-IT"},{"@type":"Organization","@id":"https:\/\/maderoterapiaonline.org\/it\/#organization","name":"Maderoterapia Est\u00e9tica Espa\u00f1a \u2013 Dori L\u00f3pez\u00ae y Escuela Profesional Maderoterapia Online\u00ae.","url":"https:\/\/maderoterapiaonline.org\/it\/","logo":{"@type":"ImageObject","inLanguage":"it-IT","@id":"https:\/\/maderoterapiaonline.org\/it\/#\/schema\/logo\/image\/","url":"https:\/\/maderoterapiaonline.org\/wp-content\/uploads\/2025\/03\/Logo-M-1.png","contentUrl":"https:\/\/maderoterapiaonline.org\/wp-content\/uploads\/2025\/03\/Logo-M-1.png","width":1464,"height":1051,"caption":"Maderoterapia Est\u00e9tica Espa\u00f1a \u2013 Dori L\u00f3pez\u00ae y Escuela Profesional Maderoterapia Online\u00ae."},"image":{"@id":"https:\/\/maderoterapiaonline.org\/it\/#\/schema\/logo\/image\/"}}]}},"_links":{"self":[{"href":"https:\/\/maderoterapiaonline.org\/it\/wp-json\/wp\/v2\/product\/50210","targetHints":{"allow":["GET"]}}],"collection":[{"href":"https:\/\/maderoterapiaonline.org\/it\/wp-json\/wp\/v2\/product"}],"about":[{"href":"https:\/\/maderoterapiaonline.org\/it\/wp-json\/wp\/v2\/types\/product"}],"replies":[{"embeddable":true,"href":"https:\/\/maderoterapiaonline.org\/it\/wp-json\/wp\/v2\/comments?post=50210"}],"wp:featuredmedia":[{"embeddable":true,"href":"https:\/\/maderoterapiaonline.org\/it\/wp-json\/wp\/v2\/media\/50270"}],"wp:attachment":[{"href":"https:\/\/maderoterapiaonline.org\/it\/wp-json\/wp\/v2\/media?parent=50210"}],"wp:term":[{"taxonomy":"product_brand","embeddable":true,"href":"https:\/\/maderoterapiaonline.org\/it\/wp-json\/wp\/v2\/product_brand?post=50210"},{"taxonomy":"product_cat","embeddable":true,"href":"https:\/\/maderoterapiaonline.org\/it\/wp-json\/wp\/v2\/product_cat?post=50210"},{"taxonomy":"product_tag","embeddable":true,"href":"https:\/\/maderoterapiaonline.org\/it\/wp-json\/wp\/v2\/product_tag?post=50210"}],"curies":[{"name":"wp","href":"https:\/\/api.w.org\/{rel}","templated":true}]}}