{"id":44996,"date":"2023-05-24T05:08:51","date_gmt":"2023-05-24T03:08:51","guid":{"rendered":"https:\/\/maderoterapiaonline.org\/producto\/roller-3-cubi-terapia-del-legno\/"},"modified":"2023-05-24T05:08:51","modified_gmt":"2023-05-24T03:08:51","slug":"roller-3-cubi-terapia-del-legno","status":"publish","type":"product","link":"https:\/\/maderoterapiaonline.org\/it\/producto\/roller-3-cubi-terapia-del-legno\/","title":{"rendered":"Rullo 3 cubetti Maderoterapia"},"content":{"rendered":"<p><strong>Rullo da 3 cubetti<\/strong> per applicazione in Maderoterapia realizzato in legno di loto naturale e progettato per il negozio Maderoterapia.<\/p>\n<p>Il rullo a 3 cubi \u00e8 uno degli elementi pi\u00f9 potenti utilizzati nella Terapia Estetica del Legno, in quanto viene utilizzato per staccare il grasso pi\u00f9 resistente, per poterlo drenare attraverso i meccanismi di eliminazione dell&#8217;organismo. Questo design unico \u00e8 adatto a corpi sottili e aree molto piccole.<\/p>\n<p>Con il rullo a cubetti del negozio Maderoterapia puoi ottenere i migliori risultati con la garanzia, nella zona di polpacci, cosce, glutei, addome, fianchi, schiena e braccia, il suo design anatomico di 3 cubi consente l&#8217;accesso a zone pi\u00f9 piccole senza creare disagio nella persona.<\/p>\n<p>&nbsp;<\/p>\n","protected":false},"excerpt":{"rendered":"<p>Ottieni ORA! Il tuo <strong>rullo a 3 cubi<\/strong> per applicazione in Maderoterapia realizzato in legno di loto naturale e progettato per il negozio Maderoterapia.<\/p>\n<p>Il rullo a 3 cubi \u00e8 uno degli elementi pi\u00f9 potenti utilizzati nella Terapia Estetica del Legno, in quanto viene utilizzato per staccare il grasso pi\u00f9 resistente, per poterlo drenare attraverso i meccanismi di eliminazione dell&#8217;organismo. Questo design unico \u00e8 adatto a corpi sottili e aree molto piccole.<\/p>\n<p>Con il rullo a cubetti del negozio Maderoterapia puoi ottenere i migliori risultati con la garanzia, nella zona di polpacci, cosce, glutei, addome, fianchi, schiena e braccia, il suo design anatomico di 3 cubi consente l&#8217;accesso a zone pi\u00f9 piccole senza creare disagio nella persona.<\/p>\n<p>&nbsp;<\/p>\n","protected":false},"featured_media":45001,"comment_status":"closed","ping_status":"closed","template":"","meta":{"content-type":""},"product_brand":[],"product_cat":[455,453],"product_tag":[467],"class_list":{"0":"post-44996","1":"product","2":"type-product","3":"status-publish","4":"has-post-thumbnail","6":"product_cat-elementi-in-legno","7":"product_cat-terapia-del-legno","8":"product_tag-terapia-del-legno-per-il-corpo","10":"first","11":"instock","12":"taxable","13":"shipping-taxable","14":"purchasable","15":"product-type-simple"},"yoast_head":"<!-- This site is optimized with the Yoast SEO plugin v27.2 - https:\/\/yoast.com\/product\/yoast-seo-wordpress\/ -->\n<title>Rullo 3 cubetti Maderoterapia - Maderoterapia Online<\/title>\n<meta name=\"robots\" content=\"index, follow, max-snippet:-1, max-image-preview:large, max-video-preview:-1\" \/>\n<link rel=\"canonical\" href=\"https:\/\/maderoterapiaonline.org\/it\/producto\/roller-3-cubi-terapia-del-legno\/\" \/>\n<meta property=\"og:locale\" content=\"it_IT\" \/>\n<meta property=\"og:type\" content=\"article\" \/>\n<meta property=\"og:title\" content=\"Rullo 3 cubetti Maderoterapia - Maderoterapia Online\" \/>\n<meta property=\"og:description\" content=\"Ottieni ORA! Il tuo rullo a 3 cubi per applicazione in Maderoterapia realizzato in legno di loto naturale e progettato per il negozio Maderoterapia. Il rullo a 3 cubi \u00e8 uno degli elementi pi\u00f9 potenti utilizzati nella Terapia Estetica del Legno, in quanto viene utilizzato per staccare il grasso pi\u00f9 resistente, per poterlo drenare attraverso i meccanismi di eliminazione dell&#039;organismo. Questo design unico \u00e8 adatto a corpi sottili e aree molto piccole. Con il rullo a cubetti del negozio Maderoterapia puoi ottenere i migliori risultati con la garanzia, nella zona di polpacci, cosce, glutei, addome, fianchi, schiena e braccia, il suo design anatomico di 3 cubi consente l&#039;accesso a zone pi\u00f9 piccole senza creare disagio nella persona. &nbsp;\" \/>\n<meta property=\"og:url\" content=\"https:\/\/maderoterapiaonline.org\/it\/producto\/roller-3-cubi-terapia-del-legno\/\" \/>\n<meta property=\"og:site_name\" content=\"Maderoterapia Online\" \/>\n<meta property=\"og:image\" content=\"https:\/\/maderoterapiaonline.org\/wp-content\/uploads\/2023\/05\/Rodillo-de-3-cubos.jpg\" \/>\n\t<meta property=\"og:image:width\" content=\"1300\" \/>\n\t<meta property=\"og:image:height\" content=\"1080\" \/>\n\t<meta property=\"og:image:type\" content=\"image\/jpeg\" \/>\n<meta name=\"twitter:card\" content=\"summary_large_image\" \/>\n<meta name=\"twitter:label1\" content=\"Tempo di lettura stimato\" \/>\n\t<meta name=\"twitter:data1\" content=\"1 minuto\" \/>\n<script type=\"application\/ld+json\" class=\"yoast-schema-graph\">{\"@context\":\"https:\/\/schema.org\",\"@graph\":[{\"@type\":\"WebPage\",\"@id\":\"https:\/\/maderoterapiaonline.org\/it\/producto\/roller-3-cubi-terapia-del-legno\/\",\"url\":\"https:\/\/maderoterapiaonline.org\/it\/producto\/roller-3-cubi-terapia-del-legno\/\",\"name\":\"Rullo 3 cubetti Maderoterapia - Maderoterapia Online\",\"isPartOf\":{\"@id\":\"https:\/\/maderoterapiaonline.org\/it\/#website\"},\"primaryImageOfPage\":{\"@id\":\"https:\/\/maderoterapiaonline.org\/it\/producto\/roller-3-cubi-terapia-del-legno\/#primaryimage\"},\"image\":{\"@id\":\"https:\/\/maderoterapiaonline.org\/it\/producto\/roller-3-cubi-terapia-del-legno\/#primaryimage\"},\"thumbnailUrl\":\"https:\/\/maderoterapiaonline.org\/wp-content\/uploads\/2023\/05\/Rodillo-de-3-cubos.jpg\",\"datePublished\":\"2023-05-24T03:08:51+00:00\",\"breadcrumb\":{\"@id\":\"https:\/\/maderoterapiaonline.org\/it\/producto\/roller-3-cubi-terapia-del-legno\/#breadcrumb\"},\"inLanguage\":\"it-IT\",\"potentialAction\":[{\"@type\":\"ReadAction\",\"target\":[\"https:\/\/maderoterapiaonline.org\/it\/producto\/roller-3-cubi-terapia-del-legno\/\"]}]},{\"@type\":\"ImageObject\",\"inLanguage\":\"it-IT\",\"@id\":\"https:\/\/maderoterapiaonline.org\/it\/producto\/roller-3-cubi-terapia-del-legno\/#primaryimage\",\"url\":\"https:\/\/maderoterapiaonline.org\/wp-content\/uploads\/2023\/05\/Rodillo-de-3-cubos.jpg\",\"contentUrl\":\"https:\/\/maderoterapiaonline.org\/wp-content\/uploads\/2023\/05\/Rodillo-de-3-cubos.jpg\",\"width\":1300,\"height\":1080,\"caption\":\"Rodillo 3 cubos Maderoterapia\"},{\"@type\":\"BreadcrumbList\",\"@id\":\"https:\/\/maderoterapiaonline.org\/it\/producto\/roller-3-cubi-terapia-del-legno\/#breadcrumb\",\"itemListElement\":[{\"@type\":\"ListItem\",\"position\":1,\"name\":\"Portada\",\"item\":\"https:\/\/maderoterapiaonline.org\/it\/\"},{\"@type\":\"ListItem\",\"position\":2,\"name\":\"Negozio\",\"item\":\"https:\/\/maderoterapiaonline.org\/it\/kit-legni\/\"},{\"@type\":\"ListItem\",\"position\":3,\"name\":\"Rullo 3 cubetti Maderoterapia\"}]},{\"@type\":\"WebSite\",\"@id\":\"https:\/\/maderoterapiaonline.org\/it\/#website\",\"url\":\"https:\/\/maderoterapiaonline.org\/it\/\",\"name\":\"Maderoterapia Online\",\"description\":\"Compra tu kit de Maderoterapia Profesional. Env\u00edos 24\/48h. Atenci\u00f3n al cliente por profesionales Maderoterapeutas\",\"publisher\":{\"@id\":\"https:\/\/maderoterapiaonline.org\/it\/#organization\"},\"alternateName\":\"Maderoterapiaonline.org\",\"potentialAction\":[{\"@type\":\"SearchAction\",\"target\":{\"@type\":\"EntryPoint\",\"urlTemplate\":\"https:\/\/maderoterapiaonline.org\/it\/?s={search_term_string}\"},\"query-input\":{\"@type\":\"PropertyValueSpecification\",\"valueRequired\":true,\"valueName\":\"search_term_string\"}}],\"inLanguage\":\"it-IT\"},{\"@type\":\"Organization\",\"@id\":\"https:\/\/maderoterapiaonline.org\/it\/#organization\",\"name\":\"Maderoterapia Est\u00e9tica Espa\u00f1a \u2013 Dori L\u00f3pez\u00ae y Escuela Profesional Maderoterapia Online\u00ae.\",\"url\":\"https:\/\/maderoterapiaonline.org\/it\/\",\"logo\":{\"@type\":\"ImageObject\",\"inLanguage\":\"it-IT\",\"@id\":\"https:\/\/maderoterapiaonline.org\/it\/#\/schema\/logo\/image\/\",\"url\":\"https:\/\/maderoterapiaonline.org\/wp-content\/uploads\/2025\/03\/Logo-M-1.png\",\"contentUrl\":\"https:\/\/maderoterapiaonline.org\/wp-content\/uploads\/2025\/03\/Logo-M-1.png\",\"width\":1464,\"height\":1051,\"caption\":\"Maderoterapia Est\u00e9tica Espa\u00f1a \u2013 Dori L\u00f3pez\u00ae y Escuela Profesional Maderoterapia Online\u00ae.\"},\"image\":{\"@id\":\"https:\/\/maderoterapiaonline.org\/it\/#\/schema\/logo\/image\/\"}}]}<\/script>\n<!-- \/ Yoast SEO plugin. -->","yoast_head_json":{"title":"Rullo 3 cubetti Maderoterapia - Maderoterapia Online","robots":{"index":"index","follow":"follow","max-snippet":"max-snippet:-1","max-image-preview":"max-image-preview:large","max-video-preview":"max-video-preview:-1"},"canonical":"https:\/\/maderoterapiaonline.org\/it\/producto\/roller-3-cubi-terapia-del-legno\/","og_locale":"it_IT","og_type":"article","og_title":"Rullo 3 cubetti Maderoterapia - Maderoterapia Online","og_description":"Ottieni ORA! Il tuo rullo a 3 cubi per applicazione in Maderoterapia realizzato in legno di loto naturale e progettato per il negozio Maderoterapia. Il rullo a 3 cubi \u00e8 uno degli elementi pi\u00f9 potenti utilizzati nella Terapia Estetica del Legno, in quanto viene utilizzato per staccare il grasso pi\u00f9 resistente, per poterlo drenare attraverso i meccanismi di eliminazione dell'organismo. Questo design unico \u00e8 adatto a corpi sottili e aree molto piccole. Con il rullo a cubetti del negozio Maderoterapia puoi ottenere i migliori risultati con la garanzia, nella zona di polpacci, cosce, glutei, addome, fianchi, schiena e braccia, il suo design anatomico di 3 cubi consente l'accesso a zone pi\u00f9 piccole senza creare disagio nella persona. &nbsp;","og_url":"https:\/\/maderoterapiaonline.org\/it\/producto\/roller-3-cubi-terapia-del-legno\/","og_site_name":"Maderoterapia Online","og_image":[{"width":1300,"height":1080,"url":"https:\/\/maderoterapiaonline.org\/wp-content\/uploads\/2023\/05\/Rodillo-de-3-cubos.jpg","type":"image\/jpeg"}],"twitter_card":"summary_large_image","twitter_misc":{"Tempo di lettura stimato":"1 minuto"},"schema":{"@context":"https:\/\/schema.org","@graph":[{"@type":"WebPage","@id":"https:\/\/maderoterapiaonline.org\/it\/producto\/roller-3-cubi-terapia-del-legno\/","url":"https:\/\/maderoterapiaonline.org\/it\/producto\/roller-3-cubi-terapia-del-legno\/","name":"Rullo 3 cubetti Maderoterapia - Maderoterapia Online","isPartOf":{"@id":"https:\/\/maderoterapiaonline.org\/it\/#website"},"primaryImageOfPage":{"@id":"https:\/\/maderoterapiaonline.org\/it\/producto\/roller-3-cubi-terapia-del-legno\/#primaryimage"},"image":{"@id":"https:\/\/maderoterapiaonline.org\/it\/producto\/roller-3-cubi-terapia-del-legno\/#primaryimage"},"thumbnailUrl":"https:\/\/maderoterapiaonline.org\/wp-content\/uploads\/2023\/05\/Rodillo-de-3-cubos.jpg","datePublished":"2023-05-24T03:08:51+00:00","breadcrumb":{"@id":"https:\/\/maderoterapiaonline.org\/it\/producto\/roller-3-cubi-terapia-del-legno\/#breadcrumb"},"inLanguage":"it-IT","potentialAction":[{"@type":"ReadAction","target":["https:\/\/maderoterapiaonline.org\/it\/producto\/roller-3-cubi-terapia-del-legno\/"]}]},{"@type":"ImageObject","inLanguage":"it-IT","@id":"https:\/\/maderoterapiaonline.org\/it\/producto\/roller-3-cubi-terapia-del-legno\/#primaryimage","url":"https:\/\/maderoterapiaonline.org\/wp-content\/uploads\/2023\/05\/Rodillo-de-3-cubos.jpg","contentUrl":"https:\/\/maderoterapiaonline.org\/wp-content\/uploads\/2023\/05\/Rodillo-de-3-cubos.jpg","width":1300,"height":1080,"caption":"Rodillo 3 cubos Maderoterapia"},{"@type":"BreadcrumbList","@id":"https:\/\/maderoterapiaonline.org\/it\/producto\/roller-3-cubi-terapia-del-legno\/#breadcrumb","itemListElement":[{"@type":"ListItem","position":1,"name":"Portada","item":"https:\/\/maderoterapiaonline.org\/it\/"},{"@type":"ListItem","position":2,"name":"Negozio","item":"https:\/\/maderoterapiaonline.org\/it\/kit-legni\/"},{"@type":"ListItem","position":3,"name":"Rullo 3 cubetti Maderoterapia"}]},{"@type":"WebSite","@id":"https:\/\/maderoterapiaonline.org\/it\/#website","url":"https:\/\/maderoterapiaonline.org\/it\/","name":"Maderoterapia Online","description":"Compra tu kit de Maderoterapia Profesional. Env\u00edos 24\/48h. Atenci\u00f3n al cliente por profesionales Maderoterapeutas","publisher":{"@id":"https:\/\/maderoterapiaonline.org\/it\/#organization"},"alternateName":"Maderoterapiaonline.org","potentialAction":[{"@type":"SearchAction","target":{"@type":"EntryPoint","urlTemplate":"https:\/\/maderoterapiaonline.org\/it\/?s={search_term_string}"},"query-input":{"@type":"PropertyValueSpecification","valueRequired":true,"valueName":"search_term_string"}}],"inLanguage":"it-IT"},{"@type":"Organization","@id":"https:\/\/maderoterapiaonline.org\/it\/#organization","name":"Maderoterapia Est\u00e9tica Espa\u00f1a \u2013 Dori L\u00f3pez\u00ae y Escuela Profesional Maderoterapia Online\u00ae.","url":"https:\/\/maderoterapiaonline.org\/it\/","logo":{"@type":"ImageObject","inLanguage":"it-IT","@id":"https:\/\/maderoterapiaonline.org\/it\/#\/schema\/logo\/image\/","url":"https:\/\/maderoterapiaonline.org\/wp-content\/uploads\/2025\/03\/Logo-M-1.png","contentUrl":"https:\/\/maderoterapiaonline.org\/wp-content\/uploads\/2025\/03\/Logo-M-1.png","width":1464,"height":1051,"caption":"Maderoterapia Est\u00e9tica Espa\u00f1a \u2013 Dori L\u00f3pez\u00ae y Escuela Profesional Maderoterapia Online\u00ae."},"image":{"@id":"https:\/\/maderoterapiaonline.org\/it\/#\/schema\/logo\/image\/"}}]}},"_links":{"self":[{"href":"https:\/\/maderoterapiaonline.org\/it\/wp-json\/wp\/v2\/product\/44996","targetHints":{"allow":["GET"]}}],"collection":[{"href":"https:\/\/maderoterapiaonline.org\/it\/wp-json\/wp\/v2\/product"}],"about":[{"href":"https:\/\/maderoterapiaonline.org\/it\/wp-json\/wp\/v2\/types\/product"}],"replies":[{"embeddable":true,"href":"https:\/\/maderoterapiaonline.org\/it\/wp-json\/wp\/v2\/comments?post=44996"}],"wp:featuredmedia":[{"embeddable":true,"href":"https:\/\/maderoterapiaonline.org\/it\/wp-json\/wp\/v2\/media\/45001"}],"wp:attachment":[{"href":"https:\/\/maderoterapiaonline.org\/it\/wp-json\/wp\/v2\/media?parent=44996"}],"wp:term":[{"taxonomy":"product_brand","embeddable":true,"href":"https:\/\/maderoterapiaonline.org\/it\/wp-json\/wp\/v2\/product_brand?post=44996"},{"taxonomy":"product_cat","embeddable":true,"href":"https:\/\/maderoterapiaonline.org\/it\/wp-json\/wp\/v2\/product_cat?post=44996"},{"taxonomy":"product_tag","embeddable":true,"href":"https:\/\/maderoterapiaonline.org\/it\/wp-json\/wp\/v2\/product_tag?post=44996"}],"curies":[{"name":"wp","href":"https:\/\/api.w.org\/{rel}","templated":true}]}}