{"id":44990,"date":"2023-05-29T05:08:59","date_gmt":"2023-05-29T03:08:59","guid":{"rendered":"https:\/\/maderoterapiaonline.org\/producto\/roller-4-cubes-style\/"},"modified":"2025-10-08T10:04:08","modified_gmt":"2025-10-08T08:04:08","slug":"roller-4-cubes-style","status":"publish","type":"product","link":"https:\/\/maderoterapiaonline.org\/it\/producto\/roller-4-cubes-style\/","title":{"rendered":"Rullo per Maderoterapia 4 cubi Style"},"content":{"rendered":"","protected":false},"excerpt":{"rendered":"<p>Scopri il <strong>rullo stile Maderoterapia 4 secchi<\/strong> per l&#8217;applicazione in Maderoterapia realizzato in legno e progettato da Maderoterapia Est\u00e9tica Spagna\u00ae<\/p>\n<p>Il rullo Maderoterapia stile 4 cubi \u00e8 uno degli elementi pi\u00f9 utilizzati nella Terapia Estetica del Legno, infatti \u00e8 soprannominato lo spianatore della pancia, in quanto viene utilizzato per staccare il grasso pi\u00f9 resistente, per poterlo drenare attraverso i meccanismi di eliminazione dell&#8217;organismo.<\/p>\n<p>Con lo stile cube roller di Maderoterapia online puoi ottenere i migliori risultati con garanzia, nella zona di polpacci, cosce, glutei, addome, fianchi, schiena e braccia, il suo design anatomico di 4 cubi permette l&#8217;accesso a zone pi\u00f9 piccole senza creare disagio nella persona e allo stesso tempo pu\u00f2 coprire grandi superfici con poco sforzo.<\/p>\n","protected":false},"featured_media":44992,"comment_status":"closed","ping_status":"closed","template":"","meta":{"content-type":""},"product_brand":[],"product_cat":[455,453],"product_tag":[],"class_list":{"0":"post-44990","1":"product","2":"type-product","3":"status-publish","4":"has-post-thumbnail","6":"product_cat-elementi-in-legno","7":"product_cat-terapia-del-legno","9":"first","10":"instock","11":"taxable","12":"shipping-taxable","13":"purchasable","14":"product-type-simple"},"yoast_head":"<!-- This site is optimized with the Yoast SEO plugin v27.2 - https:\/\/yoast.com\/product\/yoast-seo-wordpress\/ -->\n<title>Rullo per Maderoterapia 4 cubi Style - Maderoterapia Online<\/title>\n<meta name=\"robots\" content=\"index, follow, max-snippet:-1, max-image-preview:large, max-video-preview:-1\" \/>\n<link rel=\"canonical\" href=\"https:\/\/maderoterapiaonline.org\/it\/producto\/roller-4-cubes-style\/\" \/>\n<meta property=\"og:locale\" content=\"it_IT\" \/>\n<meta property=\"og:type\" content=\"article\" \/>\n<meta property=\"og:title\" content=\"Rullo per Maderoterapia 4 cubi Style - Maderoterapia Online\" \/>\n<meta property=\"og:description\" content=\"Scopri il rullo stile Maderoterapia 4 secchi per l&#039;applicazione in Maderoterapia realizzato in legno e progettato da Maderoterapia Est\u00e9tica Spagna\u00ae Il rullo Maderoterapia stile 4 cubi \u00e8 uno degli elementi pi\u00f9 utilizzati nella Terapia Estetica del Legno, infatti \u00e8 soprannominato lo spianatore della pancia, in quanto viene utilizzato per staccare il grasso pi\u00f9 resistente, per poterlo drenare attraverso i meccanismi di eliminazione dell&#039;organismo. Con lo stile cube roller di Maderoterapia online puoi ottenere i migliori risultati con garanzia, nella zona di polpacci, cosce, glutei, addome, fianchi, schiena e braccia, il suo design anatomico di 4 cubi permette l&#039;accesso a zone pi\u00f9 piccole senza creare disagio nella persona e allo stesso tempo pu\u00f2 coprire grandi superfici con poco sforzo.\" \/>\n<meta property=\"og:url\" content=\"https:\/\/maderoterapiaonline.org\/it\/producto\/roller-4-cubes-style\/\" \/>\n<meta property=\"og:site_name\" content=\"Maderoterapia Online\" \/>\n<meta property=\"article:modified_time\" content=\"2025-10-08T08:04:08+00:00\" \/>\n<meta property=\"og:image\" content=\"https:\/\/maderoterapiaonline.org\/wp-content\/uploads\/2023\/05\/rodillo-4-cubos-haya-colombia-styles.jpg\" \/>\n\t<meta property=\"og:image:width\" content=\"1080\" \/>\n\t<meta property=\"og:image:height\" content=\"1080\" \/>\n\t<meta property=\"og:image:type\" content=\"image\/jpeg\" \/>\n<meta name=\"twitter:card\" content=\"summary_large_image\" \/>\n<script type=\"application\/ld+json\" class=\"yoast-schema-graph\">{\"@context\":\"https:\/\/schema.org\",\"@graph\":[{\"@type\":\"WebPage\",\"@id\":\"https:\/\/maderoterapiaonline.org\/it\/producto\/roller-4-cubes-style\/\",\"url\":\"https:\/\/maderoterapiaonline.org\/it\/producto\/roller-4-cubes-style\/\",\"name\":\"Rullo per Maderoterapia 4 cubi Style - Maderoterapia Online\",\"isPartOf\":{\"@id\":\"https:\/\/maderoterapiaonline.org\/it\/#website\"},\"primaryImageOfPage\":{\"@id\":\"https:\/\/maderoterapiaonline.org\/it\/producto\/roller-4-cubes-style\/#primaryimage\"},\"image\":{\"@id\":\"https:\/\/maderoterapiaonline.org\/it\/producto\/roller-4-cubes-style\/#primaryimage\"},\"thumbnailUrl\":\"https:\/\/maderoterapiaonline.org\/wp-content\/uploads\/2023\/05\/rodillo-4-cubos-haya-colombia-styles.jpg\",\"datePublished\":\"2023-05-29T03:08:59+00:00\",\"dateModified\":\"2025-10-08T08:04:08+00:00\",\"breadcrumb\":{\"@id\":\"https:\/\/maderoterapiaonline.org\/it\/producto\/roller-4-cubes-style\/#breadcrumb\"},\"inLanguage\":\"it-IT\",\"potentialAction\":[{\"@type\":\"ReadAction\",\"target\":[\"https:\/\/maderoterapiaonline.org\/it\/producto\/roller-4-cubes-style\/\"]}]},{\"@type\":\"ImageObject\",\"inLanguage\":\"it-IT\",\"@id\":\"https:\/\/maderoterapiaonline.org\/it\/producto\/roller-4-cubes-style\/#primaryimage\",\"url\":\"https:\/\/maderoterapiaonline.org\/wp-content\/uploads\/2023\/05\/rodillo-4-cubos-haya-colombia-styles.jpg\",\"contentUrl\":\"https:\/\/maderoterapiaonline.org\/wp-content\/uploads\/2023\/05\/rodillo-4-cubos-haya-colombia-styles.jpg\",\"width\":1080,\"height\":1080,\"caption\":\"Rodillo Maderoterapia 4 cubos Style\"},{\"@type\":\"BreadcrumbList\",\"@id\":\"https:\/\/maderoterapiaonline.org\/it\/producto\/roller-4-cubes-style\/#breadcrumb\",\"itemListElement\":[{\"@type\":\"ListItem\",\"position\":1,\"name\":\"Portada\",\"item\":\"https:\/\/maderoterapiaonline.org\/it\/\"},{\"@type\":\"ListItem\",\"position\":2,\"name\":\"Negozio\",\"item\":\"https:\/\/maderoterapiaonline.org\/it\/kit-legni\/\"},{\"@type\":\"ListItem\",\"position\":3,\"name\":\"Rullo per Maderoterapia 4 cubi Style\"}]},{\"@type\":\"WebSite\",\"@id\":\"https:\/\/maderoterapiaonline.org\/it\/#website\",\"url\":\"https:\/\/maderoterapiaonline.org\/it\/\",\"name\":\"Maderoterapia Online\",\"description\":\"Compra tu kit de Maderoterapia Profesional. Env\u00edos 24\/48h. Atenci\u00f3n al cliente por profesionales Maderoterapeutas\",\"publisher\":{\"@id\":\"https:\/\/maderoterapiaonline.org\/it\/#organization\"},\"alternateName\":\"Maderoterapiaonline.org\",\"potentialAction\":[{\"@type\":\"SearchAction\",\"target\":{\"@type\":\"EntryPoint\",\"urlTemplate\":\"https:\/\/maderoterapiaonline.org\/it\/?s={search_term_string}\"},\"query-input\":{\"@type\":\"PropertyValueSpecification\",\"valueRequired\":true,\"valueName\":\"search_term_string\"}}],\"inLanguage\":\"it-IT\"},{\"@type\":\"Organization\",\"@id\":\"https:\/\/maderoterapiaonline.org\/it\/#organization\",\"name\":\"Maderoterapia Est\u00e9tica Espa\u00f1a \u2013 Dori L\u00f3pez\u00ae y Escuela Profesional Maderoterapia Online\u00ae.\",\"url\":\"https:\/\/maderoterapiaonline.org\/it\/\",\"logo\":{\"@type\":\"ImageObject\",\"inLanguage\":\"it-IT\",\"@id\":\"https:\/\/maderoterapiaonline.org\/it\/#\/schema\/logo\/image\/\",\"url\":\"https:\/\/maderoterapiaonline.org\/wp-content\/uploads\/2025\/03\/Logo-M-1.png\",\"contentUrl\":\"https:\/\/maderoterapiaonline.org\/wp-content\/uploads\/2025\/03\/Logo-M-1.png\",\"width\":1464,\"height\":1051,\"caption\":\"Maderoterapia Est\u00e9tica Espa\u00f1a \u2013 Dori L\u00f3pez\u00ae y Escuela Profesional Maderoterapia Online\u00ae.\"},\"image\":{\"@id\":\"https:\/\/maderoterapiaonline.org\/it\/#\/schema\/logo\/image\/\"}}]}<\/script>\n<!-- \/ Yoast SEO plugin. -->","yoast_head_json":{"title":"Rullo per Maderoterapia 4 cubi Style - Maderoterapia Online","robots":{"index":"index","follow":"follow","max-snippet":"max-snippet:-1","max-image-preview":"max-image-preview:large","max-video-preview":"max-video-preview:-1"},"canonical":"https:\/\/maderoterapiaonline.org\/it\/producto\/roller-4-cubes-style\/","og_locale":"it_IT","og_type":"article","og_title":"Rullo per Maderoterapia 4 cubi Style - Maderoterapia Online","og_description":"Scopri il rullo stile Maderoterapia 4 secchi per l'applicazione in Maderoterapia realizzato in legno e progettato da Maderoterapia Est\u00e9tica Spagna\u00ae Il rullo Maderoterapia stile 4 cubi \u00e8 uno degli elementi pi\u00f9 utilizzati nella Terapia Estetica del Legno, infatti \u00e8 soprannominato lo spianatore della pancia, in quanto viene utilizzato per staccare il grasso pi\u00f9 resistente, per poterlo drenare attraverso i meccanismi di eliminazione dell'organismo. Con lo stile cube roller di Maderoterapia online puoi ottenere i migliori risultati con garanzia, nella zona di polpacci, cosce, glutei, addome, fianchi, schiena e braccia, il suo design anatomico di 4 cubi permette l'accesso a zone pi\u00f9 piccole senza creare disagio nella persona e allo stesso tempo pu\u00f2 coprire grandi superfici con poco sforzo.","og_url":"https:\/\/maderoterapiaonline.org\/it\/producto\/roller-4-cubes-style\/","og_site_name":"Maderoterapia Online","article_modified_time":"2025-10-08T08:04:08+00:00","og_image":[{"width":1080,"height":1080,"url":"https:\/\/maderoterapiaonline.org\/wp-content\/uploads\/2023\/05\/rodillo-4-cubos-haya-colombia-styles.jpg","type":"image\/jpeg"}],"twitter_card":"summary_large_image","schema":{"@context":"https:\/\/schema.org","@graph":[{"@type":"WebPage","@id":"https:\/\/maderoterapiaonline.org\/it\/producto\/roller-4-cubes-style\/","url":"https:\/\/maderoterapiaonline.org\/it\/producto\/roller-4-cubes-style\/","name":"Rullo per Maderoterapia 4 cubi Style - Maderoterapia Online","isPartOf":{"@id":"https:\/\/maderoterapiaonline.org\/it\/#website"},"primaryImageOfPage":{"@id":"https:\/\/maderoterapiaonline.org\/it\/producto\/roller-4-cubes-style\/#primaryimage"},"image":{"@id":"https:\/\/maderoterapiaonline.org\/it\/producto\/roller-4-cubes-style\/#primaryimage"},"thumbnailUrl":"https:\/\/maderoterapiaonline.org\/wp-content\/uploads\/2023\/05\/rodillo-4-cubos-haya-colombia-styles.jpg","datePublished":"2023-05-29T03:08:59+00:00","dateModified":"2025-10-08T08:04:08+00:00","breadcrumb":{"@id":"https:\/\/maderoterapiaonline.org\/it\/producto\/roller-4-cubes-style\/#breadcrumb"},"inLanguage":"it-IT","potentialAction":[{"@type":"ReadAction","target":["https:\/\/maderoterapiaonline.org\/it\/producto\/roller-4-cubes-style\/"]}]},{"@type":"ImageObject","inLanguage":"it-IT","@id":"https:\/\/maderoterapiaonline.org\/it\/producto\/roller-4-cubes-style\/#primaryimage","url":"https:\/\/maderoterapiaonline.org\/wp-content\/uploads\/2023\/05\/rodillo-4-cubos-haya-colombia-styles.jpg","contentUrl":"https:\/\/maderoterapiaonline.org\/wp-content\/uploads\/2023\/05\/rodillo-4-cubos-haya-colombia-styles.jpg","width":1080,"height":1080,"caption":"Rodillo Maderoterapia 4 cubos Style"},{"@type":"BreadcrumbList","@id":"https:\/\/maderoterapiaonline.org\/it\/producto\/roller-4-cubes-style\/#breadcrumb","itemListElement":[{"@type":"ListItem","position":1,"name":"Portada","item":"https:\/\/maderoterapiaonline.org\/it\/"},{"@type":"ListItem","position":2,"name":"Negozio","item":"https:\/\/maderoterapiaonline.org\/it\/kit-legni\/"},{"@type":"ListItem","position":3,"name":"Rullo per Maderoterapia 4 cubi Style"}]},{"@type":"WebSite","@id":"https:\/\/maderoterapiaonline.org\/it\/#website","url":"https:\/\/maderoterapiaonline.org\/it\/","name":"Maderoterapia Online","description":"Compra tu kit de Maderoterapia Profesional. Env\u00edos 24\/48h. Atenci\u00f3n al cliente por profesionales Maderoterapeutas","publisher":{"@id":"https:\/\/maderoterapiaonline.org\/it\/#organization"},"alternateName":"Maderoterapiaonline.org","potentialAction":[{"@type":"SearchAction","target":{"@type":"EntryPoint","urlTemplate":"https:\/\/maderoterapiaonline.org\/it\/?s={search_term_string}"},"query-input":{"@type":"PropertyValueSpecification","valueRequired":true,"valueName":"search_term_string"}}],"inLanguage":"it-IT"},{"@type":"Organization","@id":"https:\/\/maderoterapiaonline.org\/it\/#organization","name":"Maderoterapia Est\u00e9tica Espa\u00f1a \u2013 Dori L\u00f3pez\u00ae y Escuela Profesional Maderoterapia Online\u00ae.","url":"https:\/\/maderoterapiaonline.org\/it\/","logo":{"@type":"ImageObject","inLanguage":"it-IT","@id":"https:\/\/maderoterapiaonline.org\/it\/#\/schema\/logo\/image\/","url":"https:\/\/maderoterapiaonline.org\/wp-content\/uploads\/2025\/03\/Logo-M-1.png","contentUrl":"https:\/\/maderoterapiaonline.org\/wp-content\/uploads\/2025\/03\/Logo-M-1.png","width":1464,"height":1051,"caption":"Maderoterapia Est\u00e9tica Espa\u00f1a \u2013 Dori L\u00f3pez\u00ae y Escuela Profesional Maderoterapia Online\u00ae."},"image":{"@id":"https:\/\/maderoterapiaonline.org\/it\/#\/schema\/logo\/image\/"}}]}},"_links":{"self":[{"href":"https:\/\/maderoterapiaonline.org\/it\/wp-json\/wp\/v2\/product\/44990","targetHints":{"allow":["GET"]}}],"collection":[{"href":"https:\/\/maderoterapiaonline.org\/it\/wp-json\/wp\/v2\/product"}],"about":[{"href":"https:\/\/maderoterapiaonline.org\/it\/wp-json\/wp\/v2\/types\/product"}],"replies":[{"embeddable":true,"href":"https:\/\/maderoterapiaonline.org\/it\/wp-json\/wp\/v2\/comments?post=44990"}],"wp:featuredmedia":[{"embeddable":true,"href":"https:\/\/maderoterapiaonline.org\/it\/wp-json\/wp\/v2\/media\/44992"}],"wp:attachment":[{"href":"https:\/\/maderoterapiaonline.org\/it\/wp-json\/wp\/v2\/media?parent=44990"}],"wp:term":[{"taxonomy":"product_brand","embeddable":true,"href":"https:\/\/maderoterapiaonline.org\/it\/wp-json\/wp\/v2\/product_brand?post=44990"},{"taxonomy":"product_cat","embeddable":true,"href":"https:\/\/maderoterapiaonline.org\/it\/wp-json\/wp\/v2\/product_cat?post=44990"},{"taxonomy":"product_tag","embeddable":true,"href":"https:\/\/maderoterapiaonline.org\/it\/wp-json\/wp\/v2\/product_tag?post=44990"}],"curies":[{"name":"wp","href":"https:\/\/api.w.org\/{rel}","templated":true}]}}