{"id":44962,"date":"2023-05-16T05:08:45","date_gmt":"2023-05-16T03:08:45","guid":{"rendered":"https:\/\/maderoterapiaonline.org\/producto\/mini-tavola-modellatore-legno-terapia-viso\/"},"modified":"2025-06-25T09:26:22","modified_gmt":"2025-06-25T07:26:22","slug":"mini-tavola-modellatore-legno-terapia-viso","status":"publish","type":"product","link":"https:\/\/maderoterapiaonline.org\/it\/producto\/mini-tavola-modellatore-legno-terapia-viso\/","title":{"rendered":"Mini tavola modellante in legno facciale"},"content":{"rendered":"<p><iframe loading=\"lazy\" src=\"https:\/\/www.youtube.com\/embed\/1TKJv3KLddo\" width=\"560\" height=\"315\" frameborder=\"0\" allowfullscreen=\"allowfullscreen\"><\/iframe><\/p>\n<hr>\n<p><strong>La Mini Facial Shaping Board<\/strong> \u00e8 realizzata in legno di loto naturale e progettata da Maderoterapia Est\u00e9tica Espa\u00f1a\u00ae<\/p>\n<p>Con la tavola otterremo un drenaggio e una portanza perfetti.<\/p>\n<ul>\n<li>Lunghezza 8,5 cm<\/li>\n<li>Larghezza 6 cm<\/li>\n<\/ul>\n<p>&nbsp;<\/p>\n","protected":false},"excerpt":{"rendered":"<p>La mini tavola modellante per il viso \u00e8 realizzata in legno di loto naturale e progettata da Madero Aesthetic Therapy Spain\u00ae<\/p>\n<p>Con la tavola otterremo un drenaggio e un sollevamento perfetti, \u00e8 un elemento in legno essenziale per il trattamento nella terapia facciale Madero.<\/p>\n<p>&nbsp;<\/p>\n","protected":false},"featured_media":44377,"comment_status":"closed","ping_status":"closed","template":"","meta":{"content-type":""},"product_brand":[],"product_cat":[455,453],"product_tag":[468,478],"class_list":{"0":"post-44962","1":"product","2":"type-product","3":"status-publish","4":"has-post-thumbnail","6":"product_cat-elementi-in-legno","7":"product_cat-terapia-del-legno","8":"product_tag-elementi-in-legno","9":"product_tag-mini-tavola-modellante-per-il-viso","11":"first","12":"instock","13":"taxable","14":"shipping-taxable","15":"purchasable","16":"product-type-simple"},"yoast_head":"<!-- This site is optimized with the Yoast SEO plugin v27.4 - https:\/\/yoast.com\/product\/yoast-seo-wordpress\/ -->\n<title>Mini tavola modellante in legno facciale - Maderoterapia Online<\/title>\n<meta name=\"robots\" content=\"index, follow, max-snippet:-1, max-image-preview:large, max-video-preview:-1\" \/>\n<link rel=\"canonical\" href=\"https:\/\/maderoterapiaonline.org\/it\/producto\/mini-tavola-modellatore-legno-terapia-viso\/\" \/>\n<meta property=\"og:locale\" content=\"it_IT\" \/>\n<meta property=\"og:type\" content=\"article\" \/>\n<meta property=\"og:title\" content=\"Mini tavola modellante in legno facciale - Maderoterapia Online\" \/>\n<meta property=\"og:description\" content=\"La mini tavola modellante per il viso \u00e8 realizzata in legno di loto naturale e progettata da Madero Aesthetic Therapy Spain\u00ae Con la tavola otterremo un drenaggio e un sollevamento perfetti, \u00e8 un elemento in legno essenziale per il trattamento nella terapia facciale Madero. &nbsp;\" \/>\n<meta property=\"og:url\" content=\"https:\/\/maderoterapiaonline.org\/it\/producto\/mini-tavola-modellatore-legno-terapia-viso\/\" \/>\n<meta property=\"og:site_name\" content=\"Maderoterapia Online\" \/>\n<meta property=\"article:modified_time\" content=\"2025-06-25T07:26:22+00:00\" \/>\n<meta property=\"og:image\" content=\"https:\/\/maderoterapiaonline.org\/wp-content\/uploads\/2023\/05\/mini-tabla-facial-1.jpg\" \/>\n\t<meta property=\"og:image:width\" content=\"1080\" \/>\n\t<meta property=\"og:image:height\" content=\"1080\" \/>\n\t<meta property=\"og:image:type\" content=\"image\/jpeg\" \/>\n<meta name=\"twitter:card\" content=\"summary_large_image\" \/>\n<script type=\"application\/ld+json\" class=\"yoast-schema-graph\">{\"@context\":\"https:\\\/\\\/schema.org\",\"@graph\":[{\"@type\":\"WebPage\",\"@id\":\"https:\\\/\\\/maderoterapiaonline.org\\\/it\\\/producto\\\/mini-tavola-modellatore-legno-terapia-viso\\\/\",\"url\":\"https:\\\/\\\/maderoterapiaonline.org\\\/it\\\/producto\\\/mini-tavola-modellatore-legno-terapia-viso\\\/\",\"name\":\"Mini tavola modellante in legno facciale - Maderoterapia Online\",\"isPartOf\":{\"@id\":\"https:\\\/\\\/maderoterapiaonline.org\\\/it\\\/#website\"},\"primaryImageOfPage\":{\"@id\":\"https:\\\/\\\/maderoterapiaonline.org\\\/it\\\/producto\\\/mini-tavola-modellatore-legno-terapia-viso\\\/#primaryimage\"},\"image\":{\"@id\":\"https:\\\/\\\/maderoterapiaonline.org\\\/it\\\/producto\\\/mini-tavola-modellatore-legno-terapia-viso\\\/#primaryimage\"},\"thumbnailUrl\":\"https:\\\/\\\/maderoterapiaonline.org\\\/wp-content\\\/uploads\\\/2023\\\/05\\\/mini-tabla-facial-1.jpg\",\"datePublished\":\"2023-05-16T03:08:45+00:00\",\"dateModified\":\"2025-06-25T07:26:22+00:00\",\"breadcrumb\":{\"@id\":\"https:\\\/\\\/maderoterapiaonline.org\\\/it\\\/producto\\\/mini-tavola-modellatore-legno-terapia-viso\\\/#breadcrumb\"},\"inLanguage\":\"it-IT\",\"potentialAction\":[{\"@type\":\"ReadAction\",\"target\":[\"https:\\\/\\\/maderoterapiaonline.org\\\/it\\\/producto\\\/mini-tavola-modellatore-legno-terapia-viso\\\/\"]}]},{\"@type\":\"ImageObject\",\"inLanguage\":\"it-IT\",\"@id\":\"https:\\\/\\\/maderoterapiaonline.org\\\/it\\\/producto\\\/mini-tavola-modellatore-legno-terapia-viso\\\/#primaryimage\",\"url\":\"https:\\\/\\\/maderoterapiaonline.org\\\/wp-content\\\/uploads\\\/2023\\\/05\\\/mini-tabla-facial-1.jpg\",\"contentUrl\":\"https:\\\/\\\/maderoterapiaonline.org\\\/wp-content\\\/uploads\\\/2023\\\/05\\\/mini-tabla-facial-1.jpg\",\"width\":1080,\"height\":1080,\"caption\":\"mini-tabla-facial-1.jpg\"},{\"@type\":\"BreadcrumbList\",\"@id\":\"https:\\\/\\\/maderoterapiaonline.org\\\/it\\\/producto\\\/mini-tavola-modellatore-legno-terapia-viso\\\/#breadcrumb\",\"itemListElement\":[{\"@type\":\"ListItem\",\"position\":1,\"name\":\"Portada\",\"item\":\"https:\\\/\\\/maderoterapiaonline.org\\\/it\\\/\"},{\"@type\":\"ListItem\",\"position\":2,\"name\":\"Negozio\",\"item\":\"https:\\\/\\\/maderoterapiaonline.org\\\/it\\\/kit-legni\\\/\"},{\"@type\":\"ListItem\",\"position\":3,\"name\":\"Mini tavola modellante in legno facciale\"}]},{\"@type\":\"WebSite\",\"@id\":\"https:\\\/\\\/maderoterapiaonline.org\\\/it\\\/#website\",\"url\":\"https:\\\/\\\/maderoterapiaonline.org\\\/it\\\/\",\"name\":\"Maderoterapia Online\",\"description\":\"Compra tu kit de Maderoterapia Profesional. Env\u00edos 24\\\/48h. Atenci\u00f3n al cliente por profesionales Maderoterapeutas\",\"publisher\":{\"@id\":\"https:\\\/\\\/maderoterapiaonline.org\\\/it\\\/#organization\"},\"alternateName\":\"Maderoterapiaonline.org\",\"potentialAction\":[{\"@type\":\"SearchAction\",\"target\":{\"@type\":\"EntryPoint\",\"urlTemplate\":\"https:\\\/\\\/maderoterapiaonline.org\\\/it\\\/?s={search_term_string}\"},\"query-input\":{\"@type\":\"PropertyValueSpecification\",\"valueRequired\":true,\"valueName\":\"search_term_string\"}}],\"inLanguage\":\"it-IT\"},{\"@type\":\"Organization\",\"@id\":\"https:\\\/\\\/maderoterapiaonline.org\\\/it\\\/#organization\",\"name\":\"Maderoterapia Est\u00e9tica Espa\u00f1a \u2013 Dori L\u00f3pez\u00ae y Escuela Profesional Maderoterapia Online\u00ae.\",\"url\":\"https:\\\/\\\/maderoterapiaonline.org\\\/it\\\/\",\"logo\":{\"@type\":\"ImageObject\",\"inLanguage\":\"it-IT\",\"@id\":\"https:\\\/\\\/maderoterapiaonline.org\\\/it\\\/#\\\/schema\\\/logo\\\/image\\\/\",\"url\":\"https:\\\/\\\/maderoterapiaonline.org\\\/wp-content\\\/uploads\\\/2025\\\/03\\\/Logo-M-1.png\",\"contentUrl\":\"https:\\\/\\\/maderoterapiaonline.org\\\/wp-content\\\/uploads\\\/2025\\\/03\\\/Logo-M-1.png\",\"width\":1464,\"height\":1051,\"caption\":\"Maderoterapia Est\u00e9tica Espa\u00f1a \u2013 Dori L\u00f3pez\u00ae y Escuela Profesional Maderoterapia Online\u00ae.\"},\"image\":{\"@id\":\"https:\\\/\\\/maderoterapiaonline.org\\\/it\\\/#\\\/schema\\\/logo\\\/image\\\/\"}}]}<\/script>\n<!-- \/ Yoast SEO plugin. -->","yoast_head_json":{"title":"Mini tavola modellante in legno facciale - Maderoterapia Online","robots":{"index":"index","follow":"follow","max-snippet":"max-snippet:-1","max-image-preview":"max-image-preview:large","max-video-preview":"max-video-preview:-1"},"canonical":"https:\/\/maderoterapiaonline.org\/it\/producto\/mini-tavola-modellatore-legno-terapia-viso\/","og_locale":"it_IT","og_type":"article","og_title":"Mini tavola modellante in legno facciale - Maderoterapia Online","og_description":"La mini tavola modellante per il viso \u00e8 realizzata in legno di loto naturale e progettata da Madero Aesthetic Therapy Spain\u00ae Con la tavola otterremo un drenaggio e un sollevamento perfetti, \u00e8 un elemento in legno essenziale per il trattamento nella terapia facciale Madero. &nbsp;","og_url":"https:\/\/maderoterapiaonline.org\/it\/producto\/mini-tavola-modellatore-legno-terapia-viso\/","og_site_name":"Maderoterapia Online","article_modified_time":"2025-06-25T07:26:22+00:00","og_image":[{"width":1080,"height":1080,"url":"https:\/\/maderoterapiaonline.org\/wp-content\/uploads\/2023\/05\/mini-tabla-facial-1.jpg","type":"image\/jpeg"}],"twitter_card":"summary_large_image","schema":{"@context":"https:\/\/schema.org","@graph":[{"@type":"WebPage","@id":"https:\/\/maderoterapiaonline.org\/it\/producto\/mini-tavola-modellatore-legno-terapia-viso\/","url":"https:\/\/maderoterapiaonline.org\/it\/producto\/mini-tavola-modellatore-legno-terapia-viso\/","name":"Mini tavola modellante in legno facciale - Maderoterapia Online","isPartOf":{"@id":"https:\/\/maderoterapiaonline.org\/it\/#website"},"primaryImageOfPage":{"@id":"https:\/\/maderoterapiaonline.org\/it\/producto\/mini-tavola-modellatore-legno-terapia-viso\/#primaryimage"},"image":{"@id":"https:\/\/maderoterapiaonline.org\/it\/producto\/mini-tavola-modellatore-legno-terapia-viso\/#primaryimage"},"thumbnailUrl":"https:\/\/maderoterapiaonline.org\/wp-content\/uploads\/2023\/05\/mini-tabla-facial-1.jpg","datePublished":"2023-05-16T03:08:45+00:00","dateModified":"2025-06-25T07:26:22+00:00","breadcrumb":{"@id":"https:\/\/maderoterapiaonline.org\/it\/producto\/mini-tavola-modellatore-legno-terapia-viso\/#breadcrumb"},"inLanguage":"it-IT","potentialAction":[{"@type":"ReadAction","target":["https:\/\/maderoterapiaonline.org\/it\/producto\/mini-tavola-modellatore-legno-terapia-viso\/"]}]},{"@type":"ImageObject","inLanguage":"it-IT","@id":"https:\/\/maderoterapiaonline.org\/it\/producto\/mini-tavola-modellatore-legno-terapia-viso\/#primaryimage","url":"https:\/\/maderoterapiaonline.org\/wp-content\/uploads\/2023\/05\/mini-tabla-facial-1.jpg","contentUrl":"https:\/\/maderoterapiaonline.org\/wp-content\/uploads\/2023\/05\/mini-tabla-facial-1.jpg","width":1080,"height":1080,"caption":"mini-tabla-facial-1.jpg"},{"@type":"BreadcrumbList","@id":"https:\/\/maderoterapiaonline.org\/it\/producto\/mini-tavola-modellatore-legno-terapia-viso\/#breadcrumb","itemListElement":[{"@type":"ListItem","position":1,"name":"Portada","item":"https:\/\/maderoterapiaonline.org\/it\/"},{"@type":"ListItem","position":2,"name":"Negozio","item":"https:\/\/maderoterapiaonline.org\/it\/kit-legni\/"},{"@type":"ListItem","position":3,"name":"Mini tavola modellante in legno facciale"}]},{"@type":"WebSite","@id":"https:\/\/maderoterapiaonline.org\/it\/#website","url":"https:\/\/maderoterapiaonline.org\/it\/","name":"Maderoterapia Online","description":"Compra tu kit de Maderoterapia Profesional. Env\u00edos 24\/48h. Atenci\u00f3n al cliente por profesionales Maderoterapeutas","publisher":{"@id":"https:\/\/maderoterapiaonline.org\/it\/#organization"},"alternateName":"Maderoterapiaonline.org","potentialAction":[{"@type":"SearchAction","target":{"@type":"EntryPoint","urlTemplate":"https:\/\/maderoterapiaonline.org\/it\/?s={search_term_string}"},"query-input":{"@type":"PropertyValueSpecification","valueRequired":true,"valueName":"search_term_string"}}],"inLanguage":"it-IT"},{"@type":"Organization","@id":"https:\/\/maderoterapiaonline.org\/it\/#organization","name":"Maderoterapia Est\u00e9tica Espa\u00f1a \u2013 Dori L\u00f3pez\u00ae y Escuela Profesional Maderoterapia Online\u00ae.","url":"https:\/\/maderoterapiaonline.org\/it\/","logo":{"@type":"ImageObject","inLanguage":"it-IT","@id":"https:\/\/maderoterapiaonline.org\/it\/#\/schema\/logo\/image\/","url":"https:\/\/maderoterapiaonline.org\/wp-content\/uploads\/2025\/03\/Logo-M-1.png","contentUrl":"https:\/\/maderoterapiaonline.org\/wp-content\/uploads\/2025\/03\/Logo-M-1.png","width":1464,"height":1051,"caption":"Maderoterapia Est\u00e9tica Espa\u00f1a \u2013 Dori L\u00f3pez\u00ae y Escuela Profesional Maderoterapia Online\u00ae."},"image":{"@id":"https:\/\/maderoterapiaonline.org\/it\/#\/schema\/logo\/image\/"}}]}},"_links":{"self":[{"href":"https:\/\/maderoterapiaonline.org\/it\/wp-json\/wp\/v2\/product\/44962","targetHints":{"allow":["GET"]}}],"collection":[{"href":"https:\/\/maderoterapiaonline.org\/it\/wp-json\/wp\/v2\/product"}],"about":[{"href":"https:\/\/maderoterapiaonline.org\/it\/wp-json\/wp\/v2\/types\/product"}],"replies":[{"embeddable":true,"href":"https:\/\/maderoterapiaonline.org\/it\/wp-json\/wp\/v2\/comments?post=44962"}],"wp:featuredmedia":[{"embeddable":true,"href":"https:\/\/maderoterapiaonline.org\/it\/wp-json\/wp\/v2\/media\/44377"}],"wp:attachment":[{"href":"https:\/\/maderoterapiaonline.org\/it\/wp-json\/wp\/v2\/media?parent=44962"}],"wp:term":[{"taxonomy":"product_brand","embeddable":true,"href":"https:\/\/maderoterapiaonline.org\/it\/wp-json\/wp\/v2\/product_brand?post=44962"},{"taxonomy":"product_cat","embeddable":true,"href":"https:\/\/maderoterapiaonline.org\/it\/wp-json\/wp\/v2\/product_cat?post=44962"},{"taxonomy":"product_tag","embeddable":true,"href":"https:\/\/maderoterapiaonline.org\/it\/wp-json\/wp\/v2\/product_tag?post=44962"}],"curies":[{"name":"wp","href":"https:\/\/api.w.org\/{rel}","templated":true}]}}