{"id":44896,"date":"2025-04-11T05:08:44","date_gmt":"2025-04-11T03:08:44","guid":{"rendered":"https:\/\/maderoterapiaonline.org\/producto\/terapia-del-legno-con-scanalatura-a-rulli\/"},"modified":"2025-06-25T09:25:50","modified_gmt":"2025-06-25T07:25:50","slug":"terapia-del-legno-con-scanalatura-a-rulli","status":"publish","type":"product","link":"https:\/\/maderoterapiaonline.org\/it\/producto\/terapia-del-legno-con-scanalatura-a-rulli\/","title":{"rendered":"Rullo zigrinato Woodtherapy"},"content":{"rendered":"<p><iframe loading=\"lazy\" src=\"https:\/\/www.youtube.com\/embed\/tE-EvIEip2c\" width=\"560\" height=\"315\" frameborder=\"0\" allowfullscreen=\"allowfullscreen\"><\/iframe> <iframe loading=\"lazy\" title=\"Lettore video di YouTube\" src=\"https:\/\/www.youtube.com\/embed\/GrJhNmnYZyc?si=dE_NVsk9AU6O0TBc\" width=\"560\" height=\"315\" frameborder=\"0\" allowfullscreen=\"allowfullscreen\"><\/iframe><\/p>\n<hr>\n<p><strong>Il rullo scanalato a cuscino di legno<\/strong> \u00e8 uno degli elementi pi\u00f9 utilizzati nei trattamenti di terapia estetica del legno per il corpo.<\/p>\n<p>Il rullo scanalato \u00e8 realizzato in legno di pino e loto, progettato da Maderoterapia Est\u00e9tica Espa\u00f1a\u00ae<\/p>\n<p>Con il rullo scanalato andremo a massaggiare con movimenti rettilinei, laterali e circolari in modo delicato per iniziare a staccare il grasso e spostare i liquidi verso i gangli, ci prepariamo a modellare.<\/p>\n<p><strong>Rullo zigrinato Woodtherapy<\/strong><\/p>\n<ul>\n<li>Lunghezza: 41 cm<\/li>\n<li>Larghezza: 17,5 Diametro<\/li>\n<li>Peso: 390 gr<\/li>\n<\/ul>\n<p>&nbsp;<\/p>\n","protected":false},"excerpt":{"rendered":"<p><strong>Il rullo scanalato in pannocchia<\/strong> \u00e8 uno degli elementi pi\u00f9 utilizzati nei trattamenti di terapia estetica del corpo Madero.<\/p>\n<p>Il rullo scanalato \u00e8 realizzato in legno di pino e loto, progettato da Maderoterapia Est\u00e9tica Espa\u00f1a\u00ae<\/p>\n<p>Con il rullo scanalato andremo a massaggiare con movimenti rettilinei, laterali e circolari in modo delicato per iniziare a staccare il grasso e spostare i liquidi ai gangli, ci prepariamo a modellare.<\/p>\n<p>&nbsp;<\/p>\n","protected":false},"featured_media":44901,"comment_status":"closed","ping_status":"closed","template":"","meta":{"content-type":""},"product_brand":[],"product_cat":[455,453],"product_tag":[468],"class_list":{"0":"post-44896","1":"product","2":"type-product","3":"status-publish","4":"has-post-thumbnail","6":"product_cat-elementi-in-legno","7":"product_cat-terapia-del-legno","8":"product_tag-elementi-in-legno","10":"first","11":"instock","12":"taxable","13":"shipping-taxable","14":"purchasable","15":"product-type-simple"},"yoast_head":"<!-- This site is optimized with the Yoast SEO plugin v27.2 - https:\/\/yoast.com\/product\/yoast-seo-wordpress\/ -->\n<title>Rullo zigrinato Woodtherapy - Maderoterapia Online<\/title>\n<meta name=\"robots\" content=\"index, follow, max-snippet:-1, max-image-preview:large, max-video-preview:-1\" \/>\n<link rel=\"canonical\" href=\"https:\/\/maderoterapiaonline.org\/it\/producto\/terapia-del-legno-con-scanalatura-a-rulli\/\" \/>\n<meta property=\"og:locale\" content=\"it_IT\" \/>\n<meta property=\"og:type\" content=\"article\" \/>\n<meta property=\"og:title\" content=\"Rullo zigrinato Woodtherapy - Maderoterapia Online\" \/>\n<meta property=\"og:description\" content=\"Il rullo scanalato in pannocchia \u00e8 uno degli elementi pi\u00f9 utilizzati nei trattamenti di terapia estetica del corpo Madero. Il rullo scanalato \u00e8 realizzato in legno di pino e loto, progettato da Maderoterapia Est\u00e9tica Espa\u00f1a\u00ae Con il rullo scanalato andremo a massaggiare con movimenti rettilinei, laterali e circolari in modo delicato per iniziare a staccare il grasso e spostare i liquidi ai gangli, ci prepariamo a modellare. &nbsp;\" \/>\n<meta property=\"og:url\" content=\"https:\/\/maderoterapiaonline.org\/it\/producto\/terapia-del-legno-con-scanalatura-a-rulli\/\" \/>\n<meta property=\"og:site_name\" content=\"Maderoterapia Online\" \/>\n<meta property=\"article:modified_time\" content=\"2025-06-25T07:25:50+00:00\" \/>\n<meta property=\"og:image\" content=\"https:\/\/maderoterapiaonline.org\/wp-content\/uploads\/2023\/05\/1-26.jpg\" \/>\n\t<meta property=\"og:image:width\" content=\"1080\" \/>\n\t<meta property=\"og:image:height\" content=\"1080\" \/>\n\t<meta property=\"og:image:type\" content=\"image\/jpeg\" \/>\n<meta name=\"twitter:card\" content=\"summary_large_image\" \/>\n<script type=\"application\/ld+json\" class=\"yoast-schema-graph\">{\"@context\":\"https:\/\/schema.org\",\"@graph\":[{\"@type\":\"WebPage\",\"@id\":\"https:\/\/maderoterapiaonline.org\/it\/producto\/terapia-del-legno-con-scanalatura-a-rulli\/\",\"url\":\"https:\/\/maderoterapiaonline.org\/it\/producto\/terapia-del-legno-con-scanalatura-a-rulli\/\",\"name\":\"Rullo zigrinato Woodtherapy - Maderoterapia Online\",\"isPartOf\":{\"@id\":\"https:\/\/maderoterapiaonline.org\/it\/#website\"},\"primaryImageOfPage\":{\"@id\":\"https:\/\/maderoterapiaonline.org\/it\/producto\/terapia-del-legno-con-scanalatura-a-rulli\/#primaryimage\"},\"image\":{\"@id\":\"https:\/\/maderoterapiaonline.org\/it\/producto\/terapia-del-legno-con-scanalatura-a-rulli\/#primaryimage\"},\"thumbnailUrl\":\"https:\/\/maderoterapiaonline.org\/wp-content\/uploads\/2023\/05\/1-26.jpg\",\"datePublished\":\"2025-04-11T03:08:44+00:00\",\"dateModified\":\"2025-06-25T07:25:50+00:00\",\"breadcrumb\":{\"@id\":\"https:\/\/maderoterapiaonline.org\/it\/producto\/terapia-del-legno-con-scanalatura-a-rulli\/#breadcrumb\"},\"inLanguage\":\"it-IT\",\"potentialAction\":[{\"@type\":\"ReadAction\",\"target\":[\"https:\/\/maderoterapiaonline.org\/it\/producto\/terapia-del-legno-con-scanalatura-a-rulli\/\"]}]},{\"@type\":\"ImageObject\",\"inLanguage\":\"it-IT\",\"@id\":\"https:\/\/maderoterapiaonline.org\/it\/producto\/terapia-del-legno-con-scanalatura-a-rulli\/#primaryimage\",\"url\":\"https:\/\/maderoterapiaonline.org\/wp-content\/uploads\/2023\/05\/1-26.jpg\",\"contentUrl\":\"https:\/\/maderoterapiaonline.org\/wp-content\/uploads\/2023\/05\/1-26.jpg\",\"width\":1080,\"height\":1080,\"caption\":\"Rodillo estriado Maderoterapia\"},{\"@type\":\"BreadcrumbList\",\"@id\":\"https:\/\/maderoterapiaonline.org\/it\/producto\/terapia-del-legno-con-scanalatura-a-rulli\/#breadcrumb\",\"itemListElement\":[{\"@type\":\"ListItem\",\"position\":1,\"name\":\"Portada\",\"item\":\"https:\/\/maderoterapiaonline.org\/it\/\"},{\"@type\":\"ListItem\",\"position\":2,\"name\":\"Negozio\",\"item\":\"https:\/\/maderoterapiaonline.org\/it\/kit-legni\/\"},{\"@type\":\"ListItem\",\"position\":3,\"name\":\"Rullo zigrinato Woodtherapy\"}]},{\"@type\":\"WebSite\",\"@id\":\"https:\/\/maderoterapiaonline.org\/it\/#website\",\"url\":\"https:\/\/maderoterapiaonline.org\/it\/\",\"name\":\"Maderoterapia Online\",\"description\":\"Compra tu kit de Maderoterapia Profesional. Env\u00edos 24\/48h. Atenci\u00f3n al cliente por profesionales Maderoterapeutas\",\"publisher\":{\"@id\":\"https:\/\/maderoterapiaonline.org\/it\/#organization\"},\"alternateName\":\"Maderoterapiaonline.org\",\"potentialAction\":[{\"@type\":\"SearchAction\",\"target\":{\"@type\":\"EntryPoint\",\"urlTemplate\":\"https:\/\/maderoterapiaonline.org\/it\/?s={search_term_string}\"},\"query-input\":{\"@type\":\"PropertyValueSpecification\",\"valueRequired\":true,\"valueName\":\"search_term_string\"}}],\"inLanguage\":\"it-IT\"},{\"@type\":\"Organization\",\"@id\":\"https:\/\/maderoterapiaonline.org\/it\/#organization\",\"name\":\"Maderoterapia Est\u00e9tica Espa\u00f1a \u2013 Dori L\u00f3pez\u00ae y Escuela Profesional Maderoterapia Online\u00ae.\",\"url\":\"https:\/\/maderoterapiaonline.org\/it\/\",\"logo\":{\"@type\":\"ImageObject\",\"inLanguage\":\"it-IT\",\"@id\":\"https:\/\/maderoterapiaonline.org\/it\/#\/schema\/logo\/image\/\",\"url\":\"https:\/\/maderoterapiaonline.org\/wp-content\/uploads\/2025\/03\/Logo-M-1.png\",\"contentUrl\":\"https:\/\/maderoterapiaonline.org\/wp-content\/uploads\/2025\/03\/Logo-M-1.png\",\"width\":1464,\"height\":1051,\"caption\":\"Maderoterapia Est\u00e9tica Espa\u00f1a \u2013 Dori L\u00f3pez\u00ae y Escuela Profesional Maderoterapia Online\u00ae.\"},\"image\":{\"@id\":\"https:\/\/maderoterapiaonline.org\/it\/#\/schema\/logo\/image\/\"}}]}<\/script>\n<!-- \/ Yoast SEO plugin. -->","yoast_head_json":{"title":"Rullo zigrinato Woodtherapy - Maderoterapia Online","robots":{"index":"index","follow":"follow","max-snippet":"max-snippet:-1","max-image-preview":"max-image-preview:large","max-video-preview":"max-video-preview:-1"},"canonical":"https:\/\/maderoterapiaonline.org\/it\/producto\/terapia-del-legno-con-scanalatura-a-rulli\/","og_locale":"it_IT","og_type":"article","og_title":"Rullo zigrinato Woodtherapy - Maderoterapia Online","og_description":"Il rullo scanalato in pannocchia \u00e8 uno degli elementi pi\u00f9 utilizzati nei trattamenti di terapia estetica del corpo Madero. Il rullo scanalato \u00e8 realizzato in legno di pino e loto, progettato da Maderoterapia Est\u00e9tica Espa\u00f1a\u00ae Con il rullo scanalato andremo a massaggiare con movimenti rettilinei, laterali e circolari in modo delicato per iniziare a staccare il grasso e spostare i liquidi ai gangli, ci prepariamo a modellare. &nbsp;","og_url":"https:\/\/maderoterapiaonline.org\/it\/producto\/terapia-del-legno-con-scanalatura-a-rulli\/","og_site_name":"Maderoterapia Online","article_modified_time":"2025-06-25T07:25:50+00:00","og_image":[{"width":1080,"height":1080,"url":"https:\/\/maderoterapiaonline.org\/wp-content\/uploads\/2023\/05\/1-26.jpg","type":"image\/jpeg"}],"twitter_card":"summary_large_image","schema":{"@context":"https:\/\/schema.org","@graph":[{"@type":"WebPage","@id":"https:\/\/maderoterapiaonline.org\/it\/producto\/terapia-del-legno-con-scanalatura-a-rulli\/","url":"https:\/\/maderoterapiaonline.org\/it\/producto\/terapia-del-legno-con-scanalatura-a-rulli\/","name":"Rullo zigrinato Woodtherapy - Maderoterapia Online","isPartOf":{"@id":"https:\/\/maderoterapiaonline.org\/it\/#website"},"primaryImageOfPage":{"@id":"https:\/\/maderoterapiaonline.org\/it\/producto\/terapia-del-legno-con-scanalatura-a-rulli\/#primaryimage"},"image":{"@id":"https:\/\/maderoterapiaonline.org\/it\/producto\/terapia-del-legno-con-scanalatura-a-rulli\/#primaryimage"},"thumbnailUrl":"https:\/\/maderoterapiaonline.org\/wp-content\/uploads\/2023\/05\/1-26.jpg","datePublished":"2025-04-11T03:08:44+00:00","dateModified":"2025-06-25T07:25:50+00:00","breadcrumb":{"@id":"https:\/\/maderoterapiaonline.org\/it\/producto\/terapia-del-legno-con-scanalatura-a-rulli\/#breadcrumb"},"inLanguage":"it-IT","potentialAction":[{"@type":"ReadAction","target":["https:\/\/maderoterapiaonline.org\/it\/producto\/terapia-del-legno-con-scanalatura-a-rulli\/"]}]},{"@type":"ImageObject","inLanguage":"it-IT","@id":"https:\/\/maderoterapiaonline.org\/it\/producto\/terapia-del-legno-con-scanalatura-a-rulli\/#primaryimage","url":"https:\/\/maderoterapiaonline.org\/wp-content\/uploads\/2023\/05\/1-26.jpg","contentUrl":"https:\/\/maderoterapiaonline.org\/wp-content\/uploads\/2023\/05\/1-26.jpg","width":1080,"height":1080,"caption":"Rodillo estriado Maderoterapia"},{"@type":"BreadcrumbList","@id":"https:\/\/maderoterapiaonline.org\/it\/producto\/terapia-del-legno-con-scanalatura-a-rulli\/#breadcrumb","itemListElement":[{"@type":"ListItem","position":1,"name":"Portada","item":"https:\/\/maderoterapiaonline.org\/it\/"},{"@type":"ListItem","position":2,"name":"Negozio","item":"https:\/\/maderoterapiaonline.org\/it\/kit-legni\/"},{"@type":"ListItem","position":3,"name":"Rullo zigrinato Woodtherapy"}]},{"@type":"WebSite","@id":"https:\/\/maderoterapiaonline.org\/it\/#website","url":"https:\/\/maderoterapiaonline.org\/it\/","name":"Maderoterapia Online","description":"Compra tu kit de Maderoterapia Profesional. Env\u00edos 24\/48h. Atenci\u00f3n al cliente por profesionales Maderoterapeutas","publisher":{"@id":"https:\/\/maderoterapiaonline.org\/it\/#organization"},"alternateName":"Maderoterapiaonline.org","potentialAction":[{"@type":"SearchAction","target":{"@type":"EntryPoint","urlTemplate":"https:\/\/maderoterapiaonline.org\/it\/?s={search_term_string}"},"query-input":{"@type":"PropertyValueSpecification","valueRequired":true,"valueName":"search_term_string"}}],"inLanguage":"it-IT"},{"@type":"Organization","@id":"https:\/\/maderoterapiaonline.org\/it\/#organization","name":"Maderoterapia Est\u00e9tica Espa\u00f1a \u2013 Dori L\u00f3pez\u00ae y Escuela Profesional Maderoterapia Online\u00ae.","url":"https:\/\/maderoterapiaonline.org\/it\/","logo":{"@type":"ImageObject","inLanguage":"it-IT","@id":"https:\/\/maderoterapiaonline.org\/it\/#\/schema\/logo\/image\/","url":"https:\/\/maderoterapiaonline.org\/wp-content\/uploads\/2025\/03\/Logo-M-1.png","contentUrl":"https:\/\/maderoterapiaonline.org\/wp-content\/uploads\/2025\/03\/Logo-M-1.png","width":1464,"height":1051,"caption":"Maderoterapia Est\u00e9tica Espa\u00f1a \u2013 Dori L\u00f3pez\u00ae y Escuela Profesional Maderoterapia Online\u00ae."},"image":{"@id":"https:\/\/maderoterapiaonline.org\/it\/#\/schema\/logo\/image\/"}}]}},"_links":{"self":[{"href":"https:\/\/maderoterapiaonline.org\/it\/wp-json\/wp\/v2\/product\/44896","targetHints":{"allow":["GET"]}}],"collection":[{"href":"https:\/\/maderoterapiaonline.org\/it\/wp-json\/wp\/v2\/product"}],"about":[{"href":"https:\/\/maderoterapiaonline.org\/it\/wp-json\/wp\/v2\/types\/product"}],"replies":[{"embeddable":true,"href":"https:\/\/maderoterapiaonline.org\/it\/wp-json\/wp\/v2\/comments?post=44896"}],"wp:featuredmedia":[{"embeddable":true,"href":"https:\/\/maderoterapiaonline.org\/it\/wp-json\/wp\/v2\/media\/44901"}],"wp:attachment":[{"href":"https:\/\/maderoterapiaonline.org\/it\/wp-json\/wp\/v2\/media?parent=44896"}],"wp:term":[{"taxonomy":"product_brand","embeddable":true,"href":"https:\/\/maderoterapiaonline.org\/it\/wp-json\/wp\/v2\/product_brand?post=44896"},{"taxonomy":"product_cat","embeddable":true,"href":"https:\/\/maderoterapiaonline.org\/it\/wp-json\/wp\/v2\/product_cat?post=44896"},{"taxonomy":"product_tag","embeddable":true,"href":"https:\/\/maderoterapiaonline.org\/it\/wp-json\/wp\/v2\/product_tag?post=44896"}],"curies":[{"name":"wp","href":"https:\/\/api.w.org\/{rel}","templated":true}]}}