{"id":44830,"date":"2025-04-09T05:08:51","date_gmt":"2025-04-09T03:08:51","guid":{"rendered":"https:\/\/maderoterapiaonline.org\/producto\/fungo-riduttore-fungo-terapia-del-legno\/"},"modified":"2026-04-17T08:37:35","modified_gmt":"2026-04-17T06:37:35","slug":"fungo-riduttore-fungo-terapia-del-legno","status":"publish","type":"product","link":"https:\/\/maderoterapiaonline.org\/it\/producto\/fungo-riduttore-fungo-terapia-del-legno\/","title":{"rendered":"Fungo per la terapia del legno\/Fungo riducente"},"content":{"rendered":"<p><iframe loading=\"lazy\" title=\"Lettore video di YouTube\" src=\"https:\/\/www.youtube.com\/embed\/SFs6hE3t5GE?si=jmBNxQRc-YjzvQzn\" width=\"560\" height=\"315\" frameborder=\"0\" allowfullscreen=\"allowfullscreen\"><\/iframe><\/p>\n<p>Ridurre il volume ed eliminare la cellulite? Con il Fungo Riducente Anticellulite puoi approfondire il trattamento per ridurre il volume ed eliminare la cellulite in modo pi\u00f9 efficace.<\/p>\n<p><strong>Il Fungo Riducente<\/strong> \u00e8 realizzato in legno di pino e loto, studiato per la Maderoterapia online.<\/p>\n<p>Con il Fungo possiamo sbarazzarci in modo pi\u00f9 efficace dei 4 tipi di cellulite che esistono, questa coppia di elementi essenziali in un buon trattamento anticellulite, oltre ad avere una capacit\u00e0 davvero spettacolare di ridurre il volume causata da liquidi e grassi, lavoreremo con i due funghi contemporaneamente per ottenere i migliori risultati.<\/p>\n<ul>\n<li>1 Fungo riducente<\/li>\n<\/ul>\n<p>&nbsp;<\/p>\n","protected":false},"excerpt":{"rendered":"<p>Ridurre il volume ed eliminare la cellulite? Con il Fungo Riducente Anticellulite puoi approfondire il trattamento per ridurre il volume ed eliminare la cellulite in modo pi\u00f9 efficace.<\/p>\n<p><strong>Il Fungo Riducente<\/strong> \u00e8 realizzato in legno di pino e loto, studiato per la Maderoterapia online.<\/p>\n<p>Con il Fungo possiamo sbarazzarci in modo pi\u00f9 efficace dei 4 tipi di cellulite che esistono, questa coppia di elementi essenziali in un buon trattamento anticellulite, oltre ad avere una capacit\u00e0 davvero spettacolare di ridurre il volume causata da liquidi e grassi, lavoreremo con i due funghi contemporaneamente per ottenere i migliori risultati.<\/p>\n<ul>\n<li>Fungo dimagrante Wood Therapy<\/li>\n<\/ul>\n<p>&nbsp;<\/p>\n","protected":false},"featured_media":44832,"comment_status":"closed","ping_status":"closed","template":"","meta":{"content-type":""},"product_brand":[],"product_cat":[455,453],"product_tag":[467],"class_list":{"0":"post-44830","1":"product","2":"type-product","3":"status-publish","4":"has-post-thumbnail","6":"product_cat-elementi-in-legno","7":"product_cat-terapia-del-legno","8":"product_tag-terapia-del-legno-per-il-corpo","10":"first","11":"instock","12":"sale","13":"taxable","14":"shipping-taxable","15":"purchasable","16":"product-type-simple"},"yoast_head":"<!-- This site is optimized with the Yoast SEO plugin v27.4 - https:\/\/yoast.com\/product\/yoast-seo-wordpress\/ -->\n<title>Fungo per la terapia del legno\/Fungo riducente - Maderoterapia Online<\/title>\n<meta name=\"robots\" content=\"index, follow, max-snippet:-1, max-image-preview:large, max-video-preview:-1\" \/>\n<link rel=\"canonical\" href=\"https:\/\/maderoterapiaonline.org\/it\/producto\/fungo-riduttore-fungo-terapia-del-legno\/\" \/>\n<meta property=\"og:locale\" content=\"it_IT\" \/>\n<meta property=\"og:type\" content=\"article\" \/>\n<meta property=\"og:title\" content=\"Fungo per la terapia del legno\/Fungo riducente - Maderoterapia Online\" \/>\n<meta property=\"og:description\" content=\"Ridurre il volume ed eliminare la cellulite? Con il Fungo Riducente Anticellulite puoi approfondire il trattamento per ridurre il volume ed eliminare la cellulite in modo pi\u00f9 efficace.  Il Fungo Riducente \u00e8 realizzato in legno di pino e loto, studiato per la Maderoterapia online.  Con il Fungo possiamo sbarazzarci in modo pi\u00f9 efficace dei 4 tipi di cellulite che esistono, questa coppia di elementi essenziali in un buon trattamento anticellulite, oltre ad avere una capacit\u00e0 davvero spettacolare di ridurre il volume causata da liquidi e grassi, lavoreremo con i due funghi contemporaneamente per ottenere i migliori risultati.   Fungo dimagrante Wood Therapy  &nbsp;\" \/>\n<meta property=\"og:url\" content=\"https:\/\/maderoterapiaonline.org\/it\/producto\/fungo-riduttore-fungo-terapia-del-legno\/\" \/>\n<meta property=\"og:site_name\" content=\"Maderoterapia Online\" \/>\n<meta property=\"article:modified_time\" content=\"2026-04-17T06:37:35+00:00\" \/>\n<meta property=\"og:image\" content=\"https:\/\/maderoterapiaonline.org\/wp-content\/uploads\/2023\/05\/1-42.jpg\" \/>\n\t<meta property=\"og:image:width\" content=\"1080\" \/>\n\t<meta property=\"og:image:height\" content=\"1080\" \/>\n\t<meta property=\"og:image:type\" content=\"image\/jpeg\" \/>\n<meta name=\"twitter:card\" content=\"summary_large_image\" \/>\n<meta name=\"twitter:label1\" content=\"Tempo di lettura stimato\" \/>\n\t<meta name=\"twitter:data1\" content=\"1 minuto\" \/>\n<script type=\"application\/ld+json\" class=\"yoast-schema-graph\">{\"@context\":\"https:\\\/\\\/schema.org\",\"@graph\":[{\"@type\":\"WebPage\",\"@id\":\"https:\\\/\\\/maderoterapiaonline.org\\\/it\\\/producto\\\/fungo-riduttore-fungo-terapia-del-legno\\\/\",\"url\":\"https:\\\/\\\/maderoterapiaonline.org\\\/it\\\/producto\\\/fungo-riduttore-fungo-terapia-del-legno\\\/\",\"name\":\"Fungo per la terapia del legno\\\/Fungo riducente - Maderoterapia Online\",\"isPartOf\":{\"@id\":\"https:\\\/\\\/maderoterapiaonline.org\\\/it\\\/#website\"},\"primaryImageOfPage\":{\"@id\":\"https:\\\/\\\/maderoterapiaonline.org\\\/it\\\/producto\\\/fungo-riduttore-fungo-terapia-del-legno\\\/#primaryimage\"},\"image\":{\"@id\":\"https:\\\/\\\/maderoterapiaonline.org\\\/it\\\/producto\\\/fungo-riduttore-fungo-terapia-del-legno\\\/#primaryimage\"},\"thumbnailUrl\":\"https:\\\/\\\/maderoterapiaonline.org\\\/wp-content\\\/uploads\\\/2023\\\/05\\\/1-42.jpg\",\"datePublished\":\"2025-04-09T03:08:51+00:00\",\"dateModified\":\"2026-04-17T06:37:35+00:00\",\"breadcrumb\":{\"@id\":\"https:\\\/\\\/maderoterapiaonline.org\\\/it\\\/producto\\\/fungo-riduttore-fungo-terapia-del-legno\\\/#breadcrumb\"},\"inLanguage\":\"it-IT\",\"potentialAction\":[{\"@type\":\"ReadAction\",\"target\":[\"https:\\\/\\\/maderoterapiaonline.org\\\/it\\\/producto\\\/fungo-riduttore-fungo-terapia-del-legno\\\/\"]}]},{\"@type\":\"ImageObject\",\"inLanguage\":\"it-IT\",\"@id\":\"https:\\\/\\\/maderoterapiaonline.org\\\/it\\\/producto\\\/fungo-riduttore-fungo-terapia-del-legno\\\/#primaryimage\",\"url\":\"https:\\\/\\\/maderoterapiaonline.org\\\/wp-content\\\/uploads\\\/2023\\\/05\\\/1-42.jpg\",\"contentUrl\":\"https:\\\/\\\/maderoterapiaonline.org\\\/wp-content\\\/uploads\\\/2023\\\/05\\\/1-42.jpg\",\"width\":1080,\"height\":1080,\"caption\":\"Champi\u00f1\u00f3n\\\/Hongo reductor Maderoterapia\"},{\"@type\":\"BreadcrumbList\",\"@id\":\"https:\\\/\\\/maderoterapiaonline.org\\\/it\\\/producto\\\/fungo-riduttore-fungo-terapia-del-legno\\\/#breadcrumb\",\"itemListElement\":[{\"@type\":\"ListItem\",\"position\":1,\"name\":\"Portada\",\"item\":\"https:\\\/\\\/maderoterapiaonline.org\\\/it\\\/\"},{\"@type\":\"ListItem\",\"position\":2,\"name\":\"Negozio\",\"item\":\"https:\\\/\\\/maderoterapiaonline.org\\\/it\\\/kit-legni\\\/\"},{\"@type\":\"ListItem\",\"position\":3,\"name\":\"Fungo per la terapia del legno\\\/Fungo riducente\"}]},{\"@type\":\"WebSite\",\"@id\":\"https:\\\/\\\/maderoterapiaonline.org\\\/it\\\/#website\",\"url\":\"https:\\\/\\\/maderoterapiaonline.org\\\/it\\\/\",\"name\":\"Maderoterapia Online\",\"description\":\"Compra tu kit de Maderoterapia Profesional. Env\u00edos 24\\\/48h. Atenci\u00f3n al cliente por profesionales Maderoterapeutas\",\"publisher\":{\"@id\":\"https:\\\/\\\/maderoterapiaonline.org\\\/it\\\/#organization\"},\"alternateName\":\"Maderoterapiaonline.org\",\"potentialAction\":[{\"@type\":\"SearchAction\",\"target\":{\"@type\":\"EntryPoint\",\"urlTemplate\":\"https:\\\/\\\/maderoterapiaonline.org\\\/it\\\/?s={search_term_string}\"},\"query-input\":{\"@type\":\"PropertyValueSpecification\",\"valueRequired\":true,\"valueName\":\"search_term_string\"}}],\"inLanguage\":\"it-IT\"},{\"@type\":\"Organization\",\"@id\":\"https:\\\/\\\/maderoterapiaonline.org\\\/it\\\/#organization\",\"name\":\"Maderoterapia Est\u00e9tica Espa\u00f1a \u2013 Dori L\u00f3pez\u00ae y Escuela Profesional Maderoterapia Online\u00ae.\",\"url\":\"https:\\\/\\\/maderoterapiaonline.org\\\/it\\\/\",\"logo\":{\"@type\":\"ImageObject\",\"inLanguage\":\"it-IT\",\"@id\":\"https:\\\/\\\/maderoterapiaonline.org\\\/it\\\/#\\\/schema\\\/logo\\\/image\\\/\",\"url\":\"https:\\\/\\\/maderoterapiaonline.org\\\/wp-content\\\/uploads\\\/2025\\\/03\\\/Logo-M-1.png\",\"contentUrl\":\"https:\\\/\\\/maderoterapiaonline.org\\\/wp-content\\\/uploads\\\/2025\\\/03\\\/Logo-M-1.png\",\"width\":1464,\"height\":1051,\"caption\":\"Maderoterapia Est\u00e9tica Espa\u00f1a \u2013 Dori L\u00f3pez\u00ae y Escuela Profesional Maderoterapia Online\u00ae.\"},\"image\":{\"@id\":\"https:\\\/\\\/maderoterapiaonline.org\\\/it\\\/#\\\/schema\\\/logo\\\/image\\\/\"}}]}<\/script>\n<!-- \/ Yoast SEO plugin. -->","yoast_head_json":{"title":"Fungo per la terapia del legno\/Fungo riducente - Maderoterapia Online","robots":{"index":"index","follow":"follow","max-snippet":"max-snippet:-1","max-image-preview":"max-image-preview:large","max-video-preview":"max-video-preview:-1"},"canonical":"https:\/\/maderoterapiaonline.org\/it\/producto\/fungo-riduttore-fungo-terapia-del-legno\/","og_locale":"it_IT","og_type":"article","og_title":"Fungo per la terapia del legno\/Fungo riducente - Maderoterapia Online","og_description":"Ridurre il volume ed eliminare la cellulite? Con il Fungo Riducente Anticellulite puoi approfondire il trattamento per ridurre il volume ed eliminare la cellulite in modo pi\u00f9 efficace.  Il Fungo Riducente \u00e8 realizzato in legno di pino e loto, studiato per la Maderoterapia online.  Con il Fungo possiamo sbarazzarci in modo pi\u00f9 efficace dei 4 tipi di cellulite che esistono, questa coppia di elementi essenziali in un buon trattamento anticellulite, oltre ad avere una capacit\u00e0 davvero spettacolare di ridurre il volume causata da liquidi e grassi, lavoreremo con i due funghi contemporaneamente per ottenere i migliori risultati.   Fungo dimagrante Wood Therapy  &nbsp;","og_url":"https:\/\/maderoterapiaonline.org\/it\/producto\/fungo-riduttore-fungo-terapia-del-legno\/","og_site_name":"Maderoterapia Online","article_modified_time":"2026-04-17T06:37:35+00:00","og_image":[{"width":1080,"height":1080,"url":"https:\/\/maderoterapiaonline.org\/wp-content\/uploads\/2023\/05\/1-42.jpg","type":"image\/jpeg"}],"twitter_card":"summary_large_image","twitter_misc":{"Tempo di lettura stimato":"1 minuto"},"schema":{"@context":"https:\/\/schema.org","@graph":[{"@type":"WebPage","@id":"https:\/\/maderoterapiaonline.org\/it\/producto\/fungo-riduttore-fungo-terapia-del-legno\/","url":"https:\/\/maderoterapiaonline.org\/it\/producto\/fungo-riduttore-fungo-terapia-del-legno\/","name":"Fungo per la terapia del legno\/Fungo riducente - Maderoterapia Online","isPartOf":{"@id":"https:\/\/maderoterapiaonline.org\/it\/#website"},"primaryImageOfPage":{"@id":"https:\/\/maderoterapiaonline.org\/it\/producto\/fungo-riduttore-fungo-terapia-del-legno\/#primaryimage"},"image":{"@id":"https:\/\/maderoterapiaonline.org\/it\/producto\/fungo-riduttore-fungo-terapia-del-legno\/#primaryimage"},"thumbnailUrl":"https:\/\/maderoterapiaonline.org\/wp-content\/uploads\/2023\/05\/1-42.jpg","datePublished":"2025-04-09T03:08:51+00:00","dateModified":"2026-04-17T06:37:35+00:00","breadcrumb":{"@id":"https:\/\/maderoterapiaonline.org\/it\/producto\/fungo-riduttore-fungo-terapia-del-legno\/#breadcrumb"},"inLanguage":"it-IT","potentialAction":[{"@type":"ReadAction","target":["https:\/\/maderoterapiaonline.org\/it\/producto\/fungo-riduttore-fungo-terapia-del-legno\/"]}]},{"@type":"ImageObject","inLanguage":"it-IT","@id":"https:\/\/maderoterapiaonline.org\/it\/producto\/fungo-riduttore-fungo-terapia-del-legno\/#primaryimage","url":"https:\/\/maderoterapiaonline.org\/wp-content\/uploads\/2023\/05\/1-42.jpg","contentUrl":"https:\/\/maderoterapiaonline.org\/wp-content\/uploads\/2023\/05\/1-42.jpg","width":1080,"height":1080,"caption":"Champi\u00f1\u00f3n\/Hongo reductor Maderoterapia"},{"@type":"BreadcrumbList","@id":"https:\/\/maderoterapiaonline.org\/it\/producto\/fungo-riduttore-fungo-terapia-del-legno\/#breadcrumb","itemListElement":[{"@type":"ListItem","position":1,"name":"Portada","item":"https:\/\/maderoterapiaonline.org\/it\/"},{"@type":"ListItem","position":2,"name":"Negozio","item":"https:\/\/maderoterapiaonline.org\/it\/kit-legni\/"},{"@type":"ListItem","position":3,"name":"Fungo per la terapia del legno\/Fungo riducente"}]},{"@type":"WebSite","@id":"https:\/\/maderoterapiaonline.org\/it\/#website","url":"https:\/\/maderoterapiaonline.org\/it\/","name":"Maderoterapia Online","description":"Compra tu kit de Maderoterapia Profesional. Env\u00edos 24\/48h. Atenci\u00f3n al cliente por profesionales Maderoterapeutas","publisher":{"@id":"https:\/\/maderoterapiaonline.org\/it\/#organization"},"alternateName":"Maderoterapiaonline.org","potentialAction":[{"@type":"SearchAction","target":{"@type":"EntryPoint","urlTemplate":"https:\/\/maderoterapiaonline.org\/it\/?s={search_term_string}"},"query-input":{"@type":"PropertyValueSpecification","valueRequired":true,"valueName":"search_term_string"}}],"inLanguage":"it-IT"},{"@type":"Organization","@id":"https:\/\/maderoterapiaonline.org\/it\/#organization","name":"Maderoterapia Est\u00e9tica Espa\u00f1a \u2013 Dori L\u00f3pez\u00ae y Escuela Profesional Maderoterapia Online\u00ae.","url":"https:\/\/maderoterapiaonline.org\/it\/","logo":{"@type":"ImageObject","inLanguage":"it-IT","@id":"https:\/\/maderoterapiaonline.org\/it\/#\/schema\/logo\/image\/","url":"https:\/\/maderoterapiaonline.org\/wp-content\/uploads\/2025\/03\/Logo-M-1.png","contentUrl":"https:\/\/maderoterapiaonline.org\/wp-content\/uploads\/2025\/03\/Logo-M-1.png","width":1464,"height":1051,"caption":"Maderoterapia Est\u00e9tica Espa\u00f1a \u2013 Dori L\u00f3pez\u00ae y Escuela Profesional Maderoterapia Online\u00ae."},"image":{"@id":"https:\/\/maderoterapiaonline.org\/it\/#\/schema\/logo\/image\/"}}]}},"_links":{"self":[{"href":"https:\/\/maderoterapiaonline.org\/it\/wp-json\/wp\/v2\/product\/44830","targetHints":{"allow":["GET"]}}],"collection":[{"href":"https:\/\/maderoterapiaonline.org\/it\/wp-json\/wp\/v2\/product"}],"about":[{"href":"https:\/\/maderoterapiaonline.org\/it\/wp-json\/wp\/v2\/types\/product"}],"replies":[{"embeddable":true,"href":"https:\/\/maderoterapiaonline.org\/it\/wp-json\/wp\/v2\/comments?post=44830"}],"wp:featuredmedia":[{"embeddable":true,"href":"https:\/\/maderoterapiaonline.org\/it\/wp-json\/wp\/v2\/media\/44832"}],"wp:attachment":[{"href":"https:\/\/maderoterapiaonline.org\/it\/wp-json\/wp\/v2\/media?parent=44830"}],"wp:term":[{"taxonomy":"product_brand","embeddable":true,"href":"https:\/\/maderoterapiaonline.org\/it\/wp-json\/wp\/v2\/product_brand?post=44830"},{"taxonomy":"product_cat","embeddable":true,"href":"https:\/\/maderoterapiaonline.org\/it\/wp-json\/wp\/v2\/product_cat?post=44830"},{"taxonomy":"product_tag","embeddable":true,"href":"https:\/\/maderoterapiaonline.org\/it\/wp-json\/wp\/v2\/product_tag?post=44830"}],"curies":[{"name":"wp","href":"https:\/\/api.w.org\/{rel}","templated":true}]}}