{"id":44785,"date":"2025-04-13T05:08:45","date_gmt":"2025-04-13T03:08:45","guid":{"rendered":"https:\/\/maderoterapiaonline.org\/producto\/coppetta-svedese-con-rullo-anticellulite\/"},"modified":"2025-10-08T09:52:15","modified_gmt":"2025-10-08T07:52:15","slug":"coppetta-svedese-con-rullo-anticellulite","status":"publish","type":"product","link":"https:\/\/maderoterapiaonline.org\/it\/producto\/coppetta-svedese-con-rullo-anticellulite\/","title":{"rendered":"Coppa svedese con rullo anticellulite Maderoterapia"},"content":{"rendered":"<p><iframe loading=\"lazy\" src=\"https:\/\/www.youtube.com\/embed\/QY-0iPdNqUA\" width=\"560\" height=\"315\" frameborder=\"0\" allowfullscreen=\"allowfullscreen\"><\/iframe>  <iframe loading=\"lazy\" title=\"Lettore video di YouTube\" src=\"https:\/\/www.youtube.com\/embed\/YOPCkSqcfXM?si=-QHrU06KsWDyjlNi\" width=\"560\" height=\"315\" frameborder=\"0\" allowfullscreen=\"allowfullscreen\"><\/iframe><\/p>\n<hr>\n<p>Annullare la cellulite e sollevare i glutei? Molto facile con la coppetta svedese con rullo per zone molto specifiche dove \u00e8 richiesto un effetto di massaggio intenso.<\/p>\n<p><strong>La coppetta a rullo svedese Maderoterapia<\/strong> \u00e8 realizzata in legno di pino e loto, disegnata da Maderoterapia Est\u00e9tica Espa\u00f1a\u00ae<\/p>\n<p>La coppetta a rullo ci aiuta a lavorare zone specifiche del corpo con grande intensit\u00e0, favorendo l&#8217;eliminazione dei grassi e della cellulite molto resistenti, oltre ad avere un effetto amplificante e complementare con altri elementi per sollevare i glutei in modo efficace.<\/p>\n<p><strong>Coppa Svedese con Maderoterapia a Rullo<\/strong><\/p>\n<ul>\n<li>Peso: 210 gr<\/li>\n<\/ul>\n","protected":false},"excerpt":{"rendered":"<p>Annullare la cellulite e sollevare i glutei? Molto facile con la tazza svedese di Wood Therapy con rullo per aree molto specifiche in cui \u00e8 richiesto un effetto di massaggio intenso, progettato per ottenere i migliori risultati con la Wood Therapy.<\/p>\n<p><strong>La tazza svedese con rullo<\/strong> \u00e8 realizzata in legno di pino e loto, disegnata da Maderoterapia Est\u00e9tica Espa\u00f1a\u00ae<\/p>\n<p>La coppetta svedese con rullo ci aiuta a lavorare con grande intensit\u00e0 specifiche zone del corpo, favorendo l&#8217;eliminazione di grassi e cellulite molto resistenti, oltre ad avere un effetto amplificante e complementare con altri elementi per sollevare i glutei in modo efficace.<\/p>\n<ul>\n<li>Coppetta a rulli Maderoterapia<\/li>\n<\/ul>\n<p>&nbsp;<\/p>\n","protected":false},"featured_media":44789,"comment_status":"closed","ping_status":"closed","template":"","meta":{"content-type":""},"product_brand":[],"product_cat":[455,453],"product_tag":[468],"class_list":{"0":"post-44785","1":"product","2":"type-product","3":"status-publish","4":"has-post-thumbnail","6":"product_cat-elementi-in-legno","7":"product_cat-terapia-del-legno","8":"product_tag-elementi-in-legno","10":"first","11":"instock","12":"sale","13":"taxable","14":"shipping-taxable","15":"purchasable","16":"product-type-simple"},"yoast_head":"<!-- This site is optimized with the Yoast SEO plugin v27.4 - https:\/\/yoast.com\/product\/yoast-seo-wordpress\/ -->\n<title>Coppa svedese con rullo anticellulite Maderoterapia - Maderoterapia Online<\/title>\n<meta name=\"robots\" content=\"index, follow, max-snippet:-1, max-image-preview:large, max-video-preview:-1\" \/>\n<link rel=\"canonical\" href=\"https:\/\/maderoterapiaonline.org\/it\/producto\/coppetta-svedese-con-rullo-anticellulite\/\" \/>\n<meta property=\"og:locale\" content=\"it_IT\" \/>\n<meta property=\"og:type\" content=\"article\" \/>\n<meta property=\"og:title\" content=\"Coppa svedese con rullo anticellulite Maderoterapia - Maderoterapia Online\" \/>\n<meta property=\"og:description\" content=\"Annullare la cellulite e sollevare i glutei? Molto facile con la tazza svedese di Wood Therapy con rullo per aree molto specifiche in cui \u00e8 richiesto un effetto di massaggio intenso, progettato per ottenere i migliori risultati con la Wood Therapy. La tazza svedese con rullo \u00e8 realizzata in legno di pino e loto, disegnata da Maderoterapia Est\u00e9tica Espa\u00f1a\u00ae La coppetta svedese con rullo ci aiuta a lavorare con grande intensit\u00e0 specifiche zone del corpo, favorendo l&#039;eliminazione di grassi e cellulite molto resistenti, oltre ad avere un effetto amplificante e complementare con altri elementi per sollevare i glutei in modo efficace.  Coppetta a rulli Maderoterapia &nbsp;\" \/>\n<meta property=\"og:url\" content=\"https:\/\/maderoterapiaonline.org\/it\/producto\/coppetta-svedese-con-rullo-anticellulite\/\" \/>\n<meta property=\"og:site_name\" content=\"Maderoterapia Online\" \/>\n<meta property=\"article:modified_time\" content=\"2025-10-08T07:52:15+00:00\" \/>\n<meta property=\"og:image\" content=\"https:\/\/maderoterapiaonline.org\/wp-content\/uploads\/2023\/05\/1-39.jpg\" \/>\n\t<meta property=\"og:image:width\" content=\"1080\" \/>\n\t<meta property=\"og:image:height\" content=\"1080\" \/>\n\t<meta property=\"og:image:type\" content=\"image\/jpeg\" \/>\n<meta name=\"twitter:card\" content=\"summary_large_image\" \/>\n<script type=\"application\/ld+json\" class=\"yoast-schema-graph\">{\"@context\":\"https:\\\/\\\/schema.org\",\"@graph\":[{\"@type\":\"WebPage\",\"@id\":\"https:\\\/\\\/maderoterapiaonline.org\\\/it\\\/producto\\\/coppetta-svedese-con-rullo-anticellulite\\\/\",\"url\":\"https:\\\/\\\/maderoterapiaonline.org\\\/it\\\/producto\\\/coppetta-svedese-con-rullo-anticellulite\\\/\",\"name\":\"Coppa svedese con rullo anticellulite Maderoterapia - Maderoterapia Online\",\"isPartOf\":{\"@id\":\"https:\\\/\\\/maderoterapiaonline.org\\\/it\\\/#website\"},\"primaryImageOfPage\":{\"@id\":\"https:\\\/\\\/maderoterapiaonline.org\\\/it\\\/producto\\\/coppetta-svedese-con-rullo-anticellulite\\\/#primaryimage\"},\"image\":{\"@id\":\"https:\\\/\\\/maderoterapiaonline.org\\\/it\\\/producto\\\/coppetta-svedese-con-rullo-anticellulite\\\/#primaryimage\"},\"thumbnailUrl\":\"https:\\\/\\\/maderoterapiaonline.org\\\/wp-content\\\/uploads\\\/2023\\\/05\\\/1-39.jpg\",\"datePublished\":\"2025-04-13T03:08:45+00:00\",\"dateModified\":\"2025-10-08T07:52:15+00:00\",\"breadcrumb\":{\"@id\":\"https:\\\/\\\/maderoterapiaonline.org\\\/it\\\/producto\\\/coppetta-svedese-con-rullo-anticellulite\\\/#breadcrumb\"},\"inLanguage\":\"it-IT\",\"potentialAction\":[{\"@type\":\"ReadAction\",\"target\":[\"https:\\\/\\\/maderoterapiaonline.org\\\/it\\\/producto\\\/coppetta-svedese-con-rullo-anticellulite\\\/\"]}]},{\"@type\":\"ImageObject\",\"inLanguage\":\"it-IT\",\"@id\":\"https:\\\/\\\/maderoterapiaonline.org\\\/it\\\/producto\\\/coppetta-svedese-con-rullo-anticellulite\\\/#primaryimage\",\"url\":\"https:\\\/\\\/maderoterapiaonline.org\\\/wp-content\\\/uploads\\\/2023\\\/05\\\/1-39.jpg\",\"contentUrl\":\"https:\\\/\\\/maderoterapiaonline.org\\\/wp-content\\\/uploads\\\/2023\\\/05\\\/1-39.jpg\",\"width\":1080,\"height\":1080,\"caption\":\"Copa sueca con rodillo anticelul\u00edtico Maderoterapia\"},{\"@type\":\"BreadcrumbList\",\"@id\":\"https:\\\/\\\/maderoterapiaonline.org\\\/it\\\/producto\\\/coppetta-svedese-con-rullo-anticellulite\\\/#breadcrumb\",\"itemListElement\":[{\"@type\":\"ListItem\",\"position\":1,\"name\":\"Portada\",\"item\":\"https:\\\/\\\/maderoterapiaonline.org\\\/it\\\/\"},{\"@type\":\"ListItem\",\"position\":2,\"name\":\"Negozio\",\"item\":\"https:\\\/\\\/maderoterapiaonline.org\\\/it\\\/kit-legni\\\/\"},{\"@type\":\"ListItem\",\"position\":3,\"name\":\"Coppa svedese con rullo anticellulite Maderoterapia\"}]},{\"@type\":\"WebSite\",\"@id\":\"https:\\\/\\\/maderoterapiaonline.org\\\/it\\\/#website\",\"url\":\"https:\\\/\\\/maderoterapiaonline.org\\\/it\\\/\",\"name\":\"Maderoterapia Online\",\"description\":\"Compra tu kit de Maderoterapia Profesional. Env\u00edos 24\\\/48h. Atenci\u00f3n al cliente por profesionales Maderoterapeutas\",\"publisher\":{\"@id\":\"https:\\\/\\\/maderoterapiaonline.org\\\/it\\\/#organization\"},\"alternateName\":\"Maderoterapiaonline.org\",\"potentialAction\":[{\"@type\":\"SearchAction\",\"target\":{\"@type\":\"EntryPoint\",\"urlTemplate\":\"https:\\\/\\\/maderoterapiaonline.org\\\/it\\\/?s={search_term_string}\"},\"query-input\":{\"@type\":\"PropertyValueSpecification\",\"valueRequired\":true,\"valueName\":\"search_term_string\"}}],\"inLanguage\":\"it-IT\"},{\"@type\":\"Organization\",\"@id\":\"https:\\\/\\\/maderoterapiaonline.org\\\/it\\\/#organization\",\"name\":\"Maderoterapia Est\u00e9tica Espa\u00f1a \u2013 Dori L\u00f3pez\u00ae y Escuela Profesional Maderoterapia Online\u00ae.\",\"url\":\"https:\\\/\\\/maderoterapiaonline.org\\\/it\\\/\",\"logo\":{\"@type\":\"ImageObject\",\"inLanguage\":\"it-IT\",\"@id\":\"https:\\\/\\\/maderoterapiaonline.org\\\/it\\\/#\\\/schema\\\/logo\\\/image\\\/\",\"url\":\"https:\\\/\\\/maderoterapiaonline.org\\\/wp-content\\\/uploads\\\/2025\\\/03\\\/Logo-M-1.png\",\"contentUrl\":\"https:\\\/\\\/maderoterapiaonline.org\\\/wp-content\\\/uploads\\\/2025\\\/03\\\/Logo-M-1.png\",\"width\":1464,\"height\":1051,\"caption\":\"Maderoterapia Est\u00e9tica Espa\u00f1a \u2013 Dori L\u00f3pez\u00ae y Escuela Profesional Maderoterapia Online\u00ae.\"},\"image\":{\"@id\":\"https:\\\/\\\/maderoterapiaonline.org\\\/it\\\/#\\\/schema\\\/logo\\\/image\\\/\"}}]}<\/script>\n<!-- \/ Yoast SEO plugin. -->","yoast_head_json":{"title":"Coppa svedese con rullo anticellulite Maderoterapia - Maderoterapia Online","robots":{"index":"index","follow":"follow","max-snippet":"max-snippet:-1","max-image-preview":"max-image-preview:large","max-video-preview":"max-video-preview:-1"},"canonical":"https:\/\/maderoterapiaonline.org\/it\/producto\/coppetta-svedese-con-rullo-anticellulite\/","og_locale":"it_IT","og_type":"article","og_title":"Coppa svedese con rullo anticellulite Maderoterapia - Maderoterapia Online","og_description":"Annullare la cellulite e sollevare i glutei? Molto facile con la tazza svedese di Wood Therapy con rullo per aree molto specifiche in cui \u00e8 richiesto un effetto di massaggio intenso, progettato per ottenere i migliori risultati con la Wood Therapy. La tazza svedese con rullo \u00e8 realizzata in legno di pino e loto, disegnata da Maderoterapia Est\u00e9tica Espa\u00f1a\u00ae La coppetta svedese con rullo ci aiuta a lavorare con grande intensit\u00e0 specifiche zone del corpo, favorendo l'eliminazione di grassi e cellulite molto resistenti, oltre ad avere un effetto amplificante e complementare con altri elementi per sollevare i glutei in modo efficace.  Coppetta a rulli Maderoterapia &nbsp;","og_url":"https:\/\/maderoterapiaonline.org\/it\/producto\/coppetta-svedese-con-rullo-anticellulite\/","og_site_name":"Maderoterapia Online","article_modified_time":"2025-10-08T07:52:15+00:00","og_image":[{"width":1080,"height":1080,"url":"https:\/\/maderoterapiaonline.org\/wp-content\/uploads\/2023\/05\/1-39.jpg","type":"image\/jpeg"}],"twitter_card":"summary_large_image","schema":{"@context":"https:\/\/schema.org","@graph":[{"@type":"WebPage","@id":"https:\/\/maderoterapiaonline.org\/it\/producto\/coppetta-svedese-con-rullo-anticellulite\/","url":"https:\/\/maderoterapiaonline.org\/it\/producto\/coppetta-svedese-con-rullo-anticellulite\/","name":"Coppa svedese con rullo anticellulite Maderoterapia - Maderoterapia Online","isPartOf":{"@id":"https:\/\/maderoterapiaonline.org\/it\/#website"},"primaryImageOfPage":{"@id":"https:\/\/maderoterapiaonline.org\/it\/producto\/coppetta-svedese-con-rullo-anticellulite\/#primaryimage"},"image":{"@id":"https:\/\/maderoterapiaonline.org\/it\/producto\/coppetta-svedese-con-rullo-anticellulite\/#primaryimage"},"thumbnailUrl":"https:\/\/maderoterapiaonline.org\/wp-content\/uploads\/2023\/05\/1-39.jpg","datePublished":"2025-04-13T03:08:45+00:00","dateModified":"2025-10-08T07:52:15+00:00","breadcrumb":{"@id":"https:\/\/maderoterapiaonline.org\/it\/producto\/coppetta-svedese-con-rullo-anticellulite\/#breadcrumb"},"inLanguage":"it-IT","potentialAction":[{"@type":"ReadAction","target":["https:\/\/maderoterapiaonline.org\/it\/producto\/coppetta-svedese-con-rullo-anticellulite\/"]}]},{"@type":"ImageObject","inLanguage":"it-IT","@id":"https:\/\/maderoterapiaonline.org\/it\/producto\/coppetta-svedese-con-rullo-anticellulite\/#primaryimage","url":"https:\/\/maderoterapiaonline.org\/wp-content\/uploads\/2023\/05\/1-39.jpg","contentUrl":"https:\/\/maderoterapiaonline.org\/wp-content\/uploads\/2023\/05\/1-39.jpg","width":1080,"height":1080,"caption":"Copa sueca con rodillo anticelul\u00edtico Maderoterapia"},{"@type":"BreadcrumbList","@id":"https:\/\/maderoterapiaonline.org\/it\/producto\/coppetta-svedese-con-rullo-anticellulite\/#breadcrumb","itemListElement":[{"@type":"ListItem","position":1,"name":"Portada","item":"https:\/\/maderoterapiaonline.org\/it\/"},{"@type":"ListItem","position":2,"name":"Negozio","item":"https:\/\/maderoterapiaonline.org\/it\/kit-legni\/"},{"@type":"ListItem","position":3,"name":"Coppa svedese con rullo anticellulite Maderoterapia"}]},{"@type":"WebSite","@id":"https:\/\/maderoterapiaonline.org\/it\/#website","url":"https:\/\/maderoterapiaonline.org\/it\/","name":"Maderoterapia Online","description":"Compra tu kit de Maderoterapia Profesional. Env\u00edos 24\/48h. Atenci\u00f3n al cliente por profesionales Maderoterapeutas","publisher":{"@id":"https:\/\/maderoterapiaonline.org\/it\/#organization"},"alternateName":"Maderoterapiaonline.org","potentialAction":[{"@type":"SearchAction","target":{"@type":"EntryPoint","urlTemplate":"https:\/\/maderoterapiaonline.org\/it\/?s={search_term_string}"},"query-input":{"@type":"PropertyValueSpecification","valueRequired":true,"valueName":"search_term_string"}}],"inLanguage":"it-IT"},{"@type":"Organization","@id":"https:\/\/maderoterapiaonline.org\/it\/#organization","name":"Maderoterapia Est\u00e9tica Espa\u00f1a \u2013 Dori L\u00f3pez\u00ae y Escuela Profesional Maderoterapia Online\u00ae.","url":"https:\/\/maderoterapiaonline.org\/it\/","logo":{"@type":"ImageObject","inLanguage":"it-IT","@id":"https:\/\/maderoterapiaonline.org\/it\/#\/schema\/logo\/image\/","url":"https:\/\/maderoterapiaonline.org\/wp-content\/uploads\/2025\/03\/Logo-M-1.png","contentUrl":"https:\/\/maderoterapiaonline.org\/wp-content\/uploads\/2025\/03\/Logo-M-1.png","width":1464,"height":1051,"caption":"Maderoterapia Est\u00e9tica Espa\u00f1a \u2013 Dori L\u00f3pez\u00ae y Escuela Profesional Maderoterapia Online\u00ae."},"image":{"@id":"https:\/\/maderoterapiaonline.org\/it\/#\/schema\/logo\/image\/"}}]}},"_links":{"self":[{"href":"https:\/\/maderoterapiaonline.org\/it\/wp-json\/wp\/v2\/product\/44785","targetHints":{"allow":["GET"]}}],"collection":[{"href":"https:\/\/maderoterapiaonline.org\/it\/wp-json\/wp\/v2\/product"}],"about":[{"href":"https:\/\/maderoterapiaonline.org\/it\/wp-json\/wp\/v2\/types\/product"}],"replies":[{"embeddable":true,"href":"https:\/\/maderoterapiaonline.org\/it\/wp-json\/wp\/v2\/comments?post=44785"}],"wp:featuredmedia":[{"embeddable":true,"href":"https:\/\/maderoterapiaonline.org\/it\/wp-json\/wp\/v2\/media\/44789"}],"wp:attachment":[{"href":"https:\/\/maderoterapiaonline.org\/it\/wp-json\/wp\/v2\/media?parent=44785"}],"wp:term":[{"taxonomy":"product_brand","embeddable":true,"href":"https:\/\/maderoterapiaonline.org\/it\/wp-json\/wp\/v2\/product_brand?post=44785"},{"taxonomy":"product_cat","embeddable":true,"href":"https:\/\/maderoterapiaonline.org\/it\/wp-json\/wp\/v2\/product_cat?post=44785"},{"taxonomy":"product_tag","embeddable":true,"href":"https:\/\/maderoterapiaonline.org\/it\/wp-json\/wp\/v2\/product_tag?post=44785"}],"curies":[{"name":"wp","href":"https:\/\/api.w.org\/{rel}","templated":true}]}}