{"id":44747,"date":"2025-04-10T05:08:45","date_gmt":"2025-04-10T03:08:45","guid":{"rendered":"https:\/\/maderoterapiaonline.org\/producto\/coppetta-svedese-piccolo-legno-terapia\/"},"modified":"2025-06-25T09:26:05","modified_gmt":"2025-06-25T07:26:05","slug":"coppetta-svedese-piccolo-legno-terapia","status":"publish","type":"product","link":"https:\/\/maderoterapiaonline.org\/it\/producto\/coppetta-svedese-piccolo-legno-terapia\/","title":{"rendered":"Coppa Svedese di Maderoterapia"},"content":{"rendered":"<p><iframe loading=\"lazy\" src=\"https:\/\/www.youtube.com\/embed\/ZYRmsFi9Zok\" width=\"560\" height=\"315\" frameborder=\"0\" allowfullscreen=\"allowfullscreen\"><span data-mce-type=\"bookmark\" style=\"display: inline-block; width: 0px; overflow: hidden; line-height: 0;\" class=\"mce_SELRES_start\"><\/span><\/iframe><\/p>\n<hr>\n<p>Rassodare ed elevare in piccole aree? con la piccola coppetta svedese di Maderoterapia online crea la ventosa perfetta per ottenere i migliori risultati nelle zone pi\u00f9 complicate.<\/p>\n<p><strong>La tazza svedese Maderoterapia<\/strong> \u00e8 realizzata in legno di pino e loto, disegnata da Maderoterapia Est\u00e9tica Espa\u00f1a\u00ae<\/p>\n<p>Con la coppetta svedese possiamo modellare l&#8217;addome grazie al suo potente effetto di aspirazione, oltre a sollevare i glutei e tonificare con risultati visibili immediati, la differenza con la sorella maggiore \u00e8 che pu\u00f2 accedere a zone pi\u00f9 piccole e persone con meno volume di grasso.<\/p>\n<p><strong>Coppa Svedese di Maderoterapia<\/strong><\/p>\n<ul>\n<li>Lunghezza: 14 cm<\/li>\n<li>Diametro 8,5 cm \u2205<\/li>\n<li>Peso: 150 gr<\/li>\n<\/ul>\n<p>&nbsp;<\/p>\n","protected":false},"excerpt":{"rendered":"<p>Rassodare ed elevare in piccole aree? con la piccola coppetta svedese di Maderoterapia online crea la ventosa perfetta per ottenere i migliori risultati nelle zone pi\u00f9 complicate.<\/p>\n<p><strong>La tazza svedese<\/strong> \u00e8 realizzata in legno di pino e loto, disegnata da Maderoterapia Est\u00e9tica Espa\u00f1a\u00ae<\/p>\n<p>Con la coppetta svedese piccola possiamo modellare l&#8217;addome grazie al suo potente effetto ventosa, oltre a sollevare i glutei e tonificare con risultati visibili immediati, la differenza con la sorella maggiore \u00e8 che pu\u00f2 accedere a zone pi\u00f9 piccole e persone con meno volume di grasso.<\/p>\n<ul>\n<li>Coppa svedese, Diametro 8,5 cm \u2205<\/li>\n<\/ul>\n<p>&nbsp;<\/p>\n","protected":false},"featured_media":44751,"comment_status":"closed","ping_status":"closed","template":"","meta":{"content-type":""},"product_brand":[],"product_cat":[455,453],"product_tag":[468],"class_list":{"0":"post-44747","1":"product","2":"type-product","3":"status-publish","4":"has-post-thumbnail","6":"product_cat-elementi-in-legno","7":"product_cat-terapia-del-legno","8":"product_tag-elementi-in-legno","10":"first","11":"outofstock","12":"sale","13":"taxable","14":"shipping-taxable","15":"purchasable","16":"product-type-simple"},"yoast_head":"<!-- This site is optimized with the Yoast SEO plugin v27.2 - https:\/\/yoast.com\/product\/yoast-seo-wordpress\/ -->\n<title>Coppa Svedese di Maderoterapia - Maderoterapia Online<\/title>\n<meta name=\"robots\" content=\"index, follow, max-snippet:-1, max-image-preview:large, max-video-preview:-1\" \/>\n<link rel=\"canonical\" href=\"https:\/\/maderoterapiaonline.org\/it\/producto\/coppetta-svedese-piccolo-legno-terapia\/\" \/>\n<meta property=\"og:locale\" content=\"it_IT\" \/>\n<meta property=\"og:type\" content=\"article\" \/>\n<meta property=\"og:title\" content=\"Coppa Svedese di Maderoterapia - Maderoterapia Online\" \/>\n<meta property=\"og:description\" content=\"Rassodare ed elevare in piccole aree? con la piccola coppetta svedese di Maderoterapia online crea la ventosa perfetta per ottenere i migliori risultati nelle zone pi\u00f9 complicate. La tazza svedese \u00e8 realizzata in legno di pino e loto, disegnata da Maderoterapia Est\u00e9tica Espa\u00f1a\u00ae Con la coppetta svedese piccola possiamo modellare l&#039;addome grazie al suo potente effetto ventosa, oltre a sollevare i glutei e tonificare con risultati visibili immediati, la differenza con la sorella maggiore \u00e8 che pu\u00f2 accedere a zone pi\u00f9 piccole e persone con meno volume di grasso.  Coppa svedese, Diametro 8,5 cm \u2205 &nbsp;\" \/>\n<meta property=\"og:url\" content=\"https:\/\/maderoterapiaonline.org\/it\/producto\/coppetta-svedese-piccolo-legno-terapia\/\" \/>\n<meta property=\"og:site_name\" content=\"Maderoterapia Online\" \/>\n<meta property=\"article:modified_time\" content=\"2025-06-25T07:26:05+00:00\" \/>\n<meta property=\"og:image\" content=\"https:\/\/maderoterapiaonline.org\/wp-content\/uploads\/2023\/05\/1-43.jpg\" \/>\n\t<meta property=\"og:image:width\" content=\"1080\" \/>\n\t<meta property=\"og:image:height\" content=\"1080\" \/>\n\t<meta property=\"og:image:type\" content=\"image\/jpeg\" \/>\n<meta name=\"twitter:card\" content=\"summary_large_image\" \/>\n<meta name=\"twitter:label1\" content=\"Tempo di lettura stimato\" \/>\n\t<meta name=\"twitter:data1\" content=\"1 minuto\" \/>\n<script type=\"application\/ld+json\" class=\"yoast-schema-graph\">{\"@context\":\"https:\/\/schema.org\",\"@graph\":[{\"@type\":\"WebPage\",\"@id\":\"https:\/\/maderoterapiaonline.org\/it\/producto\/coppetta-svedese-piccolo-legno-terapia\/\",\"url\":\"https:\/\/maderoterapiaonline.org\/it\/producto\/coppetta-svedese-piccolo-legno-terapia\/\",\"name\":\"Coppa Svedese di Maderoterapia - Maderoterapia Online\",\"isPartOf\":{\"@id\":\"https:\/\/maderoterapiaonline.org\/it\/#website\"},\"primaryImageOfPage\":{\"@id\":\"https:\/\/maderoterapiaonline.org\/it\/producto\/coppetta-svedese-piccolo-legno-terapia\/#primaryimage\"},\"image\":{\"@id\":\"https:\/\/maderoterapiaonline.org\/it\/producto\/coppetta-svedese-piccolo-legno-terapia\/#primaryimage\"},\"thumbnailUrl\":\"https:\/\/maderoterapiaonline.org\/wp-content\/uploads\/2023\/05\/1-43.jpg\",\"datePublished\":\"2025-04-10T03:08:45+00:00\",\"dateModified\":\"2025-06-25T07:26:05+00:00\",\"breadcrumb\":{\"@id\":\"https:\/\/maderoterapiaonline.org\/it\/producto\/coppetta-svedese-piccolo-legno-terapia\/#breadcrumb\"},\"inLanguage\":\"it-IT\",\"potentialAction\":[{\"@type\":\"ReadAction\",\"target\":[\"https:\/\/maderoterapiaonline.org\/it\/producto\/coppetta-svedese-piccolo-legno-terapia\/\"]}]},{\"@type\":\"ImageObject\",\"inLanguage\":\"it-IT\",\"@id\":\"https:\/\/maderoterapiaonline.org\/it\/producto\/coppetta-svedese-piccolo-legno-terapia\/#primaryimage\",\"url\":\"https:\/\/maderoterapiaonline.org\/wp-content\/uploads\/2023\/05\/1-43.jpg\",\"contentUrl\":\"https:\/\/maderoterapiaonline.org\/wp-content\/uploads\/2023\/05\/1-43.jpg\",\"width\":1080,\"height\":1080,\"caption\":\"Copa sueca Maderoterapia\"},{\"@type\":\"BreadcrumbList\",\"@id\":\"https:\/\/maderoterapiaonline.org\/it\/producto\/coppetta-svedese-piccolo-legno-terapia\/#breadcrumb\",\"itemListElement\":[{\"@type\":\"ListItem\",\"position\":1,\"name\":\"Portada\",\"item\":\"https:\/\/maderoterapiaonline.org\/it\/\"},{\"@type\":\"ListItem\",\"position\":2,\"name\":\"Negozio\",\"item\":\"https:\/\/maderoterapiaonline.org\/it\/kit-legni\/\"},{\"@type\":\"ListItem\",\"position\":3,\"name\":\"Coppa Svedese di Maderoterapia\"}]},{\"@type\":\"WebSite\",\"@id\":\"https:\/\/maderoterapiaonline.org\/it\/#website\",\"url\":\"https:\/\/maderoterapiaonline.org\/it\/\",\"name\":\"Maderoterapia Online\",\"description\":\"Compra tu kit de Maderoterapia Profesional. Env\u00edos 24\/48h. Atenci\u00f3n al cliente por profesionales Maderoterapeutas\",\"publisher\":{\"@id\":\"https:\/\/maderoterapiaonline.org\/it\/#organization\"},\"alternateName\":\"Maderoterapiaonline.org\",\"potentialAction\":[{\"@type\":\"SearchAction\",\"target\":{\"@type\":\"EntryPoint\",\"urlTemplate\":\"https:\/\/maderoterapiaonline.org\/it\/?s={search_term_string}\"},\"query-input\":{\"@type\":\"PropertyValueSpecification\",\"valueRequired\":true,\"valueName\":\"search_term_string\"}}],\"inLanguage\":\"it-IT\"},{\"@type\":\"Organization\",\"@id\":\"https:\/\/maderoterapiaonline.org\/it\/#organization\",\"name\":\"Maderoterapia Est\u00e9tica Espa\u00f1a \u2013 Dori L\u00f3pez\u00ae y Escuela Profesional Maderoterapia Online\u00ae.\",\"url\":\"https:\/\/maderoterapiaonline.org\/it\/\",\"logo\":{\"@type\":\"ImageObject\",\"inLanguage\":\"it-IT\",\"@id\":\"https:\/\/maderoterapiaonline.org\/it\/#\/schema\/logo\/image\/\",\"url\":\"https:\/\/maderoterapiaonline.org\/wp-content\/uploads\/2025\/03\/Logo-M-1.png\",\"contentUrl\":\"https:\/\/maderoterapiaonline.org\/wp-content\/uploads\/2025\/03\/Logo-M-1.png\",\"width\":1464,\"height\":1051,\"caption\":\"Maderoterapia Est\u00e9tica Espa\u00f1a \u2013 Dori L\u00f3pez\u00ae y Escuela Profesional Maderoterapia Online\u00ae.\"},\"image\":{\"@id\":\"https:\/\/maderoterapiaonline.org\/it\/#\/schema\/logo\/image\/\"}}]}<\/script>\n<!-- \/ Yoast SEO plugin. -->","yoast_head_json":{"title":"Coppa Svedese di Maderoterapia - Maderoterapia Online","robots":{"index":"index","follow":"follow","max-snippet":"max-snippet:-1","max-image-preview":"max-image-preview:large","max-video-preview":"max-video-preview:-1"},"canonical":"https:\/\/maderoterapiaonline.org\/it\/producto\/coppetta-svedese-piccolo-legno-terapia\/","og_locale":"it_IT","og_type":"article","og_title":"Coppa Svedese di Maderoterapia - Maderoterapia Online","og_description":"Rassodare ed elevare in piccole aree? con la piccola coppetta svedese di Maderoterapia online crea la ventosa perfetta per ottenere i migliori risultati nelle zone pi\u00f9 complicate. La tazza svedese \u00e8 realizzata in legno di pino e loto, disegnata da Maderoterapia Est\u00e9tica Espa\u00f1a\u00ae Con la coppetta svedese piccola possiamo modellare l'addome grazie al suo potente effetto ventosa, oltre a sollevare i glutei e tonificare con risultati visibili immediati, la differenza con la sorella maggiore \u00e8 che pu\u00f2 accedere a zone pi\u00f9 piccole e persone con meno volume di grasso.  Coppa svedese, Diametro 8,5 cm \u2205 &nbsp;","og_url":"https:\/\/maderoterapiaonline.org\/it\/producto\/coppetta-svedese-piccolo-legno-terapia\/","og_site_name":"Maderoterapia Online","article_modified_time":"2025-06-25T07:26:05+00:00","og_image":[{"width":1080,"height":1080,"url":"https:\/\/maderoterapiaonline.org\/wp-content\/uploads\/2023\/05\/1-43.jpg","type":"image\/jpeg"}],"twitter_card":"summary_large_image","twitter_misc":{"Tempo di lettura stimato":"1 minuto"},"schema":{"@context":"https:\/\/schema.org","@graph":[{"@type":"WebPage","@id":"https:\/\/maderoterapiaonline.org\/it\/producto\/coppetta-svedese-piccolo-legno-terapia\/","url":"https:\/\/maderoterapiaonline.org\/it\/producto\/coppetta-svedese-piccolo-legno-terapia\/","name":"Coppa Svedese di Maderoterapia - Maderoterapia Online","isPartOf":{"@id":"https:\/\/maderoterapiaonline.org\/it\/#website"},"primaryImageOfPage":{"@id":"https:\/\/maderoterapiaonline.org\/it\/producto\/coppetta-svedese-piccolo-legno-terapia\/#primaryimage"},"image":{"@id":"https:\/\/maderoterapiaonline.org\/it\/producto\/coppetta-svedese-piccolo-legno-terapia\/#primaryimage"},"thumbnailUrl":"https:\/\/maderoterapiaonline.org\/wp-content\/uploads\/2023\/05\/1-43.jpg","datePublished":"2025-04-10T03:08:45+00:00","dateModified":"2025-06-25T07:26:05+00:00","breadcrumb":{"@id":"https:\/\/maderoterapiaonline.org\/it\/producto\/coppetta-svedese-piccolo-legno-terapia\/#breadcrumb"},"inLanguage":"it-IT","potentialAction":[{"@type":"ReadAction","target":["https:\/\/maderoterapiaonline.org\/it\/producto\/coppetta-svedese-piccolo-legno-terapia\/"]}]},{"@type":"ImageObject","inLanguage":"it-IT","@id":"https:\/\/maderoterapiaonline.org\/it\/producto\/coppetta-svedese-piccolo-legno-terapia\/#primaryimage","url":"https:\/\/maderoterapiaonline.org\/wp-content\/uploads\/2023\/05\/1-43.jpg","contentUrl":"https:\/\/maderoterapiaonline.org\/wp-content\/uploads\/2023\/05\/1-43.jpg","width":1080,"height":1080,"caption":"Copa sueca Maderoterapia"},{"@type":"BreadcrumbList","@id":"https:\/\/maderoterapiaonline.org\/it\/producto\/coppetta-svedese-piccolo-legno-terapia\/#breadcrumb","itemListElement":[{"@type":"ListItem","position":1,"name":"Portada","item":"https:\/\/maderoterapiaonline.org\/it\/"},{"@type":"ListItem","position":2,"name":"Negozio","item":"https:\/\/maderoterapiaonline.org\/it\/kit-legni\/"},{"@type":"ListItem","position":3,"name":"Coppa Svedese di Maderoterapia"}]},{"@type":"WebSite","@id":"https:\/\/maderoterapiaonline.org\/it\/#website","url":"https:\/\/maderoterapiaonline.org\/it\/","name":"Maderoterapia Online","description":"Compra tu kit de Maderoterapia Profesional. Env\u00edos 24\/48h. Atenci\u00f3n al cliente por profesionales Maderoterapeutas","publisher":{"@id":"https:\/\/maderoterapiaonline.org\/it\/#organization"},"alternateName":"Maderoterapiaonline.org","potentialAction":[{"@type":"SearchAction","target":{"@type":"EntryPoint","urlTemplate":"https:\/\/maderoterapiaonline.org\/it\/?s={search_term_string}"},"query-input":{"@type":"PropertyValueSpecification","valueRequired":true,"valueName":"search_term_string"}}],"inLanguage":"it-IT"},{"@type":"Organization","@id":"https:\/\/maderoterapiaonline.org\/it\/#organization","name":"Maderoterapia Est\u00e9tica Espa\u00f1a \u2013 Dori L\u00f3pez\u00ae y Escuela Profesional Maderoterapia Online\u00ae.","url":"https:\/\/maderoterapiaonline.org\/it\/","logo":{"@type":"ImageObject","inLanguage":"it-IT","@id":"https:\/\/maderoterapiaonline.org\/it\/#\/schema\/logo\/image\/","url":"https:\/\/maderoterapiaonline.org\/wp-content\/uploads\/2025\/03\/Logo-M-1.png","contentUrl":"https:\/\/maderoterapiaonline.org\/wp-content\/uploads\/2025\/03\/Logo-M-1.png","width":1464,"height":1051,"caption":"Maderoterapia Est\u00e9tica Espa\u00f1a \u2013 Dori L\u00f3pez\u00ae y Escuela Profesional Maderoterapia Online\u00ae."},"image":{"@id":"https:\/\/maderoterapiaonline.org\/it\/#\/schema\/logo\/image\/"}}]}},"_links":{"self":[{"href":"https:\/\/maderoterapiaonline.org\/it\/wp-json\/wp\/v2\/product\/44747","targetHints":{"allow":["GET"]}}],"collection":[{"href":"https:\/\/maderoterapiaonline.org\/it\/wp-json\/wp\/v2\/product"}],"about":[{"href":"https:\/\/maderoterapiaonline.org\/it\/wp-json\/wp\/v2\/types\/product"}],"replies":[{"embeddable":true,"href":"https:\/\/maderoterapiaonline.org\/it\/wp-json\/wp\/v2\/comments?post=44747"}],"wp:featuredmedia":[{"embeddable":true,"href":"https:\/\/maderoterapiaonline.org\/it\/wp-json\/wp\/v2\/media\/44751"}],"wp:attachment":[{"href":"https:\/\/maderoterapiaonline.org\/it\/wp-json\/wp\/v2\/media?parent=44747"}],"wp:term":[{"taxonomy":"product_brand","embeddable":true,"href":"https:\/\/maderoterapiaonline.org\/it\/wp-json\/wp\/v2\/product_brand?post=44747"},{"taxonomy":"product_cat","embeddable":true,"href":"https:\/\/maderoterapiaonline.org\/it\/wp-json\/wp\/v2\/product_cat?post=44747"},{"taxonomy":"product_tag","embeddable":true,"href":"https:\/\/maderoterapiaonline.org\/it\/wp-json\/wp\/v2\/product_tag?post=44747"}],"curies":[{"name":"wp","href":"https:\/\/api.w.org\/{rel}","templated":true}]}}