{"id":44713,"date":"2023-06-08T05:08:55","date_gmt":"2023-06-08T03:08:55","guid":{"rendered":"https:\/\/maderoterapiaonline.org\/producto\/coppetta-svedese-con-rullo-legno-faggio-terapia\/"},"modified":"2025-10-07T11:50:28","modified_gmt":"2025-10-07T09:50:28","slug":"coppetta-svedese-con-rullo-legno-faggio-terapia","status":"publish","type":"product","link":"https:\/\/maderoterapiaonline.org\/it\/producto\/coppetta-svedese-con-rullo-legno-faggio-terapia\/","title":{"rendered":"Coppa Svedese con Rullo Maderoterapia Faggio"},"content":{"rendered":"<p><iframe loading=\"lazy\" title=\"Lettore video di YouTube\" src=\"https:\/\/www.youtube.com\/embed\/q6rYIdrLMjc?si=G7vI9szUYiczsY1D\" width=\"560\" height=\"315\" frameborder=\"0\" allowfullscreen=\"allowfullscreen\"><\/iframe><\/p>\n<p>Annullare la cellulite e sollevare i glutei? Molto facile con la coppetta svedese con rullo per zone molto specifiche dove \u00e8 richiesto un effetto di massaggio intenso.<\/p>\n<p><strong>La coppetta a rullo svedese Maderoterapia<\/strong> \u00e8 realizzata in legno di faggio, disegnata da Maderoterapia Est\u00e9tica Espa\u00f1a\u00ae<\/p>\n<p>La coppetta a rullo ci aiuta a lavorare zone specifiche del corpo con grande intensit\u00e0, favorendo l&#8217;eliminazione dei grassi e della cellulite molto resistenti, oltre ad avere un effetto amplificante e complementare con altri elementi per sollevare i glutei in modo efficace.<\/p>\n<p><strong>Coppa Svedese con Rullo Maderoterapia Faggio<\/strong><\/p>\n<p>&nbsp;<\/p>\n","protected":false},"excerpt":{"rendered":"<p>Annullare la cellulite e sollevare i glutei? Molto facile con la tazza a rullo in faggio svedese per aree molto specifiche in cui \u00e8 richiesto un effetto di massaggio intenso.<\/p>\n<p><strong>La coppetta svedese con rullo<\/strong> \u00e8 realizzata in legno di faggio, disegnata da Maderoterapia Est\u00e9tica Espa\u00f1a\u00ae<\/p>\n<p><strong>La coppetta svedese con rullo<\/strong> ci aiuta a lavorare con grande intensit\u00e0 specifiche zone del corpo, favorendo l&#8217;eliminazione di grassi e cellulite molto resistenti, oltre ad avere un effetto amplificante e complementare con altri elementi per sollevare i glutei in modo efficace.<\/p>\n<p>&nbsp;<\/p>\n","protected":false},"featured_media":44725,"comment_status":"closed","ping_status":"closed","template":"","meta":{"content-type":""},"product_brand":[],"product_cat":[455,453],"product_tag":[],"class_list":{"0":"post-44713","1":"product","2":"type-product","3":"status-publish","4":"has-post-thumbnail","6":"product_cat-elementi-in-legno","7":"product_cat-terapia-del-legno","9":"first","10":"instock","11":"taxable","12":"shipping-taxable","13":"purchasable","14":"product-type-simple"},"yoast_head":"<!-- This site is optimized with the Yoast SEO plugin v27.4 - https:\/\/yoast.com\/product\/yoast-seo-wordpress\/ -->\n<title>Coppa Svedese con Rullo Maderoterapia Faggio - Maderoterapia Online<\/title>\n<meta name=\"robots\" content=\"index, follow, max-snippet:-1, max-image-preview:large, max-video-preview:-1\" \/>\n<link rel=\"canonical\" href=\"https:\/\/maderoterapiaonline.org\/it\/producto\/coppetta-svedese-con-rullo-legno-faggio-terapia\/\" \/>\n<meta property=\"og:locale\" content=\"it_IT\" \/>\n<meta property=\"og:type\" content=\"article\" \/>\n<meta property=\"og:title\" content=\"Coppa Svedese con Rullo Maderoterapia Faggio - Maderoterapia Online\" \/>\n<meta property=\"og:description\" content=\"Annullare la cellulite e sollevare i glutei? Molto facile con la tazza a rullo in faggio svedese per aree molto specifiche in cui \u00e8 richiesto un effetto di massaggio intenso. La coppetta svedese con rullo \u00e8 realizzata in legno di faggio, disegnata da Maderoterapia Est\u00e9tica Espa\u00f1a\u00ae La coppetta svedese con rullo ci aiuta a lavorare con grande intensit\u00e0 specifiche zone del corpo, favorendo l&#039;eliminazione di grassi e cellulite molto resistenti, oltre ad avere un effetto amplificante e complementare con altri elementi per sollevare i glutei in modo efficace. &nbsp;\" \/>\n<meta property=\"og:url\" content=\"https:\/\/maderoterapiaonline.org\/it\/producto\/coppetta-svedese-con-rullo-legno-faggio-terapia\/\" \/>\n<meta property=\"og:site_name\" content=\"Maderoterapia Online\" \/>\n<meta property=\"article:modified_time\" content=\"2025-10-07T09:50:28+00:00\" \/>\n<meta property=\"og:image\" content=\"https:\/\/maderoterapiaonline.org\/wp-content\/uploads\/2023\/05\/1-27.jpg\" \/>\n\t<meta property=\"og:image:width\" content=\"1080\" \/>\n\t<meta property=\"og:image:height\" content=\"1080\" \/>\n\t<meta property=\"og:image:type\" content=\"image\/jpeg\" \/>\n<meta name=\"twitter:card\" content=\"summary_large_image\" \/>\n<script type=\"application\/ld+json\" class=\"yoast-schema-graph\">{\"@context\":\"https:\\\/\\\/schema.org\",\"@graph\":[{\"@type\":\"WebPage\",\"@id\":\"https:\\\/\\\/maderoterapiaonline.org\\\/it\\\/producto\\\/coppetta-svedese-con-rullo-legno-faggio-terapia\\\/\",\"url\":\"https:\\\/\\\/maderoterapiaonline.org\\\/it\\\/producto\\\/coppetta-svedese-con-rullo-legno-faggio-terapia\\\/\",\"name\":\"Coppa Svedese con Rullo Maderoterapia Faggio - Maderoterapia Online\",\"isPartOf\":{\"@id\":\"https:\\\/\\\/maderoterapiaonline.org\\\/it\\\/#website\"},\"primaryImageOfPage\":{\"@id\":\"https:\\\/\\\/maderoterapiaonline.org\\\/it\\\/producto\\\/coppetta-svedese-con-rullo-legno-faggio-terapia\\\/#primaryimage\"},\"image\":{\"@id\":\"https:\\\/\\\/maderoterapiaonline.org\\\/it\\\/producto\\\/coppetta-svedese-con-rullo-legno-faggio-terapia\\\/#primaryimage\"},\"thumbnailUrl\":\"https:\\\/\\\/maderoterapiaonline.org\\\/wp-content\\\/uploads\\\/2023\\\/05\\\/1-27.jpg\",\"datePublished\":\"2023-06-08T03:08:55+00:00\",\"dateModified\":\"2025-10-07T09:50:28+00:00\",\"breadcrumb\":{\"@id\":\"https:\\\/\\\/maderoterapiaonline.org\\\/it\\\/producto\\\/coppetta-svedese-con-rullo-legno-faggio-terapia\\\/#breadcrumb\"},\"inLanguage\":\"it-IT\",\"potentialAction\":[{\"@type\":\"ReadAction\",\"target\":[\"https:\\\/\\\/maderoterapiaonline.org\\\/it\\\/producto\\\/coppetta-svedese-con-rullo-legno-faggio-terapia\\\/\"]}]},{\"@type\":\"ImageObject\",\"inLanguage\":\"it-IT\",\"@id\":\"https:\\\/\\\/maderoterapiaonline.org\\\/it\\\/producto\\\/coppetta-svedese-con-rullo-legno-faggio-terapia\\\/#primaryimage\",\"url\":\"https:\\\/\\\/maderoterapiaonline.org\\\/wp-content\\\/uploads\\\/2023\\\/05\\\/1-27.jpg\",\"contentUrl\":\"https:\\\/\\\/maderoterapiaonline.org\\\/wp-content\\\/uploads\\\/2023\\\/05\\\/1-27.jpg\",\"width\":1080,\"height\":1080,\"caption\":\"Champi\u00f1\u00f3n Maderoterapia Haya\"},{\"@type\":\"BreadcrumbList\",\"@id\":\"https:\\\/\\\/maderoterapiaonline.org\\\/it\\\/producto\\\/coppetta-svedese-con-rullo-legno-faggio-terapia\\\/#breadcrumb\",\"itemListElement\":[{\"@type\":\"ListItem\",\"position\":1,\"name\":\"Portada\",\"item\":\"https:\\\/\\\/maderoterapiaonline.org\\\/it\\\/\"},{\"@type\":\"ListItem\",\"position\":2,\"name\":\"Negozio\",\"item\":\"https:\\\/\\\/maderoterapiaonline.org\\\/it\\\/kit-legni\\\/\"},{\"@type\":\"ListItem\",\"position\":3,\"name\":\"Coppa Svedese con Rullo Maderoterapia Faggio\"}]},{\"@type\":\"WebSite\",\"@id\":\"https:\\\/\\\/maderoterapiaonline.org\\\/it\\\/#website\",\"url\":\"https:\\\/\\\/maderoterapiaonline.org\\\/it\\\/\",\"name\":\"Maderoterapia Online\",\"description\":\"Compra tu kit de Maderoterapia Profesional. Env\u00edos 24\\\/48h. Atenci\u00f3n al cliente por profesionales Maderoterapeutas\",\"publisher\":{\"@id\":\"https:\\\/\\\/maderoterapiaonline.org\\\/it\\\/#organization\"},\"alternateName\":\"Maderoterapiaonline.org\",\"potentialAction\":[{\"@type\":\"SearchAction\",\"target\":{\"@type\":\"EntryPoint\",\"urlTemplate\":\"https:\\\/\\\/maderoterapiaonline.org\\\/it\\\/?s={search_term_string}\"},\"query-input\":{\"@type\":\"PropertyValueSpecification\",\"valueRequired\":true,\"valueName\":\"search_term_string\"}}],\"inLanguage\":\"it-IT\"},{\"@type\":\"Organization\",\"@id\":\"https:\\\/\\\/maderoterapiaonline.org\\\/it\\\/#organization\",\"name\":\"Maderoterapia Est\u00e9tica Espa\u00f1a \u2013 Dori L\u00f3pez\u00ae y Escuela Profesional Maderoterapia Online\u00ae.\",\"url\":\"https:\\\/\\\/maderoterapiaonline.org\\\/it\\\/\",\"logo\":{\"@type\":\"ImageObject\",\"inLanguage\":\"it-IT\",\"@id\":\"https:\\\/\\\/maderoterapiaonline.org\\\/it\\\/#\\\/schema\\\/logo\\\/image\\\/\",\"url\":\"https:\\\/\\\/maderoterapiaonline.org\\\/wp-content\\\/uploads\\\/2025\\\/03\\\/Logo-M-1.png\",\"contentUrl\":\"https:\\\/\\\/maderoterapiaonline.org\\\/wp-content\\\/uploads\\\/2025\\\/03\\\/Logo-M-1.png\",\"width\":1464,\"height\":1051,\"caption\":\"Maderoterapia Est\u00e9tica Espa\u00f1a \u2013 Dori L\u00f3pez\u00ae y Escuela Profesional Maderoterapia Online\u00ae.\"},\"image\":{\"@id\":\"https:\\\/\\\/maderoterapiaonline.org\\\/it\\\/#\\\/schema\\\/logo\\\/image\\\/\"}}]}<\/script>\n<!-- \/ Yoast SEO plugin. -->","yoast_head_json":{"title":"Coppa Svedese con Rullo Maderoterapia Faggio - Maderoterapia Online","robots":{"index":"index","follow":"follow","max-snippet":"max-snippet:-1","max-image-preview":"max-image-preview:large","max-video-preview":"max-video-preview:-1"},"canonical":"https:\/\/maderoterapiaonline.org\/it\/producto\/coppetta-svedese-con-rullo-legno-faggio-terapia\/","og_locale":"it_IT","og_type":"article","og_title":"Coppa Svedese con Rullo Maderoterapia Faggio - Maderoterapia Online","og_description":"Annullare la cellulite e sollevare i glutei? Molto facile con la tazza a rullo in faggio svedese per aree molto specifiche in cui \u00e8 richiesto un effetto di massaggio intenso. La coppetta svedese con rullo \u00e8 realizzata in legno di faggio, disegnata da Maderoterapia Est\u00e9tica Espa\u00f1a\u00ae La coppetta svedese con rullo ci aiuta a lavorare con grande intensit\u00e0 specifiche zone del corpo, favorendo l'eliminazione di grassi e cellulite molto resistenti, oltre ad avere un effetto amplificante e complementare con altri elementi per sollevare i glutei in modo efficace. &nbsp;","og_url":"https:\/\/maderoterapiaonline.org\/it\/producto\/coppetta-svedese-con-rullo-legno-faggio-terapia\/","og_site_name":"Maderoterapia Online","article_modified_time":"2025-10-07T09:50:28+00:00","og_image":[{"width":1080,"height":1080,"url":"https:\/\/maderoterapiaonline.org\/wp-content\/uploads\/2023\/05\/1-27.jpg","type":"image\/jpeg"}],"twitter_card":"summary_large_image","schema":{"@context":"https:\/\/schema.org","@graph":[{"@type":"WebPage","@id":"https:\/\/maderoterapiaonline.org\/it\/producto\/coppetta-svedese-con-rullo-legno-faggio-terapia\/","url":"https:\/\/maderoterapiaonline.org\/it\/producto\/coppetta-svedese-con-rullo-legno-faggio-terapia\/","name":"Coppa Svedese con Rullo Maderoterapia Faggio - Maderoterapia Online","isPartOf":{"@id":"https:\/\/maderoterapiaonline.org\/it\/#website"},"primaryImageOfPage":{"@id":"https:\/\/maderoterapiaonline.org\/it\/producto\/coppetta-svedese-con-rullo-legno-faggio-terapia\/#primaryimage"},"image":{"@id":"https:\/\/maderoterapiaonline.org\/it\/producto\/coppetta-svedese-con-rullo-legno-faggio-terapia\/#primaryimage"},"thumbnailUrl":"https:\/\/maderoterapiaonline.org\/wp-content\/uploads\/2023\/05\/1-27.jpg","datePublished":"2023-06-08T03:08:55+00:00","dateModified":"2025-10-07T09:50:28+00:00","breadcrumb":{"@id":"https:\/\/maderoterapiaonline.org\/it\/producto\/coppetta-svedese-con-rullo-legno-faggio-terapia\/#breadcrumb"},"inLanguage":"it-IT","potentialAction":[{"@type":"ReadAction","target":["https:\/\/maderoterapiaonline.org\/it\/producto\/coppetta-svedese-con-rullo-legno-faggio-terapia\/"]}]},{"@type":"ImageObject","inLanguage":"it-IT","@id":"https:\/\/maderoterapiaonline.org\/it\/producto\/coppetta-svedese-con-rullo-legno-faggio-terapia\/#primaryimage","url":"https:\/\/maderoterapiaonline.org\/wp-content\/uploads\/2023\/05\/1-27.jpg","contentUrl":"https:\/\/maderoterapiaonline.org\/wp-content\/uploads\/2023\/05\/1-27.jpg","width":1080,"height":1080,"caption":"Champi\u00f1\u00f3n Maderoterapia Haya"},{"@type":"BreadcrumbList","@id":"https:\/\/maderoterapiaonline.org\/it\/producto\/coppetta-svedese-con-rullo-legno-faggio-terapia\/#breadcrumb","itemListElement":[{"@type":"ListItem","position":1,"name":"Portada","item":"https:\/\/maderoterapiaonline.org\/it\/"},{"@type":"ListItem","position":2,"name":"Negozio","item":"https:\/\/maderoterapiaonline.org\/it\/kit-legni\/"},{"@type":"ListItem","position":3,"name":"Coppa Svedese con Rullo Maderoterapia Faggio"}]},{"@type":"WebSite","@id":"https:\/\/maderoterapiaonline.org\/it\/#website","url":"https:\/\/maderoterapiaonline.org\/it\/","name":"Maderoterapia Online","description":"Compra tu kit de Maderoterapia Profesional. Env\u00edos 24\/48h. Atenci\u00f3n al cliente por profesionales Maderoterapeutas","publisher":{"@id":"https:\/\/maderoterapiaonline.org\/it\/#organization"},"alternateName":"Maderoterapiaonline.org","potentialAction":[{"@type":"SearchAction","target":{"@type":"EntryPoint","urlTemplate":"https:\/\/maderoterapiaonline.org\/it\/?s={search_term_string}"},"query-input":{"@type":"PropertyValueSpecification","valueRequired":true,"valueName":"search_term_string"}}],"inLanguage":"it-IT"},{"@type":"Organization","@id":"https:\/\/maderoterapiaonline.org\/it\/#organization","name":"Maderoterapia Est\u00e9tica Espa\u00f1a \u2013 Dori L\u00f3pez\u00ae y Escuela Profesional Maderoterapia Online\u00ae.","url":"https:\/\/maderoterapiaonline.org\/it\/","logo":{"@type":"ImageObject","inLanguage":"it-IT","@id":"https:\/\/maderoterapiaonline.org\/it\/#\/schema\/logo\/image\/","url":"https:\/\/maderoterapiaonline.org\/wp-content\/uploads\/2025\/03\/Logo-M-1.png","contentUrl":"https:\/\/maderoterapiaonline.org\/wp-content\/uploads\/2025\/03\/Logo-M-1.png","width":1464,"height":1051,"caption":"Maderoterapia Est\u00e9tica Espa\u00f1a \u2013 Dori L\u00f3pez\u00ae y Escuela Profesional Maderoterapia Online\u00ae."},"image":{"@id":"https:\/\/maderoterapiaonline.org\/it\/#\/schema\/logo\/image\/"}}]}},"_links":{"self":[{"href":"https:\/\/maderoterapiaonline.org\/it\/wp-json\/wp\/v2\/product\/44713","targetHints":{"allow":["GET"]}}],"collection":[{"href":"https:\/\/maderoterapiaonline.org\/it\/wp-json\/wp\/v2\/product"}],"about":[{"href":"https:\/\/maderoterapiaonline.org\/it\/wp-json\/wp\/v2\/types\/product"}],"replies":[{"embeddable":true,"href":"https:\/\/maderoterapiaonline.org\/it\/wp-json\/wp\/v2\/comments?post=44713"}],"wp:featuredmedia":[{"embeddable":true,"href":"https:\/\/maderoterapiaonline.org\/it\/wp-json\/wp\/v2\/media\/44725"}],"wp:attachment":[{"href":"https:\/\/maderoterapiaonline.org\/it\/wp-json\/wp\/v2\/media?parent=44713"}],"wp:term":[{"taxonomy":"product_brand","embeddable":true,"href":"https:\/\/maderoterapiaonline.org\/it\/wp-json\/wp\/v2\/product_brand?post=44713"},{"taxonomy":"product_cat","embeddable":true,"href":"https:\/\/maderoterapiaonline.org\/it\/wp-json\/wp\/v2\/product_cat?post=44713"},{"taxonomy":"product_tag","embeddable":true,"href":"https:\/\/maderoterapiaonline.org\/it\/wp-json\/wp\/v2\/product_tag?post=44713"}],"curies":[{"name":"wp","href":"https:\/\/api.w.org\/{rel}","templated":true}]}}