{"id":44686,"date":"2025-04-25T05:08:50","date_gmt":"2025-04-25T03:08:50","guid":{"rendered":"https:\/\/maderoterapiaonline.org\/producto\/kit-legnoterapia-del-seno-corso-online\/"},"modified":"2025-06-12T13:58:31","modified_gmt":"2025-06-12T11:58:31","slug":"kit-legnoterapia-del-seno-corso-online","status":"publish","type":"product","link":"https:\/\/maderoterapiaonline.org\/it\/producto\/kit-legnoterapia-del-seno-corso-online\/","title":{"rendered":"Kit per la terapia del seno"},"content":{"rendered":"<p>Preparati per una rivoluzione nella cura del seno che ti lascer\u00e0 senza parole! Vi presentiamo il <strong>nuovo Kit per la Terapia del Seno<\/strong>, una meraviglia della tecnologia estetica naturale che promette di ridefinire il significato di &#8220;cura naturale del seno&#8221;. Meticolosamente progettato da <strong>Maderoterapia Est\u00e9tica Espa\u00f1a\u00ae<\/strong>, questo set \u00e8 un punto di svolta nel settore, prepara i tamburi!<\/p>\n<p>I tuoi clienti desiderano una scollatura ringiovanita? Non cercare oltre! Con materiali di prima qualit\u00e0 come <strong>il legno di pino e il loto naturale<\/strong>, questo kit non \u00e8 solo un set di strumenti; \u00c8 la promessa di un seno sollevato, rassodato, tonico e modellato, senza bisogno di andare sotto i ferri! S\u00ec, avete letto bene.<\/p>\n<p>Ma aspetta, c&#8217;\u00e8 di pi\u00f9! Ogni pezzo \u00e8 <strong>anatomicamente progettato<\/strong> per adattarsi perfettamente, offrendo un trattamento delicato ma efficace. Dite quindi addio ai trattamenti invasivi e date il benvenuto al futuro con un seno spettacolare, grazie alla magia della <strong>Terapia del Legno<\/strong>! \ud83c\udf1f<\/p>\n<p>&nbsp;<\/p>\n<p><iframe loading=\"lazy\" title=\"Lettore video di YouTube\" src=\"https:\/\/www.youtube.com\/embed\/HbamOzRJwC0?si=zTOn43rx4kp5WfRs\" width=\"560\" height=\"315\" frameborder=\"0\" allowfullscreen=\"allowfullscreen\"><\/iframe> <iframe loading=\"lazy\" title=\"Lettore video di YouTube\" src=\"https:\/\/www.youtube.com\/embed\/C11cli2a6Q4?si=j8PAgi_gAWe1T6kf\" width=\"560\" height=\"315\" frameborder=\"0\" allowfullscreen=\"allowfullscreen\"><\/iframe><\/p>\n","protected":false},"excerpt":{"rendered":"<p><span style=\"color: #ff6600;\"><br \/>\n  <strong>ATTENZIONE!<\/strong><br \/>\n<\/span> Se sei appassionata di Terapia del Legno e delle sue applicazioni estetiche, <strong>hai appena scoperto il nuovo kit di Terapia del Seno<\/strong> in legno di pino e loto naturale, progettato da Wood Therapy Spain\u00ae per ottenere i migliori risultati.<\/p>\n<p>Il Kit Senologia \u00e8 anatomicamente studiato per essere applicato sulla zona del seno per sollevare, rassodare, tonificare e modellare il seno in modo totalmente naturale.<\/p>\n<p>Contiene:<\/p>\n<ul>\n<li>Tavolo seghettato.<\/li>\n<li>Rullo chirurgico.<\/li>\n<li>Coppa di Svezia 5 \u2205<\/li>\n<li>Coppa di Svezia 6 \u2205<\/li>\n<\/ul>\n","protected":false},"featured_media":47688,"comment_status":"closed","ping_status":"closed","template":"","meta":{"content-type":""},"product_brand":[],"product_cat":[452,453],"product_tag":[465],"class_list":{"0":"post-44686","1":"product","2":"type-product","3":"status-publish","4":"has-post-thumbnail","6":"product_cat-kit-per-la-terapia-del-legno","7":"product_cat-terapia-del-legno","8":"product_tag-terapia-del-seno","10":"first","11":"instock","12":"sale","13":"taxable","14":"shipping-taxable","15":"purchasable","16":"product-type-simple"},"yoast_head":"<!-- This site is optimized with the Yoast SEO plugin v27.2 - https:\/\/yoast.com\/product\/yoast-seo-wordpress\/ -->\n<title>Kit per la terapia del seno - Maderoterapia Online<\/title>\n<meta name=\"description\" content=\"Scopri il potere della Terapia del Legno con il nostro nuovo Kit Busto, progettato da Wood Therapy Aesthetics Spagna\u00ae. Solleva, rassoda, tonifica e modella in modo naturale con i nostri design innovativi!\" \/>\n<meta name=\"robots\" content=\"index, follow, max-snippet:-1, max-image-preview:large, max-video-preview:-1\" \/>\n<link rel=\"canonical\" href=\"https:\/\/maderoterapiaonline.org\/it\/producto\/kit-legnoterapia-del-seno-corso-online\/\" \/>\n<meta property=\"og:locale\" content=\"it_IT\" \/>\n<meta property=\"og:type\" content=\"article\" \/>\n<meta property=\"og:title\" content=\"Kit per la terapia del seno - Maderoterapia Online\" \/>\n<meta property=\"og:description\" content=\"Scopri il potere della Terapia del Legno con il nostro nuovo Kit Busto, progettato da Wood Therapy Aesthetics Spagna\u00ae. Solleva, rassoda, tonifica e modella in modo naturale con i nostri design innovativi!\" \/>\n<meta property=\"og:url\" content=\"https:\/\/maderoterapiaonline.org\/it\/producto\/kit-legnoterapia-del-seno-corso-online\/\" \/>\n<meta property=\"og:site_name\" content=\"Maderoterapia Online\" \/>\n<meta property=\"article:modified_time\" content=\"2025-06-12T11:58:31+00:00\" \/>\n<meta property=\"og:image\" content=\"https:\/\/maderoterapiaonline.org\/wp-content\/uploads\/2025\/03\/Italiano-1.jpg\" \/>\n\t<meta property=\"og:image:width\" content=\"1080\" \/>\n\t<meta property=\"og:image:height\" content=\"1080\" \/>\n\t<meta property=\"og:image:type\" content=\"image\/jpeg\" \/>\n<meta name=\"twitter:card\" content=\"summary_large_image\" \/>\n<meta name=\"twitter:label1\" content=\"Tempo di lettura stimato\" \/>\n\t<meta name=\"twitter:data1\" content=\"1 minuto\" \/>\n<script type=\"application\/ld+json\" class=\"yoast-schema-graph\">{\"@context\":\"https:\/\/schema.org\",\"@graph\":[{\"@type\":\"WebPage\",\"@id\":\"https:\/\/maderoterapiaonline.org\/it\/producto\/kit-legnoterapia-del-seno-corso-online\/\",\"url\":\"https:\/\/maderoterapiaonline.org\/it\/producto\/kit-legnoterapia-del-seno-corso-online\/\",\"name\":\"Kit per la terapia del seno - Maderoterapia Online\",\"isPartOf\":{\"@id\":\"https:\/\/maderoterapiaonline.org\/it\/#website\"},\"primaryImageOfPage\":{\"@id\":\"https:\/\/maderoterapiaonline.org\/it\/producto\/kit-legnoterapia-del-seno-corso-online\/#primaryimage\"},\"image\":{\"@id\":\"https:\/\/maderoterapiaonline.org\/it\/producto\/kit-legnoterapia-del-seno-corso-online\/#primaryimage\"},\"thumbnailUrl\":\"https:\/\/maderoterapiaonline.org\/wp-content\/uploads\/2025\/03\/Italiano-1.jpg\",\"datePublished\":\"2025-04-25T03:08:50+00:00\",\"dateModified\":\"2025-06-12T11:58:31+00:00\",\"description\":\"Scopri il potere della Terapia del Legno con il nostro nuovo Kit Busto, progettato da Wood Therapy Aesthetics Spagna\u00ae. Solleva, rassoda, tonifica e modella in modo naturale con i nostri design innovativi!\",\"breadcrumb\":{\"@id\":\"https:\/\/maderoterapiaonline.org\/it\/producto\/kit-legnoterapia-del-seno-corso-online\/#breadcrumb\"},\"inLanguage\":\"it-IT\",\"potentialAction\":[{\"@type\":\"ReadAction\",\"target\":[\"https:\/\/maderoterapiaonline.org\/it\/producto\/kit-legnoterapia-del-seno-corso-online\/\"]}]},{\"@type\":\"ImageObject\",\"inLanguage\":\"it-IT\",\"@id\":\"https:\/\/maderoterapiaonline.org\/it\/producto\/kit-legnoterapia-del-seno-corso-online\/#primaryimage\",\"url\":\"https:\/\/maderoterapiaonline.org\/wp-content\/uploads\/2025\/03\/Italiano-1.jpg\",\"contentUrl\":\"https:\/\/maderoterapiaonline.org\/wp-content\/uploads\/2025\/03\/Italiano-1.jpg\",\"width\":1080,\"height\":1080,\"caption\":\"Kit Maderoterapia de Busto\"},{\"@type\":\"BreadcrumbList\",\"@id\":\"https:\/\/maderoterapiaonline.org\/it\/producto\/kit-legnoterapia-del-seno-corso-online\/#breadcrumb\",\"itemListElement\":[{\"@type\":\"ListItem\",\"position\":1,\"name\":\"Portada\",\"item\":\"https:\/\/maderoterapiaonline.org\/it\/\"},{\"@type\":\"ListItem\",\"position\":2,\"name\":\"Negozio\",\"item\":\"https:\/\/maderoterapiaonline.org\/it\/kit-legni\/\"},{\"@type\":\"ListItem\",\"position\":3,\"name\":\"Kit per la terapia del seno\"}]},{\"@type\":\"WebSite\",\"@id\":\"https:\/\/maderoterapiaonline.org\/it\/#website\",\"url\":\"https:\/\/maderoterapiaonline.org\/it\/\",\"name\":\"Maderoterapia Online\",\"description\":\"Compra tu kit de Maderoterapia Profesional. Env\u00edos 24\/48h. Atenci\u00f3n al cliente por profesionales Maderoterapeutas\",\"publisher\":{\"@id\":\"https:\/\/maderoterapiaonline.org\/it\/#organization\"},\"alternateName\":\"Maderoterapiaonline.org\",\"potentialAction\":[{\"@type\":\"SearchAction\",\"target\":{\"@type\":\"EntryPoint\",\"urlTemplate\":\"https:\/\/maderoterapiaonline.org\/it\/?s={search_term_string}\"},\"query-input\":{\"@type\":\"PropertyValueSpecification\",\"valueRequired\":true,\"valueName\":\"search_term_string\"}}],\"inLanguage\":\"it-IT\"},{\"@type\":\"Organization\",\"@id\":\"https:\/\/maderoterapiaonline.org\/it\/#organization\",\"name\":\"Maderoterapia Est\u00e9tica Espa\u00f1a \u2013 Dori L\u00f3pez\u00ae y Escuela Profesional Maderoterapia Online\u00ae.\",\"url\":\"https:\/\/maderoterapiaonline.org\/it\/\",\"logo\":{\"@type\":\"ImageObject\",\"inLanguage\":\"it-IT\",\"@id\":\"https:\/\/maderoterapiaonline.org\/it\/#\/schema\/logo\/image\/\",\"url\":\"https:\/\/maderoterapiaonline.org\/wp-content\/uploads\/2025\/03\/Logo-M-1.png\",\"contentUrl\":\"https:\/\/maderoterapiaonline.org\/wp-content\/uploads\/2025\/03\/Logo-M-1.png\",\"width\":1464,\"height\":1051,\"caption\":\"Maderoterapia Est\u00e9tica Espa\u00f1a \u2013 Dori L\u00f3pez\u00ae y Escuela Profesional Maderoterapia Online\u00ae.\"},\"image\":{\"@id\":\"https:\/\/maderoterapiaonline.org\/it\/#\/schema\/logo\/image\/\"}}]}<\/script>\n<!-- \/ Yoast SEO plugin. -->","yoast_head_json":{"title":"Kit per la terapia del seno - Maderoterapia Online","description":"Scopri il potere della Terapia del Legno con il nostro nuovo Kit Busto, progettato da Wood Therapy Aesthetics Spagna\u00ae. Solleva, rassoda, tonifica e modella in modo naturale con i nostri design innovativi!","robots":{"index":"index","follow":"follow","max-snippet":"max-snippet:-1","max-image-preview":"max-image-preview:large","max-video-preview":"max-video-preview:-1"},"canonical":"https:\/\/maderoterapiaonline.org\/it\/producto\/kit-legnoterapia-del-seno-corso-online\/","og_locale":"it_IT","og_type":"article","og_title":"Kit per la terapia del seno - Maderoterapia Online","og_description":"Scopri il potere della Terapia del Legno con il nostro nuovo Kit Busto, progettato da Wood Therapy Aesthetics Spagna\u00ae. Solleva, rassoda, tonifica e modella in modo naturale con i nostri design innovativi!","og_url":"https:\/\/maderoterapiaonline.org\/it\/producto\/kit-legnoterapia-del-seno-corso-online\/","og_site_name":"Maderoterapia Online","article_modified_time":"2025-06-12T11:58:31+00:00","og_image":[{"width":1080,"height":1080,"url":"https:\/\/maderoterapiaonline.org\/wp-content\/uploads\/2025\/03\/Italiano-1.jpg","type":"image\/jpeg"}],"twitter_card":"summary_large_image","twitter_misc":{"Tempo di lettura stimato":"1 minuto"},"schema":{"@context":"https:\/\/schema.org","@graph":[{"@type":"WebPage","@id":"https:\/\/maderoterapiaonline.org\/it\/producto\/kit-legnoterapia-del-seno-corso-online\/","url":"https:\/\/maderoterapiaonline.org\/it\/producto\/kit-legnoterapia-del-seno-corso-online\/","name":"Kit per la terapia del seno - Maderoterapia Online","isPartOf":{"@id":"https:\/\/maderoterapiaonline.org\/it\/#website"},"primaryImageOfPage":{"@id":"https:\/\/maderoterapiaonline.org\/it\/producto\/kit-legnoterapia-del-seno-corso-online\/#primaryimage"},"image":{"@id":"https:\/\/maderoterapiaonline.org\/it\/producto\/kit-legnoterapia-del-seno-corso-online\/#primaryimage"},"thumbnailUrl":"https:\/\/maderoterapiaonline.org\/wp-content\/uploads\/2025\/03\/Italiano-1.jpg","datePublished":"2025-04-25T03:08:50+00:00","dateModified":"2025-06-12T11:58:31+00:00","description":"Scopri il potere della Terapia del Legno con il nostro nuovo Kit Busto, progettato da Wood Therapy Aesthetics Spagna\u00ae. Solleva, rassoda, tonifica e modella in modo naturale con i nostri design innovativi!","breadcrumb":{"@id":"https:\/\/maderoterapiaonline.org\/it\/producto\/kit-legnoterapia-del-seno-corso-online\/#breadcrumb"},"inLanguage":"it-IT","potentialAction":[{"@type":"ReadAction","target":["https:\/\/maderoterapiaonline.org\/it\/producto\/kit-legnoterapia-del-seno-corso-online\/"]}]},{"@type":"ImageObject","inLanguage":"it-IT","@id":"https:\/\/maderoterapiaonline.org\/it\/producto\/kit-legnoterapia-del-seno-corso-online\/#primaryimage","url":"https:\/\/maderoterapiaonline.org\/wp-content\/uploads\/2025\/03\/Italiano-1.jpg","contentUrl":"https:\/\/maderoterapiaonline.org\/wp-content\/uploads\/2025\/03\/Italiano-1.jpg","width":1080,"height":1080,"caption":"Kit Maderoterapia de Busto"},{"@type":"BreadcrumbList","@id":"https:\/\/maderoterapiaonline.org\/it\/producto\/kit-legnoterapia-del-seno-corso-online\/#breadcrumb","itemListElement":[{"@type":"ListItem","position":1,"name":"Portada","item":"https:\/\/maderoterapiaonline.org\/it\/"},{"@type":"ListItem","position":2,"name":"Negozio","item":"https:\/\/maderoterapiaonline.org\/it\/kit-legni\/"},{"@type":"ListItem","position":3,"name":"Kit per la terapia del seno"}]},{"@type":"WebSite","@id":"https:\/\/maderoterapiaonline.org\/it\/#website","url":"https:\/\/maderoterapiaonline.org\/it\/","name":"Maderoterapia Online","description":"Compra tu kit de Maderoterapia Profesional. Env\u00edos 24\/48h. Atenci\u00f3n al cliente por profesionales Maderoterapeutas","publisher":{"@id":"https:\/\/maderoterapiaonline.org\/it\/#organization"},"alternateName":"Maderoterapiaonline.org","potentialAction":[{"@type":"SearchAction","target":{"@type":"EntryPoint","urlTemplate":"https:\/\/maderoterapiaonline.org\/it\/?s={search_term_string}"},"query-input":{"@type":"PropertyValueSpecification","valueRequired":true,"valueName":"search_term_string"}}],"inLanguage":"it-IT"},{"@type":"Organization","@id":"https:\/\/maderoterapiaonline.org\/it\/#organization","name":"Maderoterapia Est\u00e9tica Espa\u00f1a \u2013 Dori L\u00f3pez\u00ae y Escuela Profesional Maderoterapia Online\u00ae.","url":"https:\/\/maderoterapiaonline.org\/it\/","logo":{"@type":"ImageObject","inLanguage":"it-IT","@id":"https:\/\/maderoterapiaonline.org\/it\/#\/schema\/logo\/image\/","url":"https:\/\/maderoterapiaonline.org\/wp-content\/uploads\/2025\/03\/Logo-M-1.png","contentUrl":"https:\/\/maderoterapiaonline.org\/wp-content\/uploads\/2025\/03\/Logo-M-1.png","width":1464,"height":1051,"caption":"Maderoterapia Est\u00e9tica Espa\u00f1a \u2013 Dori L\u00f3pez\u00ae y Escuela Profesional Maderoterapia Online\u00ae."},"image":{"@id":"https:\/\/maderoterapiaonline.org\/it\/#\/schema\/logo\/image\/"}}]}},"_links":{"self":[{"href":"https:\/\/maderoterapiaonline.org\/it\/wp-json\/wp\/v2\/product\/44686","targetHints":{"allow":["GET"]}}],"collection":[{"href":"https:\/\/maderoterapiaonline.org\/it\/wp-json\/wp\/v2\/product"}],"about":[{"href":"https:\/\/maderoterapiaonline.org\/it\/wp-json\/wp\/v2\/types\/product"}],"replies":[{"embeddable":true,"href":"https:\/\/maderoterapiaonline.org\/it\/wp-json\/wp\/v2\/comments?post=44686"}],"wp:featuredmedia":[{"embeddable":true,"href":"https:\/\/maderoterapiaonline.org\/it\/wp-json\/wp\/v2\/media\/47688"}],"wp:attachment":[{"href":"https:\/\/maderoterapiaonline.org\/it\/wp-json\/wp\/v2\/media?parent=44686"}],"wp:term":[{"taxonomy":"product_brand","embeddable":true,"href":"https:\/\/maderoterapiaonline.org\/it\/wp-json\/wp\/v2\/product_brand?post=44686"},{"taxonomy":"product_cat","embeddable":true,"href":"https:\/\/maderoterapiaonline.org\/it\/wp-json\/wp\/v2\/product_cat?post=44686"},{"taxonomy":"product_tag","embeddable":true,"href":"https:\/\/maderoterapiaonline.org\/it\/wp-json\/wp\/v2\/product_tag?post=44686"}],"curies":[{"name":"wp","href":"https:\/\/api.w.org\/{rel}","templated":true}]}}