{"id":44685,"date":"2025-04-17T05:08:45","date_gmt":"2025-04-17T03:08:45","guid":{"rendered":"https:\/\/maderoterapiaonline.org\/producto\/coppia-funghi-funghi-riducente-anticellulite-terapia-del-legno\/"},"modified":"2026-04-17T08:37:00","modified_gmt":"2026-04-17T06:37:00","slug":"coppia-funghi-funghi-riducente-anticellulite-terapia-del-legno","status":"publish","type":"product","link":"https:\/\/maderoterapiaonline.org\/it\/producto\/coppia-funghi-funghi-riducente-anticellulite-terapia-del-legno\/","title":{"rendered":"Coppia Funghi\/Funghi Anticellulite Riduzione Terapia del Legno"},"content":{"rendered":"<p><iframe loading=\"lazy\" src=\"https:\/\/www.youtube.com\/embed\/bHfLbsZokRk\" width=\"560\" height=\"315\" frameborder=\"0\" allowfullscreen=\"allowfullscreen\"><\/iframe> <iframe loading=\"lazy\" title=\"Lettore video di YouTube\" src=\"https:\/\/www.youtube.com\/embed\/SFs6hE3t5GE?si=od6SNzNUVQ-oqSVz\" width=\"560\" height=\"315\" frameborder=\"0\" allowfullscreen=\"allowfullscreen\"><\/iframe><\/p>\n<hr \/>\n<p>Ridurre il volume ed eliminare la cellulite? Con <strong>la Maderoterapia anticellulite riducente fungo\/fungo<\/strong> \u00e8 possibile approfondire il trattamento per ridurre il volume ed eliminare la cellulite in modo pi\u00f9 efficace.<\/p>\n<p><strong>La Maderoterapia anticellulite riducente fungo\/fungo<\/strong> \u00e8 realizzata in legno di pino, progettata da Maderoterapia Est\u00e9tica Espa\u00f1a\u00ae<\/p>\n<p>Con i 2 funghi riducenti possiamo sbarazzarci in modo pi\u00f9 efficace dei 4 tipi di cellulite che esistono, questa coppia di elementi essenziali in un buon trattamento anticellulite, oltre ad avere una capacit\u00e0 davvero spettacolare di ridurre il volume causata da liquidi e grassi, lavoreremo con i due funghi contemporaneamente per ottenere i migliori risultati.<\/p>\n<p><strong>2 Ridurre i funghi<\/strong><\/p>\n<ul>\n<li>Lunghezza: 13 cm<\/li>\n<li>Larghezza della tazza: 31,5 Diametro<\/li>\n<li>Peso: 200 X 2= 400 gr<\/li>\n<\/ul>\n","protected":false},"excerpt":{"rendered":"<p>Ridurre il volume ed eliminare la cellulite? Con il Fungo Riducente Anticellulite puoi approfondire il trattamento per ridurre il volume ed eliminare la cellulite in modo pi\u00f9 efficace.<\/p>\n<p><strong>Il Fungo Riducente<\/strong> \u00e8 realizzato in legno di pino, progettato da Maderoterapia Est\u00e9tica Espa\u00f1a\u00ae<\/p>\n<p>Con i 2 funghi riducenti possiamo sbarazzarci in modo pi\u00f9 efficace dei 4 tipi di cellulite che esistono, questa coppia di elementi essenziali in un buon trattamento anticellulite, oltre ad avere una capacit\u00e0 davvero spettacolare di ridurre il volume causata da liquidi e grassi, lavoreremo con i due funghi contemporaneamente per ottenere i migliori risultati.<\/p>\n<p>Quantit\u00e0: 2 Funghi<\/p>\n","protected":false},"featured_media":44687,"comment_status":"closed","ping_status":"closed","template":"","meta":{"content-type":""},"product_brand":[],"product_cat":[455,452,453],"product_tag":[458],"class_list":{"0":"post-44685","1":"product","2":"type-product","3":"status-publish","4":"has-post-thumbnail","6":"product_cat-elementi-in-legno","7":"product_cat-kit-per-la-terapia-del-legno","8":"product_cat-terapia-del-legno","9":"product_tag-kit-per-la-terapia-del-legno-in-vendita","11":"first","12":"instock","13":"sale","14":"taxable","15":"shipping-taxable","16":"purchasable","17":"product-type-simple"},"yoast_head":"<!-- This site is optimized with the Yoast SEO plugin v27.4 - https:\/\/yoast.com\/product\/yoast-seo-wordpress\/ -->\n<title>Coppia Funghi\/Funghi Anticellulite Riduzione Terapia del Legno - Maderoterapia Online<\/title>\n<meta name=\"description\" content=\"Ridurre il volume ed eliminare la cellulite? Con la Maderoterapia anticellulite riducente fungo\/fungo \u00e8 possibile approfondire il trattamento per ridurre il volume ed eliminare la cellulite in modo pi\u00f9 efficace.\" \/>\n<meta name=\"robots\" content=\"index, follow, max-snippet:-1, max-image-preview:large, max-video-preview:-1\" \/>\n<link rel=\"canonical\" href=\"https:\/\/maderoterapiaonline.org\/it\/producto\/coppia-funghi-funghi-riducente-anticellulite-terapia-del-legno\/\" \/>\n<meta property=\"og:locale\" content=\"it_IT\" \/>\n<meta property=\"og:type\" content=\"article\" \/>\n<meta property=\"og:title\" content=\"Coppia Funghi\/Funghi Anticellulite Riduzione Terapia del Legno - Maderoterapia Online\" \/>\n<meta property=\"og:description\" content=\"Ridurre il volume ed eliminare la cellulite? Con la Maderoterapia anticellulite riducente fungo\/fungo \u00e8 possibile approfondire il trattamento per ridurre il volume ed eliminare la cellulite in modo pi\u00f9 efficace.\" \/>\n<meta property=\"og:url\" content=\"https:\/\/maderoterapiaonline.org\/it\/producto\/coppia-funghi-funghi-riducente-anticellulite-terapia-del-legno\/\" \/>\n<meta property=\"og:site_name\" content=\"Maderoterapia Online\" \/>\n<meta property=\"article:modified_time\" content=\"2026-04-17T06:37:00+00:00\" \/>\n<meta property=\"og:image\" content=\"https:\/\/maderoterapiaonline.org\/wp-content\/uploads\/2023\/05\/1-24.jpg\" \/>\n\t<meta property=\"og:image:width\" content=\"1080\" \/>\n\t<meta property=\"og:image:height\" content=\"1080\" \/>\n\t<meta property=\"og:image:type\" content=\"image\/jpeg\" \/>\n<meta name=\"twitter:card\" content=\"summary_large_image\" \/>\n<meta name=\"twitter:label1\" content=\"Tempo di lettura stimato\" \/>\n\t<meta name=\"twitter:data1\" content=\"1 minuto\" \/>\n<script type=\"application\/ld+json\" class=\"yoast-schema-graph\">{\"@context\":\"https:\\\/\\\/schema.org\",\"@graph\":[{\"@type\":\"WebPage\",\"@id\":\"https:\\\/\\\/maderoterapiaonline.org\\\/it\\\/producto\\\/coppia-funghi-funghi-riducente-anticellulite-terapia-del-legno\\\/\",\"url\":\"https:\\\/\\\/maderoterapiaonline.org\\\/it\\\/producto\\\/coppia-funghi-funghi-riducente-anticellulite-terapia-del-legno\\\/\",\"name\":\"Coppia Funghi\\\/Funghi Anticellulite Riduzione Terapia del Legno - Maderoterapia Online\",\"isPartOf\":{\"@id\":\"https:\\\/\\\/maderoterapiaonline.org\\\/it\\\/#website\"},\"primaryImageOfPage\":{\"@id\":\"https:\\\/\\\/maderoterapiaonline.org\\\/it\\\/producto\\\/coppia-funghi-funghi-riducente-anticellulite-terapia-del-legno\\\/#primaryimage\"},\"image\":{\"@id\":\"https:\\\/\\\/maderoterapiaonline.org\\\/it\\\/producto\\\/coppia-funghi-funghi-riducente-anticellulite-terapia-del-legno\\\/#primaryimage\"},\"thumbnailUrl\":\"https:\\\/\\\/maderoterapiaonline.org\\\/wp-content\\\/uploads\\\/2023\\\/05\\\/1-24.jpg\",\"datePublished\":\"2025-04-17T03:08:45+00:00\",\"dateModified\":\"2026-04-17T06:37:00+00:00\",\"description\":\"Ridurre il volume ed eliminare la cellulite? Con la Maderoterapia anticellulite riducente fungo\\\/fungo \u00e8 possibile approfondire il trattamento per ridurre il volume ed eliminare la cellulite in modo pi\u00f9 efficace.\",\"breadcrumb\":{\"@id\":\"https:\\\/\\\/maderoterapiaonline.org\\\/it\\\/producto\\\/coppia-funghi-funghi-riducente-anticellulite-terapia-del-legno\\\/#breadcrumb\"},\"inLanguage\":\"it-IT\",\"potentialAction\":[{\"@type\":\"ReadAction\",\"target\":[\"https:\\\/\\\/maderoterapiaonline.org\\\/it\\\/producto\\\/coppia-funghi-funghi-riducente-anticellulite-terapia-del-legno\\\/\"]}]},{\"@type\":\"ImageObject\",\"inLanguage\":\"it-IT\",\"@id\":\"https:\\\/\\\/maderoterapiaonline.org\\\/it\\\/producto\\\/coppia-funghi-funghi-riducente-anticellulite-terapia-del-legno\\\/#primaryimage\",\"url\":\"https:\\\/\\\/maderoterapiaonline.org\\\/wp-content\\\/uploads\\\/2023\\\/05\\\/1-24.jpg\",\"contentUrl\":\"https:\\\/\\\/maderoterapiaonline.org\\\/wp-content\\\/uploads\\\/2023\\\/05\\\/1-24.jpg\",\"width\":1080,\"height\":1080,\"caption\":\"Pareja Hongos\\\/Champi\u00f1\u00f3n reductor anticelul\u00edtico Maderoterapia\"},{\"@type\":\"BreadcrumbList\",\"@id\":\"https:\\\/\\\/maderoterapiaonline.org\\\/it\\\/producto\\\/coppia-funghi-funghi-riducente-anticellulite-terapia-del-legno\\\/#breadcrumb\",\"itemListElement\":[{\"@type\":\"ListItem\",\"position\":1,\"name\":\"Portada\",\"item\":\"https:\\\/\\\/maderoterapiaonline.org\\\/it\\\/\"},{\"@type\":\"ListItem\",\"position\":2,\"name\":\"Negozio\",\"item\":\"https:\\\/\\\/maderoterapiaonline.org\\\/it\\\/kit-legni\\\/\"},{\"@type\":\"ListItem\",\"position\":3,\"name\":\"Coppia Funghi\\\/Funghi Anticellulite Riduzione Terapia del Legno\"}]},{\"@type\":\"WebSite\",\"@id\":\"https:\\\/\\\/maderoterapiaonline.org\\\/it\\\/#website\",\"url\":\"https:\\\/\\\/maderoterapiaonline.org\\\/it\\\/\",\"name\":\"Maderoterapia Online\",\"description\":\"Compra tu kit de Maderoterapia Profesional. Env\u00edos 24\\\/48h. Atenci\u00f3n al cliente por profesionales Maderoterapeutas\",\"publisher\":{\"@id\":\"https:\\\/\\\/maderoterapiaonline.org\\\/it\\\/#organization\"},\"alternateName\":\"Maderoterapiaonline.org\",\"potentialAction\":[{\"@type\":\"SearchAction\",\"target\":{\"@type\":\"EntryPoint\",\"urlTemplate\":\"https:\\\/\\\/maderoterapiaonline.org\\\/it\\\/?s={search_term_string}\"},\"query-input\":{\"@type\":\"PropertyValueSpecification\",\"valueRequired\":true,\"valueName\":\"search_term_string\"}}],\"inLanguage\":\"it-IT\"},{\"@type\":\"Organization\",\"@id\":\"https:\\\/\\\/maderoterapiaonline.org\\\/it\\\/#organization\",\"name\":\"Maderoterapia Est\u00e9tica Espa\u00f1a \u2013 Dori L\u00f3pez\u00ae y Escuela Profesional Maderoterapia Online\u00ae.\",\"url\":\"https:\\\/\\\/maderoterapiaonline.org\\\/it\\\/\",\"logo\":{\"@type\":\"ImageObject\",\"inLanguage\":\"it-IT\",\"@id\":\"https:\\\/\\\/maderoterapiaonline.org\\\/it\\\/#\\\/schema\\\/logo\\\/image\\\/\",\"url\":\"https:\\\/\\\/maderoterapiaonline.org\\\/wp-content\\\/uploads\\\/2025\\\/03\\\/Logo-M-1.png\",\"contentUrl\":\"https:\\\/\\\/maderoterapiaonline.org\\\/wp-content\\\/uploads\\\/2025\\\/03\\\/Logo-M-1.png\",\"width\":1464,\"height\":1051,\"caption\":\"Maderoterapia Est\u00e9tica Espa\u00f1a \u2013 Dori L\u00f3pez\u00ae y Escuela Profesional Maderoterapia Online\u00ae.\"},\"image\":{\"@id\":\"https:\\\/\\\/maderoterapiaonline.org\\\/it\\\/#\\\/schema\\\/logo\\\/image\\\/\"}}]}<\/script>\n<!-- \/ Yoast SEO plugin. -->","yoast_head_json":{"title":"Coppia Funghi\/Funghi Anticellulite Riduzione Terapia del Legno - Maderoterapia Online","description":"Ridurre il volume ed eliminare la cellulite? Con la Maderoterapia anticellulite riducente fungo\/fungo \u00e8 possibile approfondire il trattamento per ridurre il volume ed eliminare la cellulite in modo pi\u00f9 efficace.","robots":{"index":"index","follow":"follow","max-snippet":"max-snippet:-1","max-image-preview":"max-image-preview:large","max-video-preview":"max-video-preview:-1"},"canonical":"https:\/\/maderoterapiaonline.org\/it\/producto\/coppia-funghi-funghi-riducente-anticellulite-terapia-del-legno\/","og_locale":"it_IT","og_type":"article","og_title":"Coppia Funghi\/Funghi Anticellulite Riduzione Terapia del Legno - Maderoterapia Online","og_description":"Ridurre il volume ed eliminare la cellulite? Con la Maderoterapia anticellulite riducente fungo\/fungo \u00e8 possibile approfondire il trattamento per ridurre il volume ed eliminare la cellulite in modo pi\u00f9 efficace.","og_url":"https:\/\/maderoterapiaonline.org\/it\/producto\/coppia-funghi-funghi-riducente-anticellulite-terapia-del-legno\/","og_site_name":"Maderoterapia Online","article_modified_time":"2026-04-17T06:37:00+00:00","og_image":[{"width":1080,"height":1080,"url":"https:\/\/maderoterapiaonline.org\/wp-content\/uploads\/2023\/05\/1-24.jpg","type":"image\/jpeg"}],"twitter_card":"summary_large_image","twitter_misc":{"Tempo di lettura stimato":"1 minuto"},"schema":{"@context":"https:\/\/schema.org","@graph":[{"@type":"WebPage","@id":"https:\/\/maderoterapiaonline.org\/it\/producto\/coppia-funghi-funghi-riducente-anticellulite-terapia-del-legno\/","url":"https:\/\/maderoterapiaonline.org\/it\/producto\/coppia-funghi-funghi-riducente-anticellulite-terapia-del-legno\/","name":"Coppia Funghi\/Funghi Anticellulite Riduzione Terapia del Legno - Maderoterapia Online","isPartOf":{"@id":"https:\/\/maderoterapiaonline.org\/it\/#website"},"primaryImageOfPage":{"@id":"https:\/\/maderoterapiaonline.org\/it\/producto\/coppia-funghi-funghi-riducente-anticellulite-terapia-del-legno\/#primaryimage"},"image":{"@id":"https:\/\/maderoterapiaonline.org\/it\/producto\/coppia-funghi-funghi-riducente-anticellulite-terapia-del-legno\/#primaryimage"},"thumbnailUrl":"https:\/\/maderoterapiaonline.org\/wp-content\/uploads\/2023\/05\/1-24.jpg","datePublished":"2025-04-17T03:08:45+00:00","dateModified":"2026-04-17T06:37:00+00:00","description":"Ridurre il volume ed eliminare la cellulite? Con la Maderoterapia anticellulite riducente fungo\/fungo \u00e8 possibile approfondire il trattamento per ridurre il volume ed eliminare la cellulite in modo pi\u00f9 efficace.","breadcrumb":{"@id":"https:\/\/maderoterapiaonline.org\/it\/producto\/coppia-funghi-funghi-riducente-anticellulite-terapia-del-legno\/#breadcrumb"},"inLanguage":"it-IT","potentialAction":[{"@type":"ReadAction","target":["https:\/\/maderoterapiaonline.org\/it\/producto\/coppia-funghi-funghi-riducente-anticellulite-terapia-del-legno\/"]}]},{"@type":"ImageObject","inLanguage":"it-IT","@id":"https:\/\/maderoterapiaonline.org\/it\/producto\/coppia-funghi-funghi-riducente-anticellulite-terapia-del-legno\/#primaryimage","url":"https:\/\/maderoterapiaonline.org\/wp-content\/uploads\/2023\/05\/1-24.jpg","contentUrl":"https:\/\/maderoterapiaonline.org\/wp-content\/uploads\/2023\/05\/1-24.jpg","width":1080,"height":1080,"caption":"Pareja Hongos\/Champi\u00f1\u00f3n reductor anticelul\u00edtico Maderoterapia"},{"@type":"BreadcrumbList","@id":"https:\/\/maderoterapiaonline.org\/it\/producto\/coppia-funghi-funghi-riducente-anticellulite-terapia-del-legno\/#breadcrumb","itemListElement":[{"@type":"ListItem","position":1,"name":"Portada","item":"https:\/\/maderoterapiaonline.org\/it\/"},{"@type":"ListItem","position":2,"name":"Negozio","item":"https:\/\/maderoterapiaonline.org\/it\/kit-legni\/"},{"@type":"ListItem","position":3,"name":"Coppia Funghi\/Funghi Anticellulite Riduzione Terapia del Legno"}]},{"@type":"WebSite","@id":"https:\/\/maderoterapiaonline.org\/it\/#website","url":"https:\/\/maderoterapiaonline.org\/it\/","name":"Maderoterapia Online","description":"Compra tu kit de Maderoterapia Profesional. Env\u00edos 24\/48h. Atenci\u00f3n al cliente por profesionales Maderoterapeutas","publisher":{"@id":"https:\/\/maderoterapiaonline.org\/it\/#organization"},"alternateName":"Maderoterapiaonline.org","potentialAction":[{"@type":"SearchAction","target":{"@type":"EntryPoint","urlTemplate":"https:\/\/maderoterapiaonline.org\/it\/?s={search_term_string}"},"query-input":{"@type":"PropertyValueSpecification","valueRequired":true,"valueName":"search_term_string"}}],"inLanguage":"it-IT"},{"@type":"Organization","@id":"https:\/\/maderoterapiaonline.org\/it\/#organization","name":"Maderoterapia Est\u00e9tica Espa\u00f1a \u2013 Dori L\u00f3pez\u00ae y Escuela Profesional Maderoterapia Online\u00ae.","url":"https:\/\/maderoterapiaonline.org\/it\/","logo":{"@type":"ImageObject","inLanguage":"it-IT","@id":"https:\/\/maderoterapiaonline.org\/it\/#\/schema\/logo\/image\/","url":"https:\/\/maderoterapiaonline.org\/wp-content\/uploads\/2025\/03\/Logo-M-1.png","contentUrl":"https:\/\/maderoterapiaonline.org\/wp-content\/uploads\/2025\/03\/Logo-M-1.png","width":1464,"height":1051,"caption":"Maderoterapia Est\u00e9tica Espa\u00f1a \u2013 Dori L\u00f3pez\u00ae y Escuela Profesional Maderoterapia Online\u00ae."},"image":{"@id":"https:\/\/maderoterapiaonline.org\/it\/#\/schema\/logo\/image\/"}}]}},"_links":{"self":[{"href":"https:\/\/maderoterapiaonline.org\/it\/wp-json\/wp\/v2\/product\/44685","targetHints":{"allow":["GET"]}}],"collection":[{"href":"https:\/\/maderoterapiaonline.org\/it\/wp-json\/wp\/v2\/product"}],"about":[{"href":"https:\/\/maderoterapiaonline.org\/it\/wp-json\/wp\/v2\/types\/product"}],"replies":[{"embeddable":true,"href":"https:\/\/maderoterapiaonline.org\/it\/wp-json\/wp\/v2\/comments?post=44685"}],"wp:featuredmedia":[{"embeddable":true,"href":"https:\/\/maderoterapiaonline.org\/it\/wp-json\/wp\/v2\/media\/44687"}],"wp:attachment":[{"href":"https:\/\/maderoterapiaonline.org\/it\/wp-json\/wp\/v2\/media?parent=44685"}],"wp:term":[{"taxonomy":"product_brand","embeddable":true,"href":"https:\/\/maderoterapiaonline.org\/it\/wp-json\/wp\/v2\/product_brand?post=44685"},{"taxonomy":"product_cat","embeddable":true,"href":"https:\/\/maderoterapiaonline.org\/it\/wp-json\/wp\/v2\/product_cat?post=44685"},{"taxonomy":"product_tag","embeddable":true,"href":"https:\/\/maderoterapiaonline.org\/it\/wp-json\/wp\/v2\/product_tag?post=44685"}],"curies":[{"name":"wp","href":"https:\/\/api.w.org\/{rel}","templated":true}]}}