{"id":44664,"date":"2023-06-21T11:08:55","date_gmt":"2023-06-21T09:08:55","guid":{"rendered":"https:\/\/maderoterapiaonline.org\/producto\/kit-metalloterapia-rassodante-professionale\/"},"modified":"2025-06-19T15:57:55","modified_gmt":"2025-06-19T13:57:55","slug":"kit-metalloterapia-rassodante-professionale","status":"publish","type":"product","link":"https:\/\/maderoterapiaonline.org\/it\/producto\/kit-metalloterapia-rassodante-professionale\/","title":{"rendered":"Kit Metalterapico Rassodante Professionale"},"content":{"rendered":"<p>Preparati ad una rivoluzione nel mondo <strong>dell&#8217;estetica<\/strong> con l&#8217;abbagliante <strong>kit Body Metal Therapy<\/strong>, la &#8220;tuta da supereroe&#8221; che ogni professionista con la passione per la <strong>Terapia del Legno<\/strong> vorrebbe avere! Realizzato in <strong>alluminio<\/strong> di alta qualit\u00e0, pi\u00f9 luminoso del sorriso dei tuoi clienti soddisfatti, questo kit \u00e8 un biglietto di prima classe per <strong>risultati stellari<\/strong>, progettato esclusivamente dai maestri di <strong>Maderoterapia Est\u00e9tica Espa\u00f1a\u00ae<\/strong>!<\/p>\n<p>Pronto a meravigliarti? All \u201cinterno di questo tesoro troverai tre potenti alleati: la <strong>coppa dello scultore svedese<\/strong>, che modella quei corpi come se fosse un talentuoso artista del Rinascimento; il <strong>Fungo Riducente<\/strong>, che non solo combatte l\u201d infiammazione ma danza anche il cha-cha-cha sulla pelle, lasciandola morbida e luminosa; e la <strong>Tavola Rassodante<\/strong>, che dichiara: \u201cAddio flaccidit\u00e0, ciao divina fermezza!\u201d <\/p>\n<p>Ma non \u00e8 tutto. Questo meraviglioso trio \u00e8 meticolosamente progettato per adattarsi alle curve umane, garantendo un <strong>trattamento paradisiaco<\/strong> per gambe, addome, glutei e altro ancora, senza il minimo segno di disagio. E il segreto in pi\u00f9? Un <strong>effetto antinfiammatorio naturale<\/strong> che fa cantare alla pelle inni di gioia.   <\/p>\n<p>Non \u00e8 solo un kit, \u00e8 la <strong>chiave d&#8217;oro<\/strong> che aprir\u00e0 le porte a una clientela abbagliata e affezionata.<br \/>\nAttenzione professionisti, \u00e8 ora di brillare con il potere <strong>dell&#8217;alluminio<\/strong>! <\/p>\n<p><iframe loading=\"lazy\" title=\"Lettore video di YouTube\" src=\"https:\/\/www.youtube.com\/embed\/uFMSU7FFrQA?si=ka9Wftkoeb4Dw90h\" width=\"560\" height=\"315\" frameborder=\"0\" allowfullscreen=\"allowfullscreen\"><\/iframe><\/p>\n","protected":false},"excerpt":{"rendered":"<p style=\"margin-top: 10.2pt; background: white; vertical-align: baseline;\"><span style=\"font-family: 'Helvetica',sans-serif; color: #141827;\"><strong>Modellare il corpo<\/strong>, <strong>ridurre la cellulite<\/strong>, <strong>rimuovere il grasso localizzato<\/strong> e <strong>rassodare<\/strong> la pelle non \u00e8 mai stato cos\u00ec facile con il <em>KIT METALTERAPIA RASSODANTE PROFESSIONALE<\/em><\/span><\/p>\n<p style=\"margin-top: 10.2pt; background: white; vertical-align: baseline;\"><span style=\"font-family: 'Helvetica',sans-serif; color: #141827;\">Scopri come <strong>attivare il sistema linfatico<\/strong> e circolatorio in modo professionale e ottenere i risultati desiderati con questo KIT <strong>altamente efficace<\/strong> e dai <strong>risultati<\/strong> comprovati  <\/span><\/p>\n<p style=\"margin-top: 10.2pt; background: white; vertical-align: baseline;\"><span style=\"font-family: 'Helvetica',sans-serif; color: #141827;\">Il kit \u00e8 composto da<strong> 3 elementi<\/strong>:<\/span><\/p>\n<p style=\"margin-top: 10.2pt; background: white; vertical-align: baseline;\"><span style=\"font-family: 'Helvetica',sans-serif; color: #141827;\">Coppa metallica svedese: Altamente efficace nella riduzione delle adiposit\u00e0 localizzate, della cellulite ostinata, del modellamento del corpo mediante marcatura, del rassodamento cutaneo, del drenaggio emolinfatico e della riduzione dei glutei.<\/span><\/p>\n<p style=\"margin-top: 10.2pt; background: white; vertical-align: baseline;\"><span style=\"font-family: 'Helvetica',sans-serif; color: #141827;\">Metallo del fungo riducente antinfiammatorio: Il fungo antinfiammatorio ti aiuter\u00e0 a ridurre l&#8217;infiammazione sia del grasso incapsulato che della cellulite, motivo per cui \u00e8 il primo elemento utilizzato in una seduta, rassoda e tonifica anche se lavorato insieme alla coppetta svedese con movimenti delicati.<\/span><\/p>\n<p style=\"margin-top: 10.2pt; background: white; vertical-align: baseline;\"><span style=\"font-family: 'Helvetica',sans-serif; color: #141827;\">Tavola seghettata in metallo: con la tavola aiuterai a rassodare, tonificare la pelle e modellare i glutei. Grazie alla sua forma, pu\u00f2 essere utilizzato su tutte le parti del corpo<\/span><\/p>\n","protected":false},"featured_media":44666,"comment_status":"closed","ping_status":"closed","template":"","meta":{"content-type":""},"product_brand":[],"product_cat":[454],"product_tag":[],"class_list":{"0":"post-44664","1":"product","2":"type-product","3":"status-publish","4":"has-post-thumbnail","6":"product_cat-metalterapia-it","8":"first","9":"instock","10":"sale","11":"taxable","12":"shipping-taxable","13":"purchasable","14":"product-type-simple"},"yoast_head":"<!-- This site is optimized with the Yoast SEO plugin v27.2 - https:\/\/yoast.com\/product\/yoast-seo-wordpress\/ -->\n<title>Kit Metalterapico Rassodante Professionale - Maderoterapia Online<\/title>\n<meta name=\"description\" content=\"Scopri l&#039;esclusivo kit Body Metaltherapy di Maderoterapia Est\u00e9tica Espa\u00f1a\u00ae, una rivoluzione nei trattamenti estetici. Solida e scolpisci con i suoi strumenti in alluminio, progettati per un comfort senza pari. Eleva i tuoi servizi di Terapia del Legno e delizia i tuoi clienti con risultati straordinari!\" \/>\n<meta name=\"robots\" content=\"index, follow, max-snippet:-1, max-image-preview:large, max-video-preview:-1\" \/>\n<link rel=\"canonical\" href=\"https:\/\/maderoterapiaonline.org\/it\/producto\/kit-metalloterapia-rassodante-professionale\/\" \/>\n<meta property=\"og:locale\" content=\"it_IT\" \/>\n<meta property=\"og:type\" content=\"article\" \/>\n<meta property=\"og:title\" content=\"Kit Metalterapico Rassodante Professionale - Maderoterapia Online\" \/>\n<meta property=\"og:description\" content=\"Scopri l&#039;esclusivo kit Body Metaltherapy di Maderoterapia Est\u00e9tica Espa\u00f1a\u00ae, una rivoluzione nei trattamenti estetici. Solida e scolpisci con i suoi strumenti in alluminio, progettati per un comfort senza pari. Eleva i tuoi servizi di Terapia del Legno e delizia i tuoi clienti con risultati straordinari!\" \/>\n<meta property=\"og:url\" content=\"https:\/\/maderoterapiaonline.org\/it\/producto\/kit-metalloterapia-rassodante-professionale\/\" \/>\n<meta property=\"og:site_name\" content=\"Maderoterapia Online\" \/>\n<meta property=\"article:modified_time\" content=\"2025-06-19T13:57:55+00:00\" \/>\n<meta property=\"og:image\" content=\"https:\/\/maderoterapiaonline.org\/wp-content\/uploads\/2023\/04\/1.png\" \/>\n\t<meta property=\"og:image:width\" content=\"1080\" \/>\n\t<meta property=\"og:image:height\" content=\"1080\" \/>\n\t<meta property=\"og:image:type\" content=\"image\/png\" \/>\n<meta name=\"twitter:card\" content=\"summary_large_image\" \/>\n<meta name=\"twitter:label1\" content=\"Tempo di lettura stimato\" \/>\n\t<meta name=\"twitter:data1\" content=\"1 minuto\" \/>\n<script type=\"application\/ld+json\" class=\"yoast-schema-graph\">{\"@context\":\"https:\/\/schema.org\",\"@graph\":[{\"@type\":\"WebPage\",\"@id\":\"https:\/\/maderoterapiaonline.org\/it\/producto\/kit-metalloterapia-rassodante-professionale\/\",\"url\":\"https:\/\/maderoterapiaonline.org\/it\/producto\/kit-metalloterapia-rassodante-professionale\/\",\"name\":\"Kit Metalterapico Rassodante Professionale - Maderoterapia Online\",\"isPartOf\":{\"@id\":\"https:\/\/maderoterapiaonline.org\/it\/#website\"},\"primaryImageOfPage\":{\"@id\":\"https:\/\/maderoterapiaonline.org\/it\/producto\/kit-metalloterapia-rassodante-professionale\/#primaryimage\"},\"image\":{\"@id\":\"https:\/\/maderoterapiaonline.org\/it\/producto\/kit-metalloterapia-rassodante-professionale\/#primaryimage\"},\"thumbnailUrl\":\"https:\/\/maderoterapiaonline.org\/wp-content\/uploads\/2023\/04\/1.png\",\"datePublished\":\"2023-06-21T09:08:55+00:00\",\"dateModified\":\"2025-06-19T13:57:55+00:00\",\"description\":\"Scopri l'esclusivo kit Body Metaltherapy di Maderoterapia Est\u00e9tica Espa\u00f1a\u00ae, una rivoluzione nei trattamenti estetici. Solida e scolpisci con i suoi strumenti in alluminio, progettati per un comfort senza pari. Eleva i tuoi servizi di Terapia del Legno e delizia i tuoi clienti con risultati straordinari!\",\"breadcrumb\":{\"@id\":\"https:\/\/maderoterapiaonline.org\/it\/producto\/kit-metalloterapia-rassodante-professionale\/#breadcrumb\"},\"inLanguage\":\"it-IT\",\"potentialAction\":[{\"@type\":\"ReadAction\",\"target\":[\"https:\/\/maderoterapiaonline.org\/it\/producto\/kit-metalloterapia-rassodante-professionale\/\"]}]},{\"@type\":\"ImageObject\",\"inLanguage\":\"it-IT\",\"@id\":\"https:\/\/maderoterapiaonline.org\/it\/producto\/kit-metalloterapia-rassodante-professionale\/#primaryimage\",\"url\":\"https:\/\/maderoterapiaonline.org\/wp-content\/uploads\/2023\/04\/1.png\",\"contentUrl\":\"https:\/\/maderoterapiaonline.org\/wp-content\/uploads\/2023\/04\/1.png\",\"width\":1080,\"height\":1080,\"caption\":\"Kit Metalterapia Reafirmante Profesional\"},{\"@type\":\"BreadcrumbList\",\"@id\":\"https:\/\/maderoterapiaonline.org\/it\/producto\/kit-metalloterapia-rassodante-professionale\/#breadcrumb\",\"itemListElement\":[{\"@type\":\"ListItem\",\"position\":1,\"name\":\"Portada\",\"item\":\"https:\/\/maderoterapiaonline.org\/it\/\"},{\"@type\":\"ListItem\",\"position\":2,\"name\":\"Negozio\",\"item\":\"https:\/\/maderoterapiaonline.org\/it\/kit-legni\/\"},{\"@type\":\"ListItem\",\"position\":3,\"name\":\"Kit Metalterapico Rassodante Professionale\"}]},{\"@type\":\"WebSite\",\"@id\":\"https:\/\/maderoterapiaonline.org\/it\/#website\",\"url\":\"https:\/\/maderoterapiaonline.org\/it\/\",\"name\":\"Maderoterapia Online\",\"description\":\"Compra tu kit de Maderoterapia Profesional. Env\u00edos 24\/48h. Atenci\u00f3n al cliente por profesionales Maderoterapeutas\",\"publisher\":{\"@id\":\"https:\/\/maderoterapiaonline.org\/it\/#organization\"},\"alternateName\":\"Maderoterapiaonline.org\",\"potentialAction\":[{\"@type\":\"SearchAction\",\"target\":{\"@type\":\"EntryPoint\",\"urlTemplate\":\"https:\/\/maderoterapiaonline.org\/it\/?s={search_term_string}\"},\"query-input\":{\"@type\":\"PropertyValueSpecification\",\"valueRequired\":true,\"valueName\":\"search_term_string\"}}],\"inLanguage\":\"it-IT\"},{\"@type\":\"Organization\",\"@id\":\"https:\/\/maderoterapiaonline.org\/it\/#organization\",\"name\":\"Maderoterapia Est\u00e9tica Espa\u00f1a \u2013 Dori L\u00f3pez\u00ae y Escuela Profesional Maderoterapia Online\u00ae.\",\"url\":\"https:\/\/maderoterapiaonline.org\/it\/\",\"logo\":{\"@type\":\"ImageObject\",\"inLanguage\":\"it-IT\",\"@id\":\"https:\/\/maderoterapiaonline.org\/it\/#\/schema\/logo\/image\/\",\"url\":\"https:\/\/maderoterapiaonline.org\/wp-content\/uploads\/2025\/03\/Logo-M-1.png\",\"contentUrl\":\"https:\/\/maderoterapiaonline.org\/wp-content\/uploads\/2025\/03\/Logo-M-1.png\",\"width\":1464,\"height\":1051,\"caption\":\"Maderoterapia Est\u00e9tica Espa\u00f1a \u2013 Dori L\u00f3pez\u00ae y Escuela Profesional Maderoterapia Online\u00ae.\"},\"image\":{\"@id\":\"https:\/\/maderoterapiaonline.org\/it\/#\/schema\/logo\/image\/\"}}]}<\/script>\n<!-- \/ Yoast SEO plugin. -->","yoast_head_json":{"title":"Kit Metalterapico Rassodante Professionale - Maderoterapia Online","description":"Scopri l'esclusivo kit Body Metaltherapy di Maderoterapia Est\u00e9tica Espa\u00f1a\u00ae, una rivoluzione nei trattamenti estetici. Solida e scolpisci con i suoi strumenti in alluminio, progettati per un comfort senza pari. Eleva i tuoi servizi di Terapia del Legno e delizia i tuoi clienti con risultati straordinari!","robots":{"index":"index","follow":"follow","max-snippet":"max-snippet:-1","max-image-preview":"max-image-preview:large","max-video-preview":"max-video-preview:-1"},"canonical":"https:\/\/maderoterapiaonline.org\/it\/producto\/kit-metalloterapia-rassodante-professionale\/","og_locale":"it_IT","og_type":"article","og_title":"Kit Metalterapico Rassodante Professionale - Maderoterapia Online","og_description":"Scopri l'esclusivo kit Body Metaltherapy di Maderoterapia Est\u00e9tica Espa\u00f1a\u00ae, una rivoluzione nei trattamenti estetici. Solida e scolpisci con i suoi strumenti in alluminio, progettati per un comfort senza pari. Eleva i tuoi servizi di Terapia del Legno e delizia i tuoi clienti con risultati straordinari!","og_url":"https:\/\/maderoterapiaonline.org\/it\/producto\/kit-metalloterapia-rassodante-professionale\/","og_site_name":"Maderoterapia Online","article_modified_time":"2025-06-19T13:57:55+00:00","og_image":[{"width":1080,"height":1080,"url":"https:\/\/maderoterapiaonline.org\/wp-content\/uploads\/2023\/04\/1.png","type":"image\/png"}],"twitter_card":"summary_large_image","twitter_misc":{"Tempo di lettura stimato":"1 minuto"},"schema":{"@context":"https:\/\/schema.org","@graph":[{"@type":"WebPage","@id":"https:\/\/maderoterapiaonline.org\/it\/producto\/kit-metalloterapia-rassodante-professionale\/","url":"https:\/\/maderoterapiaonline.org\/it\/producto\/kit-metalloterapia-rassodante-professionale\/","name":"Kit Metalterapico Rassodante Professionale - Maderoterapia Online","isPartOf":{"@id":"https:\/\/maderoterapiaonline.org\/it\/#website"},"primaryImageOfPage":{"@id":"https:\/\/maderoterapiaonline.org\/it\/producto\/kit-metalloterapia-rassodante-professionale\/#primaryimage"},"image":{"@id":"https:\/\/maderoterapiaonline.org\/it\/producto\/kit-metalloterapia-rassodante-professionale\/#primaryimage"},"thumbnailUrl":"https:\/\/maderoterapiaonline.org\/wp-content\/uploads\/2023\/04\/1.png","datePublished":"2023-06-21T09:08:55+00:00","dateModified":"2025-06-19T13:57:55+00:00","description":"Scopri l'esclusivo kit Body Metaltherapy di Maderoterapia Est\u00e9tica Espa\u00f1a\u00ae, una rivoluzione nei trattamenti estetici. Solida e scolpisci con i suoi strumenti in alluminio, progettati per un comfort senza pari. Eleva i tuoi servizi di Terapia del Legno e delizia i tuoi clienti con risultati straordinari!","breadcrumb":{"@id":"https:\/\/maderoterapiaonline.org\/it\/producto\/kit-metalloterapia-rassodante-professionale\/#breadcrumb"},"inLanguage":"it-IT","potentialAction":[{"@type":"ReadAction","target":["https:\/\/maderoterapiaonline.org\/it\/producto\/kit-metalloterapia-rassodante-professionale\/"]}]},{"@type":"ImageObject","inLanguage":"it-IT","@id":"https:\/\/maderoterapiaonline.org\/it\/producto\/kit-metalloterapia-rassodante-professionale\/#primaryimage","url":"https:\/\/maderoterapiaonline.org\/wp-content\/uploads\/2023\/04\/1.png","contentUrl":"https:\/\/maderoterapiaonline.org\/wp-content\/uploads\/2023\/04\/1.png","width":1080,"height":1080,"caption":"Kit Metalterapia Reafirmante Profesional"},{"@type":"BreadcrumbList","@id":"https:\/\/maderoterapiaonline.org\/it\/producto\/kit-metalloterapia-rassodante-professionale\/#breadcrumb","itemListElement":[{"@type":"ListItem","position":1,"name":"Portada","item":"https:\/\/maderoterapiaonline.org\/it\/"},{"@type":"ListItem","position":2,"name":"Negozio","item":"https:\/\/maderoterapiaonline.org\/it\/kit-legni\/"},{"@type":"ListItem","position":3,"name":"Kit Metalterapico Rassodante Professionale"}]},{"@type":"WebSite","@id":"https:\/\/maderoterapiaonline.org\/it\/#website","url":"https:\/\/maderoterapiaonline.org\/it\/","name":"Maderoterapia Online","description":"Compra tu kit de Maderoterapia Profesional. Env\u00edos 24\/48h. Atenci\u00f3n al cliente por profesionales Maderoterapeutas","publisher":{"@id":"https:\/\/maderoterapiaonline.org\/it\/#organization"},"alternateName":"Maderoterapiaonline.org","potentialAction":[{"@type":"SearchAction","target":{"@type":"EntryPoint","urlTemplate":"https:\/\/maderoterapiaonline.org\/it\/?s={search_term_string}"},"query-input":{"@type":"PropertyValueSpecification","valueRequired":true,"valueName":"search_term_string"}}],"inLanguage":"it-IT"},{"@type":"Organization","@id":"https:\/\/maderoterapiaonline.org\/it\/#organization","name":"Maderoterapia Est\u00e9tica Espa\u00f1a \u2013 Dori L\u00f3pez\u00ae y Escuela Profesional Maderoterapia Online\u00ae.","url":"https:\/\/maderoterapiaonline.org\/it\/","logo":{"@type":"ImageObject","inLanguage":"it-IT","@id":"https:\/\/maderoterapiaonline.org\/it\/#\/schema\/logo\/image\/","url":"https:\/\/maderoterapiaonline.org\/wp-content\/uploads\/2025\/03\/Logo-M-1.png","contentUrl":"https:\/\/maderoterapiaonline.org\/wp-content\/uploads\/2025\/03\/Logo-M-1.png","width":1464,"height":1051,"caption":"Maderoterapia Est\u00e9tica Espa\u00f1a \u2013 Dori L\u00f3pez\u00ae y Escuela Profesional Maderoterapia Online\u00ae."},"image":{"@id":"https:\/\/maderoterapiaonline.org\/it\/#\/schema\/logo\/image\/"}}]}},"_links":{"self":[{"href":"https:\/\/maderoterapiaonline.org\/it\/wp-json\/wp\/v2\/product\/44664","targetHints":{"allow":["GET"]}}],"collection":[{"href":"https:\/\/maderoterapiaonline.org\/it\/wp-json\/wp\/v2\/product"}],"about":[{"href":"https:\/\/maderoterapiaonline.org\/it\/wp-json\/wp\/v2\/types\/product"}],"replies":[{"embeddable":true,"href":"https:\/\/maderoterapiaonline.org\/it\/wp-json\/wp\/v2\/comments?post=44664"}],"wp:featuredmedia":[{"embeddable":true,"href":"https:\/\/maderoterapiaonline.org\/it\/wp-json\/wp\/v2\/media\/44666"}],"wp:attachment":[{"href":"https:\/\/maderoterapiaonline.org\/it\/wp-json\/wp\/v2\/media?parent=44664"}],"wp:term":[{"taxonomy":"product_brand","embeddable":true,"href":"https:\/\/maderoterapiaonline.org\/it\/wp-json\/wp\/v2\/product_brand?post=44664"},{"taxonomy":"product_cat","embeddable":true,"href":"https:\/\/maderoterapiaonline.org\/it\/wp-json\/wp\/v2\/product_cat?post=44664"},{"taxonomy":"product_tag","embeddable":true,"href":"https:\/\/maderoterapiaonline.org\/it\/wp-json\/wp\/v2\/product_tag?post=44664"}],"curies":[{"name":"wp","href":"https:\/\/api.w.org\/{rel}","templated":true}]}}