{"id":44619,"date":"2025-04-20T05:08:51","date_gmt":"2025-04-20T03:08:51","guid":{"rendered":"https:\/\/maderoterapiaonline.org\/producto\/kit-legno-rilassante-decontratturante-corso-online\/"},"modified":"2025-10-07T11:41:29","modified_gmt":"2025-10-07T09:41:29","slug":"kit-legno-rilassante-decontratturante-corso-online","status":"publish","type":"product","link":"https:\/\/maderoterapiaonline.org\/it\/producto\/kit-legno-rilassante-decontratturante-corso-online\/","title":{"rendered":"Kit Rilassante e Decontratturante per Terapia del Legno"},"content":{"rendered":"<p><iframe loading=\"lazy\" title=\"Lettore video di YouTube\" src=\"https:\/\/www.youtube.com\/embed\/sqCYNZ5OvBQ\" width=\"560\" height=\"315\" frameborder=\"0\" allowfullscreen=\"allowfullscreen\"><\/iframe><\/p>\n","protected":false},"excerpt":{"rendered":"<p>Il <strong>Kit Decontratturante e Rilassante per la Terapia del Legno<\/strong> \u00e8 finalmente disponibile. Con questo kit potrai applicare massaggi rilassanti e decontratturanti in modo pi\u00f9 confortevole, poich\u00e9 la maggiore pressione e forza di approfondimento viene effettuata dal legno, con un design esclusivo per ottenere i migliori risultati.<\/p>\n<p>Contiene:<\/p>\n<ul>\n<li>Rullo decontratturante 38 cm<\/li>\n<li>2 sfere massaggianti 18,5 cm \u00f8<\/li>\n<\/ul>\n","protected":false},"featured_media":44626,"comment_status":"closed","ping_status":"closed","template":"","meta":{"content-type":""},"product_brand":[],"product_cat":[452,453],"product_tag":[],"class_list":{"0":"post-44619","1":"product","2":"type-product","3":"status-publish","4":"has-post-thumbnail","6":"product_cat-kit-per-la-terapia-del-legno","7":"product_cat-terapia-del-legno","9":"first","10":"instock","11":"sale","12":"taxable","13":"shipping-taxable","14":"purchasable","15":"product-type-simple"},"yoast_head":"<!-- This site is optimized with the Yoast SEO plugin v27.4 - https:\/\/yoast.com\/product\/yoast-seo-wordpress\/ -->\n<title>Kit Rilassante e Decontratturante per Terapia del Legno - Maderoterapia Online<\/title>\n<meta name=\"robots\" content=\"index, follow, max-snippet:-1, max-image-preview:large, max-video-preview:-1\" \/>\n<link rel=\"canonical\" href=\"https:\/\/maderoterapiaonline.org\/it\/producto\/kit-legno-rilassante-decontratturante-corso-online\/\" \/>\n<meta property=\"og:locale\" content=\"it_IT\" \/>\n<meta property=\"og:type\" content=\"article\" \/>\n<meta property=\"og:title\" content=\"Kit Rilassante e Decontratturante per Terapia del Legno - Maderoterapia Online\" \/>\n<meta property=\"og:description\" content=\"Il Kit Decontratturante e Rilassante per la Terapia del Legno \u00e8 finalmente disponibile. Con questo kit potrai applicare massaggi rilassanti e decontratturanti in modo pi\u00f9 confortevole, poich\u00e9 la maggiore pressione e forza di approfondimento viene effettuata dal legno, con un design esclusivo per ottenere i migliori risultati. Contiene:  Rullo decontratturante 38 cm  2 sfere massaggianti 18,5 cm \u00f8\" \/>\n<meta property=\"og:url\" content=\"https:\/\/maderoterapiaonline.org\/it\/producto\/kit-legno-rilassante-decontratturante-corso-online\/\" \/>\n<meta property=\"og:site_name\" content=\"Maderoterapia Online\" \/>\n<meta property=\"article:modified_time\" content=\"2025-10-07T09:41:29+00:00\" \/>\n<meta property=\"og:image\" content=\"https:\/\/maderoterapiaonline.org\/wp-content\/uploads\/2023\/04\/1-7.png\" \/>\n\t<meta property=\"og:image:width\" content=\"1080\" \/>\n\t<meta property=\"og:image:height\" content=\"1080\" \/>\n\t<meta property=\"og:image:type\" content=\"image\/png\" \/>\n<meta name=\"twitter:card\" content=\"summary_large_image\" \/>\n<script type=\"application\/ld+json\" class=\"yoast-schema-graph\">{\"@context\":\"https:\\\/\\\/schema.org\",\"@graph\":[{\"@type\":\"WebPage\",\"@id\":\"https:\\\/\\\/maderoterapiaonline.org\\\/it\\\/producto\\\/kit-legno-rilassante-decontratturante-corso-online\\\/\",\"url\":\"https:\\\/\\\/maderoterapiaonline.org\\\/it\\\/producto\\\/kit-legno-rilassante-decontratturante-corso-online\\\/\",\"name\":\"Kit Rilassante e Decontratturante per Terapia del Legno - Maderoterapia Online\",\"isPartOf\":{\"@id\":\"https:\\\/\\\/maderoterapiaonline.org\\\/it\\\/#website\"},\"primaryImageOfPage\":{\"@id\":\"https:\\\/\\\/maderoterapiaonline.org\\\/it\\\/producto\\\/kit-legno-rilassante-decontratturante-corso-online\\\/#primaryimage\"},\"image\":{\"@id\":\"https:\\\/\\\/maderoterapiaonline.org\\\/it\\\/producto\\\/kit-legno-rilassante-decontratturante-corso-online\\\/#primaryimage\"},\"thumbnailUrl\":\"https:\\\/\\\/maderoterapiaonline.org\\\/wp-content\\\/uploads\\\/2023\\\/04\\\/1-7.png\",\"datePublished\":\"2025-04-20T03:08:51+00:00\",\"dateModified\":\"2025-10-07T09:41:29+00:00\",\"breadcrumb\":{\"@id\":\"https:\\\/\\\/maderoterapiaonline.org\\\/it\\\/producto\\\/kit-legno-rilassante-decontratturante-corso-online\\\/#breadcrumb\"},\"inLanguage\":\"it-IT\",\"potentialAction\":[{\"@type\":\"ReadAction\",\"target\":[\"https:\\\/\\\/maderoterapiaonline.org\\\/it\\\/producto\\\/kit-legno-rilassante-decontratturante-corso-online\\\/\"]}]},{\"@type\":\"ImageObject\",\"inLanguage\":\"it-IT\",\"@id\":\"https:\\\/\\\/maderoterapiaonline.org\\\/it\\\/producto\\\/kit-legno-rilassante-decontratturante-corso-online\\\/#primaryimage\",\"url\":\"https:\\\/\\\/maderoterapiaonline.org\\\/wp-content\\\/uploads\\\/2023\\\/04\\\/1-7.png\",\"contentUrl\":\"https:\\\/\\\/maderoterapiaonline.org\\\/wp-content\\\/uploads\\\/2023\\\/04\\\/1-7.png\",\"width\":1080,\"height\":1080,\"caption\":\"Kit Maderoterapia relajante & descontracturante\"},{\"@type\":\"BreadcrumbList\",\"@id\":\"https:\\\/\\\/maderoterapiaonline.org\\\/it\\\/producto\\\/kit-legno-rilassante-decontratturante-corso-online\\\/#breadcrumb\",\"itemListElement\":[{\"@type\":\"ListItem\",\"position\":1,\"name\":\"Portada\",\"item\":\"https:\\\/\\\/maderoterapiaonline.org\\\/it\\\/\"},{\"@type\":\"ListItem\",\"position\":2,\"name\":\"Negozio\",\"item\":\"https:\\\/\\\/maderoterapiaonline.org\\\/it\\\/kit-legni\\\/\"},{\"@type\":\"ListItem\",\"position\":3,\"name\":\"Kit Rilassante e Decontratturante per Terapia del Legno\"}]},{\"@type\":\"WebSite\",\"@id\":\"https:\\\/\\\/maderoterapiaonline.org\\\/it\\\/#website\",\"url\":\"https:\\\/\\\/maderoterapiaonline.org\\\/it\\\/\",\"name\":\"Maderoterapia Online\",\"description\":\"Compra tu kit de Maderoterapia Profesional. Env\u00edos 24\\\/48h. Atenci\u00f3n al cliente por profesionales Maderoterapeutas\",\"publisher\":{\"@id\":\"https:\\\/\\\/maderoterapiaonline.org\\\/it\\\/#organization\"},\"alternateName\":\"Maderoterapiaonline.org\",\"potentialAction\":[{\"@type\":\"SearchAction\",\"target\":{\"@type\":\"EntryPoint\",\"urlTemplate\":\"https:\\\/\\\/maderoterapiaonline.org\\\/it\\\/?s={search_term_string}\"},\"query-input\":{\"@type\":\"PropertyValueSpecification\",\"valueRequired\":true,\"valueName\":\"search_term_string\"}}],\"inLanguage\":\"it-IT\"},{\"@type\":\"Organization\",\"@id\":\"https:\\\/\\\/maderoterapiaonline.org\\\/it\\\/#organization\",\"name\":\"Maderoterapia Est\u00e9tica Espa\u00f1a \u2013 Dori L\u00f3pez\u00ae y Escuela Profesional Maderoterapia Online\u00ae.\",\"url\":\"https:\\\/\\\/maderoterapiaonline.org\\\/it\\\/\",\"logo\":{\"@type\":\"ImageObject\",\"inLanguage\":\"it-IT\",\"@id\":\"https:\\\/\\\/maderoterapiaonline.org\\\/it\\\/#\\\/schema\\\/logo\\\/image\\\/\",\"url\":\"https:\\\/\\\/maderoterapiaonline.org\\\/wp-content\\\/uploads\\\/2025\\\/03\\\/Logo-M-1.png\",\"contentUrl\":\"https:\\\/\\\/maderoterapiaonline.org\\\/wp-content\\\/uploads\\\/2025\\\/03\\\/Logo-M-1.png\",\"width\":1464,\"height\":1051,\"caption\":\"Maderoterapia Est\u00e9tica Espa\u00f1a \u2013 Dori L\u00f3pez\u00ae y Escuela Profesional Maderoterapia Online\u00ae.\"},\"image\":{\"@id\":\"https:\\\/\\\/maderoterapiaonline.org\\\/it\\\/#\\\/schema\\\/logo\\\/image\\\/\"}}]}<\/script>\n<!-- \/ Yoast SEO plugin. -->","yoast_head_json":{"title":"Kit Rilassante e Decontratturante per Terapia del Legno - Maderoterapia Online","robots":{"index":"index","follow":"follow","max-snippet":"max-snippet:-1","max-image-preview":"max-image-preview:large","max-video-preview":"max-video-preview:-1"},"canonical":"https:\/\/maderoterapiaonline.org\/it\/producto\/kit-legno-rilassante-decontratturante-corso-online\/","og_locale":"it_IT","og_type":"article","og_title":"Kit Rilassante e Decontratturante per Terapia del Legno - Maderoterapia Online","og_description":"Il Kit Decontratturante e Rilassante per la Terapia del Legno \u00e8 finalmente disponibile. Con questo kit potrai applicare massaggi rilassanti e decontratturanti in modo pi\u00f9 confortevole, poich\u00e9 la maggiore pressione e forza di approfondimento viene effettuata dal legno, con un design esclusivo per ottenere i migliori risultati. Contiene:  Rullo decontratturante 38 cm  2 sfere massaggianti 18,5 cm \u00f8","og_url":"https:\/\/maderoterapiaonline.org\/it\/producto\/kit-legno-rilassante-decontratturante-corso-online\/","og_site_name":"Maderoterapia Online","article_modified_time":"2025-10-07T09:41:29+00:00","og_image":[{"width":1080,"height":1080,"url":"https:\/\/maderoterapiaonline.org\/wp-content\/uploads\/2023\/04\/1-7.png","type":"image\/png"}],"twitter_card":"summary_large_image","schema":{"@context":"https:\/\/schema.org","@graph":[{"@type":"WebPage","@id":"https:\/\/maderoterapiaonline.org\/it\/producto\/kit-legno-rilassante-decontratturante-corso-online\/","url":"https:\/\/maderoterapiaonline.org\/it\/producto\/kit-legno-rilassante-decontratturante-corso-online\/","name":"Kit Rilassante e Decontratturante per Terapia del Legno - Maderoterapia Online","isPartOf":{"@id":"https:\/\/maderoterapiaonline.org\/it\/#website"},"primaryImageOfPage":{"@id":"https:\/\/maderoterapiaonline.org\/it\/producto\/kit-legno-rilassante-decontratturante-corso-online\/#primaryimage"},"image":{"@id":"https:\/\/maderoterapiaonline.org\/it\/producto\/kit-legno-rilassante-decontratturante-corso-online\/#primaryimage"},"thumbnailUrl":"https:\/\/maderoterapiaonline.org\/wp-content\/uploads\/2023\/04\/1-7.png","datePublished":"2025-04-20T03:08:51+00:00","dateModified":"2025-10-07T09:41:29+00:00","breadcrumb":{"@id":"https:\/\/maderoterapiaonline.org\/it\/producto\/kit-legno-rilassante-decontratturante-corso-online\/#breadcrumb"},"inLanguage":"it-IT","potentialAction":[{"@type":"ReadAction","target":["https:\/\/maderoterapiaonline.org\/it\/producto\/kit-legno-rilassante-decontratturante-corso-online\/"]}]},{"@type":"ImageObject","inLanguage":"it-IT","@id":"https:\/\/maderoterapiaonline.org\/it\/producto\/kit-legno-rilassante-decontratturante-corso-online\/#primaryimage","url":"https:\/\/maderoterapiaonline.org\/wp-content\/uploads\/2023\/04\/1-7.png","contentUrl":"https:\/\/maderoterapiaonline.org\/wp-content\/uploads\/2023\/04\/1-7.png","width":1080,"height":1080,"caption":"Kit Maderoterapia relajante & descontracturante"},{"@type":"BreadcrumbList","@id":"https:\/\/maderoterapiaonline.org\/it\/producto\/kit-legno-rilassante-decontratturante-corso-online\/#breadcrumb","itemListElement":[{"@type":"ListItem","position":1,"name":"Portada","item":"https:\/\/maderoterapiaonline.org\/it\/"},{"@type":"ListItem","position":2,"name":"Negozio","item":"https:\/\/maderoterapiaonline.org\/it\/kit-legni\/"},{"@type":"ListItem","position":3,"name":"Kit Rilassante e Decontratturante per Terapia del Legno"}]},{"@type":"WebSite","@id":"https:\/\/maderoterapiaonline.org\/it\/#website","url":"https:\/\/maderoterapiaonline.org\/it\/","name":"Maderoterapia Online","description":"Compra tu kit de Maderoterapia Profesional. Env\u00edos 24\/48h. Atenci\u00f3n al cliente por profesionales Maderoterapeutas","publisher":{"@id":"https:\/\/maderoterapiaonline.org\/it\/#organization"},"alternateName":"Maderoterapiaonline.org","potentialAction":[{"@type":"SearchAction","target":{"@type":"EntryPoint","urlTemplate":"https:\/\/maderoterapiaonline.org\/it\/?s={search_term_string}"},"query-input":{"@type":"PropertyValueSpecification","valueRequired":true,"valueName":"search_term_string"}}],"inLanguage":"it-IT"},{"@type":"Organization","@id":"https:\/\/maderoterapiaonline.org\/it\/#organization","name":"Maderoterapia Est\u00e9tica Espa\u00f1a \u2013 Dori L\u00f3pez\u00ae y Escuela Profesional Maderoterapia Online\u00ae.","url":"https:\/\/maderoterapiaonline.org\/it\/","logo":{"@type":"ImageObject","inLanguage":"it-IT","@id":"https:\/\/maderoterapiaonline.org\/it\/#\/schema\/logo\/image\/","url":"https:\/\/maderoterapiaonline.org\/wp-content\/uploads\/2025\/03\/Logo-M-1.png","contentUrl":"https:\/\/maderoterapiaonline.org\/wp-content\/uploads\/2025\/03\/Logo-M-1.png","width":1464,"height":1051,"caption":"Maderoterapia Est\u00e9tica Espa\u00f1a \u2013 Dori L\u00f3pez\u00ae y Escuela Profesional Maderoterapia Online\u00ae."},"image":{"@id":"https:\/\/maderoterapiaonline.org\/it\/#\/schema\/logo\/image\/"}}]}},"_links":{"self":[{"href":"https:\/\/maderoterapiaonline.org\/it\/wp-json\/wp\/v2\/product\/44619","targetHints":{"allow":["GET"]}}],"collection":[{"href":"https:\/\/maderoterapiaonline.org\/it\/wp-json\/wp\/v2\/product"}],"about":[{"href":"https:\/\/maderoterapiaonline.org\/it\/wp-json\/wp\/v2\/types\/product"}],"replies":[{"embeddable":true,"href":"https:\/\/maderoterapiaonline.org\/it\/wp-json\/wp\/v2\/comments?post=44619"}],"wp:featuredmedia":[{"embeddable":true,"href":"https:\/\/maderoterapiaonline.org\/it\/wp-json\/wp\/v2\/media\/44626"}],"wp:attachment":[{"href":"https:\/\/maderoterapiaonline.org\/it\/wp-json\/wp\/v2\/media?parent=44619"}],"wp:term":[{"taxonomy":"product_brand","embeddable":true,"href":"https:\/\/maderoterapiaonline.org\/it\/wp-json\/wp\/v2\/product_brand?post=44619"},{"taxonomy":"product_cat","embeddable":true,"href":"https:\/\/maderoterapiaonline.org\/it\/wp-json\/wp\/v2\/product_cat?post=44619"},{"taxonomy":"product_tag","embeddable":true,"href":"https:\/\/maderoterapiaonline.org\/it\/wp-json\/wp\/v2\/product_tag?post=44619"}],"curies":[{"name":"wp","href":"https:\/\/api.w.org\/{rel}","templated":true}]}}