{"id":44530,"date":"2025-04-27T05:08:44","date_gmt":"2025-04-27T03:08:44","guid":{"rendered":"https:\/\/maderoterapiaonline.org\/producto\/nuovo-kit-corso-online-di-terapia-anticellulite-legno\/"},"modified":"2025-06-12T13:58:28","modified_gmt":"2025-06-12T11:58:28","slug":"nuovo-kit-corso-online-di-terapia-anticellulite-legno","status":"publish","type":"product","link":"https:\/\/maderoterapiaonline.org\/it\/producto\/nuovo-kit-corso-online-di-terapia-anticellulite-legno\/","title":{"rendered":"Nuovo Kit Anticellulite per Terapia del Legno"},"content":{"rendered":"<p>Allarme rosso, professionisti della bellezza! La cellulite, quell&#8217;astuto invasore che colpisce il 90% delle donne, sta per trovare la sua nemesi nel nostro nuovissimo kit Anticellulite Wood Therapy. \u00c8 ora di fare scintille nel salone di massaggi e trasformare quei grappoli ostinati in nient&#8217;altro che un lontano ricordo!<\/p>\n<p>Pronti per un&#8217;epopea di riduzione e morbidezza? Con questi 6 scudi in legno di pino e loto, forgiati nelle foreste incantate dai virtuosi della Maderoterapia Est\u00e9tica Espa\u00f1a\u00ae, ogni tocco \u00e8 un passo verso la vittoria. Dalla coraggiosa Reducing Mushroom, che va in battaglia non una, ma due volte!, alla Coppa di Svezia con il rullo, un&#8217;eroina che gira e liscia come se stesse pattinando sul ghiaccio sconfiggendo le imperfezioni.<\/p>\n<p>Ridi di fronte al pericolo e solletica la temuta cellulite con il cilindro anticellulite, oppure sfida le leggi della gravit\u00e0 con l&#8217;audace Jagged Shaping Board! Questo kit non \u00e8 solo un set di strumenti, \u00e8 una squadra di supereroi in attesa di fare la loro magia!<\/p>\n<p>Quindi, care guerriere della bellezza, preparatevi a massaggiare come mai prima d&#8217;ora e trasformate il vostro centro in un baluardo di corpi rinnovati e anime gioiose! Avanti, andiamo all&#8217;attacco!<\/p>\n<p style=\"text-align: center;\"><iframe loading=\"lazy\" src=\"https:\/\/www.youtube.com\/embed\/dETOzGCMHZQ\" width=\"560\" height=\"315\" frameborder=\"0\" allowfullscreen=\"allowfullscreen\"><\/iframe><\/p>\n<p>&nbsp;<\/p>\n","protected":false},"excerpt":{"rendered":"<p><span style=\"color: #ff6600;\">Sapevi che il 90% delle donne oggi ha la cellulite?<\/span> Con questo<span style=\"color: #000000;\"> <strong>kit anticellulite per la terapia del legno<\/strong><\/span> puoi applicare massaggi riducenti e anticellulite in modo professionale, potendo cos\u00ec ottenere i migliori risultati nelle tue sedute o centri specializzati.<\/p>\n<p>Il<span style=\"color: #000000;\"><br \/>\n  <strong> Kit Professionale Anticellulite in Legno \u00e8 composto da<\/strong><br \/>\n<\/span> 6 elementi, realizzati in legno di pino e loto naturale progettati da Maderoterapia Est\u00e9tica Espa\u00f1a\u00ae.<\/p>\n<ul>\n<li><span style=\"color: #000000;\"><strong>Il kit anticellulite per la terapia del legno contiene 7 elementi + Masterclass GRATUITA<\/strong><\/span><\/li>\n<li>2 funghi colombiani<\/li>\n<li>2 cilindri anticellulite<\/li>\n<li>2 tazze a rulli<\/li>\n<li>1 tavola dentata<\/li>\n<\/ul>\n","protected":false},"featured_media":49122,"comment_status":"closed","ping_status":"closed","template":"","meta":{"content-type":""},"product_brand":[],"product_cat":[452,456,453],"product_tag":[],"class_list":{"0":"post-44530","1":"product","2":"type-product","3":"status-publish","4":"has-post-thumbnail","6":"product_cat-kit-per-la-terapia-del-legno","7":"product_cat-offre","8":"product_cat-terapia-del-legno","10":"first","11":"instock","12":"sale","13":"taxable","14":"shipping-taxable","15":"purchasable","16":"product-type-simple"},"yoast_head":"<!-- This site is optimized with the Yoast SEO plugin v27.2 - https:\/\/yoast.com\/product\/yoast-seo-wordpress\/ -->\n<title>Nuovo Kit Anticellulite per Terapia del Legno - Maderoterapia Online<\/title>\n<meta name=\"description\" content=\"Rivitalizza il tuo centro estetico con l&#039;innovativo kit Anticellulite Wood Therapy: la soluzione definitiva per combattere la cellulite. Sorprendi i tuoi clienti con risultati visibili, utilizzando i nostri esclusivi strumenti in legno di pino e loto. Scopri la magia della trasformazione del corpo ed eleva i tuoi servizi al livello successivo di eccellenza!\" \/>\n<meta name=\"robots\" content=\"index, follow, max-snippet:-1, max-image-preview:large, max-video-preview:-1\" \/>\n<link rel=\"canonical\" href=\"https:\/\/maderoterapiaonline.org\/it\/producto\/nuovo-kit-corso-online-di-terapia-anticellulite-legno\/\" \/>\n<meta property=\"og:locale\" content=\"it_IT\" \/>\n<meta property=\"og:type\" content=\"article\" \/>\n<meta property=\"og:title\" content=\"Nuovo Kit Anticellulite per Terapia del Legno - Maderoterapia Online\" \/>\n<meta property=\"og:description\" content=\"Rivitalizza il tuo centro estetico con l&#039;innovativo kit Anticellulite Wood Therapy: la soluzione definitiva per combattere la cellulite. Sorprendi i tuoi clienti con risultati visibili, utilizzando i nostri esclusivi strumenti in legno di pino e loto. Scopri la magia della trasformazione del corpo ed eleva i tuoi servizi al livello successivo di eccellenza!\" \/>\n<meta property=\"og:url\" content=\"https:\/\/maderoterapiaonline.org\/it\/producto\/nuovo-kit-corso-online-di-terapia-anticellulite-legno\/\" \/>\n<meta property=\"og:site_name\" content=\"Maderoterapia Online\" \/>\n<meta property=\"article:modified_time\" content=\"2025-06-12T11:58:28+00:00\" \/>\n<meta property=\"og:image\" content=\"https:\/\/maderoterapiaonline.org\/wp-content\/uploads\/2023\/07\/1-12.jpg\" \/>\n\t<meta property=\"og:image:width\" content=\"1080\" \/>\n\t<meta property=\"og:image:height\" content=\"1080\" \/>\n\t<meta property=\"og:image:type\" content=\"image\/jpeg\" \/>\n<meta name=\"twitter:card\" content=\"summary_large_image\" \/>\n<meta name=\"twitter:label1\" content=\"Tempo di lettura stimato\" \/>\n\t<meta name=\"twitter:data1\" content=\"1 minuto\" \/>\n<script type=\"application\/ld+json\" class=\"yoast-schema-graph\">{\"@context\":\"https:\/\/schema.org\",\"@graph\":[{\"@type\":\"WebPage\",\"@id\":\"https:\/\/maderoterapiaonline.org\/it\/producto\/nuovo-kit-corso-online-di-terapia-anticellulite-legno\/\",\"url\":\"https:\/\/maderoterapiaonline.org\/it\/producto\/nuovo-kit-corso-online-di-terapia-anticellulite-legno\/\",\"name\":\"Nuovo Kit Anticellulite per Terapia del Legno - Maderoterapia Online\",\"isPartOf\":{\"@id\":\"https:\/\/maderoterapiaonline.org\/it\/#website\"},\"primaryImageOfPage\":{\"@id\":\"https:\/\/maderoterapiaonline.org\/it\/producto\/nuovo-kit-corso-online-di-terapia-anticellulite-legno\/#primaryimage\"},\"image\":{\"@id\":\"https:\/\/maderoterapiaonline.org\/it\/producto\/nuovo-kit-corso-online-di-terapia-anticellulite-legno\/#primaryimage\"},\"thumbnailUrl\":\"https:\/\/maderoterapiaonline.org\/wp-content\/uploads\/2023\/07\/1-18.jpg\",\"datePublished\":\"2025-04-27T03:08:44+00:00\",\"dateModified\":\"2025-06-12T11:58:28+00:00\",\"description\":\"Rivitalizza il tuo centro estetico con l'innovativo kit Anticellulite Wood Therapy: la soluzione definitiva per combattere la cellulite. Sorprendi i tuoi clienti con risultati visibili, utilizzando i nostri esclusivi strumenti in legno di pino e loto. Scopri la magia della trasformazione del corpo ed eleva i tuoi servizi al livello successivo di eccellenza!\",\"breadcrumb\":{\"@id\":\"https:\/\/maderoterapiaonline.org\/it\/producto\/nuovo-kit-corso-online-di-terapia-anticellulite-legno\/#breadcrumb\"},\"inLanguage\":\"it-IT\",\"potentialAction\":[{\"@type\":\"ReadAction\",\"target\":[\"https:\/\/maderoterapiaonline.org\/it\/producto\/nuovo-kit-corso-online-di-terapia-anticellulite-legno\/\"]}]},{\"@type\":\"ImageObject\",\"inLanguage\":\"it-IT\",\"@id\":\"https:\/\/maderoterapiaonline.org\/it\/producto\/nuovo-kit-corso-online-di-terapia-anticellulite-legno\/#primaryimage\",\"url\":\"https:\/\/maderoterapiaonline.org\/wp-content\/uploads\/2023\/07\/1-18.jpg\",\"contentUrl\":\"https:\/\/maderoterapiaonline.org\/wp-content\/uploads\/2023\/07\/1-18.jpg\",\"width\":1080,\"height\":1080,\"caption\":\"Nuevo Kit Maderoterapia Anticelul\u00edtica\"},{\"@type\":\"BreadcrumbList\",\"@id\":\"https:\/\/maderoterapiaonline.org\/it\/producto\/nuovo-kit-corso-online-di-terapia-anticellulite-legno\/#breadcrumb\",\"itemListElement\":[{\"@type\":\"ListItem\",\"position\":1,\"name\":\"Portada\",\"item\":\"https:\/\/maderoterapiaonline.org\/it\/\"},{\"@type\":\"ListItem\",\"position\":2,\"name\":\"Negozio\",\"item\":\"https:\/\/maderoterapiaonline.org\/it\/kit-legni\/\"},{\"@type\":\"ListItem\",\"position\":3,\"name\":\"Nuovo Kit Anticellulite per Terapia del Legno\"}]},{\"@type\":\"WebSite\",\"@id\":\"https:\/\/maderoterapiaonline.org\/it\/#website\",\"url\":\"https:\/\/maderoterapiaonline.org\/it\/\",\"name\":\"Maderoterapia Online\",\"description\":\"Compra tu kit de Maderoterapia Profesional. Env\u00edos 24\/48h. Atenci\u00f3n al cliente por profesionales Maderoterapeutas\",\"publisher\":{\"@id\":\"https:\/\/maderoterapiaonline.org\/it\/#organization\"},\"alternateName\":\"Maderoterapiaonline.org\",\"potentialAction\":[{\"@type\":\"SearchAction\",\"target\":{\"@type\":\"EntryPoint\",\"urlTemplate\":\"https:\/\/maderoterapiaonline.org\/it\/?s={search_term_string}\"},\"query-input\":{\"@type\":\"PropertyValueSpecification\",\"valueRequired\":true,\"valueName\":\"search_term_string\"}}],\"inLanguage\":\"it-IT\"},{\"@type\":\"Organization\",\"@id\":\"https:\/\/maderoterapiaonline.org\/it\/#organization\",\"name\":\"Maderoterapia Est\u00e9tica Espa\u00f1a \u2013 Dori L\u00f3pez\u00ae y Escuela Profesional Maderoterapia Online\u00ae.\",\"url\":\"https:\/\/maderoterapiaonline.org\/it\/\",\"logo\":{\"@type\":\"ImageObject\",\"inLanguage\":\"it-IT\",\"@id\":\"https:\/\/maderoterapiaonline.org\/it\/#\/schema\/logo\/image\/\",\"url\":\"https:\/\/maderoterapiaonline.org\/wp-content\/uploads\/2025\/03\/Logo-M-1.png\",\"contentUrl\":\"https:\/\/maderoterapiaonline.org\/wp-content\/uploads\/2025\/03\/Logo-M-1.png\",\"width\":1464,\"height\":1051,\"caption\":\"Maderoterapia Est\u00e9tica Espa\u00f1a \u2013 Dori L\u00f3pez\u00ae y Escuela Profesional Maderoterapia Online\u00ae.\"},\"image\":{\"@id\":\"https:\/\/maderoterapiaonline.org\/it\/#\/schema\/logo\/image\/\"}}]}<\/script>\n<!-- \/ Yoast SEO plugin. -->","yoast_head_json":{"title":"Nuovo Kit Anticellulite per Terapia del Legno - Maderoterapia Online","description":"Rivitalizza il tuo centro estetico con l'innovativo kit Anticellulite Wood Therapy: la soluzione definitiva per combattere la cellulite. Sorprendi i tuoi clienti con risultati visibili, utilizzando i nostri esclusivi strumenti in legno di pino e loto. Scopri la magia della trasformazione del corpo ed eleva i tuoi servizi al livello successivo di eccellenza!","robots":{"index":"index","follow":"follow","max-snippet":"max-snippet:-1","max-image-preview":"max-image-preview:large","max-video-preview":"max-video-preview:-1"},"canonical":"https:\/\/maderoterapiaonline.org\/it\/producto\/nuovo-kit-corso-online-di-terapia-anticellulite-legno\/","og_locale":"it_IT","og_type":"article","og_title":"Nuovo Kit Anticellulite per Terapia del Legno - Maderoterapia Online","og_description":"Rivitalizza il tuo centro estetico con l'innovativo kit Anticellulite Wood Therapy: la soluzione definitiva per combattere la cellulite. Sorprendi i tuoi clienti con risultati visibili, utilizzando i nostri esclusivi strumenti in legno di pino e loto. Scopri la magia della trasformazione del corpo ed eleva i tuoi servizi al livello successivo di eccellenza!","og_url":"https:\/\/maderoterapiaonline.org\/it\/producto\/nuovo-kit-corso-online-di-terapia-anticellulite-legno\/","og_site_name":"Maderoterapia Online","article_modified_time":"2025-06-12T11:58:28+00:00","og_image":[{"width":1080,"height":1080,"url":"https:\/\/maderoterapiaonline.org\/wp-content\/uploads\/2023\/07\/1-12.jpg","type":"image\/jpeg"}],"twitter_card":"summary_large_image","twitter_misc":{"Tempo di lettura stimato":"1 minuto"},"schema":{"@context":"https:\/\/schema.org","@graph":[{"@type":"WebPage","@id":"https:\/\/maderoterapiaonline.org\/it\/producto\/nuovo-kit-corso-online-di-terapia-anticellulite-legno\/","url":"https:\/\/maderoterapiaonline.org\/it\/producto\/nuovo-kit-corso-online-di-terapia-anticellulite-legno\/","name":"Nuovo Kit Anticellulite per Terapia del Legno - Maderoterapia Online","isPartOf":{"@id":"https:\/\/maderoterapiaonline.org\/it\/#website"},"primaryImageOfPage":{"@id":"https:\/\/maderoterapiaonline.org\/it\/producto\/nuovo-kit-corso-online-di-terapia-anticellulite-legno\/#primaryimage"},"image":{"@id":"https:\/\/maderoterapiaonline.org\/it\/producto\/nuovo-kit-corso-online-di-terapia-anticellulite-legno\/#primaryimage"},"thumbnailUrl":"https:\/\/maderoterapiaonline.org\/wp-content\/uploads\/2023\/07\/1-18.jpg","datePublished":"2025-04-27T03:08:44+00:00","dateModified":"2025-06-12T11:58:28+00:00","description":"Rivitalizza il tuo centro estetico con l'innovativo kit Anticellulite Wood Therapy: la soluzione definitiva per combattere la cellulite. Sorprendi i tuoi clienti con risultati visibili, utilizzando i nostri esclusivi strumenti in legno di pino e loto. Scopri la magia della trasformazione del corpo ed eleva i tuoi servizi al livello successivo di eccellenza!","breadcrumb":{"@id":"https:\/\/maderoterapiaonline.org\/it\/producto\/nuovo-kit-corso-online-di-terapia-anticellulite-legno\/#breadcrumb"},"inLanguage":"it-IT","potentialAction":[{"@type":"ReadAction","target":["https:\/\/maderoterapiaonline.org\/it\/producto\/nuovo-kit-corso-online-di-terapia-anticellulite-legno\/"]}]},{"@type":"ImageObject","inLanguage":"it-IT","@id":"https:\/\/maderoterapiaonline.org\/it\/producto\/nuovo-kit-corso-online-di-terapia-anticellulite-legno\/#primaryimage","url":"https:\/\/maderoterapiaonline.org\/wp-content\/uploads\/2023\/07\/1-18.jpg","contentUrl":"https:\/\/maderoterapiaonline.org\/wp-content\/uploads\/2023\/07\/1-18.jpg","width":1080,"height":1080,"caption":"Nuevo Kit Maderoterapia Anticelul\u00edtica"},{"@type":"BreadcrumbList","@id":"https:\/\/maderoterapiaonline.org\/it\/producto\/nuovo-kit-corso-online-di-terapia-anticellulite-legno\/#breadcrumb","itemListElement":[{"@type":"ListItem","position":1,"name":"Portada","item":"https:\/\/maderoterapiaonline.org\/it\/"},{"@type":"ListItem","position":2,"name":"Negozio","item":"https:\/\/maderoterapiaonline.org\/it\/kit-legni\/"},{"@type":"ListItem","position":3,"name":"Nuovo Kit Anticellulite per Terapia del Legno"}]},{"@type":"WebSite","@id":"https:\/\/maderoterapiaonline.org\/it\/#website","url":"https:\/\/maderoterapiaonline.org\/it\/","name":"Maderoterapia Online","description":"Compra tu kit de Maderoterapia Profesional. Env\u00edos 24\/48h. Atenci\u00f3n al cliente por profesionales Maderoterapeutas","publisher":{"@id":"https:\/\/maderoterapiaonline.org\/it\/#organization"},"alternateName":"Maderoterapiaonline.org","potentialAction":[{"@type":"SearchAction","target":{"@type":"EntryPoint","urlTemplate":"https:\/\/maderoterapiaonline.org\/it\/?s={search_term_string}"},"query-input":{"@type":"PropertyValueSpecification","valueRequired":true,"valueName":"search_term_string"}}],"inLanguage":"it-IT"},{"@type":"Organization","@id":"https:\/\/maderoterapiaonline.org\/it\/#organization","name":"Maderoterapia Est\u00e9tica Espa\u00f1a \u2013 Dori L\u00f3pez\u00ae y Escuela Profesional Maderoterapia Online\u00ae.","url":"https:\/\/maderoterapiaonline.org\/it\/","logo":{"@type":"ImageObject","inLanguage":"it-IT","@id":"https:\/\/maderoterapiaonline.org\/it\/#\/schema\/logo\/image\/","url":"https:\/\/maderoterapiaonline.org\/wp-content\/uploads\/2025\/03\/Logo-M-1.png","contentUrl":"https:\/\/maderoterapiaonline.org\/wp-content\/uploads\/2025\/03\/Logo-M-1.png","width":1464,"height":1051,"caption":"Maderoterapia Est\u00e9tica Espa\u00f1a \u2013 Dori L\u00f3pez\u00ae y Escuela Profesional Maderoterapia Online\u00ae."},"image":{"@id":"https:\/\/maderoterapiaonline.org\/it\/#\/schema\/logo\/image\/"}}]}},"_links":{"self":[{"href":"https:\/\/maderoterapiaonline.org\/it\/wp-json\/wp\/v2\/product\/44530","targetHints":{"allow":["GET"]}}],"collection":[{"href":"https:\/\/maderoterapiaonline.org\/it\/wp-json\/wp\/v2\/product"}],"about":[{"href":"https:\/\/maderoterapiaonline.org\/it\/wp-json\/wp\/v2\/types\/product"}],"replies":[{"embeddable":true,"href":"https:\/\/maderoterapiaonline.org\/it\/wp-json\/wp\/v2\/comments?post=44530"}],"wp:featuredmedia":[{"embeddable":true,"href":"https:\/\/maderoterapiaonline.org\/it\/wp-json\/wp\/v2\/media\/49122"}],"wp:attachment":[{"href":"https:\/\/maderoterapiaonline.org\/it\/wp-json\/wp\/v2\/media?parent=44530"}],"wp:term":[{"taxonomy":"product_brand","embeddable":true,"href":"https:\/\/maderoterapiaonline.org\/it\/wp-json\/wp\/v2\/product_brand?post=44530"},{"taxonomy":"product_cat","embeddable":true,"href":"https:\/\/maderoterapiaonline.org\/it\/wp-json\/wp\/v2\/product_cat?post=44530"},{"taxonomy":"product_tag","embeddable":true,"href":"https:\/\/maderoterapiaonline.org\/it\/wp-json\/wp\/v2\/product_tag?post=44530"}],"curies":[{"name":"wp","href":"https:\/\/api.w.org\/{rel}","templated":true}]}}