{"id":44439,"date":"2023-07-17T05:08:58","date_gmt":"2023-07-17T03:08:58","guid":{"rendered":"https:\/\/maderoterapiaonline.org\/producto\/legnoterapia-completa-corpo-di-legno-metallo\/"},"modified":"2026-04-08T08:29:02","modified_gmt":"2026-04-08T06:29:02","slug":"legnoterapia-completa-corpo-di-legno-metallo","status":"publish","type":"product","link":"https:\/\/maderoterapiaonline.org\/it\/producto\/legnoterapia-completa-corpo-di-legno-metallo\/","title":{"rendered":"Terapia del legno Complet Corpo in legno e metallo"},"content":{"rendered":"<p>Attenzione, professionisti dell&#8217;estetica e maghi del ringiovanimento! Lascia le favole nel passato e dai il benvenuto alla bacchetta magica del secolo: il Kit Corpo Legno Metallo Completo Terapia del Legno! Con un esercito di 14 elementi indomabili, questo kit \u00e8 la chiave maestra per sbloccare un mondo in cui la cellulite \u00e8 un mito e il grasso \u00e8 una leggenda.<\/p>\n<p>Sei pronto a diventare l&#8217;eroe o l&#8217;eroina della saga di Unwanted Skin? Preparatevi a brandire i rulli come chi brandisce le spade, bandendo la cellulite pi\u00f9 audace all&#8217;oblio e scolpendo muscoli degni di una statua greca.<\/p>\n<p>Ma non \u00e8 tutto; C&#8217;\u00e8 pi\u00f9 avventura in questo scrigno del tesoro! La tua bacchetta magica (alias rullo) sar\u00e0 l&#8217;invidia del regno, trasformando i normali massaggi in incantesimi rompi-grassi come un incantesimo ben lanciato. Nel frattempo, coppe e tavole fungono da fedeli scudieri, combattendo valorosamente in ogni battaglia campale contro il cedimento.<\/p>\n<p>Questo kit non \u00e8 per i deboli di cuore, ma per quei coraggiosi che osano spingersi oltre i confini di ci\u00f2 che \u00e8 possibile. Con umorismo e un tocco di magia, preparati a raccontare storie di grandi imprese in ogni sessione, dove i tuoi client@s diventare i protagonisti delle loro storie di trasformazione e trionfo!<\/p>\n<p><iframe loading=\"lazy\" title=\"Lettore video di YouTube\" src=\"https:\/\/www.youtube.com\/embed\/K5qqdDLcz5o?si=BwkE8lYoUW9ORJSZ\" width=\"560\" height=\"315\" frameborder=\"0\" allowfullscreen=\"allowfullscreen\"><\/iframe><\/p>\n","protected":false},"excerpt":{"rendered":"<p>Il kit completo per la terapia del legno con corpo in legno e metallo contiene 14 elementi che ti aiuteranno a completare una sessione di terapia del legno e terapia dei metalli con ottimi risultati per la tua client@s.<\/p>\n<p>Con questo kit \u00e8 possibile eseguire massaggi professionali, modellando il corpo, riducendo la cellulite pi\u00f9 ostinata e abbattendo efficacemente il grasso.<\/p>\n<p>Il kit contiene:<br \/>\n2 Coppa svedese<br \/>\n2 Funghi riducenti<br \/>\n1 Tazza con rullo<br \/>\n2 Cilindri<br \/>\nanticellulite 1 Tavola modellante seghettata<br \/>\n1 Rullo massaggiante lungo 13 ruote<br \/>\n1 Rullo 4 cubi<br \/>\n1 Rullo curvo<br \/>\n1 Fungo riducente antinfiammatorio in metallo<br \/>\n1 Tavola modellante in metallo<br \/>\nseghettato 1 tazza in metallo svedese.<\/p>\n","protected":false},"featured_media":49205,"comment_status":"closed","ping_status":"closed","template":"","meta":{"content-type":""},"product_brand":[],"product_cat":[452,454],"product_tag":[],"class_list":{"0":"post-44439","1":"product","2":"type-product","3":"status-publish","4":"has-post-thumbnail","6":"product_cat-kit-per-la-terapia-del-legno","7":"product_cat-metalterapia-it","9":"first","10":"instock","11":"sale","12":"taxable","13":"shipping-taxable","14":"purchasable","15":"product-type-simple"},"yoast_head":"<!-- This site is optimized with the Yoast SEO plugin v27.4 - https:\/\/yoast.com\/product\/yoast-seo-wordpress\/ -->\n<title>Terapia del legno Complet Corpo in legno e metallo - Maderoterapia Online<\/title>\n<meta name=\"robots\" content=\"index, follow, max-snippet:-1, max-image-preview:large, max-video-preview:-1\" \/>\n<link rel=\"canonical\" href=\"https:\/\/maderoterapiaonline.org\/it\/producto\/legnoterapia-completa-corpo-di-legno-metallo\/\" \/>\n<meta property=\"og:locale\" content=\"it_IT\" \/>\n<meta property=\"og:type\" content=\"article\" \/>\n<meta property=\"og:title\" content=\"Terapia del legno Complet Corpo in legno e metallo - Maderoterapia Online\" \/>\n<meta property=\"og:description\" content=\"Il kit completo per la terapia del legno con corpo in legno e metallo contiene 14 elementi che ti aiuteranno a completare una sessione di terapia del legno e terapia dei metalli con ottimi risultati per la tua client@s.  Con questo kit \u00e8 possibile eseguire massaggi professionali, modellando il corpo, riducendo la cellulite pi\u00f9 ostinata e abbattendo efficacemente il grasso.  Il kit contiene: 2 Coppa svedese 2 Funghi riducenti 1 Tazza con rullo 2 Cilindri anticellulite 1 Tavola modellante seghettata 1 Rullo massaggiante lungo 13 ruote 1 Rullo 4 cubi 1 Rullo curvo 1 Fungo riducente antinfiammatorio in metallo 1 Tavola modellante in metallo seghettato 1 tazza in metallo svedese.\" \/>\n<meta property=\"og:url\" content=\"https:\/\/maderoterapiaonline.org\/it\/producto\/legnoterapia-completa-corpo-di-legno-metallo\/\" \/>\n<meta property=\"og:site_name\" content=\"Maderoterapia Online\" \/>\n<meta property=\"article:modified_time\" content=\"2026-04-08T06:29:02+00:00\" \/>\n<meta property=\"og:image\" content=\"https:\/\/maderoterapiaonline.org\/wp-content\/uploads\/2023\/07\/1-21.jpg\" \/>\n\t<meta property=\"og:image:width\" content=\"1080\" \/>\n\t<meta property=\"og:image:height\" content=\"1080\" \/>\n\t<meta property=\"og:image:type\" content=\"image\/jpeg\" \/>\n<meta name=\"twitter:card\" content=\"summary_large_image\" \/>\n<meta name=\"twitter:label1\" content=\"Tempo di lettura stimato\" \/>\n\t<meta name=\"twitter:data1\" content=\"2 minuti\" \/>\n<script type=\"application\/ld+json\" class=\"yoast-schema-graph\">{\"@context\":\"https:\\\/\\\/schema.org\",\"@graph\":[{\"@type\":\"WebPage\",\"@id\":\"https:\\\/\\\/maderoterapiaonline.org\\\/it\\\/producto\\\/legnoterapia-completa-corpo-di-legno-metallo\\\/\",\"url\":\"https:\\\/\\\/maderoterapiaonline.org\\\/it\\\/producto\\\/legnoterapia-completa-corpo-di-legno-metallo\\\/\",\"name\":\"Terapia del legno Complet Corpo in legno e metallo - Maderoterapia Online\",\"isPartOf\":{\"@id\":\"https:\\\/\\\/maderoterapiaonline.org\\\/it\\\/#website\"},\"primaryImageOfPage\":{\"@id\":\"https:\\\/\\\/maderoterapiaonline.org\\\/it\\\/producto\\\/legnoterapia-completa-corpo-di-legno-metallo\\\/#primaryimage\"},\"image\":{\"@id\":\"https:\\\/\\\/maderoterapiaonline.org\\\/it\\\/producto\\\/legnoterapia-completa-corpo-di-legno-metallo\\\/#primaryimage\"},\"thumbnailUrl\":\"https:\\\/\\\/maderoterapiaonline.org\\\/wp-content\\\/uploads\\\/2023\\\/07\\\/1-21.jpg\",\"datePublished\":\"2023-07-17T03:08:58+00:00\",\"dateModified\":\"2026-04-08T06:29:02+00:00\",\"breadcrumb\":{\"@id\":\"https:\\\/\\\/maderoterapiaonline.org\\\/it\\\/producto\\\/legnoterapia-completa-corpo-di-legno-metallo\\\/#breadcrumb\"},\"inLanguage\":\"it-IT\",\"potentialAction\":[{\"@type\":\"ReadAction\",\"target\":[\"https:\\\/\\\/maderoterapiaonline.org\\\/it\\\/producto\\\/legnoterapia-completa-corpo-di-legno-metallo\\\/\"]}]},{\"@type\":\"ImageObject\",\"inLanguage\":\"it-IT\",\"@id\":\"https:\\\/\\\/maderoterapiaonline.org\\\/it\\\/producto\\\/legnoterapia-completa-corpo-di-legno-metallo\\\/#primaryimage\",\"url\":\"https:\\\/\\\/maderoterapiaonline.org\\\/wp-content\\\/uploads\\\/2023\\\/07\\\/1-21.jpg\",\"contentUrl\":\"https:\\\/\\\/maderoterapiaonline.org\\\/wp-content\\\/uploads\\\/2023\\\/07\\\/1-21.jpg\",\"width\":1080,\"height\":1080,\"caption\":\"Maderoterapia Complet Wood Metal Body\"},{\"@type\":\"BreadcrumbList\",\"@id\":\"https:\\\/\\\/maderoterapiaonline.org\\\/it\\\/producto\\\/legnoterapia-completa-corpo-di-legno-metallo\\\/#breadcrumb\",\"itemListElement\":[{\"@type\":\"ListItem\",\"position\":1,\"name\":\"Portada\",\"item\":\"https:\\\/\\\/maderoterapiaonline.org\\\/it\\\/\"},{\"@type\":\"ListItem\",\"position\":2,\"name\":\"Negozio\",\"item\":\"https:\\\/\\\/maderoterapiaonline.org\\\/it\\\/kit-legni\\\/\"},{\"@type\":\"ListItem\",\"position\":3,\"name\":\"Terapia del legno Complet Corpo in legno e metallo\"}]},{\"@type\":\"WebSite\",\"@id\":\"https:\\\/\\\/maderoterapiaonline.org\\\/it\\\/#website\",\"url\":\"https:\\\/\\\/maderoterapiaonline.org\\\/it\\\/\",\"name\":\"Maderoterapia Online\",\"description\":\"Compra tu kit de Maderoterapia Profesional. Env\u00edos 24\\\/48h. Atenci\u00f3n al cliente por profesionales Maderoterapeutas\",\"publisher\":{\"@id\":\"https:\\\/\\\/maderoterapiaonline.org\\\/it\\\/#organization\"},\"alternateName\":\"Maderoterapiaonline.org\",\"potentialAction\":[{\"@type\":\"SearchAction\",\"target\":{\"@type\":\"EntryPoint\",\"urlTemplate\":\"https:\\\/\\\/maderoterapiaonline.org\\\/it\\\/?s={search_term_string}\"},\"query-input\":{\"@type\":\"PropertyValueSpecification\",\"valueRequired\":true,\"valueName\":\"search_term_string\"}}],\"inLanguage\":\"it-IT\"},{\"@type\":\"Organization\",\"@id\":\"https:\\\/\\\/maderoterapiaonline.org\\\/it\\\/#organization\",\"name\":\"Maderoterapia Est\u00e9tica Espa\u00f1a \u2013 Dori L\u00f3pez\u00ae y Escuela Profesional Maderoterapia Online\u00ae.\",\"url\":\"https:\\\/\\\/maderoterapiaonline.org\\\/it\\\/\",\"logo\":{\"@type\":\"ImageObject\",\"inLanguage\":\"it-IT\",\"@id\":\"https:\\\/\\\/maderoterapiaonline.org\\\/it\\\/#\\\/schema\\\/logo\\\/image\\\/\",\"url\":\"https:\\\/\\\/maderoterapiaonline.org\\\/wp-content\\\/uploads\\\/2025\\\/03\\\/Logo-M-1.png\",\"contentUrl\":\"https:\\\/\\\/maderoterapiaonline.org\\\/wp-content\\\/uploads\\\/2025\\\/03\\\/Logo-M-1.png\",\"width\":1464,\"height\":1051,\"caption\":\"Maderoterapia Est\u00e9tica Espa\u00f1a \u2013 Dori L\u00f3pez\u00ae y Escuela Profesional Maderoterapia Online\u00ae.\"},\"image\":{\"@id\":\"https:\\\/\\\/maderoterapiaonline.org\\\/it\\\/#\\\/schema\\\/logo\\\/image\\\/\"}}]}<\/script>\n<!-- \/ Yoast SEO plugin. -->","yoast_head_json":{"title":"Terapia del legno Complet Corpo in legno e metallo - Maderoterapia Online","robots":{"index":"index","follow":"follow","max-snippet":"max-snippet:-1","max-image-preview":"max-image-preview:large","max-video-preview":"max-video-preview:-1"},"canonical":"https:\/\/maderoterapiaonline.org\/it\/producto\/legnoterapia-completa-corpo-di-legno-metallo\/","og_locale":"it_IT","og_type":"article","og_title":"Terapia del legno Complet Corpo in legno e metallo - Maderoterapia Online","og_description":"Il kit completo per la terapia del legno con corpo in legno e metallo contiene 14 elementi che ti aiuteranno a completare una sessione di terapia del legno e terapia dei metalli con ottimi risultati per la tua client@s.  Con questo kit \u00e8 possibile eseguire massaggi professionali, modellando il corpo, riducendo la cellulite pi\u00f9 ostinata e abbattendo efficacemente il grasso.  Il kit contiene: 2 Coppa svedese 2 Funghi riducenti 1 Tazza con rullo 2 Cilindri anticellulite 1 Tavola modellante seghettata 1 Rullo massaggiante lungo 13 ruote 1 Rullo 4 cubi 1 Rullo curvo 1 Fungo riducente antinfiammatorio in metallo 1 Tavola modellante in metallo seghettato 1 tazza in metallo svedese.","og_url":"https:\/\/maderoterapiaonline.org\/it\/producto\/legnoterapia-completa-corpo-di-legno-metallo\/","og_site_name":"Maderoterapia Online","article_modified_time":"2026-04-08T06:29:02+00:00","og_image":[{"width":1080,"height":1080,"url":"https:\/\/maderoterapiaonline.org\/wp-content\/uploads\/2023\/07\/1-21.jpg","type":"image\/jpeg"}],"twitter_card":"summary_large_image","twitter_misc":{"Tempo di lettura stimato":"2 minuti"},"schema":{"@context":"https:\/\/schema.org","@graph":[{"@type":"WebPage","@id":"https:\/\/maderoterapiaonline.org\/it\/producto\/legnoterapia-completa-corpo-di-legno-metallo\/","url":"https:\/\/maderoterapiaonline.org\/it\/producto\/legnoterapia-completa-corpo-di-legno-metallo\/","name":"Terapia del legno Complet Corpo in legno e metallo - Maderoterapia Online","isPartOf":{"@id":"https:\/\/maderoterapiaonline.org\/it\/#website"},"primaryImageOfPage":{"@id":"https:\/\/maderoterapiaonline.org\/it\/producto\/legnoterapia-completa-corpo-di-legno-metallo\/#primaryimage"},"image":{"@id":"https:\/\/maderoterapiaonline.org\/it\/producto\/legnoterapia-completa-corpo-di-legno-metallo\/#primaryimage"},"thumbnailUrl":"https:\/\/maderoterapiaonline.org\/wp-content\/uploads\/2023\/07\/1-21.jpg","datePublished":"2023-07-17T03:08:58+00:00","dateModified":"2026-04-08T06:29:02+00:00","breadcrumb":{"@id":"https:\/\/maderoterapiaonline.org\/it\/producto\/legnoterapia-completa-corpo-di-legno-metallo\/#breadcrumb"},"inLanguage":"it-IT","potentialAction":[{"@type":"ReadAction","target":["https:\/\/maderoterapiaonline.org\/it\/producto\/legnoterapia-completa-corpo-di-legno-metallo\/"]}]},{"@type":"ImageObject","inLanguage":"it-IT","@id":"https:\/\/maderoterapiaonline.org\/it\/producto\/legnoterapia-completa-corpo-di-legno-metallo\/#primaryimage","url":"https:\/\/maderoterapiaonline.org\/wp-content\/uploads\/2023\/07\/1-21.jpg","contentUrl":"https:\/\/maderoterapiaonline.org\/wp-content\/uploads\/2023\/07\/1-21.jpg","width":1080,"height":1080,"caption":"Maderoterapia Complet Wood Metal Body"},{"@type":"BreadcrumbList","@id":"https:\/\/maderoterapiaonline.org\/it\/producto\/legnoterapia-completa-corpo-di-legno-metallo\/#breadcrumb","itemListElement":[{"@type":"ListItem","position":1,"name":"Portada","item":"https:\/\/maderoterapiaonline.org\/it\/"},{"@type":"ListItem","position":2,"name":"Negozio","item":"https:\/\/maderoterapiaonline.org\/it\/kit-legni\/"},{"@type":"ListItem","position":3,"name":"Terapia del legno Complet Corpo in legno e metallo"}]},{"@type":"WebSite","@id":"https:\/\/maderoterapiaonline.org\/it\/#website","url":"https:\/\/maderoterapiaonline.org\/it\/","name":"Maderoterapia Online","description":"Compra tu kit de Maderoterapia Profesional. Env\u00edos 24\/48h. Atenci\u00f3n al cliente por profesionales Maderoterapeutas","publisher":{"@id":"https:\/\/maderoterapiaonline.org\/it\/#organization"},"alternateName":"Maderoterapiaonline.org","potentialAction":[{"@type":"SearchAction","target":{"@type":"EntryPoint","urlTemplate":"https:\/\/maderoterapiaonline.org\/it\/?s={search_term_string}"},"query-input":{"@type":"PropertyValueSpecification","valueRequired":true,"valueName":"search_term_string"}}],"inLanguage":"it-IT"},{"@type":"Organization","@id":"https:\/\/maderoterapiaonline.org\/it\/#organization","name":"Maderoterapia Est\u00e9tica Espa\u00f1a \u2013 Dori L\u00f3pez\u00ae y Escuela Profesional Maderoterapia Online\u00ae.","url":"https:\/\/maderoterapiaonline.org\/it\/","logo":{"@type":"ImageObject","inLanguage":"it-IT","@id":"https:\/\/maderoterapiaonline.org\/it\/#\/schema\/logo\/image\/","url":"https:\/\/maderoterapiaonline.org\/wp-content\/uploads\/2025\/03\/Logo-M-1.png","contentUrl":"https:\/\/maderoterapiaonline.org\/wp-content\/uploads\/2025\/03\/Logo-M-1.png","width":1464,"height":1051,"caption":"Maderoterapia Est\u00e9tica Espa\u00f1a \u2013 Dori L\u00f3pez\u00ae y Escuela Profesional Maderoterapia Online\u00ae."},"image":{"@id":"https:\/\/maderoterapiaonline.org\/it\/#\/schema\/logo\/image\/"}}]}},"_links":{"self":[{"href":"https:\/\/maderoterapiaonline.org\/it\/wp-json\/wp\/v2\/product\/44439","targetHints":{"allow":["GET"]}}],"collection":[{"href":"https:\/\/maderoterapiaonline.org\/it\/wp-json\/wp\/v2\/product"}],"about":[{"href":"https:\/\/maderoterapiaonline.org\/it\/wp-json\/wp\/v2\/types\/product"}],"replies":[{"embeddable":true,"href":"https:\/\/maderoterapiaonline.org\/it\/wp-json\/wp\/v2\/comments?post=44439"}],"wp:featuredmedia":[{"embeddable":true,"href":"https:\/\/maderoterapiaonline.org\/it\/wp-json\/wp\/v2\/media\/49205"}],"wp:attachment":[{"href":"https:\/\/maderoterapiaonline.org\/it\/wp-json\/wp\/v2\/media?parent=44439"}],"wp:term":[{"taxonomy":"product_brand","embeddable":true,"href":"https:\/\/maderoterapiaonline.org\/it\/wp-json\/wp\/v2\/product_brand?post=44439"},{"taxonomy":"product_cat","embeddable":true,"href":"https:\/\/maderoterapiaonline.org\/it\/wp-json\/wp\/v2\/product_cat?post=44439"},{"taxonomy":"product_tag","embeddable":true,"href":"https:\/\/maderoterapiaonline.org\/it\/wp-json\/wp\/v2\/product_tag?post=44439"}],"curies":[{"name":"wp","href":"https:\/\/api.w.org\/{rel}","templated":true}]}}