{"id":44342,"date":"2025-04-29T05:08:44","date_gmt":"2025-04-29T03:08:44","guid":{"rendered":"https:\/\/maderoterapiaonline.org\/producto\/kit-per-la-legnoterapia-facciale-7-elementi-digitale-e-book-regalo\/"},"modified":"2025-06-12T13:58:24","modified_gmt":"2025-06-12T11:58:24","slug":"kit-per-la-legnoterapia-facciale-7-elementi-digitale-e-book-regalo","status":"publish","type":"product","link":"https:\/\/maderoterapiaonline.org\/it\/producto\/kit-per-la-legnoterapia-facciale-7-elementi-digitale-e-book-regalo\/","title":{"rendered":"Kit Viso Legnoterapia 7 elementi + e-book digitale in regalo"},"content":{"rendered":"<p>Illuminatori viso, artisti dell&#8217;eterna giovinezza, \u00e8 arrivato il momento di rivoluzionare il vostro santuario estetico con il Kit Legno Terapia Facciale! Dimentica i filtri di bellezza; Con questa meraviglia tra le mani, siete i maghi che spazzano via gli anni con un semplice tocco di legno!<\/p>\n<p>Ti presentiamo la tua nuova bacchetta magica: un set di 7 strumenti sacri, intagliati nel mitico legno di loto e adornati con hardware dorato che farebbe arrossire lo stesso Mida. Progettato dagli alchimisti di Maderoterapia Est\u00e9tica Espa\u00f1a\u00ae, questo kit ha il potere di rendere lo specchio il migliore amico dei tuoi clienti.<\/p>\n<p>Sopracciglia cadenti? Eleviamoli all&#8217;Olimpo! Zigomi indefiniti? Modelliamoli alla perfezione divina! Con abilit\u00e0 leggendarie di annientare le insidiose occhiaie, sbiadire le linee sottili e trasformare un doppio mento in leggenda, ogni sessione diventa uno spettacolo in cui la giovinezza viene ripristinata con applausi e risate.<\/p>\n<p>E non \u00e8 tutto, perch\u00e9 con ogni kit si materializza un Buono Regalo, come il coniglio che il mago tira fuori dal cilindro. Non \u00e8 una sessione di bellezza, \u00e8 un atto di magia rigenerante! Diamo il benvenuto all&#8217;era in cui gli elisir di giovinezza sono un ricordo del passato e la terapia del legno regna sovrana!<\/p>\n<p style=\"text-align: center;\"><iframe loading=\"lazy\" src=\"https:\/\/www.youtube.com\/embed\/oBlwWH6cB90\" width=\"560\" height=\"315\" frameborder=\"0\" allowfullscreen=\"allowfullscreen\"><\/iframe><iframe loading=\"lazy\" title=\"Lettore video di YouTube\" src=\"https:\/\/www.youtube.com\/embed\/aZvhs8Zl-7I?si=GWsaVa19U0e8NBAi\" width=\"560\" height=\"315\" frameborder=\"0\" allowfullscreen=\"allowfullscreen\"><\/iframe><\/p>\n<p>&nbsp;<\/p>\n","protected":false},"excerpt":{"rendered":"<p>Se ti dedichi all&#8217;estetica del viso, non puoi perderti nel tuo set di elementi di lavoro il <strong>kit di Terapia del Legno Facciale composto da<\/strong> 7 elementi realizzati in legno di loto e accessori dorati di alta qualit\u00e0, progettato da Maderoterapia Est\u00e9tica Espa\u00f1a\u00ae<\/p>\n<p>Con questo kit per la <strong>terapia del legno facciale<\/strong> puoi far apparire i tuoi clienti belli e ringiovaniti dopo aver applicato il trattamento, eliminare le rughe di espressione, sollevare le sopracciglia, riempire gli zigomi, migliorare ed eliminare le occhiaie, eliminare gli angoli delle labbra, ridurre il doppio mento, pulire le impurit\u00e0, rilassare i muscoli facciali, tonificare e rassodare la pelle e molto altro ancora&#8230;<\/p>\n<ul>\n<li>Il Kit Viso Wood Therapy \u00e8 composto da 7 elementi.<\/li>\n<\/ul>\n<p><img decoding=\"async\" class=\"emoji\" role=\"img\" draggable=\"false\" src=\"https:\/\/s.w.org\/images\/core\/emoji\/12.0.0-1\/svg\/2714.svg\" alt=\"\u2714\"><strong>  Il buono regalo include<\/strong><\/p>\n<ul>\n<li>Ebook corso base viso digitale.<\/li>\n<\/ul>\n","protected":false},"featured_media":49297,"comment_status":"closed","ping_status":"closed","template":"","meta":{"content-type":""},"product_brand":[],"product_cat":[452,453],"product_tag":[],"class_list":{"0":"post-44342","1":"product","2":"type-product","3":"status-publish","4":"has-post-thumbnail","6":"product_cat-kit-per-la-terapia-del-legno","7":"product_cat-terapia-del-legno","9":"first","10":"outofstock","11":"sale","12":"downloadable","13":"taxable","14":"shipping-taxable","15":"purchasable","16":"product-type-simple"},"yoast_head":"<!-- This site is optimized with the Yoast SEO plugin v27.2 - https:\/\/yoast.com\/product\/yoast-seo-wordpress\/ -->\n<title>Kit Viso Legnoterapia 7 elementi + e-book digitale in regalo - Maderoterapia Online<\/title>\n<meta name=\"robots\" content=\"index, follow, max-snippet:-1, max-image-preview:large, max-video-preview:-1\" \/>\n<link rel=\"canonical\" href=\"https:\/\/maderoterapiaonline.org\/it\/producto\/kit-per-la-legnoterapia-facciale-7-elementi-digitale-e-book-regalo\/\" \/>\n<meta property=\"og:locale\" content=\"it_IT\" \/>\n<meta property=\"og:type\" content=\"article\" \/>\n<meta property=\"og:title\" content=\"Kit Viso Legnoterapia 7 elementi + e-book digitale in regalo - Maderoterapia Online\" \/>\n<meta property=\"og:description\" content=\"Se ti dedichi all&#039;estetica del viso, non puoi perderti nel tuo set di elementi di lavoro il kit di Terapia del Legno Facciale composto da 7 elementi realizzati in legno di loto e accessori dorati di alta qualit\u00e0, progettato da Maderoterapia Est\u00e9tica Espa\u00f1a\u00ae Con questo kit per la terapia del legno facciale puoi far apparire i tuoi clienti belli e ringiovaniti dopo aver applicato il trattamento, eliminare le rughe di espressione, sollevare le sopracciglia, riempire gli zigomi, migliorare ed eliminare le occhiaie, eliminare gli angoli delle labbra, ridurre il doppio mento, pulire le impurit\u00e0, rilassare i muscoli facciali, tonificare e rassodare la pelle e molto altro ancora...  Il Kit Viso Wood Therapy \u00e8 composto da 7 elementi.  Il buono regalo include  Ebook corso base viso digitale.\" \/>\n<meta property=\"og:url\" content=\"https:\/\/maderoterapiaonline.org\/it\/producto\/kit-per-la-legnoterapia-facciale-7-elementi-digitale-e-book-regalo\/\" \/>\n<meta property=\"og:site_name\" content=\"Maderoterapia Online\" \/>\n<meta property=\"article:modified_time\" content=\"2025-06-12T11:58:24+00:00\" \/>\n<meta property=\"og:image\" content=\"https:\/\/maderoterapiaonline.org\/wp-content\/uploads\/2023\/07\/kit-facial-maderoterapia-profesional-maderoterapiaonline-3.jpg\" \/>\n\t<meta property=\"og:image:width\" content=\"1080\" \/>\n\t<meta property=\"og:image:height\" content=\"1080\" \/>\n\t<meta property=\"og:image:type\" content=\"image\/jpeg\" \/>\n<meta name=\"twitter:card\" content=\"summary_large_image\" \/>\n<meta name=\"twitter:label1\" content=\"Tempo di lettura stimato\" \/>\n\t<meta name=\"twitter:data1\" content=\"1 minuto\" \/>\n<script type=\"application\/ld+json\" class=\"yoast-schema-graph\">{\"@context\":\"https:\/\/schema.org\",\"@graph\":[{\"@type\":\"WebPage\",\"@id\":\"https:\/\/maderoterapiaonline.org\/it\/producto\/kit-per-la-legnoterapia-facciale-7-elementi-digitale-e-book-regalo\/\",\"url\":\"https:\/\/maderoterapiaonline.org\/it\/producto\/kit-per-la-legnoterapia-facciale-7-elementi-digitale-e-book-regalo\/\",\"name\":\"Kit Viso Legnoterapia 7 elementi + e-book digitale in regalo - Maderoterapia Online\",\"isPartOf\":{\"@id\":\"https:\/\/maderoterapiaonline.org\/it\/#website\"},\"primaryImageOfPage\":{\"@id\":\"https:\/\/maderoterapiaonline.org\/it\/producto\/kit-per-la-legnoterapia-facciale-7-elementi-digitale-e-book-regalo\/#primaryimage\"},\"image\":{\"@id\":\"https:\/\/maderoterapiaonline.org\/it\/producto\/kit-per-la-legnoterapia-facciale-7-elementi-digitale-e-book-regalo\/#primaryimage\"},\"thumbnailUrl\":\"https:\/\/maderoterapiaonline.org\/wp-content\/uploads\/2025\/04\/1.jpg\",\"datePublished\":\"2025-04-29T03:08:44+00:00\",\"dateModified\":\"2025-06-12T11:58:24+00:00\",\"breadcrumb\":{\"@id\":\"https:\/\/maderoterapiaonline.org\/it\/producto\/kit-per-la-legnoterapia-facciale-7-elementi-digitale-e-book-regalo\/#breadcrumb\"},\"inLanguage\":\"it-IT\",\"potentialAction\":[{\"@type\":\"ReadAction\",\"target\":[\"https:\/\/maderoterapiaonline.org\/it\/producto\/kit-per-la-legnoterapia-facciale-7-elementi-digitale-e-book-regalo\/\"]}]},{\"@type\":\"ImageObject\",\"inLanguage\":\"it-IT\",\"@id\":\"https:\/\/maderoterapiaonline.org\/it\/producto\/kit-per-la-legnoterapia-facciale-7-elementi-digitale-e-book-regalo\/#primaryimage\",\"url\":\"https:\/\/maderoterapiaonline.org\/wp-content\/uploads\/2025\/04\/1.jpg\",\"contentUrl\":\"https:\/\/maderoterapiaonline.org\/wp-content\/uploads\/2025\/04\/1.jpg\",\"width\":1080,\"height\":1080,\"caption\":\"Kit facial maderoterapia 7 elementos\"},{\"@type\":\"BreadcrumbList\",\"@id\":\"https:\/\/maderoterapiaonline.org\/it\/producto\/kit-per-la-legnoterapia-facciale-7-elementi-digitale-e-book-regalo\/#breadcrumb\",\"itemListElement\":[{\"@type\":\"ListItem\",\"position\":1,\"name\":\"Portada\",\"item\":\"https:\/\/maderoterapiaonline.org\/it\/\"},{\"@type\":\"ListItem\",\"position\":2,\"name\":\"Negozio\",\"item\":\"https:\/\/maderoterapiaonline.org\/it\/kit-legni\/\"},{\"@type\":\"ListItem\",\"position\":3,\"name\":\"Kit Viso Legnoterapia 7 elementi + e-book digitale in regalo\"}]},{\"@type\":\"WebSite\",\"@id\":\"https:\/\/maderoterapiaonline.org\/it\/#website\",\"url\":\"https:\/\/maderoterapiaonline.org\/it\/\",\"name\":\"Maderoterapia Online\",\"description\":\"Compra tu kit de Maderoterapia Profesional. Env\u00edos 24\/48h. Atenci\u00f3n al cliente por profesionales Maderoterapeutas\",\"publisher\":{\"@id\":\"https:\/\/maderoterapiaonline.org\/it\/#organization\"},\"alternateName\":\"Maderoterapiaonline.org\",\"potentialAction\":[{\"@type\":\"SearchAction\",\"target\":{\"@type\":\"EntryPoint\",\"urlTemplate\":\"https:\/\/maderoterapiaonline.org\/it\/?s={search_term_string}\"},\"query-input\":{\"@type\":\"PropertyValueSpecification\",\"valueRequired\":true,\"valueName\":\"search_term_string\"}}],\"inLanguage\":\"it-IT\"},{\"@type\":\"Organization\",\"@id\":\"https:\/\/maderoterapiaonline.org\/it\/#organization\",\"name\":\"Maderoterapia Est\u00e9tica Espa\u00f1a \u2013 Dori L\u00f3pez\u00ae y Escuela Profesional Maderoterapia Online\u00ae.\",\"url\":\"https:\/\/maderoterapiaonline.org\/it\/\",\"logo\":{\"@type\":\"ImageObject\",\"inLanguage\":\"it-IT\",\"@id\":\"https:\/\/maderoterapiaonline.org\/it\/#\/schema\/logo\/image\/\",\"url\":\"https:\/\/maderoterapiaonline.org\/wp-content\/uploads\/2025\/03\/Logo-M-1.png\",\"contentUrl\":\"https:\/\/maderoterapiaonline.org\/wp-content\/uploads\/2025\/03\/Logo-M-1.png\",\"width\":1464,\"height\":1051,\"caption\":\"Maderoterapia Est\u00e9tica Espa\u00f1a \u2013 Dori L\u00f3pez\u00ae y Escuela Profesional Maderoterapia Online\u00ae.\"},\"image\":{\"@id\":\"https:\/\/maderoterapiaonline.org\/it\/#\/schema\/logo\/image\/\"}}]}<\/script>\n<!-- \/ Yoast SEO plugin. -->","yoast_head_json":{"title":"Kit Viso Legnoterapia 7 elementi + e-book digitale in regalo - Maderoterapia Online","robots":{"index":"index","follow":"follow","max-snippet":"max-snippet:-1","max-image-preview":"max-image-preview:large","max-video-preview":"max-video-preview:-1"},"canonical":"https:\/\/maderoterapiaonline.org\/it\/producto\/kit-per-la-legnoterapia-facciale-7-elementi-digitale-e-book-regalo\/","og_locale":"it_IT","og_type":"article","og_title":"Kit Viso Legnoterapia 7 elementi + e-book digitale in regalo - Maderoterapia Online","og_description":"Se ti dedichi all'estetica del viso, non puoi perderti nel tuo set di elementi di lavoro il kit di Terapia del Legno Facciale composto da 7 elementi realizzati in legno di loto e accessori dorati di alta qualit\u00e0, progettato da Maderoterapia Est\u00e9tica Espa\u00f1a\u00ae Con questo kit per la terapia del legno facciale puoi far apparire i tuoi clienti belli e ringiovaniti dopo aver applicato il trattamento, eliminare le rughe di espressione, sollevare le sopracciglia, riempire gli zigomi, migliorare ed eliminare le occhiaie, eliminare gli angoli delle labbra, ridurre il doppio mento, pulire le impurit\u00e0, rilassare i muscoli facciali, tonificare e rassodare la pelle e molto altro ancora...  Il Kit Viso Wood Therapy \u00e8 composto da 7 elementi.  Il buono regalo include  Ebook corso base viso digitale.","og_url":"https:\/\/maderoterapiaonline.org\/it\/producto\/kit-per-la-legnoterapia-facciale-7-elementi-digitale-e-book-regalo\/","og_site_name":"Maderoterapia Online","article_modified_time":"2025-06-12T11:58:24+00:00","og_image":[{"width":1080,"height":1080,"url":"https:\/\/maderoterapiaonline.org\/wp-content\/uploads\/2023\/07\/kit-facial-maderoterapia-profesional-maderoterapiaonline-3.jpg","type":"image\/jpeg"}],"twitter_card":"summary_large_image","twitter_misc":{"Tempo di lettura stimato":"1 minuto"},"schema":{"@context":"https:\/\/schema.org","@graph":[{"@type":"WebPage","@id":"https:\/\/maderoterapiaonline.org\/it\/producto\/kit-per-la-legnoterapia-facciale-7-elementi-digitale-e-book-regalo\/","url":"https:\/\/maderoterapiaonline.org\/it\/producto\/kit-per-la-legnoterapia-facciale-7-elementi-digitale-e-book-regalo\/","name":"Kit Viso Legnoterapia 7 elementi + e-book digitale in regalo - Maderoterapia Online","isPartOf":{"@id":"https:\/\/maderoterapiaonline.org\/it\/#website"},"primaryImageOfPage":{"@id":"https:\/\/maderoterapiaonline.org\/it\/producto\/kit-per-la-legnoterapia-facciale-7-elementi-digitale-e-book-regalo\/#primaryimage"},"image":{"@id":"https:\/\/maderoterapiaonline.org\/it\/producto\/kit-per-la-legnoterapia-facciale-7-elementi-digitale-e-book-regalo\/#primaryimage"},"thumbnailUrl":"https:\/\/maderoterapiaonline.org\/wp-content\/uploads\/2025\/04\/1.jpg","datePublished":"2025-04-29T03:08:44+00:00","dateModified":"2025-06-12T11:58:24+00:00","breadcrumb":{"@id":"https:\/\/maderoterapiaonline.org\/it\/producto\/kit-per-la-legnoterapia-facciale-7-elementi-digitale-e-book-regalo\/#breadcrumb"},"inLanguage":"it-IT","potentialAction":[{"@type":"ReadAction","target":["https:\/\/maderoterapiaonline.org\/it\/producto\/kit-per-la-legnoterapia-facciale-7-elementi-digitale-e-book-regalo\/"]}]},{"@type":"ImageObject","inLanguage":"it-IT","@id":"https:\/\/maderoterapiaonline.org\/it\/producto\/kit-per-la-legnoterapia-facciale-7-elementi-digitale-e-book-regalo\/#primaryimage","url":"https:\/\/maderoterapiaonline.org\/wp-content\/uploads\/2025\/04\/1.jpg","contentUrl":"https:\/\/maderoterapiaonline.org\/wp-content\/uploads\/2025\/04\/1.jpg","width":1080,"height":1080,"caption":"Kit facial maderoterapia 7 elementos"},{"@type":"BreadcrumbList","@id":"https:\/\/maderoterapiaonline.org\/it\/producto\/kit-per-la-legnoterapia-facciale-7-elementi-digitale-e-book-regalo\/#breadcrumb","itemListElement":[{"@type":"ListItem","position":1,"name":"Portada","item":"https:\/\/maderoterapiaonline.org\/it\/"},{"@type":"ListItem","position":2,"name":"Negozio","item":"https:\/\/maderoterapiaonline.org\/it\/kit-legni\/"},{"@type":"ListItem","position":3,"name":"Kit Viso Legnoterapia 7 elementi + e-book digitale in regalo"}]},{"@type":"WebSite","@id":"https:\/\/maderoterapiaonline.org\/it\/#website","url":"https:\/\/maderoterapiaonline.org\/it\/","name":"Maderoterapia Online","description":"Compra tu kit de Maderoterapia Profesional. Env\u00edos 24\/48h. Atenci\u00f3n al cliente por profesionales Maderoterapeutas","publisher":{"@id":"https:\/\/maderoterapiaonline.org\/it\/#organization"},"alternateName":"Maderoterapiaonline.org","potentialAction":[{"@type":"SearchAction","target":{"@type":"EntryPoint","urlTemplate":"https:\/\/maderoterapiaonline.org\/it\/?s={search_term_string}"},"query-input":{"@type":"PropertyValueSpecification","valueRequired":true,"valueName":"search_term_string"}}],"inLanguage":"it-IT"},{"@type":"Organization","@id":"https:\/\/maderoterapiaonline.org\/it\/#organization","name":"Maderoterapia Est\u00e9tica Espa\u00f1a \u2013 Dori L\u00f3pez\u00ae y Escuela Profesional Maderoterapia Online\u00ae.","url":"https:\/\/maderoterapiaonline.org\/it\/","logo":{"@type":"ImageObject","inLanguage":"it-IT","@id":"https:\/\/maderoterapiaonline.org\/it\/#\/schema\/logo\/image\/","url":"https:\/\/maderoterapiaonline.org\/wp-content\/uploads\/2025\/03\/Logo-M-1.png","contentUrl":"https:\/\/maderoterapiaonline.org\/wp-content\/uploads\/2025\/03\/Logo-M-1.png","width":1464,"height":1051,"caption":"Maderoterapia Est\u00e9tica Espa\u00f1a \u2013 Dori L\u00f3pez\u00ae y Escuela Profesional Maderoterapia Online\u00ae."},"image":{"@id":"https:\/\/maderoterapiaonline.org\/it\/#\/schema\/logo\/image\/"}}]}},"_links":{"self":[{"href":"https:\/\/maderoterapiaonline.org\/it\/wp-json\/wp\/v2\/product\/44342","targetHints":{"allow":["GET"]}}],"collection":[{"href":"https:\/\/maderoterapiaonline.org\/it\/wp-json\/wp\/v2\/product"}],"about":[{"href":"https:\/\/maderoterapiaonline.org\/it\/wp-json\/wp\/v2\/types\/product"}],"replies":[{"embeddable":true,"href":"https:\/\/maderoterapiaonline.org\/it\/wp-json\/wp\/v2\/comments?post=44342"}],"wp:featuredmedia":[{"embeddable":true,"href":"https:\/\/maderoterapiaonline.org\/it\/wp-json\/wp\/v2\/media\/49297"}],"wp:attachment":[{"href":"https:\/\/maderoterapiaonline.org\/it\/wp-json\/wp\/v2\/media?parent=44342"}],"wp:term":[{"taxonomy":"product_brand","embeddable":true,"href":"https:\/\/maderoterapiaonline.org\/it\/wp-json\/wp\/v2\/product_brand?post=44342"},{"taxonomy":"product_cat","embeddable":true,"href":"https:\/\/maderoterapiaonline.org\/it\/wp-json\/wp\/v2\/product_cat?post=44342"},{"taxonomy":"product_tag","embeddable":true,"href":"https:\/\/maderoterapiaonline.org\/it\/wp-json\/wp\/v2\/product_tag?post=44342"}],"curies":[{"name":"wp","href":"https:\/\/api.w.org\/{rel}","templated":true}]}}