{"id":44299,"date":"2023-06-20T13:01:21","date_gmt":"2023-06-20T11:01:21","guid":{"rendered":"https:\/\/maderoterapiaonline.org\/producto\/roller-cubes-metalterapia\/"},"modified":"2025-10-07T11:48:57","modified_gmt":"2025-10-07T09:48:57","slug":"roller-cubes-metalterapia","status":"publish","type":"product","link":"https:\/\/maderoterapiaonline.org\/it\/producto\/roller-cubes-metalterapia\/","title":{"rendered":"Cubi per metalloterapia a rulli"},"content":{"rendered":"","protected":false},"excerpt":{"rendered":"<div class=\"flex-1 overflow-hidden\">\n<div class=\"react-scroll-to-bottom--css-wpura-79elbk h-full\">\n<div class=\"react-scroll-to-bottom--css-wpura-1n7m0yu\">\n<div class=\"flex flex-col pb-9 text-sm\">\n<div class=\"w-full text-token-text-primary\" data-testid=\"conversation-turn-29\">\n<div class=\"px-4 py-2 justify-center text-base md:gap-6 m-auto\">\n<div class=\"flex flex-1 text-base mx-auto gap-3 md:px-5 lg:px-1 xl:px-5 md:max-w-3xl lg:max-w-[40rem] xl:max-w-[48rem] group final-completion\">\n<div class=\"relative flex w-full flex-col agent-turn\">\n<div class=\"flex-col gap-1 md:gap-3\">\n<div class=\"flex flex-grow flex-col max-w-full\">\n<div class=\"min-h-[20px] text-message flex flex-col items-start gap-3 whitespace-pre-wrap break-words [.text-message+&amp;]:mt-5 overflow-x-auto\" data-message-author-role=\"assistant\" data-message-id=\"77e3dec8-cde0-43d6-93c2-3617058c268a\">\n<div class=\"markdown prose w-full break-words dark:prose-invert light\">\n<p><strong>Sei pronto a trasformare l&#8217;essenza stessa della bellezza e del benessere, portando la tua arte in legnoterapia oltre i limiti conosciuti?  <\/strong><\/p>\n<p>Per la terapista del legno che non solo vuole perfezionare la sua tecnica, ma anche lasciare un segno indelebile nella vita dei suoi clienti, il Metaltherapy Cube Roller \u00e8 il tesoro nascosto che stavi cercando.<\/p>\n<p>Questo rullo non \u00e8 solo uno strumento, \u00e8 un talismano di trasformazione, progettato con uno scopo: essere l&#8217;alleato definitivo nella tua missione di ridefinire l&#8217;estetica naturale. Ad ogni utilizzo, diventa una bacchetta magica nelle tue mani, permettendoti di plasmare non solo la forma, ma lo spirito, rivitalizzando e ringiovanendo ogni fibra dell&#8217;essere di colui che riceve il tuo tocco. <\/p>\n<p>Facendo scorrere il Bucket Roller sulla pelle, non solo combatti la cellulite e stimoli la circolazione; Stai invocando un&#8217;alchimia che trasforma la pelle, tonificandola e rassodandola con un&#8217;efficacia che sembra sfidare la scienza. Questo strumento, nelle mani di un artista come te, diventa il pennello con cui dipingi una rinascita, non solo della pelle ma dell&#8217;anima. <\/p>\n<p>Questo rullo \u00e8 per la donna che vede oltre la superficie, per la professionista che capisce che ogni seduta \u00e8 un viaggio di rinascita per le sue clienti. Con lui ogni trattamento diventa un&#8217;odissea di trasformazione, dove i risultati non solo si vedono, ma si sentono, lasciando un segno di serenit\u00e0 e forza interiore. <\/p>\n<p>Adottare il Metaltherapy Cube Roller nel tuo studio significa accettare la chiamata ad essere pi\u00f9 di un terapeuta del legno; \u00c8 assumere il ruolo di guida nel viaggio verso la bellezza e il benessere autentici. \u00c8 un impegno per l&#8217;eccellenza, una promessa di portare i tuoi clienti in un percorso di scoperta e trasformazione, in cui ogni destinazione rivela una versione pi\u00f9 radiosa di se stessi. <\/p>\n<p>Inizia questo viaggio verso la maestria, verso l&#8217;arte suprema della terapia del legno. Lasciate che il Metaltherapy Cube Roller sia il vostro compagno in questa epica avventura e, insieme, trasformate il mondo dell&#8217;estetica naturale con clienti soddisfatti <\/p>\n<\/div>\n<\/div>\n<\/div>\n<\/div>\n<\/div>\n<\/div>\n<\/div>\n<\/div>\n<\/div>\n<\/div>\n<\/div>\n<\/div>\n","protected":false},"featured_media":44300,"comment_status":"closed","ping_status":"closed","template":"","meta":{"content-type":""},"product_brand":[],"product_cat":[454],"product_tag":[],"class_list":{"0":"post-44299","1":"product","2":"type-product","3":"status-publish","4":"has-post-thumbnail","6":"product_cat-metalterapia-it","8":"first","9":"instock","10":"sale","11":"taxable","12":"shipping-taxable","13":"purchasable","14":"product-type-simple"},"yoast_head":"<!-- This site is optimized with the Yoast SEO plugin v27.2 - https:\/\/yoast.com\/product\/yoast-seo-wordpress\/ -->\n<title>Cubi per metalloterapia a rulli - Maderoterapia Online<\/title>\n<meta name=\"robots\" content=\"index, follow, max-snippet:-1, max-image-preview:large, max-video-preview:-1\" \/>\n<link rel=\"canonical\" href=\"https:\/\/maderoterapiaonline.org\/it\/producto\/roller-cubes-metalterapia\/\" \/>\n<meta property=\"og:locale\" content=\"it_IT\" \/>\n<meta property=\"og:type\" content=\"article\" \/>\n<meta property=\"og:title\" content=\"Cubi per metalloterapia a rulli - Maderoterapia Online\" \/>\n<meta property=\"og:description\" content=\"Sei pronto a trasformare l&#039;essenza stessa della bellezza e del benessere, portando la tua arte in legnoterapia oltre i limiti conosciuti?  Per la terapista del legno che non solo vuole perfezionare la sua tecnica, ma anche lasciare un segno indelebile nella vita dei suoi clienti, il Metaltherapy Cube Roller \u00e8 il tesoro nascosto che stavi cercando. Questo rullo non \u00e8 solo uno strumento, \u00e8 un talismano di trasformazione, progettato con uno scopo: essere l&#039;alleato definitivo nella tua missione di ridefinire l&#039;estetica naturale. Ad ogni utilizzo, diventa una bacchetta magica nelle tue mani, permettendoti di plasmare non solo la forma, ma lo spirito, rivitalizzando e ringiovanendo ogni fibra dell&#039;essere di colui che riceve il tuo tocco.  Facendo scorrere il Bucket Roller sulla pelle, non solo combatti la cellulite e stimoli la circolazione; Stai invocando un&#039;alchimia che trasforma la pelle, tonificandola e rassodandola con un&#039;efficacia che sembra sfidare la scienza. Questo strumento, nelle mani di un artista come te, diventa il pennello con cui dipingi una rinascita, non solo della pelle ma dell&#039;anima.  Questo rullo \u00e8 per la donna che vede oltre la superficie, per la professionista che capisce che ogni seduta \u00e8 un viaggio di rinascita per le sue clienti. Con lui ogni trattamento diventa un&#039;odissea di trasformazione, dove i risultati non solo si vedono, ma si sentono, lasciando un segno di serenit\u00e0 e forza interiore.  Adottare il Metaltherapy Cube Roller nel tuo studio significa accettare la chiamata ad essere pi\u00f9 di un terapeuta del legno; \u00c8 assumere il ruolo di guida nel viaggio verso la bellezza e il benessere autentici. \u00c8 un impegno per l&#039;eccellenza, una promessa di portare i tuoi clienti in un percorso di scoperta e trasformazione, in cui ogni destinazione rivela una versione pi\u00f9 radiosa di se stessi.  Inizia questo viaggio verso la maestria, verso l&#039;arte suprema della terapia del legno. Lasciate che il Metaltherapy Cube Roller sia il vostro compagno in questa epica avventura e, insieme, trasformate il mondo dell&#039;estetica naturale con clienti soddisfatti\" \/>\n<meta property=\"og:url\" content=\"https:\/\/maderoterapiaonline.org\/it\/producto\/roller-cubes-metalterapia\/\" \/>\n<meta property=\"og:site_name\" content=\"Maderoterapia Online\" \/>\n<meta property=\"article:modified_time\" content=\"2025-10-07T09:48:57+00:00\" \/>\n<meta property=\"og:image\" content=\"https:\/\/maderoterapiaonline.org\/wp-content\/uploads\/2024\/02\/2-2.jpg\" \/>\n\t<meta property=\"og:image:width\" content=\"1080\" \/>\n\t<meta property=\"og:image:height\" content=\"1080\" \/>\n\t<meta property=\"og:image:type\" content=\"image\/jpeg\" \/>\n<meta name=\"twitter:card\" content=\"summary_large_image\" \/>\n<script type=\"application\/ld+json\" class=\"yoast-schema-graph\">{\"@context\":\"https:\/\/schema.org\",\"@graph\":[{\"@type\":\"WebPage\",\"@id\":\"https:\/\/maderoterapiaonline.org\/it\/producto\/roller-cubes-metalterapia\/\",\"url\":\"https:\/\/maderoterapiaonline.org\/it\/producto\/roller-cubes-metalterapia\/\",\"name\":\"Cubi per metalloterapia a rulli - Maderoterapia Online\",\"isPartOf\":{\"@id\":\"https:\/\/maderoterapiaonline.org\/it\/#website\"},\"primaryImageOfPage\":{\"@id\":\"https:\/\/maderoterapiaonline.org\/it\/producto\/roller-cubes-metalterapia\/#primaryimage\"},\"image\":{\"@id\":\"https:\/\/maderoterapiaonline.org\/it\/producto\/roller-cubes-metalterapia\/#primaryimage\"},\"thumbnailUrl\":\"https:\/\/maderoterapiaonline.org\/wp-content\/uploads\/2024\/02\/2-2.jpg\",\"datePublished\":\"2023-06-20T11:01:21+00:00\",\"dateModified\":\"2025-10-07T09:48:57+00:00\",\"breadcrumb\":{\"@id\":\"https:\/\/maderoterapiaonline.org\/it\/producto\/roller-cubes-metalterapia\/#breadcrumb\"},\"inLanguage\":\"it-IT\",\"potentialAction\":[{\"@type\":\"ReadAction\",\"target\":[\"https:\/\/maderoterapiaonline.org\/it\/producto\/roller-cubes-metalterapia\/\"]}]},{\"@type\":\"ImageObject\",\"inLanguage\":\"it-IT\",\"@id\":\"https:\/\/maderoterapiaonline.org\/it\/producto\/roller-cubes-metalterapia\/#primaryimage\",\"url\":\"https:\/\/maderoterapiaonline.org\/wp-content\/uploads\/2024\/02\/2-2.jpg\",\"contentUrl\":\"https:\/\/maderoterapiaonline.org\/wp-content\/uploads\/2024\/02\/2-2.jpg\",\"width\":1080,\"height\":1080,\"caption\":\"Rodillo Cubos Metalterapia\"},{\"@type\":\"BreadcrumbList\",\"@id\":\"https:\/\/maderoterapiaonline.org\/it\/producto\/roller-cubes-metalterapia\/#breadcrumb\",\"itemListElement\":[{\"@type\":\"ListItem\",\"position\":1,\"name\":\"Portada\",\"item\":\"https:\/\/maderoterapiaonline.org\/it\/\"},{\"@type\":\"ListItem\",\"position\":2,\"name\":\"Negozio\",\"item\":\"https:\/\/maderoterapiaonline.org\/it\/kit-legni\/\"},{\"@type\":\"ListItem\",\"position\":3,\"name\":\"Cubi per metalloterapia a rulli\"}]},{\"@type\":\"WebSite\",\"@id\":\"https:\/\/maderoterapiaonline.org\/it\/#website\",\"url\":\"https:\/\/maderoterapiaonline.org\/it\/\",\"name\":\"Maderoterapia Online\",\"description\":\"Compra tu kit de Maderoterapia Profesional. Env\u00edos 24\/48h. Atenci\u00f3n al cliente por profesionales Maderoterapeutas\",\"publisher\":{\"@id\":\"https:\/\/maderoterapiaonline.org\/it\/#organization\"},\"alternateName\":\"Maderoterapiaonline.org\",\"potentialAction\":[{\"@type\":\"SearchAction\",\"target\":{\"@type\":\"EntryPoint\",\"urlTemplate\":\"https:\/\/maderoterapiaonline.org\/it\/?s={search_term_string}\"},\"query-input\":{\"@type\":\"PropertyValueSpecification\",\"valueRequired\":true,\"valueName\":\"search_term_string\"}}],\"inLanguage\":\"it-IT\"},{\"@type\":\"Organization\",\"@id\":\"https:\/\/maderoterapiaonline.org\/it\/#organization\",\"name\":\"Maderoterapia Est\u00e9tica Espa\u00f1a \u2013 Dori L\u00f3pez\u00ae y Escuela Profesional Maderoterapia Online\u00ae.\",\"url\":\"https:\/\/maderoterapiaonline.org\/it\/\",\"logo\":{\"@type\":\"ImageObject\",\"inLanguage\":\"it-IT\",\"@id\":\"https:\/\/maderoterapiaonline.org\/it\/#\/schema\/logo\/image\/\",\"url\":\"https:\/\/maderoterapiaonline.org\/wp-content\/uploads\/2025\/03\/Logo-M-1.png\",\"contentUrl\":\"https:\/\/maderoterapiaonline.org\/wp-content\/uploads\/2025\/03\/Logo-M-1.png\",\"width\":1464,\"height\":1051,\"caption\":\"Maderoterapia Est\u00e9tica Espa\u00f1a \u2013 Dori L\u00f3pez\u00ae y Escuela Profesional Maderoterapia Online\u00ae.\"},\"image\":{\"@id\":\"https:\/\/maderoterapiaonline.org\/it\/#\/schema\/logo\/image\/\"}}]}<\/script>\n<!-- \/ Yoast SEO plugin. -->","yoast_head_json":{"title":"Cubi per metalloterapia a rulli - Maderoterapia Online","robots":{"index":"index","follow":"follow","max-snippet":"max-snippet:-1","max-image-preview":"max-image-preview:large","max-video-preview":"max-video-preview:-1"},"canonical":"https:\/\/maderoterapiaonline.org\/it\/producto\/roller-cubes-metalterapia\/","og_locale":"it_IT","og_type":"article","og_title":"Cubi per metalloterapia a rulli - Maderoterapia Online","og_description":"Sei pronto a trasformare l'essenza stessa della bellezza e del benessere, portando la tua arte in legnoterapia oltre i limiti conosciuti?  Per la terapista del legno che non solo vuole perfezionare la sua tecnica, ma anche lasciare un segno indelebile nella vita dei suoi clienti, il Metaltherapy Cube Roller \u00e8 il tesoro nascosto che stavi cercando. Questo rullo non \u00e8 solo uno strumento, \u00e8 un talismano di trasformazione, progettato con uno scopo: essere l'alleato definitivo nella tua missione di ridefinire l'estetica naturale. Ad ogni utilizzo, diventa una bacchetta magica nelle tue mani, permettendoti di plasmare non solo la forma, ma lo spirito, rivitalizzando e ringiovanendo ogni fibra dell'essere di colui che riceve il tuo tocco.  Facendo scorrere il Bucket Roller sulla pelle, non solo combatti la cellulite e stimoli la circolazione; Stai invocando un'alchimia che trasforma la pelle, tonificandola e rassodandola con un'efficacia che sembra sfidare la scienza. Questo strumento, nelle mani di un artista come te, diventa il pennello con cui dipingi una rinascita, non solo della pelle ma dell'anima.  Questo rullo \u00e8 per la donna che vede oltre la superficie, per la professionista che capisce che ogni seduta \u00e8 un viaggio di rinascita per le sue clienti. Con lui ogni trattamento diventa un'odissea di trasformazione, dove i risultati non solo si vedono, ma si sentono, lasciando un segno di serenit\u00e0 e forza interiore.  Adottare il Metaltherapy Cube Roller nel tuo studio significa accettare la chiamata ad essere pi\u00f9 di un terapeuta del legno; \u00c8 assumere il ruolo di guida nel viaggio verso la bellezza e il benessere autentici. \u00c8 un impegno per l'eccellenza, una promessa di portare i tuoi clienti in un percorso di scoperta e trasformazione, in cui ogni destinazione rivela una versione pi\u00f9 radiosa di se stessi.  Inizia questo viaggio verso la maestria, verso l'arte suprema della terapia del legno. Lasciate che il Metaltherapy Cube Roller sia il vostro compagno in questa epica avventura e, insieme, trasformate il mondo dell'estetica naturale con clienti soddisfatti","og_url":"https:\/\/maderoterapiaonline.org\/it\/producto\/roller-cubes-metalterapia\/","og_site_name":"Maderoterapia Online","article_modified_time":"2025-10-07T09:48:57+00:00","og_image":[{"width":1080,"height":1080,"url":"https:\/\/maderoterapiaonline.org\/wp-content\/uploads\/2024\/02\/2-2.jpg","type":"image\/jpeg"}],"twitter_card":"summary_large_image","schema":{"@context":"https:\/\/schema.org","@graph":[{"@type":"WebPage","@id":"https:\/\/maderoterapiaonline.org\/it\/producto\/roller-cubes-metalterapia\/","url":"https:\/\/maderoterapiaonline.org\/it\/producto\/roller-cubes-metalterapia\/","name":"Cubi per metalloterapia a rulli - Maderoterapia Online","isPartOf":{"@id":"https:\/\/maderoterapiaonline.org\/it\/#website"},"primaryImageOfPage":{"@id":"https:\/\/maderoterapiaonline.org\/it\/producto\/roller-cubes-metalterapia\/#primaryimage"},"image":{"@id":"https:\/\/maderoterapiaonline.org\/it\/producto\/roller-cubes-metalterapia\/#primaryimage"},"thumbnailUrl":"https:\/\/maderoterapiaonline.org\/wp-content\/uploads\/2024\/02\/2-2.jpg","datePublished":"2023-06-20T11:01:21+00:00","dateModified":"2025-10-07T09:48:57+00:00","breadcrumb":{"@id":"https:\/\/maderoterapiaonline.org\/it\/producto\/roller-cubes-metalterapia\/#breadcrumb"},"inLanguage":"it-IT","potentialAction":[{"@type":"ReadAction","target":["https:\/\/maderoterapiaonline.org\/it\/producto\/roller-cubes-metalterapia\/"]}]},{"@type":"ImageObject","inLanguage":"it-IT","@id":"https:\/\/maderoterapiaonline.org\/it\/producto\/roller-cubes-metalterapia\/#primaryimage","url":"https:\/\/maderoterapiaonline.org\/wp-content\/uploads\/2024\/02\/2-2.jpg","contentUrl":"https:\/\/maderoterapiaonline.org\/wp-content\/uploads\/2024\/02\/2-2.jpg","width":1080,"height":1080,"caption":"Rodillo Cubos Metalterapia"},{"@type":"BreadcrumbList","@id":"https:\/\/maderoterapiaonline.org\/it\/producto\/roller-cubes-metalterapia\/#breadcrumb","itemListElement":[{"@type":"ListItem","position":1,"name":"Portada","item":"https:\/\/maderoterapiaonline.org\/it\/"},{"@type":"ListItem","position":2,"name":"Negozio","item":"https:\/\/maderoterapiaonline.org\/it\/kit-legni\/"},{"@type":"ListItem","position":3,"name":"Cubi per metalloterapia a rulli"}]},{"@type":"WebSite","@id":"https:\/\/maderoterapiaonline.org\/it\/#website","url":"https:\/\/maderoterapiaonline.org\/it\/","name":"Maderoterapia Online","description":"Compra tu kit de Maderoterapia Profesional. Env\u00edos 24\/48h. Atenci\u00f3n al cliente por profesionales Maderoterapeutas","publisher":{"@id":"https:\/\/maderoterapiaonline.org\/it\/#organization"},"alternateName":"Maderoterapiaonline.org","potentialAction":[{"@type":"SearchAction","target":{"@type":"EntryPoint","urlTemplate":"https:\/\/maderoterapiaonline.org\/it\/?s={search_term_string}"},"query-input":{"@type":"PropertyValueSpecification","valueRequired":true,"valueName":"search_term_string"}}],"inLanguage":"it-IT"},{"@type":"Organization","@id":"https:\/\/maderoterapiaonline.org\/it\/#organization","name":"Maderoterapia Est\u00e9tica Espa\u00f1a \u2013 Dori L\u00f3pez\u00ae y Escuela Profesional Maderoterapia Online\u00ae.","url":"https:\/\/maderoterapiaonline.org\/it\/","logo":{"@type":"ImageObject","inLanguage":"it-IT","@id":"https:\/\/maderoterapiaonline.org\/it\/#\/schema\/logo\/image\/","url":"https:\/\/maderoterapiaonline.org\/wp-content\/uploads\/2025\/03\/Logo-M-1.png","contentUrl":"https:\/\/maderoterapiaonline.org\/wp-content\/uploads\/2025\/03\/Logo-M-1.png","width":1464,"height":1051,"caption":"Maderoterapia Est\u00e9tica Espa\u00f1a \u2013 Dori L\u00f3pez\u00ae y Escuela Profesional Maderoterapia Online\u00ae."},"image":{"@id":"https:\/\/maderoterapiaonline.org\/it\/#\/schema\/logo\/image\/"}}]}},"_links":{"self":[{"href":"https:\/\/maderoterapiaonline.org\/it\/wp-json\/wp\/v2\/product\/44299","targetHints":{"allow":["GET"]}}],"collection":[{"href":"https:\/\/maderoterapiaonline.org\/it\/wp-json\/wp\/v2\/product"}],"about":[{"href":"https:\/\/maderoterapiaonline.org\/it\/wp-json\/wp\/v2\/types\/product"}],"replies":[{"embeddable":true,"href":"https:\/\/maderoterapiaonline.org\/it\/wp-json\/wp\/v2\/comments?post=44299"}],"wp:featuredmedia":[{"embeddable":true,"href":"https:\/\/maderoterapiaonline.org\/it\/wp-json\/wp\/v2\/media\/44300"}],"wp:attachment":[{"href":"https:\/\/maderoterapiaonline.org\/it\/wp-json\/wp\/v2\/media?parent=44299"}],"wp:term":[{"taxonomy":"product_brand","embeddable":true,"href":"https:\/\/maderoterapiaonline.org\/it\/wp-json\/wp\/v2\/product_brand?post=44299"},{"taxonomy":"product_cat","embeddable":true,"href":"https:\/\/maderoterapiaonline.org\/it\/wp-json\/wp\/v2\/product_cat?post=44299"},{"taxonomy":"product_tag","embeddable":true,"href":"https:\/\/maderoterapiaonline.org\/it\/wp-json\/wp\/v2\/product_tag?post=44299"}],"curies":[{"name":"wp","href":"https:\/\/api.w.org\/{rel}","templated":true}]}}