{"id":44291,"date":"2025-04-22T13:20:37","date_gmt":"2025-04-22T11:20:37","guid":{"rendered":"https:\/\/maderoterapiaonline.org\/producto\/massaggiatore-arco-mezzaluna\/"},"modified":"2025-10-08T09:43:08","modified_gmt":"2025-10-08T07:43:08","slug":"massaggiatore-arco-mezzaluna","status":"publish","type":"product","link":"https:\/\/maderoterapiaonline.org\/it\/producto\/massaggiatore-arco-mezzaluna\/","title":{"rendered":"Massaggiatore ad arco a mezza luna per terapia del legno"},"content":{"rendered":"<p>Sei pronto a dire addio alla <strong>cellulite<\/strong>, sciogliere il <strong>grasso localizzato<\/strong> e <strong>scolpire<\/strong> il girovita dei tuoi sogni con un tocco di magia? Il massaggiatore a mezzaluna \u00e8 la tua bacchetta magica nel mondo reale, promettendo non solo risultati visibili, ma un&#8217;esperienza che trasforma e rivitalizza. <\/p>\n<p>Questo strumento, che sembra essere stato forgiato dalla natura e perfezionato da esperti, viene maneggiato con movimenti orizzontali, essendo un&#8217;estensione delle tue mani. Si inizia con una danza di pressioni dolci, che si intensificano gradualmente, diventando un flusso energetico che penetra nelle profondit\u00e0 della pelle. Questa sequenza accuratamente studiata non solo attiva la circolazione e stimola il drenaggio linfatico, ma combatte anche con precisione la cellulite e scioglie i depositi di grasso.  <\/p>\n<p>La vera magia del massaggiatore a mezzaluna risiede nella sua capacit\u00e0 di andare oltre la superficie, toccando il cuore stesso di ci\u00f2 che desideriamo cambiare. Ad ogni utilizzo, si rivelano una pelle pi\u00f9 liscia, una silhouette pi\u00f9 definita e una rinnovata energia che scorre attraverso il corpo. Questo non \u00e8 solo uno strumento; \u00c8 un portale per la versione pi\u00f9 radiosa di te stesso, che promette una trasformazione sia fisica che emotiva.  <\/p>\n<p>Ideale per coloro che desiderano incorporare un tocco speciale nella loro pratica di terapia del legno e per coloro che sono alla ricerca di risultati autentici, il massaggiatore Half Moon \u00e8 la promessa di una bellezza ridefinita e di un benessere senza pari. Preparati a vedere come ogni sessione ti avvicina al tuo ideale estetico, avvolto in un&#8217;esperienza che \u00e8, di per s\u00e9, pura magia. <\/p>\n","protected":false},"excerpt":{"rendered":"<p>Sei pronto a dire addio alla <strong>cellulite<\/strong>, sciogliere il <strong>grasso localizzato<\/strong> e <strong>scolpire<\/strong> il girovita dei tuoi sogni con un tocco di magia? Il massaggiatore a mezza luna Wood Therapy \u00e8 la tua bacchetta magica nel mondo reale, promettendo non solo risultati visibili, ma un&#8217;esperienza che trasforma e rivitalizza. <\/p>\n<p>Questo strumento, che sembra essere stato forgiato dalla natura e perfezionato da esperti, viene maneggiato con movimenti orizzontali, essendo un&#8217;estensione delle tue mani. Si inizia con una danza di pressioni dolci, che si intensificano gradualmente, diventando un flusso energetico che penetra nelle profondit\u00e0 della pelle. Questa sequenza accuratamente studiata non solo attiva la circolazione e stimola il drenaggio linfatico, ma combatte anche con precisione la cellulite e scioglie i depositi di grasso.  <\/p>\n<p>La vera magia del massaggiatore Half Moon Wood Therapy risiede nella sua capacit\u00e0 di andare oltre la superficie, toccando il cuore stesso di ci\u00f2 che desideriamo cambiare. Ad ogni utilizzo, si rivelano una pelle pi\u00f9 liscia, una silhouette pi\u00f9 definita e una rinnovata energia che scorre attraverso il corpo. Questo non \u00e8 solo uno strumento; \u00c8 un portale per la versione pi\u00f9 radiosa di te stesso, che promette una trasformazione sia fisica che emotiva.  <\/p>\n<p>Ideale per coloro che desiderano incorporare un tocco speciale nella loro pratica di terapia del legno e per coloro che sono alla ricerca di risultati autentici, il massaggiatore Half Moon \u00e8 la promessa di una bellezza ridefinita e di un benessere senza pari. Preparati a vedere come ogni sessione ti avvicina al tuo ideale estetico, avvolto in un&#8217;esperienza che \u00e8, di per s\u00e9, pura magia. <\/p>\n","protected":false},"featured_media":44292,"comment_status":"closed","ping_status":"closed","template":"","meta":{"content-type":""},"product_brand":[],"product_cat":[453],"product_tag":[],"class_list":{"0":"post-44291","1":"product","2":"type-product","3":"status-publish","4":"has-post-thumbnail","6":"product_cat-terapia-del-legno","8":"first","9":"instock","10":"sale","11":"taxable","12":"shipping-taxable","13":"purchasable","14":"product-type-simple"},"yoast_head":"<!-- This site is optimized with the Yoast SEO plugin v27.2 - https:\/\/yoast.com\/product\/yoast-seo-wordpress\/ -->\n<title>Massaggiatore ad arco a mezza luna per terapia del legno - Maderoterapia Online<\/title>\n<meta name=\"robots\" content=\"index, follow, max-snippet:-1, max-image-preview:large, max-video-preview:-1\" \/>\n<link rel=\"canonical\" href=\"https:\/\/maderoterapiaonline.org\/it\/producto\/massaggiatore-arco-mezzaluna\/\" \/>\n<meta property=\"og:locale\" content=\"it_IT\" \/>\n<meta property=\"og:type\" content=\"article\" \/>\n<meta property=\"og:title\" content=\"Massaggiatore ad arco a mezza luna per terapia del legno - Maderoterapia Online\" \/>\n<meta property=\"og:description\" content=\"Sei pronto a dire addio alla cellulite, sciogliere il grasso localizzato e scolpire il girovita dei tuoi sogni con un tocco di magia? Il massaggiatore a mezza luna Wood Therapy \u00e8 la tua bacchetta magica nel mondo reale, promettendo non solo risultati visibili, ma un&#039;esperienza che trasforma e rivitalizza.  Questo strumento, che sembra essere stato forgiato dalla natura e perfezionato da esperti, viene maneggiato con movimenti orizzontali, essendo un&#039;estensione delle tue mani. Si inizia con una danza di pressioni dolci, che si intensificano gradualmente, diventando un flusso energetico che penetra nelle profondit\u00e0 della pelle. Questa sequenza accuratamente studiata non solo attiva la circolazione e stimola il drenaggio linfatico, ma combatte anche con precisione la cellulite e scioglie i depositi di grasso.  La vera magia del massaggiatore Half Moon Wood Therapy risiede nella sua capacit\u00e0 di andare oltre la superficie, toccando il cuore stesso di ci\u00f2 che desideriamo cambiare. Ad ogni utilizzo, si rivelano una pelle pi\u00f9 liscia, una silhouette pi\u00f9 definita e una rinnovata energia che scorre attraverso il corpo. Questo non \u00e8 solo uno strumento; \u00c8 un portale per la versione pi\u00f9 radiosa di te stesso, che promette una trasformazione sia fisica che emotiva.  Ideale per coloro che desiderano incorporare un tocco speciale nella loro pratica di terapia del legno e per coloro che sono alla ricerca di risultati autentici, il massaggiatore Half Moon \u00e8 la promessa di una bellezza ridefinita e di un benessere senza pari. Preparati a vedere come ogni sessione ti avvicina al tuo ideale estetico, avvolto in un&#039;esperienza che \u00e8, di per s\u00e9, pura magia.\" \/>\n<meta property=\"og:url\" content=\"https:\/\/maderoterapiaonline.org\/it\/producto\/massaggiatore-arco-mezzaluna\/\" \/>\n<meta property=\"og:site_name\" content=\"Maderoterapia Online\" \/>\n<meta property=\"article:modified_time\" content=\"2025-10-08T07:43:08+00:00\" \/>\n<meta property=\"og:image\" content=\"https:\/\/maderoterapiaonline.org\/wp-content\/uploads\/2023\/06\/Rodillo-masajeador-anticelulitis-amazon-1.jpg\" \/>\n\t<meta property=\"og:image:width\" content=\"1080\" \/>\n\t<meta property=\"og:image:height\" content=\"1080\" \/>\n\t<meta property=\"og:image:type\" content=\"image\/jpeg\" \/>\n<meta name=\"twitter:card\" content=\"summary_large_image\" \/>\n<meta name=\"twitter:label1\" content=\"Tempo di lettura stimato\" \/>\n\t<meta name=\"twitter:data1\" content=\"1 minuto\" \/>\n<script type=\"application\/ld+json\" class=\"yoast-schema-graph\">{\"@context\":\"https:\/\/schema.org\",\"@graph\":[{\"@type\":\"WebPage\",\"@id\":\"https:\/\/maderoterapiaonline.org\/it\/producto\/massaggiatore-arco-mezzaluna\/\",\"url\":\"https:\/\/maderoterapiaonline.org\/it\/producto\/massaggiatore-arco-mezzaluna\/\",\"name\":\"Massaggiatore ad arco a mezza luna per terapia del legno - Maderoterapia Online\",\"isPartOf\":{\"@id\":\"https:\/\/maderoterapiaonline.org\/it\/#website\"},\"primaryImageOfPage\":{\"@id\":\"https:\/\/maderoterapiaonline.org\/it\/producto\/massaggiatore-arco-mezzaluna\/#primaryimage\"},\"image\":{\"@id\":\"https:\/\/maderoterapiaonline.org\/it\/producto\/massaggiatore-arco-mezzaluna\/#primaryimage\"},\"thumbnailUrl\":\"https:\/\/maderoterapiaonline.org\/wp-content\/uploads\/2023\/06\/Rodillo-masajeador-anticelulitis-amazon-1.jpg\",\"datePublished\":\"2025-04-22T11:20:37+00:00\",\"dateModified\":\"2025-10-08T07:43:08+00:00\",\"breadcrumb\":{\"@id\":\"https:\/\/maderoterapiaonline.org\/it\/producto\/massaggiatore-arco-mezzaluna\/#breadcrumb\"},\"inLanguage\":\"it-IT\",\"potentialAction\":[{\"@type\":\"ReadAction\",\"target\":[\"https:\/\/maderoterapiaonline.org\/it\/producto\/massaggiatore-arco-mezzaluna\/\"]}]},{\"@type\":\"ImageObject\",\"inLanguage\":\"it-IT\",\"@id\":\"https:\/\/maderoterapiaonline.org\/it\/producto\/massaggiatore-arco-mezzaluna\/#primaryimage\",\"url\":\"https:\/\/maderoterapiaonline.org\/wp-content\/uploads\/2023\/06\/Rodillo-masajeador-anticelulitis-amazon-1.jpg\",\"contentUrl\":\"https:\/\/maderoterapiaonline.org\/wp-content\/uploads\/2023\/06\/Rodillo-masajeador-anticelulitis-amazon-1.jpg\",\"width\":1080,\"height\":1080,\"caption\":\"Masajeador Maderoterapia Arco media luna\"},{\"@type\":\"BreadcrumbList\",\"@id\":\"https:\/\/maderoterapiaonline.org\/it\/producto\/massaggiatore-arco-mezzaluna\/#breadcrumb\",\"itemListElement\":[{\"@type\":\"ListItem\",\"position\":1,\"name\":\"Portada\",\"item\":\"https:\/\/maderoterapiaonline.org\/it\/\"},{\"@type\":\"ListItem\",\"position\":2,\"name\":\"Negozio\",\"item\":\"https:\/\/maderoterapiaonline.org\/it\/kit-legni\/\"},{\"@type\":\"ListItem\",\"position\":3,\"name\":\"Massaggiatore ad arco a mezza luna per terapia del legno\"}]},{\"@type\":\"WebSite\",\"@id\":\"https:\/\/maderoterapiaonline.org\/it\/#website\",\"url\":\"https:\/\/maderoterapiaonline.org\/it\/\",\"name\":\"Maderoterapia Online\",\"description\":\"Compra tu kit de Maderoterapia Profesional. Env\u00edos 24\/48h. Atenci\u00f3n al cliente por profesionales Maderoterapeutas\",\"publisher\":{\"@id\":\"https:\/\/maderoterapiaonline.org\/it\/#organization\"},\"alternateName\":\"Maderoterapiaonline.org\",\"potentialAction\":[{\"@type\":\"SearchAction\",\"target\":{\"@type\":\"EntryPoint\",\"urlTemplate\":\"https:\/\/maderoterapiaonline.org\/it\/?s={search_term_string}\"},\"query-input\":{\"@type\":\"PropertyValueSpecification\",\"valueRequired\":true,\"valueName\":\"search_term_string\"}}],\"inLanguage\":\"it-IT\"},{\"@type\":\"Organization\",\"@id\":\"https:\/\/maderoterapiaonline.org\/it\/#organization\",\"name\":\"Maderoterapia Est\u00e9tica Espa\u00f1a \u2013 Dori L\u00f3pez\u00ae y Escuela Profesional Maderoterapia Online\u00ae.\",\"url\":\"https:\/\/maderoterapiaonline.org\/it\/\",\"logo\":{\"@type\":\"ImageObject\",\"inLanguage\":\"it-IT\",\"@id\":\"https:\/\/maderoterapiaonline.org\/it\/#\/schema\/logo\/image\/\",\"url\":\"https:\/\/maderoterapiaonline.org\/wp-content\/uploads\/2025\/03\/Logo-M-1.png\",\"contentUrl\":\"https:\/\/maderoterapiaonline.org\/wp-content\/uploads\/2025\/03\/Logo-M-1.png\",\"width\":1464,\"height\":1051,\"caption\":\"Maderoterapia Est\u00e9tica Espa\u00f1a \u2013 Dori L\u00f3pez\u00ae y Escuela Profesional Maderoterapia Online\u00ae.\"},\"image\":{\"@id\":\"https:\/\/maderoterapiaonline.org\/it\/#\/schema\/logo\/image\/\"}}]}<\/script>\n<!-- \/ Yoast SEO plugin. -->","yoast_head_json":{"title":"Massaggiatore ad arco a mezza luna per terapia del legno - Maderoterapia Online","robots":{"index":"index","follow":"follow","max-snippet":"max-snippet:-1","max-image-preview":"max-image-preview:large","max-video-preview":"max-video-preview:-1"},"canonical":"https:\/\/maderoterapiaonline.org\/it\/producto\/massaggiatore-arco-mezzaluna\/","og_locale":"it_IT","og_type":"article","og_title":"Massaggiatore ad arco a mezza luna per terapia del legno - Maderoterapia Online","og_description":"Sei pronto a dire addio alla cellulite, sciogliere il grasso localizzato e scolpire il girovita dei tuoi sogni con un tocco di magia? Il massaggiatore a mezza luna Wood Therapy \u00e8 la tua bacchetta magica nel mondo reale, promettendo non solo risultati visibili, ma un'esperienza che trasforma e rivitalizza.  Questo strumento, che sembra essere stato forgiato dalla natura e perfezionato da esperti, viene maneggiato con movimenti orizzontali, essendo un'estensione delle tue mani. Si inizia con una danza di pressioni dolci, che si intensificano gradualmente, diventando un flusso energetico che penetra nelle profondit\u00e0 della pelle. Questa sequenza accuratamente studiata non solo attiva la circolazione e stimola il drenaggio linfatico, ma combatte anche con precisione la cellulite e scioglie i depositi di grasso.  La vera magia del massaggiatore Half Moon Wood Therapy risiede nella sua capacit\u00e0 di andare oltre la superficie, toccando il cuore stesso di ci\u00f2 che desideriamo cambiare. Ad ogni utilizzo, si rivelano una pelle pi\u00f9 liscia, una silhouette pi\u00f9 definita e una rinnovata energia che scorre attraverso il corpo. Questo non \u00e8 solo uno strumento; \u00c8 un portale per la versione pi\u00f9 radiosa di te stesso, che promette una trasformazione sia fisica che emotiva.  Ideale per coloro che desiderano incorporare un tocco speciale nella loro pratica di terapia del legno e per coloro che sono alla ricerca di risultati autentici, il massaggiatore Half Moon \u00e8 la promessa di una bellezza ridefinita e di un benessere senza pari. Preparati a vedere come ogni sessione ti avvicina al tuo ideale estetico, avvolto in un'esperienza che \u00e8, di per s\u00e9, pura magia.","og_url":"https:\/\/maderoterapiaonline.org\/it\/producto\/massaggiatore-arco-mezzaluna\/","og_site_name":"Maderoterapia Online","article_modified_time":"2025-10-08T07:43:08+00:00","og_image":[{"width":1080,"height":1080,"url":"https:\/\/maderoterapiaonline.org\/wp-content\/uploads\/2023\/06\/Rodillo-masajeador-anticelulitis-amazon-1.jpg","type":"image\/jpeg"}],"twitter_card":"summary_large_image","twitter_misc":{"Tempo di lettura stimato":"1 minuto"},"schema":{"@context":"https:\/\/schema.org","@graph":[{"@type":"WebPage","@id":"https:\/\/maderoterapiaonline.org\/it\/producto\/massaggiatore-arco-mezzaluna\/","url":"https:\/\/maderoterapiaonline.org\/it\/producto\/massaggiatore-arco-mezzaluna\/","name":"Massaggiatore ad arco a mezza luna per terapia del legno - Maderoterapia Online","isPartOf":{"@id":"https:\/\/maderoterapiaonline.org\/it\/#website"},"primaryImageOfPage":{"@id":"https:\/\/maderoterapiaonline.org\/it\/producto\/massaggiatore-arco-mezzaluna\/#primaryimage"},"image":{"@id":"https:\/\/maderoterapiaonline.org\/it\/producto\/massaggiatore-arco-mezzaluna\/#primaryimage"},"thumbnailUrl":"https:\/\/maderoterapiaonline.org\/wp-content\/uploads\/2023\/06\/Rodillo-masajeador-anticelulitis-amazon-1.jpg","datePublished":"2025-04-22T11:20:37+00:00","dateModified":"2025-10-08T07:43:08+00:00","breadcrumb":{"@id":"https:\/\/maderoterapiaonline.org\/it\/producto\/massaggiatore-arco-mezzaluna\/#breadcrumb"},"inLanguage":"it-IT","potentialAction":[{"@type":"ReadAction","target":["https:\/\/maderoterapiaonline.org\/it\/producto\/massaggiatore-arco-mezzaluna\/"]}]},{"@type":"ImageObject","inLanguage":"it-IT","@id":"https:\/\/maderoterapiaonline.org\/it\/producto\/massaggiatore-arco-mezzaluna\/#primaryimage","url":"https:\/\/maderoterapiaonline.org\/wp-content\/uploads\/2023\/06\/Rodillo-masajeador-anticelulitis-amazon-1.jpg","contentUrl":"https:\/\/maderoterapiaonline.org\/wp-content\/uploads\/2023\/06\/Rodillo-masajeador-anticelulitis-amazon-1.jpg","width":1080,"height":1080,"caption":"Masajeador Maderoterapia Arco media luna"},{"@type":"BreadcrumbList","@id":"https:\/\/maderoterapiaonline.org\/it\/producto\/massaggiatore-arco-mezzaluna\/#breadcrumb","itemListElement":[{"@type":"ListItem","position":1,"name":"Portada","item":"https:\/\/maderoterapiaonline.org\/it\/"},{"@type":"ListItem","position":2,"name":"Negozio","item":"https:\/\/maderoterapiaonline.org\/it\/kit-legni\/"},{"@type":"ListItem","position":3,"name":"Massaggiatore ad arco a mezza luna per terapia del legno"}]},{"@type":"WebSite","@id":"https:\/\/maderoterapiaonline.org\/it\/#website","url":"https:\/\/maderoterapiaonline.org\/it\/","name":"Maderoterapia Online","description":"Compra tu kit de Maderoterapia Profesional. Env\u00edos 24\/48h. Atenci\u00f3n al cliente por profesionales Maderoterapeutas","publisher":{"@id":"https:\/\/maderoterapiaonline.org\/it\/#organization"},"alternateName":"Maderoterapiaonline.org","potentialAction":[{"@type":"SearchAction","target":{"@type":"EntryPoint","urlTemplate":"https:\/\/maderoterapiaonline.org\/it\/?s={search_term_string}"},"query-input":{"@type":"PropertyValueSpecification","valueRequired":true,"valueName":"search_term_string"}}],"inLanguage":"it-IT"},{"@type":"Organization","@id":"https:\/\/maderoterapiaonline.org\/it\/#organization","name":"Maderoterapia Est\u00e9tica Espa\u00f1a \u2013 Dori L\u00f3pez\u00ae y Escuela Profesional Maderoterapia Online\u00ae.","url":"https:\/\/maderoterapiaonline.org\/it\/","logo":{"@type":"ImageObject","inLanguage":"it-IT","@id":"https:\/\/maderoterapiaonline.org\/it\/#\/schema\/logo\/image\/","url":"https:\/\/maderoterapiaonline.org\/wp-content\/uploads\/2025\/03\/Logo-M-1.png","contentUrl":"https:\/\/maderoterapiaonline.org\/wp-content\/uploads\/2025\/03\/Logo-M-1.png","width":1464,"height":1051,"caption":"Maderoterapia Est\u00e9tica Espa\u00f1a \u2013 Dori L\u00f3pez\u00ae y Escuela Profesional Maderoterapia Online\u00ae."},"image":{"@id":"https:\/\/maderoterapiaonline.org\/it\/#\/schema\/logo\/image\/"}}]}},"_links":{"self":[{"href":"https:\/\/maderoterapiaonline.org\/it\/wp-json\/wp\/v2\/product\/44291","targetHints":{"allow":["GET"]}}],"collection":[{"href":"https:\/\/maderoterapiaonline.org\/it\/wp-json\/wp\/v2\/product"}],"about":[{"href":"https:\/\/maderoterapiaonline.org\/it\/wp-json\/wp\/v2\/types\/product"}],"replies":[{"embeddable":true,"href":"https:\/\/maderoterapiaonline.org\/it\/wp-json\/wp\/v2\/comments?post=44291"}],"wp:featuredmedia":[{"embeddable":true,"href":"https:\/\/maderoterapiaonline.org\/it\/wp-json\/wp\/v2\/media\/44292"}],"wp:attachment":[{"href":"https:\/\/maderoterapiaonline.org\/it\/wp-json\/wp\/v2\/media?parent=44291"}],"wp:term":[{"taxonomy":"product_brand","embeddable":true,"href":"https:\/\/maderoterapiaonline.org\/it\/wp-json\/wp\/v2\/product_brand?post=44291"},{"taxonomy":"product_cat","embeddable":true,"href":"https:\/\/maderoterapiaonline.org\/it\/wp-json\/wp\/v2\/product_cat?post=44291"},{"taxonomy":"product_tag","embeddable":true,"href":"https:\/\/maderoterapiaonline.org\/it\/wp-json\/wp\/v2\/product_tag?post=44291"}],"curies":[{"name":"wp","href":"https:\/\/api.w.org\/{rel}","templated":true}]}}