{"id":44261,"date":"2023-05-17T15:43:18","date_gmt":"2023-05-17T13:43:18","guid":{"rendered":"https:\/\/maderoterapiaonline.org\/avviso-legale\/"},"modified":"2025-07-22T15:07:31","modified_gmt":"2025-07-22T13:07:31","slug":"note-legali","status":"publish","type":"page","link":"https:\/\/maderoterapiaonline.org\/it\/note-legali\/","title":{"rendered":"Note legali"},"content":{"rendered":"<div class=\"vce-row-container\" data-vce-boxed-width=\"true\"><div class=\"vce-row vce-row--col-gap-30 vce-row-equal-height vce-row-content--top\" id=\"el-6f879a3a\" data-vce-do-apply=\"all el-6f879a3a\"><div class=\"vce-row-content\" data-vce-element-content=\"true\"><div class=\"vce-col vce-col--md-auto vce-col--xs-1 vce-col--xs-last vce-col--xs-first vce-col--sm-last vce-col--sm-first vce-col--md-last vce-col--lg-last vce-col--xl-last vce-col--md-first vce-col--lg-first vce-col--xl-first\" id=\"el-f42e8fc3\"><div class=\"vce-col-inner\" data-vce-do-apply=\"border margin background  el-f42e8fc3\"><div class=\"vce-col-content\" data-vce-element-content=\"true\" data-vce-do-apply=\"padding el-f42e8fc3\"><div class=\"vce-text-block\"><div class=\"vce-text-block-wrapper vce\" id=\"el-6cb85af1\" data-vce-do-apply=\"all el-6cb85af1\"><h1>Note legali<\/h1><section class=\"elementor-section elementor-top-section elementor-element elementor-element-1eb8e238 elementor-section-boxed elementor-section-height-default elementor-section-height-default\" data-id=\"1eb8e238\" data-element_type=\"section\"><div class=\"elementor-container elementor-column-gap-default\"><div class=\"elementor-row\"><div class=\"elementor-column elementor-col-100 elementor-top-column elementor-element elementor-element-5f011a62\" data-id=\"5f011a62\" data-element_type=\"column\"><div class=\"elementor-column-wrap elementor-element-populated\"><div class=\"elementor-widget-wrap\"><div class=\"elementor-element elementor-element-10bda42c elementor-widget elementor-widget-heading\" data-id=\"10bda42c\" data-element_type=\"widget\" data-widget_type=\"heading.default\"><div class=\"elementor-widget-container\"><h3 class=\"elementor-heading-title elementor-size-default\">1. Identit\u00e0 e proprietario del sito web.<\/h3><\/div><\/div><div class=\"elementor-element elementor-element-129a19b9 elementor-widget elementor-widget-text-editor\" data-id=\"129a19b9\" data-element_type=\"widget\" data-widget_type=\"text-editor.default\"><div class=\"elementor-widget-container\"><div class=\"elementor-text-editor elementor-clearfix\"><p>Mercury Investor S.L con codice fiscale B42829184<br><span class=\"b3-address-line\" data-was-visible=\"true\">Indirizzo: Partida de Matola Pol\u00edgono 2, 75<br>03296 Elche Alicante<\/span><br><span class=\"b3-address-line\" data-was-visible=\"true\">Indirizzo e-mail: <a href=\"mailto:contacto@maderoterapiaonline.org\">contacto@maderoterapiaonline.org<\/a><\/span><\/p><\/div><\/div><\/div><\/div><\/div><\/div><\/div><\/div><\/section><section class=\"elementor-section elementor-top-section elementor-element elementor-element-2205ac2c elementor-section-boxed elementor-section-height-default elementor-section-height-default\" data-id=\"2205ac2c\" data-element_type=\"section\"><div class=\"elementor-container elementor-column-gap-default\"><div class=\"elementor-row\"><div class=\"elementor-column elementor-col-100 elementor-top-column elementor-element elementor-element-695bf0fb\" data-id=\"695bf0fb\" data-element_type=\"column\"><div class=\"elementor-column-wrap elementor-element-populated\"><div class=\"elementor-widget-wrap\"><div class=\"elementor-element elementor-element-48274f1d elementor-widget elementor-widget-heading\" data-id=\"48274f1d\" data-element_type=\"widget\" data-widget_type=\"heading.default\"><div class=\"elementor-widget-container\"><h3 class=\"elementor-heading-title elementor-size-default\">2. Propriet\u00e0 intellettuale.<\/h3><\/div><\/div><div class=\"elementor-element elementor-element-4b579513 elementor-widget elementor-widget-text-editor\" data-id=\"4b579513\" data-element_type=\"widget\" data-widget_type=\"text-editor.default\"><div class=\"elementor-widget-container\"><div class=\"elementor-text-editor elementor-clearfix\"><p>Tutti i contenuti e le pubblicazioni del mio sito web \u2013 articoli, post, pagine, testi, video, tutorial, podcast, immagini, grafica, infografiche, ecc. \u2013 sono soggetti al diritto d'autore e alla propriet\u00e0 intellettuale, di cui sono titolare. In nessun caso tali diritti potranno essere trasferiti o ceduti senza il mio previo consenso scritto.<\/p><p>In particolare, i contenuti e le pubblicazioni non possono essere riprodotti, diffusi, venduti, distribuiti o utilizzati per scopi commerciali o non commerciali.<\/p><p>Inoltre, qualsiasi contenuto che appare su questo sito web il cui copyright e propriet\u00e0 intellettuale appartengono a terzi sar\u00e0 debitamente indicato.<\/p><\/div><\/div><\/div><\/div><\/div><\/div><\/div><\/div><\/section><section class=\"elementor-section elementor-top-section elementor-element elementor-element-42ba3056 elementor-section-boxed elementor-section-height-default elementor-section-height-default\" data-id=\"42ba3056\" data-element_type=\"section\"><div class=\"elementor-container elementor-column-gap-default\"><div class=\"elementor-row\"><div class=\"elementor-column elementor-col-100 elementor-top-column elementor-element elementor-element-3e2ce3de\" data-id=\"3e2ce3de\" data-element_type=\"column\"><div class=\"elementor-column-wrap elementor-element-populated\"><div class=\"elementor-widget-wrap\"><div class=\"elementor-element elementor-element-6f85799a elementor-widget elementor-widget-heading\" data-id=\"6f85799a\" data-element_type=\"widget\" data-widget_type=\"heading.default\"><div class=\"elementor-widget-container\"><h3 class=\"elementor-heading-title elementor-size-default\">3. Regole d'uso.<\/h3><\/div><\/div><div class=\"elementor-element elementor-element-2aa3d3b3 elementor-widget elementor-widget-text-editor\" data-id=\"2aa3d3b3\" data-element_type=\"widget\" data-widget_type=\"text-editor.default\"><div class=\"elementor-widget-container\"><div class=\"elementor-text-editor elementor-clearfix\"><p>Il tema principale di questo sito web \u00e8 la consulenza ad aziende e professionisti in materia di massaggi, bellezza del corpo, estetica e vendita. Inoltre, saranno diffusi i servizi e i corsi di formazione organizzati da me e da altri professionisti. Gli utenti, lettori o clienti che accedono al sito web devono rispettare sia il tema che le dinamiche del sito e fare un uso appropriato dei servizi e dei contenuti: In particolare:<\/p><p>3.1. Non utilizzarli per svolgere attivit\u00e0 illecite, illegali o contrarie alla buona fede e all'ordine pubblico.<\/p><p>3.2. Diffondere contenuti o propaganda razzista, xenofoba, pornografica che incita al terrorismo o viola i diritti umani.<\/p><p>Mi riservo il diritto di cancellare qualsiasi commento o contributo che violi le regole di questo sito. In nessun caso sar\u00f2 responsabile delle opinioni che gli utenti potrebbero lasciare.<\/p><p>Non sono inoltre consentiti commenti promozionali, offensivi o che vadano contro il buon tono del sito web.<\/p><\/div><\/div><\/div><\/div><\/div><\/div><\/div><\/div><\/section><section class=\"elementor-section elementor-top-section elementor-element elementor-element-7ff1add7 elementor-section-boxed elementor-section-height-default elementor-section-height-default\" data-id=\"7ff1add7\" data-element_type=\"section\"><div class=\"elementor-container elementor-column-gap-default\"><div class=\"elementor-row\"><div class=\"elementor-column elementor-col-100 elementor-top-column elementor-element elementor-element-2c98530a\" data-id=\"2c98530a\" data-element_type=\"column\"><div class=\"elementor-column-wrap elementor-element-populated\"><div class=\"elementor-widget-wrap\"><div class=\"elementor-element elementor-element-50f783a elementor-widget elementor-widget-heading\" data-id=\"50f783a\" data-element_type=\"widget\" data-widget_type=\"heading.default\"><div class=\"elementor-widget-container\"><h3 class=\"elementor-heading-title elementor-size-default\">4. Protezione dei dati<\/h3><\/div><\/div><div class=\"elementor-element elementor-element-49a8626a elementor-widget elementor-widget-text-editor\" data-id=\"49a8626a\" data-element_type=\"widget\" data-widget_type=\"text-editor.default\"><div class=\"elementor-widget-container\"><div class=\"elementor-text-editor elementor-clearfix\"><p>Questo sito \u00e8 conforme alla normativa vigente in materia di protezione dei dati (Legge Organica 15\/1999, del 13 dicembre, sulla Protezione dei Dati di Carattere Personale, Regio Decreto 1720\/2007, del 21 dicembre, che approva il Regolamento per lo sviluppo della Legge Organica e altre normative vigenti). Per maggiori informazioni sul trattamento dei tuoi dati e per conoscere la privacy policy di questo sito web, puoi cliccare su questo link: Privacy Policy.<\/p><\/div><\/div><\/div><\/div><\/div><\/div><\/div><\/div><\/section><section class=\"elementor-section elementor-top-section elementor-element elementor-element-58af1e18 elementor-section-boxed elementor-section-height-default elementor-section-height-default\" data-id=\"58af1e18\" data-element_type=\"section\"><div class=\"elementor-container elementor-column-gap-default\"><div class=\"elementor-row\"><div class=\"elementor-column elementor-col-100 elementor-top-column elementor-element elementor-element-2eaac2c8\" data-id=\"2eaac2c8\" data-element_type=\"column\"><div class=\"elementor-column-wrap elementor-element-populated\"><div class=\"elementor-widget-wrap\"><div class=\"elementor-element elementor-element-435eecac elementor-widget elementor-widget-heading\" data-id=\"435eecac\" data-element_type=\"widget\" data-widget_type=\"heading.default\"><div class=\"elementor-widget-container\"><h3 class=\"elementor-heading-title elementor-size-default\">5. Esclusione di responsabilit\u00e0.<\/h3><\/div><\/div><div class=\"elementor-element elementor-element-21e982c8 elementor-widget elementor-widget-text-editor\" data-id=\"21e982c8\" data-element_type=\"widget\" data-widget_type=\"text-editor.default\"><div class=\"elementor-widget-container\"><div class=\"elementor-text-editor elementor-clearfix\"><p>In nessun caso sar\u00e0 responsabile per eventuali danni o pregiudizi di qualsiasi tipo che possano essere causati dalla visita di questo sito web, sia a causa di errori o omissioni nei contenuti o a causa della trasmissione di qualsiasi programma dannoso che si verifica nonostante siano state adottate le misure tecnologiche necessarie per prevenirlo.<\/p><p>Allo stesso modo, non sar\u00f2 responsabile in nessun caso dei contenuti di siti web esterni che potrebbero essere collegati dal mio sito web, blog o area commenti, in quanto non sono sotto il mio controllo.<\/p><\/div><\/div><\/div><\/div><\/div><\/div><\/div><\/div><\/section><section class=\"elementor-section elementor-top-section elementor-element elementor-element-3b000011 elementor-section-boxed elementor-section-height-default elementor-section-height-default\" data-id=\"3b000011\" data-element_type=\"section\"><div class=\"elementor-container elementor-column-gap-default\"><div class=\"elementor-row\"><div class=\"elementor-column elementor-col-100 elementor-top-column elementor-element elementor-element-66b344c\" data-id=\"66b344c\" data-element_type=\"column\"><div class=\"elementor-column-wrap elementor-element-populated\"><div class=\"elementor-widget-wrap\"><div class=\"elementor-element elementor-element-3a7ae344 elementor-widget elementor-widget-heading\" data-id=\"3a7ae344\" data-element_type=\"widget\" data-widget_type=\"heading.default\"><div class=\"elementor-widget-container\"><h3 class=\"elementor-heading-title elementor-size-default\">6. Politica sui cookie.<\/h3><\/div><\/div><div class=\"elementor-element elementor-element-5040eadf elementor-widget elementor-widget-text-editor\" data-id=\"5040eadf\" data-element_type=\"widget\" data-widget_type=\"text-editor.default\"><div class=\"elementor-widget-container\"><div class=\"elementor-text-editor elementor-clearfix\"><p>Questo sito web utilizza cookie di terze parti con funzioni analitiche. Ecco il link alla mia cookie policy, dove hai tutte le informazioni dettagliate.<\/p><\/div><\/div><\/div><\/div><\/div><\/div><\/div><\/div><\/section><section class=\"elementor-section elementor-top-section elementor-element elementor-element-5ecdf29b elementor-section-boxed elementor-section-height-default elementor-section-height-default\" data-id=\"5ecdf29b\" data-element_type=\"section\"><div class=\"elementor-container elementor-column-gap-default\"><div class=\"elementor-row\"><div class=\"elementor-column elementor-col-100 elementor-top-column elementor-element elementor-element-662b596c\" data-id=\"662b596c\" data-element_type=\"column\"><div class=\"elementor-column-wrap elementor-element-populated\"><div class=\"elementor-widget-wrap\"><div class=\"elementor-element elementor-element-69dc5947 elementor-widget elementor-widget-heading\" data-id=\"69dc5947\" data-element_type=\"widget\" data-widget_type=\"heading.default\"><div class=\"elementor-widget-container\"><h3 class=\"elementor-heading-title elementor-size-default\">7. Legge applicabile e foro competente.<\/h3><\/div><\/div><div class=\"elementor-element elementor-element-26811bc6 elementor-widget elementor-widget-text-editor\" data-id=\"26811bc6\" data-element_type=\"widget\" data-widget_type=\"text-editor.default\"><div class=\"elementor-widget-container\"><div class=\"elementor-text-editor elementor-clearfix\"><p>Le presenti condizioni legali sono state redatte in conformit\u00e0 con la legge spagnola. In caso di conflitto nell'interpretazione delle presenti condizioni, il foro competente sar\u00e0 quello del domicilio dell'acquirente e, in subordine, il Foro di Elche.<\/p><\/div><\/div><\/div><\/div><\/div><\/div><\/div><\/div><\/section><section class=\"elementor-section elementor-top-section elementor-element elementor-element-5be257c3 elementor-section-boxed elementor-section-height-default elementor-section-height-default\" data-id=\"5be257c3\" data-element_type=\"section\"><div class=\"elementor-container elementor-column-gap-default\"><div class=\"elementor-row\"><div class=\"elementor-column elementor-col-100 elementor-top-column elementor-element elementor-element-6f8b96c8\" data-id=\"6f8b96c8\" data-element_type=\"column\"><div class=\"elementor-column-wrap elementor-element-populated\"><div class=\"elementor-widget-wrap\"><div class=\"elementor-element elementor-element-49483e0a elementor-widget elementor-widget-heading\" data-id=\"49483e0a\" data-element_type=\"widget\" data-widget_type=\"heading.default\"><div class=\"elementor-widget-container\"><h3 class=\"elementor-heading-title elementor-size-default\">8. Modifica del contenuto dell'avviso legale.<\/h3><\/div><\/div><div class=\"elementor-element elementor-element-1cc76207 elementor-widget elementor-widget-text-editor\" data-id=\"1cc76207\" data-element_type=\"widget\" data-widget_type=\"text-editor.default\"><div class=\"elementor-widget-container\"><div class=\"elementor-text-editor elementor-clearfix\"><p>Il presente avviso legale pu\u00f2 essere modificato in qualsiasi momento, tenendo conto dell'evoluzione di questo sito web e dei contenuti in esso offerti. In questo caso, gli utenti saranno informati di tali modifiche.<\/p><\/div><\/div><\/div><\/div><\/div><\/div><\/div><\/div><\/section><\/div><\/div><\/div><\/div><\/div><\/div><\/div><\/div>\n","protected":false},"excerpt":{"rendered":"<p>Note legali1. Identit\u00e0 e proprietario del sito web.Mercury Investor S.L con codice fiscale B42829184Indirizzo: Partida de Matola Pol\u00edgono 2, 7503296 Elche AlicanteIndirizzo e-mail: contacto@maderoterapiaonline.org2. Propriet\u00e0 intellettuale.Tutti i contenuti e le pubblicazioni del mio sito web \u2013 articoli, post, pagine, testi, video, tutorial, podcast, immagini, grafica, infografiche, ecc. \u2013 sono soggetti al diritto d&#8217;autore e alla [&hellip;]<\/p>\n","protected":false},"author":1,"featured_media":0,"parent":0,"menu_order":0,"comment_status":"closed","ping_status":"closed","template":"","meta":{"content-type":"","footnotes":""},"class_list":["post-44261","page","type-page","status-publish","hentry"],"yoast_head":"<!-- This site is optimized with the Yoast SEO plugin v27.4 - https:\/\/yoast.com\/product\/yoast-seo-wordpress\/ -->\n<title>Note legali - Maderoterapia Online<\/title>\n<meta name=\"robots\" content=\"index, follow, max-snippet:-1, max-image-preview:large, max-video-preview:-1\" \/>\n<link rel=\"canonical\" href=\"https:\/\/maderoterapiaonline.org\/it\/note-legali\/\" \/>\n<meta property=\"og:locale\" content=\"it_IT\" \/>\n<meta property=\"og:type\" content=\"article\" \/>\n<meta property=\"og:title\" content=\"Note legali - Maderoterapia Online\" \/>\n<meta property=\"og:description\" content=\"Note legali1. Identit\u00e0 e proprietario del sito web.Mercury Investor S.L con codice fiscale B42829184Indirizzo: Partida de Matola Pol\u00edgono 2, 7503296 Elche AlicanteIndirizzo e-mail: contacto@maderoterapiaonline.org2. Propriet\u00e0 intellettuale.Tutti i contenuti e le pubblicazioni del mio sito web \u2013 articoli, post, pagine, testi, video, tutorial, podcast, immagini, grafica, infografiche, ecc. \u2013 sono soggetti al diritto d&#039;autore e alla [&hellip;]\" \/>\n<meta property=\"og:url\" content=\"https:\/\/maderoterapiaonline.org\/it\/note-legali\/\" \/>\n<meta property=\"og:site_name\" content=\"Maderoterapia Online\" \/>\n<meta property=\"article:modified_time\" content=\"2025-07-22T13:07:31+00:00\" \/>\n<meta name=\"twitter:card\" content=\"summary_large_image\" \/>\n<meta name=\"twitter:label1\" content=\"Tempo di lettura stimato\" \/>\n\t<meta name=\"twitter:data1\" content=\"3 minuti\" \/>\n<script type=\"application\/ld+json\" class=\"yoast-schema-graph\">{\"@context\":\"https:\\\/\\\/schema.org\",\"@graph\":[{\"@type\":\"WebPage\",\"@id\":\"https:\\\/\\\/maderoterapiaonline.org\\\/it\\\/note-legali\\\/\",\"url\":\"https:\\\/\\\/maderoterapiaonline.org\\\/it\\\/note-legali\\\/\",\"name\":\"Note legali - Maderoterapia Online\",\"isPartOf\":{\"@id\":\"https:\\\/\\\/maderoterapiaonline.org\\\/it\\\/#website\"},\"datePublished\":\"2023-05-17T13:43:18+00:00\",\"dateModified\":\"2025-07-22T13:07:31+00:00\",\"breadcrumb\":{\"@id\":\"https:\\\/\\\/maderoterapiaonline.org\\\/it\\\/note-legali\\\/#breadcrumb\"},\"inLanguage\":\"it-IT\",\"potentialAction\":[{\"@type\":\"ReadAction\",\"target\":[\"https:\\\/\\\/maderoterapiaonline.org\\\/it\\\/note-legali\\\/\"]}]},{\"@type\":\"BreadcrumbList\",\"@id\":\"https:\\\/\\\/maderoterapiaonline.org\\\/it\\\/note-legali\\\/#breadcrumb\",\"itemListElement\":[{\"@type\":\"ListItem\",\"position\":1,\"name\":\"Portada\",\"item\":\"https:\\\/\\\/maderoterapiaonline.org\\\/it\\\/\"},{\"@type\":\"ListItem\",\"position\":2,\"name\":\"Note legali\"}]},{\"@type\":\"WebSite\",\"@id\":\"https:\\\/\\\/maderoterapiaonline.org\\\/it\\\/#website\",\"url\":\"https:\\\/\\\/maderoterapiaonline.org\\\/it\\\/\",\"name\":\"Maderoterapia Online\",\"description\":\"Compra tu kit de Maderoterapia Profesional. Env\u00edos 24\\\/48h. Atenci\u00f3n al cliente por profesionales Maderoterapeutas\",\"publisher\":{\"@id\":\"https:\\\/\\\/maderoterapiaonline.org\\\/it\\\/#organization\"},\"alternateName\":\"Maderoterapiaonline.org\",\"potentialAction\":[{\"@type\":\"SearchAction\",\"target\":{\"@type\":\"EntryPoint\",\"urlTemplate\":\"https:\\\/\\\/maderoterapiaonline.org\\\/it\\\/?s={search_term_string}\"},\"query-input\":{\"@type\":\"PropertyValueSpecification\",\"valueRequired\":true,\"valueName\":\"search_term_string\"}}],\"inLanguage\":\"it-IT\"},{\"@type\":\"Organization\",\"@id\":\"https:\\\/\\\/maderoterapiaonline.org\\\/it\\\/#organization\",\"name\":\"Maderoterapia Est\u00e9tica Espa\u00f1a \u2013 Dori L\u00f3pez\u00ae y Escuela Profesional Maderoterapia Online\u00ae.\",\"url\":\"https:\\\/\\\/maderoterapiaonline.org\\\/it\\\/\",\"logo\":{\"@type\":\"ImageObject\",\"inLanguage\":\"it-IT\",\"@id\":\"https:\\\/\\\/maderoterapiaonline.org\\\/it\\\/#\\\/schema\\\/logo\\\/image\\\/\",\"url\":\"https:\\\/\\\/maderoterapiaonline.org\\\/wp-content\\\/uploads\\\/2025\\\/03\\\/Logo-M-1.png\",\"contentUrl\":\"https:\\\/\\\/maderoterapiaonline.org\\\/wp-content\\\/uploads\\\/2025\\\/03\\\/Logo-M-1.png\",\"width\":1464,\"height\":1051,\"caption\":\"Maderoterapia Est\u00e9tica Espa\u00f1a \u2013 Dori L\u00f3pez\u00ae y Escuela Profesional Maderoterapia Online\u00ae.\"},\"image\":{\"@id\":\"https:\\\/\\\/maderoterapiaonline.org\\\/it\\\/#\\\/schema\\\/logo\\\/image\\\/\"}}]}<\/script>\n<!-- \/ Yoast SEO plugin. -->","yoast_head_json":{"title":"Note legali - Maderoterapia Online","robots":{"index":"index","follow":"follow","max-snippet":"max-snippet:-1","max-image-preview":"max-image-preview:large","max-video-preview":"max-video-preview:-1"},"canonical":"https:\/\/maderoterapiaonline.org\/it\/note-legali\/","og_locale":"it_IT","og_type":"article","og_title":"Note legali - Maderoterapia Online","og_description":"Note legali1. Identit\u00e0 e proprietario del sito web.Mercury Investor S.L con codice fiscale B42829184Indirizzo: Partida de Matola Pol\u00edgono 2, 7503296 Elche AlicanteIndirizzo e-mail: contacto@maderoterapiaonline.org2. Propriet\u00e0 intellettuale.Tutti i contenuti e le pubblicazioni del mio sito web \u2013 articoli, post, pagine, testi, video, tutorial, podcast, immagini, grafica, infografiche, ecc. \u2013 sono soggetti al diritto d'autore e alla [&hellip;]","og_url":"https:\/\/maderoterapiaonline.org\/it\/note-legali\/","og_site_name":"Maderoterapia Online","article_modified_time":"2025-07-22T13:07:31+00:00","twitter_card":"summary_large_image","twitter_misc":{"Tempo di lettura stimato":"3 minuti"},"schema":{"@context":"https:\/\/schema.org","@graph":[{"@type":"WebPage","@id":"https:\/\/maderoterapiaonline.org\/it\/note-legali\/","url":"https:\/\/maderoterapiaonline.org\/it\/note-legali\/","name":"Note legali - Maderoterapia Online","isPartOf":{"@id":"https:\/\/maderoterapiaonline.org\/it\/#website"},"datePublished":"2023-05-17T13:43:18+00:00","dateModified":"2025-07-22T13:07:31+00:00","breadcrumb":{"@id":"https:\/\/maderoterapiaonline.org\/it\/note-legali\/#breadcrumb"},"inLanguage":"it-IT","potentialAction":[{"@type":"ReadAction","target":["https:\/\/maderoterapiaonline.org\/it\/note-legali\/"]}]},{"@type":"BreadcrumbList","@id":"https:\/\/maderoterapiaonline.org\/it\/note-legali\/#breadcrumb","itemListElement":[{"@type":"ListItem","position":1,"name":"Portada","item":"https:\/\/maderoterapiaonline.org\/it\/"},{"@type":"ListItem","position":2,"name":"Note legali"}]},{"@type":"WebSite","@id":"https:\/\/maderoterapiaonline.org\/it\/#website","url":"https:\/\/maderoterapiaonline.org\/it\/","name":"Maderoterapia Online","description":"Compra tu kit de Maderoterapia Profesional. Env\u00edos 24\/48h. Atenci\u00f3n al cliente por profesionales Maderoterapeutas","publisher":{"@id":"https:\/\/maderoterapiaonline.org\/it\/#organization"},"alternateName":"Maderoterapiaonline.org","potentialAction":[{"@type":"SearchAction","target":{"@type":"EntryPoint","urlTemplate":"https:\/\/maderoterapiaonline.org\/it\/?s={search_term_string}"},"query-input":{"@type":"PropertyValueSpecification","valueRequired":true,"valueName":"search_term_string"}}],"inLanguage":"it-IT"},{"@type":"Organization","@id":"https:\/\/maderoterapiaonline.org\/it\/#organization","name":"Maderoterapia Est\u00e9tica Espa\u00f1a \u2013 Dori L\u00f3pez\u00ae y Escuela Profesional Maderoterapia Online\u00ae.","url":"https:\/\/maderoterapiaonline.org\/it\/","logo":{"@type":"ImageObject","inLanguage":"it-IT","@id":"https:\/\/maderoterapiaonline.org\/it\/#\/schema\/logo\/image\/","url":"https:\/\/maderoterapiaonline.org\/wp-content\/uploads\/2025\/03\/Logo-M-1.png","contentUrl":"https:\/\/maderoterapiaonline.org\/wp-content\/uploads\/2025\/03\/Logo-M-1.png","width":1464,"height":1051,"caption":"Maderoterapia Est\u00e9tica Espa\u00f1a \u2013 Dori L\u00f3pez\u00ae y Escuela Profesional Maderoterapia Online\u00ae."},"image":{"@id":"https:\/\/maderoterapiaonline.org\/it\/#\/schema\/logo\/image\/"}}]}},"_links":{"self":[{"href":"https:\/\/maderoterapiaonline.org\/it\/wp-json\/wp\/v2\/pages\/44261","targetHints":{"allow":["GET"]}}],"collection":[{"href":"https:\/\/maderoterapiaonline.org\/it\/wp-json\/wp\/v2\/pages"}],"about":[{"href":"https:\/\/maderoterapiaonline.org\/it\/wp-json\/wp\/v2\/types\/page"}],"author":[{"embeddable":true,"href":"https:\/\/maderoterapiaonline.org\/it\/wp-json\/wp\/v2\/users\/1"}],"replies":[{"embeddable":true,"href":"https:\/\/maderoterapiaonline.org\/it\/wp-json\/wp\/v2\/comments?post=44261"}],"version-history":[{"count":2,"href":"https:\/\/maderoterapiaonline.org\/it\/wp-json\/wp\/v2\/pages\/44261\/revisions"}],"predecessor-version":[{"id":49265,"href":"https:\/\/maderoterapiaonline.org\/it\/wp-json\/wp\/v2\/pages\/44261\/revisions\/49265"}],"wp:attachment":[{"href":"https:\/\/maderoterapiaonline.org\/it\/wp-json\/wp\/v2\/media?parent=44261"}],"curies":[{"name":"wp","href":"https:\/\/api.w.org\/{rel}","templated":true}]}}