{"id":44258,"date":"2023-04-27T18:57:02","date_gmt":"2023-04-27T16:57:02","guid":{"rendered":"https:\/\/maderoterapiaonline.org\/informativa-sulla-privacy-e-sulla-protezione-dei-dati\/"},"modified":"2025-07-22T15:06:12","modified_gmt":"2025-07-22T13:06:12","slug":"informativa-sulla-privacy-e-sulla-protezione-dei-dati","status":"publish","type":"page","link":"https:\/\/maderoterapiaonline.org\/it\/informativa-sulla-privacy-e-sulla-protezione-dei-dati\/","title":{"rendered":"Informativa sulla privacy e sulla protezione dei dati"},"content":{"rendered":"<div class=\"vce-row-container\" data-vce-boxed-width=\"true\"><div class=\"vce-row vce-row--col-gap-30 vce-row-equal-height vce-row-content--top\" id=\"el-afacd0c8\" data-vce-do-apply=\"all el-afacd0c8\"><div class=\"vce-row-content\" data-vce-element-content=\"true\"><div class=\"vce-col vce-col--md-auto vce-col--xs-1 vce-col--xs-last vce-col--xs-first vce-col--sm-last vce-col--sm-first vce-col--md-last vce-col--lg-last vce-col--xl-last vce-col--md-first vce-col--lg-first vce-col--xl-first\" id=\"el-51c83a3b\"><div class=\"vce-col-inner\" data-vce-do-apply=\"border margin background  el-51c83a3b\"><div class=\"vce-col-content\" data-vce-element-content=\"true\" data-vce-do-apply=\"padding el-51c83a3b\"><div class=\"vce-text-block\"><div class=\"vce-text-block-wrapper vce\" id=\"el-ace12a13\" data-vce-do-apply=\"all el-ace12a13\"><section class=\"elementor-section elementor-top-section elementor-element elementor-element-73c765cf elementor-section-boxed elementor-section-height-default elementor-section-height-default\" data-id=\"73c765cf\" data-element_type=\"section\"><div class=\"elementor-container elementor-column-gap-default\"><div class=\"elementor-row\"><div class=\"elementor-column elementor-col-100 elementor-top-column elementor-element elementor-element-2cbdf4c6\" data-id=\"2cbdf4c6\" data-element_type=\"column\"><div class=\"elementor-column-wrap elementor-element-populated\"><div class=\"elementor-widget-wrap\"><div class=\"elementor-element elementor-element-6567af72 elementor-widget elementor-widget-text-editor\" data-id=\"6567af72\" data-element_type=\"widget\" data-widget_type=\"text-editor.default\"><div class=\"elementor-widget-container\"><div class=\"elementor-text-editor elementor-clearfix\"><section class=\"elementor-section elementor-inner-section elementor-element elementor-element-681abf87 elementor-section-boxed elementor-section-height-default elementor-section-height-default\" data-id=\"681abf87\" data-element_type=\"section\"><div class=\"elementor-container elementor-column-gap-default\"><div class=\"elementor-row\"><div class=\"elementor-column elementor-col-100 elementor-inner-column elementor-element elementor-element-32be9d9f\" data-id=\"32be9d9f\" data-element_type=\"column\"><div class=\"elementor-column-wrap elementor-element-populated\"><div class=\"elementor-widget-wrap\"><div class=\"elementor-element elementor-element-36d32327 elementor-widget elementor-widget-heading\" data-id=\"36d32327\" data-element_type=\"widget\" data-widget_type=\"heading.default\"><div class=\"elementor-widget-container\"><h2 class=\"elementor-heading-title elementor-size-default\">POLITICA SULLA PRIVACY E SULLA PROTEZIONE DEI DATI<\/h2><\/div><\/div><\/div><\/div><\/div><\/div><\/div><\/section><p>In qualit\u00e0 di gestori della \"Escuela Profesional de Maderoterapia\" e proprietari di questo sito web, desideriamo informarvi che questo sito web e l'attivit\u00e0 che lo supporta sono conformi alle attuali normative spagnole ed europee in materia di protezione dei dati. Se hai bisogno di contattarci, puoi farlo scrivendoci una mail a <a href=\"mailto:contacto@maderoterapiaonline.org\">contacto@maderoterapiaonline.org<\/a><\/p><\/div><\/div><\/div><\/div><\/div><\/div><\/div><\/div><\/section><section class=\"elementor-section elementor-top-section elementor-element elementor-element-1004a2ea elementor-section-boxed elementor-section-height-default elementor-section-height-default\" data-id=\"1004a2ea\" data-element_type=\"section\"><div class=\"elementor-container elementor-column-gap-default\"><div class=\"elementor-row\"><div class=\"elementor-column elementor-col-100 elementor-top-column elementor-element elementor-element-506af8e2\" data-id=\"506af8e2\" data-element_type=\"column\"><div class=\"elementor-column-wrap elementor-element-populated\"><div class=\"elementor-widget-wrap\"><div class=\"elementor-element elementor-element-385f4f0c elementor-widget elementor-widget-heading\" data-id=\"385f4f0c\" data-element_type=\"widget\" data-widget_type=\"heading.default\"><div class=\"elementor-widget-container\"><h3 class=\"elementor-heading-title elementor-size-default\">1- Responsabile del trattamento dei dati personali:<\/h3><\/div><\/div><div class=\"elementor-element elementor-element-12539b8 elementor-widget elementor-widget-text-editor\" data-id=\"12539b8\" data-element_type=\"widget\" data-widget_type=\"text-editor.default\"><div class=\"elementor-widget-container\"><div class=\"elementor-text-editor elementor-clearfix\"><ul><li>Nome della Societ\u00e0: Mercury Investor S.L<\/li><li>NIF: B42829184<\/li><li>Sede legale: Carrer Capit\u00e0 Alfons Vives, 65, 03201 Elx, Alicante<\/li><li>E-mail: <a href=\"mailto:contacto@maderoterapiaonline.org\"><strong>contacto@maderoterapiaonline.org<\/strong><\/a><\/li><li>Attivit\u00e0 sociale: massaggi e business online.<\/li><\/ul><\/div><\/div><\/div><\/div><\/div><\/div><\/div><\/div><\/section><section class=\"elementor-section elementor-top-section elementor-element elementor-element-6bf2bcfc elementor-section-boxed elementor-section-height-default elementor-section-height-default\" data-id=\"6bf2bcfc\" data-element_type=\"section\"><div class=\"elementor-container elementor-column-gap-default\"><div class=\"elementor-row\"><div class=\"elementor-column elementor-col-100 elementor-top-column elementor-element elementor-element-1f049e6c\" data-id=\"1f049e6c\" data-element_type=\"column\"><div class=\"elementor-column-wrap elementor-element-populated\"><div class=\"elementor-widget-wrap\"><div class=\"elementor-element elementor-element-5e3b3dac elementor-widget elementor-widget-heading\" data-id=\"5e3b3dac\" data-element_type=\"widget\" data-widget_type=\"heading.default\"><div class=\"elementor-widget-container\"><h3 class=\"elementor-heading-title elementor-size-default\">2- Finalit\u00e0 del trattamento dei dati personali:<\/h3><\/div><\/div><div class=\"elementor-element elementor-element-31b0977e elementor-widget elementor-widget-text-editor\" data-id=\"31b0977e\" data-element_type=\"widget\" data-widget_type=\"text-editor.default\"><div class=\"elementor-widget-container\"><div class=\"elementor-text-editor elementor-clearfix\"><p>Per navigare sul nostro sito web, non \u00e8 necessario che l'utente ci fornisca alcun dato. I casi in cui ci fornisci i tuoi dati sono i seguenti:<\/p><ul><li>Quando ti iscrivi alla nostra newsletter o sei in lista d'attesa per conoscere un corso.<\/li><li>Quando ci scrivi utilizzando il modulo di contatto.<\/li><li>Quando ci invii un'e-mail.<\/li><li>Quando acquisti uno dei nostri prodotti.<\/li><li>Quando sei nostro cliente, fornitore o collaboratore.<\/li><\/ul><p>In ogni caso, i dati dell'utente possono essere inseriti in un file, di cui Mercury Investor S.L \u00e8 responsabile della gestione e del trattamento. La sicurezza dei tuoi dati \u00e8 garantita, poich\u00e9 adottiamo tutte le misure di sicurezza necessarie per questo. Utilizzeremo questi dati solo per lo scopo per il quale li hai forniti.<\/p><p>Inoltre, utilizziamo Google Analytics e Google Ads per capire meglio come i visitatori utilizzano il nostro sito web e per migliorare i nostri servizi. Questi strumenti possono raccogliere informazioni come la posizione geografica dell'utente, il dispositivo utilizzato per accedere al nostro sito, il tempo che l'utente trascorre sul nostro sito e le pagine visitate. Google utilizza queste informazioni per fornirci report e per personalizzare la pubblicit\u00e0 che ti mostra su altri siti web. Ulteriori informazioni su come Google utilizza i tuoi dati <a href=\"https:\/\/policies.google.com\/technologies\/partner-sites\" target=\"_new\" rel=\"noopener\">sono disponibili qui<\/a>.<\/p><\/div><\/div><\/div><\/div><\/div><\/div><\/div><\/div><\/section><section class=\"elementor-section elementor-top-section elementor-element elementor-element-32b82854 elementor-section-boxed elementor-section-height-default elementor-section-height-default\" data-id=\"32b82854\" data-element_type=\"section\"><div class=\"elementor-container elementor-column-gap-default\"><div class=\"elementor-row\"><div class=\"elementor-column elementor-col-100 elementor-top-column elementor-element elementor-element-6f7bdcc7\" data-id=\"6f7bdcc7\" data-element_type=\"column\"><div class=\"elementor-column-wrap elementor-element-populated\"><div class=\"elementor-widget-wrap\"><div class=\"elementor-element elementor-element-2383e1ea elementor-widget elementor-widget-heading\" data-id=\"2383e1ea\" data-element_type=\"widget\" data-widget_type=\"heading.default\"><div class=\"elementor-widget-container\"><h3 class=\"elementor-heading-title elementor-size-default\">3- Legittimazione:<\/h3><\/div><\/div><div class=\"elementor-element elementor-element-2a31352 elementor-widget elementor-widget-text-editor\" data-id=\"2a31352\" data-element_type=\"widget\" data-widget_type=\"text-editor.default\"><div class=\"elementor-widget-container\"><div class=\"elementor-text-editor elementor-clearfix\"><p>La legittimit\u00e0 per l'utilizzo dei Suoi dati personali deriva esclusivamente dal Suo consenso libero, specifico, informato ed inequivocabile.<\/p><p>L'utente ha il diritto di revocare il proprio consenso in qualsiasi momento.<\/p><\/div><\/div><\/div><\/div><\/div><\/div><\/div><\/div><\/section><section class=\"elementor-section elementor-top-section elementor-element elementor-element-5bb6074 elementor-section-boxed elementor-section-height-default elementor-section-height-default\" data-id=\"5bb6074\" data-element_type=\"section\"><div class=\"elementor-container elementor-column-gap-default\"><div class=\"elementor-row\"><div class=\"elementor-column elementor-col-100 elementor-top-column elementor-element elementor-element-50a661c\" data-id=\"50a661c\" data-element_type=\"column\"><div class=\"elementor-column-wrap elementor-element-populated\"><div class=\"elementor-widget-wrap\"><div class=\"elementor-element elementor-element-1d2d282 elementor-widget elementor-widget-heading\" data-id=\"1d2d282\" data-element_type=\"widget\" data-widget_type=\"heading.default\"><div class=\"elementor-widget-container\"><h3 class=\"elementor-heading-title elementor-size-default\"><strong>4- Conservazione dei dati:<\/strong><\/h3><\/div><\/div><div class=\"elementor-element elementor-element-106808b elementor-widget elementor-widget-text-editor\" data-id=\"106808b\" data-element_type=\"widget\" data-widget_type=\"text-editor.default\"><div class=\"elementor-widget-container\"><div class=\"elementor-text-editor elementor-clearfix\"><p>I dati personali forniti saranno conservati per tutto il tempo in cui viene mantenuto il rapporto commerciale tra le due parti o fino a quando non ci chiederete di cancellarli.<\/p><\/div><\/div><\/div><\/div><\/div><\/div><\/div><\/div><\/section><section class=\"elementor-section elementor-top-section elementor-element elementor-element-3203339 elementor-section-boxed elementor-section-height-default elementor-section-height-default\" data-id=\"3203339\" data-element_type=\"section\"><div class=\"elementor-container elementor-column-gap-default\"><div class=\"elementor-row\"><div class=\"elementor-column elementor-col-100 elementor-top-column elementor-element elementor-element-50c42b1\" data-id=\"50c42b1\" data-element_type=\"column\"><div class=\"elementor-column-wrap elementor-element-populated\"><div class=\"elementor-widget-wrap\"><div class=\"elementor-element elementor-element-a4f2a38 elementor-widget elementor-widget-heading\" data-id=\"a4f2a38\" data-element_type=\"widget\" data-widget_type=\"heading.default\"><div class=\"elementor-widget-container\"><h3 class=\"elementor-heading-title elementor-size-default\"><strong>5- Diritti:<\/strong><\/h3><\/div><\/div><div class=\"elementor-element elementor-element-f315340 elementor-widget elementor-widget-text-editor\" data-id=\"f315340\" data-element_type=\"widget\" data-widget_type=\"text-editor.default\"><div class=\"elementor-widget-container\"><div class=\"elementor-text-editor elementor-clearfix\"><p> L'utente ha il diritto di accedere, rettificare e cancellare i propri dati in qualsiasi momento, nonch\u00e9 altri diritti, come spiegato nelle informazioni aggiuntive. Puoi revocare il tuo consenso in qualsiasi momento.<\/p><\/div><\/div><\/div><\/div><\/div><\/div><\/div><\/div><\/section><\/div><\/div><\/div><\/div><\/div><\/div><\/div><\/div>\n","protected":false},"excerpt":{"rendered":"<p>POLITICA SULLA PRIVACY E SULLA PROTEZIONE DEI DATIIn qualit\u00e0 di gestori della &#8220;Escuela Profesional de Maderoterapia&#8221; e proprietari di questo sito web, desideriamo informarvi che questo sito web e l&#8217;attivit\u00e0 che lo supporta sono conformi alle attuali normative spagnole ed europee in materia di protezione dei dati. Se hai bisogno di contattarci, puoi farlo scrivendoci [&hellip;]<\/p>\n","protected":false},"author":1,"featured_media":0,"parent":0,"menu_order":0,"comment_status":"closed","ping_status":"closed","template":"","meta":{"content-type":"","footnotes":""},"class_list":["post-44258","page","type-page","status-publish","hentry"],"yoast_head":"<!-- This site is optimized with the Yoast SEO plugin v27.2 - https:\/\/yoast.com\/product\/yoast-seo-wordpress\/ -->\n<title>Informativa sulla privacy e sulla protezione dei dati - Maderoterapia Online<\/title>\n<meta name=\"robots\" content=\"index, follow, max-snippet:-1, max-image-preview:large, max-video-preview:-1\" \/>\n<link rel=\"canonical\" href=\"https:\/\/maderoterapiaonline.org\/it\/informativa-sulla-privacy-e-sulla-protezione-dei-dati\/\" \/>\n<meta property=\"og:locale\" content=\"it_IT\" \/>\n<meta property=\"og:type\" content=\"article\" \/>\n<meta property=\"og:title\" content=\"Informativa sulla privacy e sulla protezione dei dati - Maderoterapia Online\" \/>\n<meta property=\"og:description\" content=\"POLITICA SULLA PRIVACY E SULLA PROTEZIONE DEI DATIIn qualit\u00e0 di gestori della &quot;Escuela Profesional de Maderoterapia&quot; e proprietari di questo sito web, desideriamo informarvi che questo sito web e l&#039;attivit\u00e0 che lo supporta sono conformi alle attuali normative spagnole ed europee in materia di protezione dei dati. Se hai bisogno di contattarci, puoi farlo scrivendoci [&hellip;]\" \/>\n<meta property=\"og:url\" content=\"https:\/\/maderoterapiaonline.org\/it\/informativa-sulla-privacy-e-sulla-protezione-dei-dati\/\" \/>\n<meta property=\"og:site_name\" content=\"Maderoterapia Online\" \/>\n<meta property=\"article:modified_time\" content=\"2025-07-22T13:06:12+00:00\" \/>\n<meta name=\"twitter:card\" content=\"summary_large_image\" \/>\n<meta name=\"twitter:label1\" content=\"Tempo di lettura stimato\" \/>\n\t<meta name=\"twitter:data1\" content=\"2 minuti\" \/>\n<script type=\"application\/ld+json\" class=\"yoast-schema-graph\">{\"@context\":\"https:\/\/schema.org\",\"@graph\":[{\"@type\":\"WebPage\",\"@id\":\"https:\/\/maderoterapiaonline.org\/it\/informativa-sulla-privacy-e-sulla-protezione-dei-dati\/\",\"url\":\"https:\/\/maderoterapiaonline.org\/it\/informativa-sulla-privacy-e-sulla-protezione-dei-dati\/\",\"name\":\"Informativa sulla privacy e sulla protezione dei dati - Maderoterapia Online\",\"isPartOf\":{\"@id\":\"https:\/\/maderoterapiaonline.org\/it\/#website\"},\"datePublished\":\"2023-04-27T16:57:02+00:00\",\"dateModified\":\"2025-07-22T13:06:12+00:00\",\"breadcrumb\":{\"@id\":\"https:\/\/maderoterapiaonline.org\/it\/informativa-sulla-privacy-e-sulla-protezione-dei-dati\/#breadcrumb\"},\"inLanguage\":\"it-IT\",\"potentialAction\":[{\"@type\":\"ReadAction\",\"target\":[\"https:\/\/maderoterapiaonline.org\/it\/informativa-sulla-privacy-e-sulla-protezione-dei-dati\/\"]}]},{\"@type\":\"BreadcrumbList\",\"@id\":\"https:\/\/maderoterapiaonline.org\/it\/informativa-sulla-privacy-e-sulla-protezione-dei-dati\/#breadcrumb\",\"itemListElement\":[{\"@type\":\"ListItem\",\"position\":1,\"name\":\"Portada\",\"item\":\"https:\/\/maderoterapiaonline.org\/it\/\"},{\"@type\":\"ListItem\",\"position\":2,\"name\":\"Informativa sulla privacy e sulla protezione dei dati\"}]},{\"@type\":\"WebSite\",\"@id\":\"https:\/\/maderoterapiaonline.org\/it\/#website\",\"url\":\"https:\/\/maderoterapiaonline.org\/it\/\",\"name\":\"Maderoterapia Online\",\"description\":\"Compra tu kit de Maderoterapia Profesional. Env\u00edos 24\/48h. Atenci\u00f3n al cliente por profesionales Maderoterapeutas\",\"publisher\":{\"@id\":\"https:\/\/maderoterapiaonline.org\/it\/#organization\"},\"alternateName\":\"Maderoterapiaonline.org\",\"potentialAction\":[{\"@type\":\"SearchAction\",\"target\":{\"@type\":\"EntryPoint\",\"urlTemplate\":\"https:\/\/maderoterapiaonline.org\/it\/?s={search_term_string}\"},\"query-input\":{\"@type\":\"PropertyValueSpecification\",\"valueRequired\":true,\"valueName\":\"search_term_string\"}}],\"inLanguage\":\"it-IT\"},{\"@type\":\"Organization\",\"@id\":\"https:\/\/maderoterapiaonline.org\/it\/#organization\",\"name\":\"Maderoterapia Est\u00e9tica Espa\u00f1a \u2013 Dori L\u00f3pez\u00ae y Escuela Profesional Maderoterapia Online\u00ae.\",\"url\":\"https:\/\/maderoterapiaonline.org\/it\/\",\"logo\":{\"@type\":\"ImageObject\",\"inLanguage\":\"it-IT\",\"@id\":\"https:\/\/maderoterapiaonline.org\/it\/#\/schema\/logo\/image\/\",\"url\":\"https:\/\/maderoterapiaonline.org\/wp-content\/uploads\/2025\/03\/Logo-M-1.png\",\"contentUrl\":\"https:\/\/maderoterapiaonline.org\/wp-content\/uploads\/2025\/03\/Logo-M-1.png\",\"width\":1464,\"height\":1051,\"caption\":\"Maderoterapia Est\u00e9tica Espa\u00f1a \u2013 Dori L\u00f3pez\u00ae y Escuela Profesional Maderoterapia Online\u00ae.\"},\"image\":{\"@id\":\"https:\/\/maderoterapiaonline.org\/it\/#\/schema\/logo\/image\/\"}}]}<\/script>\n<!-- \/ Yoast SEO plugin. -->","yoast_head_json":{"title":"Informativa sulla privacy e sulla protezione dei dati - Maderoterapia Online","robots":{"index":"index","follow":"follow","max-snippet":"max-snippet:-1","max-image-preview":"max-image-preview:large","max-video-preview":"max-video-preview:-1"},"canonical":"https:\/\/maderoterapiaonline.org\/it\/informativa-sulla-privacy-e-sulla-protezione-dei-dati\/","og_locale":"it_IT","og_type":"article","og_title":"Informativa sulla privacy e sulla protezione dei dati - Maderoterapia Online","og_description":"POLITICA SULLA PRIVACY E SULLA PROTEZIONE DEI DATIIn qualit\u00e0 di gestori della \"Escuela Profesional de Maderoterapia\" e proprietari di questo sito web, desideriamo informarvi che questo sito web e l'attivit\u00e0 che lo supporta sono conformi alle attuali normative spagnole ed europee in materia di protezione dei dati. Se hai bisogno di contattarci, puoi farlo scrivendoci [&hellip;]","og_url":"https:\/\/maderoterapiaonline.org\/it\/informativa-sulla-privacy-e-sulla-protezione-dei-dati\/","og_site_name":"Maderoterapia Online","article_modified_time":"2025-07-22T13:06:12+00:00","twitter_card":"summary_large_image","twitter_misc":{"Tempo di lettura stimato":"2 minuti"},"schema":{"@context":"https:\/\/schema.org","@graph":[{"@type":"WebPage","@id":"https:\/\/maderoterapiaonline.org\/it\/informativa-sulla-privacy-e-sulla-protezione-dei-dati\/","url":"https:\/\/maderoterapiaonline.org\/it\/informativa-sulla-privacy-e-sulla-protezione-dei-dati\/","name":"Informativa sulla privacy e sulla protezione dei dati - Maderoterapia Online","isPartOf":{"@id":"https:\/\/maderoterapiaonline.org\/it\/#website"},"datePublished":"2023-04-27T16:57:02+00:00","dateModified":"2025-07-22T13:06:12+00:00","breadcrumb":{"@id":"https:\/\/maderoterapiaonline.org\/it\/informativa-sulla-privacy-e-sulla-protezione-dei-dati\/#breadcrumb"},"inLanguage":"it-IT","potentialAction":[{"@type":"ReadAction","target":["https:\/\/maderoterapiaonline.org\/it\/informativa-sulla-privacy-e-sulla-protezione-dei-dati\/"]}]},{"@type":"BreadcrumbList","@id":"https:\/\/maderoterapiaonline.org\/it\/informativa-sulla-privacy-e-sulla-protezione-dei-dati\/#breadcrumb","itemListElement":[{"@type":"ListItem","position":1,"name":"Portada","item":"https:\/\/maderoterapiaonline.org\/it\/"},{"@type":"ListItem","position":2,"name":"Informativa sulla privacy e sulla protezione dei dati"}]},{"@type":"WebSite","@id":"https:\/\/maderoterapiaonline.org\/it\/#website","url":"https:\/\/maderoterapiaonline.org\/it\/","name":"Maderoterapia Online","description":"Compra tu kit de Maderoterapia Profesional. Env\u00edos 24\/48h. Atenci\u00f3n al cliente por profesionales Maderoterapeutas","publisher":{"@id":"https:\/\/maderoterapiaonline.org\/it\/#organization"},"alternateName":"Maderoterapiaonline.org","potentialAction":[{"@type":"SearchAction","target":{"@type":"EntryPoint","urlTemplate":"https:\/\/maderoterapiaonline.org\/it\/?s={search_term_string}"},"query-input":{"@type":"PropertyValueSpecification","valueRequired":true,"valueName":"search_term_string"}}],"inLanguage":"it-IT"},{"@type":"Organization","@id":"https:\/\/maderoterapiaonline.org\/it\/#organization","name":"Maderoterapia Est\u00e9tica Espa\u00f1a \u2013 Dori L\u00f3pez\u00ae y Escuela Profesional Maderoterapia Online\u00ae.","url":"https:\/\/maderoterapiaonline.org\/it\/","logo":{"@type":"ImageObject","inLanguage":"it-IT","@id":"https:\/\/maderoterapiaonline.org\/it\/#\/schema\/logo\/image\/","url":"https:\/\/maderoterapiaonline.org\/wp-content\/uploads\/2025\/03\/Logo-M-1.png","contentUrl":"https:\/\/maderoterapiaonline.org\/wp-content\/uploads\/2025\/03\/Logo-M-1.png","width":1464,"height":1051,"caption":"Maderoterapia Est\u00e9tica Espa\u00f1a \u2013 Dori L\u00f3pez\u00ae y Escuela Profesional Maderoterapia Online\u00ae."},"image":{"@id":"https:\/\/maderoterapiaonline.org\/it\/#\/schema\/logo\/image\/"}}]}},"_links":{"self":[{"href":"https:\/\/maderoterapiaonline.org\/it\/wp-json\/wp\/v2\/pages\/44258","targetHints":{"allow":["GET"]}}],"collection":[{"href":"https:\/\/maderoterapiaonline.org\/it\/wp-json\/wp\/v2\/pages"}],"about":[{"href":"https:\/\/maderoterapiaonline.org\/it\/wp-json\/wp\/v2\/types\/page"}],"author":[{"embeddable":true,"href":"https:\/\/maderoterapiaonline.org\/it\/wp-json\/wp\/v2\/users\/1"}],"replies":[{"embeddable":true,"href":"https:\/\/maderoterapiaonline.org\/it\/wp-json\/wp\/v2\/comments?post=44258"}],"version-history":[{"count":1,"href":"https:\/\/maderoterapiaonline.org\/it\/wp-json\/wp\/v2\/pages\/44258\/revisions"}],"predecessor-version":[{"id":49257,"href":"https:\/\/maderoterapiaonline.org\/it\/wp-json\/wp\/v2\/pages\/44258\/revisions\/49257"}],"wp:attachment":[{"href":"https:\/\/maderoterapiaonline.org\/it\/wp-json\/wp\/v2\/media?parent=44258"}],"curies":[{"name":"wp","href":"https:\/\/api.w.org\/{rel}","templated":true}]}}