{"id":49840,"date":"2025-12-24T08:57:06","date_gmt":"2025-12-24T07:57:06","guid":{"rendered":"https:\/\/maderoterapiaonline.org\/producto\/kit-metalterapia-4-elementos-prime\/"},"modified":"2026-01-08T12:43:29","modified_gmt":"2026-01-08T11:43:29","slug":"kit-metalterapia-4-elementos-prime","status":"publish","type":"product","link":"https:\/\/maderoterapiaonline.org\/fr\/producto\/kit-metalterapia-4-elementos-prime\/","title":{"rendered":"\u00c9l\u00e9ments principaux du kit de m\u00e9talth\u00e9rapie 4"},"content":{"rendered":"<p>D\u00e9couvrez le nouveau kit prime 4 \u00e9l\u00e9ments de Madetaltherapy.<\/p>\n<p>Aujourd\u2019hui, avec une nouvelle ergonomie de prise en main, gr\u00e2ce \u00e0 ces \u00e9l\u00e9ments, vous pouvez obtenir un excellent raffermissement et un niveau sup\u00e9rieur \u00e0 une s\u00e9ance classique de th\u00e9rapie du bois. Combinez ces \u00e9l\u00e9ments pour r\u00e9duire, fermer et fa\u00e7onner de mani\u00e8re naturelle et indolore. <\/p>\n<p>&nbsp;<\/p>\n","protected":false},"excerpt":{"rendered":"<p>D\u00e9couvrez l\u2019incroyable kit de m\u00e9talth\u00e9rapie Prime de l\u2019\u00c9cole Maderoterapia Est\u00e9tica, Espagne\u00ae<br \/>\n. Ce kit de haute qualit\u00e9 et con\u00e7u avec pr\u00e9cision vous offre tous les outils n\u00e9cessaires pour obtenir une exp\u00e9rience de m\u00e9talth\u00e9rapie efficace et professionnelle<\/p>\n<p>Le kit de m\u00e9tallotherapeute comprend 4 \u00e9l\u00e9ments essentiels en aluminium r\u00e9sistant :<\/p>\n<p>1) Coupe de m\u00e9talth\u00e9rapie : cette coupe su\u00e9doise en m\u00e9tal est tr\u00e8s efficace pour r\u00e9duire les graisses localis\u00e9es, la cellulite tenace et raffermir la peau. De plus, sa conception anatomique permet une prise optimale gr\u00e2ce \u00e0 son long manche et permet d\u2019effectuer des mouvements de marquage et de drainage h\u00e9m\u00e9trophhatique, am\u00e9liorant la circulation et contribuant \u00e0 r\u00e9duire l\u2019apparence des fesses.<\/p>\n<p>2. Champignon\/m\u00e9talth\u00e9rapie par les champignons : ce champignon anti-inflammatoire et r\u00e9ducteur est l&rsquo;\u00e9l\u00e9ment initial de chaque s\u00e9ance de m\u00e9talth\u00e9rapie. Sa fonction principale est de r\u00e9duire l&rsquo;inflammation dans les zones trait\u00e9es, y compris la graisse encapsul\u00e9e et la cellulite. Il contribue \u00e9galement \u00e0 tonifier et \u00e0 raffermir la peau, renfor\u00e7ant ainsi les r\u00e9sultats obtenus avec la coupe su\u00e9doise.<\/p>\n<p>3) Planche de modelage m\u00e9talth\u00e9rapeutique : la planche m\u00e9tallique dent\u00e9e permet de raffermir, de tonifier la peau et de modeler les fesses. Sa forme ergonomique et sa conception sp\u00e9cifique permettent des mouvements pr\u00e9cis pour des r\u00e9sultats visibles et durables.<\/p>\n<p>4. Th\u00e9rapie de l&rsquo;articulation m\u00e9tallique : l&rsquo;articulation m\u00e9tallique est un outil essentiel pour l&rsquo;activation de la circulation et le traitement des fibres musculaires. Sa conception ergonomique et sa construction en aluminium garantissent une utilisation confortable et efficace. Cette articulation permet de travailler sur des zones sp\u00e9cifiques et de fatiguer la fibre musculaire, ce qui favorise la relaxation et la r\u00e9cup\u00e9ration.<\/p>\n<p data-start=\"287\" data-end=\"410\">Une occasion unique de vous \u00e9quiper d\u2019un <strong data-start=\"331\" data-end=\"367\">kit professionnel de th\u00e9rapie du bois<\/strong> au meilleur prix avant son lancement.<\/p>\n","protected":false},"featured_media":49793,"comment_status":"closed","ping_status":"closed","template":"","meta":{"content-type":""},"product_brand":[],"product_cat":[384],"product_tag":[],"class_list":{"0":"post-49840","1":"product","2":"type-product","3":"status-publish","4":"has-post-thumbnail","6":"product_cat-metatherapie","8":"first","9":"instock","10":"sale","11":"taxable","12":"shipping-taxable","13":"purchasable","14":"product-type-simple"},"yoast_head":"<!-- This site is optimized with the Yoast SEO plugin v27.2 - https:\/\/yoast.com\/product\/yoast-seo-wordpress\/ -->\n<title>\u00c9l\u00e9ments principaux du kit de m\u00e9talth\u00e9rapie 4 - Maderoterapia Online<\/title>\n<meta name=\"robots\" content=\"index, follow, max-snippet:-1, max-image-preview:large, max-video-preview:-1\" \/>\n<link rel=\"canonical\" href=\"https:\/\/maderoterapiaonline.org\/fr\/producto\/kit-metalterapia-4-elementos-prime\/\" \/>\n<meta property=\"og:locale\" content=\"fr_FR\" \/>\n<meta property=\"og:type\" content=\"article\" \/>\n<meta property=\"og:title\" content=\"\u00c9l\u00e9ments principaux du kit de m\u00e9talth\u00e9rapie 4 - Maderoterapia Online\" \/>\n<meta property=\"og:description\" content=\"D\u00e9couvrez l\u2019incroyable kit de m\u00e9talth\u00e9rapie Prime de l\u2019\u00c9cole Maderoterapia Est\u00e9tica, Espagne\u00ae . Ce kit de haute qualit\u00e9 et con\u00e7u avec pr\u00e9cision vous offre tous les outils n\u00e9cessaires pour obtenir une exp\u00e9rience de m\u00e9talth\u00e9rapie efficace et professionnelle Le kit de m\u00e9tallotherapeute comprend 4 \u00e9l\u00e9ments essentiels en aluminium r\u00e9sistant : 1) Coupe de m\u00e9talth\u00e9rapie : cette coupe su\u00e9doise en m\u00e9tal est tr\u00e8s efficace pour r\u00e9duire les graisses localis\u00e9es, la cellulite tenace et raffermir la peau. De plus, sa conception anatomique permet une prise optimale gr\u00e2ce \u00e0 son long manche et permet d\u2019effectuer des mouvements de marquage et de drainage h\u00e9m\u00e9trophhatique, am\u00e9liorant la circulation et contribuant \u00e0 r\u00e9duire l\u2019apparence des fesses. 2. Champignon\/m\u00e9talth\u00e9rapie par les champignons : ce champignon anti-inflammatoire et r\u00e9ducteur est l&#039;\u00e9l\u00e9ment initial de chaque s\u00e9ance de m\u00e9talth\u00e9rapie. Sa fonction principale est de r\u00e9duire l&#039;inflammation dans les zones trait\u00e9es, y compris la graisse encapsul\u00e9e et la cellulite. Il contribue \u00e9galement \u00e0 tonifier et \u00e0 raffermir la peau, renfor\u00e7ant ainsi les r\u00e9sultats obtenus avec la coupe su\u00e9doise. 3) Planche de modelage m\u00e9talth\u00e9rapeutique : la planche m\u00e9tallique dent\u00e9e permet de raffermir, de tonifier la peau et de modeler les fesses. Sa forme ergonomique et sa conception sp\u00e9cifique permettent des mouvements pr\u00e9cis pour des r\u00e9sultats visibles et durables. 4. Th\u00e9rapie de l&#039;articulation m\u00e9tallique : l&#039;articulation m\u00e9tallique est un outil essentiel pour l&#039;activation de la circulation et le traitement des fibres musculaires. Sa conception ergonomique et sa construction en aluminium garantissent une utilisation confortable et efficace. Cette articulation permet de travailler sur des zones sp\u00e9cifiques et de fatiguer la fibre musculaire, ce qui favorise la relaxation et la r\u00e9cup\u00e9ration. Une occasion unique de vous \u00e9quiper d\u2019un kit professionnel de th\u00e9rapie du bois au meilleur prix avant son lancement.\" \/>\n<meta property=\"og:url\" content=\"https:\/\/maderoterapiaonline.org\/fr\/producto\/kit-metalterapia-4-elementos-prime\/\" \/>\n<meta property=\"og:site_name\" content=\"Maderoterapia Online\" \/>\n<meta property=\"article:modified_time\" content=\"2026-01-08T11:43:29+00:00\" \/>\n<meta property=\"og:image\" content=\"https:\/\/maderoterapiaonline.org\/wp-content\/uploads\/2025\/12\/metalterapia-prime.jpg\" \/>\n\t<meta property=\"og:image:width\" content=\"1080\" \/>\n\t<meta property=\"og:image:height\" content=\"1080\" \/>\n\t<meta property=\"og:image:type\" content=\"image\/jpeg\" \/>\n<meta name=\"twitter:card\" content=\"summary_large_image\" \/>\n<script type=\"application\/ld+json\" class=\"yoast-schema-graph\">{\"@context\":\"https:\/\/schema.org\",\"@graph\":[{\"@type\":\"WebPage\",\"@id\":\"https:\/\/maderoterapiaonline.org\/fr\/producto\/kit-metalterapia-4-elementos-prime\/\",\"url\":\"https:\/\/maderoterapiaonline.org\/fr\/producto\/kit-metalterapia-4-elementos-prime\/\",\"name\":\"\u00c9l\u00e9ments principaux du kit de m\u00e9talth\u00e9rapie 4 - Maderoterapia Online\",\"isPartOf\":{\"@id\":\"https:\/\/maderoterapiaonline.org\/fr\/#website\"},\"primaryImageOfPage\":{\"@id\":\"https:\/\/maderoterapiaonline.org\/fr\/producto\/kit-metalterapia-4-elementos-prime\/#primaryimage\"},\"image\":{\"@id\":\"https:\/\/maderoterapiaonline.org\/fr\/producto\/kit-metalterapia-4-elementos-prime\/#primaryimage\"},\"thumbnailUrl\":\"https:\/\/maderoterapiaonline.org\/wp-content\/uploads\/2025\/12\/metalterapia-prime.jpg\",\"datePublished\":\"2025-12-24T07:57:06+00:00\",\"dateModified\":\"2026-01-08T11:43:29+00:00\",\"breadcrumb\":{\"@id\":\"https:\/\/maderoterapiaonline.org\/fr\/producto\/kit-metalterapia-4-elementos-prime\/#breadcrumb\"},\"inLanguage\":\"fr-FR\",\"potentialAction\":[{\"@type\":\"ReadAction\",\"target\":[\"https:\/\/maderoterapiaonline.org\/fr\/producto\/kit-metalterapia-4-elementos-prime\/\"]}]},{\"@type\":\"ImageObject\",\"inLanguage\":\"fr-FR\",\"@id\":\"https:\/\/maderoterapiaonline.org\/fr\/producto\/kit-metalterapia-4-elementos-prime\/#primaryimage\",\"url\":\"https:\/\/maderoterapiaonline.org\/wp-content\/uploads\/2025\/12\/metalterapia-prime.jpg\",\"contentUrl\":\"https:\/\/maderoterapiaonline.org\/wp-content\/uploads\/2025\/12\/metalterapia-prime.jpg\",\"width\":1080,\"height\":1080},{\"@type\":\"BreadcrumbList\",\"@id\":\"https:\/\/maderoterapiaonline.org\/fr\/producto\/kit-metalterapia-4-elementos-prime\/#breadcrumb\",\"itemListElement\":[{\"@type\":\"ListItem\",\"position\":1,\"name\":\"Portada\",\"item\":\"https:\/\/maderoterapiaonline.org\/fr\/\"},{\"@type\":\"ListItem\",\"position\":2,\"name\":\"Boutique\",\"item\":\"https:\/\/maderoterapiaonline.org\/kits-maderas\/\"},{\"@type\":\"ListItem\",\"position\":3,\"name\":\"\u00c9l\u00e9ments principaux du kit de m\u00e9talth\u00e9rapie 4\"}]},{\"@type\":\"WebSite\",\"@id\":\"https:\/\/maderoterapiaonline.org\/fr\/#website\",\"url\":\"https:\/\/maderoterapiaonline.org\/fr\/\",\"name\":\"Maderoterapia Online\",\"description\":\"Compra tu kit de Maderoterapia Profesional. Env\u00edos 24\/48h. Atenci\u00f3n al cliente por profesionales Maderoterapeutas\",\"publisher\":{\"@id\":\"https:\/\/maderoterapiaonline.org\/fr\/#organization\"},\"alternateName\":\"Maderoterapiaonline.org\",\"potentialAction\":[{\"@type\":\"SearchAction\",\"target\":{\"@type\":\"EntryPoint\",\"urlTemplate\":\"https:\/\/maderoterapiaonline.org\/fr\/?s={search_term_string}\"},\"query-input\":{\"@type\":\"PropertyValueSpecification\",\"valueRequired\":true,\"valueName\":\"search_term_string\"}}],\"inLanguage\":\"fr-FR\"},{\"@type\":\"Organization\",\"@id\":\"https:\/\/maderoterapiaonline.org\/fr\/#organization\",\"name\":\"Maderoterapia Est\u00e9tica Espa\u00f1a \u2013 Dori L\u00f3pez\u00ae y Escuela Profesional Maderoterapia Online\u00ae.\",\"url\":\"https:\/\/maderoterapiaonline.org\/fr\/\",\"logo\":{\"@type\":\"ImageObject\",\"inLanguage\":\"fr-FR\",\"@id\":\"https:\/\/maderoterapiaonline.org\/fr\/#\/schema\/logo\/image\/\",\"url\":\"https:\/\/maderoterapiaonline.org\/wp-content\/uploads\/2025\/03\/Logo-M-1.png\",\"contentUrl\":\"https:\/\/maderoterapiaonline.org\/wp-content\/uploads\/2025\/03\/Logo-M-1.png\",\"width\":1464,\"height\":1051,\"caption\":\"Maderoterapia Est\u00e9tica Espa\u00f1a \u2013 Dori L\u00f3pez\u00ae y Escuela Profesional Maderoterapia Online\u00ae.\"},\"image\":{\"@id\":\"https:\/\/maderoterapiaonline.org\/fr\/#\/schema\/logo\/image\/\"}}]}<\/script>\n<!-- \/ Yoast SEO plugin. -->","yoast_head_json":{"title":"\u00c9l\u00e9ments principaux du kit de m\u00e9talth\u00e9rapie 4 - Maderoterapia Online","robots":{"index":"index","follow":"follow","max-snippet":"max-snippet:-1","max-image-preview":"max-image-preview:large","max-video-preview":"max-video-preview:-1"},"canonical":"https:\/\/maderoterapiaonline.org\/fr\/producto\/kit-metalterapia-4-elementos-prime\/","og_locale":"fr_FR","og_type":"article","og_title":"\u00c9l\u00e9ments principaux du kit de m\u00e9talth\u00e9rapie 4 - Maderoterapia Online","og_description":"D\u00e9couvrez l\u2019incroyable kit de m\u00e9talth\u00e9rapie Prime de l\u2019\u00c9cole Maderoterapia Est\u00e9tica, Espagne\u00ae . Ce kit de haute qualit\u00e9 et con\u00e7u avec pr\u00e9cision vous offre tous les outils n\u00e9cessaires pour obtenir une exp\u00e9rience de m\u00e9talth\u00e9rapie efficace et professionnelle Le kit de m\u00e9tallotherapeute comprend 4 \u00e9l\u00e9ments essentiels en aluminium r\u00e9sistant : 1) Coupe de m\u00e9talth\u00e9rapie : cette coupe su\u00e9doise en m\u00e9tal est tr\u00e8s efficace pour r\u00e9duire les graisses localis\u00e9es, la cellulite tenace et raffermir la peau. De plus, sa conception anatomique permet une prise optimale gr\u00e2ce \u00e0 son long manche et permet d\u2019effectuer des mouvements de marquage et de drainage h\u00e9m\u00e9trophhatique, am\u00e9liorant la circulation et contribuant \u00e0 r\u00e9duire l\u2019apparence des fesses. 2. Champignon\/m\u00e9talth\u00e9rapie par les champignons : ce champignon anti-inflammatoire et r\u00e9ducteur est l'\u00e9l\u00e9ment initial de chaque s\u00e9ance de m\u00e9talth\u00e9rapie. Sa fonction principale est de r\u00e9duire l'inflammation dans les zones trait\u00e9es, y compris la graisse encapsul\u00e9e et la cellulite. Il contribue \u00e9galement \u00e0 tonifier et \u00e0 raffermir la peau, renfor\u00e7ant ainsi les r\u00e9sultats obtenus avec la coupe su\u00e9doise. 3) Planche de modelage m\u00e9talth\u00e9rapeutique : la planche m\u00e9tallique dent\u00e9e permet de raffermir, de tonifier la peau et de modeler les fesses. Sa forme ergonomique et sa conception sp\u00e9cifique permettent des mouvements pr\u00e9cis pour des r\u00e9sultats visibles et durables. 4. Th\u00e9rapie de l'articulation m\u00e9tallique : l'articulation m\u00e9tallique est un outil essentiel pour l'activation de la circulation et le traitement des fibres musculaires. Sa conception ergonomique et sa construction en aluminium garantissent une utilisation confortable et efficace. Cette articulation permet de travailler sur des zones sp\u00e9cifiques et de fatiguer la fibre musculaire, ce qui favorise la relaxation et la r\u00e9cup\u00e9ration. Une occasion unique de vous \u00e9quiper d\u2019un kit professionnel de th\u00e9rapie du bois au meilleur prix avant son lancement.","og_url":"https:\/\/maderoterapiaonline.org\/fr\/producto\/kit-metalterapia-4-elementos-prime\/","og_site_name":"Maderoterapia Online","article_modified_time":"2026-01-08T11:43:29+00:00","og_image":[{"width":1080,"height":1080,"url":"https:\/\/maderoterapiaonline.org\/wp-content\/uploads\/2025\/12\/metalterapia-prime.jpg","type":"image\/jpeg"}],"twitter_card":"summary_large_image","schema":{"@context":"https:\/\/schema.org","@graph":[{"@type":"WebPage","@id":"https:\/\/maderoterapiaonline.org\/fr\/producto\/kit-metalterapia-4-elementos-prime\/","url":"https:\/\/maderoterapiaonline.org\/fr\/producto\/kit-metalterapia-4-elementos-prime\/","name":"\u00c9l\u00e9ments principaux du kit de m\u00e9talth\u00e9rapie 4 - Maderoterapia Online","isPartOf":{"@id":"https:\/\/maderoterapiaonline.org\/fr\/#website"},"primaryImageOfPage":{"@id":"https:\/\/maderoterapiaonline.org\/fr\/producto\/kit-metalterapia-4-elementos-prime\/#primaryimage"},"image":{"@id":"https:\/\/maderoterapiaonline.org\/fr\/producto\/kit-metalterapia-4-elementos-prime\/#primaryimage"},"thumbnailUrl":"https:\/\/maderoterapiaonline.org\/wp-content\/uploads\/2025\/12\/metalterapia-prime.jpg","datePublished":"2025-12-24T07:57:06+00:00","dateModified":"2026-01-08T11:43:29+00:00","breadcrumb":{"@id":"https:\/\/maderoterapiaonline.org\/fr\/producto\/kit-metalterapia-4-elementos-prime\/#breadcrumb"},"inLanguage":"fr-FR","potentialAction":[{"@type":"ReadAction","target":["https:\/\/maderoterapiaonline.org\/fr\/producto\/kit-metalterapia-4-elementos-prime\/"]}]},{"@type":"ImageObject","inLanguage":"fr-FR","@id":"https:\/\/maderoterapiaonline.org\/fr\/producto\/kit-metalterapia-4-elementos-prime\/#primaryimage","url":"https:\/\/maderoterapiaonline.org\/wp-content\/uploads\/2025\/12\/metalterapia-prime.jpg","contentUrl":"https:\/\/maderoterapiaonline.org\/wp-content\/uploads\/2025\/12\/metalterapia-prime.jpg","width":1080,"height":1080},{"@type":"BreadcrumbList","@id":"https:\/\/maderoterapiaonline.org\/fr\/producto\/kit-metalterapia-4-elementos-prime\/#breadcrumb","itemListElement":[{"@type":"ListItem","position":1,"name":"Portada","item":"https:\/\/maderoterapiaonline.org\/fr\/"},{"@type":"ListItem","position":2,"name":"Boutique","item":"https:\/\/maderoterapiaonline.org\/kits-maderas\/"},{"@type":"ListItem","position":3,"name":"\u00c9l\u00e9ments principaux du kit de m\u00e9talth\u00e9rapie 4"}]},{"@type":"WebSite","@id":"https:\/\/maderoterapiaonline.org\/fr\/#website","url":"https:\/\/maderoterapiaonline.org\/fr\/","name":"Maderoterapia Online","description":"Compra tu kit de Maderoterapia Profesional. Env\u00edos 24\/48h. Atenci\u00f3n al cliente por profesionales Maderoterapeutas","publisher":{"@id":"https:\/\/maderoterapiaonline.org\/fr\/#organization"},"alternateName":"Maderoterapiaonline.org","potentialAction":[{"@type":"SearchAction","target":{"@type":"EntryPoint","urlTemplate":"https:\/\/maderoterapiaonline.org\/fr\/?s={search_term_string}"},"query-input":{"@type":"PropertyValueSpecification","valueRequired":true,"valueName":"search_term_string"}}],"inLanguage":"fr-FR"},{"@type":"Organization","@id":"https:\/\/maderoterapiaonline.org\/fr\/#organization","name":"Maderoterapia Est\u00e9tica Espa\u00f1a \u2013 Dori L\u00f3pez\u00ae y Escuela Profesional Maderoterapia Online\u00ae.","url":"https:\/\/maderoterapiaonline.org\/fr\/","logo":{"@type":"ImageObject","inLanguage":"fr-FR","@id":"https:\/\/maderoterapiaonline.org\/fr\/#\/schema\/logo\/image\/","url":"https:\/\/maderoterapiaonline.org\/wp-content\/uploads\/2025\/03\/Logo-M-1.png","contentUrl":"https:\/\/maderoterapiaonline.org\/wp-content\/uploads\/2025\/03\/Logo-M-1.png","width":1464,"height":1051,"caption":"Maderoterapia Est\u00e9tica Espa\u00f1a \u2013 Dori L\u00f3pez\u00ae y Escuela Profesional Maderoterapia Online\u00ae."},"image":{"@id":"https:\/\/maderoterapiaonline.org\/fr\/#\/schema\/logo\/image\/"}}]}},"_links":{"self":[{"href":"https:\/\/maderoterapiaonline.org\/fr\/wp-json\/wp\/v2\/product\/49840","targetHints":{"allow":["GET"]}}],"collection":[{"href":"https:\/\/maderoterapiaonline.org\/fr\/wp-json\/wp\/v2\/product"}],"about":[{"href":"https:\/\/maderoterapiaonline.org\/fr\/wp-json\/wp\/v2\/types\/product"}],"replies":[{"embeddable":true,"href":"https:\/\/maderoterapiaonline.org\/fr\/wp-json\/wp\/v2\/comments?post=49840"}],"wp:featuredmedia":[{"embeddable":true,"href":"https:\/\/maderoterapiaonline.org\/fr\/wp-json\/wp\/v2\/media\/49793"}],"wp:attachment":[{"href":"https:\/\/maderoterapiaonline.org\/fr\/wp-json\/wp\/v2\/media?parent=49840"}],"wp:term":[{"taxonomy":"product_brand","embeddable":true,"href":"https:\/\/maderoterapiaonline.org\/fr\/wp-json\/wp\/v2\/product_brand?post=49840"},{"taxonomy":"product_cat","embeddable":true,"href":"https:\/\/maderoterapiaonline.org\/fr\/wp-json\/wp\/v2\/product_cat?post=49840"},{"taxonomy":"product_tag","embeddable":true,"href":"https:\/\/maderoterapiaonline.org\/fr\/wp-json\/wp\/v2\/product_tag?post=49840"}],"curies":[{"name":"wp","href":"https:\/\/api.w.org\/{rel}","templated":true}]}}