{"id":49695,"date":"2025-11-26T08:38:00","date_gmt":"2025-11-26T07:38:00","guid":{"rendered":"https:\/\/maderoterapiaonline.org\/?post_type=product&#038;p=49695"},"modified":"2025-11-26T09:30:32","modified_gmt":"2025-11-26T08:30:32","slug":"pareja-de-champinon-maderoterapia-style","status":"publish","type":"product","link":"https:\/\/maderoterapiaonline.org\/fr\/producto\/pareja-de-champinon-maderoterapia-style\/","title":{"rendered":"Paire de champignons style Wood Therapy"},"content":{"rendered":"<p><iframe loading=\"lazy\" title=\"Vid\u00e9o YouTube\" src=\"https:\/\/www.youtube.com\/embed\/x-K-M4XKgXg?si=IXevQ9eubJyigRTS\" width=\"560\" height=\"315\" frameborder=\"0\" allowfullscreen=\"allowfullscreen\"><\/iframe><\/p>\n<p>\u00bfR\u00e9duire le volume et \u00e9liminer la cellulite? Avec <strong>le Champignon r\u00e9ducteur anticellulite<\/strong>, vous pouvez approfondir le traitement pour r\u00e9duire le volume et \u00e9liminer la cellulite de mani\u00e8re plus efficace.<\/p>\n<p><strong>Le Champignon Maderoterapia est fabriqu\u00e9 en bois de h\u00eatre, con\u00e7u pour la Maderoterapia Online<\/strong><\/p>\n<p>Avec le Champignon, nous pouvons d\u00e9faire de mani\u00e8re plus efficace les 4 types de cellulite qui existent, ce qui en fait un \u00e9l\u00e9ment indispensable dans un bon traitement anticellulite, en plus de sa capacit\u00e9 impressionnante \u00e0 r\u00e9duire le volume caus\u00e9 par les liquides et la graisse, pour obtenir les meilleurs r\u00e9sultats.<\/p>\n<p>Quantit\u00e9 : 1 Champignon<\/p>\n<p>&nbsp;<\/p>\n","protected":false},"excerpt":{"rendered":"<p>Vous souhaitez affiner votre silhouette et \u00e9liminer la cellulite ? Gr\u00e2ce \u00e0 ce duo de champignons amincissants anti-cellulite, optimisez votre traitement anti-cellulite.<\/p>\n<p>Le champignon de th\u00e9rapie par le bois est fabriqu\u00e9 en bois de h\u00eatre et sp\u00e9cialement con\u00e7u pour la th\u00e9rapie par le bois en ligne.<\/p>\n<p>Ces champignons contribuent \u00e0 d\u00e9composer plus efficacement les quatre types de cellulite. Ce duo est essentiel \u00e0 tout bon traitement anti-cellulite ; sa capacit\u00e9 \u00e0 r\u00e9duire le volume d\u00fb \u00e0 la r\u00e9tention d\u2019eau et de graisse est remarquable, vous permettant d\u2019obtenir des r\u00e9sultats optimaux.<\/p>\n<p>Quantit\u00e9 : 2 champignons<\/p>\n","protected":false},"featured_media":49720,"comment_status":"closed","ping_status":"closed","template":"","meta":{"content-type":""},"product_brand":[],"product_cat":[387,388],"product_tag":[],"class_list":{"0":"post-49695","1":"product","2":"type-product","3":"status-publish","4":"has-post-thumbnail","6":"product_cat-elements-en-bois","7":"product_cat-therapie-du-bois","9":"first","10":"instock","11":"sale","12":"taxable","13":"shipping-taxable","14":"purchasable","15":"product-type-simple"},"yoast_head":"<!-- This site is optimized with the Yoast SEO plugin v27.4 - https:\/\/yoast.com\/product\/yoast-seo-wordpress\/ -->\n<title>Paire de champignons style Wood Therapy - Maderoterapia Online<\/title>\n<meta name=\"robots\" content=\"index, follow, max-snippet:-1, max-image-preview:large, max-video-preview:-1\" \/>\n<link rel=\"canonical\" href=\"https:\/\/maderoterapiaonline.org\/fr\/producto\/pareja-de-champinon-maderoterapia-style\/\" \/>\n<meta property=\"og:locale\" content=\"fr_FR\" \/>\n<meta property=\"og:type\" content=\"article\" \/>\n<meta property=\"og:title\" content=\"Paire de champignons style Wood Therapy - Maderoterapia Online\" \/>\n<meta property=\"og:description\" content=\"Vous souhaitez affiner votre silhouette et \u00e9liminer la cellulite ? Gr\u00e2ce \u00e0 ce duo de champignons amincissants anti-cellulite, optimisez votre traitement anti-cellulite. Le champignon de th\u00e9rapie par le bois est fabriqu\u00e9 en bois de h\u00eatre et sp\u00e9cialement con\u00e7u pour la th\u00e9rapie par le bois en ligne. Ces champignons contribuent \u00e0 d\u00e9composer plus efficacement les quatre types de cellulite. Ce duo est essentiel \u00e0 tout bon traitement anti-cellulite ; sa capacit\u00e9 \u00e0 r\u00e9duire le volume d\u00fb \u00e0 la r\u00e9tention d\u2019eau et de graisse est remarquable, vous permettant d\u2019obtenir des r\u00e9sultats optimaux. Quantit\u00e9 : 2 champignons\" \/>\n<meta property=\"og:url\" content=\"https:\/\/maderoterapiaonline.org\/fr\/producto\/pareja-de-champinon-maderoterapia-style\/\" \/>\n<meta property=\"og:site_name\" content=\"Maderoterapia Online\" \/>\n<meta property=\"article:modified_time\" content=\"2025-11-26T08:30:32+00:00\" \/>\n<meta property=\"og:image\" content=\"https:\/\/maderoterapiaonline.org\/wp-content\/uploads\/2025\/11\/Pareja-de-champinones-reductores-style-maderoterapiaonline.jpg\" \/>\n\t<meta property=\"og:image:width\" content=\"1080\" \/>\n\t<meta property=\"og:image:height\" content=\"1080\" \/>\n\t<meta property=\"og:image:type\" content=\"image\/jpeg\" \/>\n<meta name=\"twitter:card\" content=\"summary_large_image\" \/>\n<meta name=\"twitter:label1\" content=\"Dur\u00e9e de lecture estim\u00e9e\" \/>\n\t<meta name=\"twitter:data1\" content=\"1 minute\" \/>\n<script type=\"application\/ld+json\" class=\"yoast-schema-graph\">{\"@context\":\"https:\\\/\\\/schema.org\",\"@graph\":[{\"@type\":\"WebPage\",\"@id\":\"https:\\\/\\\/maderoterapiaonline.org\\\/fr\\\/producto\\\/pareja-de-champinon-maderoterapia-style\\\/\",\"url\":\"https:\\\/\\\/maderoterapiaonline.org\\\/fr\\\/producto\\\/pareja-de-champinon-maderoterapia-style\\\/\",\"name\":\"Paire de champignons style Wood Therapy - Maderoterapia Online\",\"isPartOf\":{\"@id\":\"https:\\\/\\\/maderoterapiaonline.org\\\/fr\\\/#website\"},\"primaryImageOfPage\":{\"@id\":\"https:\\\/\\\/maderoterapiaonline.org\\\/fr\\\/producto\\\/pareja-de-champinon-maderoterapia-style\\\/#primaryimage\"},\"image\":{\"@id\":\"https:\\\/\\\/maderoterapiaonline.org\\\/fr\\\/producto\\\/pareja-de-champinon-maderoterapia-style\\\/#primaryimage\"},\"thumbnailUrl\":\"https:\\\/\\\/maderoterapiaonline.org\\\/wp-content\\\/uploads\\\/2025\\\/11\\\/Pareja-de-champinones-reductores-style-maderoterapiaonline.jpg\",\"datePublished\":\"2025-11-26T07:38:00+00:00\",\"dateModified\":\"2025-11-26T08:30:32+00:00\",\"breadcrumb\":{\"@id\":\"https:\\\/\\\/maderoterapiaonline.org\\\/fr\\\/producto\\\/pareja-de-champinon-maderoterapia-style\\\/#breadcrumb\"},\"inLanguage\":\"fr-FR\",\"potentialAction\":[{\"@type\":\"ReadAction\",\"target\":[\"https:\\\/\\\/maderoterapiaonline.org\\\/fr\\\/producto\\\/pareja-de-champinon-maderoterapia-style\\\/\"]}]},{\"@type\":\"ImageObject\",\"inLanguage\":\"fr-FR\",\"@id\":\"https:\\\/\\\/maderoterapiaonline.org\\\/fr\\\/producto\\\/pareja-de-champinon-maderoterapia-style\\\/#primaryimage\",\"url\":\"https:\\\/\\\/maderoterapiaonline.org\\\/wp-content\\\/uploads\\\/2025\\\/11\\\/Pareja-de-champinones-reductores-style-maderoterapiaonline.jpg\",\"contentUrl\":\"https:\\\/\\\/maderoterapiaonline.org\\\/wp-content\\\/uploads\\\/2025\\\/11\\\/Pareja-de-champinones-reductores-style-maderoterapiaonline.jpg\",\"width\":1080,\"height\":1080,\"caption\":\"Pareja de champi\u00f1ones reductores style maderoterapiaonline\"},{\"@type\":\"BreadcrumbList\",\"@id\":\"https:\\\/\\\/maderoterapiaonline.org\\\/fr\\\/producto\\\/pareja-de-champinon-maderoterapia-style\\\/#breadcrumb\",\"itemListElement\":[{\"@type\":\"ListItem\",\"position\":1,\"name\":\"Portada\",\"item\":\"https:\\\/\\\/maderoterapiaonline.org\\\/fr\\\/\"},{\"@type\":\"ListItem\",\"position\":2,\"name\":\"Boutique\",\"item\":\"https:\\\/\\\/maderoterapiaonline.org\\\/kits-maderas\\\/\"},{\"@type\":\"ListItem\",\"position\":3,\"name\":\"Paire de champignons style Wood Therapy\"}]},{\"@type\":\"WebSite\",\"@id\":\"https:\\\/\\\/maderoterapiaonline.org\\\/fr\\\/#website\",\"url\":\"https:\\\/\\\/maderoterapiaonline.org\\\/fr\\\/\",\"name\":\"Maderoterapia Online\",\"description\":\"Compra tu kit de Maderoterapia Profesional. Env\u00edos 24\\\/48h. Atenci\u00f3n al cliente por profesionales Maderoterapeutas\",\"publisher\":{\"@id\":\"https:\\\/\\\/maderoterapiaonline.org\\\/fr\\\/#organization\"},\"alternateName\":\"Maderoterapiaonline.org\",\"potentialAction\":[{\"@type\":\"SearchAction\",\"target\":{\"@type\":\"EntryPoint\",\"urlTemplate\":\"https:\\\/\\\/maderoterapiaonline.org\\\/fr\\\/?s={search_term_string}\"},\"query-input\":{\"@type\":\"PropertyValueSpecification\",\"valueRequired\":true,\"valueName\":\"search_term_string\"}}],\"inLanguage\":\"fr-FR\"},{\"@type\":\"Organization\",\"@id\":\"https:\\\/\\\/maderoterapiaonline.org\\\/fr\\\/#organization\",\"name\":\"Maderoterapia Est\u00e9tica Espa\u00f1a \u2013 Dori L\u00f3pez\u00ae y Escuela Profesional Maderoterapia Online\u00ae.\",\"url\":\"https:\\\/\\\/maderoterapiaonline.org\\\/fr\\\/\",\"logo\":{\"@type\":\"ImageObject\",\"inLanguage\":\"fr-FR\",\"@id\":\"https:\\\/\\\/maderoterapiaonline.org\\\/fr\\\/#\\\/schema\\\/logo\\\/image\\\/\",\"url\":\"https:\\\/\\\/maderoterapiaonline.org\\\/wp-content\\\/uploads\\\/2025\\\/03\\\/Logo-M-1.png\",\"contentUrl\":\"https:\\\/\\\/maderoterapiaonline.org\\\/wp-content\\\/uploads\\\/2025\\\/03\\\/Logo-M-1.png\",\"width\":1464,\"height\":1051,\"caption\":\"Maderoterapia Est\u00e9tica Espa\u00f1a \u2013 Dori L\u00f3pez\u00ae y Escuela Profesional Maderoterapia Online\u00ae.\"},\"image\":{\"@id\":\"https:\\\/\\\/maderoterapiaonline.org\\\/fr\\\/#\\\/schema\\\/logo\\\/image\\\/\"}}]}<\/script>\n<!-- \/ Yoast SEO plugin. -->","yoast_head_json":{"title":"Paire de champignons style Wood Therapy - Maderoterapia Online","robots":{"index":"index","follow":"follow","max-snippet":"max-snippet:-1","max-image-preview":"max-image-preview:large","max-video-preview":"max-video-preview:-1"},"canonical":"https:\/\/maderoterapiaonline.org\/fr\/producto\/pareja-de-champinon-maderoterapia-style\/","og_locale":"fr_FR","og_type":"article","og_title":"Paire de champignons style Wood Therapy - Maderoterapia Online","og_description":"Vous souhaitez affiner votre silhouette et \u00e9liminer la cellulite ? Gr\u00e2ce \u00e0 ce duo de champignons amincissants anti-cellulite, optimisez votre traitement anti-cellulite. Le champignon de th\u00e9rapie par le bois est fabriqu\u00e9 en bois de h\u00eatre et sp\u00e9cialement con\u00e7u pour la th\u00e9rapie par le bois en ligne. Ces champignons contribuent \u00e0 d\u00e9composer plus efficacement les quatre types de cellulite. Ce duo est essentiel \u00e0 tout bon traitement anti-cellulite ; sa capacit\u00e9 \u00e0 r\u00e9duire le volume d\u00fb \u00e0 la r\u00e9tention d\u2019eau et de graisse est remarquable, vous permettant d\u2019obtenir des r\u00e9sultats optimaux. Quantit\u00e9 : 2 champignons","og_url":"https:\/\/maderoterapiaonline.org\/fr\/producto\/pareja-de-champinon-maderoterapia-style\/","og_site_name":"Maderoterapia Online","article_modified_time":"2025-11-26T08:30:32+00:00","og_image":[{"width":1080,"height":1080,"url":"https:\/\/maderoterapiaonline.org\/wp-content\/uploads\/2025\/11\/Pareja-de-champinones-reductores-style-maderoterapiaonline.jpg","type":"image\/jpeg"}],"twitter_card":"summary_large_image","twitter_misc":{"Dur\u00e9e de lecture estim\u00e9e":"1 minute"},"schema":{"@context":"https:\/\/schema.org","@graph":[{"@type":"WebPage","@id":"https:\/\/maderoterapiaonline.org\/fr\/producto\/pareja-de-champinon-maderoterapia-style\/","url":"https:\/\/maderoterapiaonline.org\/fr\/producto\/pareja-de-champinon-maderoterapia-style\/","name":"Paire de champignons style Wood Therapy - Maderoterapia Online","isPartOf":{"@id":"https:\/\/maderoterapiaonline.org\/fr\/#website"},"primaryImageOfPage":{"@id":"https:\/\/maderoterapiaonline.org\/fr\/producto\/pareja-de-champinon-maderoterapia-style\/#primaryimage"},"image":{"@id":"https:\/\/maderoterapiaonline.org\/fr\/producto\/pareja-de-champinon-maderoterapia-style\/#primaryimage"},"thumbnailUrl":"https:\/\/maderoterapiaonline.org\/wp-content\/uploads\/2025\/11\/Pareja-de-champinones-reductores-style-maderoterapiaonline.jpg","datePublished":"2025-11-26T07:38:00+00:00","dateModified":"2025-11-26T08:30:32+00:00","breadcrumb":{"@id":"https:\/\/maderoterapiaonline.org\/fr\/producto\/pareja-de-champinon-maderoterapia-style\/#breadcrumb"},"inLanguage":"fr-FR","potentialAction":[{"@type":"ReadAction","target":["https:\/\/maderoterapiaonline.org\/fr\/producto\/pareja-de-champinon-maderoterapia-style\/"]}]},{"@type":"ImageObject","inLanguage":"fr-FR","@id":"https:\/\/maderoterapiaonline.org\/fr\/producto\/pareja-de-champinon-maderoterapia-style\/#primaryimage","url":"https:\/\/maderoterapiaonline.org\/wp-content\/uploads\/2025\/11\/Pareja-de-champinones-reductores-style-maderoterapiaonline.jpg","contentUrl":"https:\/\/maderoterapiaonline.org\/wp-content\/uploads\/2025\/11\/Pareja-de-champinones-reductores-style-maderoterapiaonline.jpg","width":1080,"height":1080,"caption":"Pareja de champi\u00f1ones reductores style maderoterapiaonline"},{"@type":"BreadcrumbList","@id":"https:\/\/maderoterapiaonline.org\/fr\/producto\/pareja-de-champinon-maderoterapia-style\/#breadcrumb","itemListElement":[{"@type":"ListItem","position":1,"name":"Portada","item":"https:\/\/maderoterapiaonline.org\/fr\/"},{"@type":"ListItem","position":2,"name":"Boutique","item":"https:\/\/maderoterapiaonline.org\/kits-maderas\/"},{"@type":"ListItem","position":3,"name":"Paire de champignons style Wood Therapy"}]},{"@type":"WebSite","@id":"https:\/\/maderoterapiaonline.org\/fr\/#website","url":"https:\/\/maderoterapiaonline.org\/fr\/","name":"Maderoterapia Online","description":"Compra tu kit de Maderoterapia Profesional. Env\u00edos 24\/48h. Atenci\u00f3n al cliente por profesionales Maderoterapeutas","publisher":{"@id":"https:\/\/maderoterapiaonline.org\/fr\/#organization"},"alternateName":"Maderoterapiaonline.org","potentialAction":[{"@type":"SearchAction","target":{"@type":"EntryPoint","urlTemplate":"https:\/\/maderoterapiaonline.org\/fr\/?s={search_term_string}"},"query-input":{"@type":"PropertyValueSpecification","valueRequired":true,"valueName":"search_term_string"}}],"inLanguage":"fr-FR"},{"@type":"Organization","@id":"https:\/\/maderoterapiaonline.org\/fr\/#organization","name":"Maderoterapia Est\u00e9tica Espa\u00f1a \u2013 Dori L\u00f3pez\u00ae y Escuela Profesional Maderoterapia Online\u00ae.","url":"https:\/\/maderoterapiaonline.org\/fr\/","logo":{"@type":"ImageObject","inLanguage":"fr-FR","@id":"https:\/\/maderoterapiaonline.org\/fr\/#\/schema\/logo\/image\/","url":"https:\/\/maderoterapiaonline.org\/wp-content\/uploads\/2025\/03\/Logo-M-1.png","contentUrl":"https:\/\/maderoterapiaonline.org\/wp-content\/uploads\/2025\/03\/Logo-M-1.png","width":1464,"height":1051,"caption":"Maderoterapia Est\u00e9tica Espa\u00f1a \u2013 Dori L\u00f3pez\u00ae y Escuela Profesional Maderoterapia Online\u00ae."},"image":{"@id":"https:\/\/maderoterapiaonline.org\/fr\/#\/schema\/logo\/image\/"}}]}},"_links":{"self":[{"href":"https:\/\/maderoterapiaonline.org\/fr\/wp-json\/wp\/v2\/product\/49695","targetHints":{"allow":["GET"]}}],"collection":[{"href":"https:\/\/maderoterapiaonline.org\/fr\/wp-json\/wp\/v2\/product"}],"about":[{"href":"https:\/\/maderoterapiaonline.org\/fr\/wp-json\/wp\/v2\/types\/product"}],"replies":[{"embeddable":true,"href":"https:\/\/maderoterapiaonline.org\/fr\/wp-json\/wp\/v2\/comments?post=49695"}],"wp:featuredmedia":[{"embeddable":true,"href":"https:\/\/maderoterapiaonline.org\/fr\/wp-json\/wp\/v2\/media\/49720"}],"wp:attachment":[{"href":"https:\/\/maderoterapiaonline.org\/fr\/wp-json\/wp\/v2\/media?parent=49695"}],"wp:term":[{"taxonomy":"product_brand","embeddable":true,"href":"https:\/\/maderoterapiaonline.org\/fr\/wp-json\/wp\/v2\/product_brand?post=49695"},{"taxonomy":"product_cat","embeddable":true,"href":"https:\/\/maderoterapiaonline.org\/fr\/wp-json\/wp\/v2\/product_cat?post=49695"},{"taxonomy":"product_tag","embeddable":true,"href":"https:\/\/maderoterapiaonline.org\/fr\/wp-json\/wp\/v2\/product_tag?post=49695"}],"curies":[{"name":"wp","href":"https:\/\/api.w.org\/{rel}","templated":true}]}}