{"id":48795,"date":"2025-04-21T13:47:02","date_gmt":"2025-04-21T11:47:02","guid":{"rendered":"https:\/\/maderoterapiaonline.org\/producto\/rodillo-fascial-de-maderoterapia\/"},"modified":"2024-12-20T13:47:02","modified_gmt":"2024-12-20T12:47:02","slug":"rodillo-fascial-de-maderoterapia","status":"publish","type":"product","link":"https:\/\/maderoterapiaonline.org\/fr\/producto\/rodillo-fascial-de-maderoterapia\/","title":{"rendered":"Rouleau de th\u00e9rapie par le bois fascial"},"content":{"rendered":"<p>Amenez votre pratique de th\u00e9rapie par le bois vers de nouveaux sommets avec notre <strong>rouleau fascial en bois<\/strong>, un outil indispensable pour les massoth\u00e9rapeutes et les th\u00e9rapeutes du bois qui cherchent \u00e0 innover et \u00e0 obtenir des r\u00e9sultats plus efficaces. Con\u00e7u avec un <strong>mat\u00e9riau 100 % coton<\/strong> et un <strong>noyau tiss\u00e9 inalt\u00e9rable<\/strong>, sa <strong>conception \u00e0 rainure centrale<\/strong> am\u00e9liore la fonctionnalit\u00e9, offrant un massage profond et relaxant. <\/p>\n<p>Ce masseur manuel est sp\u00e9cialement \u00e9quip\u00e9 d\u2019une <strong>surface en corde de coton<\/strong> pour favoriser la relaxation, et sa <strong>poign\u00e9e antid\u00e9rapante<\/strong> assure une prise en main confortable et s\u00fbre pendant l\u2019utilisation. Id\u00e9al pour <b>la pr\u00e9paration corporelle,<\/b> le rel\u00e2chement des tensions et l\u2019am\u00e9lioration de la circulation sanguine. <\/p>\n<p><strong>Principaux avantages :<\/strong><\/p>\n<ul>\n<li><strong>Modelage corporel et anti-cellulite<\/strong> : Tonifie et r\u00e9duit efficacement les graisses.<\/li>\n<li><strong>R\u00e9cup\u00e9ration musculaire et souplesse<\/strong> : Soulage la fatigue, am\u00e9liore l\u2019activit\u00e9 physique et favorise la mobilit\u00e9.<\/li>\n<li><strong>Portable et l\u00e9ger<\/strong> : Parfait pour les voyages, ne pesant que 450 grammes<\/li>\n<\/ul>\n<p>Avec ce rouleau, votre client ressentira les bienfaits d\u2019un massage th\u00e9rapeutique complet, avec des r\u00e9sultats visibles et durables. Renouvelez votre pratique avec cet outil professionnel, con\u00e7u pour transformer la th\u00e9rapie moderne par le bois ! <\/p>\n","protected":false},"excerpt":{"rendered":"<p>Innovation dans la th\u00e9rapie par le bois pour les th\u00e9rapeutes qui cherchent \u00e0 amener leurs traitements \u00e0 un autre niveau.<\/p>\n<p>Efficace, portable et con\u00e7u pour rel\u00e2cher les tensions, am\u00e9liorer la circulation et modeler le corps naturellement.<\/p>\n<p>450 g<\/p>\n<p>&nbsp;<\/p>\n","protected":false},"featured_media":48643,"comment_status":"closed","ping_status":"closed","template":"","meta":{"content-type":""},"product_brand":[],"product_cat":[387,388],"product_tag":[],"class_list":{"0":"post-48795","1":"product","2":"type-product","3":"status-publish","4":"has-post-thumbnail","6":"product_cat-elements-en-bois","7":"product_cat-therapie-du-bois","9":"first","10":"instock","11":"taxable","12":"shipping-taxable","13":"purchasable","14":"product-type-simple"},"yoast_head":"<!-- This site is optimized with the Yoast SEO plugin v27.2 - https:\/\/yoast.com\/product\/yoast-seo-wordpress\/ -->\n<title>Rouleau de th\u00e9rapie par le bois fascial - Maderoterapia Online<\/title>\n<meta name=\"robots\" content=\"index, follow, max-snippet:-1, max-image-preview:large, max-video-preview:-1\" \/>\n<link rel=\"canonical\" href=\"https:\/\/maderoterapiaonline.org\/fr\/producto\/rodillo-fascial-de-maderoterapia\/\" \/>\n<meta property=\"og:locale\" content=\"fr_FR\" \/>\n<meta property=\"og:type\" content=\"article\" \/>\n<meta property=\"og:title\" content=\"Rouleau de th\u00e9rapie par le bois fascial - Maderoterapia Online\" \/>\n<meta property=\"og:description\" content=\"Innovation dans la th\u00e9rapie par le bois pour les th\u00e9rapeutes qui cherchent \u00e0 amener leurs traitements \u00e0 un autre niveau. Efficace, portable et con\u00e7u pour rel\u00e2cher les tensions, am\u00e9liorer la circulation et modeler le corps naturellement. 450 g &nbsp;\" \/>\n<meta property=\"og:url\" content=\"https:\/\/maderoterapiaonline.org\/fr\/producto\/rodillo-fascial-de-maderoterapia\/\" \/>\n<meta property=\"og:site_name\" content=\"Maderoterapia Online\" \/>\n<meta property=\"og:image\" content=\"https:\/\/maderoterapiaonline.org\/wp-content\/uploads\/2025\/05\/100-algodon.jpg\" \/>\n\t<meta property=\"og:image:width\" content=\"1080\" \/>\n\t<meta property=\"og:image:height\" content=\"1080\" \/>\n\t<meta property=\"og:image:type\" content=\"image\/jpeg\" \/>\n<meta name=\"twitter:card\" content=\"summary_large_image\" \/>\n<meta name=\"twitter:label1\" content=\"Dur\u00e9e de lecture estim\u00e9e\" \/>\n\t<meta name=\"twitter:data1\" content=\"1 minute\" \/>\n<script type=\"application\/ld+json\" class=\"yoast-schema-graph\">{\"@context\":\"https:\/\/schema.org\",\"@graph\":[{\"@type\":\"WebPage\",\"@id\":\"https:\/\/maderoterapiaonline.org\/fr\/producto\/rodillo-fascial-de-maderoterapia\/\",\"url\":\"https:\/\/maderoterapiaonline.org\/fr\/producto\/rodillo-fascial-de-maderoterapia\/\",\"name\":\"Rouleau de th\u00e9rapie par le bois fascial - Maderoterapia Online\",\"isPartOf\":{\"@id\":\"https:\/\/maderoterapiaonline.org\/fr\/#website\"},\"primaryImageOfPage\":{\"@id\":\"https:\/\/maderoterapiaonline.org\/fr\/producto\/rodillo-fascial-de-maderoterapia\/#primaryimage\"},\"image\":{\"@id\":\"https:\/\/maderoterapiaonline.org\/fr\/producto\/rodillo-fascial-de-maderoterapia\/#primaryimage\"},\"thumbnailUrl\":\"https:\/\/maderoterapiaonline.org\/wp-content\/uploads\/2025\/05\/100-algodon.jpg\",\"datePublished\":\"2025-04-21T11:47:02+00:00\",\"breadcrumb\":{\"@id\":\"https:\/\/maderoterapiaonline.org\/fr\/producto\/rodillo-fascial-de-maderoterapia\/#breadcrumb\"},\"inLanguage\":\"fr-FR\",\"potentialAction\":[{\"@type\":\"ReadAction\",\"target\":[\"https:\/\/maderoterapiaonline.org\/fr\/producto\/rodillo-fascial-de-maderoterapia\/\"]}]},{\"@type\":\"ImageObject\",\"inLanguage\":\"fr-FR\",\"@id\":\"https:\/\/maderoterapiaonline.org\/fr\/producto\/rodillo-fascial-de-maderoterapia\/#primaryimage\",\"url\":\"https:\/\/maderoterapiaonline.org\/wp-content\/uploads\/2025\/05\/100-algodon.jpg\",\"contentUrl\":\"https:\/\/maderoterapiaonline.org\/wp-content\/uploads\/2025\/05\/100-algodon.jpg\",\"width\":1080,\"height\":1080,\"caption\":\"Masajeador fascial maderoterapia 100% algod\u00f3n\"},{\"@type\":\"BreadcrumbList\",\"@id\":\"https:\/\/maderoterapiaonline.org\/fr\/producto\/rodillo-fascial-de-maderoterapia\/#breadcrumb\",\"itemListElement\":[{\"@type\":\"ListItem\",\"position\":1,\"name\":\"Portada\",\"item\":\"https:\/\/maderoterapiaonline.org\/fr\/\"},{\"@type\":\"ListItem\",\"position\":2,\"name\":\"Boutique\",\"item\":\"https:\/\/maderoterapiaonline.org\/kits-maderas\/\"},{\"@type\":\"ListItem\",\"position\":3,\"name\":\"Rouleau de th\u00e9rapie par le bois fascial\"}]},{\"@type\":\"WebSite\",\"@id\":\"https:\/\/maderoterapiaonline.org\/fr\/#website\",\"url\":\"https:\/\/maderoterapiaonline.org\/fr\/\",\"name\":\"Maderoterapia Online\",\"description\":\"Compra tu kit de Maderoterapia Profesional. Env\u00edos 24\/48h. Atenci\u00f3n al cliente por profesionales Maderoterapeutas\",\"publisher\":{\"@id\":\"https:\/\/maderoterapiaonline.org\/fr\/#organization\"},\"alternateName\":\"Maderoterapiaonline.org\",\"potentialAction\":[{\"@type\":\"SearchAction\",\"target\":{\"@type\":\"EntryPoint\",\"urlTemplate\":\"https:\/\/maderoterapiaonline.org\/fr\/?s={search_term_string}\"},\"query-input\":{\"@type\":\"PropertyValueSpecification\",\"valueRequired\":true,\"valueName\":\"search_term_string\"}}],\"inLanguage\":\"fr-FR\"},{\"@type\":\"Organization\",\"@id\":\"https:\/\/maderoterapiaonline.org\/fr\/#organization\",\"name\":\"Maderoterapia Est\u00e9tica Espa\u00f1a \u2013 Dori L\u00f3pez\u00ae y Escuela Profesional Maderoterapia Online\u00ae.\",\"url\":\"https:\/\/maderoterapiaonline.org\/fr\/\",\"logo\":{\"@type\":\"ImageObject\",\"inLanguage\":\"fr-FR\",\"@id\":\"https:\/\/maderoterapiaonline.org\/fr\/#\/schema\/logo\/image\/\",\"url\":\"https:\/\/maderoterapiaonline.org\/wp-content\/uploads\/2025\/03\/Logo-M-1.png\",\"contentUrl\":\"https:\/\/maderoterapiaonline.org\/wp-content\/uploads\/2025\/03\/Logo-M-1.png\",\"width\":1464,\"height\":1051,\"caption\":\"Maderoterapia Est\u00e9tica Espa\u00f1a \u2013 Dori L\u00f3pez\u00ae y Escuela Profesional Maderoterapia Online\u00ae.\"},\"image\":{\"@id\":\"https:\/\/maderoterapiaonline.org\/fr\/#\/schema\/logo\/image\/\"}}]}<\/script>\n<!-- \/ Yoast SEO plugin. -->","yoast_head_json":{"title":"Rouleau de th\u00e9rapie par le bois fascial - Maderoterapia Online","robots":{"index":"index","follow":"follow","max-snippet":"max-snippet:-1","max-image-preview":"max-image-preview:large","max-video-preview":"max-video-preview:-1"},"canonical":"https:\/\/maderoterapiaonline.org\/fr\/producto\/rodillo-fascial-de-maderoterapia\/","og_locale":"fr_FR","og_type":"article","og_title":"Rouleau de th\u00e9rapie par le bois fascial - Maderoterapia Online","og_description":"Innovation dans la th\u00e9rapie par le bois pour les th\u00e9rapeutes qui cherchent \u00e0 amener leurs traitements \u00e0 un autre niveau. Efficace, portable et con\u00e7u pour rel\u00e2cher les tensions, am\u00e9liorer la circulation et modeler le corps naturellement. 450 g &nbsp;","og_url":"https:\/\/maderoterapiaonline.org\/fr\/producto\/rodillo-fascial-de-maderoterapia\/","og_site_name":"Maderoterapia Online","og_image":[{"width":1080,"height":1080,"url":"https:\/\/maderoterapiaonline.org\/wp-content\/uploads\/2025\/05\/100-algodon.jpg","type":"image\/jpeg"}],"twitter_card":"summary_large_image","twitter_misc":{"Dur\u00e9e de lecture estim\u00e9e":"1 minute"},"schema":{"@context":"https:\/\/schema.org","@graph":[{"@type":"WebPage","@id":"https:\/\/maderoterapiaonline.org\/fr\/producto\/rodillo-fascial-de-maderoterapia\/","url":"https:\/\/maderoterapiaonline.org\/fr\/producto\/rodillo-fascial-de-maderoterapia\/","name":"Rouleau de th\u00e9rapie par le bois fascial - Maderoterapia Online","isPartOf":{"@id":"https:\/\/maderoterapiaonline.org\/fr\/#website"},"primaryImageOfPage":{"@id":"https:\/\/maderoterapiaonline.org\/fr\/producto\/rodillo-fascial-de-maderoterapia\/#primaryimage"},"image":{"@id":"https:\/\/maderoterapiaonline.org\/fr\/producto\/rodillo-fascial-de-maderoterapia\/#primaryimage"},"thumbnailUrl":"https:\/\/maderoterapiaonline.org\/wp-content\/uploads\/2025\/05\/100-algodon.jpg","datePublished":"2025-04-21T11:47:02+00:00","breadcrumb":{"@id":"https:\/\/maderoterapiaonline.org\/fr\/producto\/rodillo-fascial-de-maderoterapia\/#breadcrumb"},"inLanguage":"fr-FR","potentialAction":[{"@type":"ReadAction","target":["https:\/\/maderoterapiaonline.org\/fr\/producto\/rodillo-fascial-de-maderoterapia\/"]}]},{"@type":"ImageObject","inLanguage":"fr-FR","@id":"https:\/\/maderoterapiaonline.org\/fr\/producto\/rodillo-fascial-de-maderoterapia\/#primaryimage","url":"https:\/\/maderoterapiaonline.org\/wp-content\/uploads\/2025\/05\/100-algodon.jpg","contentUrl":"https:\/\/maderoterapiaonline.org\/wp-content\/uploads\/2025\/05\/100-algodon.jpg","width":1080,"height":1080,"caption":"Masajeador fascial maderoterapia 100% algod\u00f3n"},{"@type":"BreadcrumbList","@id":"https:\/\/maderoterapiaonline.org\/fr\/producto\/rodillo-fascial-de-maderoterapia\/#breadcrumb","itemListElement":[{"@type":"ListItem","position":1,"name":"Portada","item":"https:\/\/maderoterapiaonline.org\/fr\/"},{"@type":"ListItem","position":2,"name":"Boutique","item":"https:\/\/maderoterapiaonline.org\/kits-maderas\/"},{"@type":"ListItem","position":3,"name":"Rouleau de th\u00e9rapie par le bois fascial"}]},{"@type":"WebSite","@id":"https:\/\/maderoterapiaonline.org\/fr\/#website","url":"https:\/\/maderoterapiaonline.org\/fr\/","name":"Maderoterapia Online","description":"Compra tu kit de Maderoterapia Profesional. Env\u00edos 24\/48h. Atenci\u00f3n al cliente por profesionales Maderoterapeutas","publisher":{"@id":"https:\/\/maderoterapiaonline.org\/fr\/#organization"},"alternateName":"Maderoterapiaonline.org","potentialAction":[{"@type":"SearchAction","target":{"@type":"EntryPoint","urlTemplate":"https:\/\/maderoterapiaonline.org\/fr\/?s={search_term_string}"},"query-input":{"@type":"PropertyValueSpecification","valueRequired":true,"valueName":"search_term_string"}}],"inLanguage":"fr-FR"},{"@type":"Organization","@id":"https:\/\/maderoterapiaonline.org\/fr\/#organization","name":"Maderoterapia Est\u00e9tica Espa\u00f1a \u2013 Dori L\u00f3pez\u00ae y Escuela Profesional Maderoterapia Online\u00ae.","url":"https:\/\/maderoterapiaonline.org\/fr\/","logo":{"@type":"ImageObject","inLanguage":"fr-FR","@id":"https:\/\/maderoterapiaonline.org\/fr\/#\/schema\/logo\/image\/","url":"https:\/\/maderoterapiaonline.org\/wp-content\/uploads\/2025\/03\/Logo-M-1.png","contentUrl":"https:\/\/maderoterapiaonline.org\/wp-content\/uploads\/2025\/03\/Logo-M-1.png","width":1464,"height":1051,"caption":"Maderoterapia Est\u00e9tica Espa\u00f1a \u2013 Dori L\u00f3pez\u00ae y Escuela Profesional Maderoterapia Online\u00ae."},"image":{"@id":"https:\/\/maderoterapiaonline.org\/fr\/#\/schema\/logo\/image\/"}}]}},"_links":{"self":[{"href":"https:\/\/maderoterapiaonline.org\/fr\/wp-json\/wp\/v2\/product\/48795","targetHints":{"allow":["GET"]}}],"collection":[{"href":"https:\/\/maderoterapiaonline.org\/fr\/wp-json\/wp\/v2\/product"}],"about":[{"href":"https:\/\/maderoterapiaonline.org\/fr\/wp-json\/wp\/v2\/types\/product"}],"replies":[{"embeddable":true,"href":"https:\/\/maderoterapiaonline.org\/fr\/wp-json\/wp\/v2\/comments?post=48795"}],"wp:featuredmedia":[{"embeddable":true,"href":"https:\/\/maderoterapiaonline.org\/fr\/wp-json\/wp\/v2\/media\/48643"}],"wp:attachment":[{"href":"https:\/\/maderoterapiaonline.org\/fr\/wp-json\/wp\/v2\/media?parent=48795"}],"wp:term":[{"taxonomy":"product_brand","embeddable":true,"href":"https:\/\/maderoterapiaonline.org\/fr\/wp-json\/wp\/v2\/product_brand?post=48795"},{"taxonomy":"product_cat","embeddable":true,"href":"https:\/\/maderoterapiaonline.org\/fr\/wp-json\/wp\/v2\/product_cat?post=48795"},{"taxonomy":"product_tag","embeddable":true,"href":"https:\/\/maderoterapiaonline.org\/fr\/wp-json\/wp\/v2\/product_tag?post=48795"}],"curies":[{"name":"wp","href":"https:\/\/api.w.org\/{rel}","templated":true}]}}