{"id":43926,"date":"2023-05-21T05:08:45","date_gmt":"2023-05-21T03:08:45","guid":{"rendered":"https:\/\/maderoterapiaonline.org\/producto\/mini-reducteur-de-champignons-maderotherapie-visage\/"},"modified":"2025-06-25T09:26:13","modified_gmt":"2025-06-25T07:26:13","slug":"mini-reducteur-de-champignons-maderotherapie-visage","status":"publish","type":"product","link":"https:\/\/maderoterapiaonline.org\/fr\/producto\/mini-reducteur-de-champignons-maderotherapie-visage\/","title":{"rendered":"Mini champignon r\u00e9ducteur Maderoth\u00e9rapie faciale"},"content":{"rendered":"<p><iframe loading=\"lazy\" src=\"https:\/\/www.youtube.com\/embed\/RPYDhLu0MwI\" width=\"560\" height=\"315\" frameborder=\"0\" allowfullscreen=\"allowfullscreen\"><\/iframe><\/p>\n<hr>\n<p><strong>Obtenez votre mini champignon r\u00e9ducteur facial<\/strong> fabriqu\u00e9 en bois de lotus naturel et con\u00e7u par Maderoterapia Est\u00e9tica Espa\u00f1a\u00ae<\/p>\n<p>Avec ce champignon, vous pouvez masser la zone faciale et r\u00e9duire le contour facilement gr\u00e2ce \u00e0 son design anatomique.<\/p>\n<ul>\n<li>Long 7 cm<\/li>\n<li>largue 10 di\u00e1metre<\/li>\n<\/ul>\n<p>&nbsp;<\/p>\n","protected":false},"excerpt":{"rendered":"<p>Obtenez votre mini champignon r\u00e9ducteur de visage en bois de lotus naturel et con\u00e7u par Madero Aesthetic Therapy Espagne\u00ae<\/p>\n<p>Avec ce champignon, vous pouvez masser la zone du visage et r\u00e9duire le contour facilement gr\u00e2ce \u00e0 sa conception anatomique.<\/p>\n<p>&nbsp;<\/p>\n","protected":false},"featured_media":41528,"comment_status":"closed","ping_status":"closed","template":"","meta":{"content-type":""},"product_brand":[],"product_cat":[387,388],"product_tag":[398,429],"class_list":{"0":"post-43926","1":"product","2":"type-product","3":"status-publish","4":"has-post-thumbnail","6":"product_cat-elements-en-bois","7":"product_cat-therapie-du-bois","8":"product_tag-elements-en-bois","9":"product_tag-mini-champignon-reducteur-pour-le-visage","11":"first","12":"instock","13":"taxable","14":"shipping-taxable","15":"purchasable","16":"product-type-simple"},"yoast_head":"<!-- This site is optimized with the Yoast SEO plugin v27.4 - https:\/\/yoast.com\/product\/yoast-seo-wordpress\/ -->\n<title>Mini champignon r\u00e9ducteur Maderoth\u00e9rapie faciale - Maderoterapia Online<\/title>\n<meta name=\"robots\" content=\"index, follow, max-snippet:-1, max-image-preview:large, max-video-preview:-1\" \/>\n<link rel=\"canonical\" href=\"https:\/\/maderoterapiaonline.org\/fr\/producto\/mini-reducteur-de-champignons-maderotherapie-visage\/\" \/>\n<meta property=\"og:locale\" content=\"fr_FR\" \/>\n<meta property=\"og:type\" content=\"article\" \/>\n<meta property=\"og:title\" content=\"Mini champignon r\u00e9ducteur Maderoth\u00e9rapie faciale - Maderoterapia Online\" \/>\n<meta property=\"og:description\" content=\"Obtenez votre mini champignon r\u00e9ducteur de visage en bois de lotus naturel et con\u00e7u par Madero Aesthetic Therapy Espagne\u00ae Avec ce champignon, vous pouvez masser la zone du visage et r\u00e9duire le contour facilement gr\u00e2ce \u00e0 sa conception anatomique. &nbsp;\" \/>\n<meta property=\"og:url\" content=\"https:\/\/maderoterapiaonline.org\/fr\/producto\/mini-reducteur-de-champignons-maderotherapie-visage\/\" \/>\n<meta property=\"og:site_name\" content=\"Maderoterapia Online\" \/>\n<meta property=\"article:modified_time\" content=\"2025-06-25T07:26:13+00:00\" \/>\n<meta property=\"og:image\" content=\"https:\/\/maderoterapiaonline.org\/wp-content\/uploads\/2023\/05\/mini-hongo-champion-facial.jpg\" \/>\n\t<meta property=\"og:image:width\" content=\"1080\" \/>\n\t<meta property=\"og:image:height\" content=\"1080\" \/>\n\t<meta property=\"og:image:type\" content=\"image\/jpeg\" \/>\n<meta name=\"twitter:card\" content=\"summary_large_image\" \/>\n<script type=\"application\/ld+json\" class=\"yoast-schema-graph\">{\"@context\":\"https:\\\/\\\/schema.org\",\"@graph\":[{\"@type\":\"WebPage\",\"@id\":\"https:\\\/\\\/maderoterapiaonline.org\\\/fr\\\/producto\\\/mini-reducteur-de-champignons-maderotherapie-visage\\\/\",\"url\":\"https:\\\/\\\/maderoterapiaonline.org\\\/fr\\\/producto\\\/mini-reducteur-de-champignons-maderotherapie-visage\\\/\",\"name\":\"Mini champignon r\u00e9ducteur Maderoth\u00e9rapie faciale - Maderoterapia Online\",\"isPartOf\":{\"@id\":\"https:\\\/\\\/maderoterapiaonline.org\\\/fr\\\/#website\"},\"primaryImageOfPage\":{\"@id\":\"https:\\\/\\\/maderoterapiaonline.org\\\/fr\\\/producto\\\/mini-reducteur-de-champignons-maderotherapie-visage\\\/#primaryimage\"},\"image\":{\"@id\":\"https:\\\/\\\/maderoterapiaonline.org\\\/fr\\\/producto\\\/mini-reducteur-de-champignons-maderotherapie-visage\\\/#primaryimage\"},\"thumbnailUrl\":\"https:\\\/\\\/maderoterapiaonline.org\\\/wp-content\\\/uploads\\\/2023\\\/05\\\/mini-hongo-champion-facial.jpg\",\"datePublished\":\"2023-05-21T03:08:45+00:00\",\"dateModified\":\"2025-06-25T07:26:13+00:00\",\"breadcrumb\":{\"@id\":\"https:\\\/\\\/maderoterapiaonline.org\\\/fr\\\/producto\\\/mini-reducteur-de-champignons-maderotherapie-visage\\\/#breadcrumb\"},\"inLanguage\":\"fr-FR\",\"potentialAction\":[{\"@type\":\"ReadAction\",\"target\":[\"https:\\\/\\\/maderoterapiaonline.org\\\/fr\\\/producto\\\/mini-reducteur-de-champignons-maderotherapie-visage\\\/\"]}]},{\"@type\":\"ImageObject\",\"inLanguage\":\"fr-FR\",\"@id\":\"https:\\\/\\\/maderoterapiaonline.org\\\/fr\\\/producto\\\/mini-reducteur-de-champignons-maderotherapie-visage\\\/#primaryimage\",\"url\":\"https:\\\/\\\/maderoterapiaonline.org\\\/wp-content\\\/uploads\\\/2023\\\/05\\\/mini-hongo-champion-facial.jpg\",\"contentUrl\":\"https:\\\/\\\/maderoterapiaonline.org\\\/wp-content\\\/uploads\\\/2023\\\/05\\\/mini-hongo-champion-facial.jpg\",\"width\":1080,\"height\":1080,\"caption\":\"mini-hongo-champion-facial.jpg\"},{\"@type\":\"BreadcrumbList\",\"@id\":\"https:\\\/\\\/maderoterapiaonline.org\\\/fr\\\/producto\\\/mini-reducteur-de-champignons-maderotherapie-visage\\\/#breadcrumb\",\"itemListElement\":[{\"@type\":\"ListItem\",\"position\":1,\"name\":\"Portada\",\"item\":\"https:\\\/\\\/maderoterapiaonline.org\\\/fr\\\/\"},{\"@type\":\"ListItem\",\"position\":2,\"name\":\"Boutique\",\"item\":\"https:\\\/\\\/maderoterapiaonline.org\\\/kits-maderas\\\/\"},{\"@type\":\"ListItem\",\"position\":3,\"name\":\"Mini champignon r\u00e9ducteur Maderoth\u00e9rapie faciale\"}]},{\"@type\":\"WebSite\",\"@id\":\"https:\\\/\\\/maderoterapiaonline.org\\\/fr\\\/#website\",\"url\":\"https:\\\/\\\/maderoterapiaonline.org\\\/fr\\\/\",\"name\":\"Maderoterapia Online\",\"description\":\"Compra tu kit de Maderoterapia Profesional. Env\u00edos 24\\\/48h. Atenci\u00f3n al cliente por profesionales Maderoterapeutas\",\"publisher\":{\"@id\":\"https:\\\/\\\/maderoterapiaonline.org\\\/fr\\\/#organization\"},\"alternateName\":\"Maderoterapiaonline.org\",\"potentialAction\":[{\"@type\":\"SearchAction\",\"target\":{\"@type\":\"EntryPoint\",\"urlTemplate\":\"https:\\\/\\\/maderoterapiaonline.org\\\/fr\\\/?s={search_term_string}\"},\"query-input\":{\"@type\":\"PropertyValueSpecification\",\"valueRequired\":true,\"valueName\":\"search_term_string\"}}],\"inLanguage\":\"fr-FR\"},{\"@type\":\"Organization\",\"@id\":\"https:\\\/\\\/maderoterapiaonline.org\\\/fr\\\/#organization\",\"name\":\"Maderoterapia Est\u00e9tica Espa\u00f1a \u2013 Dori L\u00f3pez\u00ae y Escuela Profesional Maderoterapia Online\u00ae.\",\"url\":\"https:\\\/\\\/maderoterapiaonline.org\\\/fr\\\/\",\"logo\":{\"@type\":\"ImageObject\",\"inLanguage\":\"fr-FR\",\"@id\":\"https:\\\/\\\/maderoterapiaonline.org\\\/fr\\\/#\\\/schema\\\/logo\\\/image\\\/\",\"url\":\"https:\\\/\\\/maderoterapiaonline.org\\\/wp-content\\\/uploads\\\/2025\\\/03\\\/Logo-M-1.png\",\"contentUrl\":\"https:\\\/\\\/maderoterapiaonline.org\\\/wp-content\\\/uploads\\\/2025\\\/03\\\/Logo-M-1.png\",\"width\":1464,\"height\":1051,\"caption\":\"Maderoterapia Est\u00e9tica Espa\u00f1a \u2013 Dori L\u00f3pez\u00ae y Escuela Profesional Maderoterapia Online\u00ae.\"},\"image\":{\"@id\":\"https:\\\/\\\/maderoterapiaonline.org\\\/fr\\\/#\\\/schema\\\/logo\\\/image\\\/\"}}]}<\/script>\n<!-- \/ Yoast SEO plugin. -->","yoast_head_json":{"title":"Mini champignon r\u00e9ducteur Maderoth\u00e9rapie faciale - Maderoterapia Online","robots":{"index":"index","follow":"follow","max-snippet":"max-snippet:-1","max-image-preview":"max-image-preview:large","max-video-preview":"max-video-preview:-1"},"canonical":"https:\/\/maderoterapiaonline.org\/fr\/producto\/mini-reducteur-de-champignons-maderotherapie-visage\/","og_locale":"fr_FR","og_type":"article","og_title":"Mini champignon r\u00e9ducteur Maderoth\u00e9rapie faciale - Maderoterapia Online","og_description":"Obtenez votre mini champignon r\u00e9ducteur de visage en bois de lotus naturel et con\u00e7u par Madero Aesthetic Therapy Espagne\u00ae Avec ce champignon, vous pouvez masser la zone du visage et r\u00e9duire le contour facilement gr\u00e2ce \u00e0 sa conception anatomique. &nbsp;","og_url":"https:\/\/maderoterapiaonline.org\/fr\/producto\/mini-reducteur-de-champignons-maderotherapie-visage\/","og_site_name":"Maderoterapia Online","article_modified_time":"2025-06-25T07:26:13+00:00","og_image":[{"width":1080,"height":1080,"url":"https:\/\/maderoterapiaonline.org\/wp-content\/uploads\/2023\/05\/mini-hongo-champion-facial.jpg","type":"image\/jpeg"}],"twitter_card":"summary_large_image","schema":{"@context":"https:\/\/schema.org","@graph":[{"@type":"WebPage","@id":"https:\/\/maderoterapiaonline.org\/fr\/producto\/mini-reducteur-de-champignons-maderotherapie-visage\/","url":"https:\/\/maderoterapiaonline.org\/fr\/producto\/mini-reducteur-de-champignons-maderotherapie-visage\/","name":"Mini champignon r\u00e9ducteur Maderoth\u00e9rapie faciale - Maderoterapia Online","isPartOf":{"@id":"https:\/\/maderoterapiaonline.org\/fr\/#website"},"primaryImageOfPage":{"@id":"https:\/\/maderoterapiaonline.org\/fr\/producto\/mini-reducteur-de-champignons-maderotherapie-visage\/#primaryimage"},"image":{"@id":"https:\/\/maderoterapiaonline.org\/fr\/producto\/mini-reducteur-de-champignons-maderotherapie-visage\/#primaryimage"},"thumbnailUrl":"https:\/\/maderoterapiaonline.org\/wp-content\/uploads\/2023\/05\/mini-hongo-champion-facial.jpg","datePublished":"2023-05-21T03:08:45+00:00","dateModified":"2025-06-25T07:26:13+00:00","breadcrumb":{"@id":"https:\/\/maderoterapiaonline.org\/fr\/producto\/mini-reducteur-de-champignons-maderotherapie-visage\/#breadcrumb"},"inLanguage":"fr-FR","potentialAction":[{"@type":"ReadAction","target":["https:\/\/maderoterapiaonline.org\/fr\/producto\/mini-reducteur-de-champignons-maderotherapie-visage\/"]}]},{"@type":"ImageObject","inLanguage":"fr-FR","@id":"https:\/\/maderoterapiaonline.org\/fr\/producto\/mini-reducteur-de-champignons-maderotherapie-visage\/#primaryimage","url":"https:\/\/maderoterapiaonline.org\/wp-content\/uploads\/2023\/05\/mini-hongo-champion-facial.jpg","contentUrl":"https:\/\/maderoterapiaonline.org\/wp-content\/uploads\/2023\/05\/mini-hongo-champion-facial.jpg","width":1080,"height":1080,"caption":"mini-hongo-champion-facial.jpg"},{"@type":"BreadcrumbList","@id":"https:\/\/maderoterapiaonline.org\/fr\/producto\/mini-reducteur-de-champignons-maderotherapie-visage\/#breadcrumb","itemListElement":[{"@type":"ListItem","position":1,"name":"Portada","item":"https:\/\/maderoterapiaonline.org\/fr\/"},{"@type":"ListItem","position":2,"name":"Boutique","item":"https:\/\/maderoterapiaonline.org\/kits-maderas\/"},{"@type":"ListItem","position":3,"name":"Mini champignon r\u00e9ducteur Maderoth\u00e9rapie faciale"}]},{"@type":"WebSite","@id":"https:\/\/maderoterapiaonline.org\/fr\/#website","url":"https:\/\/maderoterapiaonline.org\/fr\/","name":"Maderoterapia Online","description":"Compra tu kit de Maderoterapia Profesional. Env\u00edos 24\/48h. Atenci\u00f3n al cliente por profesionales Maderoterapeutas","publisher":{"@id":"https:\/\/maderoterapiaonline.org\/fr\/#organization"},"alternateName":"Maderoterapiaonline.org","potentialAction":[{"@type":"SearchAction","target":{"@type":"EntryPoint","urlTemplate":"https:\/\/maderoterapiaonline.org\/fr\/?s={search_term_string}"},"query-input":{"@type":"PropertyValueSpecification","valueRequired":true,"valueName":"search_term_string"}}],"inLanguage":"fr-FR"},{"@type":"Organization","@id":"https:\/\/maderoterapiaonline.org\/fr\/#organization","name":"Maderoterapia Est\u00e9tica Espa\u00f1a \u2013 Dori L\u00f3pez\u00ae y Escuela Profesional Maderoterapia Online\u00ae.","url":"https:\/\/maderoterapiaonline.org\/fr\/","logo":{"@type":"ImageObject","inLanguage":"fr-FR","@id":"https:\/\/maderoterapiaonline.org\/fr\/#\/schema\/logo\/image\/","url":"https:\/\/maderoterapiaonline.org\/wp-content\/uploads\/2025\/03\/Logo-M-1.png","contentUrl":"https:\/\/maderoterapiaonline.org\/wp-content\/uploads\/2025\/03\/Logo-M-1.png","width":1464,"height":1051,"caption":"Maderoterapia Est\u00e9tica Espa\u00f1a \u2013 Dori L\u00f3pez\u00ae y Escuela Profesional Maderoterapia Online\u00ae."},"image":{"@id":"https:\/\/maderoterapiaonline.org\/fr\/#\/schema\/logo\/image\/"}}]}},"_links":{"self":[{"href":"https:\/\/maderoterapiaonline.org\/fr\/wp-json\/wp\/v2\/product\/43926","targetHints":{"allow":["GET"]}}],"collection":[{"href":"https:\/\/maderoterapiaonline.org\/fr\/wp-json\/wp\/v2\/product"}],"about":[{"href":"https:\/\/maderoterapiaonline.org\/fr\/wp-json\/wp\/v2\/types\/product"}],"replies":[{"embeddable":true,"href":"https:\/\/maderoterapiaonline.org\/fr\/wp-json\/wp\/v2\/comments?post=43926"}],"wp:featuredmedia":[{"embeddable":true,"href":"https:\/\/maderoterapiaonline.org\/fr\/wp-json\/wp\/v2\/media\/41528"}],"wp:attachment":[{"href":"https:\/\/maderoterapiaonline.org\/fr\/wp-json\/wp\/v2\/media?parent=43926"}],"wp:term":[{"taxonomy":"product_brand","embeddable":true,"href":"https:\/\/maderoterapiaonline.org\/fr\/wp-json\/wp\/v2\/product_brand?post=43926"},{"taxonomy":"product_cat","embeddable":true,"href":"https:\/\/maderoterapiaonline.org\/fr\/wp-json\/wp\/v2\/product_cat?post=43926"},{"taxonomy":"product_tag","embeddable":true,"href":"https:\/\/maderoterapiaonline.org\/fr\/wp-json\/wp\/v2\/product_tag?post=43926"}],"curies":[{"name":"wp","href":"https:\/\/api.w.org\/{rel}","templated":true}]}}