{"id":43920,"date":"2023-06-08T05:08:55","date_gmt":"2023-06-08T03:08:55","guid":{"rendered":"https:\/\/maderoterapiaonline.org\/producto\/tasse-suedoise-avec-rouleau-bois-therapie-hetre\/"},"modified":"2025-10-07T11:49:49","modified_gmt":"2025-10-07T09:49:49","slug":"coupe-suedoise-avec-rouleau-bois-therapie-hetre","status":"publish","type":"product","link":"https:\/\/maderoterapiaonline.org\/fr\/producto\/coupe-suedoise-avec-rouleau-bois-therapie-hetre\/","title":{"rendered":"Coup su\u00e9doise avec rouleau Maderoth\u00e9rapie en H\u00eatre"},"content":{"rendered":"<p><iframe loading=\"lazy\" title=\"Vid\u00e9o YouTube\" src=\"https:\/\/www.youtube.com\/embed\/q6rYIdrLMjc?si=G7vI9szUYiczsY1D\" width=\"560\" height=\"315\" frameborder=\"0\" allowfullscreen=\"allowfullscreen\"><\/iframe><\/p>\n<p>\u00bf\u00c9liminer la cellulite et rehausser les fesses? Tr\u00e8s facile avec la coupe su\u00e9doise avec un rouleau pour des zones tr\u00e8s sp\u00e9cifiques o\u00f9 un effet de massage intense est n\u00e9cessaire.<\/p>\n<p><strong>La tasse su\u00e9doise avec rouleau Maderoterapia<\/strong> est en bois de h\u00eatre, con\u00e7ue par Maderoterapia Est\u00e9tica Espa\u00f1a\u00ae<\/p>\n<p>La coupe avec un rouleau nous aide \u00e0 travailler des zones sp\u00e9cifiques du corps avec une grande intensit\u00e9, favorisant l&rsquo;\u00e9limination des graisses et de la cellulite tr\u00e8s r\u00e9sistantes, en plus d&rsquo;avoir un effet amplificateur et compl\u00e9mentaire avec d&rsquo;autres \u00e9l\u00e9ments pour rehausser les fesses de mani\u00e8re efficace.<\/p>\n<p><strong>Coup su\u00e9doise avec rouleau Maderoth\u00e9rapie en H\u00eatre<\/strong><\/p>\n<p>&nbsp;<\/p>\n","protected":false},"excerpt":{"rendered":"<p>\u00bf\u00c9liminer la cellulite et rehausser les fesses? Tr\u00e8s facile avec la coupelle su\u00e9doise avec rouleau en h\u00eatre pour des zones tr\u00e8s pr\u00e9cises o\u00f9 un effet de massage intense est recherch\u00e9.<\/p>\n<p><strong>La tasse su\u00e9doise avec rouleau<\/strong> est en bois de h\u00eatre, con\u00e7ue par Maderoterapia Est\u00e9tica Espa\u00f1a\u00ae<\/p>\n<p><strong>La coupe avec un rouleau<\/strong> nous aide \u00e0 travailler des zones sp\u00e9cifiques du corps avec une grande intensit\u00e9, favorisant l&rsquo;\u00e9limination des graisses et de la cellulite tr\u00e8s r\u00e9sistantes, en plus d&rsquo;avoir un effet amplificateur et compl\u00e9mentaire avec d&rsquo;autres \u00e9l\u00e9ments pour rehausser les fesses de mani\u00e8re efficace.<\/p>\n<p>&nbsp;<\/p>\n","protected":false},"featured_media":41853,"comment_status":"closed","ping_status":"closed","template":"","meta":{"content-type":""},"product_brand":[],"product_cat":[387,388],"product_tag":[],"class_list":{"0":"post-43920","1":"product","2":"type-product","3":"status-publish","4":"has-post-thumbnail","6":"product_cat-elements-en-bois","7":"product_cat-therapie-du-bois","9":"first","10":"instock","11":"taxable","12":"shipping-taxable","13":"purchasable","14":"product-type-simple"},"yoast_head":"<!-- This site is optimized with the Yoast SEO plugin v27.2 - https:\/\/yoast.com\/product\/yoast-seo-wordpress\/ -->\n<title>Coup su\u00e9doise avec rouleau Maderoth\u00e9rapie en H\u00eatre - Maderoterapia Online<\/title>\n<meta name=\"robots\" content=\"index, follow, max-snippet:-1, max-image-preview:large, max-video-preview:-1\" \/>\n<link rel=\"canonical\" href=\"https:\/\/maderoterapiaonline.org\/fr\/producto\/coupe-suedoise-avec-rouleau-bois-therapie-hetre\/\" \/>\n<meta property=\"og:locale\" content=\"fr_FR\" \/>\n<meta property=\"og:type\" content=\"article\" \/>\n<meta property=\"og:title\" content=\"Coup su\u00e9doise avec rouleau Maderoth\u00e9rapie en H\u00eatre - Maderoterapia Online\" \/>\n<meta property=\"og:description\" content=\"\u00bf\u00c9liminer la cellulite et rehausser les fesses? Tr\u00e8s facile avec la coupelle su\u00e9doise avec rouleau en h\u00eatre pour des zones tr\u00e8s pr\u00e9cises o\u00f9 un effet de massage intense est recherch\u00e9. La tasse su\u00e9doise avec rouleau est en bois de h\u00eatre, con\u00e7ue par Maderoterapia Est\u00e9tica Espa\u00f1a\u00ae La coupe avec un rouleau nous aide \u00e0 travailler des zones sp\u00e9cifiques du corps avec une grande intensit\u00e9, favorisant l&#039;\u00e9limination des graisses et de la cellulite tr\u00e8s r\u00e9sistantes, en plus d&#039;avoir un effet amplificateur et compl\u00e9mentaire avec d&#039;autres \u00e9l\u00e9ments pour rehausser les fesses de mani\u00e8re efficace. &nbsp;\" \/>\n<meta property=\"og:url\" content=\"https:\/\/maderoterapiaonline.org\/fr\/producto\/coupe-suedoise-avec-rouleau-bois-therapie-hetre\/\" \/>\n<meta property=\"og:site_name\" content=\"Maderoterapia Online\" \/>\n<meta property=\"article:modified_time\" content=\"2025-10-07T09:49:49+00:00\" \/>\n<meta property=\"og:image\" content=\"https:\/\/maderoterapiaonline.org\/wp-content\/uploads\/2023\/05\/1-27.jpg\" \/>\n\t<meta property=\"og:image:width\" content=\"1080\" \/>\n\t<meta property=\"og:image:height\" content=\"1080\" \/>\n\t<meta property=\"og:image:type\" content=\"image\/jpeg\" \/>\n<meta name=\"twitter:card\" content=\"summary_large_image\" \/>\n<meta name=\"twitter:label1\" content=\"Dur\u00e9e de lecture estim\u00e9e\" \/>\n\t<meta name=\"twitter:data1\" content=\"1 minute\" \/>\n<script type=\"application\/ld+json\" class=\"yoast-schema-graph\">{\"@context\":\"https:\/\/schema.org\",\"@graph\":[{\"@type\":\"WebPage\",\"@id\":\"https:\/\/maderoterapiaonline.org\/fr\/producto\/coupe-suedoise-avec-rouleau-bois-therapie-hetre\/\",\"url\":\"https:\/\/maderoterapiaonline.org\/fr\/producto\/coupe-suedoise-avec-rouleau-bois-therapie-hetre\/\",\"name\":\"Coup su\u00e9doise avec rouleau Maderoth\u00e9rapie en H\u00eatre - Maderoterapia Online\",\"isPartOf\":{\"@id\":\"https:\/\/maderoterapiaonline.org\/fr\/#website\"},\"primaryImageOfPage\":{\"@id\":\"https:\/\/maderoterapiaonline.org\/fr\/producto\/coupe-suedoise-avec-rouleau-bois-therapie-hetre\/#primaryimage\"},\"image\":{\"@id\":\"https:\/\/maderoterapiaonline.org\/fr\/producto\/coupe-suedoise-avec-rouleau-bois-therapie-hetre\/#primaryimage\"},\"thumbnailUrl\":\"https:\/\/maderoterapiaonline.org\/wp-content\/uploads\/2023\/05\/1-27.jpg\",\"datePublished\":\"2023-06-08T03:08:55+00:00\",\"dateModified\":\"2025-10-07T09:49:49+00:00\",\"breadcrumb\":{\"@id\":\"https:\/\/maderoterapiaonline.org\/fr\/producto\/coupe-suedoise-avec-rouleau-bois-therapie-hetre\/#breadcrumb\"},\"inLanguage\":\"fr-FR\",\"potentialAction\":[{\"@type\":\"ReadAction\",\"target\":[\"https:\/\/maderoterapiaonline.org\/fr\/producto\/coupe-suedoise-avec-rouleau-bois-therapie-hetre\/\"]}]},{\"@type\":\"ImageObject\",\"inLanguage\":\"fr-FR\",\"@id\":\"https:\/\/maderoterapiaonline.org\/fr\/producto\/coupe-suedoise-avec-rouleau-bois-therapie-hetre\/#primaryimage\",\"url\":\"https:\/\/maderoterapiaonline.org\/wp-content\/uploads\/2023\/05\/1-27.jpg\",\"contentUrl\":\"https:\/\/maderoterapiaonline.org\/wp-content\/uploads\/2023\/05\/1-27.jpg\",\"width\":1080,\"height\":1080,\"caption\":\"Champi\u00f1\u00f3n Maderoterapia Haya\"},{\"@type\":\"BreadcrumbList\",\"@id\":\"https:\/\/maderoterapiaonline.org\/fr\/producto\/coupe-suedoise-avec-rouleau-bois-therapie-hetre\/#breadcrumb\",\"itemListElement\":[{\"@type\":\"ListItem\",\"position\":1,\"name\":\"Portada\",\"item\":\"https:\/\/maderoterapiaonline.org\/fr\/\"},{\"@type\":\"ListItem\",\"position\":2,\"name\":\"Boutique\",\"item\":\"https:\/\/maderoterapiaonline.org\/kits-maderas\/\"},{\"@type\":\"ListItem\",\"position\":3,\"name\":\"Coup su\u00e9doise avec rouleau Maderoth\u00e9rapie en H\u00eatre\"}]},{\"@type\":\"WebSite\",\"@id\":\"https:\/\/maderoterapiaonline.org\/fr\/#website\",\"url\":\"https:\/\/maderoterapiaonline.org\/fr\/\",\"name\":\"Maderoterapia Online\",\"description\":\"Compra tu kit de Maderoterapia Profesional. Env\u00edos 24\/48h. Atenci\u00f3n al cliente por profesionales Maderoterapeutas\",\"publisher\":{\"@id\":\"https:\/\/maderoterapiaonline.org\/fr\/#organization\"},\"alternateName\":\"Maderoterapiaonline.org\",\"potentialAction\":[{\"@type\":\"SearchAction\",\"target\":{\"@type\":\"EntryPoint\",\"urlTemplate\":\"https:\/\/maderoterapiaonline.org\/fr\/?s={search_term_string}\"},\"query-input\":{\"@type\":\"PropertyValueSpecification\",\"valueRequired\":true,\"valueName\":\"search_term_string\"}}],\"inLanguage\":\"fr-FR\"},{\"@type\":\"Organization\",\"@id\":\"https:\/\/maderoterapiaonline.org\/fr\/#organization\",\"name\":\"Maderoterapia Est\u00e9tica Espa\u00f1a \u2013 Dori L\u00f3pez\u00ae y Escuela Profesional Maderoterapia Online\u00ae.\",\"url\":\"https:\/\/maderoterapiaonline.org\/fr\/\",\"logo\":{\"@type\":\"ImageObject\",\"inLanguage\":\"fr-FR\",\"@id\":\"https:\/\/maderoterapiaonline.org\/fr\/#\/schema\/logo\/image\/\",\"url\":\"https:\/\/maderoterapiaonline.org\/wp-content\/uploads\/2025\/03\/Logo-M-1.png\",\"contentUrl\":\"https:\/\/maderoterapiaonline.org\/wp-content\/uploads\/2025\/03\/Logo-M-1.png\",\"width\":1464,\"height\":1051,\"caption\":\"Maderoterapia Est\u00e9tica Espa\u00f1a \u2013 Dori L\u00f3pez\u00ae y Escuela Profesional Maderoterapia Online\u00ae.\"},\"image\":{\"@id\":\"https:\/\/maderoterapiaonline.org\/fr\/#\/schema\/logo\/image\/\"}}]}<\/script>\n<!-- \/ Yoast SEO plugin. -->","yoast_head_json":{"title":"Coup su\u00e9doise avec rouleau Maderoth\u00e9rapie en H\u00eatre - Maderoterapia Online","robots":{"index":"index","follow":"follow","max-snippet":"max-snippet:-1","max-image-preview":"max-image-preview:large","max-video-preview":"max-video-preview:-1"},"canonical":"https:\/\/maderoterapiaonline.org\/fr\/producto\/coupe-suedoise-avec-rouleau-bois-therapie-hetre\/","og_locale":"fr_FR","og_type":"article","og_title":"Coup su\u00e9doise avec rouleau Maderoth\u00e9rapie en H\u00eatre - Maderoterapia Online","og_description":"\u00bf\u00c9liminer la cellulite et rehausser les fesses? Tr\u00e8s facile avec la coupelle su\u00e9doise avec rouleau en h\u00eatre pour des zones tr\u00e8s pr\u00e9cises o\u00f9 un effet de massage intense est recherch\u00e9. La tasse su\u00e9doise avec rouleau est en bois de h\u00eatre, con\u00e7ue par Maderoterapia Est\u00e9tica Espa\u00f1a\u00ae La coupe avec un rouleau nous aide \u00e0 travailler des zones sp\u00e9cifiques du corps avec une grande intensit\u00e9, favorisant l'\u00e9limination des graisses et de la cellulite tr\u00e8s r\u00e9sistantes, en plus d'avoir un effet amplificateur et compl\u00e9mentaire avec d'autres \u00e9l\u00e9ments pour rehausser les fesses de mani\u00e8re efficace. &nbsp;","og_url":"https:\/\/maderoterapiaonline.org\/fr\/producto\/coupe-suedoise-avec-rouleau-bois-therapie-hetre\/","og_site_name":"Maderoterapia Online","article_modified_time":"2025-10-07T09:49:49+00:00","og_image":[{"width":1080,"height":1080,"url":"https:\/\/maderoterapiaonline.org\/wp-content\/uploads\/2023\/05\/1-27.jpg","type":"image\/jpeg"}],"twitter_card":"summary_large_image","twitter_misc":{"Dur\u00e9e de lecture estim\u00e9e":"1 minute"},"schema":{"@context":"https:\/\/schema.org","@graph":[{"@type":"WebPage","@id":"https:\/\/maderoterapiaonline.org\/fr\/producto\/coupe-suedoise-avec-rouleau-bois-therapie-hetre\/","url":"https:\/\/maderoterapiaonline.org\/fr\/producto\/coupe-suedoise-avec-rouleau-bois-therapie-hetre\/","name":"Coup su\u00e9doise avec rouleau Maderoth\u00e9rapie en H\u00eatre - Maderoterapia Online","isPartOf":{"@id":"https:\/\/maderoterapiaonline.org\/fr\/#website"},"primaryImageOfPage":{"@id":"https:\/\/maderoterapiaonline.org\/fr\/producto\/coupe-suedoise-avec-rouleau-bois-therapie-hetre\/#primaryimage"},"image":{"@id":"https:\/\/maderoterapiaonline.org\/fr\/producto\/coupe-suedoise-avec-rouleau-bois-therapie-hetre\/#primaryimage"},"thumbnailUrl":"https:\/\/maderoterapiaonline.org\/wp-content\/uploads\/2023\/05\/1-27.jpg","datePublished":"2023-06-08T03:08:55+00:00","dateModified":"2025-10-07T09:49:49+00:00","breadcrumb":{"@id":"https:\/\/maderoterapiaonline.org\/fr\/producto\/coupe-suedoise-avec-rouleau-bois-therapie-hetre\/#breadcrumb"},"inLanguage":"fr-FR","potentialAction":[{"@type":"ReadAction","target":["https:\/\/maderoterapiaonline.org\/fr\/producto\/coupe-suedoise-avec-rouleau-bois-therapie-hetre\/"]}]},{"@type":"ImageObject","inLanguage":"fr-FR","@id":"https:\/\/maderoterapiaonline.org\/fr\/producto\/coupe-suedoise-avec-rouleau-bois-therapie-hetre\/#primaryimage","url":"https:\/\/maderoterapiaonline.org\/wp-content\/uploads\/2023\/05\/1-27.jpg","contentUrl":"https:\/\/maderoterapiaonline.org\/wp-content\/uploads\/2023\/05\/1-27.jpg","width":1080,"height":1080,"caption":"Champi\u00f1\u00f3n Maderoterapia Haya"},{"@type":"BreadcrumbList","@id":"https:\/\/maderoterapiaonline.org\/fr\/producto\/coupe-suedoise-avec-rouleau-bois-therapie-hetre\/#breadcrumb","itemListElement":[{"@type":"ListItem","position":1,"name":"Portada","item":"https:\/\/maderoterapiaonline.org\/fr\/"},{"@type":"ListItem","position":2,"name":"Boutique","item":"https:\/\/maderoterapiaonline.org\/kits-maderas\/"},{"@type":"ListItem","position":3,"name":"Coup su\u00e9doise avec rouleau Maderoth\u00e9rapie en H\u00eatre"}]},{"@type":"WebSite","@id":"https:\/\/maderoterapiaonline.org\/fr\/#website","url":"https:\/\/maderoterapiaonline.org\/fr\/","name":"Maderoterapia Online","description":"Compra tu kit de Maderoterapia Profesional. Env\u00edos 24\/48h. Atenci\u00f3n al cliente por profesionales Maderoterapeutas","publisher":{"@id":"https:\/\/maderoterapiaonline.org\/fr\/#organization"},"alternateName":"Maderoterapiaonline.org","potentialAction":[{"@type":"SearchAction","target":{"@type":"EntryPoint","urlTemplate":"https:\/\/maderoterapiaonline.org\/fr\/?s={search_term_string}"},"query-input":{"@type":"PropertyValueSpecification","valueRequired":true,"valueName":"search_term_string"}}],"inLanguage":"fr-FR"},{"@type":"Organization","@id":"https:\/\/maderoterapiaonline.org\/fr\/#organization","name":"Maderoterapia Est\u00e9tica Espa\u00f1a \u2013 Dori L\u00f3pez\u00ae y Escuela Profesional Maderoterapia Online\u00ae.","url":"https:\/\/maderoterapiaonline.org\/fr\/","logo":{"@type":"ImageObject","inLanguage":"fr-FR","@id":"https:\/\/maderoterapiaonline.org\/fr\/#\/schema\/logo\/image\/","url":"https:\/\/maderoterapiaonline.org\/wp-content\/uploads\/2025\/03\/Logo-M-1.png","contentUrl":"https:\/\/maderoterapiaonline.org\/wp-content\/uploads\/2025\/03\/Logo-M-1.png","width":1464,"height":1051,"caption":"Maderoterapia Est\u00e9tica Espa\u00f1a \u2013 Dori L\u00f3pez\u00ae y Escuela Profesional Maderoterapia Online\u00ae."},"image":{"@id":"https:\/\/maderoterapiaonline.org\/fr\/#\/schema\/logo\/image\/"}}]}},"_links":{"self":[{"href":"https:\/\/maderoterapiaonline.org\/fr\/wp-json\/wp\/v2\/product\/43920","targetHints":{"allow":["GET"]}}],"collection":[{"href":"https:\/\/maderoterapiaonline.org\/fr\/wp-json\/wp\/v2\/product"}],"about":[{"href":"https:\/\/maderoterapiaonline.org\/fr\/wp-json\/wp\/v2\/types\/product"}],"replies":[{"embeddable":true,"href":"https:\/\/maderoterapiaonline.org\/fr\/wp-json\/wp\/v2\/comments?post=43920"}],"wp:featuredmedia":[{"embeddable":true,"href":"https:\/\/maderoterapiaonline.org\/fr\/wp-json\/wp\/v2\/media\/41853"}],"wp:attachment":[{"href":"https:\/\/maderoterapiaonline.org\/fr\/wp-json\/wp\/v2\/media?parent=43920"}],"wp:term":[{"taxonomy":"product_brand","embeddable":true,"href":"https:\/\/maderoterapiaonline.org\/fr\/wp-json\/wp\/v2\/product_brand?post=43920"},{"taxonomy":"product_cat","embeddable":true,"href":"https:\/\/maderoterapiaonline.org\/fr\/wp-json\/wp\/v2\/product_cat?post=43920"},{"taxonomy":"product_tag","embeddable":true,"href":"https:\/\/maderoterapiaonline.org\/fr\/wp-json\/wp\/v2\/product_tag?post=43920"}],"curies":[{"name":"wp","href":"https:\/\/api.w.org\/{rel}","templated":true}]}}