{"id":43900,"date":"2025-04-10T05:08:45","date_gmt":"2025-04-10T03:08:45","guid":{"rendered":"https:\/\/maderoterapiaonline.org\/producto\/petite-coupe-suedoise-de-maderotherapie\/"},"modified":"2025-10-08T10:07:59","modified_gmt":"2025-10-08T08:07:59","slug":"petit-bois-suedois-therapie","status":"publish","type":"product","link":"https:\/\/maderoterapiaonline.org\/fr\/producto\/petit-bois-suedois-therapie\/","title":{"rendered":"Coupe Su\u00e9doise Maderoterapia"},"content":{"rendered":"<p><iframe loading=\"lazy\" src=\"https:\/\/www.youtube.com\/embed\/ZYRmsFi9Zok\" width=\"560\" height=\"315\" frameborder=\"0\" allowfullscreen=\"allowfullscreen\"><span data-mce-type=\"bookmark\" style=\"display: inline-block; width: 0px; overflow: hidden; line-height: 0;\" class=\"mce_SELRES_start\"><\/span><\/iframe><\/p>\n<hr>\n<p>\u00bfFerme et lifte dans les petites zones? Raffermir et soulever dans des zones r\u00e9duites ? Avec la petite coupe su\u00e9doise de Maderoth\u00e9rapie en ligne, cr\u00e9ez l&rsquo;effet de ventouse parfait pour obtenir les meilleurs r\u00e9sultats dans les zones les plus compliqu\u00e9es.<\/p>\n<p><strong>La tasse su\u00e9doise Maderoterapia<\/strong> est fabriqu\u00e9e en bois de pin et de lotus, con\u00e7ue par Maderoterapia Est\u00e9tica Espa\u00f1a\u00ae<\/p>\n<p>Avec la coupe su\u00e9doise, nous pouvons fa\u00e7onner l\u2019abdomen gr\u00e2ce \u00e0 son puissant effet de succion, en plus de soulever les fesses et de tonifier avec des r\u00e9sultats visibles imm\u00e9diats, la diff\u00e9rence avec sa grande s\u0153ur est qu\u2019elle peut acc\u00e9der \u00e0 des zones plus petites et aux personnes ayant moins de volume de graisse.<\/p>\n<p><strong>Coupe Su\u00e9doise Maderoterapia<\/strong><\/p>\n<ul>\n<li>Long: 14 cm<\/li>\n<li>diam\u00e8tre 8,5 cm \u2205<\/li>\n<li>Poids: 150 gr<\/li>\n<\/ul>\n<p>&nbsp;<\/p>\n","protected":false},"excerpt":{"rendered":"<p>\u00bfFerme et lifte dans les petites zones? Raffermir et soulever dans des zones r\u00e9duites ? Avec la petite coupe su\u00e9doise de Maderoth\u00e9rapie en ligne, cr\u00e9ez l&rsquo;effet de ventouse parfait pour obtenir les meilleurs r\u00e9sultats dans les zones les plus compliqu\u00e9es.<\/p>\n<p><strong>La tasse su\u00e9doise<\/strong> est faite de bois de pin et de lotus, con\u00e7ue par Maderoterapia Est\u00e9tica Espa\u00f1a\u00ae<\/p>\n<p>Avec la petite coupe su\u00e9doise, nous pouvons modeler l&rsquo;abdomen gr\u00e2ce \u00e0 son puissant effet de ventouse, en plus de soulever les fesses et de tonifier avec des r\u00e9sultats visibles imm\u00e9diats. La diff\u00e9rence avec sa grande s\u0153ur est qu&rsquo;elle peut acc\u00e9der \u00e0 des zones plus r\u00e9duites et \u00e0 des personnes avec moins de volume de graisse.<\/p>\n<ul>\n<li>Petite Coupe su\u00e9doise, diam\u00e8tre 8,5 cm \u2205<\/li>\n<\/ul>\n<p>&nbsp;<\/p>\n","protected":false},"featured_media":41586,"comment_status":"closed","ping_status":"closed","template":"","meta":{"content-type":""},"product_brand":[],"product_cat":[387,388],"product_tag":[398],"class_list":{"0":"post-43900","1":"product","2":"type-product","3":"status-publish","4":"has-post-thumbnail","6":"product_cat-elements-en-bois","7":"product_cat-therapie-du-bois","8":"product_tag-elements-en-bois","10":"first","11":"instock","12":"sale","13":"taxable","14":"shipping-taxable","15":"purchasable","16":"product-type-simple"},"yoast_head":"<!-- This site is optimized with the Yoast SEO plugin v27.2 - https:\/\/yoast.com\/product\/yoast-seo-wordpress\/ -->\n<title>Coupe Su\u00e9doise Maderoterapia - Maderoterapia Online<\/title>\n<meta name=\"robots\" content=\"index, follow, max-snippet:-1, max-image-preview:large, max-video-preview:-1\" \/>\n<link rel=\"canonical\" href=\"https:\/\/maderoterapiaonline.org\/fr\/producto\/petit-bois-suedois-therapie\/\" \/>\n<meta property=\"og:locale\" content=\"fr_FR\" \/>\n<meta property=\"og:type\" content=\"article\" \/>\n<meta property=\"og:title\" content=\"Coupe Su\u00e9doise Maderoterapia - Maderoterapia Online\" \/>\n<meta property=\"og:description\" content=\"\u00bfFerme et lifte dans les petites zones? Raffermir et soulever dans des zones r\u00e9duites ? Avec la petite coupe su\u00e9doise de Maderoth\u00e9rapie en ligne, cr\u00e9ez l&#039;effet de ventouse parfait pour obtenir les meilleurs r\u00e9sultats dans les zones les plus compliqu\u00e9es. La tasse su\u00e9doise est faite de bois de pin et de lotus, con\u00e7ue par Maderoterapia Est\u00e9tica Espa\u00f1a\u00ae Avec la petite coupe su\u00e9doise, nous pouvons modeler l&#039;abdomen gr\u00e2ce \u00e0 son puissant effet de ventouse, en plus de soulever les fesses et de tonifier avec des r\u00e9sultats visibles imm\u00e9diats. La diff\u00e9rence avec sa grande s\u0153ur est qu&#039;elle peut acc\u00e9der \u00e0 des zones plus r\u00e9duites et \u00e0 des personnes avec moins de volume de graisse.  Petite Coupe su\u00e9doise, diam\u00e8tre 8,5 cm \u2205 &nbsp;\" \/>\n<meta property=\"og:url\" content=\"https:\/\/maderoterapiaonline.org\/fr\/producto\/petit-bois-suedois-therapie\/\" \/>\n<meta property=\"og:site_name\" content=\"Maderoterapia Online\" \/>\n<meta property=\"article:modified_time\" content=\"2025-10-08T08:07:59+00:00\" \/>\n<meta property=\"og:image\" content=\"https:\/\/maderoterapiaonline.org\/wp-content\/uploads\/2023\/05\/1-43.jpg\" \/>\n\t<meta property=\"og:image:width\" content=\"1080\" \/>\n\t<meta property=\"og:image:height\" content=\"1080\" \/>\n\t<meta property=\"og:image:type\" content=\"image\/jpeg\" \/>\n<meta name=\"twitter:card\" content=\"summary_large_image\" \/>\n<meta name=\"twitter:label1\" content=\"Dur\u00e9e de lecture estim\u00e9e\" \/>\n\t<meta name=\"twitter:data1\" content=\"1 minute\" \/>\n<script type=\"application\/ld+json\" class=\"yoast-schema-graph\">{\"@context\":\"https:\/\/schema.org\",\"@graph\":[{\"@type\":\"WebPage\",\"@id\":\"https:\/\/maderoterapiaonline.org\/fr\/producto\/petit-bois-suedois-therapie\/\",\"url\":\"https:\/\/maderoterapiaonline.org\/fr\/producto\/petit-bois-suedois-therapie\/\",\"name\":\"Coupe Su\u00e9doise Maderoterapia - Maderoterapia Online\",\"isPartOf\":{\"@id\":\"https:\/\/maderoterapiaonline.org\/fr\/#website\"},\"primaryImageOfPage\":{\"@id\":\"https:\/\/maderoterapiaonline.org\/fr\/producto\/petit-bois-suedois-therapie\/#primaryimage\"},\"image\":{\"@id\":\"https:\/\/maderoterapiaonline.org\/fr\/producto\/petit-bois-suedois-therapie\/#primaryimage\"},\"thumbnailUrl\":\"https:\/\/maderoterapiaonline.org\/wp-content\/uploads\/2023\/05\/1-43.jpg\",\"datePublished\":\"2025-04-10T03:08:45+00:00\",\"dateModified\":\"2025-10-08T08:07:59+00:00\",\"breadcrumb\":{\"@id\":\"https:\/\/maderoterapiaonline.org\/fr\/producto\/petit-bois-suedois-therapie\/#breadcrumb\"},\"inLanguage\":\"fr-FR\",\"potentialAction\":[{\"@type\":\"ReadAction\",\"target\":[\"https:\/\/maderoterapiaonline.org\/fr\/producto\/petit-bois-suedois-therapie\/\"]}]},{\"@type\":\"ImageObject\",\"inLanguage\":\"fr-FR\",\"@id\":\"https:\/\/maderoterapiaonline.org\/fr\/producto\/petit-bois-suedois-therapie\/#primaryimage\",\"url\":\"https:\/\/maderoterapiaonline.org\/wp-content\/uploads\/2023\/05\/1-43.jpg\",\"contentUrl\":\"https:\/\/maderoterapiaonline.org\/wp-content\/uploads\/2023\/05\/1-43.jpg\",\"width\":1080,\"height\":1080,\"caption\":\"Copa sueca Maderoterapia\"},{\"@type\":\"BreadcrumbList\",\"@id\":\"https:\/\/maderoterapiaonline.org\/fr\/producto\/petit-bois-suedois-therapie\/#breadcrumb\",\"itemListElement\":[{\"@type\":\"ListItem\",\"position\":1,\"name\":\"Portada\",\"item\":\"https:\/\/maderoterapiaonline.org\/fr\/\"},{\"@type\":\"ListItem\",\"position\":2,\"name\":\"Boutique\",\"item\":\"https:\/\/maderoterapiaonline.org\/kits-maderas\/\"},{\"@type\":\"ListItem\",\"position\":3,\"name\":\"Coupe Su\u00e9doise Maderoterapia\"}]},{\"@type\":\"WebSite\",\"@id\":\"https:\/\/maderoterapiaonline.org\/fr\/#website\",\"url\":\"https:\/\/maderoterapiaonline.org\/fr\/\",\"name\":\"Maderoterapia Online\",\"description\":\"Compra tu kit de Maderoterapia Profesional. Env\u00edos 24\/48h. Atenci\u00f3n al cliente por profesionales Maderoterapeutas\",\"publisher\":{\"@id\":\"https:\/\/maderoterapiaonline.org\/fr\/#organization\"},\"alternateName\":\"Maderoterapiaonline.org\",\"potentialAction\":[{\"@type\":\"SearchAction\",\"target\":{\"@type\":\"EntryPoint\",\"urlTemplate\":\"https:\/\/maderoterapiaonline.org\/fr\/?s={search_term_string}\"},\"query-input\":{\"@type\":\"PropertyValueSpecification\",\"valueRequired\":true,\"valueName\":\"search_term_string\"}}],\"inLanguage\":\"fr-FR\"},{\"@type\":\"Organization\",\"@id\":\"https:\/\/maderoterapiaonline.org\/fr\/#organization\",\"name\":\"Maderoterapia Est\u00e9tica Espa\u00f1a \u2013 Dori L\u00f3pez\u00ae y Escuela Profesional Maderoterapia Online\u00ae.\",\"url\":\"https:\/\/maderoterapiaonline.org\/fr\/\",\"logo\":{\"@type\":\"ImageObject\",\"inLanguage\":\"fr-FR\",\"@id\":\"https:\/\/maderoterapiaonline.org\/fr\/#\/schema\/logo\/image\/\",\"url\":\"https:\/\/maderoterapiaonline.org\/wp-content\/uploads\/2025\/03\/Logo-M-1.png\",\"contentUrl\":\"https:\/\/maderoterapiaonline.org\/wp-content\/uploads\/2025\/03\/Logo-M-1.png\",\"width\":1464,\"height\":1051,\"caption\":\"Maderoterapia Est\u00e9tica Espa\u00f1a \u2013 Dori L\u00f3pez\u00ae y Escuela Profesional Maderoterapia Online\u00ae.\"},\"image\":{\"@id\":\"https:\/\/maderoterapiaonline.org\/fr\/#\/schema\/logo\/image\/\"}}]}<\/script>\n<!-- \/ Yoast SEO plugin. -->","yoast_head_json":{"title":"Coupe Su\u00e9doise Maderoterapia - Maderoterapia Online","robots":{"index":"index","follow":"follow","max-snippet":"max-snippet:-1","max-image-preview":"max-image-preview:large","max-video-preview":"max-video-preview:-1"},"canonical":"https:\/\/maderoterapiaonline.org\/fr\/producto\/petit-bois-suedois-therapie\/","og_locale":"fr_FR","og_type":"article","og_title":"Coupe Su\u00e9doise Maderoterapia - Maderoterapia Online","og_description":"\u00bfFerme et lifte dans les petites zones? Raffermir et soulever dans des zones r\u00e9duites ? Avec la petite coupe su\u00e9doise de Maderoth\u00e9rapie en ligne, cr\u00e9ez l'effet de ventouse parfait pour obtenir les meilleurs r\u00e9sultats dans les zones les plus compliqu\u00e9es. La tasse su\u00e9doise est faite de bois de pin et de lotus, con\u00e7ue par Maderoterapia Est\u00e9tica Espa\u00f1a\u00ae Avec la petite coupe su\u00e9doise, nous pouvons modeler l'abdomen gr\u00e2ce \u00e0 son puissant effet de ventouse, en plus de soulever les fesses et de tonifier avec des r\u00e9sultats visibles imm\u00e9diats. La diff\u00e9rence avec sa grande s\u0153ur est qu'elle peut acc\u00e9der \u00e0 des zones plus r\u00e9duites et \u00e0 des personnes avec moins de volume de graisse.  Petite Coupe su\u00e9doise, diam\u00e8tre 8,5 cm \u2205 &nbsp;","og_url":"https:\/\/maderoterapiaonline.org\/fr\/producto\/petit-bois-suedois-therapie\/","og_site_name":"Maderoterapia Online","article_modified_time":"2025-10-08T08:07:59+00:00","og_image":[{"width":1080,"height":1080,"url":"https:\/\/maderoterapiaonline.org\/wp-content\/uploads\/2023\/05\/1-43.jpg","type":"image\/jpeg"}],"twitter_card":"summary_large_image","twitter_misc":{"Dur\u00e9e de lecture estim\u00e9e":"1 minute"},"schema":{"@context":"https:\/\/schema.org","@graph":[{"@type":"WebPage","@id":"https:\/\/maderoterapiaonline.org\/fr\/producto\/petit-bois-suedois-therapie\/","url":"https:\/\/maderoterapiaonline.org\/fr\/producto\/petit-bois-suedois-therapie\/","name":"Coupe Su\u00e9doise Maderoterapia - Maderoterapia Online","isPartOf":{"@id":"https:\/\/maderoterapiaonline.org\/fr\/#website"},"primaryImageOfPage":{"@id":"https:\/\/maderoterapiaonline.org\/fr\/producto\/petit-bois-suedois-therapie\/#primaryimage"},"image":{"@id":"https:\/\/maderoterapiaonline.org\/fr\/producto\/petit-bois-suedois-therapie\/#primaryimage"},"thumbnailUrl":"https:\/\/maderoterapiaonline.org\/wp-content\/uploads\/2023\/05\/1-43.jpg","datePublished":"2025-04-10T03:08:45+00:00","dateModified":"2025-10-08T08:07:59+00:00","breadcrumb":{"@id":"https:\/\/maderoterapiaonline.org\/fr\/producto\/petit-bois-suedois-therapie\/#breadcrumb"},"inLanguage":"fr-FR","potentialAction":[{"@type":"ReadAction","target":["https:\/\/maderoterapiaonline.org\/fr\/producto\/petit-bois-suedois-therapie\/"]}]},{"@type":"ImageObject","inLanguage":"fr-FR","@id":"https:\/\/maderoterapiaonline.org\/fr\/producto\/petit-bois-suedois-therapie\/#primaryimage","url":"https:\/\/maderoterapiaonline.org\/wp-content\/uploads\/2023\/05\/1-43.jpg","contentUrl":"https:\/\/maderoterapiaonline.org\/wp-content\/uploads\/2023\/05\/1-43.jpg","width":1080,"height":1080,"caption":"Copa sueca Maderoterapia"},{"@type":"BreadcrumbList","@id":"https:\/\/maderoterapiaonline.org\/fr\/producto\/petit-bois-suedois-therapie\/#breadcrumb","itemListElement":[{"@type":"ListItem","position":1,"name":"Portada","item":"https:\/\/maderoterapiaonline.org\/fr\/"},{"@type":"ListItem","position":2,"name":"Boutique","item":"https:\/\/maderoterapiaonline.org\/kits-maderas\/"},{"@type":"ListItem","position":3,"name":"Coupe Su\u00e9doise Maderoterapia"}]},{"@type":"WebSite","@id":"https:\/\/maderoterapiaonline.org\/fr\/#website","url":"https:\/\/maderoterapiaonline.org\/fr\/","name":"Maderoterapia Online","description":"Compra tu kit de Maderoterapia Profesional. Env\u00edos 24\/48h. Atenci\u00f3n al cliente por profesionales Maderoterapeutas","publisher":{"@id":"https:\/\/maderoterapiaonline.org\/fr\/#organization"},"alternateName":"Maderoterapiaonline.org","potentialAction":[{"@type":"SearchAction","target":{"@type":"EntryPoint","urlTemplate":"https:\/\/maderoterapiaonline.org\/fr\/?s={search_term_string}"},"query-input":{"@type":"PropertyValueSpecification","valueRequired":true,"valueName":"search_term_string"}}],"inLanguage":"fr-FR"},{"@type":"Organization","@id":"https:\/\/maderoterapiaonline.org\/fr\/#organization","name":"Maderoterapia Est\u00e9tica Espa\u00f1a \u2013 Dori L\u00f3pez\u00ae y Escuela Profesional Maderoterapia Online\u00ae.","url":"https:\/\/maderoterapiaonline.org\/fr\/","logo":{"@type":"ImageObject","inLanguage":"fr-FR","@id":"https:\/\/maderoterapiaonline.org\/fr\/#\/schema\/logo\/image\/","url":"https:\/\/maderoterapiaonline.org\/wp-content\/uploads\/2025\/03\/Logo-M-1.png","contentUrl":"https:\/\/maderoterapiaonline.org\/wp-content\/uploads\/2025\/03\/Logo-M-1.png","width":1464,"height":1051,"caption":"Maderoterapia Est\u00e9tica Espa\u00f1a \u2013 Dori L\u00f3pez\u00ae y Escuela Profesional Maderoterapia Online\u00ae."},"image":{"@id":"https:\/\/maderoterapiaonline.org\/fr\/#\/schema\/logo\/image\/"}}]}},"_links":{"self":[{"href":"https:\/\/maderoterapiaonline.org\/fr\/wp-json\/wp\/v2\/product\/43900","targetHints":{"allow":["GET"]}}],"collection":[{"href":"https:\/\/maderoterapiaonline.org\/fr\/wp-json\/wp\/v2\/product"}],"about":[{"href":"https:\/\/maderoterapiaonline.org\/fr\/wp-json\/wp\/v2\/types\/product"}],"replies":[{"embeddable":true,"href":"https:\/\/maderoterapiaonline.org\/fr\/wp-json\/wp\/v2\/comments?post=43900"}],"wp:featuredmedia":[{"embeddable":true,"href":"https:\/\/maderoterapiaonline.org\/fr\/wp-json\/wp\/v2\/media\/41586"}],"wp:attachment":[{"href":"https:\/\/maderoterapiaonline.org\/fr\/wp-json\/wp\/v2\/media?parent=43900"}],"wp:term":[{"taxonomy":"product_brand","embeddable":true,"href":"https:\/\/maderoterapiaonline.org\/fr\/wp-json\/wp\/v2\/product_brand?post=43900"},{"taxonomy":"product_cat","embeddable":true,"href":"https:\/\/maderoterapiaonline.org\/fr\/wp-json\/wp\/v2\/product_cat?post=43900"},{"taxonomy":"product_tag","embeddable":true,"href":"https:\/\/maderoterapiaonline.org\/fr\/wp-json\/wp\/v2\/product_tag?post=43900"}],"curies":[{"name":"wp","href":"https:\/\/api.w.org\/{rel}","templated":true}]}}