{"id":43898,"date":"2023-06-21T07:21:14","date_gmt":"2023-06-21T05:21:14","guid":{"rendered":"https:\/\/maderoterapiaonline.org\/producto\/kit-metaltherapie-premium-5-elements\/"},"modified":"2025-09-24T14:44:27","modified_gmt":"2025-09-24T12:44:27","slug":"kit-metaltherapie-premium-5-elements","status":"publish","type":"product","link":"https:\/\/maderoterapiaonline.org\/fr\/producto\/kit-metaltherapie-premium-5-elements\/","title":{"rendered":"Kit de m\u00e9talth\u00e9rapie PREMIUM 5 \u00e9l\u00e9ments"},"content":{"rendered":"","protected":false},"excerpt":{"rendered":"<p>Voulez-vous porter vos traitements esth\u00e9tiques naturels \u00e0 un niveau \u00e9pique ? Nous vous promettons que le kit de m\u00e9talloth\u00e9rapie le plus complet sur le march\u00e9 est votre passe-partout. Con\u00e7u pour les professionnels exigeants, cet ensemble in\u00e9gal\u00e9 vous permet de repousser les limites de la beaut\u00e9 et du bien-\u00eatre, en d\u00e9livrant des r\u00e9sultats transformateurs.  <\/p>\n<p>Chaque outil est con\u00e7u pour une synergie parfaite, ax\u00e9e sur le raffermissement, la tonification et la revitalisation de la peau, d\u00e9fiant les attentes et faisant la diff\u00e9rence dans chaque traitement. En adoptant ce kit, vous \u00e9levez non seulement votre pratique professionnelle&nbsp;; Cr\u00e9ez des exp\u00e9riences uniques que vos clients appr\u00e9cieront profond\u00e9ment. <\/p>\n<p>Ce kit repr\u00e9sente l\u2019avant-garde des soins esth\u00e9tiques, \u00e9tablissant de nouvelles normes de succ\u00e8s. Avec lui, vous transformez des vies, en assurant une fermet\u00e9 et une tonification qui red\u00e9finissent l\u2019extraordinaire. Faites de ce kit le c\u0153ur de votre pratique et sortez de l\u2019ordinaire, chaque jour.  <\/p>\n","protected":false},"featured_media":43776,"comment_status":"closed","ping_status":"closed","template":"","meta":{"content-type":""},"product_brand":[],"product_cat":[384],"product_tag":[],"class_list":{"0":"post-43898","1":"product","2":"type-product","3":"status-publish","4":"has-post-thumbnail","6":"product_cat-metatherapie","8":"first","9":"instock","10":"sale","11":"taxable","12":"shipping-taxable","13":"purchasable","14":"product-type-simple"},"yoast_head":"<!-- This site is optimized with the Yoast SEO plugin v27.4 - https:\/\/yoast.com\/product\/yoast-seo-wordpress\/ -->\n<title>Kit de m\u00e9talth\u00e9rapie PREMIUM 5 \u00e9l\u00e9ments - Maderoterapia Online<\/title>\n<meta name=\"robots\" content=\"index, follow, max-snippet:-1, max-image-preview:large, max-video-preview:-1\" \/>\n<link rel=\"canonical\" href=\"https:\/\/maderoterapiaonline.org\/fr\/producto\/kit-metaltherapie-premium-5-elements\/\" \/>\n<meta property=\"og:locale\" content=\"fr_FR\" \/>\n<meta property=\"og:type\" content=\"article\" \/>\n<meta property=\"og:title\" content=\"Kit de m\u00e9talth\u00e9rapie PREMIUM 5 \u00e9l\u00e9ments - Maderoterapia Online\" \/>\n<meta property=\"og:description\" content=\"Voulez-vous porter vos traitements esth\u00e9tiques naturels \u00e0 un niveau \u00e9pique ? Nous vous promettons que le kit de m\u00e9talloth\u00e9rapie le plus complet sur le march\u00e9 est votre passe-partout. Con\u00e7u pour les professionnels exigeants, cet ensemble in\u00e9gal\u00e9 vous permet de repousser les limites de la beaut\u00e9 et du bien-\u00eatre, en d\u00e9livrant des r\u00e9sultats transformateurs.  Chaque outil est con\u00e7u pour une synergie parfaite, ax\u00e9e sur le raffermissement, la tonification et la revitalisation de la peau, d\u00e9fiant les attentes et faisant la diff\u00e9rence dans chaque traitement. En adoptant ce kit, vous \u00e9levez non seulement votre pratique professionnelle&nbsp;; Cr\u00e9ez des exp\u00e9riences uniques que vos clients appr\u00e9cieront profond\u00e9ment.  Ce kit repr\u00e9sente l\u2019avant-garde des soins esth\u00e9tiques, \u00e9tablissant de nouvelles normes de succ\u00e8s. Avec lui, vous transformez des vies, en assurant une fermet\u00e9 et une tonification qui red\u00e9finissent l\u2019extraordinaire. Faites de ce kit le c\u0153ur de votre pratique et sortez de l\u2019ordinaire, chaque jour.\" \/>\n<meta property=\"og:url\" content=\"https:\/\/maderoterapiaonline.org\/fr\/producto\/kit-metaltherapie-premium-5-elements\/\" \/>\n<meta property=\"og:site_name\" content=\"Maderoterapia Online\" \/>\n<meta property=\"article:modified_time\" content=\"2025-09-24T12:44:27+00:00\" \/>\n<meta property=\"og:image\" content=\"https:\/\/maderoterapiaonline.org\/wp-content\/uploads\/2024\/04\/2.jpg\" \/>\n\t<meta property=\"og:image:width\" content=\"1080\" \/>\n\t<meta property=\"og:image:height\" content=\"1080\" \/>\n\t<meta property=\"og:image:type\" content=\"image\/jpeg\" \/>\n<meta name=\"twitter:card\" content=\"summary_large_image\" \/>\n<script type=\"application\/ld+json\" class=\"yoast-schema-graph\">{\"@context\":\"https:\\\/\\\/schema.org\",\"@graph\":[{\"@type\":\"WebPage\",\"@id\":\"https:\\\/\\\/maderoterapiaonline.org\\\/fr\\\/producto\\\/kit-metaltherapie-premium-5-elements\\\/\",\"url\":\"https:\\\/\\\/maderoterapiaonline.org\\\/fr\\\/producto\\\/kit-metaltherapie-premium-5-elements\\\/\",\"name\":\"Kit de m\u00e9talth\u00e9rapie PREMIUM 5 \u00e9l\u00e9ments - Maderoterapia Online\",\"isPartOf\":{\"@id\":\"https:\\\/\\\/maderoterapiaonline.org\\\/fr\\\/#website\"},\"primaryImageOfPage\":{\"@id\":\"https:\\\/\\\/maderoterapiaonline.org\\\/fr\\\/producto\\\/kit-metaltherapie-premium-5-elements\\\/#primaryimage\"},\"image\":{\"@id\":\"https:\\\/\\\/maderoterapiaonline.org\\\/fr\\\/producto\\\/kit-metaltherapie-premium-5-elements\\\/#primaryimage\"},\"thumbnailUrl\":\"https:\\\/\\\/maderoterapiaonline.org\\\/wp-content\\\/uploads\\\/2024\\\/04\\\/2.jpg\",\"datePublished\":\"2023-06-21T05:21:14+00:00\",\"dateModified\":\"2025-09-24T12:44:27+00:00\",\"breadcrumb\":{\"@id\":\"https:\\\/\\\/maderoterapiaonline.org\\\/fr\\\/producto\\\/kit-metaltherapie-premium-5-elements\\\/#breadcrumb\"},\"inLanguage\":\"fr-FR\",\"potentialAction\":[{\"@type\":\"ReadAction\",\"target\":[\"https:\\\/\\\/maderoterapiaonline.org\\\/fr\\\/producto\\\/kit-metaltherapie-premium-5-elements\\\/\"]}]},{\"@type\":\"ImageObject\",\"inLanguage\":\"fr-FR\",\"@id\":\"https:\\\/\\\/maderoterapiaonline.org\\\/fr\\\/producto\\\/kit-metaltherapie-premium-5-elements\\\/#primaryimage\",\"url\":\"https:\\\/\\\/maderoterapiaonline.org\\\/wp-content\\\/uploads\\\/2024\\\/04\\\/2.jpg\",\"contentUrl\":\"https:\\\/\\\/maderoterapiaonline.org\\\/wp-content\\\/uploads\\\/2024\\\/04\\\/2.jpg\",\"width\":1080,\"height\":1080,\"caption\":\"Kit Metalterapia PREMIUM 5 elementos\"},{\"@type\":\"BreadcrumbList\",\"@id\":\"https:\\\/\\\/maderoterapiaonline.org\\\/fr\\\/producto\\\/kit-metaltherapie-premium-5-elements\\\/#breadcrumb\",\"itemListElement\":[{\"@type\":\"ListItem\",\"position\":1,\"name\":\"Portada\",\"item\":\"https:\\\/\\\/maderoterapiaonline.org\\\/fr\\\/\"},{\"@type\":\"ListItem\",\"position\":2,\"name\":\"Boutique\",\"item\":\"https:\\\/\\\/maderoterapiaonline.org\\\/kits-maderas\\\/\"},{\"@type\":\"ListItem\",\"position\":3,\"name\":\"Kit de m\u00e9talth\u00e9rapie PREMIUM 5 \u00e9l\u00e9ments\"}]},{\"@type\":\"WebSite\",\"@id\":\"https:\\\/\\\/maderoterapiaonline.org\\\/fr\\\/#website\",\"url\":\"https:\\\/\\\/maderoterapiaonline.org\\\/fr\\\/\",\"name\":\"Maderoterapia Online\",\"description\":\"Compra tu kit de Maderoterapia Profesional. Env\u00edos 24\\\/48h. Atenci\u00f3n al cliente por profesionales Maderoterapeutas\",\"publisher\":{\"@id\":\"https:\\\/\\\/maderoterapiaonline.org\\\/fr\\\/#organization\"},\"alternateName\":\"Maderoterapiaonline.org\",\"potentialAction\":[{\"@type\":\"SearchAction\",\"target\":{\"@type\":\"EntryPoint\",\"urlTemplate\":\"https:\\\/\\\/maderoterapiaonline.org\\\/fr\\\/?s={search_term_string}\"},\"query-input\":{\"@type\":\"PropertyValueSpecification\",\"valueRequired\":true,\"valueName\":\"search_term_string\"}}],\"inLanguage\":\"fr-FR\"},{\"@type\":\"Organization\",\"@id\":\"https:\\\/\\\/maderoterapiaonline.org\\\/fr\\\/#organization\",\"name\":\"Maderoterapia Est\u00e9tica Espa\u00f1a \u2013 Dori L\u00f3pez\u00ae y Escuela Profesional Maderoterapia Online\u00ae.\",\"url\":\"https:\\\/\\\/maderoterapiaonline.org\\\/fr\\\/\",\"logo\":{\"@type\":\"ImageObject\",\"inLanguage\":\"fr-FR\",\"@id\":\"https:\\\/\\\/maderoterapiaonline.org\\\/fr\\\/#\\\/schema\\\/logo\\\/image\\\/\",\"url\":\"https:\\\/\\\/maderoterapiaonline.org\\\/wp-content\\\/uploads\\\/2025\\\/03\\\/Logo-M-1.png\",\"contentUrl\":\"https:\\\/\\\/maderoterapiaonline.org\\\/wp-content\\\/uploads\\\/2025\\\/03\\\/Logo-M-1.png\",\"width\":1464,\"height\":1051,\"caption\":\"Maderoterapia Est\u00e9tica Espa\u00f1a \u2013 Dori L\u00f3pez\u00ae y Escuela Profesional Maderoterapia Online\u00ae.\"},\"image\":{\"@id\":\"https:\\\/\\\/maderoterapiaonline.org\\\/fr\\\/#\\\/schema\\\/logo\\\/image\\\/\"}}]}<\/script>\n<!-- \/ Yoast SEO plugin. -->","yoast_head_json":{"title":"Kit de m\u00e9talth\u00e9rapie PREMIUM 5 \u00e9l\u00e9ments - Maderoterapia Online","robots":{"index":"index","follow":"follow","max-snippet":"max-snippet:-1","max-image-preview":"max-image-preview:large","max-video-preview":"max-video-preview:-1"},"canonical":"https:\/\/maderoterapiaonline.org\/fr\/producto\/kit-metaltherapie-premium-5-elements\/","og_locale":"fr_FR","og_type":"article","og_title":"Kit de m\u00e9talth\u00e9rapie PREMIUM 5 \u00e9l\u00e9ments - Maderoterapia Online","og_description":"Voulez-vous porter vos traitements esth\u00e9tiques naturels \u00e0 un niveau \u00e9pique ? Nous vous promettons que le kit de m\u00e9talloth\u00e9rapie le plus complet sur le march\u00e9 est votre passe-partout. Con\u00e7u pour les professionnels exigeants, cet ensemble in\u00e9gal\u00e9 vous permet de repousser les limites de la beaut\u00e9 et du bien-\u00eatre, en d\u00e9livrant des r\u00e9sultats transformateurs.  Chaque outil est con\u00e7u pour une synergie parfaite, ax\u00e9e sur le raffermissement, la tonification et la revitalisation de la peau, d\u00e9fiant les attentes et faisant la diff\u00e9rence dans chaque traitement. En adoptant ce kit, vous \u00e9levez non seulement votre pratique professionnelle&nbsp;; Cr\u00e9ez des exp\u00e9riences uniques que vos clients appr\u00e9cieront profond\u00e9ment.  Ce kit repr\u00e9sente l\u2019avant-garde des soins esth\u00e9tiques, \u00e9tablissant de nouvelles normes de succ\u00e8s. Avec lui, vous transformez des vies, en assurant une fermet\u00e9 et une tonification qui red\u00e9finissent l\u2019extraordinaire. Faites de ce kit le c\u0153ur de votre pratique et sortez de l\u2019ordinaire, chaque jour.","og_url":"https:\/\/maderoterapiaonline.org\/fr\/producto\/kit-metaltherapie-premium-5-elements\/","og_site_name":"Maderoterapia Online","article_modified_time":"2025-09-24T12:44:27+00:00","og_image":[{"width":1080,"height":1080,"url":"https:\/\/maderoterapiaonline.org\/wp-content\/uploads\/2024\/04\/2.jpg","type":"image\/jpeg"}],"twitter_card":"summary_large_image","schema":{"@context":"https:\/\/schema.org","@graph":[{"@type":"WebPage","@id":"https:\/\/maderoterapiaonline.org\/fr\/producto\/kit-metaltherapie-premium-5-elements\/","url":"https:\/\/maderoterapiaonline.org\/fr\/producto\/kit-metaltherapie-premium-5-elements\/","name":"Kit de m\u00e9talth\u00e9rapie PREMIUM 5 \u00e9l\u00e9ments - Maderoterapia Online","isPartOf":{"@id":"https:\/\/maderoterapiaonline.org\/fr\/#website"},"primaryImageOfPage":{"@id":"https:\/\/maderoterapiaonline.org\/fr\/producto\/kit-metaltherapie-premium-5-elements\/#primaryimage"},"image":{"@id":"https:\/\/maderoterapiaonline.org\/fr\/producto\/kit-metaltherapie-premium-5-elements\/#primaryimage"},"thumbnailUrl":"https:\/\/maderoterapiaonline.org\/wp-content\/uploads\/2024\/04\/2.jpg","datePublished":"2023-06-21T05:21:14+00:00","dateModified":"2025-09-24T12:44:27+00:00","breadcrumb":{"@id":"https:\/\/maderoterapiaonline.org\/fr\/producto\/kit-metaltherapie-premium-5-elements\/#breadcrumb"},"inLanguage":"fr-FR","potentialAction":[{"@type":"ReadAction","target":["https:\/\/maderoterapiaonline.org\/fr\/producto\/kit-metaltherapie-premium-5-elements\/"]}]},{"@type":"ImageObject","inLanguage":"fr-FR","@id":"https:\/\/maderoterapiaonline.org\/fr\/producto\/kit-metaltherapie-premium-5-elements\/#primaryimage","url":"https:\/\/maderoterapiaonline.org\/wp-content\/uploads\/2024\/04\/2.jpg","contentUrl":"https:\/\/maderoterapiaonline.org\/wp-content\/uploads\/2024\/04\/2.jpg","width":1080,"height":1080,"caption":"Kit Metalterapia PREMIUM 5 elementos"},{"@type":"BreadcrumbList","@id":"https:\/\/maderoterapiaonline.org\/fr\/producto\/kit-metaltherapie-premium-5-elements\/#breadcrumb","itemListElement":[{"@type":"ListItem","position":1,"name":"Portada","item":"https:\/\/maderoterapiaonline.org\/fr\/"},{"@type":"ListItem","position":2,"name":"Boutique","item":"https:\/\/maderoterapiaonline.org\/kits-maderas\/"},{"@type":"ListItem","position":3,"name":"Kit de m\u00e9talth\u00e9rapie PREMIUM 5 \u00e9l\u00e9ments"}]},{"@type":"WebSite","@id":"https:\/\/maderoterapiaonline.org\/fr\/#website","url":"https:\/\/maderoterapiaonline.org\/fr\/","name":"Maderoterapia Online","description":"Compra tu kit de Maderoterapia Profesional. Env\u00edos 24\/48h. Atenci\u00f3n al cliente por profesionales Maderoterapeutas","publisher":{"@id":"https:\/\/maderoterapiaonline.org\/fr\/#organization"},"alternateName":"Maderoterapiaonline.org","potentialAction":[{"@type":"SearchAction","target":{"@type":"EntryPoint","urlTemplate":"https:\/\/maderoterapiaonline.org\/fr\/?s={search_term_string}"},"query-input":{"@type":"PropertyValueSpecification","valueRequired":true,"valueName":"search_term_string"}}],"inLanguage":"fr-FR"},{"@type":"Organization","@id":"https:\/\/maderoterapiaonline.org\/fr\/#organization","name":"Maderoterapia Est\u00e9tica Espa\u00f1a \u2013 Dori L\u00f3pez\u00ae y Escuela Profesional Maderoterapia Online\u00ae.","url":"https:\/\/maderoterapiaonline.org\/fr\/","logo":{"@type":"ImageObject","inLanguage":"fr-FR","@id":"https:\/\/maderoterapiaonline.org\/fr\/#\/schema\/logo\/image\/","url":"https:\/\/maderoterapiaonline.org\/wp-content\/uploads\/2025\/03\/Logo-M-1.png","contentUrl":"https:\/\/maderoterapiaonline.org\/wp-content\/uploads\/2025\/03\/Logo-M-1.png","width":1464,"height":1051,"caption":"Maderoterapia Est\u00e9tica Espa\u00f1a \u2013 Dori L\u00f3pez\u00ae y Escuela Profesional Maderoterapia Online\u00ae."},"image":{"@id":"https:\/\/maderoterapiaonline.org\/fr\/#\/schema\/logo\/image\/"}}]}},"_links":{"self":[{"href":"https:\/\/maderoterapiaonline.org\/fr\/wp-json\/wp\/v2\/product\/43898","targetHints":{"allow":["GET"]}}],"collection":[{"href":"https:\/\/maderoterapiaonline.org\/fr\/wp-json\/wp\/v2\/product"}],"about":[{"href":"https:\/\/maderoterapiaonline.org\/fr\/wp-json\/wp\/v2\/types\/product"}],"replies":[{"embeddable":true,"href":"https:\/\/maderoterapiaonline.org\/fr\/wp-json\/wp\/v2\/comments?post=43898"}],"wp:featuredmedia":[{"embeddable":true,"href":"https:\/\/maderoterapiaonline.org\/fr\/wp-json\/wp\/v2\/media\/43776"}],"wp:attachment":[{"href":"https:\/\/maderoterapiaonline.org\/fr\/wp-json\/wp\/v2\/media?parent=43898"}],"wp:term":[{"taxonomy":"product_brand","embeddable":true,"href":"https:\/\/maderoterapiaonline.org\/fr\/wp-json\/wp\/v2\/product_brand?post=43898"},{"taxonomy":"product_cat","embeddable":true,"href":"https:\/\/maderoterapiaonline.org\/fr\/wp-json\/wp\/v2\/product_cat?post=43898"},{"taxonomy":"product_tag","embeddable":true,"href":"https:\/\/maderoterapiaonline.org\/fr\/wp-json\/wp\/v2\/product_tag?post=43898"}],"curies":[{"name":"wp","href":"https:\/\/api.w.org\/{rel}","templated":true}]}}