{"id":43897,"date":"2025-04-22T13:20:37","date_gmt":"2025-04-22T11:20:37","guid":{"rendered":"https:\/\/maderoterapiaonline.org\/producto\/masseur-de-maderotherapie-demi-lune\/"},"modified":"2025-10-08T09:42:28","modified_gmt":"2025-10-08T07:42:28","slug":"masseur-de-maderotherapie-demi-lune","status":"publish","type":"product","link":"https:\/\/maderoterapiaonline.org\/fr\/producto\/masseur-de-maderotherapie-demi-lune\/","title":{"rendered":"Wood Therapy Demi-Lune Arche Masseur"},"content":{"rendered":"<p>\u00cates-vous pr\u00eat \u00e0 dire adieu \u00e0 la <strong>cellulite<\/strong>, \u00e0 faire fondre la <strong>graisse localis\u00e9e<\/strong> et \u00e0 <strong>sculpter<\/strong> la taille de vos r\u00eaves avec une touche de magie ? Le masseur Crescent est votre baguette magique dans le monde r\u00e9el, promettant non seulement des r\u00e9sultats visibles, mais aussi une exp\u00e9rience qui transforme et revitalise. <\/p>\n<p>Cet instrument, qui semble avoir \u00e9t\u00e9 forg\u00e9 par la nature et perfectionn\u00e9 par des experts, se manipule avec des mouvements horizontaux, \u00e9tant une extension de vos mains. Il commence par une danse de pressions douces, qui s\u2019intensifient progressivement, devenant un flux \u00e9nerg\u00e9tique qui p\u00e9n\u00e8tre dans les profondeurs de la peau. Cette s\u00e9quence soigneusement con\u00e7ue active non seulement la circulation et stimule le drainage lymphatique, mais combat \u00e9galement avec pr\u00e9cision la cellulite et dissout les d\u00e9p\u00f4ts de graisse.  <\/p>\n<p>La vraie magie du Crescent Massager r\u00e9side dans sa capacit\u00e9 \u00e0 aller au-del\u00e0 de la surface, en touchant le c\u0153ur m\u00eame de ce que nous souhaitons changer. \u00c0 chaque utilisation, une peau plus lisse, une silhouette plus d\u00e9finie et une \u00e9nergie renouvel\u00e9e qui circule dans le corps sont r\u00e9v\u00e9l\u00e9es. Il ne s\u2019agit pas seulement d\u2019un instrument ; C\u2019est un portail vers la version la plus rayonnante de vous-m\u00eame, promettant une transformation \u00e0 la fois physique et \u00e9motionnelle.  <\/p>\n<p>Id\u00e9al pour ceux qui cherchent \u00e0 incorporer une touche sp\u00e9ciale dans leur pratique de la th\u00e9rapie par le bois et pour ceux qui recherchent des r\u00e9sultats authentiques, le masseur Half Moon est la promesse d\u2019une beaut\u00e9 red\u00e9finie et d\u2019un bien-\u00eatre in\u00e9gal\u00e9. Pr\u00e9parez-vous \u00e0 voir comment chaque s\u00e9ance vous rapproche de votre id\u00e9al esth\u00e9tique, envelopp\u00e9 dans une exp\u00e9rience qui est, en soi, de la pure magie. <\/p>\n","protected":false},"excerpt":{"rendered":"<p>\u00cates-vous pr\u00eat \u00e0 dire adieu \u00e0 la <strong>cellulite<\/strong>, \u00e0 faire fondre la <strong>graisse localis\u00e9e<\/strong> et \u00e0 <strong>sculpter<\/strong> la taille de vos r\u00eaves avec une touche de magie ? Le masseur demi-lune Wood Therapy est votre baguette magique dans le monde r\u00e9el, promettant non seulement des r\u00e9sultats visibles, mais aussi une exp\u00e9rience qui transforme et revitalise. <\/p>\n<p>Cet instrument, qui semble avoir \u00e9t\u00e9 forg\u00e9 par la nature et perfectionn\u00e9 par des experts, se manipule avec des mouvements horizontaux, \u00e9tant une extension de vos mains. Il commence par une danse de pressions douces, qui s\u2019intensifient progressivement, devenant un flux \u00e9nerg\u00e9tique qui p\u00e9n\u00e8tre dans les profondeurs de la peau. Cette s\u00e9quence soigneusement con\u00e7ue active non seulement la circulation et stimule le drainage lymphatique, mais combat \u00e9galement avec pr\u00e9cision la cellulite et dissout les d\u00e9p\u00f4ts de graisse.  <\/p>\n<p>La vraie magie du masseur demi-lune Wood Therapy r\u00e9side dans sa capacit\u00e9 \u00e0 aller au-del\u00e0 de la surface, en touchant le c\u0153ur m\u00eame de ce que nous souhaitons changer. \u00c0 chaque utilisation, une peau plus lisse, une silhouette plus d\u00e9finie et une \u00e9nergie renouvel\u00e9e qui circule dans le corps sont r\u00e9v\u00e9l\u00e9es. Il ne s\u2019agit pas seulement d\u2019un instrument ; C\u2019est un portail vers la version la plus rayonnante de vous-m\u00eame, promettant une transformation \u00e0 la fois physique et \u00e9motionnelle.  <\/p>\n<p>Id\u00e9al pour ceux qui cherchent \u00e0 incorporer une touche sp\u00e9ciale dans leur pratique de la th\u00e9rapie par le bois et pour ceux qui recherchent des r\u00e9sultats authentiques, le masseur Half Moon est la promesse d\u2019une beaut\u00e9 red\u00e9finie et d\u2019un bien-\u00eatre in\u00e9gal\u00e9. Pr\u00e9parez-vous \u00e0 voir comment chaque s\u00e9ance vous rapproche de votre id\u00e9al esth\u00e9tique, envelopp\u00e9 dans une exp\u00e9rience qui est, en soi, de la pure magie. <\/p>\n","protected":false},"featured_media":43746,"comment_status":"closed","ping_status":"closed","template":"","meta":{"content-type":""},"product_brand":[],"product_cat":[388],"product_tag":[],"class_list":{"0":"post-43897","1":"product","2":"type-product","3":"status-publish","4":"has-post-thumbnail","6":"product_cat-therapie-du-bois","8":"first","9":"instock","10":"sale","11":"taxable","12":"shipping-taxable","13":"purchasable","14":"product-type-simple"},"yoast_head":"<!-- This site is optimized with the Yoast SEO plugin v27.2 - https:\/\/yoast.com\/product\/yoast-seo-wordpress\/ -->\n<title>Wood Therapy Demi-Lune Arche Masseur - Maderoterapia Online<\/title>\n<meta name=\"robots\" content=\"index, follow, max-snippet:-1, max-image-preview:large, max-video-preview:-1\" \/>\n<link rel=\"canonical\" href=\"https:\/\/maderoterapiaonline.org\/fr\/producto\/masseur-de-maderotherapie-demi-lune\/\" \/>\n<meta property=\"og:locale\" content=\"fr_FR\" \/>\n<meta property=\"og:type\" content=\"article\" \/>\n<meta property=\"og:title\" content=\"Wood Therapy Demi-Lune Arche Masseur - Maderoterapia Online\" \/>\n<meta property=\"og:description\" content=\"\u00cates-vous pr\u00eat \u00e0 dire adieu \u00e0 la cellulite, \u00e0 faire fondre la graisse localis\u00e9e et \u00e0 sculpter la taille de vos r\u00eaves avec une touche de magie ? Le masseur demi-lune Wood Therapy est votre baguette magique dans le monde r\u00e9el, promettant non seulement des r\u00e9sultats visibles, mais aussi une exp\u00e9rience qui transforme et revitalise.  Cet instrument, qui semble avoir \u00e9t\u00e9 forg\u00e9 par la nature et perfectionn\u00e9 par des experts, se manipule avec des mouvements horizontaux, \u00e9tant une extension de vos mains. Il commence par une danse de pressions douces, qui s\u2019intensifient progressivement, devenant un flux \u00e9nerg\u00e9tique qui p\u00e9n\u00e8tre dans les profondeurs de la peau. Cette s\u00e9quence soigneusement con\u00e7ue active non seulement la circulation et stimule le drainage lymphatique, mais combat \u00e9galement avec pr\u00e9cision la cellulite et dissout les d\u00e9p\u00f4ts de graisse.  La vraie magie du masseur demi-lune Wood Therapy r\u00e9side dans sa capacit\u00e9 \u00e0 aller au-del\u00e0 de la surface, en touchant le c\u0153ur m\u00eame de ce que nous souhaitons changer. \u00c0 chaque utilisation, une peau plus lisse, une silhouette plus d\u00e9finie et une \u00e9nergie renouvel\u00e9e qui circule dans le corps sont r\u00e9v\u00e9l\u00e9es. Il ne s\u2019agit pas seulement d\u2019un instrument ; C\u2019est un portail vers la version la plus rayonnante de vous-m\u00eame, promettant une transformation \u00e0 la fois physique et \u00e9motionnelle.  Id\u00e9al pour ceux qui cherchent \u00e0 incorporer une touche sp\u00e9ciale dans leur pratique de la th\u00e9rapie par le bois et pour ceux qui recherchent des r\u00e9sultats authentiques, le masseur Half Moon est la promesse d\u2019une beaut\u00e9 red\u00e9finie et d\u2019un bien-\u00eatre in\u00e9gal\u00e9. Pr\u00e9parez-vous \u00e0 voir comment chaque s\u00e9ance vous rapproche de votre id\u00e9al esth\u00e9tique, envelopp\u00e9 dans une exp\u00e9rience qui est, en soi, de la pure magie.\" \/>\n<meta property=\"og:url\" content=\"https:\/\/maderoterapiaonline.org\/fr\/producto\/masseur-de-maderotherapie-demi-lune\/\" \/>\n<meta property=\"og:site_name\" content=\"Maderoterapia Online\" \/>\n<meta property=\"article:modified_time\" content=\"2025-10-08T07:42:28+00:00\" \/>\n<meta property=\"og:image\" content=\"https:\/\/maderoterapiaonline.org\/wp-content\/uploads\/2024\/04\/Rodillo-masajeador-anticelulitis-amazon-y-media-luna.jpg\" \/>\n\t<meta property=\"og:image:width\" content=\"1080\" \/>\n\t<meta property=\"og:image:height\" content=\"1080\" \/>\n\t<meta property=\"og:image:type\" content=\"image\/jpeg\" \/>\n<meta name=\"twitter:card\" content=\"summary_large_image\" \/>\n<meta name=\"twitter:label1\" content=\"Dur\u00e9e de lecture estim\u00e9e\" \/>\n\t<meta name=\"twitter:data1\" content=\"2 minutes\" \/>\n<script type=\"application\/ld+json\" class=\"yoast-schema-graph\">{\"@context\":\"https:\/\/schema.org\",\"@graph\":[{\"@type\":\"WebPage\",\"@id\":\"https:\/\/maderoterapiaonline.org\/fr\/producto\/masseur-de-maderotherapie-demi-lune\/\",\"url\":\"https:\/\/maderoterapiaonline.org\/fr\/producto\/masseur-de-maderotherapie-demi-lune\/\",\"name\":\"Wood Therapy Demi-Lune Arche Masseur - Maderoterapia Online\",\"isPartOf\":{\"@id\":\"https:\/\/maderoterapiaonline.org\/fr\/#website\"},\"primaryImageOfPage\":{\"@id\":\"https:\/\/maderoterapiaonline.org\/fr\/producto\/masseur-de-maderotherapie-demi-lune\/#primaryimage\"},\"image\":{\"@id\":\"https:\/\/maderoterapiaonline.org\/fr\/producto\/masseur-de-maderotherapie-demi-lune\/#primaryimage\"},\"thumbnailUrl\":\"https:\/\/maderoterapiaonline.org\/wp-content\/uploads\/2024\/04\/Rodillo-masajeador-anticelulitis-amazon-y-media-luna.jpg\",\"datePublished\":\"2025-04-22T11:20:37+00:00\",\"dateModified\":\"2025-10-08T07:42:28+00:00\",\"breadcrumb\":{\"@id\":\"https:\/\/maderoterapiaonline.org\/fr\/producto\/masseur-de-maderotherapie-demi-lune\/#breadcrumb\"},\"inLanguage\":\"fr-FR\",\"potentialAction\":[{\"@type\":\"ReadAction\",\"target\":[\"https:\/\/maderoterapiaonline.org\/fr\/producto\/masseur-de-maderotherapie-demi-lune\/\"]}]},{\"@type\":\"ImageObject\",\"inLanguage\":\"fr-FR\",\"@id\":\"https:\/\/maderoterapiaonline.org\/fr\/producto\/masseur-de-maderotherapie-demi-lune\/#primaryimage\",\"url\":\"https:\/\/maderoterapiaonline.org\/wp-content\/uploads\/2024\/04\/Rodillo-masajeador-anticelulitis-amazon-y-media-luna.jpg\",\"contentUrl\":\"https:\/\/maderoterapiaonline.org\/wp-content\/uploads\/2024\/04\/Rodillo-masajeador-anticelulitis-amazon-y-media-luna.jpg\",\"width\":1080,\"height\":1080,\"caption\":\"Masajeador Maderoterapia Arco media luna\"},{\"@type\":\"BreadcrumbList\",\"@id\":\"https:\/\/maderoterapiaonline.org\/fr\/producto\/masseur-de-maderotherapie-demi-lune\/#breadcrumb\",\"itemListElement\":[{\"@type\":\"ListItem\",\"position\":1,\"name\":\"Portada\",\"item\":\"https:\/\/maderoterapiaonline.org\/fr\/\"},{\"@type\":\"ListItem\",\"position\":2,\"name\":\"Boutique\",\"item\":\"https:\/\/maderoterapiaonline.org\/kits-maderas\/\"},{\"@type\":\"ListItem\",\"position\":3,\"name\":\"Wood Therapy Demi-Lune Arche Masseur\"}]},{\"@type\":\"WebSite\",\"@id\":\"https:\/\/maderoterapiaonline.org\/fr\/#website\",\"url\":\"https:\/\/maderoterapiaonline.org\/fr\/\",\"name\":\"Maderoterapia Online\",\"description\":\"Compra tu kit de Maderoterapia Profesional. Env\u00edos 24\/48h. Atenci\u00f3n al cliente por profesionales Maderoterapeutas\",\"publisher\":{\"@id\":\"https:\/\/maderoterapiaonline.org\/fr\/#organization\"},\"alternateName\":\"Maderoterapiaonline.org\",\"potentialAction\":[{\"@type\":\"SearchAction\",\"target\":{\"@type\":\"EntryPoint\",\"urlTemplate\":\"https:\/\/maderoterapiaonline.org\/fr\/?s={search_term_string}\"},\"query-input\":{\"@type\":\"PropertyValueSpecification\",\"valueRequired\":true,\"valueName\":\"search_term_string\"}}],\"inLanguage\":\"fr-FR\"},{\"@type\":\"Organization\",\"@id\":\"https:\/\/maderoterapiaonline.org\/fr\/#organization\",\"name\":\"Maderoterapia Est\u00e9tica Espa\u00f1a \u2013 Dori L\u00f3pez\u00ae y Escuela Profesional Maderoterapia Online\u00ae.\",\"url\":\"https:\/\/maderoterapiaonline.org\/fr\/\",\"logo\":{\"@type\":\"ImageObject\",\"inLanguage\":\"fr-FR\",\"@id\":\"https:\/\/maderoterapiaonline.org\/fr\/#\/schema\/logo\/image\/\",\"url\":\"https:\/\/maderoterapiaonline.org\/wp-content\/uploads\/2025\/03\/Logo-M-1.png\",\"contentUrl\":\"https:\/\/maderoterapiaonline.org\/wp-content\/uploads\/2025\/03\/Logo-M-1.png\",\"width\":1464,\"height\":1051,\"caption\":\"Maderoterapia Est\u00e9tica Espa\u00f1a \u2013 Dori L\u00f3pez\u00ae y Escuela Profesional Maderoterapia Online\u00ae.\"},\"image\":{\"@id\":\"https:\/\/maderoterapiaonline.org\/fr\/#\/schema\/logo\/image\/\"}}]}<\/script>\n<!-- \/ Yoast SEO plugin. -->","yoast_head_json":{"title":"Wood Therapy Demi-Lune Arche Masseur - Maderoterapia Online","robots":{"index":"index","follow":"follow","max-snippet":"max-snippet:-1","max-image-preview":"max-image-preview:large","max-video-preview":"max-video-preview:-1"},"canonical":"https:\/\/maderoterapiaonline.org\/fr\/producto\/masseur-de-maderotherapie-demi-lune\/","og_locale":"fr_FR","og_type":"article","og_title":"Wood Therapy Demi-Lune Arche Masseur - Maderoterapia Online","og_description":"\u00cates-vous pr\u00eat \u00e0 dire adieu \u00e0 la cellulite, \u00e0 faire fondre la graisse localis\u00e9e et \u00e0 sculpter la taille de vos r\u00eaves avec une touche de magie ? Le masseur demi-lune Wood Therapy est votre baguette magique dans le monde r\u00e9el, promettant non seulement des r\u00e9sultats visibles, mais aussi une exp\u00e9rience qui transforme et revitalise.  Cet instrument, qui semble avoir \u00e9t\u00e9 forg\u00e9 par la nature et perfectionn\u00e9 par des experts, se manipule avec des mouvements horizontaux, \u00e9tant une extension de vos mains. Il commence par une danse de pressions douces, qui s\u2019intensifient progressivement, devenant un flux \u00e9nerg\u00e9tique qui p\u00e9n\u00e8tre dans les profondeurs de la peau. Cette s\u00e9quence soigneusement con\u00e7ue active non seulement la circulation et stimule le drainage lymphatique, mais combat \u00e9galement avec pr\u00e9cision la cellulite et dissout les d\u00e9p\u00f4ts de graisse.  La vraie magie du masseur demi-lune Wood Therapy r\u00e9side dans sa capacit\u00e9 \u00e0 aller au-del\u00e0 de la surface, en touchant le c\u0153ur m\u00eame de ce que nous souhaitons changer. \u00c0 chaque utilisation, une peau plus lisse, une silhouette plus d\u00e9finie et une \u00e9nergie renouvel\u00e9e qui circule dans le corps sont r\u00e9v\u00e9l\u00e9es. Il ne s\u2019agit pas seulement d\u2019un instrument ; C\u2019est un portail vers la version la plus rayonnante de vous-m\u00eame, promettant une transformation \u00e0 la fois physique et \u00e9motionnelle.  Id\u00e9al pour ceux qui cherchent \u00e0 incorporer une touche sp\u00e9ciale dans leur pratique de la th\u00e9rapie par le bois et pour ceux qui recherchent des r\u00e9sultats authentiques, le masseur Half Moon est la promesse d\u2019une beaut\u00e9 red\u00e9finie et d\u2019un bien-\u00eatre in\u00e9gal\u00e9. Pr\u00e9parez-vous \u00e0 voir comment chaque s\u00e9ance vous rapproche de votre id\u00e9al esth\u00e9tique, envelopp\u00e9 dans une exp\u00e9rience qui est, en soi, de la pure magie.","og_url":"https:\/\/maderoterapiaonline.org\/fr\/producto\/masseur-de-maderotherapie-demi-lune\/","og_site_name":"Maderoterapia Online","article_modified_time":"2025-10-08T07:42:28+00:00","og_image":[{"width":1080,"height":1080,"url":"https:\/\/maderoterapiaonline.org\/wp-content\/uploads\/2024\/04\/Rodillo-masajeador-anticelulitis-amazon-y-media-luna.jpg","type":"image\/jpeg"}],"twitter_card":"summary_large_image","twitter_misc":{"Dur\u00e9e de lecture estim\u00e9e":"2 minutes"},"schema":{"@context":"https:\/\/schema.org","@graph":[{"@type":"WebPage","@id":"https:\/\/maderoterapiaonline.org\/fr\/producto\/masseur-de-maderotherapie-demi-lune\/","url":"https:\/\/maderoterapiaonline.org\/fr\/producto\/masseur-de-maderotherapie-demi-lune\/","name":"Wood Therapy Demi-Lune Arche Masseur - Maderoterapia Online","isPartOf":{"@id":"https:\/\/maderoterapiaonline.org\/fr\/#website"},"primaryImageOfPage":{"@id":"https:\/\/maderoterapiaonline.org\/fr\/producto\/masseur-de-maderotherapie-demi-lune\/#primaryimage"},"image":{"@id":"https:\/\/maderoterapiaonline.org\/fr\/producto\/masseur-de-maderotherapie-demi-lune\/#primaryimage"},"thumbnailUrl":"https:\/\/maderoterapiaonline.org\/wp-content\/uploads\/2024\/04\/Rodillo-masajeador-anticelulitis-amazon-y-media-luna.jpg","datePublished":"2025-04-22T11:20:37+00:00","dateModified":"2025-10-08T07:42:28+00:00","breadcrumb":{"@id":"https:\/\/maderoterapiaonline.org\/fr\/producto\/masseur-de-maderotherapie-demi-lune\/#breadcrumb"},"inLanguage":"fr-FR","potentialAction":[{"@type":"ReadAction","target":["https:\/\/maderoterapiaonline.org\/fr\/producto\/masseur-de-maderotherapie-demi-lune\/"]}]},{"@type":"ImageObject","inLanguage":"fr-FR","@id":"https:\/\/maderoterapiaonline.org\/fr\/producto\/masseur-de-maderotherapie-demi-lune\/#primaryimage","url":"https:\/\/maderoterapiaonline.org\/wp-content\/uploads\/2024\/04\/Rodillo-masajeador-anticelulitis-amazon-y-media-luna.jpg","contentUrl":"https:\/\/maderoterapiaonline.org\/wp-content\/uploads\/2024\/04\/Rodillo-masajeador-anticelulitis-amazon-y-media-luna.jpg","width":1080,"height":1080,"caption":"Masajeador Maderoterapia Arco media luna"},{"@type":"BreadcrumbList","@id":"https:\/\/maderoterapiaonline.org\/fr\/producto\/masseur-de-maderotherapie-demi-lune\/#breadcrumb","itemListElement":[{"@type":"ListItem","position":1,"name":"Portada","item":"https:\/\/maderoterapiaonline.org\/fr\/"},{"@type":"ListItem","position":2,"name":"Boutique","item":"https:\/\/maderoterapiaonline.org\/kits-maderas\/"},{"@type":"ListItem","position":3,"name":"Wood Therapy Demi-Lune Arche Masseur"}]},{"@type":"WebSite","@id":"https:\/\/maderoterapiaonline.org\/fr\/#website","url":"https:\/\/maderoterapiaonline.org\/fr\/","name":"Maderoterapia Online","description":"Compra tu kit de Maderoterapia Profesional. Env\u00edos 24\/48h. Atenci\u00f3n al cliente por profesionales Maderoterapeutas","publisher":{"@id":"https:\/\/maderoterapiaonline.org\/fr\/#organization"},"alternateName":"Maderoterapiaonline.org","potentialAction":[{"@type":"SearchAction","target":{"@type":"EntryPoint","urlTemplate":"https:\/\/maderoterapiaonline.org\/fr\/?s={search_term_string}"},"query-input":{"@type":"PropertyValueSpecification","valueRequired":true,"valueName":"search_term_string"}}],"inLanguage":"fr-FR"},{"@type":"Organization","@id":"https:\/\/maderoterapiaonline.org\/fr\/#organization","name":"Maderoterapia Est\u00e9tica Espa\u00f1a \u2013 Dori L\u00f3pez\u00ae y Escuela Profesional Maderoterapia Online\u00ae.","url":"https:\/\/maderoterapiaonline.org\/fr\/","logo":{"@type":"ImageObject","inLanguage":"fr-FR","@id":"https:\/\/maderoterapiaonline.org\/fr\/#\/schema\/logo\/image\/","url":"https:\/\/maderoterapiaonline.org\/wp-content\/uploads\/2025\/03\/Logo-M-1.png","contentUrl":"https:\/\/maderoterapiaonline.org\/wp-content\/uploads\/2025\/03\/Logo-M-1.png","width":1464,"height":1051,"caption":"Maderoterapia Est\u00e9tica Espa\u00f1a \u2013 Dori L\u00f3pez\u00ae y Escuela Profesional Maderoterapia Online\u00ae."},"image":{"@id":"https:\/\/maderoterapiaonline.org\/fr\/#\/schema\/logo\/image\/"}}]}},"_links":{"self":[{"href":"https:\/\/maderoterapiaonline.org\/fr\/wp-json\/wp\/v2\/product\/43897","targetHints":{"allow":["GET"]}}],"collection":[{"href":"https:\/\/maderoterapiaonline.org\/fr\/wp-json\/wp\/v2\/product"}],"about":[{"href":"https:\/\/maderoterapiaonline.org\/fr\/wp-json\/wp\/v2\/types\/product"}],"replies":[{"embeddable":true,"href":"https:\/\/maderoterapiaonline.org\/fr\/wp-json\/wp\/v2\/comments?post=43897"}],"wp:featuredmedia":[{"embeddable":true,"href":"https:\/\/maderoterapiaonline.org\/fr\/wp-json\/wp\/v2\/media\/43746"}],"wp:attachment":[{"href":"https:\/\/maderoterapiaonline.org\/fr\/wp-json\/wp\/v2\/media?parent=43897"}],"wp:term":[{"taxonomy":"product_brand","embeddable":true,"href":"https:\/\/maderoterapiaonline.org\/fr\/wp-json\/wp\/v2\/product_brand?post=43897"},{"taxonomy":"product_cat","embeddable":true,"href":"https:\/\/maderoterapiaonline.org\/fr\/wp-json\/wp\/v2\/product_cat?post=43897"},{"taxonomy":"product_tag","embeddable":true,"href":"https:\/\/maderoterapiaonline.org\/fr\/wp-json\/wp\/v2\/product_tag?post=43897"}],"curies":[{"name":"wp","href":"https:\/\/api.w.org\/{rel}","templated":true}]}}