{"id":43896,"date":"2023-06-20T13:01:21","date_gmt":"2023-06-20T11:01:21","guid":{"rendered":"https:\/\/maderoterapiaonline.org\/producto\/rouleau-de-cubes-de-metalotherapie\/"},"modified":"2025-10-07T11:46:11","modified_gmt":"2025-10-07T09:46:11","slug":"rouleau-de-cubes-de-metalotherapie","status":"publish","type":"product","link":"https:\/\/maderoterapiaonline.org\/fr\/producto\/rouleau-de-cubes-de-metalotherapie\/","title":{"rendered":"Rouleau de Cubes de M\u00e9taloth\u00e9rapie"},"content":{"rendered":"","protected":false},"excerpt":{"rendered":"<div class=\"flex-1 overflow-hidden\">\n<div class=\"react-scroll-to-bottom--css-wpura-79elbk h-full\">\n<div class=\"react-scroll-to-bottom--css-wpura-1n7m0yu\">\n<div class=\"flex flex-col pb-9 text-sm\">\n<div class=\"w-full text-token-text-primary\" data-testid=\"conversation-turn-29\">\n<div class=\"px-4 py-2 justify-center text-base md:gap-6 m-auto\">\n<div class=\"flex flex-1 text-base mx-auto gap-3 md:px-5 lg:px-1 xl:px-5 md:max-w-3xl lg:max-w-[40rem] xl:max-w-[48rem] group final-completion\">\n<div class=\"relative flex w-full flex-col agent-turn\">\n<div class=\"flex-col gap-1 md:gap-3\">\n<div class=\"flex flex-grow flex-col max-w-full\">\n<div class=\"min-h-[20px] text-message flex flex-col items-start gap-3 whitespace-pre-wrap break-words [.text-message+&amp;]:mt-5 overflow-x-auto\" data-message-author-role=\"assistant\" data-message-id=\"77e3dec8-cde0-43d6-93c2-3617058c268a\">\n<div class=\"markdown prose w-full break-words dark:prose-invert light\">\n<p><strong>\u00bf\u00cates-vous pr\u00eate \u00e0 transformer l&rsquo;essence m\u00eame de la beaut\u00e9 et du bien-\u00eatre, en emmenant votre art de la maderoth\u00e9rapie au-del\u00e0 des limites connues? <\/strong><\/p>\n<p>Pour la maderoth\u00e9rapeute qui d\u00e9sire non seulement perfectionner sa technique mais aussi laisser une empreinte ind\u00e9l\u00e9bile dans la vie de ses clientes, le Rouleau de Cubes de M\u00e9taloth\u00e9rapie est le tr\u00e9sor cach\u00e9 que vous cherchiez.<\/p>\n<p>Ce rouleau n&rsquo;est pas un simple outil, c&rsquo;est un talisman de transformation, con\u00e7u dans un but : \u00eatre l&rsquo;alli\u00e9 ultime dans votre mission de red\u00e9finir l&rsquo;esth\u00e9tique naturelle. \u00c0 chaque utilisation, il devient une baguette magique dans vos mains, vous permettant de modeler non seulement la forme, mais aussi l&rsquo;esprit, revitalisant et rajeunissant chaque fibre de l&rsquo;\u00eatre de celle qui re\u00e7oit votre toucher. <\/p>\n<p>En faisant glisser le Rouleau de Cubes sur la peau, vous ne combattez pas seulement la cellulite et stimulez la circulation ; vous invoquez une alchimie qui transforme la peau, la tonifiant et la raffermissant avec une efficacit\u00e9 qui semble d\u00e9fier la science. Cet instrument, dans les mains d&rsquo;une artiste comme vous, devient le pinceau avec lequel vous peignez une renaissance, non seulement de la peau mais de l&rsquo;\u00e2me. <\/p>\n<p>Ce rouleau est pour la femme qui voit au-del\u00e0 du superficiel, pour la professionnelle qui comprend que chaque session est un voyage de renaissance pour ses clientes. Avec lui, chaque traitement devient une odyss\u00e9e de transformation, o\u00f9 les r\u00e9sultats ne sont pas seulement visibles, ils sont ressentis, laissant une marque de s\u00e9r\u00e9nit\u00e9 et de force int\u00e9rieure. <\/p>\n<p>Adopter le Rouleau de Cubes de M\u00e9taloth\u00e9rapie dans votre pratique, c&rsquo;est accepter l&rsquo;appel \u00e0 \u00eatre plus qu&rsquo;une maderoth\u00e9rapeute ; c&rsquo;est assumer le r\u00f4le de guide dans le voyage vers la beaut\u00e9 et le bien-\u00eatre authentiques. C&rsquo;est un engagement envers l&rsquo;excellence, une promesse de conduire vos clientes sur un chemin de d\u00e9couverte et de transformation, o\u00f9 chaque destination r\u00e9v\u00e8le une version plus rayonnante d&rsquo;elles-m\u00eames. <\/p>\n<p>Il entame ce voyage vers la ma\u00eetrise, vers l\u2019art supr\u00eame de la th\u00e9rapie par le bois. Laissez le Metaltherapy Cube Roller \u00eatre votre compagnon dans cette aventure \u00e9pique, et ensemble, transformez le monde de l\u2019esth\u00e9tique naturelle avec des clients satisfaits <\/p>\n<\/div>\n<\/div>\n<\/div>\n<\/div>\n<\/div>\n<\/div>\n<\/div>\n<\/div>\n<\/div>\n<\/div>\n<\/div>\n<\/div>\n","protected":false},"featured_media":43628,"comment_status":"closed","ping_status":"closed","template":"","meta":{"content-type":""},"product_brand":[],"product_cat":[384],"product_tag":[],"class_list":{"0":"post-43896","1":"product","2":"type-product","3":"status-publish","4":"has-post-thumbnail","6":"product_cat-metatherapie","8":"first","9":"instock","10":"sale","11":"taxable","12":"shipping-taxable","13":"purchasable","14":"product-type-simple"},"yoast_head":"<!-- This site is optimized with the Yoast SEO plugin v27.2 - https:\/\/yoast.com\/product\/yoast-seo-wordpress\/ -->\n<title>Rouleau de Cubes de M\u00e9taloth\u00e9rapie - Maderoterapia Online<\/title>\n<meta name=\"robots\" content=\"index, follow, max-snippet:-1, max-image-preview:large, max-video-preview:-1\" \/>\n<link rel=\"canonical\" href=\"https:\/\/maderoterapiaonline.org\/fr\/producto\/rouleau-de-cubes-de-metalotherapie\/\" \/>\n<meta property=\"og:locale\" content=\"fr_FR\" \/>\n<meta property=\"og:type\" content=\"article\" \/>\n<meta property=\"og:title\" content=\"Rouleau de Cubes de M\u00e9taloth\u00e9rapie - Maderoterapia Online\" \/>\n<meta property=\"og:description\" content=\"\u00bf\u00cates-vous pr\u00eate \u00e0 transformer l&#039;essence m\u00eame de la beaut\u00e9 et du bien-\u00eatre, en emmenant votre art de la maderoth\u00e9rapie au-del\u00e0 des limites connues?  Pour la maderoth\u00e9rapeute qui d\u00e9sire non seulement perfectionner sa technique mais aussi laisser une empreinte ind\u00e9l\u00e9bile dans la vie de ses clientes, le Rouleau de Cubes de M\u00e9taloth\u00e9rapie est le tr\u00e9sor cach\u00e9 que vous cherchiez. Ce rouleau n&#039;est pas un simple outil, c&#039;est un talisman de transformation, con\u00e7u dans un but : \u00eatre l&#039;alli\u00e9 ultime dans votre mission de red\u00e9finir l&#039;esth\u00e9tique naturelle. \u00c0 chaque utilisation, il devient une baguette magique dans vos mains, vous permettant de modeler non seulement la forme, mais aussi l&#039;esprit, revitalisant et rajeunissant chaque fibre de l&#039;\u00eatre de celle qui re\u00e7oit votre toucher.  En faisant glisser le Rouleau de Cubes sur la peau, vous ne combattez pas seulement la cellulite et stimulez la circulation ; vous invoquez une alchimie qui transforme la peau, la tonifiant et la raffermissant avec une efficacit\u00e9 qui semble d\u00e9fier la science. Cet instrument, dans les mains d&#039;une artiste comme vous, devient le pinceau avec lequel vous peignez une renaissance, non seulement de la peau mais de l&#039;\u00e2me.  Ce rouleau est pour la femme qui voit au-del\u00e0 du superficiel, pour la professionnelle qui comprend que chaque session est un voyage de renaissance pour ses clientes. Avec lui, chaque traitement devient une odyss\u00e9e de transformation, o\u00f9 les r\u00e9sultats ne sont pas seulement visibles, ils sont ressentis, laissant une marque de s\u00e9r\u00e9nit\u00e9 et de force int\u00e9rieure.  Adopter le Rouleau de Cubes de M\u00e9taloth\u00e9rapie dans votre pratique, c&#039;est accepter l&#039;appel \u00e0 \u00eatre plus qu&#039;une maderoth\u00e9rapeute ; c&#039;est assumer le r\u00f4le de guide dans le voyage vers la beaut\u00e9 et le bien-\u00eatre authentiques. C&#039;est un engagement envers l&#039;excellence, une promesse de conduire vos clientes sur un chemin de d\u00e9couverte et de transformation, o\u00f9 chaque destination r\u00e9v\u00e8le une version plus rayonnante d&#039;elles-m\u00eames.  Il entame ce voyage vers la ma\u00eetrise, vers l\u2019art supr\u00eame de la th\u00e9rapie par le bois. Laissez le Metaltherapy Cube Roller \u00eatre votre compagnon dans cette aventure \u00e9pique, et ensemble, transformez le monde de l\u2019esth\u00e9tique naturelle avec des clients satisfaits\" \/>\n<meta property=\"og:url\" content=\"https:\/\/maderoterapiaonline.org\/fr\/producto\/rouleau-de-cubes-de-metalotherapie\/\" \/>\n<meta property=\"og:site_name\" content=\"Maderoterapia Online\" \/>\n<meta property=\"article:modified_time\" content=\"2025-10-07T09:46:11+00:00\" \/>\n<meta property=\"og:image\" content=\"https:\/\/maderoterapiaonline.org\/wp-content\/uploads\/2024\/02\/2-2.jpg\" \/>\n\t<meta property=\"og:image:width\" content=\"1080\" \/>\n\t<meta property=\"og:image:height\" content=\"1080\" \/>\n\t<meta property=\"og:image:type\" content=\"image\/jpeg\" \/>\n<meta name=\"twitter:card\" content=\"summary_large_image\" \/>\n<script type=\"application\/ld+json\" class=\"yoast-schema-graph\">{\"@context\":\"https:\/\/schema.org\",\"@graph\":[{\"@type\":\"WebPage\",\"@id\":\"https:\/\/maderoterapiaonline.org\/fr\/producto\/rouleau-de-cubes-de-metalotherapie\/\",\"url\":\"https:\/\/maderoterapiaonline.org\/fr\/producto\/rouleau-de-cubes-de-metalotherapie\/\",\"name\":\"Rouleau de Cubes de M\u00e9taloth\u00e9rapie - Maderoterapia Online\",\"isPartOf\":{\"@id\":\"https:\/\/maderoterapiaonline.org\/fr\/#website\"},\"primaryImageOfPage\":{\"@id\":\"https:\/\/maderoterapiaonline.org\/fr\/producto\/rouleau-de-cubes-de-metalotherapie\/#primaryimage\"},\"image\":{\"@id\":\"https:\/\/maderoterapiaonline.org\/fr\/producto\/rouleau-de-cubes-de-metalotherapie\/#primaryimage\"},\"thumbnailUrl\":\"https:\/\/maderoterapiaonline.org\/wp-content\/uploads\/2024\/02\/2-2.jpg\",\"datePublished\":\"2023-06-20T11:01:21+00:00\",\"dateModified\":\"2025-10-07T09:46:11+00:00\",\"breadcrumb\":{\"@id\":\"https:\/\/maderoterapiaonline.org\/fr\/producto\/rouleau-de-cubes-de-metalotherapie\/#breadcrumb\"},\"inLanguage\":\"fr-FR\",\"potentialAction\":[{\"@type\":\"ReadAction\",\"target\":[\"https:\/\/maderoterapiaonline.org\/fr\/producto\/rouleau-de-cubes-de-metalotherapie\/\"]}]},{\"@type\":\"ImageObject\",\"inLanguage\":\"fr-FR\",\"@id\":\"https:\/\/maderoterapiaonline.org\/fr\/producto\/rouleau-de-cubes-de-metalotherapie\/#primaryimage\",\"url\":\"https:\/\/maderoterapiaonline.org\/wp-content\/uploads\/2024\/02\/2-2.jpg\",\"contentUrl\":\"https:\/\/maderoterapiaonline.org\/wp-content\/uploads\/2024\/02\/2-2.jpg\",\"width\":1080,\"height\":1080,\"caption\":\"Rodillo Cubos Metalterapia\"},{\"@type\":\"BreadcrumbList\",\"@id\":\"https:\/\/maderoterapiaonline.org\/fr\/producto\/rouleau-de-cubes-de-metalotherapie\/#breadcrumb\",\"itemListElement\":[{\"@type\":\"ListItem\",\"position\":1,\"name\":\"Portada\",\"item\":\"https:\/\/maderoterapiaonline.org\/fr\/\"},{\"@type\":\"ListItem\",\"position\":2,\"name\":\"Boutique\",\"item\":\"https:\/\/maderoterapiaonline.org\/kits-maderas\/\"},{\"@type\":\"ListItem\",\"position\":3,\"name\":\"Rouleau de Cubes de M\u00e9taloth\u00e9rapie\"}]},{\"@type\":\"WebSite\",\"@id\":\"https:\/\/maderoterapiaonline.org\/fr\/#website\",\"url\":\"https:\/\/maderoterapiaonline.org\/fr\/\",\"name\":\"Maderoterapia Online\",\"description\":\"Compra tu kit de Maderoterapia Profesional. Env\u00edos 24\/48h. Atenci\u00f3n al cliente por profesionales Maderoterapeutas\",\"publisher\":{\"@id\":\"https:\/\/maderoterapiaonline.org\/fr\/#organization\"},\"alternateName\":\"Maderoterapiaonline.org\",\"potentialAction\":[{\"@type\":\"SearchAction\",\"target\":{\"@type\":\"EntryPoint\",\"urlTemplate\":\"https:\/\/maderoterapiaonline.org\/fr\/?s={search_term_string}\"},\"query-input\":{\"@type\":\"PropertyValueSpecification\",\"valueRequired\":true,\"valueName\":\"search_term_string\"}}],\"inLanguage\":\"fr-FR\"},{\"@type\":\"Organization\",\"@id\":\"https:\/\/maderoterapiaonline.org\/fr\/#organization\",\"name\":\"Maderoterapia Est\u00e9tica Espa\u00f1a \u2013 Dori L\u00f3pez\u00ae y Escuela Profesional Maderoterapia Online\u00ae.\",\"url\":\"https:\/\/maderoterapiaonline.org\/fr\/\",\"logo\":{\"@type\":\"ImageObject\",\"inLanguage\":\"fr-FR\",\"@id\":\"https:\/\/maderoterapiaonline.org\/fr\/#\/schema\/logo\/image\/\",\"url\":\"https:\/\/maderoterapiaonline.org\/wp-content\/uploads\/2025\/03\/Logo-M-1.png\",\"contentUrl\":\"https:\/\/maderoterapiaonline.org\/wp-content\/uploads\/2025\/03\/Logo-M-1.png\",\"width\":1464,\"height\":1051,\"caption\":\"Maderoterapia Est\u00e9tica Espa\u00f1a \u2013 Dori L\u00f3pez\u00ae y Escuela Profesional Maderoterapia Online\u00ae.\"},\"image\":{\"@id\":\"https:\/\/maderoterapiaonline.org\/fr\/#\/schema\/logo\/image\/\"}}]}<\/script>\n<!-- \/ Yoast SEO plugin. -->","yoast_head_json":{"title":"Rouleau de Cubes de M\u00e9taloth\u00e9rapie - Maderoterapia Online","robots":{"index":"index","follow":"follow","max-snippet":"max-snippet:-1","max-image-preview":"max-image-preview:large","max-video-preview":"max-video-preview:-1"},"canonical":"https:\/\/maderoterapiaonline.org\/fr\/producto\/rouleau-de-cubes-de-metalotherapie\/","og_locale":"fr_FR","og_type":"article","og_title":"Rouleau de Cubes de M\u00e9taloth\u00e9rapie - Maderoterapia Online","og_description":"\u00bf\u00cates-vous pr\u00eate \u00e0 transformer l'essence m\u00eame de la beaut\u00e9 et du bien-\u00eatre, en emmenant votre art de la maderoth\u00e9rapie au-del\u00e0 des limites connues?  Pour la maderoth\u00e9rapeute qui d\u00e9sire non seulement perfectionner sa technique mais aussi laisser une empreinte ind\u00e9l\u00e9bile dans la vie de ses clientes, le Rouleau de Cubes de M\u00e9taloth\u00e9rapie est le tr\u00e9sor cach\u00e9 que vous cherchiez. Ce rouleau n'est pas un simple outil, c'est un talisman de transformation, con\u00e7u dans un but : \u00eatre l'alli\u00e9 ultime dans votre mission de red\u00e9finir l'esth\u00e9tique naturelle. \u00c0 chaque utilisation, il devient une baguette magique dans vos mains, vous permettant de modeler non seulement la forme, mais aussi l'esprit, revitalisant et rajeunissant chaque fibre de l'\u00eatre de celle qui re\u00e7oit votre toucher.  En faisant glisser le Rouleau de Cubes sur la peau, vous ne combattez pas seulement la cellulite et stimulez la circulation ; vous invoquez une alchimie qui transforme la peau, la tonifiant et la raffermissant avec une efficacit\u00e9 qui semble d\u00e9fier la science. Cet instrument, dans les mains d'une artiste comme vous, devient le pinceau avec lequel vous peignez une renaissance, non seulement de la peau mais de l'\u00e2me.  Ce rouleau est pour la femme qui voit au-del\u00e0 du superficiel, pour la professionnelle qui comprend que chaque session est un voyage de renaissance pour ses clientes. Avec lui, chaque traitement devient une odyss\u00e9e de transformation, o\u00f9 les r\u00e9sultats ne sont pas seulement visibles, ils sont ressentis, laissant une marque de s\u00e9r\u00e9nit\u00e9 et de force int\u00e9rieure.  Adopter le Rouleau de Cubes de M\u00e9taloth\u00e9rapie dans votre pratique, c'est accepter l'appel \u00e0 \u00eatre plus qu'une maderoth\u00e9rapeute ; c'est assumer le r\u00f4le de guide dans le voyage vers la beaut\u00e9 et le bien-\u00eatre authentiques. C'est un engagement envers l'excellence, une promesse de conduire vos clientes sur un chemin de d\u00e9couverte et de transformation, o\u00f9 chaque destination r\u00e9v\u00e8le une version plus rayonnante d'elles-m\u00eames.  Il entame ce voyage vers la ma\u00eetrise, vers l\u2019art supr\u00eame de la th\u00e9rapie par le bois. Laissez le Metaltherapy Cube Roller \u00eatre votre compagnon dans cette aventure \u00e9pique, et ensemble, transformez le monde de l\u2019esth\u00e9tique naturelle avec des clients satisfaits","og_url":"https:\/\/maderoterapiaonline.org\/fr\/producto\/rouleau-de-cubes-de-metalotherapie\/","og_site_name":"Maderoterapia Online","article_modified_time":"2025-10-07T09:46:11+00:00","og_image":[{"width":1080,"height":1080,"url":"https:\/\/maderoterapiaonline.org\/wp-content\/uploads\/2024\/02\/2-2.jpg","type":"image\/jpeg"}],"twitter_card":"summary_large_image","schema":{"@context":"https:\/\/schema.org","@graph":[{"@type":"WebPage","@id":"https:\/\/maderoterapiaonline.org\/fr\/producto\/rouleau-de-cubes-de-metalotherapie\/","url":"https:\/\/maderoterapiaonline.org\/fr\/producto\/rouleau-de-cubes-de-metalotherapie\/","name":"Rouleau de Cubes de M\u00e9taloth\u00e9rapie - Maderoterapia Online","isPartOf":{"@id":"https:\/\/maderoterapiaonline.org\/fr\/#website"},"primaryImageOfPage":{"@id":"https:\/\/maderoterapiaonline.org\/fr\/producto\/rouleau-de-cubes-de-metalotherapie\/#primaryimage"},"image":{"@id":"https:\/\/maderoterapiaonline.org\/fr\/producto\/rouleau-de-cubes-de-metalotherapie\/#primaryimage"},"thumbnailUrl":"https:\/\/maderoterapiaonline.org\/wp-content\/uploads\/2024\/02\/2-2.jpg","datePublished":"2023-06-20T11:01:21+00:00","dateModified":"2025-10-07T09:46:11+00:00","breadcrumb":{"@id":"https:\/\/maderoterapiaonline.org\/fr\/producto\/rouleau-de-cubes-de-metalotherapie\/#breadcrumb"},"inLanguage":"fr-FR","potentialAction":[{"@type":"ReadAction","target":["https:\/\/maderoterapiaonline.org\/fr\/producto\/rouleau-de-cubes-de-metalotherapie\/"]}]},{"@type":"ImageObject","inLanguage":"fr-FR","@id":"https:\/\/maderoterapiaonline.org\/fr\/producto\/rouleau-de-cubes-de-metalotherapie\/#primaryimage","url":"https:\/\/maderoterapiaonline.org\/wp-content\/uploads\/2024\/02\/2-2.jpg","contentUrl":"https:\/\/maderoterapiaonline.org\/wp-content\/uploads\/2024\/02\/2-2.jpg","width":1080,"height":1080,"caption":"Rodillo Cubos Metalterapia"},{"@type":"BreadcrumbList","@id":"https:\/\/maderoterapiaonline.org\/fr\/producto\/rouleau-de-cubes-de-metalotherapie\/#breadcrumb","itemListElement":[{"@type":"ListItem","position":1,"name":"Portada","item":"https:\/\/maderoterapiaonline.org\/fr\/"},{"@type":"ListItem","position":2,"name":"Boutique","item":"https:\/\/maderoterapiaonline.org\/kits-maderas\/"},{"@type":"ListItem","position":3,"name":"Rouleau de Cubes de M\u00e9taloth\u00e9rapie"}]},{"@type":"WebSite","@id":"https:\/\/maderoterapiaonline.org\/fr\/#website","url":"https:\/\/maderoterapiaonline.org\/fr\/","name":"Maderoterapia Online","description":"Compra tu kit de Maderoterapia Profesional. Env\u00edos 24\/48h. Atenci\u00f3n al cliente por profesionales Maderoterapeutas","publisher":{"@id":"https:\/\/maderoterapiaonline.org\/fr\/#organization"},"alternateName":"Maderoterapiaonline.org","potentialAction":[{"@type":"SearchAction","target":{"@type":"EntryPoint","urlTemplate":"https:\/\/maderoterapiaonline.org\/fr\/?s={search_term_string}"},"query-input":{"@type":"PropertyValueSpecification","valueRequired":true,"valueName":"search_term_string"}}],"inLanguage":"fr-FR"},{"@type":"Organization","@id":"https:\/\/maderoterapiaonline.org\/fr\/#organization","name":"Maderoterapia Est\u00e9tica Espa\u00f1a \u2013 Dori L\u00f3pez\u00ae y Escuela Profesional Maderoterapia Online\u00ae.","url":"https:\/\/maderoterapiaonline.org\/fr\/","logo":{"@type":"ImageObject","inLanguage":"fr-FR","@id":"https:\/\/maderoterapiaonline.org\/fr\/#\/schema\/logo\/image\/","url":"https:\/\/maderoterapiaonline.org\/wp-content\/uploads\/2025\/03\/Logo-M-1.png","contentUrl":"https:\/\/maderoterapiaonline.org\/wp-content\/uploads\/2025\/03\/Logo-M-1.png","width":1464,"height":1051,"caption":"Maderoterapia Est\u00e9tica Espa\u00f1a \u2013 Dori L\u00f3pez\u00ae y Escuela Profesional Maderoterapia Online\u00ae."},"image":{"@id":"https:\/\/maderoterapiaonline.org\/fr\/#\/schema\/logo\/image\/"}}]}},"_links":{"self":[{"href":"https:\/\/maderoterapiaonline.org\/fr\/wp-json\/wp\/v2\/product\/43896","targetHints":{"allow":["GET"]}}],"collection":[{"href":"https:\/\/maderoterapiaonline.org\/fr\/wp-json\/wp\/v2\/product"}],"about":[{"href":"https:\/\/maderoterapiaonline.org\/fr\/wp-json\/wp\/v2\/types\/product"}],"replies":[{"embeddable":true,"href":"https:\/\/maderoterapiaonline.org\/fr\/wp-json\/wp\/v2\/comments?post=43896"}],"wp:featuredmedia":[{"embeddable":true,"href":"https:\/\/maderoterapiaonline.org\/fr\/wp-json\/wp\/v2\/media\/43628"}],"wp:attachment":[{"href":"https:\/\/maderoterapiaonline.org\/fr\/wp-json\/wp\/v2\/media?parent=43896"}],"wp:term":[{"taxonomy":"product_brand","embeddable":true,"href":"https:\/\/maderoterapiaonline.org\/fr\/wp-json\/wp\/v2\/product_brand?post=43896"},{"taxonomy":"product_cat","embeddable":true,"href":"https:\/\/maderoterapiaonline.org\/fr\/wp-json\/wp\/v2\/product_cat?post=43896"},{"taxonomy":"product_tag","embeddable":true,"href":"https:\/\/maderoterapiaonline.org\/fr\/wp-json\/wp\/v2\/product_tag?post=43896"}],"curies":[{"name":"wp","href":"https:\/\/api.w.org\/{rel}","templated":true}]}}