{"id":43895,"date":"2024-02-19T12:35:40","date_gmt":"2024-02-19T11:35:40","guid":{"rendered":"https:\/\/maderoterapiaonline.org\/producto\/ceinture-de-massage-maderotherapie\/"},"modified":"2025-06-12T08:32:57","modified_gmt":"2025-06-12T06:32:57","slug":"ceinture-de-massage-maderotherapie","status":"publish","type":"product","link":"https:\/\/maderoterapiaonline.org\/fr\/producto\/ceinture-de-massage-maderotherapie\/","title":{"rendered":"Ceinture de massage Maderoth\u00e9rapie"},"content":{"rendered":"","protected":false},"excerpt":{"rendered":"<p>Pouvez-vous imaginer remodeler votre corps et atteindre un \u00e9tat de relaxation profonde avec un seul outil ? Plongez dans l\u2019exp\u00e9rience \u00e9pique de la ceinture de massage de th\u00e9rapie par le bois, un artefact con\u00e7u non seulement pour transformer votre apparence physique, mais aussi pour \u00e9lever votre bien-\u00eatre \u00e0 des dimensions mystiques. <\/p>\n<p>Cet outil exceptionnel promet non seulement d\u2019am\u00e9liorer la circulation sanguine et de lutter contre la cellulite, mais aussi de modeler le contour de votre corps, de r\u00e9duire la r\u00e9tention d\u2019eau et de tonifier vos muscles. Chaque s\u00e9ance avec la ceinture de th\u00e9rapie par le bois est une odyss\u00e9e, o\u00f9 la pression soigneusement appliqu\u00e9e par ses rouleaux en bois r\u00e9veille la peau et les tissus sous-jacents, transportant de l\u2019oxyg\u00e8ne et des nutriments essentiels pour une r\u00e9g\u00e9n\u00e9ration en profondeur. <\/p>\n<p>Au-del\u00e0 de ses bienfaits esth\u00e9tiques, cette ceinture est un ma\u00eetre de la relaxation, soulageant les tensions musculaires et favorisant un calme qui s\u2019\u00e9tend \u00e0 travers chaque fibre de votre \u00eatre. En l\u2019utilisant, vous sculptez non seulement votre silhouette, mais vous lib\u00e9rez \u00e9galement le stress, invitant \u00e0 une paix et une vitalit\u00e9 qui rajeunissent l\u2019esprit. <\/p>\n<p>La magie de la ceinture de massage de th\u00e9rapie par le bois r\u00e9side dans sa capacit\u00e9 \u00e0 offrir un massage profond et dynamique qui s\u2019adapte aux contours de votre corps, offrant un traitement personnalis\u00e9 qui r\u00e9pond aux besoins sp\u00e9cifiques de chaque individu. C\u2019est une promesse de beaut\u00e9, de sant\u00e9 et de bien-\u00eatre, un outil essentiel dans la recherche de l\u2019harmonie entre le corps et l\u2019esprit. <\/p>\n<p>Embarquez pour cette aventure \u00e9pique vers le bien-\u00eatre et la beaut\u00e9. Laissez la ceinture de massage de th\u00e9rapie par le bois vous guider \u00e0 travers un voyage transformateur, o\u00f9 chaque s\u00e9ance est un pas vers la meilleure version de vous-m\u00eame <\/p>\n","protected":false},"featured_media":43613,"comment_status":"closed","ping_status":"closed","template":"","meta":{"content-type":""},"product_brand":[],"product_cat":[387,388],"product_tag":[],"class_list":{"0":"post-43895","1":"product","2":"type-product","3":"status-publish","4":"has-post-thumbnail","6":"product_cat-elements-en-bois","7":"product_cat-therapie-du-bois","9":"first","10":"instock","11":"taxable","12":"shipping-taxable","13":"purchasable","14":"product-type-simple"},"yoast_head":"<!-- This site is optimized with the Yoast SEO plugin v27.4 - https:\/\/yoast.com\/product\/yoast-seo-wordpress\/ -->\n<title>Ceinture de massage Maderoth\u00e9rapie - Maderoterapia Online<\/title>\n<meta name=\"robots\" content=\"index, follow, max-snippet:-1, max-image-preview:large, max-video-preview:-1\" \/>\n<link rel=\"canonical\" href=\"https:\/\/maderoterapiaonline.org\/fr\/producto\/ceinture-de-massage-maderotherapie\/\" \/>\n<meta property=\"og:locale\" content=\"fr_FR\" \/>\n<meta property=\"og:type\" content=\"article\" \/>\n<meta property=\"og:title\" content=\"Ceinture de massage Maderoth\u00e9rapie - Maderoterapia Online\" \/>\n<meta property=\"og:description\" content=\"Pouvez-vous imaginer remodeler votre corps et atteindre un \u00e9tat de relaxation profonde avec un seul outil ? Plongez dans l\u2019exp\u00e9rience \u00e9pique de la ceinture de massage de th\u00e9rapie par le bois, un artefact con\u00e7u non seulement pour transformer votre apparence physique, mais aussi pour \u00e9lever votre bien-\u00eatre \u00e0 des dimensions mystiques.  Cet outil exceptionnel promet non seulement d\u2019am\u00e9liorer la circulation sanguine et de lutter contre la cellulite, mais aussi de modeler le contour de votre corps, de r\u00e9duire la r\u00e9tention d\u2019eau et de tonifier vos muscles. Chaque s\u00e9ance avec la ceinture de th\u00e9rapie par le bois est une odyss\u00e9e, o\u00f9 la pression soigneusement appliqu\u00e9e par ses rouleaux en bois r\u00e9veille la peau et les tissus sous-jacents, transportant de l\u2019oxyg\u00e8ne et des nutriments essentiels pour une r\u00e9g\u00e9n\u00e9ration en profondeur.  Au-del\u00e0 de ses bienfaits esth\u00e9tiques, cette ceinture est un ma\u00eetre de la relaxation, soulageant les tensions musculaires et favorisant un calme qui s\u2019\u00e9tend \u00e0 travers chaque fibre de votre \u00eatre. En l\u2019utilisant, vous sculptez non seulement votre silhouette, mais vous lib\u00e9rez \u00e9galement le stress, invitant \u00e0 une paix et une vitalit\u00e9 qui rajeunissent l\u2019esprit.  La magie de la ceinture de massage de th\u00e9rapie par le bois r\u00e9side dans sa capacit\u00e9 \u00e0 offrir un massage profond et dynamique qui s\u2019adapte aux contours de votre corps, offrant un traitement personnalis\u00e9 qui r\u00e9pond aux besoins sp\u00e9cifiques de chaque individu. C\u2019est une promesse de beaut\u00e9, de sant\u00e9 et de bien-\u00eatre, un outil essentiel dans la recherche de l\u2019harmonie entre le corps et l\u2019esprit.  Embarquez pour cette aventure \u00e9pique vers le bien-\u00eatre et la beaut\u00e9. Laissez la ceinture de massage de th\u00e9rapie par le bois vous guider \u00e0 travers un voyage transformateur, o\u00f9 chaque s\u00e9ance est un pas vers la meilleure version de vous-m\u00eame\" \/>\n<meta property=\"og:url\" content=\"https:\/\/maderoterapiaonline.org\/fr\/producto\/ceinture-de-massage-maderotherapie\/\" \/>\n<meta property=\"og:site_name\" content=\"Maderoterapia Online\" \/>\n<meta property=\"article:modified_time\" content=\"2025-06-12T06:32:57+00:00\" \/>\n<meta property=\"og:image\" content=\"https:\/\/maderoterapiaonline.org\/wp-content\/uploads\/2024\/02\/2-1.jpg\" \/>\n\t<meta property=\"og:image:width\" content=\"1080\" \/>\n\t<meta property=\"og:image:height\" content=\"1080\" \/>\n\t<meta property=\"og:image:type\" content=\"image\/jpeg\" \/>\n<meta name=\"twitter:card\" content=\"summary_large_image\" \/>\n<script type=\"application\/ld+json\" class=\"yoast-schema-graph\">{\"@context\":\"https:\\\/\\\/schema.org\",\"@graph\":[{\"@type\":\"WebPage\",\"@id\":\"https:\\\/\\\/maderoterapiaonline.org\\\/fr\\\/producto\\\/ceinture-de-massage-maderotherapie\\\/\",\"url\":\"https:\\\/\\\/maderoterapiaonline.org\\\/fr\\\/producto\\\/ceinture-de-massage-maderotherapie\\\/\",\"name\":\"Ceinture de massage Maderoth\u00e9rapie - Maderoterapia Online\",\"isPartOf\":{\"@id\":\"https:\\\/\\\/maderoterapiaonline.org\\\/fr\\\/#website\"},\"primaryImageOfPage\":{\"@id\":\"https:\\\/\\\/maderoterapiaonline.org\\\/fr\\\/producto\\\/ceinture-de-massage-maderotherapie\\\/#primaryimage\"},\"image\":{\"@id\":\"https:\\\/\\\/maderoterapiaonline.org\\\/fr\\\/producto\\\/ceinture-de-massage-maderotherapie\\\/#primaryimage\"},\"thumbnailUrl\":\"https:\\\/\\\/maderoterapiaonline.org\\\/wp-content\\\/uploads\\\/2024\\\/02\\\/2-1.jpg\",\"datePublished\":\"2024-02-19T11:35:40+00:00\",\"dateModified\":\"2025-06-12T06:32:57+00:00\",\"breadcrumb\":{\"@id\":\"https:\\\/\\\/maderoterapiaonline.org\\\/fr\\\/producto\\\/ceinture-de-massage-maderotherapie\\\/#breadcrumb\"},\"inLanguage\":\"fr-FR\",\"potentialAction\":[{\"@type\":\"ReadAction\",\"target\":[\"https:\\\/\\\/maderoterapiaonline.org\\\/fr\\\/producto\\\/ceinture-de-massage-maderotherapie\\\/\"]}]},{\"@type\":\"ImageObject\",\"inLanguage\":\"fr-FR\",\"@id\":\"https:\\\/\\\/maderoterapiaonline.org\\\/fr\\\/producto\\\/ceinture-de-massage-maderotherapie\\\/#primaryimage\",\"url\":\"https:\\\/\\\/maderoterapiaonline.org\\\/wp-content\\\/uploads\\\/2024\\\/02\\\/2-1.jpg\",\"contentUrl\":\"https:\\\/\\\/maderoterapiaonline.org\\\/wp-content\\\/uploads\\\/2024\\\/02\\\/2-1.jpg\",\"width\":1080,\"height\":1080,\"caption\":\"Cintur\u00f3n de masaje Maderoterapia\"},{\"@type\":\"BreadcrumbList\",\"@id\":\"https:\\\/\\\/maderoterapiaonline.org\\\/fr\\\/producto\\\/ceinture-de-massage-maderotherapie\\\/#breadcrumb\",\"itemListElement\":[{\"@type\":\"ListItem\",\"position\":1,\"name\":\"Portada\",\"item\":\"https:\\\/\\\/maderoterapiaonline.org\\\/fr\\\/\"},{\"@type\":\"ListItem\",\"position\":2,\"name\":\"Boutique\",\"item\":\"https:\\\/\\\/maderoterapiaonline.org\\\/kits-maderas\\\/\"},{\"@type\":\"ListItem\",\"position\":3,\"name\":\"Priv\u00e9\u00a0: Ceinture de massage Maderoth\u00e9rapie\"}]},{\"@type\":\"WebSite\",\"@id\":\"https:\\\/\\\/maderoterapiaonline.org\\\/fr\\\/#website\",\"url\":\"https:\\\/\\\/maderoterapiaonline.org\\\/fr\\\/\",\"name\":\"Maderoterapia Online\",\"description\":\"Compra tu kit de Maderoterapia Profesional. Env\u00edos 24\\\/48h. Atenci\u00f3n al cliente por profesionales Maderoterapeutas\",\"publisher\":{\"@id\":\"https:\\\/\\\/maderoterapiaonline.org\\\/fr\\\/#organization\"},\"alternateName\":\"Maderoterapiaonline.org\",\"potentialAction\":[{\"@type\":\"SearchAction\",\"target\":{\"@type\":\"EntryPoint\",\"urlTemplate\":\"https:\\\/\\\/maderoterapiaonline.org\\\/fr\\\/?s={search_term_string}\"},\"query-input\":{\"@type\":\"PropertyValueSpecification\",\"valueRequired\":true,\"valueName\":\"search_term_string\"}}],\"inLanguage\":\"fr-FR\"},{\"@type\":\"Organization\",\"@id\":\"https:\\\/\\\/maderoterapiaonline.org\\\/fr\\\/#organization\",\"name\":\"Maderoterapia Est\u00e9tica Espa\u00f1a \u2013 Dori L\u00f3pez\u00ae y Escuela Profesional Maderoterapia Online\u00ae.\",\"url\":\"https:\\\/\\\/maderoterapiaonline.org\\\/fr\\\/\",\"logo\":{\"@type\":\"ImageObject\",\"inLanguage\":\"fr-FR\",\"@id\":\"https:\\\/\\\/maderoterapiaonline.org\\\/fr\\\/#\\\/schema\\\/logo\\\/image\\\/\",\"url\":\"https:\\\/\\\/maderoterapiaonline.org\\\/wp-content\\\/uploads\\\/2025\\\/03\\\/Logo-M-1.png\",\"contentUrl\":\"https:\\\/\\\/maderoterapiaonline.org\\\/wp-content\\\/uploads\\\/2025\\\/03\\\/Logo-M-1.png\",\"width\":1464,\"height\":1051,\"caption\":\"Maderoterapia Est\u00e9tica Espa\u00f1a \u2013 Dori L\u00f3pez\u00ae y Escuela Profesional Maderoterapia Online\u00ae.\"},\"image\":{\"@id\":\"https:\\\/\\\/maderoterapiaonline.org\\\/fr\\\/#\\\/schema\\\/logo\\\/image\\\/\"}}]}<\/script>\n<!-- \/ Yoast SEO plugin. -->","yoast_head_json":{"title":"Ceinture de massage Maderoth\u00e9rapie - Maderoterapia Online","robots":{"index":"index","follow":"follow","max-snippet":"max-snippet:-1","max-image-preview":"max-image-preview:large","max-video-preview":"max-video-preview:-1"},"canonical":"https:\/\/maderoterapiaonline.org\/fr\/producto\/ceinture-de-massage-maderotherapie\/","og_locale":"fr_FR","og_type":"article","og_title":"Ceinture de massage Maderoth\u00e9rapie - Maderoterapia Online","og_description":"Pouvez-vous imaginer remodeler votre corps et atteindre un \u00e9tat de relaxation profonde avec un seul outil ? Plongez dans l\u2019exp\u00e9rience \u00e9pique de la ceinture de massage de th\u00e9rapie par le bois, un artefact con\u00e7u non seulement pour transformer votre apparence physique, mais aussi pour \u00e9lever votre bien-\u00eatre \u00e0 des dimensions mystiques.  Cet outil exceptionnel promet non seulement d\u2019am\u00e9liorer la circulation sanguine et de lutter contre la cellulite, mais aussi de modeler le contour de votre corps, de r\u00e9duire la r\u00e9tention d\u2019eau et de tonifier vos muscles. Chaque s\u00e9ance avec la ceinture de th\u00e9rapie par le bois est une odyss\u00e9e, o\u00f9 la pression soigneusement appliqu\u00e9e par ses rouleaux en bois r\u00e9veille la peau et les tissus sous-jacents, transportant de l\u2019oxyg\u00e8ne et des nutriments essentiels pour une r\u00e9g\u00e9n\u00e9ration en profondeur.  Au-del\u00e0 de ses bienfaits esth\u00e9tiques, cette ceinture est un ma\u00eetre de la relaxation, soulageant les tensions musculaires et favorisant un calme qui s\u2019\u00e9tend \u00e0 travers chaque fibre de votre \u00eatre. En l\u2019utilisant, vous sculptez non seulement votre silhouette, mais vous lib\u00e9rez \u00e9galement le stress, invitant \u00e0 une paix et une vitalit\u00e9 qui rajeunissent l\u2019esprit.  La magie de la ceinture de massage de th\u00e9rapie par le bois r\u00e9side dans sa capacit\u00e9 \u00e0 offrir un massage profond et dynamique qui s\u2019adapte aux contours de votre corps, offrant un traitement personnalis\u00e9 qui r\u00e9pond aux besoins sp\u00e9cifiques de chaque individu. C\u2019est une promesse de beaut\u00e9, de sant\u00e9 et de bien-\u00eatre, un outil essentiel dans la recherche de l\u2019harmonie entre le corps et l\u2019esprit.  Embarquez pour cette aventure \u00e9pique vers le bien-\u00eatre et la beaut\u00e9. Laissez la ceinture de massage de th\u00e9rapie par le bois vous guider \u00e0 travers un voyage transformateur, o\u00f9 chaque s\u00e9ance est un pas vers la meilleure version de vous-m\u00eame","og_url":"https:\/\/maderoterapiaonline.org\/fr\/producto\/ceinture-de-massage-maderotherapie\/","og_site_name":"Maderoterapia Online","article_modified_time":"2025-06-12T06:32:57+00:00","og_image":[{"width":1080,"height":1080,"url":"https:\/\/maderoterapiaonline.org\/wp-content\/uploads\/2024\/02\/2-1.jpg","type":"image\/jpeg"}],"twitter_card":"summary_large_image","schema":{"@context":"https:\/\/schema.org","@graph":[{"@type":"WebPage","@id":"https:\/\/maderoterapiaonline.org\/fr\/producto\/ceinture-de-massage-maderotherapie\/","url":"https:\/\/maderoterapiaonline.org\/fr\/producto\/ceinture-de-massage-maderotherapie\/","name":"Ceinture de massage Maderoth\u00e9rapie - Maderoterapia Online","isPartOf":{"@id":"https:\/\/maderoterapiaonline.org\/fr\/#website"},"primaryImageOfPage":{"@id":"https:\/\/maderoterapiaonline.org\/fr\/producto\/ceinture-de-massage-maderotherapie\/#primaryimage"},"image":{"@id":"https:\/\/maderoterapiaonline.org\/fr\/producto\/ceinture-de-massage-maderotherapie\/#primaryimage"},"thumbnailUrl":"https:\/\/maderoterapiaonline.org\/wp-content\/uploads\/2024\/02\/2-1.jpg","datePublished":"2024-02-19T11:35:40+00:00","dateModified":"2025-06-12T06:32:57+00:00","breadcrumb":{"@id":"https:\/\/maderoterapiaonline.org\/fr\/producto\/ceinture-de-massage-maderotherapie\/#breadcrumb"},"inLanguage":"fr-FR","potentialAction":[{"@type":"ReadAction","target":["https:\/\/maderoterapiaonline.org\/fr\/producto\/ceinture-de-massage-maderotherapie\/"]}]},{"@type":"ImageObject","inLanguage":"fr-FR","@id":"https:\/\/maderoterapiaonline.org\/fr\/producto\/ceinture-de-massage-maderotherapie\/#primaryimage","url":"https:\/\/maderoterapiaonline.org\/wp-content\/uploads\/2024\/02\/2-1.jpg","contentUrl":"https:\/\/maderoterapiaonline.org\/wp-content\/uploads\/2024\/02\/2-1.jpg","width":1080,"height":1080,"caption":"Cintur\u00f3n de masaje Maderoterapia"},{"@type":"BreadcrumbList","@id":"https:\/\/maderoterapiaonline.org\/fr\/producto\/ceinture-de-massage-maderotherapie\/#breadcrumb","itemListElement":[{"@type":"ListItem","position":1,"name":"Portada","item":"https:\/\/maderoterapiaonline.org\/fr\/"},{"@type":"ListItem","position":2,"name":"Boutique","item":"https:\/\/maderoterapiaonline.org\/kits-maderas\/"},{"@type":"ListItem","position":3,"name":"Priv\u00e9\u00a0: Ceinture de massage Maderoth\u00e9rapie"}]},{"@type":"WebSite","@id":"https:\/\/maderoterapiaonline.org\/fr\/#website","url":"https:\/\/maderoterapiaonline.org\/fr\/","name":"Maderoterapia Online","description":"Compra tu kit de Maderoterapia Profesional. Env\u00edos 24\/48h. Atenci\u00f3n al cliente por profesionales Maderoterapeutas","publisher":{"@id":"https:\/\/maderoterapiaonline.org\/fr\/#organization"},"alternateName":"Maderoterapiaonline.org","potentialAction":[{"@type":"SearchAction","target":{"@type":"EntryPoint","urlTemplate":"https:\/\/maderoterapiaonline.org\/fr\/?s={search_term_string}"},"query-input":{"@type":"PropertyValueSpecification","valueRequired":true,"valueName":"search_term_string"}}],"inLanguage":"fr-FR"},{"@type":"Organization","@id":"https:\/\/maderoterapiaonline.org\/fr\/#organization","name":"Maderoterapia Est\u00e9tica Espa\u00f1a \u2013 Dori L\u00f3pez\u00ae y Escuela Profesional Maderoterapia Online\u00ae.","url":"https:\/\/maderoterapiaonline.org\/fr\/","logo":{"@type":"ImageObject","inLanguage":"fr-FR","@id":"https:\/\/maderoterapiaonline.org\/fr\/#\/schema\/logo\/image\/","url":"https:\/\/maderoterapiaonline.org\/wp-content\/uploads\/2025\/03\/Logo-M-1.png","contentUrl":"https:\/\/maderoterapiaonline.org\/wp-content\/uploads\/2025\/03\/Logo-M-1.png","width":1464,"height":1051,"caption":"Maderoterapia Est\u00e9tica Espa\u00f1a \u2013 Dori L\u00f3pez\u00ae y Escuela Profesional Maderoterapia Online\u00ae."},"image":{"@id":"https:\/\/maderoterapiaonline.org\/fr\/#\/schema\/logo\/image\/"}}]}},"_links":{"self":[{"href":"https:\/\/maderoterapiaonline.org\/fr\/wp-json\/wp\/v2\/product\/43895","targetHints":{"allow":["GET"]}}],"collection":[{"href":"https:\/\/maderoterapiaonline.org\/fr\/wp-json\/wp\/v2\/product"}],"about":[{"href":"https:\/\/maderoterapiaonline.org\/fr\/wp-json\/wp\/v2\/types\/product"}],"replies":[{"embeddable":true,"href":"https:\/\/maderoterapiaonline.org\/fr\/wp-json\/wp\/v2\/comments?post=43895"}],"wp:featuredmedia":[{"embeddable":true,"href":"https:\/\/maderoterapiaonline.org\/fr\/wp-json\/wp\/v2\/media\/43613"}],"wp:attachment":[{"href":"https:\/\/maderoterapiaonline.org\/fr\/wp-json\/wp\/v2\/media?parent=43895"}],"wp:term":[{"taxonomy":"product_brand","embeddable":true,"href":"https:\/\/maderoterapiaonline.org\/fr\/wp-json\/wp\/v2\/product_brand?post=43895"},{"taxonomy":"product_cat","embeddable":true,"href":"https:\/\/maderoterapiaonline.org\/fr\/wp-json\/wp\/v2\/product_cat?post=43895"},{"taxonomy":"product_tag","embeddable":true,"href":"https:\/\/maderoterapiaonline.org\/fr\/wp-json\/wp\/v2\/product_tag?post=43895"}],"curies":[{"name":"wp","href":"https:\/\/api.w.org\/{rel}","templated":true}]}}