{"id":43891,"date":"2025-04-18T05:08:50","date_gmt":"2025-04-18T03:08:50","guid":{"rendered":"https:\/\/maderoterapiaonline.org\/producto\/paire-de-coupes-suedoises-avec-rouleau-de-maderotherapie\/"},"modified":"2025-10-07T11:42:33","modified_gmt":"2025-10-07T09:42:33","slug":"couple-tasses-suedoises-avec-bois-de-rouleau-therapie","status":"publish","type":"product","link":"https:\/\/maderoterapiaonline.org\/fr\/producto\/couple-tasses-suedoises-avec-bois-de-rouleau-therapie\/","title":{"rendered":"Paire de coupes su\u00e9doises avec rouleau de Maderoth\u00e9rapie"},"content":{"rendered":"<p><strong>\u00a1Transformez les corps et am\u00e9liorez des vies avec les coupes su\u00e9doises avec rouleau de Maderoth\u00e9rapie!<\/strong> \ud83c\udf1f\u00bfCellulite? \u00bfFesses tombantes? \u00bfPeau peu ferme? \u00a1Dites adieu \u00e0 tous ces probl\u00e8mes! Devenez un magicien de la beaut\u00e9 et du bien-\u00eatre avec les <strong>coupes su\u00e9doises avec rouleau<\/strong>, con\u00e7ues sp\u00e9cifiquement pour traiter ces zones rebelles qui d\u00e9fient d&rsquo;autres m\u00e9thodes.    <\/p>\n<p>Ces ne sont pas de simples coupes ; ce sont vos alli\u00e9es, fabriqu\u00e9es en <strong>bois de pin et de lotus<\/strong> de haute qualit\u00e9, pr\u00eates \u00e0 faire des merveilles sur la peau. Imaginez la satisfaction de vos clients en voyant leur cellulite dispara\u00eetre et leurs fesses se soulever comme par magie, tout cela gr\u00e2ce \u00e0 vos mains et ces magnifiques outils ! <\/p>\n<p>Et non, vous ne r\u00eavez pas, ces instruments p\u00e8sent seulement 0,46 kg ! L\u00e9gers comme une plume mais puissants comme un sortil\u00e8ge de beaut\u00e9. Emportez-les avec vous et pr\u00e9parez-vous \u00e0 changer des vies, une s\u00e9ance de Maderoth\u00e9rapie \u00e0 la fois.  <\/p>\n<p><iframe loading=\"lazy\" title=\"Vid\u00e9o YouTube\" src=\"https:\/\/www.youtube.com\/embed\/YOPCkSqcfXM?si=PCOKXZGBuBerIIcz\" width=\"560\" height=\"315\" frameborder=\"0\" allowfullscreen=\"allowfullscreen\"><\/iframe><\/p>\n","protected":false},"excerpt":{"rendered":"<p>\u00bfD\u00e9faire la cellulite, soulever les fesses et raffermir la peau? Tr\u00e8s facile avec la paire de coupes su\u00e9doises avec rouleau pour des zones tr\u00e8s sp\u00e9cifiques o\u00f9 un effet de massage intense est requis. <\/p>\n<p>Les coupes su\u00e9doises avec rouleau sont fabriqu\u00e9es en <strong>bois de pin et de lotus<\/strong>, con\u00e7ues par Maderoth\u00e9rapie Esth\u00e9tique Espagne\u00ae<\/p>\n<p>Les coupes su\u00e9doises avec rouleau nous aident \u00e0 travailler des zones sp\u00e9cifiques du corps avec grande intensit\u00e9, favorisant l&rsquo;\u00e9limination des graisses et de la cellulite tr\u00e8s r\u00e9sistantes, en plus d&rsquo;avoir un effet amplificateur et compl\u00e9mentaire avec d&rsquo;autres \u00e9l\u00e9ments pour soulever les fesses de mani\u00e8re efficace.<\/p>\n","protected":false},"featured_media":41662,"comment_status":"closed","ping_status":"closed","template":"","meta":{"content-type":""},"product_brand":[],"product_cat":[387,385,388],"product_tag":[],"class_list":{"0":"post-43891","1":"product","2":"type-product","3":"status-publish","4":"has-post-thumbnail","6":"product_cat-elements-en-bois","7":"product_cat-kits-de-therapie-par-le-bois","8":"product_cat-therapie-du-bois","10":"first","11":"instock","12":"sale","13":"taxable","14":"shipping-taxable","15":"purchasable","16":"product-type-simple"},"yoast_head":"<!-- This site is optimized with the Yoast SEO plugin v27.2 - https:\/\/yoast.com\/product\/yoast-seo-wordpress\/ -->\n<title>Paire de coupes su\u00e9doises avec rouleau de Maderoth\u00e9rapie - Maderoterapia Online<\/title>\n<meta name=\"description\" content=\"D\u00e9couvrez la puissance des ventouses su\u00e9doises avec rouleau de Maderoterapia Est\u00e9tica Espa\u00f1a\u00ae. Relevez les fesses, combattez la cellulite et raffermissez la peau avec cet outil essentiel, con\u00e7u pour les professionnels de la beaut\u00e9.\" \/>\n<meta name=\"robots\" content=\"index, follow, max-snippet:-1, max-image-preview:large, max-video-preview:-1\" \/>\n<link rel=\"canonical\" href=\"https:\/\/maderoterapiaonline.org\/fr\/producto\/couple-tasses-suedoises-avec-bois-de-rouleau-therapie\/\" \/>\n<meta property=\"og:locale\" content=\"fr_FR\" \/>\n<meta property=\"og:type\" content=\"article\" \/>\n<meta property=\"og:title\" content=\"Paire de coupes su\u00e9doises avec rouleau de Maderoth\u00e9rapie - Maderoterapia Online\" \/>\n<meta property=\"og:description\" content=\"D\u00e9couvrez la puissance des ventouses su\u00e9doises avec rouleau de Maderoterapia Est\u00e9tica Espa\u00f1a\u00ae. Relevez les fesses, combattez la cellulite et raffermissez la peau avec cet outil essentiel, con\u00e7u pour les professionnels de la beaut\u00e9.\" \/>\n<meta property=\"og:url\" content=\"https:\/\/maderoterapiaonline.org\/fr\/producto\/couple-tasses-suedoises-avec-bois-de-rouleau-therapie\/\" \/>\n<meta property=\"og:site_name\" content=\"Maderoterapia Online\" \/>\n<meta property=\"article:modified_time\" content=\"2025-10-07T09:42:33+00:00\" \/>\n<meta property=\"og:image\" content=\"https:\/\/maderoterapiaonline.org\/wp-content\/uploads\/2023\/05\/1-37.jpg\" \/>\n\t<meta property=\"og:image:width\" content=\"1080\" \/>\n\t<meta property=\"og:image:height\" content=\"1080\" \/>\n\t<meta property=\"og:image:type\" content=\"image\/jpeg\" \/>\n<meta name=\"twitter:card\" content=\"summary_large_image\" \/>\n<meta name=\"twitter:label1\" content=\"Dur\u00e9e de lecture estim\u00e9e\" \/>\n\t<meta name=\"twitter:data1\" content=\"1 minute\" \/>\n<script type=\"application\/ld+json\" class=\"yoast-schema-graph\">{\"@context\":\"https:\/\/schema.org\",\"@graph\":[{\"@type\":\"WebPage\",\"@id\":\"https:\/\/maderoterapiaonline.org\/fr\/producto\/couple-tasses-suedoises-avec-bois-de-rouleau-therapie\/\",\"url\":\"https:\/\/maderoterapiaonline.org\/fr\/producto\/couple-tasses-suedoises-avec-bois-de-rouleau-therapie\/\",\"name\":\"Paire de coupes su\u00e9doises avec rouleau de Maderoth\u00e9rapie - Maderoterapia Online\",\"isPartOf\":{\"@id\":\"https:\/\/maderoterapiaonline.org\/fr\/#website\"},\"primaryImageOfPage\":{\"@id\":\"https:\/\/maderoterapiaonline.org\/fr\/producto\/couple-tasses-suedoises-avec-bois-de-rouleau-therapie\/#primaryimage\"},\"image\":{\"@id\":\"https:\/\/maderoterapiaonline.org\/fr\/producto\/couple-tasses-suedoises-avec-bois-de-rouleau-therapie\/#primaryimage\"},\"thumbnailUrl\":\"https:\/\/maderoterapiaonline.org\/wp-content\/uploads\/2023\/05\/1-37.jpg\",\"datePublished\":\"2025-04-18T03:08:50+00:00\",\"dateModified\":\"2025-10-07T09:42:33+00:00\",\"description\":\"D\u00e9couvrez la puissance des ventouses su\u00e9doises avec rouleau de Maderoterapia Est\u00e9tica Espa\u00f1a\u00ae. Relevez les fesses, combattez la cellulite et raffermissez la peau avec cet outil essentiel, con\u00e7u pour les professionnels de la beaut\u00e9.\",\"breadcrumb\":{\"@id\":\"https:\/\/maderoterapiaonline.org\/fr\/producto\/couple-tasses-suedoises-avec-bois-de-rouleau-therapie\/#breadcrumb\"},\"inLanguage\":\"fr-FR\",\"potentialAction\":[{\"@type\":\"ReadAction\",\"target\":[\"https:\/\/maderoterapiaonline.org\/fr\/producto\/couple-tasses-suedoises-avec-bois-de-rouleau-therapie\/\"]}]},{\"@type\":\"ImageObject\",\"inLanguage\":\"fr-FR\",\"@id\":\"https:\/\/maderoterapiaonline.org\/fr\/producto\/couple-tasses-suedoises-avec-bois-de-rouleau-therapie\/#primaryimage\",\"url\":\"https:\/\/maderoterapiaonline.org\/wp-content\/uploads\/2023\/05\/1-37.jpg\",\"contentUrl\":\"https:\/\/maderoterapiaonline.org\/wp-content\/uploads\/2023\/05\/1-37.jpg\",\"width\":1080,\"height\":1080,\"caption\":\"Pareja copas suecas con rodillo Maderoterapia\"},{\"@type\":\"BreadcrumbList\",\"@id\":\"https:\/\/maderoterapiaonline.org\/fr\/producto\/couple-tasses-suedoises-avec-bois-de-rouleau-therapie\/#breadcrumb\",\"itemListElement\":[{\"@type\":\"ListItem\",\"position\":1,\"name\":\"Portada\",\"item\":\"https:\/\/maderoterapiaonline.org\/fr\/\"},{\"@type\":\"ListItem\",\"position\":2,\"name\":\"Boutique\",\"item\":\"https:\/\/maderoterapiaonline.org\/kits-maderas\/\"},{\"@type\":\"ListItem\",\"position\":3,\"name\":\"Paire de coupes su\u00e9doises avec rouleau de Maderoth\u00e9rapie\"}]},{\"@type\":\"WebSite\",\"@id\":\"https:\/\/maderoterapiaonline.org\/fr\/#website\",\"url\":\"https:\/\/maderoterapiaonline.org\/fr\/\",\"name\":\"Maderoterapia Online\",\"description\":\"Compra tu kit de Maderoterapia Profesional. Env\u00edos 24\/48h. Atenci\u00f3n al cliente por profesionales Maderoterapeutas\",\"publisher\":{\"@id\":\"https:\/\/maderoterapiaonline.org\/fr\/#organization\"},\"alternateName\":\"Maderoterapiaonline.org\",\"potentialAction\":[{\"@type\":\"SearchAction\",\"target\":{\"@type\":\"EntryPoint\",\"urlTemplate\":\"https:\/\/maderoterapiaonline.org\/fr\/?s={search_term_string}\"},\"query-input\":{\"@type\":\"PropertyValueSpecification\",\"valueRequired\":true,\"valueName\":\"search_term_string\"}}],\"inLanguage\":\"fr-FR\"},{\"@type\":\"Organization\",\"@id\":\"https:\/\/maderoterapiaonline.org\/fr\/#organization\",\"name\":\"Maderoterapia Est\u00e9tica Espa\u00f1a \u2013 Dori L\u00f3pez\u00ae y Escuela Profesional Maderoterapia Online\u00ae.\",\"url\":\"https:\/\/maderoterapiaonline.org\/fr\/\",\"logo\":{\"@type\":\"ImageObject\",\"inLanguage\":\"fr-FR\",\"@id\":\"https:\/\/maderoterapiaonline.org\/fr\/#\/schema\/logo\/image\/\",\"url\":\"https:\/\/maderoterapiaonline.org\/wp-content\/uploads\/2025\/03\/Logo-M-1.png\",\"contentUrl\":\"https:\/\/maderoterapiaonline.org\/wp-content\/uploads\/2025\/03\/Logo-M-1.png\",\"width\":1464,\"height\":1051,\"caption\":\"Maderoterapia Est\u00e9tica Espa\u00f1a \u2013 Dori L\u00f3pez\u00ae y Escuela Profesional Maderoterapia Online\u00ae.\"},\"image\":{\"@id\":\"https:\/\/maderoterapiaonline.org\/fr\/#\/schema\/logo\/image\/\"}}]}<\/script>\n<!-- \/ Yoast SEO plugin. -->","yoast_head_json":{"title":"Paire de coupes su\u00e9doises avec rouleau de Maderoth\u00e9rapie - Maderoterapia Online","description":"D\u00e9couvrez la puissance des ventouses su\u00e9doises avec rouleau de Maderoterapia Est\u00e9tica Espa\u00f1a\u00ae. Relevez les fesses, combattez la cellulite et raffermissez la peau avec cet outil essentiel, con\u00e7u pour les professionnels de la beaut\u00e9.","robots":{"index":"index","follow":"follow","max-snippet":"max-snippet:-1","max-image-preview":"max-image-preview:large","max-video-preview":"max-video-preview:-1"},"canonical":"https:\/\/maderoterapiaonline.org\/fr\/producto\/couple-tasses-suedoises-avec-bois-de-rouleau-therapie\/","og_locale":"fr_FR","og_type":"article","og_title":"Paire de coupes su\u00e9doises avec rouleau de Maderoth\u00e9rapie - Maderoterapia Online","og_description":"D\u00e9couvrez la puissance des ventouses su\u00e9doises avec rouleau de Maderoterapia Est\u00e9tica Espa\u00f1a\u00ae. Relevez les fesses, combattez la cellulite et raffermissez la peau avec cet outil essentiel, con\u00e7u pour les professionnels de la beaut\u00e9.","og_url":"https:\/\/maderoterapiaonline.org\/fr\/producto\/couple-tasses-suedoises-avec-bois-de-rouleau-therapie\/","og_site_name":"Maderoterapia Online","article_modified_time":"2025-10-07T09:42:33+00:00","og_image":[{"width":1080,"height":1080,"url":"https:\/\/maderoterapiaonline.org\/wp-content\/uploads\/2023\/05\/1-37.jpg","type":"image\/jpeg"}],"twitter_card":"summary_large_image","twitter_misc":{"Dur\u00e9e de lecture estim\u00e9e":"1 minute"},"schema":{"@context":"https:\/\/schema.org","@graph":[{"@type":"WebPage","@id":"https:\/\/maderoterapiaonline.org\/fr\/producto\/couple-tasses-suedoises-avec-bois-de-rouleau-therapie\/","url":"https:\/\/maderoterapiaonline.org\/fr\/producto\/couple-tasses-suedoises-avec-bois-de-rouleau-therapie\/","name":"Paire de coupes su\u00e9doises avec rouleau de Maderoth\u00e9rapie - Maderoterapia Online","isPartOf":{"@id":"https:\/\/maderoterapiaonline.org\/fr\/#website"},"primaryImageOfPage":{"@id":"https:\/\/maderoterapiaonline.org\/fr\/producto\/couple-tasses-suedoises-avec-bois-de-rouleau-therapie\/#primaryimage"},"image":{"@id":"https:\/\/maderoterapiaonline.org\/fr\/producto\/couple-tasses-suedoises-avec-bois-de-rouleau-therapie\/#primaryimage"},"thumbnailUrl":"https:\/\/maderoterapiaonline.org\/wp-content\/uploads\/2023\/05\/1-37.jpg","datePublished":"2025-04-18T03:08:50+00:00","dateModified":"2025-10-07T09:42:33+00:00","description":"D\u00e9couvrez la puissance des ventouses su\u00e9doises avec rouleau de Maderoterapia Est\u00e9tica Espa\u00f1a\u00ae. Relevez les fesses, combattez la cellulite et raffermissez la peau avec cet outil essentiel, con\u00e7u pour les professionnels de la beaut\u00e9.","breadcrumb":{"@id":"https:\/\/maderoterapiaonline.org\/fr\/producto\/couple-tasses-suedoises-avec-bois-de-rouleau-therapie\/#breadcrumb"},"inLanguage":"fr-FR","potentialAction":[{"@type":"ReadAction","target":["https:\/\/maderoterapiaonline.org\/fr\/producto\/couple-tasses-suedoises-avec-bois-de-rouleau-therapie\/"]}]},{"@type":"ImageObject","inLanguage":"fr-FR","@id":"https:\/\/maderoterapiaonline.org\/fr\/producto\/couple-tasses-suedoises-avec-bois-de-rouleau-therapie\/#primaryimage","url":"https:\/\/maderoterapiaonline.org\/wp-content\/uploads\/2023\/05\/1-37.jpg","contentUrl":"https:\/\/maderoterapiaonline.org\/wp-content\/uploads\/2023\/05\/1-37.jpg","width":1080,"height":1080,"caption":"Pareja copas suecas con rodillo Maderoterapia"},{"@type":"BreadcrumbList","@id":"https:\/\/maderoterapiaonline.org\/fr\/producto\/couple-tasses-suedoises-avec-bois-de-rouleau-therapie\/#breadcrumb","itemListElement":[{"@type":"ListItem","position":1,"name":"Portada","item":"https:\/\/maderoterapiaonline.org\/fr\/"},{"@type":"ListItem","position":2,"name":"Boutique","item":"https:\/\/maderoterapiaonline.org\/kits-maderas\/"},{"@type":"ListItem","position":3,"name":"Paire de coupes su\u00e9doises avec rouleau de Maderoth\u00e9rapie"}]},{"@type":"WebSite","@id":"https:\/\/maderoterapiaonline.org\/fr\/#website","url":"https:\/\/maderoterapiaonline.org\/fr\/","name":"Maderoterapia Online","description":"Compra tu kit de Maderoterapia Profesional. Env\u00edos 24\/48h. Atenci\u00f3n al cliente por profesionales Maderoterapeutas","publisher":{"@id":"https:\/\/maderoterapiaonline.org\/fr\/#organization"},"alternateName":"Maderoterapiaonline.org","potentialAction":[{"@type":"SearchAction","target":{"@type":"EntryPoint","urlTemplate":"https:\/\/maderoterapiaonline.org\/fr\/?s={search_term_string}"},"query-input":{"@type":"PropertyValueSpecification","valueRequired":true,"valueName":"search_term_string"}}],"inLanguage":"fr-FR"},{"@type":"Organization","@id":"https:\/\/maderoterapiaonline.org\/fr\/#organization","name":"Maderoterapia Est\u00e9tica Espa\u00f1a \u2013 Dori L\u00f3pez\u00ae y Escuela Profesional Maderoterapia Online\u00ae.","url":"https:\/\/maderoterapiaonline.org\/fr\/","logo":{"@type":"ImageObject","inLanguage":"fr-FR","@id":"https:\/\/maderoterapiaonline.org\/fr\/#\/schema\/logo\/image\/","url":"https:\/\/maderoterapiaonline.org\/wp-content\/uploads\/2025\/03\/Logo-M-1.png","contentUrl":"https:\/\/maderoterapiaonline.org\/wp-content\/uploads\/2025\/03\/Logo-M-1.png","width":1464,"height":1051,"caption":"Maderoterapia Est\u00e9tica Espa\u00f1a \u2013 Dori L\u00f3pez\u00ae y Escuela Profesional Maderoterapia Online\u00ae."},"image":{"@id":"https:\/\/maderoterapiaonline.org\/fr\/#\/schema\/logo\/image\/"}}]}},"_links":{"self":[{"href":"https:\/\/maderoterapiaonline.org\/fr\/wp-json\/wp\/v2\/product\/43891","targetHints":{"allow":["GET"]}}],"collection":[{"href":"https:\/\/maderoterapiaonline.org\/fr\/wp-json\/wp\/v2\/product"}],"about":[{"href":"https:\/\/maderoterapiaonline.org\/fr\/wp-json\/wp\/v2\/types\/product"}],"replies":[{"embeddable":true,"href":"https:\/\/maderoterapiaonline.org\/fr\/wp-json\/wp\/v2\/comments?post=43891"}],"wp:featuredmedia":[{"embeddable":true,"href":"https:\/\/maderoterapiaonline.org\/fr\/wp-json\/wp\/v2\/media\/41662"}],"wp:attachment":[{"href":"https:\/\/maderoterapiaonline.org\/fr\/wp-json\/wp\/v2\/media?parent=43891"}],"wp:term":[{"taxonomy":"product_brand","embeddable":true,"href":"https:\/\/maderoterapiaonline.org\/fr\/wp-json\/wp\/v2\/product_brand?post=43891"},{"taxonomy":"product_cat","embeddable":true,"href":"https:\/\/maderoterapiaonline.org\/fr\/wp-json\/wp\/v2\/product_cat?post=43891"},{"taxonomy":"product_tag","embeddable":true,"href":"https:\/\/maderoterapiaonline.org\/fr\/wp-json\/wp\/v2\/product_tag?post=43891"}],"curies":[{"name":"wp","href":"https:\/\/api.w.org\/{rel}","templated":true}]}}