{"id":42553,"date":"2025-04-19T05:08:50","date_gmt":"2025-04-19T03:08:50","guid":{"rendered":"https:\/\/maderoterapiaonline.org\/producto\/kit-podal-wood-therapy-cours-en-ligne-en-espagnol\/"},"modified":"2025-10-07T11:41:45","modified_gmt":"2025-10-07T09:41:45","slug":"kit-de-therapie-des-pieds-cours-en-ligne-en-espagnol","status":"publish","type":"product","link":"https:\/\/maderoterapiaonline.org\/fr\/producto\/kit-de-therapie-des-pieds-cours-en-ligne-en-espagnol\/","title":{"rendered":"Kit de th\u00e9rapie au bois des pieds"},"content":{"rendered":"<p>\u00a1ATTENTION! Si vous \u00eates passionn\u00e9 par la th\u00e9rapie par le bois et ses applications<strong>, vous venez de d\u00e9couvrir le kit de th\u00e9rapie par le bois pour les pieds<\/strong>, compos\u00e9 de bois de pin et de lotus naturel, con\u00e7u par Maderoterapia Est\u00e9tica Espa\u00f1a\u00ae pour obtenir les meilleurs r\u00e9sultats.<\/p>\n<p>Le kit Foot Wood Therapy est con\u00e7u anatomiquement pour r\u00e9duire et stimuler les points r\u00e9flexes des pieds, provoquant des r\u00e9actions de stimulation, d&rsquo;\u00e2me et de relaxation du corps.<\/p>\n<ul>\n<li>Le kit de Maderoth\u00e9rapie corps est compos\u00e9 de 2 \u00e9l\u00e9ments.<\/li>\n<\/ul>\n<p>&nbsp;<\/p>\n","protected":false},"excerpt":{"rendered":"<p>\u00a1ATTENTION! Si vous \u00eates passionn\u00e9 par la th\u00e9rapie par le bois et ses applications<strong>, vous venez de d\u00e9couvrir le kit de th\u00e9rapie par le bois pour les pieds<\/strong>, compos\u00e9 de bois de pin et de lotus naturel, con\u00e7u par Maderoterapia Est\u00e9tica Espa\u00f1a\u00ae pour obtenir les meilleurs r\u00e9sultats.<\/p>\n<p>Le kit Foot Maderoth\u00e9rapie est con\u00e7u anatomiquement pour stimuler les points r\u00e9flexologiques des pieds, provoquant des r\u00e9actions corporelles de stimulation, de soulagement et de relaxation.<\/p>\n<p>Le kit de Maderoth\u00e9rapie corps est compos\u00e9 de 2 \u00e9l\u00e9ments.<\/p>\n<ul>\n<li>Marteau de r\u00e9flexologie plantaire.<\/li>\n<li>Masseur de pieds tha\u00eflandais.<\/li>\n<\/ul>\n<p>&nbsp;<\/p>\n","protected":false},"featured_media":41706,"comment_status":"closed","ping_status":"closed","template":"","meta":{"content-type":""},"product_brand":[],"product_cat":[385,388],"product_tag":[403],"class_list":{"0":"post-42553","1":"product","2":"type-product","3":"status-publish","4":"has-post-thumbnail","6":"product_cat-kits-de-therapie-par-le-bois","7":"product_cat-therapie-du-bois","8":"product_tag-maderotherapie-des-pieds","10":"first","11":"instock","12":"taxable","13":"shipping-taxable","14":"purchasable","15":"product-type-simple"},"yoast_head":"<!-- This site is optimized with the Yoast SEO plugin v27.4 - https:\/\/yoast.com\/product\/yoast-seo-wordpress\/ -->\n<title>Kit de th\u00e9rapie au bois des pieds - Maderoterapia Online<\/title>\n<meta name=\"robots\" content=\"index, follow, max-snippet:-1, max-image-preview:large, max-video-preview:-1\" \/>\n<link rel=\"canonical\" href=\"https:\/\/maderoterapiaonline.org\/fr\/producto\/kit-de-therapie-des-pieds-cours-en-ligne-en-espagnol\/\" \/>\n<meta property=\"og:locale\" content=\"fr_FR\" \/>\n<meta property=\"og:type\" content=\"article\" \/>\n<meta property=\"og:title\" content=\"Kit de th\u00e9rapie au bois des pieds - Maderoterapia Online\" \/>\n<meta property=\"og:description\" content=\"\u00a1ATTENTION! Si vous \u00eates passionn\u00e9 par la th\u00e9rapie par le bois et ses applications, vous venez de d\u00e9couvrir le kit de th\u00e9rapie par le bois pour les pieds, compos\u00e9 de bois de pin et de lotus naturel, con\u00e7u par Maderoterapia Est\u00e9tica Espa\u00f1a\u00ae pour obtenir les meilleurs r\u00e9sultats. Le kit Foot Maderoth\u00e9rapie est con\u00e7u anatomiquement pour stimuler les points r\u00e9flexologiques des pieds, provoquant des r\u00e9actions corporelles de stimulation, de soulagement et de relaxation. Le kit de Maderoth\u00e9rapie corps est compos\u00e9 de 2 \u00e9l\u00e9ments.  Marteau de r\u00e9flexologie plantaire.  Masseur de pieds tha\u00eflandais. &nbsp;\" \/>\n<meta property=\"og:url\" content=\"https:\/\/maderoterapiaonline.org\/fr\/producto\/kit-de-therapie-des-pieds-cours-en-ligne-en-espagnol\/\" \/>\n<meta property=\"og:site_name\" content=\"Maderoterapia Online\" \/>\n<meta property=\"article:modified_time\" content=\"2025-10-07T09:41:45+00:00\" \/>\n<meta property=\"og:image\" content=\"https:\/\/maderoterapiaonline.org\/wp-content\/uploads\/2023\/05\/1-40.jpg\" \/>\n\t<meta property=\"og:image:width\" content=\"1080\" \/>\n\t<meta property=\"og:image:height\" content=\"1080\" \/>\n\t<meta property=\"og:image:type\" content=\"image\/jpeg\" \/>\n<meta name=\"twitter:card\" content=\"summary_large_image\" \/>\n<script type=\"application\/ld+json\" class=\"yoast-schema-graph\">{\"@context\":\"https:\\\/\\\/schema.org\",\"@graph\":[{\"@type\":\"WebPage\",\"@id\":\"https:\\\/\\\/maderoterapiaonline.org\\\/fr\\\/producto\\\/kit-de-therapie-des-pieds-cours-en-ligne-en-espagnol\\\/\",\"url\":\"https:\\\/\\\/maderoterapiaonline.org\\\/fr\\\/producto\\\/kit-de-therapie-des-pieds-cours-en-ligne-en-espagnol\\\/\",\"name\":\"Kit de th\u00e9rapie au bois des pieds - Maderoterapia Online\",\"isPartOf\":{\"@id\":\"https:\\\/\\\/maderoterapiaonline.org\\\/fr\\\/#website\"},\"primaryImageOfPage\":{\"@id\":\"https:\\\/\\\/maderoterapiaonline.org\\\/fr\\\/producto\\\/kit-de-therapie-des-pieds-cours-en-ligne-en-espagnol\\\/#primaryimage\"},\"image\":{\"@id\":\"https:\\\/\\\/maderoterapiaonline.org\\\/fr\\\/producto\\\/kit-de-therapie-des-pieds-cours-en-ligne-en-espagnol\\\/#primaryimage\"},\"thumbnailUrl\":\"https:\\\/\\\/maderoterapiaonline.org\\\/wp-content\\\/uploads\\\/2023\\\/05\\\/1-40.jpg\",\"datePublished\":\"2025-04-19T03:08:50+00:00\",\"dateModified\":\"2025-10-07T09:41:45+00:00\",\"breadcrumb\":{\"@id\":\"https:\\\/\\\/maderoterapiaonline.org\\\/fr\\\/producto\\\/kit-de-therapie-des-pieds-cours-en-ligne-en-espagnol\\\/#breadcrumb\"},\"inLanguage\":\"fr-FR\",\"potentialAction\":[{\"@type\":\"ReadAction\",\"target\":[\"https:\\\/\\\/maderoterapiaonline.org\\\/fr\\\/producto\\\/kit-de-therapie-des-pieds-cours-en-ligne-en-espagnol\\\/\"]}]},{\"@type\":\"ImageObject\",\"inLanguage\":\"fr-FR\",\"@id\":\"https:\\\/\\\/maderoterapiaonline.org\\\/fr\\\/producto\\\/kit-de-therapie-des-pieds-cours-en-ligne-en-espagnol\\\/#primaryimage\",\"url\":\"https:\\\/\\\/maderoterapiaonline.org\\\/wp-content\\\/uploads\\\/2023\\\/05\\\/1-40.jpg\",\"contentUrl\":\"https:\\\/\\\/maderoterapiaonline.org\\\/wp-content\\\/uploads\\\/2023\\\/05\\\/1-40.jpg\",\"width\":1080,\"height\":1080,\"caption\":\"Kit Maderoterapia Podal\"},{\"@type\":\"BreadcrumbList\",\"@id\":\"https:\\\/\\\/maderoterapiaonline.org\\\/fr\\\/producto\\\/kit-de-therapie-des-pieds-cours-en-ligne-en-espagnol\\\/#breadcrumb\",\"itemListElement\":[{\"@type\":\"ListItem\",\"position\":1,\"name\":\"Portada\",\"item\":\"https:\\\/\\\/maderoterapiaonline.org\\\/fr\\\/\"},{\"@type\":\"ListItem\",\"position\":2,\"name\":\"Boutique\",\"item\":\"https:\\\/\\\/maderoterapiaonline.org\\\/kits-maderas\\\/\"},{\"@type\":\"ListItem\",\"position\":3,\"name\":\"Kit de th\u00e9rapie au bois des pieds\"}]},{\"@type\":\"WebSite\",\"@id\":\"https:\\\/\\\/maderoterapiaonline.org\\\/fr\\\/#website\",\"url\":\"https:\\\/\\\/maderoterapiaonline.org\\\/fr\\\/\",\"name\":\"Maderoterapia Online\",\"description\":\"Compra tu kit de Maderoterapia Profesional. Env\u00edos 24\\\/48h. Atenci\u00f3n al cliente por profesionales Maderoterapeutas\",\"publisher\":{\"@id\":\"https:\\\/\\\/maderoterapiaonline.org\\\/fr\\\/#organization\"},\"alternateName\":\"Maderoterapiaonline.org\",\"potentialAction\":[{\"@type\":\"SearchAction\",\"target\":{\"@type\":\"EntryPoint\",\"urlTemplate\":\"https:\\\/\\\/maderoterapiaonline.org\\\/fr\\\/?s={search_term_string}\"},\"query-input\":{\"@type\":\"PropertyValueSpecification\",\"valueRequired\":true,\"valueName\":\"search_term_string\"}}],\"inLanguage\":\"fr-FR\"},{\"@type\":\"Organization\",\"@id\":\"https:\\\/\\\/maderoterapiaonline.org\\\/fr\\\/#organization\",\"name\":\"Maderoterapia Est\u00e9tica Espa\u00f1a \u2013 Dori L\u00f3pez\u00ae y Escuela Profesional Maderoterapia Online\u00ae.\",\"url\":\"https:\\\/\\\/maderoterapiaonline.org\\\/fr\\\/\",\"logo\":{\"@type\":\"ImageObject\",\"inLanguage\":\"fr-FR\",\"@id\":\"https:\\\/\\\/maderoterapiaonline.org\\\/fr\\\/#\\\/schema\\\/logo\\\/image\\\/\",\"url\":\"https:\\\/\\\/maderoterapiaonline.org\\\/wp-content\\\/uploads\\\/2025\\\/03\\\/Logo-M-1.png\",\"contentUrl\":\"https:\\\/\\\/maderoterapiaonline.org\\\/wp-content\\\/uploads\\\/2025\\\/03\\\/Logo-M-1.png\",\"width\":1464,\"height\":1051,\"caption\":\"Maderoterapia Est\u00e9tica Espa\u00f1a \u2013 Dori L\u00f3pez\u00ae y Escuela Profesional Maderoterapia Online\u00ae.\"},\"image\":{\"@id\":\"https:\\\/\\\/maderoterapiaonline.org\\\/fr\\\/#\\\/schema\\\/logo\\\/image\\\/\"}}]}<\/script>\n<!-- \/ Yoast SEO plugin. -->","yoast_head_json":{"title":"Kit de th\u00e9rapie au bois des pieds - Maderoterapia Online","robots":{"index":"index","follow":"follow","max-snippet":"max-snippet:-1","max-image-preview":"max-image-preview:large","max-video-preview":"max-video-preview:-1"},"canonical":"https:\/\/maderoterapiaonline.org\/fr\/producto\/kit-de-therapie-des-pieds-cours-en-ligne-en-espagnol\/","og_locale":"fr_FR","og_type":"article","og_title":"Kit de th\u00e9rapie au bois des pieds - Maderoterapia Online","og_description":"\u00a1ATTENTION! Si vous \u00eates passionn\u00e9 par la th\u00e9rapie par le bois et ses applications, vous venez de d\u00e9couvrir le kit de th\u00e9rapie par le bois pour les pieds, compos\u00e9 de bois de pin et de lotus naturel, con\u00e7u par Maderoterapia Est\u00e9tica Espa\u00f1a\u00ae pour obtenir les meilleurs r\u00e9sultats. Le kit Foot Maderoth\u00e9rapie est con\u00e7u anatomiquement pour stimuler les points r\u00e9flexologiques des pieds, provoquant des r\u00e9actions corporelles de stimulation, de soulagement et de relaxation. Le kit de Maderoth\u00e9rapie corps est compos\u00e9 de 2 \u00e9l\u00e9ments.  Marteau de r\u00e9flexologie plantaire.  Masseur de pieds tha\u00eflandais. &nbsp;","og_url":"https:\/\/maderoterapiaonline.org\/fr\/producto\/kit-de-therapie-des-pieds-cours-en-ligne-en-espagnol\/","og_site_name":"Maderoterapia Online","article_modified_time":"2025-10-07T09:41:45+00:00","og_image":[{"width":1080,"height":1080,"url":"https:\/\/maderoterapiaonline.org\/wp-content\/uploads\/2023\/05\/1-40.jpg","type":"image\/jpeg"}],"twitter_card":"summary_large_image","schema":{"@context":"https:\/\/schema.org","@graph":[{"@type":"WebPage","@id":"https:\/\/maderoterapiaonline.org\/fr\/producto\/kit-de-therapie-des-pieds-cours-en-ligne-en-espagnol\/","url":"https:\/\/maderoterapiaonline.org\/fr\/producto\/kit-de-therapie-des-pieds-cours-en-ligne-en-espagnol\/","name":"Kit de th\u00e9rapie au bois des pieds - Maderoterapia Online","isPartOf":{"@id":"https:\/\/maderoterapiaonline.org\/fr\/#website"},"primaryImageOfPage":{"@id":"https:\/\/maderoterapiaonline.org\/fr\/producto\/kit-de-therapie-des-pieds-cours-en-ligne-en-espagnol\/#primaryimage"},"image":{"@id":"https:\/\/maderoterapiaonline.org\/fr\/producto\/kit-de-therapie-des-pieds-cours-en-ligne-en-espagnol\/#primaryimage"},"thumbnailUrl":"https:\/\/maderoterapiaonline.org\/wp-content\/uploads\/2023\/05\/1-40.jpg","datePublished":"2025-04-19T03:08:50+00:00","dateModified":"2025-10-07T09:41:45+00:00","breadcrumb":{"@id":"https:\/\/maderoterapiaonline.org\/fr\/producto\/kit-de-therapie-des-pieds-cours-en-ligne-en-espagnol\/#breadcrumb"},"inLanguage":"fr-FR","potentialAction":[{"@type":"ReadAction","target":["https:\/\/maderoterapiaonline.org\/fr\/producto\/kit-de-therapie-des-pieds-cours-en-ligne-en-espagnol\/"]}]},{"@type":"ImageObject","inLanguage":"fr-FR","@id":"https:\/\/maderoterapiaonline.org\/fr\/producto\/kit-de-therapie-des-pieds-cours-en-ligne-en-espagnol\/#primaryimage","url":"https:\/\/maderoterapiaonline.org\/wp-content\/uploads\/2023\/05\/1-40.jpg","contentUrl":"https:\/\/maderoterapiaonline.org\/wp-content\/uploads\/2023\/05\/1-40.jpg","width":1080,"height":1080,"caption":"Kit Maderoterapia Podal"},{"@type":"BreadcrumbList","@id":"https:\/\/maderoterapiaonline.org\/fr\/producto\/kit-de-therapie-des-pieds-cours-en-ligne-en-espagnol\/#breadcrumb","itemListElement":[{"@type":"ListItem","position":1,"name":"Portada","item":"https:\/\/maderoterapiaonline.org\/fr\/"},{"@type":"ListItem","position":2,"name":"Boutique","item":"https:\/\/maderoterapiaonline.org\/kits-maderas\/"},{"@type":"ListItem","position":3,"name":"Kit de th\u00e9rapie au bois des pieds"}]},{"@type":"WebSite","@id":"https:\/\/maderoterapiaonline.org\/fr\/#website","url":"https:\/\/maderoterapiaonline.org\/fr\/","name":"Maderoterapia Online","description":"Compra tu kit de Maderoterapia Profesional. Env\u00edos 24\/48h. Atenci\u00f3n al cliente por profesionales Maderoterapeutas","publisher":{"@id":"https:\/\/maderoterapiaonline.org\/fr\/#organization"},"alternateName":"Maderoterapiaonline.org","potentialAction":[{"@type":"SearchAction","target":{"@type":"EntryPoint","urlTemplate":"https:\/\/maderoterapiaonline.org\/fr\/?s={search_term_string}"},"query-input":{"@type":"PropertyValueSpecification","valueRequired":true,"valueName":"search_term_string"}}],"inLanguage":"fr-FR"},{"@type":"Organization","@id":"https:\/\/maderoterapiaonline.org\/fr\/#organization","name":"Maderoterapia Est\u00e9tica Espa\u00f1a \u2013 Dori L\u00f3pez\u00ae y Escuela Profesional Maderoterapia Online\u00ae.","url":"https:\/\/maderoterapiaonline.org\/fr\/","logo":{"@type":"ImageObject","inLanguage":"fr-FR","@id":"https:\/\/maderoterapiaonline.org\/fr\/#\/schema\/logo\/image\/","url":"https:\/\/maderoterapiaonline.org\/wp-content\/uploads\/2025\/03\/Logo-M-1.png","contentUrl":"https:\/\/maderoterapiaonline.org\/wp-content\/uploads\/2025\/03\/Logo-M-1.png","width":1464,"height":1051,"caption":"Maderoterapia Est\u00e9tica Espa\u00f1a \u2013 Dori L\u00f3pez\u00ae y Escuela Profesional Maderoterapia Online\u00ae."},"image":{"@id":"https:\/\/maderoterapiaonline.org\/fr\/#\/schema\/logo\/image\/"}}]}},"_links":{"self":[{"href":"https:\/\/maderoterapiaonline.org\/fr\/wp-json\/wp\/v2\/product\/42553","targetHints":{"allow":["GET"]}}],"collection":[{"href":"https:\/\/maderoterapiaonline.org\/fr\/wp-json\/wp\/v2\/product"}],"about":[{"href":"https:\/\/maderoterapiaonline.org\/fr\/wp-json\/wp\/v2\/types\/product"}],"replies":[{"embeddable":true,"href":"https:\/\/maderoterapiaonline.org\/fr\/wp-json\/wp\/v2\/comments?post=42553"}],"wp:featuredmedia":[{"embeddable":true,"href":"https:\/\/maderoterapiaonline.org\/fr\/wp-json\/wp\/v2\/media\/41706"}],"wp:attachment":[{"href":"https:\/\/maderoterapiaonline.org\/fr\/wp-json\/wp\/v2\/media?parent=42553"}],"wp:term":[{"taxonomy":"product_brand","embeddable":true,"href":"https:\/\/maderoterapiaonline.org\/fr\/wp-json\/wp\/v2\/product_brand?post=42553"},{"taxonomy":"product_cat","embeddable":true,"href":"https:\/\/maderoterapiaonline.org\/fr\/wp-json\/wp\/v2\/product_cat?post=42553"},{"taxonomy":"product_tag","embeddable":true,"href":"https:\/\/maderoterapiaonline.org\/fr\/wp-json\/wp\/v2\/product_tag?post=42553"}],"curies":[{"name":"wp","href":"https:\/\/api.w.org\/{rel}","templated":true}]}}