{"id":42551,"date":"2025-04-16T05:08:45","date_gmt":"2025-04-16T03:08:45","guid":{"rendered":"https:\/\/maderoterapiaonline.org\/producto\/paire-de-cylindres-anti-cellulite-maderoterapia\/"},"modified":"2025-06-12T13:58:37","modified_gmt":"2025-06-12T11:58:37","slug":"pareja-cilindros-anticeluliticos-maderoterapia","status":"publish","type":"product","link":"https:\/\/maderoterapiaonline.org\/fr\/producto\/pareja-cilindros-anticeluliticos-maderoterapia\/","title":{"rendered":"Paire de cylindres anti-cellulite Maderoterapia"},"content":{"rendered":"<p><iframe loading=\"lazy\" title=\"Vid\u00e9o YouTube\" src=\"https:\/\/www.youtube.com\/embed\/sN9M-vbsimA?si=dj_NzD_tBZQfkBKW\" width=\"560\" height=\"315\" frameborder=\"0\" allowfullscreen=\"allowfullscreen\"><\/iframe><\/p>\n<hr>\n<p>\u00bfLa fin de la cellulite? Avec les 2 cylindres anti-cellulite vous pourrez non seulement \u00e9liminer la cellulite, mais vous travaillerez \u00e9galement sur la peau, la laissant lisse et tonique.<\/p>\n<p><strong>Les cylindres anti-cellulite Maderoth\u00e9rapie sont en bois de pin, con\u00e7us par Maderoterapia Est\u00e9tica Espa\u00f1a\u00ae<\/strong><\/p>\n<p>Avec les cylindres anti-cellulite, nous pouvons d\u00e9composer et \u00e9liminer la cellulite la plus r\u00e9sistante, en plus d&rsquo;obtenir une peau lisse et tonique et une relaxation surprenante, nous travaillons avec les deux cylindres en m\u00eame temps, exer\u00e7ant une force contr\u00f4l\u00e9e sur la zone.<\/p>\n<p><strong>2 Cylindres anticellulite<\/strong><\/p>\n<ul>\n<li>Longueur : 15 cm<\/li>\n<li>Largeur : 3 cm<\/li>\n<li>Poids : 150 X 2 = 300 gr<\/li>\n<\/ul>\n","protected":false},"excerpt":{"rendered":"<p>\u00bfLa fin de la cellulite? Avec les cylindres anti-cellulite vous pourrez \u00e9liminer la cellulite, mais vous travaillerez \u00e9galement sur la peau, la laissant lisse et tonique.<\/p>\n<p><strong>Les cylindres anti-cellulite<\/strong> sont en bois de pin, con\u00e7us par Maderoterapia Est\u00e9tica Espa\u00f1a\u00ae<\/p>\n<p>Avec les 2 cylindres anti-cellulite nous pouvons d\u00e9composer et \u00e9liminer la cellulite la plus r\u00e9sistante, en plus d&rsquo;obtenir une peau lisse et tonique et une relaxation surprenante, nous travaillons avec les deux cylindres en m\u00eame temps, exer\u00e7ant une force contr\u00f4l\u00e9e sur la zone.<\/p>\n<p>Ce produit contient :<\/p>\n<ul>\n<li>2 cylindres de mad\u00e9roth\u00e9rapie<\/li>\n<\/ul>\n<p>&nbsp;<\/p>\n","protected":false},"featured_media":42042,"comment_status":"closed","ping_status":"closed","template":"","meta":{"content-type":""},"product_brand":[],"product_cat":[387,385,388],"product_tag":[402],"class_list":{"0":"post-42551","1":"product","2":"type-product","3":"status-publish","4":"has-post-thumbnail","6":"product_cat-elements-en-bois","7":"product_cat-kits-de-therapie-par-le-bois","8":"product_cat-therapie-du-bois","9":"product_tag-venta-kit-maderoterapia-fr","11":"first","12":"instock","13":"taxable","14":"shipping-taxable","15":"purchasable","16":"product-type-simple"},"yoast_head":"<!-- This site is optimized with the Yoast SEO plugin v27.4 - https:\/\/yoast.com\/product\/yoast-seo-wordpress\/ -->\n<title>Paire de cylindres anti-cellulite Maderoterapia - Maderoterapia Online<\/title>\n<meta name=\"robots\" content=\"index, follow, max-snippet:-1, max-image-preview:large, max-video-preview:-1\" \/>\n<link rel=\"canonical\" href=\"https:\/\/maderoterapiaonline.org\/fr\/producto\/pareja-cilindros-anticeluliticos-maderoterapia\/\" \/>\n<meta property=\"og:locale\" content=\"fr_FR\" \/>\n<meta property=\"og:type\" content=\"article\" \/>\n<meta property=\"og:title\" content=\"Paire de cylindres anti-cellulite Maderoterapia - Maderoterapia Online\" \/>\n<meta property=\"og:description\" content=\"\u00bfLa fin de la cellulite? Avec les cylindres anti-cellulite vous pourrez \u00e9liminer la cellulite, mais vous travaillerez \u00e9galement sur la peau, la laissant lisse et tonique. Les cylindres anti-cellulite sont en bois de pin, con\u00e7us par Maderoterapia Est\u00e9tica Espa\u00f1a\u00ae Avec les 2 cylindres anti-cellulite nous pouvons d\u00e9composer et \u00e9liminer la cellulite la plus r\u00e9sistante, en plus d&#039;obtenir une peau lisse et tonique et une relaxation surprenante, nous travaillons avec les deux cylindres en m\u00eame temps, exer\u00e7ant une force contr\u00f4l\u00e9e sur la zone. Ce produit contient :  2 cylindres de mad\u00e9roth\u00e9rapie &nbsp;\" \/>\n<meta property=\"og:url\" content=\"https:\/\/maderoterapiaonline.org\/fr\/producto\/pareja-cilindros-anticeluliticos-maderoterapia\/\" \/>\n<meta property=\"og:site_name\" content=\"Maderoterapia Online\" \/>\n<meta property=\"article:modified_time\" content=\"2025-06-12T11:58:37+00:00\" \/>\n<meta property=\"og:image\" content=\"https:\/\/maderoterapiaonline.org\/wp-content\/uploads\/2023\/04\/1-3.png\" \/>\n\t<meta property=\"og:image:width\" content=\"1080\" \/>\n\t<meta property=\"og:image:height\" content=\"1080\" \/>\n\t<meta property=\"og:image:type\" content=\"image\/png\" \/>\n<meta name=\"twitter:card\" content=\"summary_large_image\" \/>\n<meta name=\"twitter:label1\" content=\"Dur\u00e9e de lecture estim\u00e9e\" \/>\n\t<meta name=\"twitter:data1\" content=\"1 minute\" \/>\n<script type=\"application\/ld+json\" class=\"yoast-schema-graph\">{\"@context\":\"https:\\\/\\\/schema.org\",\"@graph\":[{\"@type\":\"WebPage\",\"@id\":\"https:\\\/\\\/maderoterapiaonline.org\\\/fr\\\/producto\\\/pareja-cilindros-anticeluliticos-maderoterapia\\\/\",\"url\":\"https:\\\/\\\/maderoterapiaonline.org\\\/fr\\\/producto\\\/pareja-cilindros-anticeluliticos-maderoterapia\\\/\",\"name\":\"Paire de cylindres anti-cellulite Maderoterapia - Maderoterapia Online\",\"isPartOf\":{\"@id\":\"https:\\\/\\\/maderoterapiaonline.org\\\/fr\\\/#website\"},\"primaryImageOfPage\":{\"@id\":\"https:\\\/\\\/maderoterapiaonline.org\\\/fr\\\/producto\\\/pareja-cilindros-anticeluliticos-maderoterapia\\\/#primaryimage\"},\"image\":{\"@id\":\"https:\\\/\\\/maderoterapiaonline.org\\\/fr\\\/producto\\\/pareja-cilindros-anticeluliticos-maderoterapia\\\/#primaryimage\"},\"thumbnailUrl\":\"https:\\\/\\\/maderoterapiaonline.org\\\/wp-content\\\/uploads\\\/2023\\\/04\\\/1-3.png\",\"datePublished\":\"2025-04-16T03:08:45+00:00\",\"dateModified\":\"2025-06-12T11:58:37+00:00\",\"breadcrumb\":{\"@id\":\"https:\\\/\\\/maderoterapiaonline.org\\\/fr\\\/producto\\\/pareja-cilindros-anticeluliticos-maderoterapia\\\/#breadcrumb\"},\"inLanguage\":\"fr-FR\",\"potentialAction\":[{\"@type\":\"ReadAction\",\"target\":[\"https:\\\/\\\/maderoterapiaonline.org\\\/fr\\\/producto\\\/pareja-cilindros-anticeluliticos-maderoterapia\\\/\"]}]},{\"@type\":\"ImageObject\",\"inLanguage\":\"fr-FR\",\"@id\":\"https:\\\/\\\/maderoterapiaonline.org\\\/fr\\\/producto\\\/pareja-cilindros-anticeluliticos-maderoterapia\\\/#primaryimage\",\"url\":\"https:\\\/\\\/maderoterapiaonline.org\\\/wp-content\\\/uploads\\\/2023\\\/04\\\/1-3.png\",\"contentUrl\":\"https:\\\/\\\/maderoterapiaonline.org\\\/wp-content\\\/uploads\\\/2023\\\/04\\\/1-3.png\",\"width\":1080,\"height\":1080,\"caption\":\"Pareja Cilindros anticelul\u00edticos Maderoterapia\"},{\"@type\":\"BreadcrumbList\",\"@id\":\"https:\\\/\\\/maderoterapiaonline.org\\\/fr\\\/producto\\\/pareja-cilindros-anticeluliticos-maderoterapia\\\/#breadcrumb\",\"itemListElement\":[{\"@type\":\"ListItem\",\"position\":1,\"name\":\"Portada\",\"item\":\"https:\\\/\\\/maderoterapiaonline.org\\\/fr\\\/\"},{\"@type\":\"ListItem\",\"position\":2,\"name\":\"Boutique\",\"item\":\"https:\\\/\\\/maderoterapiaonline.org\\\/kits-maderas\\\/\"},{\"@type\":\"ListItem\",\"position\":3,\"name\":\"Paire de cylindres anti-cellulite Maderoterapia\"}]},{\"@type\":\"WebSite\",\"@id\":\"https:\\\/\\\/maderoterapiaonline.org\\\/fr\\\/#website\",\"url\":\"https:\\\/\\\/maderoterapiaonline.org\\\/fr\\\/\",\"name\":\"Maderoterapia Online\",\"description\":\"Compra tu kit de Maderoterapia Profesional. Env\u00edos 24\\\/48h. Atenci\u00f3n al cliente por profesionales Maderoterapeutas\",\"publisher\":{\"@id\":\"https:\\\/\\\/maderoterapiaonline.org\\\/fr\\\/#organization\"},\"alternateName\":\"Maderoterapiaonline.org\",\"potentialAction\":[{\"@type\":\"SearchAction\",\"target\":{\"@type\":\"EntryPoint\",\"urlTemplate\":\"https:\\\/\\\/maderoterapiaonline.org\\\/fr\\\/?s={search_term_string}\"},\"query-input\":{\"@type\":\"PropertyValueSpecification\",\"valueRequired\":true,\"valueName\":\"search_term_string\"}}],\"inLanguage\":\"fr-FR\"},{\"@type\":\"Organization\",\"@id\":\"https:\\\/\\\/maderoterapiaonline.org\\\/fr\\\/#organization\",\"name\":\"Maderoterapia Est\u00e9tica Espa\u00f1a \u2013 Dori L\u00f3pez\u00ae y Escuela Profesional Maderoterapia Online\u00ae.\",\"url\":\"https:\\\/\\\/maderoterapiaonline.org\\\/fr\\\/\",\"logo\":{\"@type\":\"ImageObject\",\"inLanguage\":\"fr-FR\",\"@id\":\"https:\\\/\\\/maderoterapiaonline.org\\\/fr\\\/#\\\/schema\\\/logo\\\/image\\\/\",\"url\":\"https:\\\/\\\/maderoterapiaonline.org\\\/wp-content\\\/uploads\\\/2025\\\/03\\\/Logo-M-1.png\",\"contentUrl\":\"https:\\\/\\\/maderoterapiaonline.org\\\/wp-content\\\/uploads\\\/2025\\\/03\\\/Logo-M-1.png\",\"width\":1464,\"height\":1051,\"caption\":\"Maderoterapia Est\u00e9tica Espa\u00f1a \u2013 Dori L\u00f3pez\u00ae y Escuela Profesional Maderoterapia Online\u00ae.\"},\"image\":{\"@id\":\"https:\\\/\\\/maderoterapiaonline.org\\\/fr\\\/#\\\/schema\\\/logo\\\/image\\\/\"}}]}<\/script>\n<!-- \/ Yoast SEO plugin. -->","yoast_head_json":{"title":"Paire de cylindres anti-cellulite Maderoterapia - Maderoterapia Online","robots":{"index":"index","follow":"follow","max-snippet":"max-snippet:-1","max-image-preview":"max-image-preview:large","max-video-preview":"max-video-preview:-1"},"canonical":"https:\/\/maderoterapiaonline.org\/fr\/producto\/pareja-cilindros-anticeluliticos-maderoterapia\/","og_locale":"fr_FR","og_type":"article","og_title":"Paire de cylindres anti-cellulite Maderoterapia - Maderoterapia Online","og_description":"\u00bfLa fin de la cellulite? Avec les cylindres anti-cellulite vous pourrez \u00e9liminer la cellulite, mais vous travaillerez \u00e9galement sur la peau, la laissant lisse et tonique. Les cylindres anti-cellulite sont en bois de pin, con\u00e7us par Maderoterapia Est\u00e9tica Espa\u00f1a\u00ae Avec les 2 cylindres anti-cellulite nous pouvons d\u00e9composer et \u00e9liminer la cellulite la plus r\u00e9sistante, en plus d'obtenir une peau lisse et tonique et une relaxation surprenante, nous travaillons avec les deux cylindres en m\u00eame temps, exer\u00e7ant une force contr\u00f4l\u00e9e sur la zone. Ce produit contient :  2 cylindres de mad\u00e9roth\u00e9rapie &nbsp;","og_url":"https:\/\/maderoterapiaonline.org\/fr\/producto\/pareja-cilindros-anticeluliticos-maderoterapia\/","og_site_name":"Maderoterapia Online","article_modified_time":"2025-06-12T11:58:37+00:00","og_image":[{"width":1080,"height":1080,"url":"https:\/\/maderoterapiaonline.org\/wp-content\/uploads\/2023\/04\/1-3.png","type":"image\/png"}],"twitter_card":"summary_large_image","twitter_misc":{"Dur\u00e9e de lecture estim\u00e9e":"1 minute"},"schema":{"@context":"https:\/\/schema.org","@graph":[{"@type":"WebPage","@id":"https:\/\/maderoterapiaonline.org\/fr\/producto\/pareja-cilindros-anticeluliticos-maderoterapia\/","url":"https:\/\/maderoterapiaonline.org\/fr\/producto\/pareja-cilindros-anticeluliticos-maderoterapia\/","name":"Paire de cylindres anti-cellulite Maderoterapia - Maderoterapia Online","isPartOf":{"@id":"https:\/\/maderoterapiaonline.org\/fr\/#website"},"primaryImageOfPage":{"@id":"https:\/\/maderoterapiaonline.org\/fr\/producto\/pareja-cilindros-anticeluliticos-maderoterapia\/#primaryimage"},"image":{"@id":"https:\/\/maderoterapiaonline.org\/fr\/producto\/pareja-cilindros-anticeluliticos-maderoterapia\/#primaryimage"},"thumbnailUrl":"https:\/\/maderoterapiaonline.org\/wp-content\/uploads\/2023\/04\/1-3.png","datePublished":"2025-04-16T03:08:45+00:00","dateModified":"2025-06-12T11:58:37+00:00","breadcrumb":{"@id":"https:\/\/maderoterapiaonline.org\/fr\/producto\/pareja-cilindros-anticeluliticos-maderoterapia\/#breadcrumb"},"inLanguage":"fr-FR","potentialAction":[{"@type":"ReadAction","target":["https:\/\/maderoterapiaonline.org\/fr\/producto\/pareja-cilindros-anticeluliticos-maderoterapia\/"]}]},{"@type":"ImageObject","inLanguage":"fr-FR","@id":"https:\/\/maderoterapiaonline.org\/fr\/producto\/pareja-cilindros-anticeluliticos-maderoterapia\/#primaryimage","url":"https:\/\/maderoterapiaonline.org\/wp-content\/uploads\/2023\/04\/1-3.png","contentUrl":"https:\/\/maderoterapiaonline.org\/wp-content\/uploads\/2023\/04\/1-3.png","width":1080,"height":1080,"caption":"Pareja Cilindros anticelul\u00edticos Maderoterapia"},{"@type":"BreadcrumbList","@id":"https:\/\/maderoterapiaonline.org\/fr\/producto\/pareja-cilindros-anticeluliticos-maderoterapia\/#breadcrumb","itemListElement":[{"@type":"ListItem","position":1,"name":"Portada","item":"https:\/\/maderoterapiaonline.org\/fr\/"},{"@type":"ListItem","position":2,"name":"Boutique","item":"https:\/\/maderoterapiaonline.org\/kits-maderas\/"},{"@type":"ListItem","position":3,"name":"Paire de cylindres anti-cellulite Maderoterapia"}]},{"@type":"WebSite","@id":"https:\/\/maderoterapiaonline.org\/fr\/#website","url":"https:\/\/maderoterapiaonline.org\/fr\/","name":"Maderoterapia Online","description":"Compra tu kit de Maderoterapia Profesional. Env\u00edos 24\/48h. Atenci\u00f3n al cliente por profesionales Maderoterapeutas","publisher":{"@id":"https:\/\/maderoterapiaonline.org\/fr\/#organization"},"alternateName":"Maderoterapiaonline.org","potentialAction":[{"@type":"SearchAction","target":{"@type":"EntryPoint","urlTemplate":"https:\/\/maderoterapiaonline.org\/fr\/?s={search_term_string}"},"query-input":{"@type":"PropertyValueSpecification","valueRequired":true,"valueName":"search_term_string"}}],"inLanguage":"fr-FR"},{"@type":"Organization","@id":"https:\/\/maderoterapiaonline.org\/fr\/#organization","name":"Maderoterapia Est\u00e9tica Espa\u00f1a \u2013 Dori L\u00f3pez\u00ae y Escuela Profesional Maderoterapia Online\u00ae.","url":"https:\/\/maderoterapiaonline.org\/fr\/","logo":{"@type":"ImageObject","inLanguage":"fr-FR","@id":"https:\/\/maderoterapiaonline.org\/fr\/#\/schema\/logo\/image\/","url":"https:\/\/maderoterapiaonline.org\/wp-content\/uploads\/2025\/03\/Logo-M-1.png","contentUrl":"https:\/\/maderoterapiaonline.org\/wp-content\/uploads\/2025\/03\/Logo-M-1.png","width":1464,"height":1051,"caption":"Maderoterapia Est\u00e9tica Espa\u00f1a \u2013 Dori L\u00f3pez\u00ae y Escuela Profesional Maderoterapia Online\u00ae."},"image":{"@id":"https:\/\/maderoterapiaonline.org\/fr\/#\/schema\/logo\/image\/"}}]}},"_links":{"self":[{"href":"https:\/\/maderoterapiaonline.org\/fr\/wp-json\/wp\/v2\/product\/42551","targetHints":{"allow":["GET"]}}],"collection":[{"href":"https:\/\/maderoterapiaonline.org\/fr\/wp-json\/wp\/v2\/product"}],"about":[{"href":"https:\/\/maderoterapiaonline.org\/fr\/wp-json\/wp\/v2\/types\/product"}],"replies":[{"embeddable":true,"href":"https:\/\/maderoterapiaonline.org\/fr\/wp-json\/wp\/v2\/comments?post=42551"}],"wp:featuredmedia":[{"embeddable":true,"href":"https:\/\/maderoterapiaonline.org\/fr\/wp-json\/wp\/v2\/media\/42042"}],"wp:attachment":[{"href":"https:\/\/maderoterapiaonline.org\/fr\/wp-json\/wp\/v2\/media?parent=42551"}],"wp:term":[{"taxonomy":"product_brand","embeddable":true,"href":"https:\/\/maderoterapiaonline.org\/fr\/wp-json\/wp\/v2\/product_brand?post=42551"},{"taxonomy":"product_cat","embeddable":true,"href":"https:\/\/maderoterapiaonline.org\/fr\/wp-json\/wp\/v2\/product_cat?post=42551"},{"taxonomy":"product_tag","embeddable":true,"href":"https:\/\/maderoterapiaonline.org\/fr\/wp-json\/wp\/v2\/product_tag?post=42551"}],"curies":[{"name":"wp","href":"https:\/\/api.w.org\/{rel}","templated":true}]}}