{"id":42549,"date":"2023-06-20T05:02:52","date_gmt":"2023-06-20T03:02:52","guid":{"rendered":"https:\/\/maderoterapiaonline.org\/producto\/metaltherapy-knuckle-raffermissant-corps\/"},"modified":"2025-06-12T13:58:37","modified_gmt":"2025-06-12T11:58:37","slug":"knuckle-metaltherapy-corps-metaltherapy-raffermissant-anti-cellulite-therapie-du-bois-mise-en-forme-des-elements-therapie-du-metal","status":"publish","type":"product","link":"https:\/\/maderoterapiaonline.org\/fr\/producto\/knuckle-metaltherapy-corps-metaltherapy-raffermissant-anti-cellulite-therapie-du-bois-mise-en-forme-des-elements-therapie-du-metal\/","title":{"rendered":"MetalTherapy Knuckle Raffermissant corps"},"content":{"rendered":"<p><span style=\"font-weight: 400;\">\u00a1\u00e9couvrez le r\u00e9volutionnaire Knuckle de l&rsquo;\u00e9cole Maderoterapia Est\u00e9tica Espa\u00f1a Dori L\u00f3pez, l&rsquo;accessoire ergonomique indispensable pour votre pratique Maderoterapia Aesthetic! Fabriqu\u00e9e en alliage d&rsquo;aluminium et polie manuellement, cette Knuckle offre des bienfaits th\u00e9rapeutiques visibles et durables.<\/span><\/p>\n<p>&nbsp;<\/p>\n<p><span style=\"font-weight: 400;\">\ud83c\udf1f Avantages en vedette :<\/span><\/p>\n<p><span style=\"font-weight: 400;\">&#8211; Ultra l\u00e9ger : Travaillez avec moins d&rsquo;effort et de chargement manuel, vous permettant de r\u00e9aliser vos s\u00e9ances plus confortablement et efficacement.<\/span><\/p>\n<p><span style=\"font-weight: 400;\">&#8211; Ergonomique : Sa base rectangulaire offre un parfait maintien de la main du th\u00e9rapeute, assurant une bonne posture et facilitant les man\u0153uvres sans effort suppl\u00e9mentaire.<\/span><\/p>\n<p><span style=\"font-weight: 400;\">&#8211; Longue dur\u00e9e de vie : Un m\u00e9tal de haute qualit\u00e9 garantit que cet outil de travail reste en excellent \u00e9tat au fil des ann\u00e9es, sans s&rsquo;user.<\/span><\/p>\n<p><span style=\"font-weight: 400;\">&#8211; Sans douleur ni inconfort : Con\u00e7ue pour offrir une exp\u00e9rience agr\u00e9able \u00e0 vos clients, la jointure vous permet d&rsquo;effectuer des mouvements fluides sans provoquer d&rsquo;inconfort.<\/span><\/p>\n<p>&nbsp;<\/p>\n<p><span style=\"font-weight: 400;\">\ud83d\udcbc Indications :<\/span><\/p>\n<p><span style=\"font-weight: 400;\">Id\u00e9al pour r\u00e9activer la circulation dans les massages anti-cellulite, modelants et r\u00e9ducteurs. Gr\u00e2ce \u00e0 sa forme et \u00e0 son poids, vous pouvez utiliser deux articulations en m\u00eame temps pour travailler \u00e0 deux mains et obtenir des r\u00e9sultats encore plus efficaces.<\/span><\/p>\n<p>&nbsp;<\/p>\n<p><span style=\"font-weight: 400;\">\ud83d\udd27 Comment utiliser :<\/span><\/p>\n<p><span style=\"font-weight: 400;\">Accrochez la nageoire entre votre index et votre majeur et posez votre main sur la base m\u00e9tallique. Effectuez les man\u0153uvres sur la zone souhait\u00e9e. Les 32 articulations de hauteurs progressives contribueront \u00e0 fatiguer la fibre musculaire, \u00e0 la d\u00e9tendre et \u00e0 acc\u00e9l\u00e9rer sa r\u00e9cup\u00e9ration.<\/span><\/p>\n<p>&nbsp;<\/p>\n<p><span style=\"font-weight: 400;\">\u2b50\ufe0f Recommandation suppl\u00e9mentaire :<\/span><\/p>\n<p><span style=\"font-weight: 400;\">Pour obtenir des r\u00e9sultats encore plus efficaces, nous vous recommandons d&rsquo;utiliser les cr\u00e8mes de l&rsquo;\u00c9cole Maderoterapia Est\u00e9tica Espa\u00f1a Dori L\u00f3pez lors de vos traitements Maderoth\u00e9rapie.<\/span><\/p>\n<p>&nbsp;<\/p>\n<p><span style=\"font-weight: 400;\">L&rsquo;\u00e9cole d&rsquo;esth\u00e9tique Maderoterapia en Espagne Dori L\u00f3pez est un leader en mati\u00e8re de formation et de produits de maderoth\u00e9rapie. Leurs produits, dont Knullar, offrent des r\u00e9sultats 100% efficaces et visibles d\u00e8s la premi\u00e8re s\u00e9ance. Faites confiance \u00e0 la qualit\u00e9 et \u00e0 l&rsquo;exp\u00e9rience de l&rsquo;\u00e9cole Maderoterapia Est\u00e9tica Espa\u00f1a Dori L\u00f3pez et am\u00e9liorez vos soins Maderoterapia !<\/span><\/p>\n<p>&nbsp;<\/p>\n","protected":false},"excerpt":{"rendered":"<p>\u00a1\u00e9couvrez le r\u00e9volutionnaire Knuckle de l&rsquo;\u00e9cole Maderoterapia Est\u00e9tica Espa\u00f1a Dori L\u00f3pez, l&rsquo;accessoire ergonomique indispensable pour votre pratique Maderoterapia Aesthetic! Fabriqu\u00e9e en alliage d&rsquo;aluminium et polie manuellement, cette Knuckle offre des bienfaits th\u00e9rapeutiques visibles et durables. &nbsp; \ud83c\udf1f Avantages en vedette : &#8211; Ultra l\u00e9ger : Travaillez avec moins d&rsquo;effort et de chargement manuel, vous permettant [&hellip;]<\/p>\n","protected":false},"featured_media":42124,"comment_status":"closed","ping_status":"closed","template":"","meta":{"content-type":""},"product_brand":[],"product_cat":[384],"product_tag":[],"class_list":{"0":"post-42549","1":"product","2":"type-product","3":"status-publish","4":"has-post-thumbnail","6":"product_cat-metatherapie","8":"first","9":"instock","10":"sale","11":"taxable","12":"shipping-taxable","13":"purchasable","14":"product-type-simple"},"yoast_head":"<!-- This site is optimized with the Yoast SEO plugin v27.4 - https:\/\/yoast.com\/product\/yoast-seo-wordpress\/ -->\n<title>MetalTherapy Knuckle Raffermissant corps - Maderoterapia Online<\/title>\n<meta name=\"robots\" content=\"index, follow, max-snippet:-1, max-image-preview:large, max-video-preview:-1\" \/>\n<link rel=\"canonical\" href=\"https:\/\/maderoterapiaonline.org\/fr\/producto\/knuckle-metaltherapy-corps-metaltherapy-raffermissant-anti-cellulite-therapie-du-bois-mise-en-forme-des-elements-therapie-du-metal\/\" \/>\n<meta property=\"og:locale\" content=\"fr_FR\" \/>\n<meta property=\"og:type\" content=\"article\" \/>\n<meta property=\"og:title\" content=\"MetalTherapy Knuckle Raffermissant corps - Maderoterapia Online\" \/>\n<meta property=\"og:description\" content=\"\u00a1\u00e9couvrez le r\u00e9volutionnaire Knuckle de l&rsquo;\u00e9cole Maderoterapia Est\u00e9tica Espa\u00f1a Dori L\u00f3pez, l&rsquo;accessoire ergonomique indispensable pour votre pratique Maderoterapia Aesthetic! Fabriqu\u00e9e en alliage d&rsquo;aluminium et polie manuellement, cette Knuckle offre des bienfaits th\u00e9rapeutiques visibles et durables. &nbsp; \ud83c\udf1f Avantages en vedette : &#8211; Ultra l\u00e9ger : Travaillez avec moins d&rsquo;effort et de chargement manuel, vous permettant [&hellip;]\" \/>\n<meta property=\"og:url\" content=\"https:\/\/maderoterapiaonline.org\/fr\/producto\/knuckle-metaltherapy-corps-metaltherapy-raffermissant-anti-cellulite-therapie-du-bois-mise-en-forme-des-elements-therapie-du-metal\/\" \/>\n<meta property=\"og:site_name\" content=\"Maderoterapia Online\" \/>\n<meta property=\"article:modified_time\" content=\"2025-06-12T11:58:37+00:00\" \/>\n<meta property=\"og:image\" content=\"https:\/\/maderoterapiaonline.org\/wp-content\/uploads\/2023\/07\/1-1.jpg\" \/>\n\t<meta property=\"og:image:width\" content=\"1080\" \/>\n\t<meta property=\"og:image:height\" content=\"1080\" \/>\n\t<meta property=\"og:image:type\" content=\"image\/jpeg\" \/>\n<meta name=\"twitter:card\" content=\"summary_large_image\" \/>\n<meta name=\"twitter:label1\" content=\"Dur\u00e9e de lecture estim\u00e9e\" \/>\n\t<meta name=\"twitter:data1\" content=\"2 minutes\" \/>\n<script type=\"application\/ld+json\" class=\"yoast-schema-graph\">{\"@context\":\"https:\\\/\\\/schema.org\",\"@graph\":[{\"@type\":\"WebPage\",\"@id\":\"https:\\\/\\\/maderoterapiaonline.org\\\/fr\\\/producto\\\/knuckle-metaltherapy-corps-metaltherapy-raffermissant-anti-cellulite-therapie-du-bois-mise-en-forme-des-elements-therapie-du-metal\\\/\",\"url\":\"https:\\\/\\\/maderoterapiaonline.org\\\/fr\\\/producto\\\/knuckle-metaltherapy-corps-metaltherapy-raffermissant-anti-cellulite-therapie-du-bois-mise-en-forme-des-elements-therapie-du-metal\\\/\",\"name\":\"MetalTherapy Knuckle Raffermissant corps - Maderoterapia Online\",\"isPartOf\":{\"@id\":\"https:\\\/\\\/maderoterapiaonline.org\\\/fr\\\/#website\"},\"primaryImageOfPage\":{\"@id\":\"https:\\\/\\\/maderoterapiaonline.org\\\/fr\\\/producto\\\/knuckle-metaltherapy-corps-metaltherapy-raffermissant-anti-cellulite-therapie-du-bois-mise-en-forme-des-elements-therapie-du-metal\\\/#primaryimage\"},\"image\":{\"@id\":\"https:\\\/\\\/maderoterapiaonline.org\\\/fr\\\/producto\\\/knuckle-metaltherapy-corps-metaltherapy-raffermissant-anti-cellulite-therapie-du-bois-mise-en-forme-des-elements-therapie-du-metal\\\/#primaryimage\"},\"thumbnailUrl\":\"https:\\\/\\\/maderoterapiaonline.org\\\/wp-content\\\/uploads\\\/2023\\\/07\\\/1-1.jpg\",\"datePublished\":\"2023-06-20T03:02:52+00:00\",\"dateModified\":\"2025-06-12T11:58:37+00:00\",\"breadcrumb\":{\"@id\":\"https:\\\/\\\/maderoterapiaonline.org\\\/fr\\\/producto\\\/knuckle-metaltherapy-corps-metaltherapy-raffermissant-anti-cellulite-therapie-du-bois-mise-en-forme-des-elements-therapie-du-metal\\\/#breadcrumb\"},\"inLanguage\":\"fr-FR\",\"potentialAction\":[{\"@type\":\"ReadAction\",\"target\":[\"https:\\\/\\\/maderoterapiaonline.org\\\/fr\\\/producto\\\/knuckle-metaltherapy-corps-metaltherapy-raffermissant-anti-cellulite-therapie-du-bois-mise-en-forme-des-elements-therapie-du-metal\\\/\"]}]},{\"@type\":\"ImageObject\",\"inLanguage\":\"fr-FR\",\"@id\":\"https:\\\/\\\/maderoterapiaonline.org\\\/fr\\\/producto\\\/knuckle-metaltherapy-corps-metaltherapy-raffermissant-anti-cellulite-therapie-du-bois-mise-en-forme-des-elements-therapie-du-metal\\\/#primaryimage\",\"url\":\"https:\\\/\\\/maderoterapiaonline.org\\\/wp-content\\\/uploads\\\/2023\\\/07\\\/1-1.jpg\",\"contentUrl\":\"https:\\\/\\\/maderoterapiaonline.org\\\/wp-content\\\/uploads\\\/2023\\\/07\\\/1-1.jpg\",\"width\":1080,\"height\":1080,\"caption\":\"Nudillar Metalterapia Corporal Reafirmante\"},{\"@type\":\"BreadcrumbList\",\"@id\":\"https:\\\/\\\/maderoterapiaonline.org\\\/fr\\\/producto\\\/knuckle-metaltherapy-corps-metaltherapy-raffermissant-anti-cellulite-therapie-du-bois-mise-en-forme-des-elements-therapie-du-metal\\\/#breadcrumb\",\"itemListElement\":[{\"@type\":\"ListItem\",\"position\":1,\"name\":\"Portada\",\"item\":\"https:\\\/\\\/maderoterapiaonline.org\\\/fr\\\/\"},{\"@type\":\"ListItem\",\"position\":2,\"name\":\"Boutique\",\"item\":\"https:\\\/\\\/maderoterapiaonline.org\\\/kits-maderas\\\/\"},{\"@type\":\"ListItem\",\"position\":3,\"name\":\"MetalTherapy Knuckle Raffermissant corps\"}]},{\"@type\":\"WebSite\",\"@id\":\"https:\\\/\\\/maderoterapiaonline.org\\\/fr\\\/#website\",\"url\":\"https:\\\/\\\/maderoterapiaonline.org\\\/fr\\\/\",\"name\":\"Maderoterapia Online\",\"description\":\"Compra tu kit de Maderoterapia Profesional. Env\u00edos 24\\\/48h. Atenci\u00f3n al cliente por profesionales Maderoterapeutas\",\"publisher\":{\"@id\":\"https:\\\/\\\/maderoterapiaonline.org\\\/fr\\\/#organization\"},\"alternateName\":\"Maderoterapiaonline.org\",\"potentialAction\":[{\"@type\":\"SearchAction\",\"target\":{\"@type\":\"EntryPoint\",\"urlTemplate\":\"https:\\\/\\\/maderoterapiaonline.org\\\/fr\\\/?s={search_term_string}\"},\"query-input\":{\"@type\":\"PropertyValueSpecification\",\"valueRequired\":true,\"valueName\":\"search_term_string\"}}],\"inLanguage\":\"fr-FR\"},{\"@type\":\"Organization\",\"@id\":\"https:\\\/\\\/maderoterapiaonline.org\\\/fr\\\/#organization\",\"name\":\"Maderoterapia Est\u00e9tica Espa\u00f1a \u2013 Dori L\u00f3pez\u00ae y Escuela Profesional Maderoterapia Online\u00ae.\",\"url\":\"https:\\\/\\\/maderoterapiaonline.org\\\/fr\\\/\",\"logo\":{\"@type\":\"ImageObject\",\"inLanguage\":\"fr-FR\",\"@id\":\"https:\\\/\\\/maderoterapiaonline.org\\\/fr\\\/#\\\/schema\\\/logo\\\/image\\\/\",\"url\":\"https:\\\/\\\/maderoterapiaonline.org\\\/wp-content\\\/uploads\\\/2025\\\/03\\\/Logo-M-1.png\",\"contentUrl\":\"https:\\\/\\\/maderoterapiaonline.org\\\/wp-content\\\/uploads\\\/2025\\\/03\\\/Logo-M-1.png\",\"width\":1464,\"height\":1051,\"caption\":\"Maderoterapia Est\u00e9tica Espa\u00f1a \u2013 Dori L\u00f3pez\u00ae y Escuela Profesional Maderoterapia Online\u00ae.\"},\"image\":{\"@id\":\"https:\\\/\\\/maderoterapiaonline.org\\\/fr\\\/#\\\/schema\\\/logo\\\/image\\\/\"}}]}<\/script>\n<!-- \/ Yoast SEO plugin. -->","yoast_head_json":{"title":"MetalTherapy Knuckle Raffermissant corps - Maderoterapia Online","robots":{"index":"index","follow":"follow","max-snippet":"max-snippet:-1","max-image-preview":"max-image-preview:large","max-video-preview":"max-video-preview:-1"},"canonical":"https:\/\/maderoterapiaonline.org\/fr\/producto\/knuckle-metaltherapy-corps-metaltherapy-raffermissant-anti-cellulite-therapie-du-bois-mise-en-forme-des-elements-therapie-du-metal\/","og_locale":"fr_FR","og_type":"article","og_title":"MetalTherapy Knuckle Raffermissant corps - Maderoterapia Online","og_description":"\u00a1\u00e9couvrez le r\u00e9volutionnaire Knuckle de l&rsquo;\u00e9cole Maderoterapia Est\u00e9tica Espa\u00f1a Dori L\u00f3pez, l&rsquo;accessoire ergonomique indispensable pour votre pratique Maderoterapia Aesthetic! Fabriqu\u00e9e en alliage d&rsquo;aluminium et polie manuellement, cette Knuckle offre des bienfaits th\u00e9rapeutiques visibles et durables. &nbsp; \ud83c\udf1f Avantages en vedette : &#8211; Ultra l\u00e9ger : Travaillez avec moins d&rsquo;effort et de chargement manuel, vous permettant [&hellip;]","og_url":"https:\/\/maderoterapiaonline.org\/fr\/producto\/knuckle-metaltherapy-corps-metaltherapy-raffermissant-anti-cellulite-therapie-du-bois-mise-en-forme-des-elements-therapie-du-metal\/","og_site_name":"Maderoterapia Online","article_modified_time":"2025-06-12T11:58:37+00:00","og_image":[{"width":1080,"height":1080,"url":"https:\/\/maderoterapiaonline.org\/wp-content\/uploads\/2023\/07\/1-1.jpg","type":"image\/jpeg"}],"twitter_card":"summary_large_image","twitter_misc":{"Dur\u00e9e de lecture estim\u00e9e":"2 minutes"},"schema":{"@context":"https:\/\/schema.org","@graph":[{"@type":"WebPage","@id":"https:\/\/maderoterapiaonline.org\/fr\/producto\/knuckle-metaltherapy-corps-metaltherapy-raffermissant-anti-cellulite-therapie-du-bois-mise-en-forme-des-elements-therapie-du-metal\/","url":"https:\/\/maderoterapiaonline.org\/fr\/producto\/knuckle-metaltherapy-corps-metaltherapy-raffermissant-anti-cellulite-therapie-du-bois-mise-en-forme-des-elements-therapie-du-metal\/","name":"MetalTherapy Knuckle Raffermissant corps - Maderoterapia Online","isPartOf":{"@id":"https:\/\/maderoterapiaonline.org\/fr\/#website"},"primaryImageOfPage":{"@id":"https:\/\/maderoterapiaonline.org\/fr\/producto\/knuckle-metaltherapy-corps-metaltherapy-raffermissant-anti-cellulite-therapie-du-bois-mise-en-forme-des-elements-therapie-du-metal\/#primaryimage"},"image":{"@id":"https:\/\/maderoterapiaonline.org\/fr\/producto\/knuckle-metaltherapy-corps-metaltherapy-raffermissant-anti-cellulite-therapie-du-bois-mise-en-forme-des-elements-therapie-du-metal\/#primaryimage"},"thumbnailUrl":"https:\/\/maderoterapiaonline.org\/wp-content\/uploads\/2023\/07\/1-1.jpg","datePublished":"2023-06-20T03:02:52+00:00","dateModified":"2025-06-12T11:58:37+00:00","breadcrumb":{"@id":"https:\/\/maderoterapiaonline.org\/fr\/producto\/knuckle-metaltherapy-corps-metaltherapy-raffermissant-anti-cellulite-therapie-du-bois-mise-en-forme-des-elements-therapie-du-metal\/#breadcrumb"},"inLanguage":"fr-FR","potentialAction":[{"@type":"ReadAction","target":["https:\/\/maderoterapiaonline.org\/fr\/producto\/knuckle-metaltherapy-corps-metaltherapy-raffermissant-anti-cellulite-therapie-du-bois-mise-en-forme-des-elements-therapie-du-metal\/"]}]},{"@type":"ImageObject","inLanguage":"fr-FR","@id":"https:\/\/maderoterapiaonline.org\/fr\/producto\/knuckle-metaltherapy-corps-metaltherapy-raffermissant-anti-cellulite-therapie-du-bois-mise-en-forme-des-elements-therapie-du-metal\/#primaryimage","url":"https:\/\/maderoterapiaonline.org\/wp-content\/uploads\/2023\/07\/1-1.jpg","contentUrl":"https:\/\/maderoterapiaonline.org\/wp-content\/uploads\/2023\/07\/1-1.jpg","width":1080,"height":1080,"caption":"Nudillar Metalterapia Corporal Reafirmante"},{"@type":"BreadcrumbList","@id":"https:\/\/maderoterapiaonline.org\/fr\/producto\/knuckle-metaltherapy-corps-metaltherapy-raffermissant-anti-cellulite-therapie-du-bois-mise-en-forme-des-elements-therapie-du-metal\/#breadcrumb","itemListElement":[{"@type":"ListItem","position":1,"name":"Portada","item":"https:\/\/maderoterapiaonline.org\/fr\/"},{"@type":"ListItem","position":2,"name":"Boutique","item":"https:\/\/maderoterapiaonline.org\/kits-maderas\/"},{"@type":"ListItem","position":3,"name":"MetalTherapy Knuckle Raffermissant corps"}]},{"@type":"WebSite","@id":"https:\/\/maderoterapiaonline.org\/fr\/#website","url":"https:\/\/maderoterapiaonline.org\/fr\/","name":"Maderoterapia Online","description":"Compra tu kit de Maderoterapia Profesional. Env\u00edos 24\/48h. Atenci\u00f3n al cliente por profesionales Maderoterapeutas","publisher":{"@id":"https:\/\/maderoterapiaonline.org\/fr\/#organization"},"alternateName":"Maderoterapiaonline.org","potentialAction":[{"@type":"SearchAction","target":{"@type":"EntryPoint","urlTemplate":"https:\/\/maderoterapiaonline.org\/fr\/?s={search_term_string}"},"query-input":{"@type":"PropertyValueSpecification","valueRequired":true,"valueName":"search_term_string"}}],"inLanguage":"fr-FR"},{"@type":"Organization","@id":"https:\/\/maderoterapiaonline.org\/fr\/#organization","name":"Maderoterapia Est\u00e9tica Espa\u00f1a \u2013 Dori L\u00f3pez\u00ae y Escuela Profesional Maderoterapia Online\u00ae.","url":"https:\/\/maderoterapiaonline.org\/fr\/","logo":{"@type":"ImageObject","inLanguage":"fr-FR","@id":"https:\/\/maderoterapiaonline.org\/fr\/#\/schema\/logo\/image\/","url":"https:\/\/maderoterapiaonline.org\/wp-content\/uploads\/2025\/03\/Logo-M-1.png","contentUrl":"https:\/\/maderoterapiaonline.org\/wp-content\/uploads\/2025\/03\/Logo-M-1.png","width":1464,"height":1051,"caption":"Maderoterapia Est\u00e9tica Espa\u00f1a \u2013 Dori L\u00f3pez\u00ae y Escuela Profesional Maderoterapia Online\u00ae."},"image":{"@id":"https:\/\/maderoterapiaonline.org\/fr\/#\/schema\/logo\/image\/"}}]}},"_links":{"self":[{"href":"https:\/\/maderoterapiaonline.org\/fr\/wp-json\/wp\/v2\/product\/42549","targetHints":{"allow":["GET"]}}],"collection":[{"href":"https:\/\/maderoterapiaonline.org\/fr\/wp-json\/wp\/v2\/product"}],"about":[{"href":"https:\/\/maderoterapiaonline.org\/fr\/wp-json\/wp\/v2\/types\/product"}],"replies":[{"embeddable":true,"href":"https:\/\/maderoterapiaonline.org\/fr\/wp-json\/wp\/v2\/comments?post=42549"}],"wp:featuredmedia":[{"embeddable":true,"href":"https:\/\/maderoterapiaonline.org\/fr\/wp-json\/wp\/v2\/media\/42124"}],"wp:attachment":[{"href":"https:\/\/maderoterapiaonline.org\/fr\/wp-json\/wp\/v2\/media?parent=42549"}],"wp:term":[{"taxonomy":"product_brand","embeddable":true,"href":"https:\/\/maderoterapiaonline.org\/fr\/wp-json\/wp\/v2\/product_brand?post=42549"},{"taxonomy":"product_cat","embeddable":true,"href":"https:\/\/maderoterapiaonline.org\/fr\/wp-json\/wp\/v2\/product_cat?post=42549"},{"taxonomy":"product_tag","embeddable":true,"href":"https:\/\/maderoterapiaonline.org\/fr\/wp-json\/wp\/v2\/product_tag?post=42549"}],"curies":[{"name":"wp","href":"https:\/\/api.w.org\/{rel}","templated":true}]}}