{"id":42548,"date":"2023-06-20T05:08:56","date_gmt":"2023-06-20T03:08:56","guid":{"rendered":"https:\/\/maderoterapiaonline.org\/producto\/champignon-reducteur-de-metaltherapie\/"},"modified":"2025-06-12T13:58:35","modified_gmt":"2025-06-12T11:58:35","slug":"champignon-reducteur-de-metaltherapie","status":"publish","type":"product","link":"https:\/\/maderoterapiaonline.org\/fr\/producto\/champignon-reducteur-de-metaltherapie\/","title":{"rendered":"Champignon R\u00e9ducteur de m\u00e9talth\u00e9rapie"},"content":{"rendered":"<p><iframe loading=\"lazy\" title=\"Vid\u00e9o YouTube\" src=\"https:\/\/www.youtube.com\/embed\/cq08mw5-59k?si=ynRuMrRggFDxZQjM\" width=\"560\" height=\"315\" frameborder=\"0\" allowfullscreen=\"allowfullscreen\"><\/iframe><\/p>\n<p><strong>\u00a1Transformez chaque s\u00e9ance en un miracle de bien-\u00eatre avec le Champignon Anti-inflammatoire R\u00e9ducteur Metaltherapy!<\/strong> Ce n&rsquo;est pas seulement un accessoire ; C&rsquo;est la r\u00e9ponse \u00e0 ces inflammations g\u00eanantes et l&rsquo;alli\u00e9 parfait pour combattre la cellulite depuis ses racines. Fabriqu\u00e9 en aluminium robuste et brillant, sa conception issue de la prestigieuse \u00e9cole <strong>Maderoterapia Est\u00e9tica Espa\u00f1a\u00ae<\/strong> est non seulement un gage de qualit\u00e9, mais une promesse de r\u00e9sultats r\u00e9volutionnaires.<\/p>\n<p>\u00bfDe la graisse encapsul\u00e9e? \u00a1Chose du pass\u00e9! Ce champignon r\u00e9ducteur ne conna\u00eet pas de limites et cr\u00e9e avec la <strong>coupe su\u00e9doise<\/strong> un duo dynamique capable de tonifier et de raffermir la peau, lui redonnant fra\u00eecheur et vitalit\u00e9. Devenez le magicien de la m\u00e9talth\u00e9rapie en offrant une exp\u00e9rience unique, efficace et surtout profond\u00e9ment satisfaisante. Parce que chaque client m\u00e9rite un traitement exceptionnel, et avec ce champignon minceur, vous offrirez exactement cela !<\/p>\n","protected":false},"excerpt":{"rendered":"<p>\u00bfVoulez-vous r\u00e9duire l\u2019inflammation chez vos clients? <strong>Avec le champignon r\u00e9ducteur anti-inflammatoire<\/strong> naturel, vous pouvez approfondir le traitement pour r\u00e9duire l&rsquo;inflammation de la graisse encapsul\u00e9e et de la cellulite&#8230; C&rsquo;est pourquoi c&rsquo;est le premier \u00e9l\u00e9ment utilis\u00e9 lors d&rsquo;une s\u00e9ance, il raffermit et tonifie \u00e9galement lors du travail avec la coupe su\u00e9doise, avec des mouvements doux.<\/p>\n<p>Le champignon <strong>r\u00e9ducteur anti-inflammatoire m\u00e9talth\u00e9rapie<\/strong> est fabriqu\u00e9 en aluminium et con\u00e7u par l&rsquo;\u00e9cole Maderoterapia Est\u00e9tica Espa\u00f1a\u00ae.<\/p>\n<p>&nbsp;<\/p>\n<p>&nbsp;<\/p>\n","protected":false},"featured_media":41936,"comment_status":"closed","ping_status":"closed","template":"","meta":{"content-type":""},"product_brand":[],"product_cat":[384],"product_tag":[],"class_list":{"0":"post-42548","1":"product","2":"type-product","3":"status-publish","4":"has-post-thumbnail","6":"product_cat-metatherapie","8":"first","9":"instock","10":"sale","11":"taxable","12":"shipping-taxable","13":"purchasable","14":"product-type-simple"},"yoast_head":"<!-- This site is optimized with the Yoast SEO plugin v27.4 - https:\/\/yoast.com\/product\/yoast-seo-wordpress\/ -->\n<title>Champignon R\u00e9ducteur de m\u00e9talth\u00e9rapie - Maderoterapia Online<\/title>\n<meta name=\"description\" content=\"Avec le champignon r\u00e9ducteur anti-inflammatoire naturel, vous pouvez approfondir le traitement pour r\u00e9duire l&#039;inflammation \u00e0 la fois de la graisse encapsul\u00e9e et de la cellulite...\" \/>\n<meta name=\"robots\" content=\"index, follow, max-snippet:-1, max-image-preview:large, max-video-preview:-1\" \/>\n<link rel=\"canonical\" href=\"https:\/\/maderoterapiaonline.org\/fr\/producto\/champignon-reducteur-de-metaltherapie\/\" \/>\n<meta property=\"og:locale\" content=\"fr_FR\" \/>\n<meta property=\"og:type\" content=\"article\" \/>\n<meta property=\"og:title\" content=\"Champignon R\u00e9ducteur de m\u00e9talth\u00e9rapie - Maderoterapia Online\" \/>\n<meta property=\"og:description\" content=\"Avec le champignon r\u00e9ducteur anti-inflammatoire naturel, vous pouvez approfondir le traitement pour r\u00e9duire l&#039;inflammation \u00e0 la fois de la graisse encapsul\u00e9e et de la cellulite...\" \/>\n<meta property=\"og:url\" content=\"https:\/\/maderoterapiaonline.org\/fr\/producto\/champignon-reducteur-de-metaltherapie\/\" \/>\n<meta property=\"og:site_name\" content=\"Maderoterapia Online\" \/>\n<meta property=\"article:modified_time\" content=\"2025-06-12T11:58:35+00:00\" \/>\n<meta property=\"og:image\" content=\"https:\/\/maderoterapiaonline.org\/wp-content\/uploads\/2023\/05\/1-46.jpg\" \/>\n\t<meta property=\"og:image:width\" content=\"1080\" \/>\n\t<meta property=\"og:image:height\" content=\"1080\" \/>\n\t<meta property=\"og:image:type\" content=\"image\/jpeg\" \/>\n<meta name=\"twitter:card\" content=\"summary_large_image\" \/>\n<meta name=\"twitter:label1\" content=\"Dur\u00e9e de lecture estim\u00e9e\" \/>\n\t<meta name=\"twitter:data1\" content=\"1 minute\" \/>\n<script type=\"application\/ld+json\" class=\"yoast-schema-graph\">{\"@context\":\"https:\\\/\\\/schema.org\",\"@graph\":[{\"@type\":\"WebPage\",\"@id\":\"https:\\\/\\\/maderoterapiaonline.org\\\/fr\\\/producto\\\/champignon-reducteur-de-metaltherapie\\\/\",\"url\":\"https:\\\/\\\/maderoterapiaonline.org\\\/fr\\\/producto\\\/champignon-reducteur-de-metaltherapie\\\/\",\"name\":\"Champignon R\u00e9ducteur de m\u00e9talth\u00e9rapie - Maderoterapia Online\",\"isPartOf\":{\"@id\":\"https:\\\/\\\/maderoterapiaonline.org\\\/fr\\\/#website\"},\"primaryImageOfPage\":{\"@id\":\"https:\\\/\\\/maderoterapiaonline.org\\\/fr\\\/producto\\\/champignon-reducteur-de-metaltherapie\\\/#primaryimage\"},\"image\":{\"@id\":\"https:\\\/\\\/maderoterapiaonline.org\\\/fr\\\/producto\\\/champignon-reducteur-de-metaltherapie\\\/#primaryimage\"},\"thumbnailUrl\":\"https:\\\/\\\/maderoterapiaonline.org\\\/wp-content\\\/uploads\\\/2023\\\/05\\\/1-46.jpg\",\"datePublished\":\"2023-06-20T03:08:56+00:00\",\"dateModified\":\"2025-06-12T11:58:35+00:00\",\"description\":\"Avec le champignon r\u00e9ducteur anti-inflammatoire naturel, vous pouvez approfondir le traitement pour r\u00e9duire l'inflammation \u00e0 la fois de la graisse encapsul\u00e9e et de la cellulite...\",\"breadcrumb\":{\"@id\":\"https:\\\/\\\/maderoterapiaonline.org\\\/fr\\\/producto\\\/champignon-reducteur-de-metaltherapie\\\/#breadcrumb\"},\"inLanguage\":\"fr-FR\",\"potentialAction\":[{\"@type\":\"ReadAction\",\"target\":[\"https:\\\/\\\/maderoterapiaonline.org\\\/fr\\\/producto\\\/champignon-reducteur-de-metaltherapie\\\/\"]}]},{\"@type\":\"ImageObject\",\"inLanguage\":\"fr-FR\",\"@id\":\"https:\\\/\\\/maderoterapiaonline.org\\\/fr\\\/producto\\\/champignon-reducteur-de-metaltherapie\\\/#primaryimage\",\"url\":\"https:\\\/\\\/maderoterapiaonline.org\\\/wp-content\\\/uploads\\\/2023\\\/05\\\/1-46.jpg\",\"contentUrl\":\"https:\\\/\\\/maderoterapiaonline.org\\\/wp-content\\\/uploads\\\/2023\\\/05\\\/1-46.jpg\",\"width\":1080,\"height\":1080,\"caption\":\"Hongo Reductor Metalterapia\"},{\"@type\":\"BreadcrumbList\",\"@id\":\"https:\\\/\\\/maderoterapiaonline.org\\\/fr\\\/producto\\\/champignon-reducteur-de-metaltherapie\\\/#breadcrumb\",\"itemListElement\":[{\"@type\":\"ListItem\",\"position\":1,\"name\":\"Portada\",\"item\":\"https:\\\/\\\/maderoterapiaonline.org\\\/fr\\\/\"},{\"@type\":\"ListItem\",\"position\":2,\"name\":\"Boutique\",\"item\":\"https:\\\/\\\/maderoterapiaonline.org\\\/kits-maderas\\\/\"},{\"@type\":\"ListItem\",\"position\":3,\"name\":\"Champignon R\u00e9ducteur de m\u00e9talth\u00e9rapie\"}]},{\"@type\":\"WebSite\",\"@id\":\"https:\\\/\\\/maderoterapiaonline.org\\\/fr\\\/#website\",\"url\":\"https:\\\/\\\/maderoterapiaonline.org\\\/fr\\\/\",\"name\":\"Maderoterapia Online\",\"description\":\"Compra tu kit de Maderoterapia Profesional. Env\u00edos 24\\\/48h. Atenci\u00f3n al cliente por profesionales Maderoterapeutas\",\"publisher\":{\"@id\":\"https:\\\/\\\/maderoterapiaonline.org\\\/fr\\\/#organization\"},\"alternateName\":\"Maderoterapiaonline.org\",\"potentialAction\":[{\"@type\":\"SearchAction\",\"target\":{\"@type\":\"EntryPoint\",\"urlTemplate\":\"https:\\\/\\\/maderoterapiaonline.org\\\/fr\\\/?s={search_term_string}\"},\"query-input\":{\"@type\":\"PropertyValueSpecification\",\"valueRequired\":true,\"valueName\":\"search_term_string\"}}],\"inLanguage\":\"fr-FR\"},{\"@type\":\"Organization\",\"@id\":\"https:\\\/\\\/maderoterapiaonline.org\\\/fr\\\/#organization\",\"name\":\"Maderoterapia Est\u00e9tica Espa\u00f1a \u2013 Dori L\u00f3pez\u00ae y Escuela Profesional Maderoterapia Online\u00ae.\",\"url\":\"https:\\\/\\\/maderoterapiaonline.org\\\/fr\\\/\",\"logo\":{\"@type\":\"ImageObject\",\"inLanguage\":\"fr-FR\",\"@id\":\"https:\\\/\\\/maderoterapiaonline.org\\\/fr\\\/#\\\/schema\\\/logo\\\/image\\\/\",\"url\":\"https:\\\/\\\/maderoterapiaonline.org\\\/wp-content\\\/uploads\\\/2025\\\/03\\\/Logo-M-1.png\",\"contentUrl\":\"https:\\\/\\\/maderoterapiaonline.org\\\/wp-content\\\/uploads\\\/2025\\\/03\\\/Logo-M-1.png\",\"width\":1464,\"height\":1051,\"caption\":\"Maderoterapia Est\u00e9tica Espa\u00f1a \u2013 Dori L\u00f3pez\u00ae y Escuela Profesional Maderoterapia Online\u00ae.\"},\"image\":{\"@id\":\"https:\\\/\\\/maderoterapiaonline.org\\\/fr\\\/#\\\/schema\\\/logo\\\/image\\\/\"}}]}<\/script>\n<!-- \/ Yoast SEO plugin. -->","yoast_head_json":{"title":"Champignon R\u00e9ducteur de m\u00e9talth\u00e9rapie - Maderoterapia Online","description":"Avec le champignon r\u00e9ducteur anti-inflammatoire naturel, vous pouvez approfondir le traitement pour r\u00e9duire l'inflammation \u00e0 la fois de la graisse encapsul\u00e9e et de la cellulite...","robots":{"index":"index","follow":"follow","max-snippet":"max-snippet:-1","max-image-preview":"max-image-preview:large","max-video-preview":"max-video-preview:-1"},"canonical":"https:\/\/maderoterapiaonline.org\/fr\/producto\/champignon-reducteur-de-metaltherapie\/","og_locale":"fr_FR","og_type":"article","og_title":"Champignon R\u00e9ducteur de m\u00e9talth\u00e9rapie - Maderoterapia Online","og_description":"Avec le champignon r\u00e9ducteur anti-inflammatoire naturel, vous pouvez approfondir le traitement pour r\u00e9duire l'inflammation \u00e0 la fois de la graisse encapsul\u00e9e et de la cellulite...","og_url":"https:\/\/maderoterapiaonline.org\/fr\/producto\/champignon-reducteur-de-metaltherapie\/","og_site_name":"Maderoterapia Online","article_modified_time":"2025-06-12T11:58:35+00:00","og_image":[{"width":1080,"height":1080,"url":"https:\/\/maderoterapiaonline.org\/wp-content\/uploads\/2023\/05\/1-46.jpg","type":"image\/jpeg"}],"twitter_card":"summary_large_image","twitter_misc":{"Dur\u00e9e de lecture estim\u00e9e":"1 minute"},"schema":{"@context":"https:\/\/schema.org","@graph":[{"@type":"WebPage","@id":"https:\/\/maderoterapiaonline.org\/fr\/producto\/champignon-reducteur-de-metaltherapie\/","url":"https:\/\/maderoterapiaonline.org\/fr\/producto\/champignon-reducteur-de-metaltherapie\/","name":"Champignon R\u00e9ducteur de m\u00e9talth\u00e9rapie - Maderoterapia Online","isPartOf":{"@id":"https:\/\/maderoterapiaonline.org\/fr\/#website"},"primaryImageOfPage":{"@id":"https:\/\/maderoterapiaonline.org\/fr\/producto\/champignon-reducteur-de-metaltherapie\/#primaryimage"},"image":{"@id":"https:\/\/maderoterapiaonline.org\/fr\/producto\/champignon-reducteur-de-metaltherapie\/#primaryimage"},"thumbnailUrl":"https:\/\/maderoterapiaonline.org\/wp-content\/uploads\/2023\/05\/1-46.jpg","datePublished":"2023-06-20T03:08:56+00:00","dateModified":"2025-06-12T11:58:35+00:00","description":"Avec le champignon r\u00e9ducteur anti-inflammatoire naturel, vous pouvez approfondir le traitement pour r\u00e9duire l'inflammation \u00e0 la fois de la graisse encapsul\u00e9e et de la cellulite...","breadcrumb":{"@id":"https:\/\/maderoterapiaonline.org\/fr\/producto\/champignon-reducteur-de-metaltherapie\/#breadcrumb"},"inLanguage":"fr-FR","potentialAction":[{"@type":"ReadAction","target":["https:\/\/maderoterapiaonline.org\/fr\/producto\/champignon-reducteur-de-metaltherapie\/"]}]},{"@type":"ImageObject","inLanguage":"fr-FR","@id":"https:\/\/maderoterapiaonline.org\/fr\/producto\/champignon-reducteur-de-metaltherapie\/#primaryimage","url":"https:\/\/maderoterapiaonline.org\/wp-content\/uploads\/2023\/05\/1-46.jpg","contentUrl":"https:\/\/maderoterapiaonline.org\/wp-content\/uploads\/2023\/05\/1-46.jpg","width":1080,"height":1080,"caption":"Hongo Reductor Metalterapia"},{"@type":"BreadcrumbList","@id":"https:\/\/maderoterapiaonline.org\/fr\/producto\/champignon-reducteur-de-metaltherapie\/#breadcrumb","itemListElement":[{"@type":"ListItem","position":1,"name":"Portada","item":"https:\/\/maderoterapiaonline.org\/fr\/"},{"@type":"ListItem","position":2,"name":"Boutique","item":"https:\/\/maderoterapiaonline.org\/kits-maderas\/"},{"@type":"ListItem","position":3,"name":"Champignon R\u00e9ducteur de m\u00e9talth\u00e9rapie"}]},{"@type":"WebSite","@id":"https:\/\/maderoterapiaonline.org\/fr\/#website","url":"https:\/\/maderoterapiaonline.org\/fr\/","name":"Maderoterapia Online","description":"Compra tu kit de Maderoterapia Profesional. Env\u00edos 24\/48h. Atenci\u00f3n al cliente por profesionales Maderoterapeutas","publisher":{"@id":"https:\/\/maderoterapiaonline.org\/fr\/#organization"},"alternateName":"Maderoterapiaonline.org","potentialAction":[{"@type":"SearchAction","target":{"@type":"EntryPoint","urlTemplate":"https:\/\/maderoterapiaonline.org\/fr\/?s={search_term_string}"},"query-input":{"@type":"PropertyValueSpecification","valueRequired":true,"valueName":"search_term_string"}}],"inLanguage":"fr-FR"},{"@type":"Organization","@id":"https:\/\/maderoterapiaonline.org\/fr\/#organization","name":"Maderoterapia Est\u00e9tica Espa\u00f1a \u2013 Dori L\u00f3pez\u00ae y Escuela Profesional Maderoterapia Online\u00ae.","url":"https:\/\/maderoterapiaonline.org\/fr\/","logo":{"@type":"ImageObject","inLanguage":"fr-FR","@id":"https:\/\/maderoterapiaonline.org\/fr\/#\/schema\/logo\/image\/","url":"https:\/\/maderoterapiaonline.org\/wp-content\/uploads\/2025\/03\/Logo-M-1.png","contentUrl":"https:\/\/maderoterapiaonline.org\/wp-content\/uploads\/2025\/03\/Logo-M-1.png","width":1464,"height":1051,"caption":"Maderoterapia Est\u00e9tica Espa\u00f1a \u2013 Dori L\u00f3pez\u00ae y Escuela Profesional Maderoterapia Online\u00ae."},"image":{"@id":"https:\/\/maderoterapiaonline.org\/fr\/#\/schema\/logo\/image\/"}}]}},"_links":{"self":[{"href":"https:\/\/maderoterapiaonline.org\/fr\/wp-json\/wp\/v2\/product\/42548","targetHints":{"allow":["GET"]}}],"collection":[{"href":"https:\/\/maderoterapiaonline.org\/fr\/wp-json\/wp\/v2\/product"}],"about":[{"href":"https:\/\/maderoterapiaonline.org\/fr\/wp-json\/wp\/v2\/types\/product"}],"replies":[{"embeddable":true,"href":"https:\/\/maderoterapiaonline.org\/fr\/wp-json\/wp\/v2\/comments?post=42548"}],"wp:featuredmedia":[{"embeddable":true,"href":"https:\/\/maderoterapiaonline.org\/fr\/wp-json\/wp\/v2\/media\/41936"}],"wp:attachment":[{"href":"https:\/\/maderoterapiaonline.org\/fr\/wp-json\/wp\/v2\/media?parent=42548"}],"wp:term":[{"taxonomy":"product_brand","embeddable":true,"href":"https:\/\/maderoterapiaonline.org\/fr\/wp-json\/wp\/v2\/product_brand?post=42548"},{"taxonomy":"product_cat","embeddable":true,"href":"https:\/\/maderoterapiaonline.org\/fr\/wp-json\/wp\/v2\/product_cat?post=42548"},{"taxonomy":"product_tag","embeddable":true,"href":"https:\/\/maderoterapiaonline.org\/fr\/wp-json\/wp\/v2\/product_tag?post=42548"}],"curies":[{"name":"wp","href":"https:\/\/api.w.org\/{rel}","templated":true}]}}