{"id":42547,"date":"2023-06-20T10:08:56","date_gmt":"2023-06-20T08:08:56","guid":{"rendered":"https:\/\/maderoterapiaonline.org\/producto\/coupe-suedoise-de-metaltherapie\/"},"modified":"2025-06-12T13:58:35","modified_gmt":"2025-06-12T11:58:35","slug":"coupe-suedoise-de-metaltherapie","status":"publish","type":"product","link":"https:\/\/maderoterapiaonline.org\/fr\/producto\/coupe-suedoise-de-metaltherapie\/","title":{"rendered":"Coupe su\u00e9doise de m\u00e9talth\u00e9rapie"},"content":{"rendered":"<p><iframe loading=\"lazy\" title=\"Vid\u00e9o YouTube\" src=\"https:\/\/www.youtube.com\/embed\/u4EoKamx-p8?si=bSy9Fu-weZc7oPJn\" width=\"560\" height=\"315\" frameborder=\"0\" allowfullscreen=\"allowfullscreen\"><\/iframe><\/p>\n<p><strong>\u00bfFrustr\u00e9 par les r\u00e9sultats \u00e9ph\u00e9m\u00e8res du remodelage corporel?<\/strong> \u00a1La solution est ici avec la <strong>Coupe Su\u00e9doise de M\u00e9talth\u00e9rapie!<\/strong> Laissez le d\u00e9sespoir derri\u00e8re vous et accueillez une transformation durable. Ce n&rsquo;est pas seulement un outil ; est la r\u00e9ponse \u00e0 vos demandes de modelage efficace du corps et d&rsquo;\u00e9limination tenace de la cellulite tenace.<\/p>\n<p>Fabriqu\u00e9e en aluminium durable, la <strong>Coupe Su\u00e9doise<\/strong>, m\u00e9ticuleusement con\u00e7ue par <strong>Maderoterapia Est\u00e9tica Espa\u00f1a\u00ae<\/strong>, non seulement promet, mais donne des r\u00e9sultats ! Oubliez les m\u00e9thodes conventionnelles et adoptez la r\u00e9volution de la <strong>M\u00e9talth\u00e9rapie.<\/strong> De la r\u00e9duction des fesses \u00e0 la peau visiblement raffermie, cette merveille de technologie de massage est d\u00e9di\u00e9e \u00e0 offrir le changement radical dont vos clients r\u00eavent.<\/p>\n<p>\u00bfEt le drainage h\u00e9molymphatique? Bien s\u00fbr, c\u2019est un autre super pouvoir de cet outil stellaire. \u00a1Pr\u00e9parez-vous \u00e0 une avalanche de citations alors que la nouvelle se r\u00e9pand sur les r\u00e9sultats magiques de votre <strong>Coupe su\u00e9doise de m\u00e9talth\u00e9rapie!<\/strong><\/p>\n","protected":false},"excerpt":{"rendered":"<p>\u00bf\u00cates-vous incapable de <strong>fa\u00e7onner efficacement le corps<\/strong> de votre client? \u00bfNe voyez-vous que des r\u00e9sultats \u00e0 <strong>court terme<\/strong>?<\/p>\n<p>Il est temps de d\u00e9couvrir la <strong>Coupe Su\u00e9doise de M\u00e9talth\u00e9rapie<\/strong>, tr\u00e8s efficace pour <strong>r\u00e9duire les graisses localis\u00e9es<\/strong>, la <strong>cellulite<\/strong> la plus rebelle et <strong>modeler<\/strong> le corps gr\u00e2ce au marquage.<\/p>\n<p>Pi\u00e8ce ma\u00eetresse de toute s\u00e9ance de M\u00e9talth\u00e9rapie ou de Mad\u00e9roth\u00e9rapie, la coupe su\u00e9doise en aluminium et con\u00e7ue par l&rsquo;\u00e9cole Maderoterapia Est\u00e9tica Espa\u00f1a\u00ae, est une alli\u00e9e de taille pour <strong>r\u00e9duire les fesses<\/strong>, <strong>raffermir<\/strong> la peau et assurer un bon <strong>drainage h\u00e9molymphatique<\/strong>.<\/p>\n<p>&nbsp;<\/p>\n","protected":false},"featured_media":41928,"comment_status":"closed","ping_status":"closed","template":"","meta":{"content-type":""},"product_brand":[],"product_cat":[384],"product_tag":[],"class_list":{"0":"post-42547","1":"product","2":"type-product","3":"status-publish","4":"has-post-thumbnail","6":"product_cat-metatherapie","8":"first","9":"instock","10":"sale","11":"taxable","12":"shipping-taxable","13":"purchasable","14":"product-type-simple"},"yoast_head":"<!-- This site is optimized with the Yoast SEO plugin v27.4 - https:\/\/yoast.com\/product\/yoast-seo-wordpress\/ -->\n<title>Coupe su\u00e9doise de m\u00e9talth\u00e9rapie - Maderoterapia Online<\/title>\n<meta name=\"description\" content=\"D\u00e9couvrez la r\u00e9volution des soins esth\u00e9tiques avec la Coupe Su\u00e9doise de M\u00e9talth\u00e9rapie. Red\u00e9finit le contour du corps, \u00e9limine la cellulite et garantit une peau raffermie. \u00a1Votre secret pour des r\u00e9sultats durables!\" \/>\n<meta name=\"robots\" content=\"index, follow, max-snippet:-1, max-image-preview:large, max-video-preview:-1\" \/>\n<link rel=\"canonical\" href=\"https:\/\/maderoterapiaonline.org\/fr\/producto\/coupe-suedoise-de-metaltherapie\/\" \/>\n<meta property=\"og:locale\" content=\"fr_FR\" \/>\n<meta property=\"og:type\" content=\"article\" \/>\n<meta property=\"og:title\" content=\"Coupe su\u00e9doise de m\u00e9talth\u00e9rapie - Maderoterapia Online\" \/>\n<meta property=\"og:description\" content=\"D\u00e9couvrez la r\u00e9volution des soins esth\u00e9tiques avec la Coupe Su\u00e9doise de M\u00e9talth\u00e9rapie. Red\u00e9finit le contour du corps, \u00e9limine la cellulite et garantit une peau raffermie. \u00a1Votre secret pour des r\u00e9sultats durables!\" \/>\n<meta property=\"og:url\" content=\"https:\/\/maderoterapiaonline.org\/fr\/producto\/coupe-suedoise-de-metaltherapie\/\" \/>\n<meta property=\"og:site_name\" content=\"Maderoterapia Online\" \/>\n<meta property=\"article:modified_time\" content=\"2025-06-12T11:58:35+00:00\" \/>\n<meta property=\"og:image\" content=\"https:\/\/maderoterapiaonline.org\/wp-content\/uploads\/2023\/05\/1-31.jpg\" \/>\n\t<meta property=\"og:image:width\" content=\"1080\" \/>\n\t<meta property=\"og:image:height\" content=\"1080\" \/>\n\t<meta property=\"og:image:type\" content=\"image\/jpeg\" \/>\n<meta name=\"twitter:card\" content=\"summary_large_image\" \/>\n<meta name=\"twitter:label1\" content=\"Dur\u00e9e de lecture estim\u00e9e\" \/>\n\t<meta name=\"twitter:data1\" content=\"1 minute\" \/>\n<script type=\"application\/ld+json\" class=\"yoast-schema-graph\">{\"@context\":\"https:\\\/\\\/schema.org\",\"@graph\":[{\"@type\":\"WebPage\",\"@id\":\"https:\\\/\\\/maderoterapiaonline.org\\\/fr\\\/producto\\\/coupe-suedoise-de-metaltherapie\\\/\",\"url\":\"https:\\\/\\\/maderoterapiaonline.org\\\/fr\\\/producto\\\/coupe-suedoise-de-metaltherapie\\\/\",\"name\":\"Coupe su\u00e9doise de m\u00e9talth\u00e9rapie - Maderoterapia Online\",\"isPartOf\":{\"@id\":\"https:\\\/\\\/maderoterapiaonline.org\\\/fr\\\/#website\"},\"primaryImageOfPage\":{\"@id\":\"https:\\\/\\\/maderoterapiaonline.org\\\/fr\\\/producto\\\/coupe-suedoise-de-metaltherapie\\\/#primaryimage\"},\"image\":{\"@id\":\"https:\\\/\\\/maderoterapiaonline.org\\\/fr\\\/producto\\\/coupe-suedoise-de-metaltherapie\\\/#primaryimage\"},\"thumbnailUrl\":\"https:\\\/\\\/maderoterapiaonline.org\\\/wp-content\\\/uploads\\\/2023\\\/05\\\/1-31.jpg\",\"datePublished\":\"2023-06-20T08:08:56+00:00\",\"dateModified\":\"2025-06-12T11:58:35+00:00\",\"description\":\"D\u00e9couvrez la r\u00e9volution des soins esth\u00e9tiques avec la Coupe Su\u00e9doise de M\u00e9talth\u00e9rapie. Red\u00e9finit le contour du corps, \u00e9limine la cellulite et garantit une peau raffermie. \u00a1Votre secret pour des r\u00e9sultats durables!\",\"breadcrumb\":{\"@id\":\"https:\\\/\\\/maderoterapiaonline.org\\\/fr\\\/producto\\\/coupe-suedoise-de-metaltherapie\\\/#breadcrumb\"},\"inLanguage\":\"fr-FR\",\"potentialAction\":[{\"@type\":\"ReadAction\",\"target\":[\"https:\\\/\\\/maderoterapiaonline.org\\\/fr\\\/producto\\\/coupe-suedoise-de-metaltherapie\\\/\"]}]},{\"@type\":\"ImageObject\",\"inLanguage\":\"fr-FR\",\"@id\":\"https:\\\/\\\/maderoterapiaonline.org\\\/fr\\\/producto\\\/coupe-suedoise-de-metaltherapie\\\/#primaryimage\",\"url\":\"https:\\\/\\\/maderoterapiaonline.org\\\/wp-content\\\/uploads\\\/2023\\\/05\\\/1-31.jpg\",\"contentUrl\":\"https:\\\/\\\/maderoterapiaonline.org\\\/wp-content\\\/uploads\\\/2023\\\/05\\\/1-31.jpg\",\"width\":1080,\"height\":1080,\"caption\":\"Copa sueca Metalterapia\"},{\"@type\":\"BreadcrumbList\",\"@id\":\"https:\\\/\\\/maderoterapiaonline.org\\\/fr\\\/producto\\\/coupe-suedoise-de-metaltherapie\\\/#breadcrumb\",\"itemListElement\":[{\"@type\":\"ListItem\",\"position\":1,\"name\":\"Portada\",\"item\":\"https:\\\/\\\/maderoterapiaonline.org\\\/fr\\\/\"},{\"@type\":\"ListItem\",\"position\":2,\"name\":\"Boutique\",\"item\":\"https:\\\/\\\/maderoterapiaonline.org\\\/kits-maderas\\\/\"},{\"@type\":\"ListItem\",\"position\":3,\"name\":\"Coupe su\u00e9doise de m\u00e9talth\u00e9rapie\"}]},{\"@type\":\"WebSite\",\"@id\":\"https:\\\/\\\/maderoterapiaonline.org\\\/fr\\\/#website\",\"url\":\"https:\\\/\\\/maderoterapiaonline.org\\\/fr\\\/\",\"name\":\"Maderoterapia Online\",\"description\":\"Compra tu kit de Maderoterapia Profesional. Env\u00edos 24\\\/48h. Atenci\u00f3n al cliente por profesionales Maderoterapeutas\",\"publisher\":{\"@id\":\"https:\\\/\\\/maderoterapiaonline.org\\\/fr\\\/#organization\"},\"alternateName\":\"Maderoterapiaonline.org\",\"potentialAction\":[{\"@type\":\"SearchAction\",\"target\":{\"@type\":\"EntryPoint\",\"urlTemplate\":\"https:\\\/\\\/maderoterapiaonline.org\\\/fr\\\/?s={search_term_string}\"},\"query-input\":{\"@type\":\"PropertyValueSpecification\",\"valueRequired\":true,\"valueName\":\"search_term_string\"}}],\"inLanguage\":\"fr-FR\"},{\"@type\":\"Organization\",\"@id\":\"https:\\\/\\\/maderoterapiaonline.org\\\/fr\\\/#organization\",\"name\":\"Maderoterapia Est\u00e9tica Espa\u00f1a \u2013 Dori L\u00f3pez\u00ae y Escuela Profesional Maderoterapia Online\u00ae.\",\"url\":\"https:\\\/\\\/maderoterapiaonline.org\\\/fr\\\/\",\"logo\":{\"@type\":\"ImageObject\",\"inLanguage\":\"fr-FR\",\"@id\":\"https:\\\/\\\/maderoterapiaonline.org\\\/fr\\\/#\\\/schema\\\/logo\\\/image\\\/\",\"url\":\"https:\\\/\\\/maderoterapiaonline.org\\\/wp-content\\\/uploads\\\/2025\\\/03\\\/Logo-M-1.png\",\"contentUrl\":\"https:\\\/\\\/maderoterapiaonline.org\\\/wp-content\\\/uploads\\\/2025\\\/03\\\/Logo-M-1.png\",\"width\":1464,\"height\":1051,\"caption\":\"Maderoterapia Est\u00e9tica Espa\u00f1a \u2013 Dori L\u00f3pez\u00ae y Escuela Profesional Maderoterapia Online\u00ae.\"},\"image\":{\"@id\":\"https:\\\/\\\/maderoterapiaonline.org\\\/fr\\\/#\\\/schema\\\/logo\\\/image\\\/\"}}]}<\/script>\n<!-- \/ Yoast SEO plugin. -->","yoast_head_json":{"title":"Coupe su\u00e9doise de m\u00e9talth\u00e9rapie - Maderoterapia Online","description":"D\u00e9couvrez la r\u00e9volution des soins esth\u00e9tiques avec la Coupe Su\u00e9doise de M\u00e9talth\u00e9rapie. Red\u00e9finit le contour du corps, \u00e9limine la cellulite et garantit une peau raffermie. \u00a1Votre secret pour des r\u00e9sultats durables!","robots":{"index":"index","follow":"follow","max-snippet":"max-snippet:-1","max-image-preview":"max-image-preview:large","max-video-preview":"max-video-preview:-1"},"canonical":"https:\/\/maderoterapiaonline.org\/fr\/producto\/coupe-suedoise-de-metaltherapie\/","og_locale":"fr_FR","og_type":"article","og_title":"Coupe su\u00e9doise de m\u00e9talth\u00e9rapie - Maderoterapia Online","og_description":"D\u00e9couvrez la r\u00e9volution des soins esth\u00e9tiques avec la Coupe Su\u00e9doise de M\u00e9talth\u00e9rapie. Red\u00e9finit le contour du corps, \u00e9limine la cellulite et garantit une peau raffermie. \u00a1Votre secret pour des r\u00e9sultats durables!","og_url":"https:\/\/maderoterapiaonline.org\/fr\/producto\/coupe-suedoise-de-metaltherapie\/","og_site_name":"Maderoterapia Online","article_modified_time":"2025-06-12T11:58:35+00:00","og_image":[{"width":1080,"height":1080,"url":"https:\/\/maderoterapiaonline.org\/wp-content\/uploads\/2023\/05\/1-31.jpg","type":"image\/jpeg"}],"twitter_card":"summary_large_image","twitter_misc":{"Dur\u00e9e de lecture estim\u00e9e":"1 minute"},"schema":{"@context":"https:\/\/schema.org","@graph":[{"@type":"WebPage","@id":"https:\/\/maderoterapiaonline.org\/fr\/producto\/coupe-suedoise-de-metaltherapie\/","url":"https:\/\/maderoterapiaonline.org\/fr\/producto\/coupe-suedoise-de-metaltherapie\/","name":"Coupe su\u00e9doise de m\u00e9talth\u00e9rapie - Maderoterapia Online","isPartOf":{"@id":"https:\/\/maderoterapiaonline.org\/fr\/#website"},"primaryImageOfPage":{"@id":"https:\/\/maderoterapiaonline.org\/fr\/producto\/coupe-suedoise-de-metaltherapie\/#primaryimage"},"image":{"@id":"https:\/\/maderoterapiaonline.org\/fr\/producto\/coupe-suedoise-de-metaltherapie\/#primaryimage"},"thumbnailUrl":"https:\/\/maderoterapiaonline.org\/wp-content\/uploads\/2023\/05\/1-31.jpg","datePublished":"2023-06-20T08:08:56+00:00","dateModified":"2025-06-12T11:58:35+00:00","description":"D\u00e9couvrez la r\u00e9volution des soins esth\u00e9tiques avec la Coupe Su\u00e9doise de M\u00e9talth\u00e9rapie. Red\u00e9finit le contour du corps, \u00e9limine la cellulite et garantit une peau raffermie. \u00a1Votre secret pour des r\u00e9sultats durables!","breadcrumb":{"@id":"https:\/\/maderoterapiaonline.org\/fr\/producto\/coupe-suedoise-de-metaltherapie\/#breadcrumb"},"inLanguage":"fr-FR","potentialAction":[{"@type":"ReadAction","target":["https:\/\/maderoterapiaonline.org\/fr\/producto\/coupe-suedoise-de-metaltherapie\/"]}]},{"@type":"ImageObject","inLanguage":"fr-FR","@id":"https:\/\/maderoterapiaonline.org\/fr\/producto\/coupe-suedoise-de-metaltherapie\/#primaryimage","url":"https:\/\/maderoterapiaonline.org\/wp-content\/uploads\/2023\/05\/1-31.jpg","contentUrl":"https:\/\/maderoterapiaonline.org\/wp-content\/uploads\/2023\/05\/1-31.jpg","width":1080,"height":1080,"caption":"Copa sueca Metalterapia"},{"@type":"BreadcrumbList","@id":"https:\/\/maderoterapiaonline.org\/fr\/producto\/coupe-suedoise-de-metaltherapie\/#breadcrumb","itemListElement":[{"@type":"ListItem","position":1,"name":"Portada","item":"https:\/\/maderoterapiaonline.org\/fr\/"},{"@type":"ListItem","position":2,"name":"Boutique","item":"https:\/\/maderoterapiaonline.org\/kits-maderas\/"},{"@type":"ListItem","position":3,"name":"Coupe su\u00e9doise de m\u00e9talth\u00e9rapie"}]},{"@type":"WebSite","@id":"https:\/\/maderoterapiaonline.org\/fr\/#website","url":"https:\/\/maderoterapiaonline.org\/fr\/","name":"Maderoterapia Online","description":"Compra tu kit de Maderoterapia Profesional. Env\u00edos 24\/48h. Atenci\u00f3n al cliente por profesionales Maderoterapeutas","publisher":{"@id":"https:\/\/maderoterapiaonline.org\/fr\/#organization"},"alternateName":"Maderoterapiaonline.org","potentialAction":[{"@type":"SearchAction","target":{"@type":"EntryPoint","urlTemplate":"https:\/\/maderoterapiaonline.org\/fr\/?s={search_term_string}"},"query-input":{"@type":"PropertyValueSpecification","valueRequired":true,"valueName":"search_term_string"}}],"inLanguage":"fr-FR"},{"@type":"Organization","@id":"https:\/\/maderoterapiaonline.org\/fr\/#organization","name":"Maderoterapia Est\u00e9tica Espa\u00f1a \u2013 Dori L\u00f3pez\u00ae y Escuela Profesional Maderoterapia Online\u00ae.","url":"https:\/\/maderoterapiaonline.org\/fr\/","logo":{"@type":"ImageObject","inLanguage":"fr-FR","@id":"https:\/\/maderoterapiaonline.org\/fr\/#\/schema\/logo\/image\/","url":"https:\/\/maderoterapiaonline.org\/wp-content\/uploads\/2025\/03\/Logo-M-1.png","contentUrl":"https:\/\/maderoterapiaonline.org\/wp-content\/uploads\/2025\/03\/Logo-M-1.png","width":1464,"height":1051,"caption":"Maderoterapia Est\u00e9tica Espa\u00f1a \u2013 Dori L\u00f3pez\u00ae y Escuela Profesional Maderoterapia Online\u00ae."},"image":{"@id":"https:\/\/maderoterapiaonline.org\/fr\/#\/schema\/logo\/image\/"}}]}},"_links":{"self":[{"href":"https:\/\/maderoterapiaonline.org\/fr\/wp-json\/wp\/v2\/product\/42547","targetHints":{"allow":["GET"]}}],"collection":[{"href":"https:\/\/maderoterapiaonline.org\/fr\/wp-json\/wp\/v2\/product"}],"about":[{"href":"https:\/\/maderoterapiaonline.org\/fr\/wp-json\/wp\/v2\/types\/product"}],"replies":[{"embeddable":true,"href":"https:\/\/maderoterapiaonline.org\/fr\/wp-json\/wp\/v2\/comments?post=42547"}],"wp:featuredmedia":[{"embeddable":true,"href":"https:\/\/maderoterapiaonline.org\/fr\/wp-json\/wp\/v2\/media\/41928"}],"wp:attachment":[{"href":"https:\/\/maderoterapiaonline.org\/fr\/wp-json\/wp\/v2\/media?parent=42547"}],"wp:term":[{"taxonomy":"product_brand","embeddable":true,"href":"https:\/\/maderoterapiaonline.org\/fr\/wp-json\/wp\/v2\/product_brand?post=42547"},{"taxonomy":"product_cat","embeddable":true,"href":"https:\/\/maderoterapiaonline.org\/fr\/wp-json\/wp\/v2\/product_cat?post=42547"},{"taxonomy":"product_tag","embeddable":true,"href":"https:\/\/maderoterapiaonline.org\/fr\/wp-json\/wp\/v2\/product_tag?post=42547"}],"curies":[{"name":"wp","href":"https:\/\/api.w.org\/{rel}","templated":true}]}}