{"id":42546,"date":"2023-06-19T05:08:56","date_gmt":"2023-06-19T03:08:56","guid":{"rendered":"https:\/\/maderoterapiaonline.org\/producto\/table-dentee-mouleur-metaltherapie\/"},"modified":"2025-06-12T13:58:38","modified_gmt":"2025-06-12T11:58:38","slug":"table-dentee-mouleur-metaltherapie","status":"publish","type":"product","link":"https:\/\/maderoterapiaonline.org\/fr\/producto\/table-dentee-mouleur-metaltherapie\/","title":{"rendered":"Table dent\u00e9e mouleur m\u00e9talth\u00e9rapie"},"content":{"rendered":"<p><iframe loading=\"lazy\" title=\"Vid\u00e9o YouTube\" src=\"https:\/\/www.youtube.com\/embed\/jtXFUKsd1HI?si=DLCaygpd9y_bgLKy\" width=\"560\" height=\"315\" frameborder=\"0\" allowfullscreen=\"allowfullscreen\"><\/iframe><\/p>\n<p><strong>\u00bf\u00cates-vous pr\u00eat \u00e0 faire passer vos s\u00e9ances de m\u00e9talth\u00e9rapie au niveau sup\u00e9rieur?<\/strong> \u00a1Alors vous ne pouvez pas manquer la <strong>planche dent\u00e9e de mise en forme Metaltherapy !<\/strong> Ce merveilleux outil n&rsquo;est pas qu&rsquo;un accessoire&#8230; c&rsquo;est votre alli\u00e9 secret pour offrir des r\u00e9sultats incroyables et durables. \ud83c\udf1f<\/p>\n<p>Dites adieu aux sessions sans changements notables. Avec la <strong>planche dentel\u00e9e<\/strong>, vous pourrez drainer les adipocytes comme jamais, <strong>soulever les fesses<\/strong> et raffermir la peau comme par magie. Oui, magique ! Parce que vos clients se demanderont comment vous obtenez ces r\u00e9sultats. \ud83e\ude84\u2728<\/p>\n<p><strong>Fa\u00e7onnez le contour de votre corps sans effort, en appr\u00e9ciant la gratitude sur les visages de vos clients.<\/strong> \u00bfCar qui n\u2019aime pas voir des changements \u00e0 moyen et long terme qui se ressentent et se voient r\u00e9ellement? Et tout cela, en profitant d\u2019une exp\u00e9rience indolore gr\u00e2ce \u00e0 son <strong>effet anti-inflammatoire.<\/strong><\/p>\n<p>Alors \u00bfqu&rsquo;est-ce que tu attends? \u00a1Il est temps de faire de la place dans votre kit pour la <strong>planche dent\u00e9e de mise en forme de m\u00e9talth\u00e9rapie<\/strong> et de devenir le h\u00e9ros de vos clients! \ud83e\uddb8\u200d\u2640\ufe0f\ud83c\udf08<\/p>\n","protected":false},"excerpt":{"rendered":"<p>\u00bfVous n&rsquo;avez pas la planche <strong>mouleur<\/strong> dent\u00e9e dans votre kit de <strong>m\u00e9talth\u00e9rapie<\/strong>? regarder..<\/p>\n<p><strong>La planche de modelage dent\u00e9e Metalterapia<\/strong> est tr\u00e8s efficace pour drainer les adipocytes vers les ganglions lymphatiques, lifter les fesses naturellement, raffermir et tonifier la peau. Un outil unique que, gr\u00e2ce \u00e0 sa forme, vous pouvez utiliser sur toutes les parties du corps&#8230;<\/p>\n<p>De plus, il fa\u00e7onne le contour du corps de mani\u00e8re naturelle et indolore gr\u00e2ce \u00e0 son effet anti-<strong>inflammatoire naturel.<\/strong><\/p>\n<p>Vos clients seront ravis et verront des r\u00e9sultats non seulement \u00e0 court terme, mais \u00e0 moyen long terme&#8230;<\/p>\n<p>&nbsp;<\/p>\n","protected":false},"featured_media":41920,"comment_status":"closed","ping_status":"closed","template":"","meta":{"content-type":""},"product_brand":[],"product_cat":[384],"product_tag":[],"class_list":{"0":"post-42546","1":"product","2":"type-product","3":"status-publish","4":"has-post-thumbnail","6":"product_cat-metatherapie","8":"first","9":"instock","10":"sale","11":"taxable","12":"shipping-taxable","13":"purchasable","14":"product-type-simple"},"yoast_head":"<!-- This site is optimized with the Yoast SEO plugin v27.4 - https:\/\/yoast.com\/product\/yoast-seo-wordpress\/ -->\n<title>Table dent\u00e9e mouleur m\u00e9talth\u00e9rapie - Maderoterapia Online<\/title>\n<meta name=\"description\" content=\"D\u00e9couvrez la planche de mise en forme dent\u00e9e r\u00e9volutionnaire Metaltherapy, votre nouvel alli\u00e9 pour drainer les adipocytes, lifter les fesses et galber le contour du corps. \u00a1Des r\u00e9sultats \u00e9tonnants \u00e0 moyen et long terme garantis!\" \/>\n<meta name=\"robots\" content=\"index, follow, max-snippet:-1, max-image-preview:large, max-video-preview:-1\" \/>\n<link rel=\"canonical\" href=\"https:\/\/maderoterapiaonline.org\/fr\/producto\/table-dentee-mouleur-metaltherapie\/\" \/>\n<meta property=\"og:locale\" content=\"fr_FR\" \/>\n<meta property=\"og:type\" content=\"article\" \/>\n<meta property=\"og:title\" content=\"Table dent\u00e9e mouleur m\u00e9talth\u00e9rapie - Maderoterapia Online\" \/>\n<meta property=\"og:description\" content=\"D\u00e9couvrez la planche de mise en forme dent\u00e9e r\u00e9volutionnaire Metaltherapy, votre nouvel alli\u00e9 pour drainer les adipocytes, lifter les fesses et galber le contour du corps. \u00a1Des r\u00e9sultats \u00e9tonnants \u00e0 moyen et long terme garantis!\" \/>\n<meta property=\"og:url\" content=\"https:\/\/maderoterapiaonline.org\/fr\/producto\/table-dentee-mouleur-metaltherapie\/\" \/>\n<meta property=\"og:site_name\" content=\"Maderoterapia Online\" \/>\n<meta property=\"article:modified_time\" content=\"2025-06-12T11:58:38+00:00\" \/>\n<meta property=\"og:image\" content=\"https:\/\/maderoterapiaonline.org\/wp-content\/uploads\/2023\/05\/1-45.jpg\" \/>\n\t<meta property=\"og:image:width\" content=\"1080\" \/>\n\t<meta property=\"og:image:height\" content=\"1080\" \/>\n\t<meta property=\"og:image:type\" content=\"image\/jpeg\" \/>\n<meta name=\"twitter:card\" content=\"summary_large_image\" \/>\n<meta name=\"twitter:label1\" content=\"Dur\u00e9e de lecture estim\u00e9e\" \/>\n\t<meta name=\"twitter:data1\" content=\"1 minute\" \/>\n<script type=\"application\/ld+json\" class=\"yoast-schema-graph\">{\"@context\":\"https:\\\/\\\/schema.org\",\"@graph\":[{\"@type\":\"WebPage\",\"@id\":\"https:\\\/\\\/maderoterapiaonline.org\\\/fr\\\/producto\\\/table-dentee-mouleur-metaltherapie\\\/\",\"url\":\"https:\\\/\\\/maderoterapiaonline.org\\\/fr\\\/producto\\\/table-dentee-mouleur-metaltherapie\\\/\",\"name\":\"Table dent\u00e9e mouleur m\u00e9talth\u00e9rapie - Maderoterapia Online\",\"isPartOf\":{\"@id\":\"https:\\\/\\\/maderoterapiaonline.org\\\/fr\\\/#website\"},\"primaryImageOfPage\":{\"@id\":\"https:\\\/\\\/maderoterapiaonline.org\\\/fr\\\/producto\\\/table-dentee-mouleur-metaltherapie\\\/#primaryimage\"},\"image\":{\"@id\":\"https:\\\/\\\/maderoterapiaonline.org\\\/fr\\\/producto\\\/table-dentee-mouleur-metaltherapie\\\/#primaryimage\"},\"thumbnailUrl\":\"https:\\\/\\\/maderoterapiaonline.org\\\/wp-content\\\/uploads\\\/2023\\\/05\\\/1-45.jpg\",\"datePublished\":\"2023-06-19T03:08:56+00:00\",\"dateModified\":\"2025-06-12T11:58:38+00:00\",\"description\":\"D\u00e9couvrez la planche de mise en forme dent\u00e9e r\u00e9volutionnaire Metaltherapy, votre nouvel alli\u00e9 pour drainer les adipocytes, lifter les fesses et galber le contour du corps. \u00a1Des r\u00e9sultats \u00e9tonnants \u00e0 moyen et long terme garantis!\",\"breadcrumb\":{\"@id\":\"https:\\\/\\\/maderoterapiaonline.org\\\/fr\\\/producto\\\/table-dentee-mouleur-metaltherapie\\\/#breadcrumb\"},\"inLanguage\":\"fr-FR\",\"potentialAction\":[{\"@type\":\"ReadAction\",\"target\":[\"https:\\\/\\\/maderoterapiaonline.org\\\/fr\\\/producto\\\/table-dentee-mouleur-metaltherapie\\\/\"]}]},{\"@type\":\"ImageObject\",\"inLanguage\":\"fr-FR\",\"@id\":\"https:\\\/\\\/maderoterapiaonline.org\\\/fr\\\/producto\\\/table-dentee-mouleur-metaltherapie\\\/#primaryimage\",\"url\":\"https:\\\/\\\/maderoterapiaonline.org\\\/wp-content\\\/uploads\\\/2023\\\/05\\\/1-45.jpg\",\"contentUrl\":\"https:\\\/\\\/maderoterapiaonline.org\\\/wp-content\\\/uploads\\\/2023\\\/05\\\/1-45.jpg\",\"width\":1080,\"height\":1080,\"caption\":\"Tabla dentada moldeadora Metalterapia\"},{\"@type\":\"BreadcrumbList\",\"@id\":\"https:\\\/\\\/maderoterapiaonline.org\\\/fr\\\/producto\\\/table-dentee-mouleur-metaltherapie\\\/#breadcrumb\",\"itemListElement\":[{\"@type\":\"ListItem\",\"position\":1,\"name\":\"Portada\",\"item\":\"https:\\\/\\\/maderoterapiaonline.org\\\/fr\\\/\"},{\"@type\":\"ListItem\",\"position\":2,\"name\":\"Boutique\",\"item\":\"https:\\\/\\\/maderoterapiaonline.org\\\/kits-maderas\\\/\"},{\"@type\":\"ListItem\",\"position\":3,\"name\":\"Table dent\u00e9e mouleur m\u00e9talth\u00e9rapie\"}]},{\"@type\":\"WebSite\",\"@id\":\"https:\\\/\\\/maderoterapiaonline.org\\\/fr\\\/#website\",\"url\":\"https:\\\/\\\/maderoterapiaonline.org\\\/fr\\\/\",\"name\":\"Maderoterapia Online\",\"description\":\"Compra tu kit de Maderoterapia Profesional. Env\u00edos 24\\\/48h. Atenci\u00f3n al cliente por profesionales Maderoterapeutas\",\"publisher\":{\"@id\":\"https:\\\/\\\/maderoterapiaonline.org\\\/fr\\\/#organization\"},\"alternateName\":\"Maderoterapiaonline.org\",\"potentialAction\":[{\"@type\":\"SearchAction\",\"target\":{\"@type\":\"EntryPoint\",\"urlTemplate\":\"https:\\\/\\\/maderoterapiaonline.org\\\/fr\\\/?s={search_term_string}\"},\"query-input\":{\"@type\":\"PropertyValueSpecification\",\"valueRequired\":true,\"valueName\":\"search_term_string\"}}],\"inLanguage\":\"fr-FR\"},{\"@type\":\"Organization\",\"@id\":\"https:\\\/\\\/maderoterapiaonline.org\\\/fr\\\/#organization\",\"name\":\"Maderoterapia Est\u00e9tica Espa\u00f1a \u2013 Dori L\u00f3pez\u00ae y Escuela Profesional Maderoterapia Online\u00ae.\",\"url\":\"https:\\\/\\\/maderoterapiaonline.org\\\/fr\\\/\",\"logo\":{\"@type\":\"ImageObject\",\"inLanguage\":\"fr-FR\",\"@id\":\"https:\\\/\\\/maderoterapiaonline.org\\\/fr\\\/#\\\/schema\\\/logo\\\/image\\\/\",\"url\":\"https:\\\/\\\/maderoterapiaonline.org\\\/wp-content\\\/uploads\\\/2025\\\/03\\\/Logo-M-1.png\",\"contentUrl\":\"https:\\\/\\\/maderoterapiaonline.org\\\/wp-content\\\/uploads\\\/2025\\\/03\\\/Logo-M-1.png\",\"width\":1464,\"height\":1051,\"caption\":\"Maderoterapia Est\u00e9tica Espa\u00f1a \u2013 Dori L\u00f3pez\u00ae y Escuela Profesional Maderoterapia Online\u00ae.\"},\"image\":{\"@id\":\"https:\\\/\\\/maderoterapiaonline.org\\\/fr\\\/#\\\/schema\\\/logo\\\/image\\\/\"}}]}<\/script>\n<!-- \/ Yoast SEO plugin. -->","yoast_head_json":{"title":"Table dent\u00e9e mouleur m\u00e9talth\u00e9rapie - Maderoterapia Online","description":"D\u00e9couvrez la planche de mise en forme dent\u00e9e r\u00e9volutionnaire Metaltherapy, votre nouvel alli\u00e9 pour drainer les adipocytes, lifter les fesses et galber le contour du corps. \u00a1Des r\u00e9sultats \u00e9tonnants \u00e0 moyen et long terme garantis!","robots":{"index":"index","follow":"follow","max-snippet":"max-snippet:-1","max-image-preview":"max-image-preview:large","max-video-preview":"max-video-preview:-1"},"canonical":"https:\/\/maderoterapiaonline.org\/fr\/producto\/table-dentee-mouleur-metaltherapie\/","og_locale":"fr_FR","og_type":"article","og_title":"Table dent\u00e9e mouleur m\u00e9talth\u00e9rapie - Maderoterapia Online","og_description":"D\u00e9couvrez la planche de mise en forme dent\u00e9e r\u00e9volutionnaire Metaltherapy, votre nouvel alli\u00e9 pour drainer les adipocytes, lifter les fesses et galber le contour du corps. \u00a1Des r\u00e9sultats \u00e9tonnants \u00e0 moyen et long terme garantis!","og_url":"https:\/\/maderoterapiaonline.org\/fr\/producto\/table-dentee-mouleur-metaltherapie\/","og_site_name":"Maderoterapia Online","article_modified_time":"2025-06-12T11:58:38+00:00","og_image":[{"width":1080,"height":1080,"url":"https:\/\/maderoterapiaonline.org\/wp-content\/uploads\/2023\/05\/1-45.jpg","type":"image\/jpeg"}],"twitter_card":"summary_large_image","twitter_misc":{"Dur\u00e9e de lecture estim\u00e9e":"1 minute"},"schema":{"@context":"https:\/\/schema.org","@graph":[{"@type":"WebPage","@id":"https:\/\/maderoterapiaonline.org\/fr\/producto\/table-dentee-mouleur-metaltherapie\/","url":"https:\/\/maderoterapiaonline.org\/fr\/producto\/table-dentee-mouleur-metaltherapie\/","name":"Table dent\u00e9e mouleur m\u00e9talth\u00e9rapie - Maderoterapia Online","isPartOf":{"@id":"https:\/\/maderoterapiaonline.org\/fr\/#website"},"primaryImageOfPage":{"@id":"https:\/\/maderoterapiaonline.org\/fr\/producto\/table-dentee-mouleur-metaltherapie\/#primaryimage"},"image":{"@id":"https:\/\/maderoterapiaonline.org\/fr\/producto\/table-dentee-mouleur-metaltherapie\/#primaryimage"},"thumbnailUrl":"https:\/\/maderoterapiaonline.org\/wp-content\/uploads\/2023\/05\/1-45.jpg","datePublished":"2023-06-19T03:08:56+00:00","dateModified":"2025-06-12T11:58:38+00:00","description":"D\u00e9couvrez la planche de mise en forme dent\u00e9e r\u00e9volutionnaire Metaltherapy, votre nouvel alli\u00e9 pour drainer les adipocytes, lifter les fesses et galber le contour du corps. \u00a1Des r\u00e9sultats \u00e9tonnants \u00e0 moyen et long terme garantis!","breadcrumb":{"@id":"https:\/\/maderoterapiaonline.org\/fr\/producto\/table-dentee-mouleur-metaltherapie\/#breadcrumb"},"inLanguage":"fr-FR","potentialAction":[{"@type":"ReadAction","target":["https:\/\/maderoterapiaonline.org\/fr\/producto\/table-dentee-mouleur-metaltherapie\/"]}]},{"@type":"ImageObject","inLanguage":"fr-FR","@id":"https:\/\/maderoterapiaonline.org\/fr\/producto\/table-dentee-mouleur-metaltherapie\/#primaryimage","url":"https:\/\/maderoterapiaonline.org\/wp-content\/uploads\/2023\/05\/1-45.jpg","contentUrl":"https:\/\/maderoterapiaonline.org\/wp-content\/uploads\/2023\/05\/1-45.jpg","width":1080,"height":1080,"caption":"Tabla dentada moldeadora Metalterapia"},{"@type":"BreadcrumbList","@id":"https:\/\/maderoterapiaonline.org\/fr\/producto\/table-dentee-mouleur-metaltherapie\/#breadcrumb","itemListElement":[{"@type":"ListItem","position":1,"name":"Portada","item":"https:\/\/maderoterapiaonline.org\/fr\/"},{"@type":"ListItem","position":2,"name":"Boutique","item":"https:\/\/maderoterapiaonline.org\/kits-maderas\/"},{"@type":"ListItem","position":3,"name":"Table dent\u00e9e mouleur m\u00e9talth\u00e9rapie"}]},{"@type":"WebSite","@id":"https:\/\/maderoterapiaonline.org\/fr\/#website","url":"https:\/\/maderoterapiaonline.org\/fr\/","name":"Maderoterapia Online","description":"Compra tu kit de Maderoterapia Profesional. Env\u00edos 24\/48h. Atenci\u00f3n al cliente por profesionales Maderoterapeutas","publisher":{"@id":"https:\/\/maderoterapiaonline.org\/fr\/#organization"},"alternateName":"Maderoterapiaonline.org","potentialAction":[{"@type":"SearchAction","target":{"@type":"EntryPoint","urlTemplate":"https:\/\/maderoterapiaonline.org\/fr\/?s={search_term_string}"},"query-input":{"@type":"PropertyValueSpecification","valueRequired":true,"valueName":"search_term_string"}}],"inLanguage":"fr-FR"},{"@type":"Organization","@id":"https:\/\/maderoterapiaonline.org\/fr\/#organization","name":"Maderoterapia Est\u00e9tica Espa\u00f1a \u2013 Dori L\u00f3pez\u00ae y Escuela Profesional Maderoterapia Online\u00ae.","url":"https:\/\/maderoterapiaonline.org\/fr\/","logo":{"@type":"ImageObject","inLanguage":"fr-FR","@id":"https:\/\/maderoterapiaonline.org\/fr\/#\/schema\/logo\/image\/","url":"https:\/\/maderoterapiaonline.org\/wp-content\/uploads\/2025\/03\/Logo-M-1.png","contentUrl":"https:\/\/maderoterapiaonline.org\/wp-content\/uploads\/2025\/03\/Logo-M-1.png","width":1464,"height":1051,"caption":"Maderoterapia Est\u00e9tica Espa\u00f1a \u2013 Dori L\u00f3pez\u00ae y Escuela Profesional Maderoterapia Online\u00ae."},"image":{"@id":"https:\/\/maderoterapiaonline.org\/fr\/#\/schema\/logo\/image\/"}}]}},"_links":{"self":[{"href":"https:\/\/maderoterapiaonline.org\/fr\/wp-json\/wp\/v2\/product\/42546","targetHints":{"allow":["GET"]}}],"collection":[{"href":"https:\/\/maderoterapiaonline.org\/fr\/wp-json\/wp\/v2\/product"}],"about":[{"href":"https:\/\/maderoterapiaonline.org\/fr\/wp-json\/wp\/v2\/types\/product"}],"replies":[{"embeddable":true,"href":"https:\/\/maderoterapiaonline.org\/fr\/wp-json\/wp\/v2\/comments?post=42546"}],"wp:featuredmedia":[{"embeddable":true,"href":"https:\/\/maderoterapiaonline.org\/fr\/wp-json\/wp\/v2\/media\/41920"}],"wp:attachment":[{"href":"https:\/\/maderoterapiaonline.org\/fr\/wp-json\/wp\/v2\/media?parent=42546"}],"wp:term":[{"taxonomy":"product_brand","embeddable":true,"href":"https:\/\/maderoterapiaonline.org\/fr\/wp-json\/wp\/v2\/product_brand?post=42546"},{"taxonomy":"product_cat","embeddable":true,"href":"https:\/\/maderoterapiaonline.org\/fr\/wp-json\/wp\/v2\/product_cat?post=42546"},{"taxonomy":"product_tag","embeddable":true,"href":"https:\/\/maderoterapiaonline.org\/fr\/wp-json\/wp\/v2\/product_tag?post=42546"}],"curies":[{"name":"wp","href":"https:\/\/api.w.org\/{rel}","templated":true}]}}