{"id":42541,"date":"2025-04-11T05:08:44","date_gmt":"2025-04-11T03:08:44","guid":{"rendered":"https:\/\/maderoterapiaonline.org\/producto\/rouleau-strie-maderotherapie\/"},"modified":"2025-06-25T09:25:52","modified_gmt":"2025-06-25T07:25:52","slug":"le-rouleau-strie-maderoterapia","status":"publish","type":"product","link":"https:\/\/maderoterapiaonline.org\/fr\/producto\/le-rouleau-strie-maderoterapia\/","title":{"rendered":"Rouleau Stri\u00e9 Maderoth\u00e9rapie"},"content":{"rendered":"<p><iframe loading=\"lazy\" src=\"https:\/\/www.youtube.com\/embed\/tE-EvIEip2c\" width=\"560\" height=\"315\" frameborder=\"0\" allowfullscreen=\"allowfullscreen\"><\/iframe> <iframe loading=\"lazy\" title=\"Vid\u00e9o YouTube\" src=\"https:\/\/www.youtube.com\/embed\/GrJhNmnYZyc?si=dE_NVsk9AU6O0TBc\" width=\"560\" height=\"315\" frameborder=\"0\" allowfullscreen=\"allowfullscreen\"><\/iframe><\/p>\n<hr>\n<p><strong>Le rouleau stri\u00e9 Maderoterapia<\/strong> type \u00e9pi est l&rsquo;un des \u00e9l\u00e9ments les plus utilis\u00e9s dans les traitements de Maderoterapia corporelle esth\u00e9tique.<\/p>\n<p>Le rouleau stri\u00e9 est fabriqu\u00e9 en bois de pin et de lotus, con\u00e7u par Maderoterapia Est\u00e9tica Espa\u00f1a\u00ae<\/p>\n<p>Avec le rouleau stri\u00e9, nous massons en effectuant des mouvements droits, lat\u00e9raux et circulaires en douceur pour commencer \u00e0 d\u00e9coller la graisse et d\u00e9placer les liquides vers les ganglions, pr\u00e9parant ainsi \u00e0 sculpter.<\/p>\n<p><strong>Rouleau Stri\u00e9 Maderoth\u00e9rapie<\/strong><\/p>\n<ul>\n<li>Longueur : 41 cm<\/li>\n<li>Largeur: 17,5 diam\u00e8tre<\/li>\n<li>Poids: 390 gr<\/li>\n<\/ul>\n<p>&nbsp;<\/p>\n","protected":false},"excerpt":{"rendered":"<p><strong>Le rouleau cannel\u00e9 en \u00e9pi<\/strong> est l\u2019un des \u00e9l\u00e9ments les plus utilis\u00e9s dans les traitements de th\u00e9rapie corporelle esth\u00e9tique Madero.<\/p>\n<p>Le rouleau cannel\u00e9 est en bois de pin et de lotus, con\u00e7u par Maderoterapia Est\u00e9tica Espa\u00f1a\u00ae<\/p>\n<p>Avec le rouleau cannel\u00e9, nous allons masser avec des mouvements droits, lat\u00e9raux et circulaires de mani\u00e8re douce pour commencer \u00e0 d\u00e9tacher la graisse et d\u00e9placer les liquides vers les ganglions, nous nous pr\u00e9parons \u00e0 mouler.<\/p>\n<p>&nbsp;<\/p>\n","protected":false},"featured_media":41571,"comment_status":"closed","ping_status":"closed","template":"","meta":{"content-type":""},"product_brand":[],"product_cat":[387,388],"product_tag":[398],"class_list":{"0":"post-42541","1":"product","2":"type-product","3":"status-publish","4":"has-post-thumbnail","6":"product_cat-elements-en-bois","7":"product_cat-therapie-du-bois","8":"product_tag-elements-en-bois","10":"first","11":"instock","12":"taxable","13":"shipping-taxable","14":"purchasable","15":"product-type-simple"},"yoast_head":"<!-- This site is optimized with the Yoast SEO plugin v27.4 - https:\/\/yoast.com\/product\/yoast-seo-wordpress\/ -->\n<title>Rouleau Stri\u00e9 Maderoth\u00e9rapie - Maderoterapia Online<\/title>\n<meta name=\"robots\" content=\"index, follow, max-snippet:-1, max-image-preview:large, max-video-preview:-1\" \/>\n<link rel=\"canonical\" href=\"https:\/\/maderoterapiaonline.org\/fr\/producto\/le-rouleau-strie-maderoterapia\/\" \/>\n<meta property=\"og:locale\" content=\"fr_FR\" \/>\n<meta property=\"og:type\" content=\"article\" \/>\n<meta property=\"og:title\" content=\"Rouleau Stri\u00e9 Maderoth\u00e9rapie - Maderoterapia Online\" \/>\n<meta property=\"og:description\" content=\"Le rouleau cannel\u00e9 en \u00e9pi est l\u2019un des \u00e9l\u00e9ments les plus utilis\u00e9s dans les traitements de th\u00e9rapie corporelle esth\u00e9tique Madero. Le rouleau cannel\u00e9 est en bois de pin et de lotus, con\u00e7u par Maderoterapia Est\u00e9tica Espa\u00f1a\u00ae Avec le rouleau cannel\u00e9, nous allons masser avec des mouvements droits, lat\u00e9raux et circulaires de mani\u00e8re douce pour commencer \u00e0 d\u00e9tacher la graisse et d\u00e9placer les liquides vers les ganglions, nous nous pr\u00e9parons \u00e0 mouler. &nbsp;\" \/>\n<meta property=\"og:url\" content=\"https:\/\/maderoterapiaonline.org\/fr\/producto\/le-rouleau-strie-maderoterapia\/\" \/>\n<meta property=\"og:site_name\" content=\"Maderoterapia Online\" \/>\n<meta property=\"article:modified_time\" content=\"2025-06-25T07:25:52+00:00\" \/>\n<meta property=\"og:image\" content=\"https:\/\/maderoterapiaonline.org\/wp-content\/uploads\/2023\/05\/1-26.jpg\" \/>\n\t<meta property=\"og:image:width\" content=\"1080\" \/>\n\t<meta property=\"og:image:height\" content=\"1080\" \/>\n\t<meta property=\"og:image:type\" content=\"image\/jpeg\" \/>\n<meta name=\"twitter:card\" content=\"summary_large_image\" \/>\n<script type=\"application\/ld+json\" class=\"yoast-schema-graph\">{\"@context\":\"https:\\\/\\\/schema.org\",\"@graph\":[{\"@type\":\"WebPage\",\"@id\":\"https:\\\/\\\/maderoterapiaonline.org\\\/fr\\\/producto\\\/le-rouleau-strie-maderoterapia\\\/\",\"url\":\"https:\\\/\\\/maderoterapiaonline.org\\\/fr\\\/producto\\\/le-rouleau-strie-maderoterapia\\\/\",\"name\":\"Rouleau Stri\u00e9 Maderoth\u00e9rapie - Maderoterapia Online\",\"isPartOf\":{\"@id\":\"https:\\\/\\\/maderoterapiaonline.org\\\/fr\\\/#website\"},\"primaryImageOfPage\":{\"@id\":\"https:\\\/\\\/maderoterapiaonline.org\\\/fr\\\/producto\\\/le-rouleau-strie-maderoterapia\\\/#primaryimage\"},\"image\":{\"@id\":\"https:\\\/\\\/maderoterapiaonline.org\\\/fr\\\/producto\\\/le-rouleau-strie-maderoterapia\\\/#primaryimage\"},\"thumbnailUrl\":\"https:\\\/\\\/maderoterapiaonline.org\\\/wp-content\\\/uploads\\\/2023\\\/05\\\/1-26.jpg\",\"datePublished\":\"2025-04-11T03:08:44+00:00\",\"dateModified\":\"2025-06-25T07:25:52+00:00\",\"breadcrumb\":{\"@id\":\"https:\\\/\\\/maderoterapiaonline.org\\\/fr\\\/producto\\\/le-rouleau-strie-maderoterapia\\\/#breadcrumb\"},\"inLanguage\":\"fr-FR\",\"potentialAction\":[{\"@type\":\"ReadAction\",\"target\":[\"https:\\\/\\\/maderoterapiaonline.org\\\/fr\\\/producto\\\/le-rouleau-strie-maderoterapia\\\/\"]}]},{\"@type\":\"ImageObject\",\"inLanguage\":\"fr-FR\",\"@id\":\"https:\\\/\\\/maderoterapiaonline.org\\\/fr\\\/producto\\\/le-rouleau-strie-maderoterapia\\\/#primaryimage\",\"url\":\"https:\\\/\\\/maderoterapiaonline.org\\\/wp-content\\\/uploads\\\/2023\\\/05\\\/1-26.jpg\",\"contentUrl\":\"https:\\\/\\\/maderoterapiaonline.org\\\/wp-content\\\/uploads\\\/2023\\\/05\\\/1-26.jpg\",\"width\":1080,\"height\":1080,\"caption\":\"Rodillo estriado Maderoterapia\"},{\"@type\":\"BreadcrumbList\",\"@id\":\"https:\\\/\\\/maderoterapiaonline.org\\\/fr\\\/producto\\\/le-rouleau-strie-maderoterapia\\\/#breadcrumb\",\"itemListElement\":[{\"@type\":\"ListItem\",\"position\":1,\"name\":\"Portada\",\"item\":\"https:\\\/\\\/maderoterapiaonline.org\\\/fr\\\/\"},{\"@type\":\"ListItem\",\"position\":2,\"name\":\"Boutique\",\"item\":\"https:\\\/\\\/maderoterapiaonline.org\\\/kits-maderas\\\/\"},{\"@type\":\"ListItem\",\"position\":3,\"name\":\"Rouleau Stri\u00e9 Maderoth\u00e9rapie\"}]},{\"@type\":\"WebSite\",\"@id\":\"https:\\\/\\\/maderoterapiaonline.org\\\/fr\\\/#website\",\"url\":\"https:\\\/\\\/maderoterapiaonline.org\\\/fr\\\/\",\"name\":\"Maderoterapia Online\",\"description\":\"Compra tu kit de Maderoterapia Profesional. Env\u00edos 24\\\/48h. Atenci\u00f3n al cliente por profesionales Maderoterapeutas\",\"publisher\":{\"@id\":\"https:\\\/\\\/maderoterapiaonline.org\\\/fr\\\/#organization\"},\"alternateName\":\"Maderoterapiaonline.org\",\"potentialAction\":[{\"@type\":\"SearchAction\",\"target\":{\"@type\":\"EntryPoint\",\"urlTemplate\":\"https:\\\/\\\/maderoterapiaonline.org\\\/fr\\\/?s={search_term_string}\"},\"query-input\":{\"@type\":\"PropertyValueSpecification\",\"valueRequired\":true,\"valueName\":\"search_term_string\"}}],\"inLanguage\":\"fr-FR\"},{\"@type\":\"Organization\",\"@id\":\"https:\\\/\\\/maderoterapiaonline.org\\\/fr\\\/#organization\",\"name\":\"Maderoterapia Est\u00e9tica Espa\u00f1a \u2013 Dori L\u00f3pez\u00ae y Escuela Profesional Maderoterapia Online\u00ae.\",\"url\":\"https:\\\/\\\/maderoterapiaonline.org\\\/fr\\\/\",\"logo\":{\"@type\":\"ImageObject\",\"inLanguage\":\"fr-FR\",\"@id\":\"https:\\\/\\\/maderoterapiaonline.org\\\/fr\\\/#\\\/schema\\\/logo\\\/image\\\/\",\"url\":\"https:\\\/\\\/maderoterapiaonline.org\\\/wp-content\\\/uploads\\\/2025\\\/03\\\/Logo-M-1.png\",\"contentUrl\":\"https:\\\/\\\/maderoterapiaonline.org\\\/wp-content\\\/uploads\\\/2025\\\/03\\\/Logo-M-1.png\",\"width\":1464,\"height\":1051,\"caption\":\"Maderoterapia Est\u00e9tica Espa\u00f1a \u2013 Dori L\u00f3pez\u00ae y Escuela Profesional Maderoterapia Online\u00ae.\"},\"image\":{\"@id\":\"https:\\\/\\\/maderoterapiaonline.org\\\/fr\\\/#\\\/schema\\\/logo\\\/image\\\/\"}}]}<\/script>\n<!-- \/ Yoast SEO plugin. -->","yoast_head_json":{"title":"Rouleau Stri\u00e9 Maderoth\u00e9rapie - Maderoterapia Online","robots":{"index":"index","follow":"follow","max-snippet":"max-snippet:-1","max-image-preview":"max-image-preview:large","max-video-preview":"max-video-preview:-1"},"canonical":"https:\/\/maderoterapiaonline.org\/fr\/producto\/le-rouleau-strie-maderoterapia\/","og_locale":"fr_FR","og_type":"article","og_title":"Rouleau Stri\u00e9 Maderoth\u00e9rapie - Maderoterapia Online","og_description":"Le rouleau cannel\u00e9 en \u00e9pi est l\u2019un des \u00e9l\u00e9ments les plus utilis\u00e9s dans les traitements de th\u00e9rapie corporelle esth\u00e9tique Madero. Le rouleau cannel\u00e9 est en bois de pin et de lotus, con\u00e7u par Maderoterapia Est\u00e9tica Espa\u00f1a\u00ae Avec le rouleau cannel\u00e9, nous allons masser avec des mouvements droits, lat\u00e9raux et circulaires de mani\u00e8re douce pour commencer \u00e0 d\u00e9tacher la graisse et d\u00e9placer les liquides vers les ganglions, nous nous pr\u00e9parons \u00e0 mouler. &nbsp;","og_url":"https:\/\/maderoterapiaonline.org\/fr\/producto\/le-rouleau-strie-maderoterapia\/","og_site_name":"Maderoterapia Online","article_modified_time":"2025-06-25T07:25:52+00:00","og_image":[{"width":1080,"height":1080,"url":"https:\/\/maderoterapiaonline.org\/wp-content\/uploads\/2023\/05\/1-26.jpg","type":"image\/jpeg"}],"twitter_card":"summary_large_image","schema":{"@context":"https:\/\/schema.org","@graph":[{"@type":"WebPage","@id":"https:\/\/maderoterapiaonline.org\/fr\/producto\/le-rouleau-strie-maderoterapia\/","url":"https:\/\/maderoterapiaonline.org\/fr\/producto\/le-rouleau-strie-maderoterapia\/","name":"Rouleau Stri\u00e9 Maderoth\u00e9rapie - Maderoterapia Online","isPartOf":{"@id":"https:\/\/maderoterapiaonline.org\/fr\/#website"},"primaryImageOfPage":{"@id":"https:\/\/maderoterapiaonline.org\/fr\/producto\/le-rouleau-strie-maderoterapia\/#primaryimage"},"image":{"@id":"https:\/\/maderoterapiaonline.org\/fr\/producto\/le-rouleau-strie-maderoterapia\/#primaryimage"},"thumbnailUrl":"https:\/\/maderoterapiaonline.org\/wp-content\/uploads\/2023\/05\/1-26.jpg","datePublished":"2025-04-11T03:08:44+00:00","dateModified":"2025-06-25T07:25:52+00:00","breadcrumb":{"@id":"https:\/\/maderoterapiaonline.org\/fr\/producto\/le-rouleau-strie-maderoterapia\/#breadcrumb"},"inLanguage":"fr-FR","potentialAction":[{"@type":"ReadAction","target":["https:\/\/maderoterapiaonline.org\/fr\/producto\/le-rouleau-strie-maderoterapia\/"]}]},{"@type":"ImageObject","inLanguage":"fr-FR","@id":"https:\/\/maderoterapiaonline.org\/fr\/producto\/le-rouleau-strie-maderoterapia\/#primaryimage","url":"https:\/\/maderoterapiaonline.org\/wp-content\/uploads\/2023\/05\/1-26.jpg","contentUrl":"https:\/\/maderoterapiaonline.org\/wp-content\/uploads\/2023\/05\/1-26.jpg","width":1080,"height":1080,"caption":"Rodillo estriado Maderoterapia"},{"@type":"BreadcrumbList","@id":"https:\/\/maderoterapiaonline.org\/fr\/producto\/le-rouleau-strie-maderoterapia\/#breadcrumb","itemListElement":[{"@type":"ListItem","position":1,"name":"Portada","item":"https:\/\/maderoterapiaonline.org\/fr\/"},{"@type":"ListItem","position":2,"name":"Boutique","item":"https:\/\/maderoterapiaonline.org\/kits-maderas\/"},{"@type":"ListItem","position":3,"name":"Rouleau Stri\u00e9 Maderoth\u00e9rapie"}]},{"@type":"WebSite","@id":"https:\/\/maderoterapiaonline.org\/fr\/#website","url":"https:\/\/maderoterapiaonline.org\/fr\/","name":"Maderoterapia Online","description":"Compra tu kit de Maderoterapia Profesional. Env\u00edos 24\/48h. Atenci\u00f3n al cliente por profesionales Maderoterapeutas","publisher":{"@id":"https:\/\/maderoterapiaonline.org\/fr\/#organization"},"alternateName":"Maderoterapiaonline.org","potentialAction":[{"@type":"SearchAction","target":{"@type":"EntryPoint","urlTemplate":"https:\/\/maderoterapiaonline.org\/fr\/?s={search_term_string}"},"query-input":{"@type":"PropertyValueSpecification","valueRequired":true,"valueName":"search_term_string"}}],"inLanguage":"fr-FR"},{"@type":"Organization","@id":"https:\/\/maderoterapiaonline.org\/fr\/#organization","name":"Maderoterapia Est\u00e9tica Espa\u00f1a \u2013 Dori L\u00f3pez\u00ae y Escuela Profesional Maderoterapia Online\u00ae.","url":"https:\/\/maderoterapiaonline.org\/fr\/","logo":{"@type":"ImageObject","inLanguage":"fr-FR","@id":"https:\/\/maderoterapiaonline.org\/fr\/#\/schema\/logo\/image\/","url":"https:\/\/maderoterapiaonline.org\/wp-content\/uploads\/2025\/03\/Logo-M-1.png","contentUrl":"https:\/\/maderoterapiaonline.org\/wp-content\/uploads\/2025\/03\/Logo-M-1.png","width":1464,"height":1051,"caption":"Maderoterapia Est\u00e9tica Espa\u00f1a \u2013 Dori L\u00f3pez\u00ae y Escuela Profesional Maderoterapia Online\u00ae."},"image":{"@id":"https:\/\/maderoterapiaonline.org\/fr\/#\/schema\/logo\/image\/"}}]}},"_links":{"self":[{"href":"https:\/\/maderoterapiaonline.org\/fr\/wp-json\/wp\/v2\/product\/42541","targetHints":{"allow":["GET"]}}],"collection":[{"href":"https:\/\/maderoterapiaonline.org\/fr\/wp-json\/wp\/v2\/product"}],"about":[{"href":"https:\/\/maderoterapiaonline.org\/fr\/wp-json\/wp\/v2\/types\/product"}],"replies":[{"embeddable":true,"href":"https:\/\/maderoterapiaonline.org\/fr\/wp-json\/wp\/v2\/comments?post=42541"}],"wp:featuredmedia":[{"embeddable":true,"href":"https:\/\/maderoterapiaonline.org\/fr\/wp-json\/wp\/v2\/media\/41571"}],"wp:attachment":[{"href":"https:\/\/maderoterapiaonline.org\/fr\/wp-json\/wp\/v2\/media?parent=42541"}],"wp:term":[{"taxonomy":"product_brand","embeddable":true,"href":"https:\/\/maderoterapiaonline.org\/fr\/wp-json\/wp\/v2\/product_brand?post=42541"},{"taxonomy":"product_cat","embeddable":true,"href":"https:\/\/maderoterapiaonline.org\/fr\/wp-json\/wp\/v2\/product_cat?post=42541"},{"taxonomy":"product_tag","embeddable":true,"href":"https:\/\/maderoterapiaonline.org\/fr\/wp-json\/wp\/v2\/product_tag?post=42541"}],"curies":[{"name":"wp","href":"https:\/\/api.w.org\/{rel}","templated":true}]}}