{"id":42539,"date":"2025-04-10T05:08:54","date_gmt":"2025-04-10T03:08:54","guid":{"rendered":"https:\/\/maderoterapiaonline.org\/producto\/rouleau-masseur-anticellulite\/"},"modified":"2025-10-08T09:56:08","modified_gmt":"2025-10-08T07:56:08","slug":"rouleau-masseur-anticellulite","status":"publish","type":"product","link":"https:\/\/maderoterapiaonline.org\/fr\/producto\/rouleau-masseur-anticellulite\/","title":{"rendered":"Madero Roller Masseur anti-cellulite"},"content":{"rendered":"<p><span class=\"a-list-item\">Le rouleau de massage anti-cellulite de Maderoterapia, vous aide \u00e0 combattre les adiposit\u00e9s d\u00e9sagr\u00e9ables et \u00e9limine l\u2019aspect peu attrayant de la peau d\u2019orange. Aide \u00e0 am\u00e9liorer la circulation sanguine, tonifie les muscles et lisse la peau.  <\/span><\/p>\n<p><span class=\"a-list-item\">Le dispositif de massage est utilis\u00e9 dans la Maderoth\u00e9rapie, une technique enti\u00e8rement naturelle et sp\u00e9ciale qui stimule le drainage lymphatique, garantissant ainsi une meilleure \u00e9limination de la cellulite, tout en d\u00e9composant les cellules graisseuses et en am\u00e9liorant ainsi la circulation sanguine et le drainage lymphatique dans tout le corps. En cons\u00e9quence, le corps re\u00e7oit plus d&rsquo;oxyg\u00e8ne et d&rsquo;autres nutriments dont la peau a besoin pour rester ferme et lisse.<\/span><\/p>\n<p><span class=\"a-list-item\">Fabriqu\u00e9 en bois 100% naturel. La qualit\u00e9 extr\u00eamement \u00e9lev\u00e9e et la solidit\u00e9 du bois offrent une dur\u00e9e de vie longue<\/span><\/p>\n<ul class=\"a-unordered-list a-vertical a-spacing-mini\">\n<li>Mesure 38 cm<\/li>\n<\/ul>\n<p>&nbsp;<\/p>\n","protected":false},"excerpt":{"rendered":"<p><span class=\"a-list-item\">Le rouleau de massage anti-cellulite Maderotherapy vous aide \u00e0 lutter contre les adiposit\u00e9s d\u00e9sagr\u00e9ables et \u00e9limine l\u2019aspect inesth\u00e9tique de la peau d\u2019orange. <\/span><\/p>\n<p><span class=\"a-list-item\">Le rouleau de massage anti-cellulite Wood Therapy est l\u2019outil cl\u00e9 pour tous les traitements anti-cellulite Wood Therapy. Il parvient \u00e0 stimuler le syst\u00e8me lymphatique en aidant \u00e0 r\u00e9duire et \u00e0 \u00e9liminer la cellulite, tout en d\u00e9composant les adipocytes pour am\u00e9liorer la circulation sanguine. <\/span><\/p>\n<p>Achetez votre rouleau et commencez \u00e0 changer des vies lors de vos s\u00e9ances de th\u00e9rapie par le bois !<\/p>\n<ul class=\"a-unordered-list a-vertical a-spacing-mini\">\n<li>Mesure 38 cm<\/li>\n<\/ul>\n<p>&nbsp;<\/p>\n","protected":false},"featured_media":41812,"comment_status":"closed","ping_status":"closed","template":"","meta":{"content-type":""},"product_brand":[],"product_cat":[387,388],"product_tag":[392],"class_list":{"0":"post-42539","1":"product","2":"type-product","3":"status-publish","4":"has-post-thumbnail","6":"product_cat-elements-en-bois","7":"product_cat-therapie-du-bois","8":"product_tag-therapie-corporelle-au-bois","10":"first","11":"instock","12":"taxable","13":"shipping-taxable","14":"purchasable","15":"product-type-simple"},"yoast_head":"<!-- This site is optimized with the Yoast SEO plugin v27.2 - https:\/\/yoast.com\/product\/yoast-seo-wordpress\/ -->\n<title>Madero Roller Masseur anti-cellulite - Maderoterapia Online<\/title>\n<meta name=\"robots\" content=\"index, follow, max-snippet:-1, max-image-preview:large, max-video-preview:-1\" \/>\n<link rel=\"canonical\" href=\"https:\/\/maderoterapiaonline.org\/fr\/producto\/rouleau-masseur-anticellulite\/\" \/>\n<meta property=\"og:locale\" content=\"fr_FR\" \/>\n<meta property=\"og:type\" content=\"article\" \/>\n<meta property=\"og:title\" content=\"Madero Roller Masseur anti-cellulite - Maderoterapia Online\" \/>\n<meta property=\"og:description\" content=\"Le rouleau de massage anti-cellulite Maderotherapy vous aide \u00e0 lutter contre les adiposit\u00e9s d\u00e9sagr\u00e9ables et \u00e9limine l\u2019aspect inesth\u00e9tique de la peau d\u2019orange.  Le rouleau de massage anti-cellulite Wood Therapy est l\u2019outil cl\u00e9 pour tous les traitements anti-cellulite Wood Therapy. Il parvient \u00e0 stimuler le syst\u00e8me lymphatique en aidant \u00e0 r\u00e9duire et \u00e0 \u00e9liminer la cellulite, tout en d\u00e9composant les adipocytes pour am\u00e9liorer la circulation sanguine.  Achetez votre rouleau et commencez \u00e0 changer des vies lors de vos s\u00e9ances de th\u00e9rapie par le bois !  Mesure 38 cm &nbsp;\" \/>\n<meta property=\"og:url\" content=\"https:\/\/maderoterapiaonline.org\/fr\/producto\/rouleau-masseur-anticellulite\/\" \/>\n<meta property=\"og:site_name\" content=\"Maderoterapia Online\" \/>\n<meta property=\"article:modified_time\" content=\"2025-10-08T07:56:08+00:00\" \/>\n<meta property=\"og:image\" content=\"https:\/\/maderoterapiaonline.org\/wp-content\/uploads\/2023\/05\/1-33.jpg\" \/>\n\t<meta property=\"og:image:width\" content=\"1080\" \/>\n\t<meta property=\"og:image:height\" content=\"1080\" \/>\n\t<meta property=\"og:image:type\" content=\"image\/jpeg\" \/>\n<meta name=\"twitter:card\" content=\"summary_large_image\" \/>\n<meta name=\"twitter:label1\" content=\"Dur\u00e9e de lecture estim\u00e9e\" \/>\n\t<meta name=\"twitter:data1\" content=\"1 minute\" \/>\n<script type=\"application\/ld+json\" class=\"yoast-schema-graph\">{\"@context\":\"https:\/\/schema.org\",\"@graph\":[{\"@type\":\"WebPage\",\"@id\":\"https:\/\/maderoterapiaonline.org\/fr\/producto\/rouleau-masseur-anticellulite\/\",\"url\":\"https:\/\/maderoterapiaonline.org\/fr\/producto\/rouleau-masseur-anticellulite\/\",\"name\":\"Madero Roller Masseur anti-cellulite - Maderoterapia Online\",\"isPartOf\":{\"@id\":\"https:\/\/maderoterapiaonline.org\/fr\/#website\"},\"primaryImageOfPage\":{\"@id\":\"https:\/\/maderoterapiaonline.org\/fr\/producto\/rouleau-masseur-anticellulite\/#primaryimage\"},\"image\":{\"@id\":\"https:\/\/maderoterapiaonline.org\/fr\/producto\/rouleau-masseur-anticellulite\/#primaryimage\"},\"thumbnailUrl\":\"https:\/\/maderoterapiaonline.org\/wp-content\/uploads\/2023\/05\/1-33.jpg\",\"datePublished\":\"2025-04-10T03:08:54+00:00\",\"dateModified\":\"2025-10-08T07:56:08+00:00\",\"breadcrumb\":{\"@id\":\"https:\/\/maderoterapiaonline.org\/fr\/producto\/rouleau-masseur-anticellulite\/#breadcrumb\"},\"inLanguage\":\"fr-FR\",\"potentialAction\":[{\"@type\":\"ReadAction\",\"target\":[\"https:\/\/maderoterapiaonline.org\/fr\/producto\/rouleau-masseur-anticellulite\/\"]}]},{\"@type\":\"ImageObject\",\"inLanguage\":\"fr-FR\",\"@id\":\"https:\/\/maderoterapiaonline.org\/fr\/producto\/rouleau-masseur-anticellulite\/#primaryimage\",\"url\":\"https:\/\/maderoterapiaonline.org\/wp-content\/uploads\/2023\/05\/1-33.jpg\",\"contentUrl\":\"https:\/\/maderoterapiaonline.org\/wp-content\/uploads\/2023\/05\/1-33.jpg\",\"width\":1080,\"height\":1080,\"caption\":\"Rodillo Maderoterapia masajeador anticelulitis\"},{\"@type\":\"BreadcrumbList\",\"@id\":\"https:\/\/maderoterapiaonline.org\/fr\/producto\/rouleau-masseur-anticellulite\/#breadcrumb\",\"itemListElement\":[{\"@type\":\"ListItem\",\"position\":1,\"name\":\"Portada\",\"item\":\"https:\/\/maderoterapiaonline.org\/fr\/\"},{\"@type\":\"ListItem\",\"position\":2,\"name\":\"Boutique\",\"item\":\"https:\/\/maderoterapiaonline.org\/kits-maderas\/\"},{\"@type\":\"ListItem\",\"position\":3,\"name\":\"Madero Roller Masseur anti-cellulite\"}]},{\"@type\":\"WebSite\",\"@id\":\"https:\/\/maderoterapiaonline.org\/fr\/#website\",\"url\":\"https:\/\/maderoterapiaonline.org\/fr\/\",\"name\":\"Maderoterapia Online\",\"description\":\"Compra tu kit de Maderoterapia Profesional. Env\u00edos 24\/48h. Atenci\u00f3n al cliente por profesionales Maderoterapeutas\",\"publisher\":{\"@id\":\"https:\/\/maderoterapiaonline.org\/fr\/#organization\"},\"alternateName\":\"Maderoterapiaonline.org\",\"potentialAction\":[{\"@type\":\"SearchAction\",\"target\":{\"@type\":\"EntryPoint\",\"urlTemplate\":\"https:\/\/maderoterapiaonline.org\/fr\/?s={search_term_string}\"},\"query-input\":{\"@type\":\"PropertyValueSpecification\",\"valueRequired\":true,\"valueName\":\"search_term_string\"}}],\"inLanguage\":\"fr-FR\"},{\"@type\":\"Organization\",\"@id\":\"https:\/\/maderoterapiaonline.org\/fr\/#organization\",\"name\":\"Maderoterapia Est\u00e9tica Espa\u00f1a \u2013 Dori L\u00f3pez\u00ae y Escuela Profesional Maderoterapia Online\u00ae.\",\"url\":\"https:\/\/maderoterapiaonline.org\/fr\/\",\"logo\":{\"@type\":\"ImageObject\",\"inLanguage\":\"fr-FR\",\"@id\":\"https:\/\/maderoterapiaonline.org\/fr\/#\/schema\/logo\/image\/\",\"url\":\"https:\/\/maderoterapiaonline.org\/wp-content\/uploads\/2025\/03\/Logo-M-1.png\",\"contentUrl\":\"https:\/\/maderoterapiaonline.org\/wp-content\/uploads\/2025\/03\/Logo-M-1.png\",\"width\":1464,\"height\":1051,\"caption\":\"Maderoterapia Est\u00e9tica Espa\u00f1a \u2013 Dori L\u00f3pez\u00ae y Escuela Profesional Maderoterapia Online\u00ae.\"},\"image\":{\"@id\":\"https:\/\/maderoterapiaonline.org\/fr\/#\/schema\/logo\/image\/\"}}]}<\/script>\n<!-- \/ Yoast SEO plugin. -->","yoast_head_json":{"title":"Madero Roller Masseur anti-cellulite - Maderoterapia Online","robots":{"index":"index","follow":"follow","max-snippet":"max-snippet:-1","max-image-preview":"max-image-preview:large","max-video-preview":"max-video-preview:-1"},"canonical":"https:\/\/maderoterapiaonline.org\/fr\/producto\/rouleau-masseur-anticellulite\/","og_locale":"fr_FR","og_type":"article","og_title":"Madero Roller Masseur anti-cellulite - Maderoterapia Online","og_description":"Le rouleau de massage anti-cellulite Maderotherapy vous aide \u00e0 lutter contre les adiposit\u00e9s d\u00e9sagr\u00e9ables et \u00e9limine l\u2019aspect inesth\u00e9tique de la peau d\u2019orange.  Le rouleau de massage anti-cellulite Wood Therapy est l\u2019outil cl\u00e9 pour tous les traitements anti-cellulite Wood Therapy. Il parvient \u00e0 stimuler le syst\u00e8me lymphatique en aidant \u00e0 r\u00e9duire et \u00e0 \u00e9liminer la cellulite, tout en d\u00e9composant les adipocytes pour am\u00e9liorer la circulation sanguine.  Achetez votre rouleau et commencez \u00e0 changer des vies lors de vos s\u00e9ances de th\u00e9rapie par le bois !  Mesure 38 cm &nbsp;","og_url":"https:\/\/maderoterapiaonline.org\/fr\/producto\/rouleau-masseur-anticellulite\/","og_site_name":"Maderoterapia Online","article_modified_time":"2025-10-08T07:56:08+00:00","og_image":[{"width":1080,"height":1080,"url":"https:\/\/maderoterapiaonline.org\/wp-content\/uploads\/2023\/05\/1-33.jpg","type":"image\/jpeg"}],"twitter_card":"summary_large_image","twitter_misc":{"Dur\u00e9e de lecture estim\u00e9e":"1 minute"},"schema":{"@context":"https:\/\/schema.org","@graph":[{"@type":"WebPage","@id":"https:\/\/maderoterapiaonline.org\/fr\/producto\/rouleau-masseur-anticellulite\/","url":"https:\/\/maderoterapiaonline.org\/fr\/producto\/rouleau-masseur-anticellulite\/","name":"Madero Roller Masseur anti-cellulite - Maderoterapia Online","isPartOf":{"@id":"https:\/\/maderoterapiaonline.org\/fr\/#website"},"primaryImageOfPage":{"@id":"https:\/\/maderoterapiaonline.org\/fr\/producto\/rouleau-masseur-anticellulite\/#primaryimage"},"image":{"@id":"https:\/\/maderoterapiaonline.org\/fr\/producto\/rouleau-masseur-anticellulite\/#primaryimage"},"thumbnailUrl":"https:\/\/maderoterapiaonline.org\/wp-content\/uploads\/2023\/05\/1-33.jpg","datePublished":"2025-04-10T03:08:54+00:00","dateModified":"2025-10-08T07:56:08+00:00","breadcrumb":{"@id":"https:\/\/maderoterapiaonline.org\/fr\/producto\/rouleau-masseur-anticellulite\/#breadcrumb"},"inLanguage":"fr-FR","potentialAction":[{"@type":"ReadAction","target":["https:\/\/maderoterapiaonline.org\/fr\/producto\/rouleau-masseur-anticellulite\/"]}]},{"@type":"ImageObject","inLanguage":"fr-FR","@id":"https:\/\/maderoterapiaonline.org\/fr\/producto\/rouleau-masseur-anticellulite\/#primaryimage","url":"https:\/\/maderoterapiaonline.org\/wp-content\/uploads\/2023\/05\/1-33.jpg","contentUrl":"https:\/\/maderoterapiaonline.org\/wp-content\/uploads\/2023\/05\/1-33.jpg","width":1080,"height":1080,"caption":"Rodillo Maderoterapia masajeador anticelulitis"},{"@type":"BreadcrumbList","@id":"https:\/\/maderoterapiaonline.org\/fr\/producto\/rouleau-masseur-anticellulite\/#breadcrumb","itemListElement":[{"@type":"ListItem","position":1,"name":"Portada","item":"https:\/\/maderoterapiaonline.org\/fr\/"},{"@type":"ListItem","position":2,"name":"Boutique","item":"https:\/\/maderoterapiaonline.org\/kits-maderas\/"},{"@type":"ListItem","position":3,"name":"Madero Roller Masseur anti-cellulite"}]},{"@type":"WebSite","@id":"https:\/\/maderoterapiaonline.org\/fr\/#website","url":"https:\/\/maderoterapiaonline.org\/fr\/","name":"Maderoterapia Online","description":"Compra tu kit de Maderoterapia Profesional. Env\u00edos 24\/48h. Atenci\u00f3n al cliente por profesionales Maderoterapeutas","publisher":{"@id":"https:\/\/maderoterapiaonline.org\/fr\/#organization"},"alternateName":"Maderoterapiaonline.org","potentialAction":[{"@type":"SearchAction","target":{"@type":"EntryPoint","urlTemplate":"https:\/\/maderoterapiaonline.org\/fr\/?s={search_term_string}"},"query-input":{"@type":"PropertyValueSpecification","valueRequired":true,"valueName":"search_term_string"}}],"inLanguage":"fr-FR"},{"@type":"Organization","@id":"https:\/\/maderoterapiaonline.org\/fr\/#organization","name":"Maderoterapia Est\u00e9tica Espa\u00f1a \u2013 Dori L\u00f3pez\u00ae y Escuela Profesional Maderoterapia Online\u00ae.","url":"https:\/\/maderoterapiaonline.org\/fr\/","logo":{"@type":"ImageObject","inLanguage":"fr-FR","@id":"https:\/\/maderoterapiaonline.org\/fr\/#\/schema\/logo\/image\/","url":"https:\/\/maderoterapiaonline.org\/wp-content\/uploads\/2025\/03\/Logo-M-1.png","contentUrl":"https:\/\/maderoterapiaonline.org\/wp-content\/uploads\/2025\/03\/Logo-M-1.png","width":1464,"height":1051,"caption":"Maderoterapia Est\u00e9tica Espa\u00f1a \u2013 Dori L\u00f3pez\u00ae y Escuela Profesional Maderoterapia Online\u00ae."},"image":{"@id":"https:\/\/maderoterapiaonline.org\/fr\/#\/schema\/logo\/image\/"}}]}},"_links":{"self":[{"href":"https:\/\/maderoterapiaonline.org\/fr\/wp-json\/wp\/v2\/product\/42539","targetHints":{"allow":["GET"]}}],"collection":[{"href":"https:\/\/maderoterapiaonline.org\/fr\/wp-json\/wp\/v2\/product"}],"about":[{"href":"https:\/\/maderoterapiaonline.org\/fr\/wp-json\/wp\/v2\/types\/product"}],"replies":[{"embeddable":true,"href":"https:\/\/maderoterapiaonline.org\/fr\/wp-json\/wp\/v2\/comments?post=42539"}],"wp:featuredmedia":[{"embeddable":true,"href":"https:\/\/maderoterapiaonline.org\/fr\/wp-json\/wp\/v2\/media\/41812"}],"wp:attachment":[{"href":"https:\/\/maderoterapiaonline.org\/fr\/wp-json\/wp\/v2\/media?parent=42539"}],"wp:term":[{"taxonomy":"product_brand","embeddable":true,"href":"https:\/\/maderoterapiaonline.org\/fr\/wp-json\/wp\/v2\/product_brand?post=42539"},{"taxonomy":"product_cat","embeddable":true,"href":"https:\/\/maderoterapiaonline.org\/fr\/wp-json\/wp\/v2\/product_cat?post=42539"},{"taxonomy":"product_tag","embeddable":true,"href":"https:\/\/maderoterapiaonline.org\/fr\/wp-json\/wp\/v2\/product_tag?post=42539"}],"curies":[{"name":"wp","href":"https:\/\/api.w.org\/{rel}","templated":true}]}}