{"id":42538,"date":"2025-04-09T05:08:51","date_gmt":"2025-04-09T03:08:51","guid":{"rendered":"https:\/\/maderoterapiaonline.org\/producto\/champignon-reducteur-maderotherapie\/"},"modified":"2026-04-17T08:37:35","modified_gmt":"2026-04-17T06:37:35","slug":"champignon-reducteur-maderotherapie","status":"publish","type":"product","link":"https:\/\/maderoterapiaonline.org\/fr\/producto\/champignon-reducteur-maderotherapie\/","title":{"rendered":"Champignon R\u00e9ducteur Maderoth\u00e9rapie"},"content":{"rendered":"<p><iframe loading=\"lazy\" title=\"Vid\u00e9o YouTube\" src=\"https:\/\/www.youtube.com\/embed\/SFs6hE3t5GE?si=jmBNxQRc-YjzvQzn\" width=\"560\" height=\"315\" frameborder=\"0\" allowfullscreen=\"allowfullscreen\"><\/iframe><\/p>\n<p>\u00bfR\u00e9duire le volume et \u00e9liminer la cellulite? Avec le Champignon r\u00e9ducteur Maderoth\u00e9rapie anticellulite, vous pouvez approfondir le traitement pour r\u00e9duire le volume et \u00e9liminer la cellulite de mani\u00e8re plus efficace.<\/p>\n<p><strong>Le Champignon r\u00e9ducteur<\/strong> est fabriqu\u00e9 en bois de pin et de lotus, con\u00e7u pour la Escuela Maderoterapia Est\u00e9tica Espa\u00f1a \u00ae<\/p>\n<p>\u00ab\u00a0Avec le Champignon, nous pouvons d\u00e9faire de mani\u00e8re plus efficace les 4 types de cellulite qui existent, ce qui en fait un \u00e9l\u00e9ment indispensable dans un bon traitement anticellulite, en plus de sa capacit\u00e9 impressionnante \u00e0 r\u00e9duire le volume caus\u00e9 par les liquides et la graisse, nous allons travailler avec les deux champignons simultan\u00e9ment pour obtenir les meilleurs r\u00e9sultats<\/p>\n<ul>\n<li>Quantit\u00e9 : 1 Champignon<\/li>\n<\/ul>\n<p>&nbsp;<\/p>\n","protected":false},"excerpt":{"rendered":"<p>\u00bfR\u00e9duire le volume et \u00e9liminer la cellulite? Avec le Champignon r\u00e9ducteur Maderoth\u00e9rapie anticellulite, vous pouvez approfondir le traitement pour r\u00e9duire le volume et \u00e9liminer la cellulite de mani\u00e8re plus efficace.<\/p>\n<p><strong>Le Champignon r\u00e9ducteur<\/strong> est fabriqu\u00e9 en bois de pin et de lotus, con\u00e7u pour la Escuela Maderoterapia Est\u00e9tica Espa\u00f1a \u00ae<\/p>\n<p>\u00ab\u00a0Avec le Champignon, nous pouvons d\u00e9faire de mani\u00e8re plus efficace les 4 types de cellulite qui existent, ce qui en fait un \u00e9l\u00e9ment indispensable dans un bon traitement anticellulite, en plus de sa capacit\u00e9 impressionnante \u00e0 r\u00e9duire le volume caus\u00e9 par les liquides et la graisse, nous allons travailler avec les deux champignons simultan\u00e9ment pour obtenir les meilleurs r\u00e9sultats<\/p>\n<ul>\n<li>Champignon R\u00e9ducteur Maderoth\u00e9rapie<\/li>\n<\/ul>\n<p>&nbsp;<\/p>\n","protected":false},"featured_media":41803,"comment_status":"closed","ping_status":"closed","template":"","meta":{"content-type":""},"product_brand":[],"product_cat":[387,388],"product_tag":[392],"class_list":{"0":"post-42538","1":"product","2":"type-product","3":"status-publish","4":"has-post-thumbnail","6":"product_cat-elements-en-bois","7":"product_cat-therapie-du-bois","8":"product_tag-therapie-corporelle-au-bois","10":"first","11":"instock","12":"sale","13":"taxable","14":"shipping-taxable","15":"purchasable","16":"product-type-simple"},"yoast_head":"<!-- This site is optimized with the Yoast SEO plugin v27.4 - https:\/\/yoast.com\/product\/yoast-seo-wordpress\/ -->\n<title>Champignon R\u00e9ducteur Maderoth\u00e9rapie - Maderoterapia Online<\/title>\n<meta name=\"robots\" content=\"index, follow, max-snippet:-1, max-image-preview:large, max-video-preview:-1\" \/>\n<link rel=\"canonical\" href=\"https:\/\/maderoterapiaonline.org\/fr\/producto\/champignon-reducteur-maderotherapie\/\" \/>\n<meta property=\"og:locale\" content=\"fr_FR\" \/>\n<meta property=\"og:type\" content=\"article\" \/>\n<meta property=\"og:title\" content=\"Champignon R\u00e9ducteur Maderoth\u00e9rapie - Maderoterapia Online\" \/>\n<meta property=\"og:description\" content=\"\u00bfR\u00e9duire le volume et \u00e9liminer la cellulite? Avec le Champignon r\u00e9ducteur Maderoth\u00e9rapie anticellulite, vous pouvez approfondir le traitement pour r\u00e9duire le volume et \u00e9liminer la cellulite de mani\u00e8re plus efficace.  Le Champignon r\u00e9ducteur est fabriqu\u00e9 en bois de pin et de lotus, con\u00e7u pour la Escuela Maderoterapia Est\u00e9tica Espa\u00f1a \u00ae  &quot;Avec le Champignon, nous pouvons d\u00e9faire de mani\u00e8re plus efficace les 4 types de cellulite qui existent, ce qui en fait un \u00e9l\u00e9ment indispensable dans un bon traitement anticellulite, en plus de sa capacit\u00e9 impressionnante \u00e0 r\u00e9duire le volume caus\u00e9 par les liquides et la graisse, nous allons travailler avec les deux champignons simultan\u00e9ment pour obtenir les meilleurs r\u00e9sultats   Champignon R\u00e9ducteur Maderoth\u00e9rapie  &nbsp;\" \/>\n<meta property=\"og:url\" content=\"https:\/\/maderoterapiaonline.org\/fr\/producto\/champignon-reducteur-maderotherapie\/\" \/>\n<meta property=\"og:site_name\" content=\"Maderoterapia Online\" \/>\n<meta property=\"article:modified_time\" content=\"2026-04-17T06:37:35+00:00\" \/>\n<meta property=\"og:image\" content=\"https:\/\/maderoterapiaonline.org\/wp-content\/uploads\/2023\/05\/1-42.jpg\" \/>\n\t<meta property=\"og:image:width\" content=\"1080\" \/>\n\t<meta property=\"og:image:height\" content=\"1080\" \/>\n\t<meta property=\"og:image:type\" content=\"image\/jpeg\" \/>\n<meta name=\"twitter:card\" content=\"summary_large_image\" \/>\n<meta name=\"twitter:label1\" content=\"Dur\u00e9e de lecture estim\u00e9e\" \/>\n\t<meta name=\"twitter:data1\" content=\"1 minute\" \/>\n<script type=\"application\/ld+json\" class=\"yoast-schema-graph\">{\"@context\":\"https:\\\/\\\/schema.org\",\"@graph\":[{\"@type\":\"WebPage\",\"@id\":\"https:\\\/\\\/maderoterapiaonline.org\\\/fr\\\/producto\\\/champignon-reducteur-maderotherapie\\\/\",\"url\":\"https:\\\/\\\/maderoterapiaonline.org\\\/fr\\\/producto\\\/champignon-reducteur-maderotherapie\\\/\",\"name\":\"Champignon R\u00e9ducteur Maderoth\u00e9rapie - Maderoterapia Online\",\"isPartOf\":{\"@id\":\"https:\\\/\\\/maderoterapiaonline.org\\\/fr\\\/#website\"},\"primaryImageOfPage\":{\"@id\":\"https:\\\/\\\/maderoterapiaonline.org\\\/fr\\\/producto\\\/champignon-reducteur-maderotherapie\\\/#primaryimage\"},\"image\":{\"@id\":\"https:\\\/\\\/maderoterapiaonline.org\\\/fr\\\/producto\\\/champignon-reducteur-maderotherapie\\\/#primaryimage\"},\"thumbnailUrl\":\"https:\\\/\\\/maderoterapiaonline.org\\\/wp-content\\\/uploads\\\/2023\\\/05\\\/1-42.jpg\",\"datePublished\":\"2025-04-09T03:08:51+00:00\",\"dateModified\":\"2026-04-17T06:37:35+00:00\",\"breadcrumb\":{\"@id\":\"https:\\\/\\\/maderoterapiaonline.org\\\/fr\\\/producto\\\/champignon-reducteur-maderotherapie\\\/#breadcrumb\"},\"inLanguage\":\"fr-FR\",\"potentialAction\":[{\"@type\":\"ReadAction\",\"target\":[\"https:\\\/\\\/maderoterapiaonline.org\\\/fr\\\/producto\\\/champignon-reducteur-maderotherapie\\\/\"]}]},{\"@type\":\"ImageObject\",\"inLanguage\":\"fr-FR\",\"@id\":\"https:\\\/\\\/maderoterapiaonline.org\\\/fr\\\/producto\\\/champignon-reducteur-maderotherapie\\\/#primaryimage\",\"url\":\"https:\\\/\\\/maderoterapiaonline.org\\\/wp-content\\\/uploads\\\/2023\\\/05\\\/1-42.jpg\",\"contentUrl\":\"https:\\\/\\\/maderoterapiaonline.org\\\/wp-content\\\/uploads\\\/2023\\\/05\\\/1-42.jpg\",\"width\":1080,\"height\":1080,\"caption\":\"Champi\u00f1\u00f3n\\\/Hongo reductor Maderoterapia\"},{\"@type\":\"BreadcrumbList\",\"@id\":\"https:\\\/\\\/maderoterapiaonline.org\\\/fr\\\/producto\\\/champignon-reducteur-maderotherapie\\\/#breadcrumb\",\"itemListElement\":[{\"@type\":\"ListItem\",\"position\":1,\"name\":\"Portada\",\"item\":\"https:\\\/\\\/maderoterapiaonline.org\\\/fr\\\/\"},{\"@type\":\"ListItem\",\"position\":2,\"name\":\"Boutique\",\"item\":\"https:\\\/\\\/maderoterapiaonline.org\\\/kits-maderas\\\/\"},{\"@type\":\"ListItem\",\"position\":3,\"name\":\"Champignon R\u00e9ducteur Maderoth\u00e9rapie\"}]},{\"@type\":\"WebSite\",\"@id\":\"https:\\\/\\\/maderoterapiaonline.org\\\/fr\\\/#website\",\"url\":\"https:\\\/\\\/maderoterapiaonline.org\\\/fr\\\/\",\"name\":\"Maderoterapia Online\",\"description\":\"Compra tu kit de Maderoterapia Profesional. Env\u00edos 24\\\/48h. Atenci\u00f3n al cliente por profesionales Maderoterapeutas\",\"publisher\":{\"@id\":\"https:\\\/\\\/maderoterapiaonline.org\\\/fr\\\/#organization\"},\"alternateName\":\"Maderoterapiaonline.org\",\"potentialAction\":[{\"@type\":\"SearchAction\",\"target\":{\"@type\":\"EntryPoint\",\"urlTemplate\":\"https:\\\/\\\/maderoterapiaonline.org\\\/fr\\\/?s={search_term_string}\"},\"query-input\":{\"@type\":\"PropertyValueSpecification\",\"valueRequired\":true,\"valueName\":\"search_term_string\"}}],\"inLanguage\":\"fr-FR\"},{\"@type\":\"Organization\",\"@id\":\"https:\\\/\\\/maderoterapiaonline.org\\\/fr\\\/#organization\",\"name\":\"Maderoterapia Est\u00e9tica Espa\u00f1a \u2013 Dori L\u00f3pez\u00ae y Escuela Profesional Maderoterapia Online\u00ae.\",\"url\":\"https:\\\/\\\/maderoterapiaonline.org\\\/fr\\\/\",\"logo\":{\"@type\":\"ImageObject\",\"inLanguage\":\"fr-FR\",\"@id\":\"https:\\\/\\\/maderoterapiaonline.org\\\/fr\\\/#\\\/schema\\\/logo\\\/image\\\/\",\"url\":\"https:\\\/\\\/maderoterapiaonline.org\\\/wp-content\\\/uploads\\\/2025\\\/03\\\/Logo-M-1.png\",\"contentUrl\":\"https:\\\/\\\/maderoterapiaonline.org\\\/wp-content\\\/uploads\\\/2025\\\/03\\\/Logo-M-1.png\",\"width\":1464,\"height\":1051,\"caption\":\"Maderoterapia Est\u00e9tica Espa\u00f1a \u2013 Dori L\u00f3pez\u00ae y Escuela Profesional Maderoterapia Online\u00ae.\"},\"image\":{\"@id\":\"https:\\\/\\\/maderoterapiaonline.org\\\/fr\\\/#\\\/schema\\\/logo\\\/image\\\/\"}}]}<\/script>\n<!-- \/ Yoast SEO plugin. -->","yoast_head_json":{"title":"Champignon R\u00e9ducteur Maderoth\u00e9rapie - Maderoterapia Online","robots":{"index":"index","follow":"follow","max-snippet":"max-snippet:-1","max-image-preview":"max-image-preview:large","max-video-preview":"max-video-preview:-1"},"canonical":"https:\/\/maderoterapiaonline.org\/fr\/producto\/champignon-reducteur-maderotherapie\/","og_locale":"fr_FR","og_type":"article","og_title":"Champignon R\u00e9ducteur Maderoth\u00e9rapie - Maderoterapia Online","og_description":"\u00bfR\u00e9duire le volume et \u00e9liminer la cellulite? Avec le Champignon r\u00e9ducteur Maderoth\u00e9rapie anticellulite, vous pouvez approfondir le traitement pour r\u00e9duire le volume et \u00e9liminer la cellulite de mani\u00e8re plus efficace.  Le Champignon r\u00e9ducteur est fabriqu\u00e9 en bois de pin et de lotus, con\u00e7u pour la Escuela Maderoterapia Est\u00e9tica Espa\u00f1a \u00ae  \"Avec le Champignon, nous pouvons d\u00e9faire de mani\u00e8re plus efficace les 4 types de cellulite qui existent, ce qui en fait un \u00e9l\u00e9ment indispensable dans un bon traitement anticellulite, en plus de sa capacit\u00e9 impressionnante \u00e0 r\u00e9duire le volume caus\u00e9 par les liquides et la graisse, nous allons travailler avec les deux champignons simultan\u00e9ment pour obtenir les meilleurs r\u00e9sultats   Champignon R\u00e9ducteur Maderoth\u00e9rapie  &nbsp;","og_url":"https:\/\/maderoterapiaonline.org\/fr\/producto\/champignon-reducteur-maderotherapie\/","og_site_name":"Maderoterapia Online","article_modified_time":"2026-04-17T06:37:35+00:00","og_image":[{"width":1080,"height":1080,"url":"https:\/\/maderoterapiaonline.org\/wp-content\/uploads\/2023\/05\/1-42.jpg","type":"image\/jpeg"}],"twitter_card":"summary_large_image","twitter_misc":{"Dur\u00e9e de lecture estim\u00e9e":"1 minute"},"schema":{"@context":"https:\/\/schema.org","@graph":[{"@type":"WebPage","@id":"https:\/\/maderoterapiaonline.org\/fr\/producto\/champignon-reducteur-maderotherapie\/","url":"https:\/\/maderoterapiaonline.org\/fr\/producto\/champignon-reducteur-maderotherapie\/","name":"Champignon R\u00e9ducteur Maderoth\u00e9rapie - Maderoterapia Online","isPartOf":{"@id":"https:\/\/maderoterapiaonline.org\/fr\/#website"},"primaryImageOfPage":{"@id":"https:\/\/maderoterapiaonline.org\/fr\/producto\/champignon-reducteur-maderotherapie\/#primaryimage"},"image":{"@id":"https:\/\/maderoterapiaonline.org\/fr\/producto\/champignon-reducteur-maderotherapie\/#primaryimage"},"thumbnailUrl":"https:\/\/maderoterapiaonline.org\/wp-content\/uploads\/2023\/05\/1-42.jpg","datePublished":"2025-04-09T03:08:51+00:00","dateModified":"2026-04-17T06:37:35+00:00","breadcrumb":{"@id":"https:\/\/maderoterapiaonline.org\/fr\/producto\/champignon-reducteur-maderotherapie\/#breadcrumb"},"inLanguage":"fr-FR","potentialAction":[{"@type":"ReadAction","target":["https:\/\/maderoterapiaonline.org\/fr\/producto\/champignon-reducteur-maderotherapie\/"]}]},{"@type":"ImageObject","inLanguage":"fr-FR","@id":"https:\/\/maderoterapiaonline.org\/fr\/producto\/champignon-reducteur-maderotherapie\/#primaryimage","url":"https:\/\/maderoterapiaonline.org\/wp-content\/uploads\/2023\/05\/1-42.jpg","contentUrl":"https:\/\/maderoterapiaonline.org\/wp-content\/uploads\/2023\/05\/1-42.jpg","width":1080,"height":1080,"caption":"Champi\u00f1\u00f3n\/Hongo reductor Maderoterapia"},{"@type":"BreadcrumbList","@id":"https:\/\/maderoterapiaonline.org\/fr\/producto\/champignon-reducteur-maderotherapie\/#breadcrumb","itemListElement":[{"@type":"ListItem","position":1,"name":"Portada","item":"https:\/\/maderoterapiaonline.org\/fr\/"},{"@type":"ListItem","position":2,"name":"Boutique","item":"https:\/\/maderoterapiaonline.org\/kits-maderas\/"},{"@type":"ListItem","position":3,"name":"Champignon R\u00e9ducteur Maderoth\u00e9rapie"}]},{"@type":"WebSite","@id":"https:\/\/maderoterapiaonline.org\/fr\/#website","url":"https:\/\/maderoterapiaonline.org\/fr\/","name":"Maderoterapia Online","description":"Compra tu kit de Maderoterapia Profesional. Env\u00edos 24\/48h. Atenci\u00f3n al cliente por profesionales Maderoterapeutas","publisher":{"@id":"https:\/\/maderoterapiaonline.org\/fr\/#organization"},"alternateName":"Maderoterapiaonline.org","potentialAction":[{"@type":"SearchAction","target":{"@type":"EntryPoint","urlTemplate":"https:\/\/maderoterapiaonline.org\/fr\/?s={search_term_string}"},"query-input":{"@type":"PropertyValueSpecification","valueRequired":true,"valueName":"search_term_string"}}],"inLanguage":"fr-FR"},{"@type":"Organization","@id":"https:\/\/maderoterapiaonline.org\/fr\/#organization","name":"Maderoterapia Est\u00e9tica Espa\u00f1a \u2013 Dori L\u00f3pez\u00ae y Escuela Profesional Maderoterapia Online\u00ae.","url":"https:\/\/maderoterapiaonline.org\/fr\/","logo":{"@type":"ImageObject","inLanguage":"fr-FR","@id":"https:\/\/maderoterapiaonline.org\/fr\/#\/schema\/logo\/image\/","url":"https:\/\/maderoterapiaonline.org\/wp-content\/uploads\/2025\/03\/Logo-M-1.png","contentUrl":"https:\/\/maderoterapiaonline.org\/wp-content\/uploads\/2025\/03\/Logo-M-1.png","width":1464,"height":1051,"caption":"Maderoterapia Est\u00e9tica Espa\u00f1a \u2013 Dori L\u00f3pez\u00ae y Escuela Profesional Maderoterapia Online\u00ae."},"image":{"@id":"https:\/\/maderoterapiaonline.org\/fr\/#\/schema\/logo\/image\/"}}]}},"_links":{"self":[{"href":"https:\/\/maderoterapiaonline.org\/fr\/wp-json\/wp\/v2\/product\/42538","targetHints":{"allow":["GET"]}}],"collection":[{"href":"https:\/\/maderoterapiaonline.org\/fr\/wp-json\/wp\/v2\/product"}],"about":[{"href":"https:\/\/maderoterapiaonline.org\/fr\/wp-json\/wp\/v2\/types\/product"}],"replies":[{"embeddable":true,"href":"https:\/\/maderoterapiaonline.org\/fr\/wp-json\/wp\/v2\/comments?post=42538"}],"wp:featuredmedia":[{"embeddable":true,"href":"https:\/\/maderoterapiaonline.org\/fr\/wp-json\/wp\/v2\/media\/41803"}],"wp:attachment":[{"href":"https:\/\/maderoterapiaonline.org\/fr\/wp-json\/wp\/v2\/media?parent=42538"}],"wp:term":[{"taxonomy":"product_brand","embeddable":true,"href":"https:\/\/maderoterapiaonline.org\/fr\/wp-json\/wp\/v2\/product_brand?post=42538"},{"taxonomy":"product_cat","embeddable":true,"href":"https:\/\/maderoterapiaonline.org\/fr\/wp-json\/wp\/v2\/product_cat?post=42538"},{"taxonomy":"product_tag","embeddable":true,"href":"https:\/\/maderoterapiaonline.org\/fr\/wp-json\/wp\/v2\/product_tag?post=42538"}],"curies":[{"name":"wp","href":"https:\/\/api.w.org\/{rel}","templated":true}]}}