{"id":42537,"date":"2023-06-09T05:08:44","date_gmt":"2023-06-09T03:08:44","guid":{"rendered":"https:\/\/maderoterapiaonline.org\/producto\/rouleau-4-cubes-maderotherapie\/"},"modified":"2024-04-10T13:37:01","modified_gmt":"2024-04-10T11:37:01","slug":"rodillo-4-cubos-maderoterapia","status":"publish","type":"product","link":"https:\/\/maderoterapiaonline.org\/fr\/producto\/rodillo-4-cubos-maderoterapia\/","title":{"rendered":"Rouleau 4 cubes Maderoth\u00e9rapie"},"content":{"rendered":"<p><iframe loading=\"lazy\" src=\"https:\/\/www.youtube.com\/embed\/B1Sbp0xOaH8\" width=\"560\" height=\"315\" frameborder=\"0\" allowfullscreen=\"allowfullscreen\"><\/iframe> <iframe loading=\"lazy\" title=\"Vid\u00e9o YouTube\" src=\"https:\/\/www.youtube.com\/embed\/0BnrTZ2dqK4?si=9TaUxgmE6aAU48fF\" width=\"560\" height=\"315\" frameborder=\"0\" allowfullscreen=\"allowfullscreen\"><\/iframe><\/p>\n<hr>\n<p>Obtenez d\u00e8s maintenant votre <strong>rouleau 4 cubes Maderoth\u00e9rapie<\/strong> pour l&rsquo;application en Maderoth\u00e9rapie, fabriqu\u00e9 en bois de pin et de lotus naturel, et con\u00e7u par Maderoterapia Est\u00e9tica Espa\u00f1a \u00ae<\/p>\n<p><strong>Rouleau 4 cubes Maderoth\u00e9rapie<\/strong><\/p>\n<ul>\n<li>Longueur : 45 cm.<\/li>\n<li>Largeur : 5,5 cm.<\/li>\n<li>Poids: 280 gr.<\/li>\n<\/ul>\n<p><strong>Le rouleau de 4 cubes Maderoth\u00e9rapie<\/strong> est l&rsquo;un des \u00e9l\u00e9ments les plus puissants utilis\u00e9s en Maderoth\u00e9rapie Esth\u00e9tique, en fait, on l&rsquo;appelle le &lsquo;aplanit-ventre&rsquo; car il est utilis\u00e9 pour \u00e9liminer les graisses les plus tenaces et les drainer.<\/p>\n<p>avec<strong> le Rouleau 4 cubes Maderoth\u00e9rapie<\/strong> online, vous pouvez obtenir les meilleurs r\u00e9sultats avec garantie, que ce soit sur les mollets, les cuisses, les fesses, l&rsquo;abdomen, les flancs, le dos ou les bras. Sa conception anatomique \u00e0 4 cubes permet d&rsquo;acc\u00e9der aux zones plus r\u00e9duites sans causer de g\u00eane \u00e0 la personne, tout en \u00e9tant capable de couvrir de grandes surfaces avec peu d&rsquo;effort.<\/p>\n<p>Dans la Maderoterapia en ligne, nous d\u00e9conseillons l&rsquo;utilisation du rouleau \u00e0 5 cubes en raison de ses dimensions excessives, susceptibles de cr\u00e9er des difficult\u00e9s lors de l&rsquo;application et des g\u00eanes au niveau de la structure osseuse de la personne.<\/p>\n<p>&nbsp;<\/p>\n","protected":false},"excerpt":{"rendered":"<p>Obtenez d\u00e8s maintenant votre <strong>rouleau 4 cubes Maderoth\u00e9rapie<\/strong> pour l&rsquo;application en Maderoth\u00e9rapie, fabriqu\u00e9 en bois de pin et de lotus naturel, et con\u00e7u par Maderoterapia Est\u00e9tica Espa\u00f1a \u00ae<\/p>\n<p>Le rouleau de 4 cubes Maderoth\u00e9rapie est l&rsquo;un des \u00e9l\u00e9ments les plus puissants utilis\u00e9s en Maderoth\u00e9rapie Esth\u00e9tique, en fait, on l&rsquo;appelle le &lsquo;aplanit-ventre&rsquo; car il est utilis\u00e9 pour \u00e9liminer les graisses les plus tenaces et les drainer.<\/p>\n<p>Avec le Rouleau 4 cubes Maderoth\u00e9rapie, vous pouvez obtenir les meilleurs r\u00e9sultats avec garantie, que ce soit sur les mollets, les cuisses, les fesses, l&rsquo;abdomen, les flancs, le dos ou les bras. Sa conception anatomique \u00e0 4 cubes permet d&rsquo;acc\u00e9der aux zones plus r\u00e9duites sans causer de g\u00eane \u00e0 la personne, tout en \u00e9tant capable de couvrir de grandes surfaces avec peu d&rsquo;effort.<\/p>\n<p>&nbsp;<\/p>\n","protected":false},"featured_media":41549,"comment_status":"closed","ping_status":"closed","template":"","meta":{"content-type":""},"product_brand":[],"product_cat":[387,388],"product_tag":[398],"class_list":{"0":"post-42537","1":"product","2":"type-product","3":"status-publish","4":"has-post-thumbnail","6":"product_cat-elements-en-bois","7":"product_cat-therapie-du-bois","8":"product_tag-elements-en-bois","10":"first","11":"instock","12":"sale","13":"taxable","14":"shipping-taxable","15":"purchasable","16":"product-type-simple"},"yoast_head":"<!-- This site is optimized with the Yoast SEO plugin v27.2 - https:\/\/yoast.com\/product\/yoast-seo-wordpress\/ -->\n<title>Rouleau 4 cubes Maderoth\u00e9rapie - Maderoterapia Online<\/title>\n<meta name=\"robots\" content=\"index, follow, max-snippet:-1, max-image-preview:large, max-video-preview:-1\" \/>\n<link rel=\"canonical\" href=\"https:\/\/maderoterapiaonline.org\/fr\/producto\/rodillo-4-cubos-maderoterapia\/\" \/>\n<meta property=\"og:locale\" content=\"fr_FR\" \/>\n<meta property=\"og:type\" content=\"article\" \/>\n<meta property=\"og:title\" content=\"Rouleau 4 cubes Maderoth\u00e9rapie - Maderoterapia Online\" \/>\n<meta property=\"og:description\" content=\"Obtenez d\u00e8s maintenant votre rouleau 4 cubes Maderoth\u00e9rapie pour l&#039;application en Maderoth\u00e9rapie, fabriqu\u00e9 en bois de pin et de lotus naturel, et con\u00e7u par Maderoterapia Est\u00e9tica Espa\u00f1a \u00ae Le rouleau de 4 cubes Maderoth\u00e9rapie est l&#039;un des \u00e9l\u00e9ments les plus puissants utilis\u00e9s en Maderoth\u00e9rapie Esth\u00e9tique, en fait, on l&#039;appelle le &#039;aplanit-ventre&#039; car il est utilis\u00e9 pour \u00e9liminer les graisses les plus tenaces et les drainer. Avec le Rouleau 4 cubes Maderoth\u00e9rapie, vous pouvez obtenir les meilleurs r\u00e9sultats avec garantie, que ce soit sur les mollets, les cuisses, les fesses, l&#039;abdomen, les flancs, le dos ou les bras. Sa conception anatomique \u00e0 4 cubes permet d&#039;acc\u00e9der aux zones plus r\u00e9duites sans causer de g\u00eane \u00e0 la personne, tout en \u00e9tant capable de couvrir de grandes surfaces avec peu d&#039;effort. &nbsp;\" \/>\n<meta property=\"og:url\" content=\"https:\/\/maderoterapiaonline.org\/fr\/producto\/rodillo-4-cubos-maderoterapia\/\" \/>\n<meta property=\"og:site_name\" content=\"Maderoterapia Online\" \/>\n<meta property=\"article:modified_time\" content=\"2024-04-10T11:37:01+00:00\" \/>\n<meta property=\"og:image\" content=\"https:\/\/maderoterapiaonline.org\/wp-content\/uploads\/2023\/05\/1-34.jpg\" \/>\n\t<meta property=\"og:image:width\" content=\"1080\" \/>\n\t<meta property=\"og:image:height\" content=\"1080\" \/>\n\t<meta property=\"og:image:type\" content=\"image\/jpeg\" \/>\n<meta name=\"twitter:card\" content=\"summary_large_image\" \/>\n<meta name=\"twitter:label1\" content=\"Dur\u00e9e de lecture estim\u00e9e\" \/>\n\t<meta name=\"twitter:data1\" content=\"1 minute\" \/>\n<script type=\"application\/ld+json\" class=\"yoast-schema-graph\">{\"@context\":\"https:\/\/schema.org\",\"@graph\":[{\"@type\":\"WebPage\",\"@id\":\"https:\/\/maderoterapiaonline.org\/fr\/producto\/rodillo-4-cubos-maderoterapia\/\",\"url\":\"https:\/\/maderoterapiaonline.org\/fr\/producto\/rodillo-4-cubos-maderoterapia\/\",\"name\":\"Rouleau 4 cubes Maderoth\u00e9rapie - Maderoterapia Online\",\"isPartOf\":{\"@id\":\"https:\/\/maderoterapiaonline.org\/fr\/#website\"},\"primaryImageOfPage\":{\"@id\":\"https:\/\/maderoterapiaonline.org\/fr\/producto\/rodillo-4-cubos-maderoterapia\/#primaryimage\"},\"image\":{\"@id\":\"https:\/\/maderoterapiaonline.org\/fr\/producto\/rodillo-4-cubos-maderoterapia\/#primaryimage\"},\"thumbnailUrl\":\"https:\/\/maderoterapiaonline.org\/wp-content\/uploads\/2023\/05\/1-34.jpg\",\"datePublished\":\"2023-06-09T03:08:44+00:00\",\"dateModified\":\"2024-04-10T11:37:01+00:00\",\"breadcrumb\":{\"@id\":\"https:\/\/maderoterapiaonline.org\/fr\/producto\/rodillo-4-cubos-maderoterapia\/#breadcrumb\"},\"inLanguage\":\"fr-FR\",\"potentialAction\":[{\"@type\":\"ReadAction\",\"target\":[\"https:\/\/maderoterapiaonline.org\/fr\/producto\/rodillo-4-cubos-maderoterapia\/\"]}]},{\"@type\":\"ImageObject\",\"inLanguage\":\"fr-FR\",\"@id\":\"https:\/\/maderoterapiaonline.org\/fr\/producto\/rodillo-4-cubos-maderoterapia\/#primaryimage\",\"url\":\"https:\/\/maderoterapiaonline.org\/wp-content\/uploads\/2023\/05\/1-34.jpg\",\"contentUrl\":\"https:\/\/maderoterapiaonline.org\/wp-content\/uploads\/2023\/05\/1-34.jpg\",\"width\":1080,\"height\":1080,\"caption\":\"Rodillo 4 cubos Maderoterapia\"},{\"@type\":\"BreadcrumbList\",\"@id\":\"https:\/\/maderoterapiaonline.org\/fr\/producto\/rodillo-4-cubos-maderoterapia\/#breadcrumb\",\"itemListElement\":[{\"@type\":\"ListItem\",\"position\":1,\"name\":\"Portada\",\"item\":\"https:\/\/maderoterapiaonline.org\/fr\/\"},{\"@type\":\"ListItem\",\"position\":2,\"name\":\"Boutique\",\"item\":\"https:\/\/maderoterapiaonline.org\/kits-maderas\/\"},{\"@type\":\"ListItem\",\"position\":3,\"name\":\"Rouleau 4 cubes Maderoth\u00e9rapie\"}]},{\"@type\":\"WebSite\",\"@id\":\"https:\/\/maderoterapiaonline.org\/fr\/#website\",\"url\":\"https:\/\/maderoterapiaonline.org\/fr\/\",\"name\":\"Maderoterapia Online\",\"description\":\"Compra tu kit de Maderoterapia Profesional. Env\u00edos 24\/48h. Atenci\u00f3n al cliente por profesionales Maderoterapeutas\",\"publisher\":{\"@id\":\"https:\/\/maderoterapiaonline.org\/fr\/#organization\"},\"alternateName\":\"Maderoterapiaonline.org\",\"potentialAction\":[{\"@type\":\"SearchAction\",\"target\":{\"@type\":\"EntryPoint\",\"urlTemplate\":\"https:\/\/maderoterapiaonline.org\/fr\/?s={search_term_string}\"},\"query-input\":{\"@type\":\"PropertyValueSpecification\",\"valueRequired\":true,\"valueName\":\"search_term_string\"}}],\"inLanguage\":\"fr-FR\"},{\"@type\":\"Organization\",\"@id\":\"https:\/\/maderoterapiaonline.org\/fr\/#organization\",\"name\":\"Maderoterapia Est\u00e9tica Espa\u00f1a \u2013 Dori L\u00f3pez\u00ae y Escuela Profesional Maderoterapia Online\u00ae.\",\"url\":\"https:\/\/maderoterapiaonline.org\/fr\/\",\"logo\":{\"@type\":\"ImageObject\",\"inLanguage\":\"fr-FR\",\"@id\":\"https:\/\/maderoterapiaonline.org\/fr\/#\/schema\/logo\/image\/\",\"url\":\"https:\/\/maderoterapiaonline.org\/wp-content\/uploads\/2025\/03\/Logo-M-1.png\",\"contentUrl\":\"https:\/\/maderoterapiaonline.org\/wp-content\/uploads\/2025\/03\/Logo-M-1.png\",\"width\":1464,\"height\":1051,\"caption\":\"Maderoterapia Est\u00e9tica Espa\u00f1a \u2013 Dori L\u00f3pez\u00ae y Escuela Profesional Maderoterapia Online\u00ae.\"},\"image\":{\"@id\":\"https:\/\/maderoterapiaonline.org\/fr\/#\/schema\/logo\/image\/\"}}]}<\/script>\n<!-- \/ Yoast SEO plugin. -->","yoast_head_json":{"title":"Rouleau 4 cubes Maderoth\u00e9rapie - Maderoterapia Online","robots":{"index":"index","follow":"follow","max-snippet":"max-snippet:-1","max-image-preview":"max-image-preview:large","max-video-preview":"max-video-preview:-1"},"canonical":"https:\/\/maderoterapiaonline.org\/fr\/producto\/rodillo-4-cubos-maderoterapia\/","og_locale":"fr_FR","og_type":"article","og_title":"Rouleau 4 cubes Maderoth\u00e9rapie - Maderoterapia Online","og_description":"Obtenez d\u00e8s maintenant votre rouleau 4 cubes Maderoth\u00e9rapie pour l'application en Maderoth\u00e9rapie, fabriqu\u00e9 en bois de pin et de lotus naturel, et con\u00e7u par Maderoterapia Est\u00e9tica Espa\u00f1a \u00ae Le rouleau de 4 cubes Maderoth\u00e9rapie est l'un des \u00e9l\u00e9ments les plus puissants utilis\u00e9s en Maderoth\u00e9rapie Esth\u00e9tique, en fait, on l'appelle le 'aplanit-ventre' car il est utilis\u00e9 pour \u00e9liminer les graisses les plus tenaces et les drainer. Avec le Rouleau 4 cubes Maderoth\u00e9rapie, vous pouvez obtenir les meilleurs r\u00e9sultats avec garantie, que ce soit sur les mollets, les cuisses, les fesses, l'abdomen, les flancs, le dos ou les bras. Sa conception anatomique \u00e0 4 cubes permet d'acc\u00e9der aux zones plus r\u00e9duites sans causer de g\u00eane \u00e0 la personne, tout en \u00e9tant capable de couvrir de grandes surfaces avec peu d'effort. &nbsp;","og_url":"https:\/\/maderoterapiaonline.org\/fr\/producto\/rodillo-4-cubos-maderoterapia\/","og_site_name":"Maderoterapia Online","article_modified_time":"2024-04-10T11:37:01+00:00","og_image":[{"width":1080,"height":1080,"url":"https:\/\/maderoterapiaonline.org\/wp-content\/uploads\/2023\/05\/1-34.jpg","type":"image\/jpeg"}],"twitter_card":"summary_large_image","twitter_misc":{"Dur\u00e9e de lecture estim\u00e9e":"1 minute"},"schema":{"@context":"https:\/\/schema.org","@graph":[{"@type":"WebPage","@id":"https:\/\/maderoterapiaonline.org\/fr\/producto\/rodillo-4-cubos-maderoterapia\/","url":"https:\/\/maderoterapiaonline.org\/fr\/producto\/rodillo-4-cubos-maderoterapia\/","name":"Rouleau 4 cubes Maderoth\u00e9rapie - Maderoterapia Online","isPartOf":{"@id":"https:\/\/maderoterapiaonline.org\/fr\/#website"},"primaryImageOfPage":{"@id":"https:\/\/maderoterapiaonline.org\/fr\/producto\/rodillo-4-cubos-maderoterapia\/#primaryimage"},"image":{"@id":"https:\/\/maderoterapiaonline.org\/fr\/producto\/rodillo-4-cubos-maderoterapia\/#primaryimage"},"thumbnailUrl":"https:\/\/maderoterapiaonline.org\/wp-content\/uploads\/2023\/05\/1-34.jpg","datePublished":"2023-06-09T03:08:44+00:00","dateModified":"2024-04-10T11:37:01+00:00","breadcrumb":{"@id":"https:\/\/maderoterapiaonline.org\/fr\/producto\/rodillo-4-cubos-maderoterapia\/#breadcrumb"},"inLanguage":"fr-FR","potentialAction":[{"@type":"ReadAction","target":["https:\/\/maderoterapiaonline.org\/fr\/producto\/rodillo-4-cubos-maderoterapia\/"]}]},{"@type":"ImageObject","inLanguage":"fr-FR","@id":"https:\/\/maderoterapiaonline.org\/fr\/producto\/rodillo-4-cubos-maderoterapia\/#primaryimage","url":"https:\/\/maderoterapiaonline.org\/wp-content\/uploads\/2023\/05\/1-34.jpg","contentUrl":"https:\/\/maderoterapiaonline.org\/wp-content\/uploads\/2023\/05\/1-34.jpg","width":1080,"height":1080,"caption":"Rodillo 4 cubos Maderoterapia"},{"@type":"BreadcrumbList","@id":"https:\/\/maderoterapiaonline.org\/fr\/producto\/rodillo-4-cubos-maderoterapia\/#breadcrumb","itemListElement":[{"@type":"ListItem","position":1,"name":"Portada","item":"https:\/\/maderoterapiaonline.org\/fr\/"},{"@type":"ListItem","position":2,"name":"Boutique","item":"https:\/\/maderoterapiaonline.org\/kits-maderas\/"},{"@type":"ListItem","position":3,"name":"Rouleau 4 cubes Maderoth\u00e9rapie"}]},{"@type":"WebSite","@id":"https:\/\/maderoterapiaonline.org\/fr\/#website","url":"https:\/\/maderoterapiaonline.org\/fr\/","name":"Maderoterapia Online","description":"Compra tu kit de Maderoterapia Profesional. Env\u00edos 24\/48h. Atenci\u00f3n al cliente por profesionales Maderoterapeutas","publisher":{"@id":"https:\/\/maderoterapiaonline.org\/fr\/#organization"},"alternateName":"Maderoterapiaonline.org","potentialAction":[{"@type":"SearchAction","target":{"@type":"EntryPoint","urlTemplate":"https:\/\/maderoterapiaonline.org\/fr\/?s={search_term_string}"},"query-input":{"@type":"PropertyValueSpecification","valueRequired":true,"valueName":"search_term_string"}}],"inLanguage":"fr-FR"},{"@type":"Organization","@id":"https:\/\/maderoterapiaonline.org\/fr\/#organization","name":"Maderoterapia Est\u00e9tica Espa\u00f1a \u2013 Dori L\u00f3pez\u00ae y Escuela Profesional Maderoterapia Online\u00ae.","url":"https:\/\/maderoterapiaonline.org\/fr\/","logo":{"@type":"ImageObject","inLanguage":"fr-FR","@id":"https:\/\/maderoterapiaonline.org\/fr\/#\/schema\/logo\/image\/","url":"https:\/\/maderoterapiaonline.org\/wp-content\/uploads\/2025\/03\/Logo-M-1.png","contentUrl":"https:\/\/maderoterapiaonline.org\/wp-content\/uploads\/2025\/03\/Logo-M-1.png","width":1464,"height":1051,"caption":"Maderoterapia Est\u00e9tica Espa\u00f1a \u2013 Dori L\u00f3pez\u00ae y Escuela Profesional Maderoterapia Online\u00ae."},"image":{"@id":"https:\/\/maderoterapiaonline.org\/fr\/#\/schema\/logo\/image\/"}}]}},"_links":{"self":[{"href":"https:\/\/maderoterapiaonline.org\/fr\/wp-json\/wp\/v2\/product\/42537","targetHints":{"allow":["GET"]}}],"collection":[{"href":"https:\/\/maderoterapiaonline.org\/fr\/wp-json\/wp\/v2\/product"}],"about":[{"href":"https:\/\/maderoterapiaonline.org\/fr\/wp-json\/wp\/v2\/types\/product"}],"replies":[{"embeddable":true,"href":"https:\/\/maderoterapiaonline.org\/fr\/wp-json\/wp\/v2\/comments?post=42537"}],"wp:featuredmedia":[{"embeddable":true,"href":"https:\/\/maderoterapiaonline.org\/fr\/wp-json\/wp\/v2\/media\/41549"}],"wp:attachment":[{"href":"https:\/\/maderoterapiaonline.org\/fr\/wp-json\/wp\/v2\/media?parent=42537"}],"wp:term":[{"taxonomy":"product_brand","embeddable":true,"href":"https:\/\/maderoterapiaonline.org\/fr\/wp-json\/wp\/v2\/product_brand?post=42537"},{"taxonomy":"product_cat","embeddable":true,"href":"https:\/\/maderoterapiaonline.org\/fr\/wp-json\/wp\/v2\/product_cat?post=42537"},{"taxonomy":"product_tag","embeddable":true,"href":"https:\/\/maderoterapiaonline.org\/fr\/wp-json\/wp\/v2\/product_tag?post=42537"}],"curies":[{"name":"wp","href":"https:\/\/api.w.org\/{rel}","templated":true}]}}