{"id":42535,"date":"2023-06-06T05:08:55","date_gmt":"2023-06-06T03:08:55","guid":{"rendered":"https:\/\/maderoterapiaonline.org\/producto\/champignon-maderotherapie-hetre\/"},"modified":"2024-08-26T11:52:07","modified_gmt":"2024-08-26T09:52:07","slug":"champignon-maderotherapie-hetre","status":"publish","type":"product","link":"https:\/\/maderoterapiaonline.org\/fr\/producto\/champignon-maderotherapie-hetre\/","title":{"rendered":"Champignon Maderoth\u00e9rapie H\u00eatre"},"content":{"rendered":"<p><iframe loading=\"lazy\" title=\"Vid\u00e9o YouTube\" src=\"https:\/\/www.youtube.com\/embed\/x-K-M4XKgXg?si=IXevQ9eubJyigRTS\" width=\"560\" height=\"315\" frameborder=\"0\" allowfullscreen=\"allowfullscreen\"><\/iframe>  R\u00e9duire le volume et \u00e9liminer la cellulite ? Avec <strong>le champignon r\u00e9ducteur anti-cellulite<\/strong> , vous pouvez approfondir le traitement pour r\u00e9duire le volume et \u00e9liminer la cellulite plus efficacement. <strong>Le champignon Maderoterapia<\/strong> est fabriqu\u00e9 en bois de h\u00eatre, con\u00e7u pour le Maderoterapia en ligne. Avec le Champignon, nous pouvons d\u00e9faire de mani\u00e8re plus efficace les 4 types de cellulite qui existent, ce qui en fait un \u00e9l\u00e9ment indispensable dans un bon traitement anticellulite, en plus de sa capacit\u00e9 impressionnante \u00e0 r\u00e9duire le volume caus\u00e9 par les liquides et la graisse, pour obtenir les meilleurs r\u00e9sultats. Quantit\u00e9&nbsp;: 1 champignon  &nbsp;<\/p>\n","protected":false},"excerpt":{"rendered":"<p>R\u00e9duire le volume et \u00e9liminer la cellulite ? <strong>Avec le champignon r\u00e9ducteur anti-cellulite<\/strong> , vous pouvez approfondir le traitement pour r\u00e9duire le volume et \u00e9liminer la cellulite plus efficacement. <strong>Le champignon Maderoterapia<\/strong> est fabriqu\u00e9 en bois de h\u00eatre, con\u00e7u pour le Maderoterapia en ligne. Avec le Champignon, nous pouvons d\u00e9faire de mani\u00e8re plus efficace les 4 types de cellulite qui existent, ce qui en fait un \u00e9l\u00e9ment indispensable dans un bon traitement anticellulite, en plus de sa capacit\u00e9 impressionnante \u00e0 r\u00e9duire le volume caus\u00e9 par les liquides et la graisse, pour obtenir les meilleurs r\u00e9sultats. Quantit\u00e9&nbsp;: 1 champignon  &nbsp;<\/p>\n","protected":false},"featured_media":41861,"comment_status":"closed","ping_status":"closed","template":"","meta":{"content-type":""},"product_brand":[],"product_cat":[387,388],"product_tag":[],"class_list":{"0":"post-42535","1":"product","2":"type-product","3":"status-publish","4":"has-post-thumbnail","6":"product_cat-elements-en-bois","7":"product_cat-therapie-du-bois","9":"first","10":"instock","11":"taxable","12":"shipping-taxable","13":"purchasable","14":"product-type-simple"},"yoast_head":"<!-- This site is optimized with the Yoast SEO plugin v27.2 - https:\/\/yoast.com\/product\/yoast-seo-wordpress\/ -->\n<title>Champignon Maderoth\u00e9rapie H\u00eatre - Maderoterapia Online<\/title>\n<meta name=\"robots\" content=\"index, follow, max-snippet:-1, max-image-preview:large, max-video-preview:-1\" \/>\n<link rel=\"canonical\" href=\"https:\/\/maderoterapiaonline.org\/fr\/producto\/champignon-maderotherapie-hetre\/\" \/>\n<meta property=\"og:locale\" content=\"fr_FR\" \/>\n<meta property=\"og:type\" content=\"article\" \/>\n<meta property=\"og:title\" content=\"Champignon Maderoth\u00e9rapie H\u00eatre - Maderoterapia Online\" \/>\n<meta property=\"og:description\" content=\"R\u00e9duire le volume et \u00e9liminer la cellulite ? Avec le champignon r\u00e9ducteur anti-cellulite , vous pouvez approfondir le traitement pour r\u00e9duire le volume et \u00e9liminer la cellulite plus efficacement. Le champignon Maderoterapia est fabriqu\u00e9 en bois de h\u00eatre, con\u00e7u pour le Maderoterapia en ligne. Avec le Champignon, nous pouvons d\u00e9faire de mani\u00e8re plus efficace les 4 types de cellulite qui existent, ce qui en fait un \u00e9l\u00e9ment indispensable dans un bon traitement anticellulite, en plus de sa capacit\u00e9 impressionnante \u00e0 r\u00e9duire le volume caus\u00e9 par les liquides et la graisse, pour obtenir les meilleurs r\u00e9sultats. Quantit\u00e9&nbsp;: 1 champignon &nbsp;\" \/>\n<meta property=\"og:url\" content=\"https:\/\/maderoterapiaonline.org\/fr\/producto\/champignon-maderotherapie-hetre\/\" \/>\n<meta property=\"og:site_name\" content=\"Maderoterapia Online\" \/>\n<meta property=\"article:modified_time\" content=\"2024-08-26T09:52:07+00:00\" \/>\n<meta property=\"og:image\" content=\"https:\/\/maderoterapiaonline.org\/wp-content\/uploads\/2023\/05\/1-25.jpg\" \/>\n\t<meta property=\"og:image:width\" content=\"1080\" \/>\n\t<meta property=\"og:image:height\" content=\"1080\" \/>\n\t<meta property=\"og:image:type\" content=\"image\/jpeg\" \/>\n<meta name=\"twitter:card\" content=\"summary_large_image\" \/>\n<meta name=\"twitter:label1\" content=\"Dur\u00e9e de lecture estim\u00e9e\" \/>\n\t<meta name=\"twitter:data1\" content=\"1 minute\" \/>\n<script type=\"application\/ld+json\" class=\"yoast-schema-graph\">{\"@context\":\"https:\/\/schema.org\",\"@graph\":[{\"@type\":\"WebPage\",\"@id\":\"https:\/\/maderoterapiaonline.org\/fr\/producto\/champignon-maderotherapie-hetre\/\",\"url\":\"https:\/\/maderoterapiaonline.org\/fr\/producto\/champignon-maderotherapie-hetre\/\",\"name\":\"Champignon Maderoth\u00e9rapie H\u00eatre - Maderoterapia Online\",\"isPartOf\":{\"@id\":\"https:\/\/maderoterapiaonline.org\/fr\/#website\"},\"primaryImageOfPage\":{\"@id\":\"https:\/\/maderoterapiaonline.org\/fr\/producto\/champignon-maderotherapie-hetre\/#primaryimage\"},\"image\":{\"@id\":\"https:\/\/maderoterapiaonline.org\/fr\/producto\/champignon-maderotherapie-hetre\/#primaryimage\"},\"thumbnailUrl\":\"https:\/\/maderoterapiaonline.org\/wp-content\/uploads\/2023\/05\/1-25.jpg\",\"datePublished\":\"2023-06-06T03:08:55+00:00\",\"dateModified\":\"2024-08-26T09:52:07+00:00\",\"breadcrumb\":{\"@id\":\"https:\/\/maderoterapiaonline.org\/fr\/producto\/champignon-maderotherapie-hetre\/#breadcrumb\"},\"inLanguage\":\"fr-FR\",\"potentialAction\":[{\"@type\":\"ReadAction\",\"target\":[\"https:\/\/maderoterapiaonline.org\/fr\/producto\/champignon-maderotherapie-hetre\/\"]}]},{\"@type\":\"ImageObject\",\"inLanguage\":\"fr-FR\",\"@id\":\"https:\/\/maderoterapiaonline.org\/fr\/producto\/champignon-maderotherapie-hetre\/#primaryimage\",\"url\":\"https:\/\/maderoterapiaonline.org\/wp-content\/uploads\/2023\/05\/1-25.jpg\",\"contentUrl\":\"https:\/\/maderoterapiaonline.org\/wp-content\/uploads\/2023\/05\/1-25.jpg\",\"width\":1080,\"height\":1080,\"caption\":\"Champi\u00f1\u00f3n Maderoterapia Haya\"},{\"@type\":\"BreadcrumbList\",\"@id\":\"https:\/\/maderoterapiaonline.org\/fr\/producto\/champignon-maderotherapie-hetre\/#breadcrumb\",\"itemListElement\":[{\"@type\":\"ListItem\",\"position\":1,\"name\":\"Portada\",\"item\":\"https:\/\/maderoterapiaonline.org\/fr\/\"},{\"@type\":\"ListItem\",\"position\":2,\"name\":\"Boutique\",\"item\":\"https:\/\/maderoterapiaonline.org\/kits-maderas\/\"},{\"@type\":\"ListItem\",\"position\":3,\"name\":\"Champignon Maderoth\u00e9rapie H\u00eatre\"}]},{\"@type\":\"WebSite\",\"@id\":\"https:\/\/maderoterapiaonline.org\/fr\/#website\",\"url\":\"https:\/\/maderoterapiaonline.org\/fr\/\",\"name\":\"Maderoterapia Online\",\"description\":\"Compra tu kit de Maderoterapia Profesional. Env\u00edos 24\/48h. Atenci\u00f3n al cliente por profesionales Maderoterapeutas\",\"publisher\":{\"@id\":\"https:\/\/maderoterapiaonline.org\/fr\/#organization\"},\"alternateName\":\"Maderoterapiaonline.org\",\"potentialAction\":[{\"@type\":\"SearchAction\",\"target\":{\"@type\":\"EntryPoint\",\"urlTemplate\":\"https:\/\/maderoterapiaonline.org\/fr\/?s={search_term_string}\"},\"query-input\":{\"@type\":\"PropertyValueSpecification\",\"valueRequired\":true,\"valueName\":\"search_term_string\"}}],\"inLanguage\":\"fr-FR\"},{\"@type\":\"Organization\",\"@id\":\"https:\/\/maderoterapiaonline.org\/fr\/#organization\",\"name\":\"Maderoterapia Est\u00e9tica Espa\u00f1a \u2013 Dori L\u00f3pez\u00ae y Escuela Profesional Maderoterapia Online\u00ae.\",\"url\":\"https:\/\/maderoterapiaonline.org\/fr\/\",\"logo\":{\"@type\":\"ImageObject\",\"inLanguage\":\"fr-FR\",\"@id\":\"https:\/\/maderoterapiaonline.org\/fr\/#\/schema\/logo\/image\/\",\"url\":\"https:\/\/maderoterapiaonline.org\/wp-content\/uploads\/2025\/03\/Logo-M-1.png\",\"contentUrl\":\"https:\/\/maderoterapiaonline.org\/wp-content\/uploads\/2025\/03\/Logo-M-1.png\",\"width\":1464,\"height\":1051,\"caption\":\"Maderoterapia Est\u00e9tica Espa\u00f1a \u2013 Dori L\u00f3pez\u00ae y Escuela Profesional Maderoterapia Online\u00ae.\"},\"image\":{\"@id\":\"https:\/\/maderoterapiaonline.org\/fr\/#\/schema\/logo\/image\/\"}}]}<\/script>\n<!-- \/ Yoast SEO plugin. -->","yoast_head_json":{"title":"Champignon Maderoth\u00e9rapie H\u00eatre - Maderoterapia Online","robots":{"index":"index","follow":"follow","max-snippet":"max-snippet:-1","max-image-preview":"max-image-preview:large","max-video-preview":"max-video-preview:-1"},"canonical":"https:\/\/maderoterapiaonline.org\/fr\/producto\/champignon-maderotherapie-hetre\/","og_locale":"fr_FR","og_type":"article","og_title":"Champignon Maderoth\u00e9rapie H\u00eatre - Maderoterapia Online","og_description":"R\u00e9duire le volume et \u00e9liminer la cellulite ? Avec le champignon r\u00e9ducteur anti-cellulite , vous pouvez approfondir le traitement pour r\u00e9duire le volume et \u00e9liminer la cellulite plus efficacement. Le champignon Maderoterapia est fabriqu\u00e9 en bois de h\u00eatre, con\u00e7u pour le Maderoterapia en ligne. Avec le Champignon, nous pouvons d\u00e9faire de mani\u00e8re plus efficace les 4 types de cellulite qui existent, ce qui en fait un \u00e9l\u00e9ment indispensable dans un bon traitement anticellulite, en plus de sa capacit\u00e9 impressionnante \u00e0 r\u00e9duire le volume caus\u00e9 par les liquides et la graisse, pour obtenir les meilleurs r\u00e9sultats. Quantit\u00e9&nbsp;: 1 champignon &nbsp;","og_url":"https:\/\/maderoterapiaonline.org\/fr\/producto\/champignon-maderotherapie-hetre\/","og_site_name":"Maderoterapia Online","article_modified_time":"2024-08-26T09:52:07+00:00","og_image":[{"width":1080,"height":1080,"url":"https:\/\/maderoterapiaonline.org\/wp-content\/uploads\/2023\/05\/1-25.jpg","type":"image\/jpeg"}],"twitter_card":"summary_large_image","twitter_misc":{"Dur\u00e9e de lecture estim\u00e9e":"1 minute"},"schema":{"@context":"https:\/\/schema.org","@graph":[{"@type":"WebPage","@id":"https:\/\/maderoterapiaonline.org\/fr\/producto\/champignon-maderotherapie-hetre\/","url":"https:\/\/maderoterapiaonline.org\/fr\/producto\/champignon-maderotherapie-hetre\/","name":"Champignon Maderoth\u00e9rapie H\u00eatre - Maderoterapia Online","isPartOf":{"@id":"https:\/\/maderoterapiaonline.org\/fr\/#website"},"primaryImageOfPage":{"@id":"https:\/\/maderoterapiaonline.org\/fr\/producto\/champignon-maderotherapie-hetre\/#primaryimage"},"image":{"@id":"https:\/\/maderoterapiaonline.org\/fr\/producto\/champignon-maderotherapie-hetre\/#primaryimage"},"thumbnailUrl":"https:\/\/maderoterapiaonline.org\/wp-content\/uploads\/2023\/05\/1-25.jpg","datePublished":"2023-06-06T03:08:55+00:00","dateModified":"2024-08-26T09:52:07+00:00","breadcrumb":{"@id":"https:\/\/maderoterapiaonline.org\/fr\/producto\/champignon-maderotherapie-hetre\/#breadcrumb"},"inLanguage":"fr-FR","potentialAction":[{"@type":"ReadAction","target":["https:\/\/maderoterapiaonline.org\/fr\/producto\/champignon-maderotherapie-hetre\/"]}]},{"@type":"ImageObject","inLanguage":"fr-FR","@id":"https:\/\/maderoterapiaonline.org\/fr\/producto\/champignon-maderotherapie-hetre\/#primaryimage","url":"https:\/\/maderoterapiaonline.org\/wp-content\/uploads\/2023\/05\/1-25.jpg","contentUrl":"https:\/\/maderoterapiaonline.org\/wp-content\/uploads\/2023\/05\/1-25.jpg","width":1080,"height":1080,"caption":"Champi\u00f1\u00f3n Maderoterapia Haya"},{"@type":"BreadcrumbList","@id":"https:\/\/maderoterapiaonline.org\/fr\/producto\/champignon-maderotherapie-hetre\/#breadcrumb","itemListElement":[{"@type":"ListItem","position":1,"name":"Portada","item":"https:\/\/maderoterapiaonline.org\/fr\/"},{"@type":"ListItem","position":2,"name":"Boutique","item":"https:\/\/maderoterapiaonline.org\/kits-maderas\/"},{"@type":"ListItem","position":3,"name":"Champignon Maderoth\u00e9rapie H\u00eatre"}]},{"@type":"WebSite","@id":"https:\/\/maderoterapiaonline.org\/fr\/#website","url":"https:\/\/maderoterapiaonline.org\/fr\/","name":"Maderoterapia Online","description":"Compra tu kit de Maderoterapia Profesional. Env\u00edos 24\/48h. Atenci\u00f3n al cliente por profesionales Maderoterapeutas","publisher":{"@id":"https:\/\/maderoterapiaonline.org\/fr\/#organization"},"alternateName":"Maderoterapiaonline.org","potentialAction":[{"@type":"SearchAction","target":{"@type":"EntryPoint","urlTemplate":"https:\/\/maderoterapiaonline.org\/fr\/?s={search_term_string}"},"query-input":{"@type":"PropertyValueSpecification","valueRequired":true,"valueName":"search_term_string"}}],"inLanguage":"fr-FR"},{"@type":"Organization","@id":"https:\/\/maderoterapiaonline.org\/fr\/#organization","name":"Maderoterapia Est\u00e9tica Espa\u00f1a \u2013 Dori L\u00f3pez\u00ae y Escuela Profesional Maderoterapia Online\u00ae.","url":"https:\/\/maderoterapiaonline.org\/fr\/","logo":{"@type":"ImageObject","inLanguage":"fr-FR","@id":"https:\/\/maderoterapiaonline.org\/fr\/#\/schema\/logo\/image\/","url":"https:\/\/maderoterapiaonline.org\/wp-content\/uploads\/2025\/03\/Logo-M-1.png","contentUrl":"https:\/\/maderoterapiaonline.org\/wp-content\/uploads\/2025\/03\/Logo-M-1.png","width":1464,"height":1051,"caption":"Maderoterapia Est\u00e9tica Espa\u00f1a \u2013 Dori L\u00f3pez\u00ae y Escuela Profesional Maderoterapia Online\u00ae."},"image":{"@id":"https:\/\/maderoterapiaonline.org\/fr\/#\/schema\/logo\/image\/"}}]}},"_links":{"self":[{"href":"https:\/\/maderoterapiaonline.org\/fr\/wp-json\/wp\/v2\/product\/42535","targetHints":{"allow":["GET"]}}],"collection":[{"href":"https:\/\/maderoterapiaonline.org\/fr\/wp-json\/wp\/v2\/product"}],"about":[{"href":"https:\/\/maderoterapiaonline.org\/fr\/wp-json\/wp\/v2\/types\/product"}],"replies":[{"embeddable":true,"href":"https:\/\/maderoterapiaonline.org\/fr\/wp-json\/wp\/v2\/comments?post=42535"}],"wp:featuredmedia":[{"embeddable":true,"href":"https:\/\/maderoterapiaonline.org\/fr\/wp-json\/wp\/v2\/media\/41861"}],"wp:attachment":[{"href":"https:\/\/maderoterapiaonline.org\/fr\/wp-json\/wp\/v2\/media?parent=42535"}],"wp:term":[{"taxonomy":"product_brand","embeddable":true,"href":"https:\/\/maderoterapiaonline.org\/fr\/wp-json\/wp\/v2\/product_brand?post=42535"},{"taxonomy":"product_cat","embeddable":true,"href":"https:\/\/maderoterapiaonline.org\/fr\/wp-json\/wp\/v2\/product_cat?post=42535"},{"taxonomy":"product_tag","embeddable":true,"href":"https:\/\/maderoterapiaonline.org\/fr\/wp-json\/wp\/v2\/product_tag?post=42535"}],"curies":[{"name":"wp","href":"https:\/\/api.w.org\/{rel}","templated":true}]}}