{"id":42530,"date":"2023-05-29T05:08:59","date_gmt":"2023-05-29T03:08:59","guid":{"rendered":"https:\/\/maderoterapiaonline.org\/producto\/rouleau-4-cubes-style\/"},"modified":"2025-10-08T10:02:23","modified_gmt":"2025-10-08T08:02:23","slug":"rouleau-4-cubes-style","status":"publish","type":"product","link":"https:\/\/maderoterapiaonline.org\/fr\/producto\/rouleau-4-cubes-style\/","title":{"rendered":"Rouleau de Mad\u00e9roth\u00e9rapie 4 cubes Style"},"content":{"rendered":"","protected":false},"excerpt":{"rendered":"<p>D\u00e9couvrez le <strong>rouleau de style Maderoterapia 4 seaux<\/strong> pour application dans Maderoterapia en bois et con\u00e7u par Maderoterapia Est\u00e9tica Espagne\u00ae<\/p>\n<p>Le style Maderoterapia roller 4 cubes est l\u2019un des \u00e9l\u00e9ments les plus utilis\u00e9s dans la th\u00e9rapie esth\u00e9tique du bois, en fait, il est surnomm\u00e9 l\u2019aplatisseur de ventre, car il est utilis\u00e9 pour d\u00e9tacher la graisse la plus r\u00e9sistante, pour pouvoir la drainer \u00e0 travers les m\u00e9canismes d\u2019\u00e9limination du corps.<\/p>\n<p>Avec le rouleau \u00e0 cubes Style de Maderoterapia online, vous pouvez obtenir les meilleurs r\u00e9sultats garantis, que ce soit sur les mollets, les cuisses, les fesses, l&rsquo;abdomen, les flancs, le dos ou les bras. Sa conception anatomique \u00e0 4 cubes permet d&rsquo;acc\u00e9der aux zones plus r\u00e9duites sans causer de g\u00eane \u00e0 la personne, tout en \u00e9tant capable de couvrir de grandes surfaces avec peu d&rsquo;effort.<\/p>\n","protected":false},"featured_media":41975,"comment_status":"closed","ping_status":"closed","template":"","meta":{"content-type":""},"product_brand":[],"product_cat":[387,388],"product_tag":[],"class_list":{"0":"post-42530","1":"product","2":"type-product","3":"status-publish","4":"has-post-thumbnail","6":"product_cat-elements-en-bois","7":"product_cat-therapie-du-bois","9":"first","10":"instock","11":"taxable","12":"shipping-taxable","13":"purchasable","14":"product-type-simple"},"yoast_head":"<!-- This site is optimized with the Yoast SEO plugin v27.2 - https:\/\/yoast.com\/product\/yoast-seo-wordpress\/ -->\n<title>Rouleau de Mad\u00e9roth\u00e9rapie 4 cubes Style - Maderoterapia Online<\/title>\n<meta name=\"robots\" content=\"index, follow, max-snippet:-1, max-image-preview:large, max-video-preview:-1\" \/>\n<link rel=\"canonical\" href=\"https:\/\/maderoterapiaonline.org\/fr\/producto\/rouleau-4-cubes-style\/\" \/>\n<meta property=\"og:locale\" content=\"fr_FR\" \/>\n<meta property=\"og:type\" content=\"article\" \/>\n<meta property=\"og:title\" content=\"Rouleau de Mad\u00e9roth\u00e9rapie 4 cubes Style - Maderoterapia Online\" \/>\n<meta property=\"og:description\" content=\"D\u00e9couvrez le rouleau de style Maderoterapia 4 seaux pour application dans Maderoterapia en bois et con\u00e7u par Maderoterapia Est\u00e9tica Espagne\u00ae Le style Maderoterapia roller 4 cubes est l\u2019un des \u00e9l\u00e9ments les plus utilis\u00e9s dans la th\u00e9rapie esth\u00e9tique du bois, en fait, il est surnomm\u00e9 l\u2019aplatisseur de ventre, car il est utilis\u00e9 pour d\u00e9tacher la graisse la plus r\u00e9sistante, pour pouvoir la drainer \u00e0 travers les m\u00e9canismes d\u2019\u00e9limination du corps. Avec le rouleau \u00e0 cubes Style de Maderoterapia online, vous pouvez obtenir les meilleurs r\u00e9sultats garantis, que ce soit sur les mollets, les cuisses, les fesses, l&#039;abdomen, les flancs, le dos ou les bras. Sa conception anatomique \u00e0 4 cubes permet d&#039;acc\u00e9der aux zones plus r\u00e9duites sans causer de g\u00eane \u00e0 la personne, tout en \u00e9tant capable de couvrir de grandes surfaces avec peu d&#039;effort.\" \/>\n<meta property=\"og:url\" content=\"https:\/\/maderoterapiaonline.org\/fr\/producto\/rouleau-4-cubes-style\/\" \/>\n<meta property=\"og:site_name\" content=\"Maderoterapia Online\" \/>\n<meta property=\"article:modified_time\" content=\"2025-10-08T08:02:23+00:00\" \/>\n<meta property=\"og:image\" content=\"https:\/\/maderoterapiaonline.org\/wp-content\/uploads\/2023\/05\/rodillo-4-cubos-haya-colombia-styles.jpg\" \/>\n\t<meta property=\"og:image:width\" content=\"1080\" \/>\n\t<meta property=\"og:image:height\" content=\"1080\" \/>\n\t<meta property=\"og:image:type\" content=\"image\/jpeg\" \/>\n<meta name=\"twitter:card\" content=\"summary_large_image\" \/>\n<script type=\"application\/ld+json\" class=\"yoast-schema-graph\">{\"@context\":\"https:\/\/schema.org\",\"@graph\":[{\"@type\":\"WebPage\",\"@id\":\"https:\/\/maderoterapiaonline.org\/fr\/producto\/rouleau-4-cubes-style\/\",\"url\":\"https:\/\/maderoterapiaonline.org\/fr\/producto\/rouleau-4-cubes-style\/\",\"name\":\"Rouleau de Mad\u00e9roth\u00e9rapie 4 cubes Style - Maderoterapia Online\",\"isPartOf\":{\"@id\":\"https:\/\/maderoterapiaonline.org\/fr\/#website\"},\"primaryImageOfPage\":{\"@id\":\"https:\/\/maderoterapiaonline.org\/fr\/producto\/rouleau-4-cubes-style\/#primaryimage\"},\"image\":{\"@id\":\"https:\/\/maderoterapiaonline.org\/fr\/producto\/rouleau-4-cubes-style\/#primaryimage\"},\"thumbnailUrl\":\"https:\/\/maderoterapiaonline.org\/wp-content\/uploads\/2023\/05\/rodillo-4-cubos-haya-colombia-styles.jpg\",\"datePublished\":\"2023-05-29T03:08:59+00:00\",\"dateModified\":\"2025-10-08T08:02:23+00:00\",\"breadcrumb\":{\"@id\":\"https:\/\/maderoterapiaonline.org\/fr\/producto\/rouleau-4-cubes-style\/#breadcrumb\"},\"inLanguage\":\"fr-FR\",\"potentialAction\":[{\"@type\":\"ReadAction\",\"target\":[\"https:\/\/maderoterapiaonline.org\/fr\/producto\/rouleau-4-cubes-style\/\"]}]},{\"@type\":\"ImageObject\",\"inLanguage\":\"fr-FR\",\"@id\":\"https:\/\/maderoterapiaonline.org\/fr\/producto\/rouleau-4-cubes-style\/#primaryimage\",\"url\":\"https:\/\/maderoterapiaonline.org\/wp-content\/uploads\/2023\/05\/rodillo-4-cubos-haya-colombia-styles.jpg\",\"contentUrl\":\"https:\/\/maderoterapiaonline.org\/wp-content\/uploads\/2023\/05\/rodillo-4-cubos-haya-colombia-styles.jpg\",\"width\":1080,\"height\":1080,\"caption\":\"Rodillo Maderoterapia 4 cubos Style\"},{\"@type\":\"BreadcrumbList\",\"@id\":\"https:\/\/maderoterapiaonline.org\/fr\/producto\/rouleau-4-cubes-style\/#breadcrumb\",\"itemListElement\":[{\"@type\":\"ListItem\",\"position\":1,\"name\":\"Portada\",\"item\":\"https:\/\/maderoterapiaonline.org\/fr\/\"},{\"@type\":\"ListItem\",\"position\":2,\"name\":\"Boutique\",\"item\":\"https:\/\/maderoterapiaonline.org\/kits-maderas\/\"},{\"@type\":\"ListItem\",\"position\":3,\"name\":\"Rouleau de Mad\u00e9roth\u00e9rapie 4 cubes Style\"}]},{\"@type\":\"WebSite\",\"@id\":\"https:\/\/maderoterapiaonline.org\/fr\/#website\",\"url\":\"https:\/\/maderoterapiaonline.org\/fr\/\",\"name\":\"Maderoterapia Online\",\"description\":\"Compra tu kit de Maderoterapia Profesional. Env\u00edos 24\/48h. Atenci\u00f3n al cliente por profesionales Maderoterapeutas\",\"publisher\":{\"@id\":\"https:\/\/maderoterapiaonline.org\/fr\/#organization\"},\"alternateName\":\"Maderoterapiaonline.org\",\"potentialAction\":[{\"@type\":\"SearchAction\",\"target\":{\"@type\":\"EntryPoint\",\"urlTemplate\":\"https:\/\/maderoterapiaonline.org\/fr\/?s={search_term_string}\"},\"query-input\":{\"@type\":\"PropertyValueSpecification\",\"valueRequired\":true,\"valueName\":\"search_term_string\"}}],\"inLanguage\":\"fr-FR\"},{\"@type\":\"Organization\",\"@id\":\"https:\/\/maderoterapiaonline.org\/fr\/#organization\",\"name\":\"Maderoterapia Est\u00e9tica Espa\u00f1a \u2013 Dori L\u00f3pez\u00ae y Escuela Profesional Maderoterapia Online\u00ae.\",\"url\":\"https:\/\/maderoterapiaonline.org\/fr\/\",\"logo\":{\"@type\":\"ImageObject\",\"inLanguage\":\"fr-FR\",\"@id\":\"https:\/\/maderoterapiaonline.org\/fr\/#\/schema\/logo\/image\/\",\"url\":\"https:\/\/maderoterapiaonline.org\/wp-content\/uploads\/2025\/03\/Logo-M-1.png\",\"contentUrl\":\"https:\/\/maderoterapiaonline.org\/wp-content\/uploads\/2025\/03\/Logo-M-1.png\",\"width\":1464,\"height\":1051,\"caption\":\"Maderoterapia Est\u00e9tica Espa\u00f1a \u2013 Dori L\u00f3pez\u00ae y Escuela Profesional Maderoterapia Online\u00ae.\"},\"image\":{\"@id\":\"https:\/\/maderoterapiaonline.org\/fr\/#\/schema\/logo\/image\/\"}}]}<\/script>\n<!-- \/ Yoast SEO plugin. -->","yoast_head_json":{"title":"Rouleau de Mad\u00e9roth\u00e9rapie 4 cubes Style - Maderoterapia Online","robots":{"index":"index","follow":"follow","max-snippet":"max-snippet:-1","max-image-preview":"max-image-preview:large","max-video-preview":"max-video-preview:-1"},"canonical":"https:\/\/maderoterapiaonline.org\/fr\/producto\/rouleau-4-cubes-style\/","og_locale":"fr_FR","og_type":"article","og_title":"Rouleau de Mad\u00e9roth\u00e9rapie 4 cubes Style - Maderoterapia Online","og_description":"D\u00e9couvrez le rouleau de style Maderoterapia 4 seaux pour application dans Maderoterapia en bois et con\u00e7u par Maderoterapia Est\u00e9tica Espagne\u00ae Le style Maderoterapia roller 4 cubes est l\u2019un des \u00e9l\u00e9ments les plus utilis\u00e9s dans la th\u00e9rapie esth\u00e9tique du bois, en fait, il est surnomm\u00e9 l\u2019aplatisseur de ventre, car il est utilis\u00e9 pour d\u00e9tacher la graisse la plus r\u00e9sistante, pour pouvoir la drainer \u00e0 travers les m\u00e9canismes d\u2019\u00e9limination du corps. Avec le rouleau \u00e0 cubes Style de Maderoterapia online, vous pouvez obtenir les meilleurs r\u00e9sultats garantis, que ce soit sur les mollets, les cuisses, les fesses, l'abdomen, les flancs, le dos ou les bras. Sa conception anatomique \u00e0 4 cubes permet d'acc\u00e9der aux zones plus r\u00e9duites sans causer de g\u00eane \u00e0 la personne, tout en \u00e9tant capable de couvrir de grandes surfaces avec peu d'effort.","og_url":"https:\/\/maderoterapiaonline.org\/fr\/producto\/rouleau-4-cubes-style\/","og_site_name":"Maderoterapia Online","article_modified_time":"2025-10-08T08:02:23+00:00","og_image":[{"width":1080,"height":1080,"url":"https:\/\/maderoterapiaonline.org\/wp-content\/uploads\/2023\/05\/rodillo-4-cubos-haya-colombia-styles.jpg","type":"image\/jpeg"}],"twitter_card":"summary_large_image","schema":{"@context":"https:\/\/schema.org","@graph":[{"@type":"WebPage","@id":"https:\/\/maderoterapiaonline.org\/fr\/producto\/rouleau-4-cubes-style\/","url":"https:\/\/maderoterapiaonline.org\/fr\/producto\/rouleau-4-cubes-style\/","name":"Rouleau de Mad\u00e9roth\u00e9rapie 4 cubes Style - Maderoterapia Online","isPartOf":{"@id":"https:\/\/maderoterapiaonline.org\/fr\/#website"},"primaryImageOfPage":{"@id":"https:\/\/maderoterapiaonline.org\/fr\/producto\/rouleau-4-cubes-style\/#primaryimage"},"image":{"@id":"https:\/\/maderoterapiaonline.org\/fr\/producto\/rouleau-4-cubes-style\/#primaryimage"},"thumbnailUrl":"https:\/\/maderoterapiaonline.org\/wp-content\/uploads\/2023\/05\/rodillo-4-cubos-haya-colombia-styles.jpg","datePublished":"2023-05-29T03:08:59+00:00","dateModified":"2025-10-08T08:02:23+00:00","breadcrumb":{"@id":"https:\/\/maderoterapiaonline.org\/fr\/producto\/rouleau-4-cubes-style\/#breadcrumb"},"inLanguage":"fr-FR","potentialAction":[{"@type":"ReadAction","target":["https:\/\/maderoterapiaonline.org\/fr\/producto\/rouleau-4-cubes-style\/"]}]},{"@type":"ImageObject","inLanguage":"fr-FR","@id":"https:\/\/maderoterapiaonline.org\/fr\/producto\/rouleau-4-cubes-style\/#primaryimage","url":"https:\/\/maderoterapiaonline.org\/wp-content\/uploads\/2023\/05\/rodillo-4-cubos-haya-colombia-styles.jpg","contentUrl":"https:\/\/maderoterapiaonline.org\/wp-content\/uploads\/2023\/05\/rodillo-4-cubos-haya-colombia-styles.jpg","width":1080,"height":1080,"caption":"Rodillo Maderoterapia 4 cubos Style"},{"@type":"BreadcrumbList","@id":"https:\/\/maderoterapiaonline.org\/fr\/producto\/rouleau-4-cubes-style\/#breadcrumb","itemListElement":[{"@type":"ListItem","position":1,"name":"Portada","item":"https:\/\/maderoterapiaonline.org\/fr\/"},{"@type":"ListItem","position":2,"name":"Boutique","item":"https:\/\/maderoterapiaonline.org\/kits-maderas\/"},{"@type":"ListItem","position":3,"name":"Rouleau de Mad\u00e9roth\u00e9rapie 4 cubes Style"}]},{"@type":"WebSite","@id":"https:\/\/maderoterapiaonline.org\/fr\/#website","url":"https:\/\/maderoterapiaonline.org\/fr\/","name":"Maderoterapia Online","description":"Compra tu kit de Maderoterapia Profesional. Env\u00edos 24\/48h. Atenci\u00f3n al cliente por profesionales Maderoterapeutas","publisher":{"@id":"https:\/\/maderoterapiaonline.org\/fr\/#organization"},"alternateName":"Maderoterapiaonline.org","potentialAction":[{"@type":"SearchAction","target":{"@type":"EntryPoint","urlTemplate":"https:\/\/maderoterapiaonline.org\/fr\/?s={search_term_string}"},"query-input":{"@type":"PropertyValueSpecification","valueRequired":true,"valueName":"search_term_string"}}],"inLanguage":"fr-FR"},{"@type":"Organization","@id":"https:\/\/maderoterapiaonline.org\/fr\/#organization","name":"Maderoterapia Est\u00e9tica Espa\u00f1a \u2013 Dori L\u00f3pez\u00ae y Escuela Profesional Maderoterapia Online\u00ae.","url":"https:\/\/maderoterapiaonline.org\/fr\/","logo":{"@type":"ImageObject","inLanguage":"fr-FR","@id":"https:\/\/maderoterapiaonline.org\/fr\/#\/schema\/logo\/image\/","url":"https:\/\/maderoterapiaonline.org\/wp-content\/uploads\/2025\/03\/Logo-M-1.png","contentUrl":"https:\/\/maderoterapiaonline.org\/wp-content\/uploads\/2025\/03\/Logo-M-1.png","width":1464,"height":1051,"caption":"Maderoterapia Est\u00e9tica Espa\u00f1a \u2013 Dori L\u00f3pez\u00ae y Escuela Profesional Maderoterapia Online\u00ae."},"image":{"@id":"https:\/\/maderoterapiaonline.org\/fr\/#\/schema\/logo\/image\/"}}]}},"_links":{"self":[{"href":"https:\/\/maderoterapiaonline.org\/fr\/wp-json\/wp\/v2\/product\/42530","targetHints":{"allow":["GET"]}}],"collection":[{"href":"https:\/\/maderoterapiaonline.org\/fr\/wp-json\/wp\/v2\/product"}],"about":[{"href":"https:\/\/maderoterapiaonline.org\/fr\/wp-json\/wp\/v2\/types\/product"}],"replies":[{"embeddable":true,"href":"https:\/\/maderoterapiaonline.org\/fr\/wp-json\/wp\/v2\/comments?post=42530"}],"wp:featuredmedia":[{"embeddable":true,"href":"https:\/\/maderoterapiaonline.org\/fr\/wp-json\/wp\/v2\/media\/41975"}],"wp:attachment":[{"href":"https:\/\/maderoterapiaonline.org\/fr\/wp-json\/wp\/v2\/media?parent=42530"}],"wp:term":[{"taxonomy":"product_brand","embeddable":true,"href":"https:\/\/maderoterapiaonline.org\/fr\/wp-json\/wp\/v2\/product_brand?post=42530"},{"taxonomy":"product_cat","embeddable":true,"href":"https:\/\/maderoterapiaonline.org\/fr\/wp-json\/wp\/v2\/product_cat?post=42530"},{"taxonomy":"product_tag","embeddable":true,"href":"https:\/\/maderoterapiaonline.org\/fr\/wp-json\/wp\/v2\/product_tag?post=42530"}],"curies":[{"name":"wp","href":"https:\/\/api.w.org\/{rel}","templated":true}]}}