{"id":42527,"date":"2023-05-25T05:08:51","date_gmt":"2023-05-25T03:08:51","guid":{"rendered":"https:\/\/maderoterapiaonline.org\/producto\/rouleau-de-10-disques-anticellulite-prime\/"},"modified":"2025-10-08T10:03:22","modified_gmt":"2025-10-08T08:03:22","slug":"rouleau-de-10-disques-anticellulite-prime-maderotherapie","status":"publish","type":"product","link":"https:\/\/maderoterapiaonline.org\/fr\/producto\/rouleau-de-10-disques-anticellulite-prime-maderotherapie\/","title":{"rendered":"Rouleau de mad\u00e9roth\u00e9rapie de 10 disques anti-cellulite PRIME"},"content":{"rendered":"<p>&nbsp;<\/p>\n<ul>\n<li><span class=\"a-list-item\">Le rouleau de massage en bois vous aide \u00e0 lutter contre les d\u00e9sagr\u00e9ables amas de graisse et \u00e0 \u00e9liminer l&rsquo;aspect peu attrayant de la peau d&rsquo;orange Il aide \u00e0 am\u00e9liorer la circulation sanguine, tonifie les muscles et lisse la peau. Il suffit d&rsquo;une br\u00e8ve relaxation quotidienne pour obtenir un traitement complet pour votre bien-\u00eatre avec le rouleau de massage en bois de h\u00eatre naturel.<\/span><\/li>\n<\/ul>\n<ul class=\"a-unordered-list a-vertical a-spacing-mini\">\n<li><span class=\"a-list-item\">Le dispositif de massage est utilis\u00e9 dans la Maderoth\u00e9rapie, une technique enti\u00e8rement naturelle et sp\u00e9ciale qui stimule le drainage lymphatique, garantissant ainsi une meilleure \u00e9limination de la cellulite, tout en d\u00e9composant les cellules graisseuses et en am\u00e9liorant ainsi la circulation sanguine et le drainage lymphatique dans tout le corps. En cons\u00e9quence, le corps re\u00e7oit plus d&rsquo;oxyg\u00e8ne et d&rsquo;autres nutriments dont la peau a besoin pour rester ferme et lisse.<\/span><\/li>\n<li><span class=\"a-list-item\">Fabriqu\u00e9 en bois 100% naturel. La qualit\u00e9 extr\u00eamement \u00e9lev\u00e9e et la solidit\u00e9 du bois offrent une dur\u00e9e de vie longue<\/span><\/li>\n<\/ul>\n<p>&nbsp;<\/p>\n","protected":false},"excerpt":{"rendered":"<p><strong>Le rouleau anti-cellulite \u00e0 10 disques Prime<\/strong> est une pi\u00e8ce sp\u00e9ciale pour polir le corps de votre client lors de vos s\u00e9ances de th\u00e9rapie par le bois et obtenir d\u2019excellents r\u00e9sultats lors des s\u00e9ances de th\u00e9rapie par le bois anti-cellulite<\/p>\n<p>Avec le rouleau \u00e0 10 disques, nous masserons avec des mouvements droits, lat\u00e9raux et circulaires de mani\u00e8re douce pour commencer \u00e0 \u00e9liminer la graisse et \u00e0 d\u00e9placer les liquides vers les ganglions, Nous nous pr\u00e9parons \u00e0 mouler.<\/p>\n<p>\u00a1Une pi\u00e8ce essentielle dans votre kit de th\u00e9rapie par le bois, achetez votre rouleau d\u00e8s maintenant et commencez \u00e0 g\u00e9n\u00e9rer des sourires chez vos clients!<\/p>\n<p>&nbsp;<\/p>\n","protected":false},"featured_media":41786,"comment_status":"closed","ping_status":"closed","template":"","meta":{"content-type":""},"product_brand":[],"product_cat":[387,388],"product_tag":[392],"class_list":{"0":"post-42527","1":"product","2":"type-product","3":"status-publish","4":"has-post-thumbnail","6":"product_cat-elements-en-bois","7":"product_cat-therapie-du-bois","8":"product_tag-therapie-corporelle-au-bois","10":"first","11":"instock","12":"taxable","13":"shipping-taxable","14":"purchasable","15":"product-type-simple"},"yoast_head":"<!-- This site is optimized with the Yoast SEO plugin v27.2 - https:\/\/yoast.com\/product\/yoast-seo-wordpress\/ -->\n<title>Rouleau de mad\u00e9roth\u00e9rapie de 10 disques anti-cellulite PRIME - Maderoterapia Online<\/title>\n<meta name=\"robots\" content=\"index, follow, max-snippet:-1, max-image-preview:large, max-video-preview:-1\" \/>\n<link rel=\"canonical\" href=\"https:\/\/maderoterapiaonline.org\/fr\/producto\/rouleau-de-10-disques-anticellulite-prime-maderotherapie\/\" \/>\n<meta property=\"og:locale\" content=\"fr_FR\" \/>\n<meta property=\"og:type\" content=\"article\" \/>\n<meta property=\"og:title\" content=\"Rouleau de mad\u00e9roth\u00e9rapie de 10 disques anti-cellulite PRIME - Maderoterapia Online\" \/>\n<meta property=\"og:description\" content=\"Le rouleau anti-cellulite \u00e0 10 disques Prime est une pi\u00e8ce sp\u00e9ciale pour polir le corps de votre client lors de vos s\u00e9ances de th\u00e9rapie par le bois et obtenir d\u2019excellents r\u00e9sultats lors des s\u00e9ances de th\u00e9rapie par le bois anti-cellulite Avec le rouleau \u00e0 10 disques, nous masserons avec des mouvements droits, lat\u00e9raux et circulaires de mani\u00e8re douce pour commencer \u00e0 \u00e9liminer la graisse et \u00e0 d\u00e9placer les liquides vers les ganglions, Nous nous pr\u00e9parons \u00e0 mouler. \u00a1Une pi\u00e8ce essentielle dans votre kit de th\u00e9rapie par le bois, achetez votre rouleau d\u00e8s maintenant et commencez \u00e0 g\u00e9n\u00e9rer des sourires chez vos clients! &nbsp;\" \/>\n<meta property=\"og:url\" content=\"https:\/\/maderoterapiaonline.org\/fr\/producto\/rouleau-de-10-disques-anticellulite-prime-maderotherapie\/\" \/>\n<meta property=\"og:site_name\" content=\"Maderoterapia Online\" \/>\n<meta property=\"article:modified_time\" content=\"2025-10-08T08:03:22+00:00\" \/>\n<meta property=\"og:image\" content=\"https:\/\/maderoterapiaonline.org\/wp-content\/uploads\/2023\/05\/IMG_9864_1.jpg\" \/>\n\t<meta property=\"og:image:width\" content=\"1080\" \/>\n\t<meta property=\"og:image:height\" content=\"1080\" \/>\n\t<meta property=\"og:image:type\" content=\"image\/jpeg\" \/>\n<meta name=\"twitter:card\" content=\"summary_large_image\" \/>\n<meta name=\"twitter:label1\" content=\"Dur\u00e9e de lecture estim\u00e9e\" \/>\n\t<meta name=\"twitter:data1\" content=\"1 minute\" \/>\n<script type=\"application\/ld+json\" class=\"yoast-schema-graph\">{\"@context\":\"https:\/\/schema.org\",\"@graph\":[{\"@type\":\"WebPage\",\"@id\":\"https:\/\/maderoterapiaonline.org\/fr\/producto\/rouleau-de-10-disques-anticellulite-prime-maderotherapie\/\",\"url\":\"https:\/\/maderoterapiaonline.org\/fr\/producto\/rouleau-de-10-disques-anticellulite-prime-maderotherapie\/\",\"name\":\"Rouleau de mad\u00e9roth\u00e9rapie de 10 disques anti-cellulite PRIME - Maderoterapia Online\",\"isPartOf\":{\"@id\":\"https:\/\/maderoterapiaonline.org\/fr\/#website\"},\"primaryImageOfPage\":{\"@id\":\"https:\/\/maderoterapiaonline.org\/fr\/producto\/rouleau-de-10-disques-anticellulite-prime-maderotherapie\/#primaryimage\"},\"image\":{\"@id\":\"https:\/\/maderoterapiaonline.org\/fr\/producto\/rouleau-de-10-disques-anticellulite-prime-maderotherapie\/#primaryimage\"},\"thumbnailUrl\":\"https:\/\/maderoterapiaonline.org\/wp-content\/uploads\/2023\/05\/IMG_9864_1.jpg\",\"datePublished\":\"2023-05-25T03:08:51+00:00\",\"dateModified\":\"2025-10-08T08:03:22+00:00\",\"breadcrumb\":{\"@id\":\"https:\/\/maderoterapiaonline.org\/fr\/producto\/rouleau-de-10-disques-anticellulite-prime-maderotherapie\/#breadcrumb\"},\"inLanguage\":\"fr-FR\",\"potentialAction\":[{\"@type\":\"ReadAction\",\"target\":[\"https:\/\/maderoterapiaonline.org\/fr\/producto\/rouleau-de-10-disques-anticellulite-prime-maderotherapie\/\"]}]},{\"@type\":\"ImageObject\",\"inLanguage\":\"fr-FR\",\"@id\":\"https:\/\/maderoterapiaonline.org\/fr\/producto\/rouleau-de-10-disques-anticellulite-prime-maderotherapie\/#primaryimage\",\"url\":\"https:\/\/maderoterapiaonline.org\/wp-content\/uploads\/2023\/05\/IMG_9864_1.jpg\",\"contentUrl\":\"https:\/\/maderoterapiaonline.org\/wp-content\/uploads\/2023\/05\/IMG_9864_1.jpg\",\"width\":1080,\"height\":1080,\"caption\":\"Rodillo Maderoterapia de 10 discos anticelulitis PRIME\"},{\"@type\":\"BreadcrumbList\",\"@id\":\"https:\/\/maderoterapiaonline.org\/fr\/producto\/rouleau-de-10-disques-anticellulite-prime-maderotherapie\/#breadcrumb\",\"itemListElement\":[{\"@type\":\"ListItem\",\"position\":1,\"name\":\"Portada\",\"item\":\"https:\/\/maderoterapiaonline.org\/fr\/\"},{\"@type\":\"ListItem\",\"position\":2,\"name\":\"Boutique\",\"item\":\"https:\/\/maderoterapiaonline.org\/kits-maderas\/\"},{\"@type\":\"ListItem\",\"position\":3,\"name\":\"Rouleau de mad\u00e9roth\u00e9rapie de 10 disques anti-cellulite PRIME\"}]},{\"@type\":\"WebSite\",\"@id\":\"https:\/\/maderoterapiaonline.org\/fr\/#website\",\"url\":\"https:\/\/maderoterapiaonline.org\/fr\/\",\"name\":\"Maderoterapia Online\",\"description\":\"Compra tu kit de Maderoterapia Profesional. Env\u00edos 24\/48h. Atenci\u00f3n al cliente por profesionales Maderoterapeutas\",\"publisher\":{\"@id\":\"https:\/\/maderoterapiaonline.org\/fr\/#organization\"},\"alternateName\":\"Maderoterapiaonline.org\",\"potentialAction\":[{\"@type\":\"SearchAction\",\"target\":{\"@type\":\"EntryPoint\",\"urlTemplate\":\"https:\/\/maderoterapiaonline.org\/fr\/?s={search_term_string}\"},\"query-input\":{\"@type\":\"PropertyValueSpecification\",\"valueRequired\":true,\"valueName\":\"search_term_string\"}}],\"inLanguage\":\"fr-FR\"},{\"@type\":\"Organization\",\"@id\":\"https:\/\/maderoterapiaonline.org\/fr\/#organization\",\"name\":\"Maderoterapia Est\u00e9tica Espa\u00f1a \u2013 Dori L\u00f3pez\u00ae y Escuela Profesional Maderoterapia Online\u00ae.\",\"url\":\"https:\/\/maderoterapiaonline.org\/fr\/\",\"logo\":{\"@type\":\"ImageObject\",\"inLanguage\":\"fr-FR\",\"@id\":\"https:\/\/maderoterapiaonline.org\/fr\/#\/schema\/logo\/image\/\",\"url\":\"https:\/\/maderoterapiaonline.org\/wp-content\/uploads\/2025\/03\/Logo-M-1.png\",\"contentUrl\":\"https:\/\/maderoterapiaonline.org\/wp-content\/uploads\/2025\/03\/Logo-M-1.png\",\"width\":1464,\"height\":1051,\"caption\":\"Maderoterapia Est\u00e9tica Espa\u00f1a \u2013 Dori L\u00f3pez\u00ae y Escuela Profesional Maderoterapia Online\u00ae.\"},\"image\":{\"@id\":\"https:\/\/maderoterapiaonline.org\/fr\/#\/schema\/logo\/image\/\"}}]}<\/script>\n<!-- \/ Yoast SEO plugin. -->","yoast_head_json":{"title":"Rouleau de mad\u00e9roth\u00e9rapie de 10 disques anti-cellulite PRIME - Maderoterapia Online","robots":{"index":"index","follow":"follow","max-snippet":"max-snippet:-1","max-image-preview":"max-image-preview:large","max-video-preview":"max-video-preview:-1"},"canonical":"https:\/\/maderoterapiaonline.org\/fr\/producto\/rouleau-de-10-disques-anticellulite-prime-maderotherapie\/","og_locale":"fr_FR","og_type":"article","og_title":"Rouleau de mad\u00e9roth\u00e9rapie de 10 disques anti-cellulite PRIME - Maderoterapia Online","og_description":"Le rouleau anti-cellulite \u00e0 10 disques Prime est une pi\u00e8ce sp\u00e9ciale pour polir le corps de votre client lors de vos s\u00e9ances de th\u00e9rapie par le bois et obtenir d\u2019excellents r\u00e9sultats lors des s\u00e9ances de th\u00e9rapie par le bois anti-cellulite Avec le rouleau \u00e0 10 disques, nous masserons avec des mouvements droits, lat\u00e9raux et circulaires de mani\u00e8re douce pour commencer \u00e0 \u00e9liminer la graisse et \u00e0 d\u00e9placer les liquides vers les ganglions, Nous nous pr\u00e9parons \u00e0 mouler. \u00a1Une pi\u00e8ce essentielle dans votre kit de th\u00e9rapie par le bois, achetez votre rouleau d\u00e8s maintenant et commencez \u00e0 g\u00e9n\u00e9rer des sourires chez vos clients! &nbsp;","og_url":"https:\/\/maderoterapiaonline.org\/fr\/producto\/rouleau-de-10-disques-anticellulite-prime-maderotherapie\/","og_site_name":"Maderoterapia Online","article_modified_time":"2025-10-08T08:03:22+00:00","og_image":[{"width":1080,"height":1080,"url":"https:\/\/maderoterapiaonline.org\/wp-content\/uploads\/2023\/05\/IMG_9864_1.jpg","type":"image\/jpeg"}],"twitter_card":"summary_large_image","twitter_misc":{"Dur\u00e9e de lecture estim\u00e9e":"1 minute"},"schema":{"@context":"https:\/\/schema.org","@graph":[{"@type":"WebPage","@id":"https:\/\/maderoterapiaonline.org\/fr\/producto\/rouleau-de-10-disques-anticellulite-prime-maderotherapie\/","url":"https:\/\/maderoterapiaonline.org\/fr\/producto\/rouleau-de-10-disques-anticellulite-prime-maderotherapie\/","name":"Rouleau de mad\u00e9roth\u00e9rapie de 10 disques anti-cellulite PRIME - Maderoterapia Online","isPartOf":{"@id":"https:\/\/maderoterapiaonline.org\/fr\/#website"},"primaryImageOfPage":{"@id":"https:\/\/maderoterapiaonline.org\/fr\/producto\/rouleau-de-10-disques-anticellulite-prime-maderotherapie\/#primaryimage"},"image":{"@id":"https:\/\/maderoterapiaonline.org\/fr\/producto\/rouleau-de-10-disques-anticellulite-prime-maderotherapie\/#primaryimage"},"thumbnailUrl":"https:\/\/maderoterapiaonline.org\/wp-content\/uploads\/2023\/05\/IMG_9864_1.jpg","datePublished":"2023-05-25T03:08:51+00:00","dateModified":"2025-10-08T08:03:22+00:00","breadcrumb":{"@id":"https:\/\/maderoterapiaonline.org\/fr\/producto\/rouleau-de-10-disques-anticellulite-prime-maderotherapie\/#breadcrumb"},"inLanguage":"fr-FR","potentialAction":[{"@type":"ReadAction","target":["https:\/\/maderoterapiaonline.org\/fr\/producto\/rouleau-de-10-disques-anticellulite-prime-maderotherapie\/"]}]},{"@type":"ImageObject","inLanguage":"fr-FR","@id":"https:\/\/maderoterapiaonline.org\/fr\/producto\/rouleau-de-10-disques-anticellulite-prime-maderotherapie\/#primaryimage","url":"https:\/\/maderoterapiaonline.org\/wp-content\/uploads\/2023\/05\/IMG_9864_1.jpg","contentUrl":"https:\/\/maderoterapiaonline.org\/wp-content\/uploads\/2023\/05\/IMG_9864_1.jpg","width":1080,"height":1080,"caption":"Rodillo Maderoterapia de 10 discos anticelulitis PRIME"},{"@type":"BreadcrumbList","@id":"https:\/\/maderoterapiaonline.org\/fr\/producto\/rouleau-de-10-disques-anticellulite-prime-maderotherapie\/#breadcrumb","itemListElement":[{"@type":"ListItem","position":1,"name":"Portada","item":"https:\/\/maderoterapiaonline.org\/fr\/"},{"@type":"ListItem","position":2,"name":"Boutique","item":"https:\/\/maderoterapiaonline.org\/kits-maderas\/"},{"@type":"ListItem","position":3,"name":"Rouleau de mad\u00e9roth\u00e9rapie de 10 disques anti-cellulite PRIME"}]},{"@type":"WebSite","@id":"https:\/\/maderoterapiaonline.org\/fr\/#website","url":"https:\/\/maderoterapiaonline.org\/fr\/","name":"Maderoterapia Online","description":"Compra tu kit de Maderoterapia Profesional. Env\u00edos 24\/48h. Atenci\u00f3n al cliente por profesionales Maderoterapeutas","publisher":{"@id":"https:\/\/maderoterapiaonline.org\/fr\/#organization"},"alternateName":"Maderoterapiaonline.org","potentialAction":[{"@type":"SearchAction","target":{"@type":"EntryPoint","urlTemplate":"https:\/\/maderoterapiaonline.org\/fr\/?s={search_term_string}"},"query-input":{"@type":"PropertyValueSpecification","valueRequired":true,"valueName":"search_term_string"}}],"inLanguage":"fr-FR"},{"@type":"Organization","@id":"https:\/\/maderoterapiaonline.org\/fr\/#organization","name":"Maderoterapia Est\u00e9tica Espa\u00f1a \u2013 Dori L\u00f3pez\u00ae y Escuela Profesional Maderoterapia Online\u00ae.","url":"https:\/\/maderoterapiaonline.org\/fr\/","logo":{"@type":"ImageObject","inLanguage":"fr-FR","@id":"https:\/\/maderoterapiaonline.org\/fr\/#\/schema\/logo\/image\/","url":"https:\/\/maderoterapiaonline.org\/wp-content\/uploads\/2025\/03\/Logo-M-1.png","contentUrl":"https:\/\/maderoterapiaonline.org\/wp-content\/uploads\/2025\/03\/Logo-M-1.png","width":1464,"height":1051,"caption":"Maderoterapia Est\u00e9tica Espa\u00f1a \u2013 Dori L\u00f3pez\u00ae y Escuela Profesional Maderoterapia Online\u00ae."},"image":{"@id":"https:\/\/maderoterapiaonline.org\/fr\/#\/schema\/logo\/image\/"}}]}},"_links":{"self":[{"href":"https:\/\/maderoterapiaonline.org\/fr\/wp-json\/wp\/v2\/product\/42527","targetHints":{"allow":["GET"]}}],"collection":[{"href":"https:\/\/maderoterapiaonline.org\/fr\/wp-json\/wp\/v2\/product"}],"about":[{"href":"https:\/\/maderoterapiaonline.org\/fr\/wp-json\/wp\/v2\/types\/product"}],"replies":[{"embeddable":true,"href":"https:\/\/maderoterapiaonline.org\/fr\/wp-json\/wp\/v2\/comments?post=42527"}],"wp:featuredmedia":[{"embeddable":true,"href":"https:\/\/maderoterapiaonline.org\/fr\/wp-json\/wp\/v2\/media\/41786"}],"wp:attachment":[{"href":"https:\/\/maderoterapiaonline.org\/fr\/wp-json\/wp\/v2\/media?parent=42527"}],"wp:term":[{"taxonomy":"product_brand","embeddable":true,"href":"https:\/\/maderoterapiaonline.org\/fr\/wp-json\/wp\/v2\/product_brand?post=42527"},{"taxonomy":"product_cat","embeddable":true,"href":"https:\/\/maderoterapiaonline.org\/fr\/wp-json\/wp\/v2\/product_cat?post=42527"},{"taxonomy":"product_tag","embeddable":true,"href":"https:\/\/maderoterapiaonline.org\/fr\/wp-json\/wp\/v2\/product_tag?post=42527"}],"curies":[{"name":"wp","href":"https:\/\/api.w.org\/{rel}","templated":true}]}}