{"id":42526,"date":"2023-05-24T05:08:51","date_gmt":"2023-05-24T03:08:51","guid":{"rendered":"https:\/\/maderoterapiaonline.org\/producto\/rouleau-3-cubes-de-maderotherapie\/"},"modified":"2025-03-25T22:30:00","modified_gmt":"2025-03-25T21:30:00","slug":"rouleau-3-cube-de-maderotherapie","status":"publish","type":"product","link":"https:\/\/maderoterapiaonline.org\/fr\/producto\/rouleau-3-cube-de-maderotherapie\/","title":{"rendered":"Rouleau 3 cubes de Maderoth\u00e9rapie"},"content":{"rendered":"<p><strong>Rouleau de 3 cubes<\/strong> pour l&rsquo;application en Maderoth\u00e9rapie, fabriqu\u00e9 en bois de lotus naturel et con\u00e7u pour Maderoterapia Est\u00e9tica Espa\u00f1a\u00ae<\/p>\n<p>Le rouleau de 3 cubes est l&rsquo;un des \u00e9l\u00e9ments les plus puissants utilis\u00e9s en Maderoterapia Est\u00e9tica, car il est utilis\u00e9 pour d\u00e9loger les graisses les plus tenaces, afin de les drainer \u00e0 travers les m\u00e9canismes d&rsquo;\u00e9limination de l&rsquo;organisme. Ce design exclusif est indiqu\u00e9 pour les corps minces et les zones tr\u00e8s r\u00e9duites<\/p>\n<p>Avec le rouleau \u00e0 cubes de Maderoterapia Estetica Espa\u00f1a\u00ae, vous pouvez obtenir les meilleurs r\u00e9sultats avec garantie, sur les zones des mollets, des cuisses, des fesses, de l&rsquo;abdomen, des flancs, du dos et des bras. Sa conception anatomique \u00e0 3 cubes permet d&rsquo;acc\u00e9der aux zones plus r\u00e9duites sans cr\u00e9er d&rsquo;inconfort pour la personne.<\/p>\n<p>&nbsp;<\/p>\n","protected":false},"excerpt":{"rendered":"<p>Obtenez-le d\u00e8s maintenant ! Votre <strong>Rouleau 3 cubes<\/strong> pour l&rsquo;application en Maderoth\u00e9rapie, fabriqu\u00e9 en bois de lotus naturel et con\u00e7u pour Maderoterapia Est\u00e9tica Espa\u00f1a\u00ae<\/p>\n<p>Le rouleau de 3 cubes est l&rsquo;un des \u00e9l\u00e9ments les plus puissants utilis\u00e9s en Maderoterapia Est\u00e9tica, car il est utilis\u00e9 pour d\u00e9loger les graisses les plus tenaces, afin de les drainer \u00e0 travers les m\u00e9canismes d&rsquo;\u00e9limination de l&rsquo;organisme. Ce design exclusif est indiqu\u00e9 pour les corps minces et les zones tr\u00e8s r\u00e9duites<\/p>\n<p>Avec le rouleau \u00e0 cubes de Maderoterapia Estetica Espa\u00f1a\u00ae, vous pouvez obtenir les meilleurs r\u00e9sultats avec garantie, sur les zones des mollets, des cuisses, des fesses, de l&rsquo;abdomen, des flancs, du dos et des bras. Sa conception anatomique \u00e0 3 cubes permet d&rsquo;acc\u00e9der aux zones plus r\u00e9duites sans cr\u00e9er d&rsquo;inconfort pour la personne.<\/p>\n<p>&nbsp;<\/p>\n","protected":false},"featured_media":41801,"comment_status":"closed","ping_status":"closed","template":"","meta":{"content-type":""},"product_brand":[],"product_cat":[387,388],"product_tag":[392],"class_list":{"0":"post-42526","1":"product","2":"type-product","3":"status-publish","4":"has-post-thumbnail","6":"product_cat-elements-en-bois","7":"product_cat-therapie-du-bois","8":"product_tag-therapie-corporelle-au-bois","10":"first","11":"instock","12":"taxable","13":"shipping-taxable","14":"purchasable","15":"product-type-simple"},"yoast_head":"<!-- This site is optimized with the Yoast SEO plugin v27.2 - https:\/\/yoast.com\/product\/yoast-seo-wordpress\/ -->\n<title>Rouleau 3 cubes de Maderoth\u00e9rapie - Maderoterapia Online<\/title>\n<meta name=\"robots\" content=\"index, follow, max-snippet:-1, max-image-preview:large, max-video-preview:-1\" \/>\n<link rel=\"canonical\" href=\"https:\/\/maderoterapiaonline.org\/fr\/producto\/rouleau-3-cube-de-maderotherapie\/\" \/>\n<meta property=\"og:locale\" content=\"fr_FR\" \/>\n<meta property=\"og:type\" content=\"article\" \/>\n<meta property=\"og:title\" content=\"Rouleau 3 cubes de Maderoth\u00e9rapie - Maderoterapia Online\" \/>\n<meta property=\"og:description\" content=\"Obtenez-le d\u00e8s maintenant ! Votre Rouleau 3 cubes pour l&#039;application en Maderoth\u00e9rapie, fabriqu\u00e9 en bois de lotus naturel et con\u00e7u pour Maderoterapia Est\u00e9tica Espa\u00f1a\u00ae Le rouleau de 3 cubes est l&#039;un des \u00e9l\u00e9ments les plus puissants utilis\u00e9s en Maderoterapia Est\u00e9tica, car il est utilis\u00e9 pour d\u00e9loger les graisses les plus tenaces, afin de les drainer \u00e0 travers les m\u00e9canismes d&#039;\u00e9limination de l&#039;organisme. Ce design exclusif est indiqu\u00e9 pour les corps minces et les zones tr\u00e8s r\u00e9duites Avec le rouleau \u00e0 cubes de Maderoterapia Estetica Espa\u00f1a\u00ae, vous pouvez obtenir les meilleurs r\u00e9sultats avec garantie, sur les zones des mollets, des cuisses, des fesses, de l&#039;abdomen, des flancs, du dos et des bras. Sa conception anatomique \u00e0 3 cubes permet d&#039;acc\u00e9der aux zones plus r\u00e9duites sans cr\u00e9er d&#039;inconfort pour la personne. &nbsp;\" \/>\n<meta property=\"og:url\" content=\"https:\/\/maderoterapiaonline.org\/fr\/producto\/rouleau-3-cube-de-maderotherapie\/\" \/>\n<meta property=\"og:site_name\" content=\"Maderoterapia Online\" \/>\n<meta property=\"article:modified_time\" content=\"2025-03-25T21:30:00+00:00\" \/>\n<meta property=\"og:image\" content=\"https:\/\/maderoterapiaonline.org\/wp-content\/uploads\/2023\/05\/Rodillo-de-3-cubos.jpg\" \/>\n\t<meta property=\"og:image:width\" content=\"1300\" \/>\n\t<meta property=\"og:image:height\" content=\"1080\" \/>\n\t<meta property=\"og:image:type\" content=\"image\/jpeg\" \/>\n<meta name=\"twitter:card\" content=\"summary_large_image\" \/>\n<meta name=\"twitter:label1\" content=\"Dur\u00e9e de lecture estim\u00e9e\" \/>\n\t<meta name=\"twitter:data1\" content=\"1 minute\" \/>\n<script type=\"application\/ld+json\" class=\"yoast-schema-graph\">{\"@context\":\"https:\/\/schema.org\",\"@graph\":[{\"@type\":\"WebPage\",\"@id\":\"https:\/\/maderoterapiaonline.org\/fr\/producto\/rouleau-3-cube-de-maderotherapie\/\",\"url\":\"https:\/\/maderoterapiaonline.org\/fr\/producto\/rouleau-3-cube-de-maderotherapie\/\",\"name\":\"Rouleau 3 cubes de Maderoth\u00e9rapie - Maderoterapia Online\",\"isPartOf\":{\"@id\":\"https:\/\/maderoterapiaonline.org\/fr\/#website\"},\"primaryImageOfPage\":{\"@id\":\"https:\/\/maderoterapiaonline.org\/fr\/producto\/rouleau-3-cube-de-maderotherapie\/#primaryimage\"},\"image\":{\"@id\":\"https:\/\/maderoterapiaonline.org\/fr\/producto\/rouleau-3-cube-de-maderotherapie\/#primaryimage\"},\"thumbnailUrl\":\"https:\/\/maderoterapiaonline.org\/wp-content\/uploads\/2023\/05\/Rodillo-de-3-cubos.jpg\",\"datePublished\":\"2023-05-24T03:08:51+00:00\",\"dateModified\":\"2025-03-25T21:30:00+00:00\",\"breadcrumb\":{\"@id\":\"https:\/\/maderoterapiaonline.org\/fr\/producto\/rouleau-3-cube-de-maderotherapie\/#breadcrumb\"},\"inLanguage\":\"fr-FR\",\"potentialAction\":[{\"@type\":\"ReadAction\",\"target\":[\"https:\/\/maderoterapiaonline.org\/fr\/producto\/rouleau-3-cube-de-maderotherapie\/\"]}]},{\"@type\":\"ImageObject\",\"inLanguage\":\"fr-FR\",\"@id\":\"https:\/\/maderoterapiaonline.org\/fr\/producto\/rouleau-3-cube-de-maderotherapie\/#primaryimage\",\"url\":\"https:\/\/maderoterapiaonline.org\/wp-content\/uploads\/2023\/05\/Rodillo-de-3-cubos.jpg\",\"contentUrl\":\"https:\/\/maderoterapiaonline.org\/wp-content\/uploads\/2023\/05\/Rodillo-de-3-cubos.jpg\",\"width\":1300,\"height\":1080,\"caption\":\"Rodillo 3 cubos Maderoterapia\"},{\"@type\":\"BreadcrumbList\",\"@id\":\"https:\/\/maderoterapiaonline.org\/fr\/producto\/rouleau-3-cube-de-maderotherapie\/#breadcrumb\",\"itemListElement\":[{\"@type\":\"ListItem\",\"position\":1,\"name\":\"Portada\",\"item\":\"https:\/\/maderoterapiaonline.org\/fr\/\"},{\"@type\":\"ListItem\",\"position\":2,\"name\":\"Boutique\",\"item\":\"https:\/\/maderoterapiaonline.org\/kits-maderas\/\"},{\"@type\":\"ListItem\",\"position\":3,\"name\":\"Rouleau 3 cubes de Maderoth\u00e9rapie\"}]},{\"@type\":\"WebSite\",\"@id\":\"https:\/\/maderoterapiaonline.org\/fr\/#website\",\"url\":\"https:\/\/maderoterapiaonline.org\/fr\/\",\"name\":\"Maderoterapia Online\",\"description\":\"Compra tu kit de Maderoterapia Profesional. Env\u00edos 24\/48h. Atenci\u00f3n al cliente por profesionales Maderoterapeutas\",\"publisher\":{\"@id\":\"https:\/\/maderoterapiaonline.org\/fr\/#organization\"},\"alternateName\":\"Maderoterapiaonline.org\",\"potentialAction\":[{\"@type\":\"SearchAction\",\"target\":{\"@type\":\"EntryPoint\",\"urlTemplate\":\"https:\/\/maderoterapiaonline.org\/fr\/?s={search_term_string}\"},\"query-input\":{\"@type\":\"PropertyValueSpecification\",\"valueRequired\":true,\"valueName\":\"search_term_string\"}}],\"inLanguage\":\"fr-FR\"},{\"@type\":\"Organization\",\"@id\":\"https:\/\/maderoterapiaonline.org\/fr\/#organization\",\"name\":\"Maderoterapia Est\u00e9tica Espa\u00f1a \u2013 Dori L\u00f3pez\u00ae y Escuela Profesional Maderoterapia Online\u00ae.\",\"url\":\"https:\/\/maderoterapiaonline.org\/fr\/\",\"logo\":{\"@type\":\"ImageObject\",\"inLanguage\":\"fr-FR\",\"@id\":\"https:\/\/maderoterapiaonline.org\/fr\/#\/schema\/logo\/image\/\",\"url\":\"https:\/\/maderoterapiaonline.org\/wp-content\/uploads\/2025\/03\/Logo-M-1.png\",\"contentUrl\":\"https:\/\/maderoterapiaonline.org\/wp-content\/uploads\/2025\/03\/Logo-M-1.png\",\"width\":1464,\"height\":1051,\"caption\":\"Maderoterapia Est\u00e9tica Espa\u00f1a \u2013 Dori L\u00f3pez\u00ae y Escuela Profesional Maderoterapia Online\u00ae.\"},\"image\":{\"@id\":\"https:\/\/maderoterapiaonline.org\/fr\/#\/schema\/logo\/image\/\"}}]}<\/script>\n<!-- \/ Yoast SEO plugin. -->","yoast_head_json":{"title":"Rouleau 3 cubes de Maderoth\u00e9rapie - Maderoterapia Online","robots":{"index":"index","follow":"follow","max-snippet":"max-snippet:-1","max-image-preview":"max-image-preview:large","max-video-preview":"max-video-preview:-1"},"canonical":"https:\/\/maderoterapiaonline.org\/fr\/producto\/rouleau-3-cube-de-maderotherapie\/","og_locale":"fr_FR","og_type":"article","og_title":"Rouleau 3 cubes de Maderoth\u00e9rapie - Maderoterapia Online","og_description":"Obtenez-le d\u00e8s maintenant ! Votre Rouleau 3 cubes pour l'application en Maderoth\u00e9rapie, fabriqu\u00e9 en bois de lotus naturel et con\u00e7u pour Maderoterapia Est\u00e9tica Espa\u00f1a\u00ae Le rouleau de 3 cubes est l'un des \u00e9l\u00e9ments les plus puissants utilis\u00e9s en Maderoterapia Est\u00e9tica, car il est utilis\u00e9 pour d\u00e9loger les graisses les plus tenaces, afin de les drainer \u00e0 travers les m\u00e9canismes d'\u00e9limination de l'organisme. Ce design exclusif est indiqu\u00e9 pour les corps minces et les zones tr\u00e8s r\u00e9duites Avec le rouleau \u00e0 cubes de Maderoterapia Estetica Espa\u00f1a\u00ae, vous pouvez obtenir les meilleurs r\u00e9sultats avec garantie, sur les zones des mollets, des cuisses, des fesses, de l'abdomen, des flancs, du dos et des bras. Sa conception anatomique \u00e0 3 cubes permet d'acc\u00e9der aux zones plus r\u00e9duites sans cr\u00e9er d'inconfort pour la personne. &nbsp;","og_url":"https:\/\/maderoterapiaonline.org\/fr\/producto\/rouleau-3-cube-de-maderotherapie\/","og_site_name":"Maderoterapia Online","article_modified_time":"2025-03-25T21:30:00+00:00","og_image":[{"width":1300,"height":1080,"url":"https:\/\/maderoterapiaonline.org\/wp-content\/uploads\/2023\/05\/Rodillo-de-3-cubos.jpg","type":"image\/jpeg"}],"twitter_card":"summary_large_image","twitter_misc":{"Dur\u00e9e de lecture estim\u00e9e":"1 minute"},"schema":{"@context":"https:\/\/schema.org","@graph":[{"@type":"WebPage","@id":"https:\/\/maderoterapiaonline.org\/fr\/producto\/rouleau-3-cube-de-maderotherapie\/","url":"https:\/\/maderoterapiaonline.org\/fr\/producto\/rouleau-3-cube-de-maderotherapie\/","name":"Rouleau 3 cubes de Maderoth\u00e9rapie - Maderoterapia Online","isPartOf":{"@id":"https:\/\/maderoterapiaonline.org\/fr\/#website"},"primaryImageOfPage":{"@id":"https:\/\/maderoterapiaonline.org\/fr\/producto\/rouleau-3-cube-de-maderotherapie\/#primaryimage"},"image":{"@id":"https:\/\/maderoterapiaonline.org\/fr\/producto\/rouleau-3-cube-de-maderotherapie\/#primaryimage"},"thumbnailUrl":"https:\/\/maderoterapiaonline.org\/wp-content\/uploads\/2023\/05\/Rodillo-de-3-cubos.jpg","datePublished":"2023-05-24T03:08:51+00:00","dateModified":"2025-03-25T21:30:00+00:00","breadcrumb":{"@id":"https:\/\/maderoterapiaonline.org\/fr\/producto\/rouleau-3-cube-de-maderotherapie\/#breadcrumb"},"inLanguage":"fr-FR","potentialAction":[{"@type":"ReadAction","target":["https:\/\/maderoterapiaonline.org\/fr\/producto\/rouleau-3-cube-de-maderotherapie\/"]}]},{"@type":"ImageObject","inLanguage":"fr-FR","@id":"https:\/\/maderoterapiaonline.org\/fr\/producto\/rouleau-3-cube-de-maderotherapie\/#primaryimage","url":"https:\/\/maderoterapiaonline.org\/wp-content\/uploads\/2023\/05\/Rodillo-de-3-cubos.jpg","contentUrl":"https:\/\/maderoterapiaonline.org\/wp-content\/uploads\/2023\/05\/Rodillo-de-3-cubos.jpg","width":1300,"height":1080,"caption":"Rodillo 3 cubos Maderoterapia"},{"@type":"BreadcrumbList","@id":"https:\/\/maderoterapiaonline.org\/fr\/producto\/rouleau-3-cube-de-maderotherapie\/#breadcrumb","itemListElement":[{"@type":"ListItem","position":1,"name":"Portada","item":"https:\/\/maderoterapiaonline.org\/fr\/"},{"@type":"ListItem","position":2,"name":"Boutique","item":"https:\/\/maderoterapiaonline.org\/kits-maderas\/"},{"@type":"ListItem","position":3,"name":"Rouleau 3 cubes de Maderoth\u00e9rapie"}]},{"@type":"WebSite","@id":"https:\/\/maderoterapiaonline.org\/fr\/#website","url":"https:\/\/maderoterapiaonline.org\/fr\/","name":"Maderoterapia Online","description":"Compra tu kit de Maderoterapia Profesional. Env\u00edos 24\/48h. Atenci\u00f3n al cliente por profesionales Maderoterapeutas","publisher":{"@id":"https:\/\/maderoterapiaonline.org\/fr\/#organization"},"alternateName":"Maderoterapiaonline.org","potentialAction":[{"@type":"SearchAction","target":{"@type":"EntryPoint","urlTemplate":"https:\/\/maderoterapiaonline.org\/fr\/?s={search_term_string}"},"query-input":{"@type":"PropertyValueSpecification","valueRequired":true,"valueName":"search_term_string"}}],"inLanguage":"fr-FR"},{"@type":"Organization","@id":"https:\/\/maderoterapiaonline.org\/fr\/#organization","name":"Maderoterapia Est\u00e9tica Espa\u00f1a \u2013 Dori L\u00f3pez\u00ae y Escuela Profesional Maderoterapia Online\u00ae.","url":"https:\/\/maderoterapiaonline.org\/fr\/","logo":{"@type":"ImageObject","inLanguage":"fr-FR","@id":"https:\/\/maderoterapiaonline.org\/fr\/#\/schema\/logo\/image\/","url":"https:\/\/maderoterapiaonline.org\/wp-content\/uploads\/2025\/03\/Logo-M-1.png","contentUrl":"https:\/\/maderoterapiaonline.org\/wp-content\/uploads\/2025\/03\/Logo-M-1.png","width":1464,"height":1051,"caption":"Maderoterapia Est\u00e9tica Espa\u00f1a \u2013 Dori L\u00f3pez\u00ae y Escuela Profesional Maderoterapia Online\u00ae."},"image":{"@id":"https:\/\/maderoterapiaonline.org\/fr\/#\/schema\/logo\/image\/"}}]}},"_links":{"self":[{"href":"https:\/\/maderoterapiaonline.org\/fr\/wp-json\/wp\/v2\/product\/42526","targetHints":{"allow":["GET"]}}],"collection":[{"href":"https:\/\/maderoterapiaonline.org\/fr\/wp-json\/wp\/v2\/product"}],"about":[{"href":"https:\/\/maderoterapiaonline.org\/fr\/wp-json\/wp\/v2\/types\/product"}],"replies":[{"embeddable":true,"href":"https:\/\/maderoterapiaonline.org\/fr\/wp-json\/wp\/v2\/comments?post=42526"}],"wp:featuredmedia":[{"embeddable":true,"href":"https:\/\/maderoterapiaonline.org\/fr\/wp-json\/wp\/v2\/media\/41801"}],"wp:attachment":[{"href":"https:\/\/maderoterapiaonline.org\/fr\/wp-json\/wp\/v2\/media?parent=42526"}],"wp:term":[{"taxonomy":"product_brand","embeddable":true,"href":"https:\/\/maderoterapiaonline.org\/fr\/wp-json\/wp\/v2\/product_brand?post=42526"},{"taxonomy":"product_cat","embeddable":true,"href":"https:\/\/maderoterapiaonline.org\/fr\/wp-json\/wp\/v2\/product_cat?post=42526"},{"taxonomy":"product_tag","embeddable":true,"href":"https:\/\/maderoterapiaonline.org\/fr\/wp-json\/wp\/v2\/product_tag?post=42526"}],"curies":[{"name":"wp","href":"https:\/\/api.w.org\/{rel}","templated":true}]}}