{"id":42525,"date":"2023-05-22T05:08:49","date_gmt":"2023-05-22T03:08:49","guid":{"rendered":"https:\/\/maderoterapiaonline.org\/producto\/mini-coupe-suedoise-de-maderotherapie-faciale\/"},"modified":"2024-06-07T12:00:35","modified_gmt":"2024-06-07T10:00:35","slug":"mini-tasse-suedoise-maderotherapie-visage","status":"publish","type":"product","link":"https:\/\/maderoterapiaonline.org\/fr\/producto\/mini-tasse-suedoise-maderotherapie-visage\/","title":{"rendered":"Mini coupe su\u00e9doise de Maderoth\u00e9rapie faciale"},"content":{"rendered":"<p><iframe loading=\"lazy\" src=\"https:\/\/www.youtube.com\/embed\/xZ4NUqe1JLU\" width=\"560\" height=\"315\" frameborder=\"0\" allowfullscreen=\"allowfullscreen\"><\/iframe><\/p>\n<hr>\n<p><strong>La mini coupe su\u00e9doise<\/strong> de Maderoth\u00e9rapie faciale est fabriqu\u00e9e en bois de lotus naturel et con\u00e7ue par <span style=\"color: #808000;\">Maderoterapia Est\u00e9tica Espa\u00f1a\u00ae<\/span><\/p>\n<p>Avec la mini coupe su\u00e9doise, nous parviendrons \u00e0 soulever et \u00e0 donner forme avec succ\u00e8s \u00e0 n&rsquo;importe quelle partie du visage. Cet \u00e9l\u00e9ment est parfait pour terminer une s\u00e9ance de Maderoth\u00e9rapie faciale.\u00a0\u00bb<\/p>\n<ul>\n<li>Longueur 6 cm<\/li>\n<li> 3 cm de diam\u00e8tre<\/li>\n<\/ul>\n","protected":false},"excerpt":{"rendered":"<p>La mini coupe su\u00e9doise faciale est fabriqu\u00e9e en bois de lotus naturel et con\u00e7ue par Maderoterapia Est\u00e9tica Espa\u00f1a\u00ae<\/p>\n<p>Avec la mini coupe su\u00e9doise, nous parviendrons \u00e0 soulever et \u00e0 donner forme avec succ\u00e8s \u00e0 n&rsquo;importe quelle partie du visage. Cet \u00e9l\u00e9ment est parfait pour terminer une s\u00e9ance de Maderoth\u00e9rapie faciale.\u00a0\u00bb<\/p>\n","protected":false},"featured_media":41529,"comment_status":"closed","ping_status":"closed","template":"","meta":{"content-type":""},"product_brand":[],"product_cat":[387,388],"product_tag":[398,401],"class_list":{"0":"post-42525","1":"product","2":"type-product","3":"status-publish","4":"has-post-thumbnail","6":"product_cat-elements-en-bois","7":"product_cat-therapie-du-bois","8":"product_tag-elements-en-bois","9":"product_tag-mini-copa-sueca-facial-fr","11":"first","12":"instock","13":"taxable","14":"shipping-taxable","15":"purchasable","16":"product-type-simple"},"yoast_head":"<!-- This site is optimized with the Yoast SEO plugin v27.2 - https:\/\/yoast.com\/product\/yoast-seo-wordpress\/ -->\n<title>Mini coupe su\u00e9doise de Maderoth\u00e9rapie faciale - Maderoterapia Online<\/title>\n<meta name=\"robots\" content=\"index, follow, max-snippet:-1, max-image-preview:large, max-video-preview:-1\" \/>\n<link rel=\"canonical\" href=\"https:\/\/maderoterapiaonline.org\/fr\/producto\/mini-tasse-suedoise-maderotherapie-visage\/\" \/>\n<meta property=\"og:locale\" content=\"fr_FR\" \/>\n<meta property=\"og:type\" content=\"article\" \/>\n<meta property=\"og:title\" content=\"Mini coupe su\u00e9doise de Maderoth\u00e9rapie faciale - Maderoterapia Online\" \/>\n<meta property=\"og:description\" content=\"La mini coupe su\u00e9doise faciale est fabriqu\u00e9e en bois de lotus naturel et con\u00e7ue par Maderoterapia Est\u00e9tica Espa\u00f1a\u00ae Avec la mini coupe su\u00e9doise, nous parviendrons \u00e0 soulever et \u00e0 donner forme avec succ\u00e8s \u00e0 n&#039;importe quelle partie du visage. Cet \u00e9l\u00e9ment est parfait pour terminer une s\u00e9ance de Maderoth\u00e9rapie faciale.&quot;\" \/>\n<meta property=\"og:url\" content=\"https:\/\/maderoterapiaonline.org\/fr\/producto\/mini-tasse-suedoise-maderotherapie-visage\/\" \/>\n<meta property=\"og:site_name\" content=\"Maderoterapia Online\" \/>\n<meta property=\"article:modified_time\" content=\"2024-06-07T10:00:35+00:00\" \/>\n<meta property=\"og:image\" content=\"https:\/\/maderoterapiaonline.org\/wp-content\/uploads\/2023\/05\/mini-copa-facial.jpg\" \/>\n\t<meta property=\"og:image:width\" content=\"1080\" \/>\n\t<meta property=\"og:image:height\" content=\"1080\" \/>\n\t<meta property=\"og:image:type\" content=\"image\/jpeg\" \/>\n<meta name=\"twitter:card\" content=\"summary_large_image\" \/>\n<script type=\"application\/ld+json\" class=\"yoast-schema-graph\">{\"@context\":\"https:\/\/schema.org\",\"@graph\":[{\"@type\":\"WebPage\",\"@id\":\"https:\/\/maderoterapiaonline.org\/fr\/producto\/mini-tasse-suedoise-maderotherapie-visage\/\",\"url\":\"https:\/\/maderoterapiaonline.org\/fr\/producto\/mini-tasse-suedoise-maderotherapie-visage\/\",\"name\":\"Mini coupe su\u00e9doise de Maderoth\u00e9rapie faciale - Maderoterapia Online\",\"isPartOf\":{\"@id\":\"https:\/\/maderoterapiaonline.org\/fr\/#website\"},\"primaryImageOfPage\":{\"@id\":\"https:\/\/maderoterapiaonline.org\/fr\/producto\/mini-tasse-suedoise-maderotherapie-visage\/#primaryimage\"},\"image\":{\"@id\":\"https:\/\/maderoterapiaonline.org\/fr\/producto\/mini-tasse-suedoise-maderotherapie-visage\/#primaryimage\"},\"thumbnailUrl\":\"https:\/\/maderoterapiaonline.org\/wp-content\/uploads\/2023\/05\/mini-copa-facial.jpg\",\"datePublished\":\"2023-05-22T03:08:49+00:00\",\"dateModified\":\"2024-06-07T10:00:35+00:00\",\"breadcrumb\":{\"@id\":\"https:\/\/maderoterapiaonline.org\/fr\/producto\/mini-tasse-suedoise-maderotherapie-visage\/#breadcrumb\"},\"inLanguage\":\"fr-FR\",\"potentialAction\":[{\"@type\":\"ReadAction\",\"target\":[\"https:\/\/maderoterapiaonline.org\/fr\/producto\/mini-tasse-suedoise-maderotherapie-visage\/\"]}]},{\"@type\":\"ImageObject\",\"inLanguage\":\"fr-FR\",\"@id\":\"https:\/\/maderoterapiaonline.org\/fr\/producto\/mini-tasse-suedoise-maderotherapie-visage\/#primaryimage\",\"url\":\"https:\/\/maderoterapiaonline.org\/wp-content\/uploads\/2023\/05\/mini-copa-facial.jpg\",\"contentUrl\":\"https:\/\/maderoterapiaonline.org\/wp-content\/uploads\/2023\/05\/mini-copa-facial.jpg\",\"width\":1080,\"height\":1080,\"caption\":\"mini-copa-facial.jpg\"},{\"@type\":\"BreadcrumbList\",\"@id\":\"https:\/\/maderoterapiaonline.org\/fr\/producto\/mini-tasse-suedoise-maderotherapie-visage\/#breadcrumb\",\"itemListElement\":[{\"@type\":\"ListItem\",\"position\":1,\"name\":\"Portada\",\"item\":\"https:\/\/maderoterapiaonline.org\/fr\/\"},{\"@type\":\"ListItem\",\"position\":2,\"name\":\"Boutique\",\"item\":\"https:\/\/maderoterapiaonline.org\/kits-maderas\/\"},{\"@type\":\"ListItem\",\"position\":3,\"name\":\"Mini coupe su\u00e9doise de Maderoth\u00e9rapie faciale\"}]},{\"@type\":\"WebSite\",\"@id\":\"https:\/\/maderoterapiaonline.org\/fr\/#website\",\"url\":\"https:\/\/maderoterapiaonline.org\/fr\/\",\"name\":\"Maderoterapia Online\",\"description\":\"Compra tu kit de Maderoterapia Profesional. Env\u00edos 24\/48h. Atenci\u00f3n al cliente por profesionales Maderoterapeutas\",\"publisher\":{\"@id\":\"https:\/\/maderoterapiaonline.org\/fr\/#organization\"},\"alternateName\":\"Maderoterapiaonline.org\",\"potentialAction\":[{\"@type\":\"SearchAction\",\"target\":{\"@type\":\"EntryPoint\",\"urlTemplate\":\"https:\/\/maderoterapiaonline.org\/fr\/?s={search_term_string}\"},\"query-input\":{\"@type\":\"PropertyValueSpecification\",\"valueRequired\":true,\"valueName\":\"search_term_string\"}}],\"inLanguage\":\"fr-FR\"},{\"@type\":\"Organization\",\"@id\":\"https:\/\/maderoterapiaonline.org\/fr\/#organization\",\"name\":\"Maderoterapia Est\u00e9tica Espa\u00f1a \u2013 Dori L\u00f3pez\u00ae y Escuela Profesional Maderoterapia Online\u00ae.\",\"url\":\"https:\/\/maderoterapiaonline.org\/fr\/\",\"logo\":{\"@type\":\"ImageObject\",\"inLanguage\":\"fr-FR\",\"@id\":\"https:\/\/maderoterapiaonline.org\/fr\/#\/schema\/logo\/image\/\",\"url\":\"https:\/\/maderoterapiaonline.org\/wp-content\/uploads\/2025\/03\/Logo-M-1.png\",\"contentUrl\":\"https:\/\/maderoterapiaonline.org\/wp-content\/uploads\/2025\/03\/Logo-M-1.png\",\"width\":1464,\"height\":1051,\"caption\":\"Maderoterapia Est\u00e9tica Espa\u00f1a \u2013 Dori L\u00f3pez\u00ae y Escuela Profesional Maderoterapia Online\u00ae.\"},\"image\":{\"@id\":\"https:\/\/maderoterapiaonline.org\/fr\/#\/schema\/logo\/image\/\"}}]}<\/script>\n<!-- \/ Yoast SEO plugin. -->","yoast_head_json":{"title":"Mini coupe su\u00e9doise de Maderoth\u00e9rapie faciale - Maderoterapia Online","robots":{"index":"index","follow":"follow","max-snippet":"max-snippet:-1","max-image-preview":"max-image-preview:large","max-video-preview":"max-video-preview:-1"},"canonical":"https:\/\/maderoterapiaonline.org\/fr\/producto\/mini-tasse-suedoise-maderotherapie-visage\/","og_locale":"fr_FR","og_type":"article","og_title":"Mini coupe su\u00e9doise de Maderoth\u00e9rapie faciale - Maderoterapia Online","og_description":"La mini coupe su\u00e9doise faciale est fabriqu\u00e9e en bois de lotus naturel et con\u00e7ue par Maderoterapia Est\u00e9tica Espa\u00f1a\u00ae Avec la mini coupe su\u00e9doise, nous parviendrons \u00e0 soulever et \u00e0 donner forme avec succ\u00e8s \u00e0 n'importe quelle partie du visage. Cet \u00e9l\u00e9ment est parfait pour terminer une s\u00e9ance de Maderoth\u00e9rapie faciale.\"","og_url":"https:\/\/maderoterapiaonline.org\/fr\/producto\/mini-tasse-suedoise-maderotherapie-visage\/","og_site_name":"Maderoterapia Online","article_modified_time":"2024-06-07T10:00:35+00:00","og_image":[{"width":1080,"height":1080,"url":"https:\/\/maderoterapiaonline.org\/wp-content\/uploads\/2023\/05\/mini-copa-facial.jpg","type":"image\/jpeg"}],"twitter_card":"summary_large_image","schema":{"@context":"https:\/\/schema.org","@graph":[{"@type":"WebPage","@id":"https:\/\/maderoterapiaonline.org\/fr\/producto\/mini-tasse-suedoise-maderotherapie-visage\/","url":"https:\/\/maderoterapiaonline.org\/fr\/producto\/mini-tasse-suedoise-maderotherapie-visage\/","name":"Mini coupe su\u00e9doise de Maderoth\u00e9rapie faciale - Maderoterapia Online","isPartOf":{"@id":"https:\/\/maderoterapiaonline.org\/fr\/#website"},"primaryImageOfPage":{"@id":"https:\/\/maderoterapiaonline.org\/fr\/producto\/mini-tasse-suedoise-maderotherapie-visage\/#primaryimage"},"image":{"@id":"https:\/\/maderoterapiaonline.org\/fr\/producto\/mini-tasse-suedoise-maderotherapie-visage\/#primaryimage"},"thumbnailUrl":"https:\/\/maderoterapiaonline.org\/wp-content\/uploads\/2023\/05\/mini-copa-facial.jpg","datePublished":"2023-05-22T03:08:49+00:00","dateModified":"2024-06-07T10:00:35+00:00","breadcrumb":{"@id":"https:\/\/maderoterapiaonline.org\/fr\/producto\/mini-tasse-suedoise-maderotherapie-visage\/#breadcrumb"},"inLanguage":"fr-FR","potentialAction":[{"@type":"ReadAction","target":["https:\/\/maderoterapiaonline.org\/fr\/producto\/mini-tasse-suedoise-maderotherapie-visage\/"]}]},{"@type":"ImageObject","inLanguage":"fr-FR","@id":"https:\/\/maderoterapiaonline.org\/fr\/producto\/mini-tasse-suedoise-maderotherapie-visage\/#primaryimage","url":"https:\/\/maderoterapiaonline.org\/wp-content\/uploads\/2023\/05\/mini-copa-facial.jpg","contentUrl":"https:\/\/maderoterapiaonline.org\/wp-content\/uploads\/2023\/05\/mini-copa-facial.jpg","width":1080,"height":1080,"caption":"mini-copa-facial.jpg"},{"@type":"BreadcrumbList","@id":"https:\/\/maderoterapiaonline.org\/fr\/producto\/mini-tasse-suedoise-maderotherapie-visage\/#breadcrumb","itemListElement":[{"@type":"ListItem","position":1,"name":"Portada","item":"https:\/\/maderoterapiaonline.org\/fr\/"},{"@type":"ListItem","position":2,"name":"Boutique","item":"https:\/\/maderoterapiaonline.org\/kits-maderas\/"},{"@type":"ListItem","position":3,"name":"Mini coupe su\u00e9doise de Maderoth\u00e9rapie faciale"}]},{"@type":"WebSite","@id":"https:\/\/maderoterapiaonline.org\/fr\/#website","url":"https:\/\/maderoterapiaonline.org\/fr\/","name":"Maderoterapia Online","description":"Compra tu kit de Maderoterapia Profesional. Env\u00edos 24\/48h. Atenci\u00f3n al cliente por profesionales Maderoterapeutas","publisher":{"@id":"https:\/\/maderoterapiaonline.org\/fr\/#organization"},"alternateName":"Maderoterapiaonline.org","potentialAction":[{"@type":"SearchAction","target":{"@type":"EntryPoint","urlTemplate":"https:\/\/maderoterapiaonline.org\/fr\/?s={search_term_string}"},"query-input":{"@type":"PropertyValueSpecification","valueRequired":true,"valueName":"search_term_string"}}],"inLanguage":"fr-FR"},{"@type":"Organization","@id":"https:\/\/maderoterapiaonline.org\/fr\/#organization","name":"Maderoterapia Est\u00e9tica Espa\u00f1a \u2013 Dori L\u00f3pez\u00ae y Escuela Profesional Maderoterapia Online\u00ae.","url":"https:\/\/maderoterapiaonline.org\/fr\/","logo":{"@type":"ImageObject","inLanguage":"fr-FR","@id":"https:\/\/maderoterapiaonline.org\/fr\/#\/schema\/logo\/image\/","url":"https:\/\/maderoterapiaonline.org\/wp-content\/uploads\/2025\/03\/Logo-M-1.png","contentUrl":"https:\/\/maderoterapiaonline.org\/wp-content\/uploads\/2025\/03\/Logo-M-1.png","width":1464,"height":1051,"caption":"Maderoterapia Est\u00e9tica Espa\u00f1a \u2013 Dori L\u00f3pez\u00ae y Escuela Profesional Maderoterapia Online\u00ae."},"image":{"@id":"https:\/\/maderoterapiaonline.org\/fr\/#\/schema\/logo\/image\/"}}]}},"_links":{"self":[{"href":"https:\/\/maderoterapiaonline.org\/fr\/wp-json\/wp\/v2\/product\/42525","targetHints":{"allow":["GET"]}}],"collection":[{"href":"https:\/\/maderoterapiaonline.org\/fr\/wp-json\/wp\/v2\/product"}],"about":[{"href":"https:\/\/maderoterapiaonline.org\/fr\/wp-json\/wp\/v2\/types\/product"}],"replies":[{"embeddable":true,"href":"https:\/\/maderoterapiaonline.org\/fr\/wp-json\/wp\/v2\/comments?post=42525"}],"wp:featuredmedia":[{"embeddable":true,"href":"https:\/\/maderoterapiaonline.org\/fr\/wp-json\/wp\/v2\/media\/41529"}],"wp:attachment":[{"href":"https:\/\/maderoterapiaonline.org\/fr\/wp-json\/wp\/v2\/media?parent=42525"}],"wp:term":[{"taxonomy":"product_brand","embeddable":true,"href":"https:\/\/maderoterapiaonline.org\/fr\/wp-json\/wp\/v2\/product_brand?post=42525"},{"taxonomy":"product_cat","embeddable":true,"href":"https:\/\/maderoterapiaonline.org\/fr\/wp-json\/wp\/v2\/product_cat?post=42525"},{"taxonomy":"product_tag","embeddable":true,"href":"https:\/\/maderoterapiaonline.org\/fr\/wp-json\/wp\/v2\/product_tag?post=42525"}],"curies":[{"name":"wp","href":"https:\/\/api.w.org\/{rel}","templated":true}]}}