{"id":42481,"date":"2023-05-16T05:08:45","date_gmt":"2023-05-16T03:08:45","guid":{"rendered":"https:\/\/maderoterapiaonline.org\/producto\/mini-planche-de-modelage-pour-le-visage-en-maderotherapie\/"},"modified":"2025-06-25T09:26:21","modified_gmt":"2025-06-25T07:26:21","slug":"mini-planche-de-modelage-faciale","status":"publish","type":"product","link":"https:\/\/maderoterapiaonline.org\/fr\/producto\/mini-planche-de-modelage-faciale\/","title":{"rendered":"Mini planche de modelage pour le visage en Maderoth\u00e9rapie"},"content":{"rendered":"<p><iframe loading=\"lazy\" src=\"https:\/\/www.youtube.com\/embed\/1TKJv3KLddo\" width=\"560\" height=\"315\" frameborder=\"0\" allowfullscreen=\"allowfullscreen\"><\/iframe><\/p>\n<hr>\n<p><strong>La mini planche de modelage<\/strong> pour le visage en Maderoth\u00e9rapie est fabriqu\u00e9e en bois de lotus naturel et con\u00e7ue par Maderoth\u00e9rapie Esth\u00e9tique Espagne\u00ae<\/p>\n<p>Avec la planche, nous obtiendrons un drainage et un lifting parfaits.<\/p>\n<ul>\n<li>Longueur 6 cm.<\/li>\n<li>Largeur 6 cm.<\/li>\n<\/ul>\n<p>&nbsp;<\/p>\n","protected":false},"excerpt":{"rendered":"<p>La planche Mini facial shaping est fabriqu\u00e9e en bois de lotus naturel et con\u00e7ue par Madero Aesthetic Therapy Spain\u00ae<\/p>\n<p>Avec la planche, nous obtiendrons un drainage et un lifting parfaits, c\u2019est un \u00e9l\u00e9ment en bois essentiel pour le traitement de la th\u00e9rapie faciale Madero.<\/p>\n<p>&nbsp;<\/p>\n","protected":false},"featured_media":41530,"comment_status":"closed","ping_status":"closed","template":"","meta":{"content-type":""},"product_brand":[],"product_cat":[387,388],"product_tag":[398,399],"class_list":{"0":"post-42481","1":"product","2":"type-product","3":"status-publish","4":"has-post-thumbnail","6":"product_cat-elements-en-bois","7":"product_cat-therapie-du-bois","8":"product_tag-elements-en-bois","9":"product_tag-mini-planche-de-modelage-faciale","11":"first","12":"instock","13":"taxable","14":"shipping-taxable","15":"purchasable","16":"product-type-simple"},"yoast_head":"<!-- This site is optimized with the Yoast SEO plugin v27.2 - https:\/\/yoast.com\/product\/yoast-seo-wordpress\/ -->\n<title>Mini planche de modelage pour le visage en Maderoth\u00e9rapie - Maderoterapia Online<\/title>\n<meta name=\"robots\" content=\"index, follow, max-snippet:-1, max-image-preview:large, max-video-preview:-1\" \/>\n<link rel=\"canonical\" href=\"https:\/\/maderoterapiaonline.org\/fr\/producto\/mini-planche-de-modelage-faciale\/\" \/>\n<meta property=\"og:locale\" content=\"fr_FR\" \/>\n<meta property=\"og:type\" content=\"article\" \/>\n<meta property=\"og:title\" content=\"Mini planche de modelage pour le visage en Maderoth\u00e9rapie - Maderoterapia Online\" \/>\n<meta property=\"og:description\" content=\"La planche Mini facial shaping est fabriqu\u00e9e en bois de lotus naturel et con\u00e7ue par Madero Aesthetic Therapy Spain\u00ae Avec la planche, nous obtiendrons un drainage et un lifting parfaits, c\u2019est un \u00e9l\u00e9ment en bois essentiel pour le traitement de la th\u00e9rapie faciale Madero. &nbsp;\" \/>\n<meta property=\"og:url\" content=\"https:\/\/maderoterapiaonline.org\/fr\/producto\/mini-planche-de-modelage-faciale\/\" \/>\n<meta property=\"og:site_name\" content=\"Maderoterapia Online\" \/>\n<meta property=\"article:modified_time\" content=\"2025-06-25T07:26:21+00:00\" \/>\n<meta property=\"og:image\" content=\"https:\/\/maderoterapiaonline.org\/wp-content\/uploads\/2023\/05\/mini-tabla-facial-1.jpg\" \/>\n\t<meta property=\"og:image:width\" content=\"1080\" \/>\n\t<meta property=\"og:image:height\" content=\"1080\" \/>\n\t<meta property=\"og:image:type\" content=\"image\/jpeg\" \/>\n<meta name=\"twitter:card\" content=\"summary_large_image\" \/>\n<script type=\"application\/ld+json\" class=\"yoast-schema-graph\">{\"@context\":\"https:\/\/schema.org\",\"@graph\":[{\"@type\":\"WebPage\",\"@id\":\"https:\/\/maderoterapiaonline.org\/fr\/producto\/mini-planche-de-modelage-faciale\/\",\"url\":\"https:\/\/maderoterapiaonline.org\/fr\/producto\/mini-planche-de-modelage-faciale\/\",\"name\":\"Mini planche de modelage pour le visage en Maderoth\u00e9rapie - Maderoterapia Online\",\"isPartOf\":{\"@id\":\"https:\/\/maderoterapiaonline.org\/fr\/#website\"},\"primaryImageOfPage\":{\"@id\":\"https:\/\/maderoterapiaonline.org\/fr\/producto\/mini-planche-de-modelage-faciale\/#primaryimage\"},\"image\":{\"@id\":\"https:\/\/maderoterapiaonline.org\/fr\/producto\/mini-planche-de-modelage-faciale\/#primaryimage\"},\"thumbnailUrl\":\"https:\/\/maderoterapiaonline.org\/wp-content\/uploads\/2023\/05\/mini-tabla-facial-1.jpg\",\"datePublished\":\"2023-05-16T03:08:45+00:00\",\"dateModified\":\"2025-06-25T07:26:21+00:00\",\"breadcrumb\":{\"@id\":\"https:\/\/maderoterapiaonline.org\/fr\/producto\/mini-planche-de-modelage-faciale\/#breadcrumb\"},\"inLanguage\":\"fr-FR\",\"potentialAction\":[{\"@type\":\"ReadAction\",\"target\":[\"https:\/\/maderoterapiaonline.org\/fr\/producto\/mini-planche-de-modelage-faciale\/\"]}]},{\"@type\":\"ImageObject\",\"inLanguage\":\"fr-FR\",\"@id\":\"https:\/\/maderoterapiaonline.org\/fr\/producto\/mini-planche-de-modelage-faciale\/#primaryimage\",\"url\":\"https:\/\/maderoterapiaonline.org\/wp-content\/uploads\/2023\/05\/mini-tabla-facial-1.jpg\",\"contentUrl\":\"https:\/\/maderoterapiaonline.org\/wp-content\/uploads\/2023\/05\/mini-tabla-facial-1.jpg\",\"width\":1080,\"height\":1080,\"caption\":\"mini-tabla-facial-1.jpg\"},{\"@type\":\"BreadcrumbList\",\"@id\":\"https:\/\/maderoterapiaonline.org\/fr\/producto\/mini-planche-de-modelage-faciale\/#breadcrumb\",\"itemListElement\":[{\"@type\":\"ListItem\",\"position\":1,\"name\":\"Portada\",\"item\":\"https:\/\/maderoterapiaonline.org\/fr\/\"},{\"@type\":\"ListItem\",\"position\":2,\"name\":\"Boutique\",\"item\":\"https:\/\/maderoterapiaonline.org\/kits-maderas\/\"},{\"@type\":\"ListItem\",\"position\":3,\"name\":\"Mini planche de modelage pour le visage en Maderoth\u00e9rapie\"}]},{\"@type\":\"WebSite\",\"@id\":\"https:\/\/maderoterapiaonline.org\/fr\/#website\",\"url\":\"https:\/\/maderoterapiaonline.org\/fr\/\",\"name\":\"Maderoterapia Online\",\"description\":\"Compra tu kit de Maderoterapia Profesional. Env\u00edos 24\/48h. Atenci\u00f3n al cliente por profesionales Maderoterapeutas\",\"publisher\":{\"@id\":\"https:\/\/maderoterapiaonline.org\/fr\/#organization\"},\"alternateName\":\"Maderoterapiaonline.org\",\"potentialAction\":[{\"@type\":\"SearchAction\",\"target\":{\"@type\":\"EntryPoint\",\"urlTemplate\":\"https:\/\/maderoterapiaonline.org\/fr\/?s={search_term_string}\"},\"query-input\":{\"@type\":\"PropertyValueSpecification\",\"valueRequired\":true,\"valueName\":\"search_term_string\"}}],\"inLanguage\":\"fr-FR\"},{\"@type\":\"Organization\",\"@id\":\"https:\/\/maderoterapiaonline.org\/fr\/#organization\",\"name\":\"Maderoterapia Est\u00e9tica Espa\u00f1a \u2013 Dori L\u00f3pez\u00ae y Escuela Profesional Maderoterapia Online\u00ae.\",\"url\":\"https:\/\/maderoterapiaonline.org\/fr\/\",\"logo\":{\"@type\":\"ImageObject\",\"inLanguage\":\"fr-FR\",\"@id\":\"https:\/\/maderoterapiaonline.org\/fr\/#\/schema\/logo\/image\/\",\"url\":\"https:\/\/maderoterapiaonline.org\/wp-content\/uploads\/2025\/03\/Logo-M-1.png\",\"contentUrl\":\"https:\/\/maderoterapiaonline.org\/wp-content\/uploads\/2025\/03\/Logo-M-1.png\",\"width\":1464,\"height\":1051,\"caption\":\"Maderoterapia Est\u00e9tica Espa\u00f1a \u2013 Dori L\u00f3pez\u00ae y Escuela Profesional Maderoterapia Online\u00ae.\"},\"image\":{\"@id\":\"https:\/\/maderoterapiaonline.org\/fr\/#\/schema\/logo\/image\/\"}}]}<\/script>\n<!-- \/ Yoast SEO plugin. -->","yoast_head_json":{"title":"Mini planche de modelage pour le visage en Maderoth\u00e9rapie - Maderoterapia Online","robots":{"index":"index","follow":"follow","max-snippet":"max-snippet:-1","max-image-preview":"max-image-preview:large","max-video-preview":"max-video-preview:-1"},"canonical":"https:\/\/maderoterapiaonline.org\/fr\/producto\/mini-planche-de-modelage-faciale\/","og_locale":"fr_FR","og_type":"article","og_title":"Mini planche de modelage pour le visage en Maderoth\u00e9rapie - Maderoterapia Online","og_description":"La planche Mini facial shaping est fabriqu\u00e9e en bois de lotus naturel et con\u00e7ue par Madero Aesthetic Therapy Spain\u00ae Avec la planche, nous obtiendrons un drainage et un lifting parfaits, c\u2019est un \u00e9l\u00e9ment en bois essentiel pour le traitement de la th\u00e9rapie faciale Madero. &nbsp;","og_url":"https:\/\/maderoterapiaonline.org\/fr\/producto\/mini-planche-de-modelage-faciale\/","og_site_name":"Maderoterapia Online","article_modified_time":"2025-06-25T07:26:21+00:00","og_image":[{"width":1080,"height":1080,"url":"https:\/\/maderoterapiaonline.org\/wp-content\/uploads\/2023\/05\/mini-tabla-facial-1.jpg","type":"image\/jpeg"}],"twitter_card":"summary_large_image","schema":{"@context":"https:\/\/schema.org","@graph":[{"@type":"WebPage","@id":"https:\/\/maderoterapiaonline.org\/fr\/producto\/mini-planche-de-modelage-faciale\/","url":"https:\/\/maderoterapiaonline.org\/fr\/producto\/mini-planche-de-modelage-faciale\/","name":"Mini planche de modelage pour le visage en Maderoth\u00e9rapie - Maderoterapia Online","isPartOf":{"@id":"https:\/\/maderoterapiaonline.org\/fr\/#website"},"primaryImageOfPage":{"@id":"https:\/\/maderoterapiaonline.org\/fr\/producto\/mini-planche-de-modelage-faciale\/#primaryimage"},"image":{"@id":"https:\/\/maderoterapiaonline.org\/fr\/producto\/mini-planche-de-modelage-faciale\/#primaryimage"},"thumbnailUrl":"https:\/\/maderoterapiaonline.org\/wp-content\/uploads\/2023\/05\/mini-tabla-facial-1.jpg","datePublished":"2023-05-16T03:08:45+00:00","dateModified":"2025-06-25T07:26:21+00:00","breadcrumb":{"@id":"https:\/\/maderoterapiaonline.org\/fr\/producto\/mini-planche-de-modelage-faciale\/#breadcrumb"},"inLanguage":"fr-FR","potentialAction":[{"@type":"ReadAction","target":["https:\/\/maderoterapiaonline.org\/fr\/producto\/mini-planche-de-modelage-faciale\/"]}]},{"@type":"ImageObject","inLanguage":"fr-FR","@id":"https:\/\/maderoterapiaonline.org\/fr\/producto\/mini-planche-de-modelage-faciale\/#primaryimage","url":"https:\/\/maderoterapiaonline.org\/wp-content\/uploads\/2023\/05\/mini-tabla-facial-1.jpg","contentUrl":"https:\/\/maderoterapiaonline.org\/wp-content\/uploads\/2023\/05\/mini-tabla-facial-1.jpg","width":1080,"height":1080,"caption":"mini-tabla-facial-1.jpg"},{"@type":"BreadcrumbList","@id":"https:\/\/maderoterapiaonline.org\/fr\/producto\/mini-planche-de-modelage-faciale\/#breadcrumb","itemListElement":[{"@type":"ListItem","position":1,"name":"Portada","item":"https:\/\/maderoterapiaonline.org\/fr\/"},{"@type":"ListItem","position":2,"name":"Boutique","item":"https:\/\/maderoterapiaonline.org\/kits-maderas\/"},{"@type":"ListItem","position":3,"name":"Mini planche de modelage pour le visage en Maderoth\u00e9rapie"}]},{"@type":"WebSite","@id":"https:\/\/maderoterapiaonline.org\/fr\/#website","url":"https:\/\/maderoterapiaonline.org\/fr\/","name":"Maderoterapia Online","description":"Compra tu kit de Maderoterapia Profesional. Env\u00edos 24\/48h. Atenci\u00f3n al cliente por profesionales Maderoterapeutas","publisher":{"@id":"https:\/\/maderoterapiaonline.org\/fr\/#organization"},"alternateName":"Maderoterapiaonline.org","potentialAction":[{"@type":"SearchAction","target":{"@type":"EntryPoint","urlTemplate":"https:\/\/maderoterapiaonline.org\/fr\/?s={search_term_string}"},"query-input":{"@type":"PropertyValueSpecification","valueRequired":true,"valueName":"search_term_string"}}],"inLanguage":"fr-FR"},{"@type":"Organization","@id":"https:\/\/maderoterapiaonline.org\/fr\/#organization","name":"Maderoterapia Est\u00e9tica Espa\u00f1a \u2013 Dori L\u00f3pez\u00ae y Escuela Profesional Maderoterapia Online\u00ae.","url":"https:\/\/maderoterapiaonline.org\/fr\/","logo":{"@type":"ImageObject","inLanguage":"fr-FR","@id":"https:\/\/maderoterapiaonline.org\/fr\/#\/schema\/logo\/image\/","url":"https:\/\/maderoterapiaonline.org\/wp-content\/uploads\/2025\/03\/Logo-M-1.png","contentUrl":"https:\/\/maderoterapiaonline.org\/wp-content\/uploads\/2025\/03\/Logo-M-1.png","width":1464,"height":1051,"caption":"Maderoterapia Est\u00e9tica Espa\u00f1a \u2013 Dori L\u00f3pez\u00ae y Escuela Profesional Maderoterapia Online\u00ae."},"image":{"@id":"https:\/\/maderoterapiaonline.org\/fr\/#\/schema\/logo\/image\/"}}]}},"_links":{"self":[{"href":"https:\/\/maderoterapiaonline.org\/fr\/wp-json\/wp\/v2\/product\/42481","targetHints":{"allow":["GET"]}}],"collection":[{"href":"https:\/\/maderoterapiaonline.org\/fr\/wp-json\/wp\/v2\/product"}],"about":[{"href":"https:\/\/maderoterapiaonline.org\/fr\/wp-json\/wp\/v2\/types\/product"}],"replies":[{"embeddable":true,"href":"https:\/\/maderoterapiaonline.org\/fr\/wp-json\/wp\/v2\/comments?post=42481"}],"wp:featuredmedia":[{"embeddable":true,"href":"https:\/\/maderoterapiaonline.org\/fr\/wp-json\/wp\/v2\/media\/41530"}],"wp:attachment":[{"href":"https:\/\/maderoterapiaonline.org\/fr\/wp-json\/wp\/v2\/media?parent=42481"}],"wp:term":[{"taxonomy":"product_brand","embeddable":true,"href":"https:\/\/maderoterapiaonline.org\/fr\/wp-json\/wp\/v2\/product_brand?post=42481"},{"taxonomy":"product_cat","embeddable":true,"href":"https:\/\/maderoterapiaonline.org\/fr\/wp-json\/wp\/v2\/product_cat?post=42481"},{"taxonomy":"product_tag","embeddable":true,"href":"https:\/\/maderoterapiaonline.org\/fr\/wp-json\/wp\/v2\/product_tag?post=42481"}],"curies":[{"name":"wp","href":"https:\/\/api.w.org\/{rel}","templated":true}]}}