{"id":42458,"date":"2025-04-25T05:08:50","date_gmt":"2025-04-25T03:08:50","guid":{"rendered":"https:\/\/maderoterapiaonline.org\/producto\/kit-de-therapie-au-bois-de-bust-cours-en-ligne\/"},"modified":"2025-06-12T13:58:29","modified_gmt":"2025-06-12T11:58:29","slug":"kit-de-therapie-du-bois-du-buste-cours-en-ligne","status":"publish","type":"product","link":"https:\/\/maderoterapiaonline.org\/fr\/producto\/kit-de-therapie-du-bois-du-buste-cours-en-ligne\/","title":{"rendered":"Kit de Maderoth\u00e9rapie Buste"},"content":{"rendered":"<p>Pr\u00e9parez-vous pour une r\u00e9volution dans le soin des seins qui vous laissera sans voix ! Pr\u00e9sentation du <strong>nouveau kit Maderoterapia de Busto<\/strong>, une merveille de technologie esth\u00e9tique naturelle qui promet de red\u00e9finir ce que signifie \u00ab soin naturel du buste \u00bb. M\u00e9ticuleusement con\u00e7u par <strong>Maderoterapia Est\u00e9tica Espa\u00f1a\u00ae<\/strong>, cet ensemble change la donne dans l&rsquo;industrie, pr\u00e9parez ces tambours !<\/p>\n<p>\u00bfVos clientes ont envie d\u2019un d\u00e9collet\u00e9 rajeuni? \u00a1Cherchez pas plus loin! \u00a1Avec des mat\u00e9riaux haut de gamme tels que le pin et le <strong>bois de lotus naturel<\/strong>, ce kit n&rsquo;est pas seulement un ensemble d&rsquo;outils ; C&rsquo;est la promesse d&rsquo;une poitrine lift\u00e9e, raffermie, tonique et galb\u00e9e, sans avoir besoin de passer sous le bistouri! Oui, tu l&rsquo;as bien lu.<\/p>\n<p>Mais attendez, il y a plus ! Chaque pi\u00e8ce est <strong>con\u00e7ue anatomiquement<\/strong> pour s&rsquo;adapter parfaitement, offrant un traitement d\u00e9licat mais efficace. Alors dites adieu aux traitements invasifs et bonjour \u00e0 l&rsquo;avenir avec un buste spectaculaire, gr\u00e2ce \u00e0 la magie de la <strong>Maderoth\u00e9rapie<\/strong>! \ud83c\udf1f<\/p>\n<p>&nbsp;<\/p>\n<p><iframe loading=\"lazy\" title=\"Vid\u00e9o YouTube\" src=\"https:\/\/www.youtube.com\/embed\/HbamOzRJwC0?si=zTOn43rx4kp5WfRs\" width=\"560\" height=\"315\" frameborder=\"0\" allowfullscreen=\"allowfullscreen\"><\/iframe> <iframe loading=\"lazy\" title=\"Vid\u00e9o YouTube\" src=\"https:\/\/www.youtube.com\/embed\/C11cli2a6Q4?si=j8PAgi_gAWe1T6kf\" width=\"560\" height=\"315\" frameborder=\"0\" allowfullscreen=\"allowfullscreen\"><\/iframe><\/p>\n","protected":false},"excerpt":{"rendered":"<p><span style=\"color: #ff6600;\"><strong>ATTENTION !<\/strong><\/span> Si vous \u00eates passionn\u00e9 par la Wood Therapy et ses applications esth\u00e9tiques, <strong>vous venez de d\u00e9couvrir le nouveau kit Bust Wood Therapy<\/strong> en bois de pin et lotus naturel, con\u00e7u par Maderoterapia Est\u00e9tica Espa\u00f1a\u00ae pour obtenir les meilleurs r\u00e9sultats.<\/p>\n<p>Le kit Bust Wood Therapy est anatomiquement con\u00e7u pour \u00eatre appliqu\u00e9 sur la zone du buste afin de le soulever, le raffermir, le tonifier et le modeler de mani\u00e8re totalement naturelle.<\/p>\n<p>Contient :<\/p>\n<ul>\n<li>Planche dent\u00e9e.<\/li>\n<li>Rouleau chirurgical.<\/li>\n<li>Coupe su\u00e9doise 5 \u2205<\/li>\n<li>Coupe su\u00e9doise 6 \u2205<\/li>\n<\/ul>\n","protected":false},"featured_media":47687,"comment_status":"closed","ping_status":"closed","template":"","meta":{"content-type":""},"product_brand":[],"product_cat":[385,388],"product_tag":[393],"class_list":{"0":"post-42458","1":"product","2":"type-product","3":"status-publish","4":"has-post-thumbnail","6":"product_cat-kits-de-therapie-par-le-bois","7":"product_cat-therapie-du-bois","8":"product_tag-therapie-par-le-bois-de-brousse","10":"first","11":"instock","12":"sale","13":"taxable","14":"shipping-taxable","15":"purchasable","16":"product-type-simple"},"yoast_head":"<!-- This site is optimized with the Yoast SEO plugin v27.2 - https:\/\/yoast.com\/product\/yoast-seo-wordpress\/ -->\n<title>Kit de Maderoth\u00e9rapie Buste - Maderoterapia Online<\/title>\n<meta name=\"description\" content=\"D\u00e9couvrez la puissance de Maderoterapia avec notre nouveau kit Bust, con\u00e7u par Maderoterapia Est\u00e9tica Espa\u00f1a\u00ae. Liftez, raffermissez, tonifiez et fa\u00e7onnez naturellement avec nos designs innovants !\" \/>\n<meta name=\"robots\" content=\"index, follow, max-snippet:-1, max-image-preview:large, max-video-preview:-1\" \/>\n<link rel=\"canonical\" href=\"https:\/\/maderoterapiaonline.org\/fr\/producto\/kit-de-therapie-du-bois-du-buste-cours-en-ligne\/\" \/>\n<meta property=\"og:locale\" content=\"fr_FR\" \/>\n<meta property=\"og:type\" content=\"article\" \/>\n<meta property=\"og:title\" content=\"Kit de Maderoth\u00e9rapie Buste - Maderoterapia Online\" \/>\n<meta property=\"og:description\" content=\"D\u00e9couvrez la puissance de Maderoterapia avec notre nouveau kit Bust, con\u00e7u par Maderoterapia Est\u00e9tica Espa\u00f1a\u00ae. Liftez, raffermissez, tonifiez et fa\u00e7onnez naturellement avec nos designs innovants !\" \/>\n<meta property=\"og:url\" content=\"https:\/\/maderoterapiaonline.org\/fr\/producto\/kit-de-therapie-du-bois-du-buste-cours-en-ligne\/\" \/>\n<meta property=\"og:site_name\" content=\"Maderoterapia Online\" \/>\n<meta property=\"article:modified_time\" content=\"2025-06-12T11:58:29+00:00\" \/>\n<meta property=\"og:image\" content=\"https:\/\/maderoterapiaonline.org\/wp-content\/uploads\/2025\/03\/Frances-2-3.jpg\" \/>\n\t<meta property=\"og:image:width\" content=\"1080\" \/>\n\t<meta property=\"og:image:height\" content=\"1080\" \/>\n\t<meta property=\"og:image:type\" content=\"image\/jpeg\" \/>\n<meta name=\"twitter:card\" content=\"summary_large_image\" \/>\n<meta name=\"twitter:label1\" content=\"Dur\u00e9e de lecture estim\u00e9e\" \/>\n\t<meta name=\"twitter:data1\" content=\"1 minute\" \/>\n<script type=\"application\/ld+json\" class=\"yoast-schema-graph\">{\"@context\":\"https:\/\/schema.org\",\"@graph\":[{\"@type\":\"WebPage\",\"@id\":\"https:\/\/maderoterapiaonline.org\/fr\/producto\/kit-de-therapie-du-bois-du-buste-cours-en-ligne\/\",\"url\":\"https:\/\/maderoterapiaonline.org\/fr\/producto\/kit-de-therapie-du-bois-du-buste-cours-en-ligne\/\",\"name\":\"Kit de Maderoth\u00e9rapie Buste - Maderoterapia Online\",\"isPartOf\":{\"@id\":\"https:\/\/maderoterapiaonline.org\/fr\/#website\"},\"primaryImageOfPage\":{\"@id\":\"https:\/\/maderoterapiaonline.org\/fr\/producto\/kit-de-therapie-du-bois-du-buste-cours-en-ligne\/#primaryimage\"},\"image\":{\"@id\":\"https:\/\/maderoterapiaonline.org\/fr\/producto\/kit-de-therapie-du-bois-du-buste-cours-en-ligne\/#primaryimage\"},\"thumbnailUrl\":\"https:\/\/maderoterapiaonline.org\/wp-content\/uploads\/2025\/03\/Frances-2-3.jpg\",\"datePublished\":\"2025-04-25T03:08:50+00:00\",\"dateModified\":\"2025-06-12T11:58:29+00:00\",\"description\":\"D\u00e9couvrez la puissance de Maderoterapia avec notre nouveau kit Bust, con\u00e7u par Maderoterapia Est\u00e9tica Espa\u00f1a\u00ae. Liftez, raffermissez, tonifiez et fa\u00e7onnez naturellement avec nos designs innovants !\",\"breadcrumb\":{\"@id\":\"https:\/\/maderoterapiaonline.org\/fr\/producto\/kit-de-therapie-du-bois-du-buste-cours-en-ligne\/#breadcrumb\"},\"inLanguage\":\"fr-FR\",\"potentialAction\":[{\"@type\":\"ReadAction\",\"target\":[\"https:\/\/maderoterapiaonline.org\/fr\/producto\/kit-de-therapie-du-bois-du-buste-cours-en-ligne\/\"]}]},{\"@type\":\"ImageObject\",\"inLanguage\":\"fr-FR\",\"@id\":\"https:\/\/maderoterapiaonline.org\/fr\/producto\/kit-de-therapie-du-bois-du-buste-cours-en-ligne\/#primaryimage\",\"url\":\"https:\/\/maderoterapiaonline.org\/wp-content\/uploads\/2025\/03\/Frances-2-3.jpg\",\"contentUrl\":\"https:\/\/maderoterapiaonline.org\/wp-content\/uploads\/2025\/03\/Frances-2-3.jpg\",\"width\":1080,\"height\":1080,\"caption\":\"Kit Maderoterapia de Busto\"},{\"@type\":\"BreadcrumbList\",\"@id\":\"https:\/\/maderoterapiaonline.org\/fr\/producto\/kit-de-therapie-du-bois-du-buste-cours-en-ligne\/#breadcrumb\",\"itemListElement\":[{\"@type\":\"ListItem\",\"position\":1,\"name\":\"Portada\",\"item\":\"https:\/\/maderoterapiaonline.org\/fr\/\"},{\"@type\":\"ListItem\",\"position\":2,\"name\":\"Boutique\",\"item\":\"https:\/\/maderoterapiaonline.org\/kits-maderas\/\"},{\"@type\":\"ListItem\",\"position\":3,\"name\":\"Kit de Maderoth\u00e9rapie Buste\"}]},{\"@type\":\"WebSite\",\"@id\":\"https:\/\/maderoterapiaonline.org\/fr\/#website\",\"url\":\"https:\/\/maderoterapiaonline.org\/fr\/\",\"name\":\"Maderoterapia Online\",\"description\":\"Compra tu kit de Maderoterapia Profesional. Env\u00edos 24\/48h. Atenci\u00f3n al cliente por profesionales Maderoterapeutas\",\"publisher\":{\"@id\":\"https:\/\/maderoterapiaonline.org\/fr\/#organization\"},\"alternateName\":\"Maderoterapiaonline.org\",\"potentialAction\":[{\"@type\":\"SearchAction\",\"target\":{\"@type\":\"EntryPoint\",\"urlTemplate\":\"https:\/\/maderoterapiaonline.org\/fr\/?s={search_term_string}\"},\"query-input\":{\"@type\":\"PropertyValueSpecification\",\"valueRequired\":true,\"valueName\":\"search_term_string\"}}],\"inLanguage\":\"fr-FR\"},{\"@type\":\"Organization\",\"@id\":\"https:\/\/maderoterapiaonline.org\/fr\/#organization\",\"name\":\"Maderoterapia Est\u00e9tica Espa\u00f1a \u2013 Dori L\u00f3pez\u00ae y Escuela Profesional Maderoterapia Online\u00ae.\",\"url\":\"https:\/\/maderoterapiaonline.org\/fr\/\",\"logo\":{\"@type\":\"ImageObject\",\"inLanguage\":\"fr-FR\",\"@id\":\"https:\/\/maderoterapiaonline.org\/fr\/#\/schema\/logo\/image\/\",\"url\":\"https:\/\/maderoterapiaonline.org\/wp-content\/uploads\/2025\/03\/Logo-M-1.png\",\"contentUrl\":\"https:\/\/maderoterapiaonline.org\/wp-content\/uploads\/2025\/03\/Logo-M-1.png\",\"width\":1464,\"height\":1051,\"caption\":\"Maderoterapia Est\u00e9tica Espa\u00f1a \u2013 Dori L\u00f3pez\u00ae y Escuela Profesional Maderoterapia Online\u00ae.\"},\"image\":{\"@id\":\"https:\/\/maderoterapiaonline.org\/fr\/#\/schema\/logo\/image\/\"}}]}<\/script>\n<!-- \/ Yoast SEO plugin. -->","yoast_head_json":{"title":"Kit de Maderoth\u00e9rapie Buste - Maderoterapia Online","description":"D\u00e9couvrez la puissance de Maderoterapia avec notre nouveau kit Bust, con\u00e7u par Maderoterapia Est\u00e9tica Espa\u00f1a\u00ae. Liftez, raffermissez, tonifiez et fa\u00e7onnez naturellement avec nos designs innovants !","robots":{"index":"index","follow":"follow","max-snippet":"max-snippet:-1","max-image-preview":"max-image-preview:large","max-video-preview":"max-video-preview:-1"},"canonical":"https:\/\/maderoterapiaonline.org\/fr\/producto\/kit-de-therapie-du-bois-du-buste-cours-en-ligne\/","og_locale":"fr_FR","og_type":"article","og_title":"Kit de Maderoth\u00e9rapie Buste - Maderoterapia Online","og_description":"D\u00e9couvrez la puissance de Maderoterapia avec notre nouveau kit Bust, con\u00e7u par Maderoterapia Est\u00e9tica Espa\u00f1a\u00ae. Liftez, raffermissez, tonifiez et fa\u00e7onnez naturellement avec nos designs innovants !","og_url":"https:\/\/maderoterapiaonline.org\/fr\/producto\/kit-de-therapie-du-bois-du-buste-cours-en-ligne\/","og_site_name":"Maderoterapia Online","article_modified_time":"2025-06-12T11:58:29+00:00","og_image":[{"width":1080,"height":1080,"url":"https:\/\/maderoterapiaonline.org\/wp-content\/uploads\/2025\/03\/Frances-2-3.jpg","type":"image\/jpeg"}],"twitter_card":"summary_large_image","twitter_misc":{"Dur\u00e9e de lecture estim\u00e9e":"1 minute"},"schema":{"@context":"https:\/\/schema.org","@graph":[{"@type":"WebPage","@id":"https:\/\/maderoterapiaonline.org\/fr\/producto\/kit-de-therapie-du-bois-du-buste-cours-en-ligne\/","url":"https:\/\/maderoterapiaonline.org\/fr\/producto\/kit-de-therapie-du-bois-du-buste-cours-en-ligne\/","name":"Kit de Maderoth\u00e9rapie Buste - Maderoterapia Online","isPartOf":{"@id":"https:\/\/maderoterapiaonline.org\/fr\/#website"},"primaryImageOfPage":{"@id":"https:\/\/maderoterapiaonline.org\/fr\/producto\/kit-de-therapie-du-bois-du-buste-cours-en-ligne\/#primaryimage"},"image":{"@id":"https:\/\/maderoterapiaonline.org\/fr\/producto\/kit-de-therapie-du-bois-du-buste-cours-en-ligne\/#primaryimage"},"thumbnailUrl":"https:\/\/maderoterapiaonline.org\/wp-content\/uploads\/2025\/03\/Frances-2-3.jpg","datePublished":"2025-04-25T03:08:50+00:00","dateModified":"2025-06-12T11:58:29+00:00","description":"D\u00e9couvrez la puissance de Maderoterapia avec notre nouveau kit Bust, con\u00e7u par Maderoterapia Est\u00e9tica Espa\u00f1a\u00ae. Liftez, raffermissez, tonifiez et fa\u00e7onnez naturellement avec nos designs innovants !","breadcrumb":{"@id":"https:\/\/maderoterapiaonline.org\/fr\/producto\/kit-de-therapie-du-bois-du-buste-cours-en-ligne\/#breadcrumb"},"inLanguage":"fr-FR","potentialAction":[{"@type":"ReadAction","target":["https:\/\/maderoterapiaonline.org\/fr\/producto\/kit-de-therapie-du-bois-du-buste-cours-en-ligne\/"]}]},{"@type":"ImageObject","inLanguage":"fr-FR","@id":"https:\/\/maderoterapiaonline.org\/fr\/producto\/kit-de-therapie-du-bois-du-buste-cours-en-ligne\/#primaryimage","url":"https:\/\/maderoterapiaonline.org\/wp-content\/uploads\/2025\/03\/Frances-2-3.jpg","contentUrl":"https:\/\/maderoterapiaonline.org\/wp-content\/uploads\/2025\/03\/Frances-2-3.jpg","width":1080,"height":1080,"caption":"Kit Maderoterapia de Busto"},{"@type":"BreadcrumbList","@id":"https:\/\/maderoterapiaonline.org\/fr\/producto\/kit-de-therapie-du-bois-du-buste-cours-en-ligne\/#breadcrumb","itemListElement":[{"@type":"ListItem","position":1,"name":"Portada","item":"https:\/\/maderoterapiaonline.org\/fr\/"},{"@type":"ListItem","position":2,"name":"Boutique","item":"https:\/\/maderoterapiaonline.org\/kits-maderas\/"},{"@type":"ListItem","position":3,"name":"Kit de Maderoth\u00e9rapie Buste"}]},{"@type":"WebSite","@id":"https:\/\/maderoterapiaonline.org\/fr\/#website","url":"https:\/\/maderoterapiaonline.org\/fr\/","name":"Maderoterapia Online","description":"Compra tu kit de Maderoterapia Profesional. Env\u00edos 24\/48h. Atenci\u00f3n al cliente por profesionales Maderoterapeutas","publisher":{"@id":"https:\/\/maderoterapiaonline.org\/fr\/#organization"},"alternateName":"Maderoterapiaonline.org","potentialAction":[{"@type":"SearchAction","target":{"@type":"EntryPoint","urlTemplate":"https:\/\/maderoterapiaonline.org\/fr\/?s={search_term_string}"},"query-input":{"@type":"PropertyValueSpecification","valueRequired":true,"valueName":"search_term_string"}}],"inLanguage":"fr-FR"},{"@type":"Organization","@id":"https:\/\/maderoterapiaonline.org\/fr\/#organization","name":"Maderoterapia Est\u00e9tica Espa\u00f1a \u2013 Dori L\u00f3pez\u00ae y Escuela Profesional Maderoterapia Online\u00ae.","url":"https:\/\/maderoterapiaonline.org\/fr\/","logo":{"@type":"ImageObject","inLanguage":"fr-FR","@id":"https:\/\/maderoterapiaonline.org\/fr\/#\/schema\/logo\/image\/","url":"https:\/\/maderoterapiaonline.org\/wp-content\/uploads\/2025\/03\/Logo-M-1.png","contentUrl":"https:\/\/maderoterapiaonline.org\/wp-content\/uploads\/2025\/03\/Logo-M-1.png","width":1464,"height":1051,"caption":"Maderoterapia Est\u00e9tica Espa\u00f1a \u2013 Dori L\u00f3pez\u00ae y Escuela Profesional Maderoterapia Online\u00ae."},"image":{"@id":"https:\/\/maderoterapiaonline.org\/fr\/#\/schema\/logo\/image\/"}}]}},"_links":{"self":[{"href":"https:\/\/maderoterapiaonline.org\/fr\/wp-json\/wp\/v2\/product\/42458","targetHints":{"allow":["GET"]}}],"collection":[{"href":"https:\/\/maderoterapiaonline.org\/fr\/wp-json\/wp\/v2\/product"}],"about":[{"href":"https:\/\/maderoterapiaonline.org\/fr\/wp-json\/wp\/v2\/types\/product"}],"replies":[{"embeddable":true,"href":"https:\/\/maderoterapiaonline.org\/fr\/wp-json\/wp\/v2\/comments?post=42458"}],"wp:featuredmedia":[{"embeddable":true,"href":"https:\/\/maderoterapiaonline.org\/fr\/wp-json\/wp\/v2\/media\/47687"}],"wp:attachment":[{"href":"https:\/\/maderoterapiaonline.org\/fr\/wp-json\/wp\/v2\/media?parent=42458"}],"wp:term":[{"taxonomy":"product_brand","embeddable":true,"href":"https:\/\/maderoterapiaonline.org\/fr\/wp-json\/wp\/v2\/product_brand?post=42458"},{"taxonomy":"product_cat","embeddable":true,"href":"https:\/\/maderoterapiaonline.org\/fr\/wp-json\/wp\/v2\/product_cat?post=42458"},{"taxonomy":"product_tag","embeddable":true,"href":"https:\/\/maderoterapiaonline.org\/fr\/wp-json\/wp\/v2\/product_tag?post=42458"}],"curies":[{"name":"wp","href":"https:\/\/api.w.org\/{rel}","templated":true}]}}